{"id":251700,"date":"2024-05-23T08:37:37","date_gmt":"2024-05-23T06:37:37","guid":{"rendered":"https:\/\/nueva.ledsolintel.com\/product\/04138-plafon-techo-2xe27-13w-ip20-o330-blanco-stig-struhm\/"},"modified":"2024-05-23T08:37:37","modified_gmt":"2024-05-23T06:37:37","slug":"04138-plafon-techo-2xe27-13w-ip20-o330-blanco-stig-struhm","status":"publish","type":"product","link":"https:\/\/ledsolintel.com\/fr\/produit-2\/04138-plafon-techo-2xe27-13w-ip20-o330-blanco-stig-struhm\/","title":{"rendered":"04138 LAMPE DE PLAFOND 2xE27 13W IP20 \u00d8330 BLANC STIG STR\u00dcHM"},"content":{"rendered":"<p>Plafonnier d'int\u00e9rieur pour 2 ampoules E27 non incluses. Id\u00e9al pour l'\u00e9clairage des cuisines et des salons.  Il est recommand\u00e9 pour les appartements en location ou les r\u00e9sidences secondaires car il s'agit d'un produit pratique et \u00e9conomique.<\/p>","protected":false},"excerpt":{"rendered":"<p>Plaf\u00f3n de interior para 2 bombillas E27 no inclu\u00eddas. Ideal para iluminar cocinas, salones. Se recomienda para su uso en pisos de alquiler o segundas viviendas gracias a que es un producto pr\u00e1ctico y econ\u00f3mico.<\/p>","protected":false},"featured_media":251699,"template":"","meta":[],"product_brand":[99455],"product_cat":[99601],"product_tag":[],"class_list":{"0":"post-251700","1":"product","2":"type-product","3":"status-publish","4":"has-post-thumbnail","6":"product_brand-strum","7":"product_cat-gyemo","10":"instock","11":"taxable","12":"shipping-taxable","13":"purchasable","14":"product-type-simple"},"yoast_head":"<!-- This site is optimized with the Yoast SEO plugin v26.6 - https:\/\/yoast.com\/wordpress\/plugins\/seo\/ -->\n<title>04138 PLAFON TECHO 2xE27 13W IP20 \u00d8330 BLANCO STIG STR\u00dcHM - Ledsolintel<\/title>\n<meta name=\"robots\" content=\"index, follow, max-snippet:-1, max-image-preview:large, max-video-preview:-1\" \/>\n<link rel=\"canonical\" href=\"https:\/\/ledsolintel.com\/fr\/produit-2\/04138-plafon-techo-2xe27-13w-ip20-o330-blanco-stig-struhm\/\" \/>\n<meta property=\"og:locale\" content=\"fr_FR\" \/>\n<meta property=\"og:type\" content=\"article\" \/>\n<meta property=\"og:title\" content=\"04138 PLAFON TECHO 2xE27 13W IP20 \u00d8330 BLANCO STIG STR\u00dcHM - Ledsolintel\" \/>\n<meta property=\"og:description\" content=\"Plaf\u00f3n de interior para 2 bombillas E27 no inclu\u00eddas. Ideal para iluminar cocinas, salones. Se recomienda para su uso en pisos de alquiler o segundas viviendas gracias a que es un producto pr\u00e1ctico y econ\u00f3mico.\" \/>\n<meta property=\"og:url\" content=\"https:\/\/ledsolintel.com\/fr\/produit-2\/04138-plafon-techo-2xe27-13w-ip20-o330-blanco-stig-struhm\/\" \/>\n<meta property=\"og:site_name\" content=\"Ledsolintel\" \/>\n<meta property=\"article:publisher\" content=\"http:\/\/www.facebook.com\/webmenaje\" \/>\n<meta property=\"og:image\" content=\"https:\/\/ledsolintel.com\/wp-content\/uploads\/2024\/05\/26962-04138-PLAFON-TECHO-2xE27-13W-IP20-O330-BLANCO-STIG-STRUHM.jpg\" \/>\n\t<meta property=\"og:image:width\" content=\"1\" \/>\n\t<meta property=\"og:image:height\" content=\"1\" \/>\n\t<meta property=\"og:image:type\" content=\"image\/jpeg\" \/>\n<meta name=\"twitter:card\" content=\"summary_large_image\" \/>\n<meta name=\"twitter:site\" content=\"@webmenaje\" \/>\n<script type=\"application\/ld+json\" class=\"yoast-schema-graph\">{\"@context\":\"https:\/\/schema.org\",\"@graph\":[{\"@type\":\"WebPage\",\"@id\":\"https:\/\/ledsolintel.com\/product\/04138-plafon-techo-2xe27-13w-ip20-o330-blanco-stig-struhm\/\",\"url\":\"https:\/\/ledsolintel.com\/product\/04138-plafon-techo-2xe27-13w-ip20-o330-blanco-stig-struhm\/\",\"name\":\"04138 PLAFON TECHO 2xE27 13W IP20 \u00d8330 BLANCO STIG STR\u00dcHM - Ledsolintel\",\"isPartOf\":{\"@id\":\"https:\/\/ledsolintel.com\/#website\"},\"primaryImageOfPage\":{\"@id\":\"https:\/\/ledsolintel.com\/product\/04138-plafon-techo-2xe27-13w-ip20-o330-blanco-stig-struhm\/#primaryimage\"},\"image\":{\"@id\":\"https:\/\/ledsolintel.com\/product\/04138-plafon-techo-2xe27-13w-ip20-o330-blanco-stig-struhm\/#primaryimage\"},\"thumbnailUrl\":\"https:\/\/ledsolintel.com\/wp-content\/uploads\/2024\/05\/26962-04138-PLAFON-TECHO-2xE27-13W-IP20-O330-BLANCO-STIG-STRUHM.jpg\",\"datePublished\":\"2024-05-23T06:37:37+00:00\",\"breadcrumb\":{\"@id\":\"https:\/\/ledsolintel.com\/product\/04138-plafon-techo-2xe27-13w-ip20-o330-blanco-stig-struhm\/#breadcrumb\"},\"inLanguage\":\"fr-FR\",\"potentialAction\":[{\"@type\":\"ReadAction\",\"target\":[\"https:\/\/ledsolintel.com\/product\/04138-plafon-techo-2xe27-13w-ip20-o330-blanco-stig-struhm\/\"]}]},{\"@type\":\"ImageObject\",\"inLanguage\":\"fr-FR\",\"@id\":\"https:\/\/ledsolintel.com\/product\/04138-plafon-techo-2xe27-13w-ip20-o330-blanco-stig-struhm\/#primaryimage\",\"url\":\"https:\/\/ledsolintel.com\/wp-content\/uploads\/2024\/05\/26962-04138-PLAFON-TECHO-2xE27-13W-IP20-O330-BLANCO-STIG-STRUHM.jpg\",\"contentUrl\":\"https:\/\/ledsolintel.com\/wp-content\/uploads\/2024\/05\/26962-04138-PLAFON-TECHO-2xE27-13W-IP20-O330-BLANCO-STIG-STRUHM.jpg\",\"caption\":\"04138 PLAFON TECHO 2xE27 13W IP20 \u00d8330 BLANCO STIG STR\u00dcHM\"},{\"@type\":\"BreadcrumbList\",\"@id\":\"https:\/\/ledsolintel.com\/product\/04138-plafon-techo-2xe27-13w-ip20-o330-blanco-stig-struhm\/#breadcrumb\",\"itemListElement\":[{\"@type\":\"ListItem\",\"position\":1,\"name\":\"Portada\",\"item\":\"https:\/\/ledsolintel.com\/fr\/\"},{\"@type\":\"ListItem\",\"position\":2,\"name\":\"Tienda\",\"item\":\"https:\/\/ledsolintel.com\/tienda\/\"},{\"@type\":\"ListItem\",\"position\":3,\"name\":\"04138 PLAFON TECHO 2xE27 13W IP20 \u00d8330 BLANCO STIG STR\u00dcHM\"}]},{\"@type\":\"WebSite\",\"@id\":\"https:\/\/ledsolintel.com\/#website\",\"url\":\"https:\/\/ledsolintel.com\/\",\"name\":\"Webmenaje\",\"description\":\"Tienda de bombillas y l\u00e1mparas LED para profesionales\",\"publisher\":{\"@id\":\"https:\/\/ledsolintel.com\/#organization\"},\"potentialAction\":[{\"@type\":\"SearchAction\",\"target\":{\"@type\":\"EntryPoint\",\"urlTemplate\":\"https:\/\/ledsolintel.com\/?s={search_term_string}\"},\"query-input\":{\"@type\":\"PropertyValueSpecification\",\"valueRequired\":true,\"valueName\":\"search_term_string\"}}],\"inLanguage\":\"fr-FR\"},{\"@type\":\"Organization\",\"@id\":\"https:\/\/ledsolintel.com\/#organization\",\"name\":\"Solintel Noroeste, S.L.\",\"url\":\"https:\/\/ledsolintel.com\/\",\"logo\":{\"@type\":\"ImageObject\",\"inLanguage\":\"fr-FR\",\"@id\":\"https:\/\/ledsolintel.com\/#\/schema\/logo\/image\/\",\"url\":\"https:\/\/ledsolintel.com\/wp-content\/uploads\/2024\/11\/webmenaje-logo-1508269066.jpg\",\"contentUrl\":\"https:\/\/ledsolintel.com\/wp-content\/uploads\/2024\/11\/webmenaje-logo-1508269066.jpg\",\"width\":370,\"height\":90,\"caption\":\"Solintel Noroeste, S.L.\"},\"image\":{\"@id\":\"https:\/\/ledsolintel.com\/#\/schema\/logo\/image\/\"},\"sameAs\":[\"http:\/\/www.facebook.com\/webmenaje\",\"https:\/\/x.com\/webmenaje\",\"https:\/\/www.youtube.com\/channel\/UCX2KoVoeCG4LocZjUc6LmSQ\",\"http:\/\/www.pinterest.com\/webmenaje\"]}]}<\/script>\n<!-- \/ Yoast SEO plugin. -->","yoast_head_json":{"title":"04138 PLAFON TECHO 2xE27 13W IP20 \u00d8330 BLANCO STIG STR\u00dcHM - Ledsolintel","robots":{"index":"index","follow":"follow","max-snippet":"max-snippet:-1","max-image-preview":"max-image-preview:large","max-video-preview":"max-video-preview:-1"},"canonical":"https:\/\/ledsolintel.com\/fr\/produit-2\/04138-plafon-techo-2xe27-13w-ip20-o330-blanco-stig-struhm\/","og_locale":"fr_FR","og_type":"article","og_title":"04138 PLAFON TECHO 2xE27 13W IP20 \u00d8330 BLANCO STIG STR\u00dcHM - Ledsolintel","og_description":"Plaf\u00f3n de interior para 2 bombillas E27 no inclu\u00eddas. Ideal para iluminar cocinas, salones. Se recomienda para su uso en pisos de alquiler o segundas viviendas gracias a que es un producto pr\u00e1ctico y econ\u00f3mico.","og_url":"https:\/\/ledsolintel.com\/fr\/produit-2\/04138-plafon-techo-2xe27-13w-ip20-o330-blanco-stig-struhm\/","og_site_name":"Ledsolintel","article_publisher":"http:\/\/www.facebook.com\/webmenaje","og_image":[{"url":"https:\/\/ledsolintel.com\/wp-content\/uploads\/2024\/05\/26962-04138-PLAFON-TECHO-2xE27-13W-IP20-O330-BLANCO-STIG-STRUHM.jpg","width":1,"height":1,"type":"image\/jpeg"}],"twitter_card":"summary_large_image","twitter_site":"@webmenaje","schema":{"@context":"https:\/\/schema.org","@graph":[{"@type":"WebPage","@id":"https:\/\/ledsolintel.com\/product\/04138-plafon-techo-2xe27-13w-ip20-o330-blanco-stig-struhm\/","url":"https:\/\/ledsolintel.com\/product\/04138-plafon-techo-2xe27-13w-ip20-o330-blanco-stig-struhm\/","name":"04138 PLAFON TECHO 2xE27 13W IP20 \u00d8330 BLANCO STIG STR\u00dcHM - Ledsolintel","isPartOf":{"@id":"https:\/\/ledsolintel.com\/#website"},"primaryImageOfPage":{"@id":"https:\/\/ledsolintel.com\/product\/04138-plafon-techo-2xe27-13w-ip20-o330-blanco-stig-struhm\/#primaryimage"},"image":{"@id":"https:\/\/ledsolintel.com\/product\/04138-plafon-techo-2xe27-13w-ip20-o330-blanco-stig-struhm\/#primaryimage"},"thumbnailUrl":"https:\/\/ledsolintel.com\/wp-content\/uploads\/2024\/05\/26962-04138-PLAFON-TECHO-2xE27-13W-IP20-O330-BLANCO-STIG-STRUHM.jpg","datePublished":"2024-05-23T06:37:37+00:00","breadcrumb":{"@id":"https:\/\/ledsolintel.com\/product\/04138-plafon-techo-2xe27-13w-ip20-o330-blanco-stig-struhm\/#breadcrumb"},"inLanguage":"fr-FR","potentialAction":[{"@type":"ReadAction","target":["https:\/\/ledsolintel.com\/product\/04138-plafon-techo-2xe27-13w-ip20-o330-blanco-stig-struhm\/"]}]},{"@type":"ImageObject","inLanguage":"fr-FR","@id":"https:\/\/ledsolintel.com\/product\/04138-plafon-techo-2xe27-13w-ip20-o330-blanco-stig-struhm\/#primaryimage","url":"https:\/\/ledsolintel.com\/wp-content\/uploads\/2024\/05\/26962-04138-PLAFON-TECHO-2xE27-13W-IP20-O330-BLANCO-STIG-STRUHM.jpg","contentUrl":"https:\/\/ledsolintel.com\/wp-content\/uploads\/2024\/05\/26962-04138-PLAFON-TECHO-2xE27-13W-IP20-O330-BLANCO-STIG-STRUHM.jpg","caption":"04138 PLAFON TECHO 2xE27 13W IP20 \u00d8330 BLANCO STIG STR\u00dcHM"},{"@type":"BreadcrumbList","@id":"https:\/\/ledsolintel.com\/product\/04138-plafon-techo-2xe27-13w-ip20-o330-blanco-stig-struhm\/#breadcrumb","itemListElement":[{"@type":"ListItem","position":1,"name":"Portada","item":"https:\/\/ledsolintel.com\/fr\/"},{"@type":"ListItem","position":2,"name":"Tienda","item":"https:\/\/ledsolintel.com\/tienda\/"},{"@type":"ListItem","position":3,"name":"04138 PLAFON TECHO 2xE27 13W IP20 \u00d8330 BLANCO STIG STR\u00dcHM"}]},{"@type":"WebSite","@id":"https:\/\/ledsolintel.com\/#website","url":"https:\/\/ledsolintel.com\/","name":"Webmenaje","description":"Magasin d'ampoules et de lampes LED pour les professionnels","publisher":{"@id":"https:\/\/ledsolintel.com\/#organization"},"potentialAction":[{"@type":"SearchAction","target":{"@type":"EntryPoint","urlTemplate":"https:\/\/ledsolintel.com\/?s={search_term_string}"},"query-input":{"@type":"PropertyValueSpecification","valueRequired":true,"valueName":"search_term_string"}}],"inLanguage":"fr-FR"},{"@type":"Organization","@id":"https:\/\/ledsolintel.com\/#organization","name":"Solintel Noroeste, S.L.","url":"https:\/\/ledsolintel.com\/","logo":{"@type":"ImageObject","inLanguage":"fr-FR","@id":"https:\/\/ledsolintel.com\/#\/schema\/logo\/image\/","url":"https:\/\/ledsolintel.com\/wp-content\/uploads\/2024\/11\/webmenaje-logo-1508269066.jpg","contentUrl":"https:\/\/ledsolintel.com\/wp-content\/uploads\/2024\/11\/webmenaje-logo-1508269066.jpg","width":370,"height":90,"caption":"Solintel Noroeste, S.L."},"image":{"@id":"https:\/\/ledsolintel.com\/#\/schema\/logo\/image\/"},"sameAs":["http:\/\/www.facebook.com\/webmenaje","https:\/\/x.com\/webmenaje","https:\/\/www.youtube.com\/channel\/UCX2KoVoeCG4LocZjUc6LmSQ","http:\/\/www.pinterest.com\/webmenaje"]}]}},"_links":{"self":[{"href":"https:\/\/ledsolintel.com\/fr\/wp-json\/wp\/v2\/product\/251700","targetHints":{"allow":["GET"]}}],"collection":[{"href":"https:\/\/ledsolintel.com\/fr\/wp-json\/wp\/v2\/product"}],"about":[{"href":"https:\/\/ledsolintel.com\/fr\/wp-json\/wp\/v2\/types\/product"}],"version-history":[{"count":0,"href":"https:\/\/ledsolintel.com\/fr\/wp-json\/wp\/v2\/product\/251700\/revisions"}],"wp:featuredmedia":[{"embeddable":true,"href":"https:\/\/ledsolintel.com\/fr\/wp-json\/wp\/v2\/media\/251699"}],"wp:attachment":[{"href":"https:\/\/ledsolintel.com\/fr\/wp-json\/wp\/v2\/media?parent=251700"}],"wp:term":[{"taxonomy":"product_brand","embeddable":true,"href":"https:\/\/ledsolintel.com\/fr\/wp-json\/wp\/v2\/product_brand?post=251700"},{"taxonomy":"product_cat","embeddable":true,"href":"https:\/\/ledsolintel.com\/fr\/wp-json\/wp\/v2\/product_cat?post=251700"},{"taxonomy":"product_tag","embeddable":true,"href":"https:\/\/ledsolintel.com\/fr\/wp-json\/wp\/v2\/product_tag?post=251700"}],"curies":[{"name":"wp","href":"https:\/\/api.w.org\/{rel}","templated":true}]}}