{"id":251300,"date":"2024-05-23T08:25:03","date_gmt":"2024-05-23T06:25:03","guid":{"rendered":"https:\/\/nueva.ledsolintel.com\/product\/r5073-47-lampara-de-pie-motion-rgb-36w-trio\/"},"modified":"2024-05-23T08:25:03","modified_gmt":"2024-05-23T06:25:03","slug":"r5073-47-lampara-de-pie-motion-rgb-36w-trio","status":"publish","type":"product","link":"https:\/\/ledsolintel.com\/fr\/produit-2\/r5073-47-lampara-de-pie-motion-rgb-36w-trio\/","title":{"rendered":"R5073-47 MOTION RGB FLOOR LAMP 3,6W TRIO"},"content":{"rendered":"<p>Cette lampe SMD int\u00e9gr\u00e9e g\u00e9n\u00e8re des bulles dans votre r\u00e9servoir d'eau int\u00e9rieur, faisant bouger divers poissons rouges en caoutchouc et cr\u00e9ant un effet d'aquarium tr\u00e8s original. La lumi\u00e8re peut \u00eatre choisie entre le rouge, le bleu ou le vert.<\/p>","protected":false},"excerpt":{"rendered":"<p>Cette lampe SMD int\u00e9gr\u00e9e g\u00e9n\u00e8re des bulles dans votre r\u00e9servoir d'eau int\u00e9rieur, faisant bouger divers poissons rouges en caoutchouc et cr\u00e9ant un effet d'aquarium tr\u00e8s original. La lumi\u00e8re peut \u00eatre choisie entre le rouge, le bleu ou le vert.<\/p>","protected":false},"featured_media":251297,"template":"","meta":[],"product_brand":[99467],"product_cat":[99601],"product_tag":[],"class_list":{"0":"post-251300","1":"product","2":"type-product","3":"status-publish","4":"has-post-thumbnail","6":"product_brand-trio-lighting","7":"product_cat-gyemo","10":"instock","11":"taxable","12":"shipping-taxable","13":"purchasable","14":"product-type-simple"},"yoast_head":"<!-- This site is optimized with the Yoast SEO plugin v26.6 - https:\/\/yoast.com\/wordpress\/plugins\/seo\/ -->\n<title>R5073-47 LAMPARA DE PIE MOTION RGB 3,6W TRIO - Ledsolintel<\/title>\n<meta name=\"robots\" content=\"index, follow, max-snippet:-1, max-image-preview:large, max-video-preview:-1\" \/>\n<link rel=\"canonical\" href=\"https:\/\/ledsolintel.com\/fr\/produit-2\/r5073-47-lampara-de-pie-motion-rgb-36w-trio\/\" \/>\n<meta property=\"og:locale\" content=\"fr_FR\" \/>\n<meta property=\"og:type\" content=\"article\" \/>\n<meta property=\"og:title\" content=\"R5073-47 LAMPARA DE PIE MOTION RGB 3,6W TRIO - Ledsolintel\" \/>\n<meta property=\"og:description\" content=\"Esta l\u00e1mpara de SMD integrado, genera burbujas en su tanque de agua interior, moviendo varios peces de colores de goma y generando un efecto acuario muy original. La luz se puede elegir entre roja, azul o verde.\" \/>\n<meta property=\"og:url\" content=\"https:\/\/ledsolintel.com\/fr\/produit-2\/r5073-47-lampara-de-pie-motion-rgb-36w-trio\/\" \/>\n<meta property=\"og:site_name\" content=\"Ledsolintel\" \/>\n<meta property=\"article:publisher\" content=\"http:\/\/www.facebook.com\/webmenaje\" \/>\n<meta property=\"og:image\" content=\"https:\/\/ledsolintel.com\/wp-content\/uploads\/2024\/05\/26509-R5073-47-LAMPARA-DE-PIE-MOTION-RGB-36W-TRIO.jpg\" \/>\n\t<meta property=\"og:image:width\" content=\"1\" \/>\n\t<meta property=\"og:image:height\" content=\"1\" \/>\n\t<meta property=\"og:image:type\" content=\"image\/jpeg\" \/>\n<meta name=\"twitter:card\" content=\"summary_large_image\" \/>\n<meta name=\"twitter:site\" content=\"@webmenaje\" \/>\n<script type=\"application\/ld+json\" class=\"yoast-schema-graph\">{\"@context\":\"https:\/\/schema.org\",\"@graph\":[{\"@type\":\"WebPage\",\"@id\":\"https:\/\/ledsolintel.com\/product\/r5073-47-lampara-de-pie-motion-rgb-36w-trio\/\",\"url\":\"https:\/\/ledsolintel.com\/product\/r5073-47-lampara-de-pie-motion-rgb-36w-trio\/\",\"name\":\"R5073-47 LAMPARA DE PIE MOTION RGB 3,6W TRIO - Ledsolintel\",\"isPartOf\":{\"@id\":\"https:\/\/ledsolintel.com\/#website\"},\"primaryImageOfPage\":{\"@id\":\"https:\/\/ledsolintel.com\/product\/r5073-47-lampara-de-pie-motion-rgb-36w-trio\/#primaryimage\"},\"image\":{\"@id\":\"https:\/\/ledsolintel.com\/product\/r5073-47-lampara-de-pie-motion-rgb-36w-trio\/#primaryimage\"},\"thumbnailUrl\":\"https:\/\/ledsolintel.com\/wp-content\/uploads\/2024\/05\/26509-R5073-47-LAMPARA-DE-PIE-MOTION-RGB-36W-TRIO.jpg\",\"datePublished\":\"2024-05-23T06:25:03+00:00\",\"breadcrumb\":{\"@id\":\"https:\/\/ledsolintel.com\/product\/r5073-47-lampara-de-pie-motion-rgb-36w-trio\/#breadcrumb\"},\"inLanguage\":\"fr-FR\",\"potentialAction\":[{\"@type\":\"ReadAction\",\"target\":[\"https:\/\/ledsolintel.com\/product\/r5073-47-lampara-de-pie-motion-rgb-36w-trio\/\"]}]},{\"@type\":\"ImageObject\",\"inLanguage\":\"fr-FR\",\"@id\":\"https:\/\/ledsolintel.com\/product\/r5073-47-lampara-de-pie-motion-rgb-36w-trio\/#primaryimage\",\"url\":\"https:\/\/ledsolintel.com\/wp-content\/uploads\/2024\/05\/26509-R5073-47-LAMPARA-DE-PIE-MOTION-RGB-36W-TRIO.jpg\",\"contentUrl\":\"https:\/\/ledsolintel.com\/wp-content\/uploads\/2024\/05\/26509-R5073-47-LAMPARA-DE-PIE-MOTION-RGB-36W-TRIO.jpg\",\"caption\":\"R5073-47 LAMPARA DE PIE MOTION RGB 3,6W TRIO\"},{\"@type\":\"BreadcrumbList\",\"@id\":\"https:\/\/ledsolintel.com\/product\/r5073-47-lampara-de-pie-motion-rgb-36w-trio\/#breadcrumb\",\"itemListElement\":[{\"@type\":\"ListItem\",\"position\":1,\"name\":\"Portada\",\"item\":\"https:\/\/ledsolintel.com\/fr\/\"},{\"@type\":\"ListItem\",\"position\":2,\"name\":\"Tienda\",\"item\":\"https:\/\/ledsolintel.com\/tienda\/\"},{\"@type\":\"ListItem\",\"position\":3,\"name\":\"R5073-47 LAMPARA DE PIE MOTION RGB 3,6W TRIO\"}]},{\"@type\":\"WebSite\",\"@id\":\"https:\/\/ledsolintel.com\/#website\",\"url\":\"https:\/\/ledsolintel.com\/\",\"name\":\"Webmenaje\",\"description\":\"Tienda de bombillas y l\u00e1mparas LED para profesionales\",\"publisher\":{\"@id\":\"https:\/\/ledsolintel.com\/#organization\"},\"potentialAction\":[{\"@type\":\"SearchAction\",\"target\":{\"@type\":\"EntryPoint\",\"urlTemplate\":\"https:\/\/ledsolintel.com\/?s={search_term_string}\"},\"query-input\":{\"@type\":\"PropertyValueSpecification\",\"valueRequired\":true,\"valueName\":\"search_term_string\"}}],\"inLanguage\":\"fr-FR\"},{\"@type\":\"Organization\",\"@id\":\"https:\/\/ledsolintel.com\/#organization\",\"name\":\"Solintel Noroeste, S.L.\",\"url\":\"https:\/\/ledsolintel.com\/\",\"logo\":{\"@type\":\"ImageObject\",\"inLanguage\":\"fr-FR\",\"@id\":\"https:\/\/ledsolintel.com\/#\/schema\/logo\/image\/\",\"url\":\"https:\/\/ledsolintel.com\/wp-content\/uploads\/2024\/11\/webmenaje-logo-1508269066.jpg\",\"contentUrl\":\"https:\/\/ledsolintel.com\/wp-content\/uploads\/2024\/11\/webmenaje-logo-1508269066.jpg\",\"width\":370,\"height\":90,\"caption\":\"Solintel Noroeste, S.L.\"},\"image\":{\"@id\":\"https:\/\/ledsolintel.com\/#\/schema\/logo\/image\/\"},\"sameAs\":[\"http:\/\/www.facebook.com\/webmenaje\",\"https:\/\/x.com\/webmenaje\",\"https:\/\/www.youtube.com\/channel\/UCX2KoVoeCG4LocZjUc6LmSQ\",\"http:\/\/www.pinterest.com\/webmenaje\"]}]}<\/script>\n<!-- \/ Yoast SEO plugin. -->","yoast_head_json":{"title":"R5073-47 LAMPARA DE PIE MOTION RGB 3,6W TRIO - Ledsolintel","robots":{"index":"index","follow":"follow","max-snippet":"max-snippet:-1","max-image-preview":"max-image-preview:large","max-video-preview":"max-video-preview:-1"},"canonical":"https:\/\/ledsolintel.com\/fr\/produit-2\/r5073-47-lampara-de-pie-motion-rgb-36w-trio\/","og_locale":"fr_FR","og_type":"article","og_title":"R5073-47 LAMPARA DE PIE MOTION RGB 3,6W TRIO - Ledsolintel","og_description":"Esta l\u00e1mpara de SMD integrado, genera burbujas en su tanque de agua interior, moviendo varios peces de colores de goma y generando un efecto acuario muy original. La luz se puede elegir entre roja, azul o verde.","og_url":"https:\/\/ledsolintel.com\/fr\/produit-2\/r5073-47-lampara-de-pie-motion-rgb-36w-trio\/","og_site_name":"Ledsolintel","article_publisher":"http:\/\/www.facebook.com\/webmenaje","og_image":[{"url":"https:\/\/ledsolintel.com\/wp-content\/uploads\/2024\/05\/26509-R5073-47-LAMPARA-DE-PIE-MOTION-RGB-36W-TRIO.jpg","width":1,"height":1,"type":"image\/jpeg"}],"twitter_card":"summary_large_image","twitter_site":"@webmenaje","schema":{"@context":"https:\/\/schema.org","@graph":[{"@type":"WebPage","@id":"https:\/\/ledsolintel.com\/product\/r5073-47-lampara-de-pie-motion-rgb-36w-trio\/","url":"https:\/\/ledsolintel.com\/product\/r5073-47-lampara-de-pie-motion-rgb-36w-trio\/","name":"R5073-47 LAMPARA DE PIE MOTION RGB 3,6W TRIO - Ledsolintel","isPartOf":{"@id":"https:\/\/ledsolintel.com\/#website"},"primaryImageOfPage":{"@id":"https:\/\/ledsolintel.com\/product\/r5073-47-lampara-de-pie-motion-rgb-36w-trio\/#primaryimage"},"image":{"@id":"https:\/\/ledsolintel.com\/product\/r5073-47-lampara-de-pie-motion-rgb-36w-trio\/#primaryimage"},"thumbnailUrl":"https:\/\/ledsolintel.com\/wp-content\/uploads\/2024\/05\/26509-R5073-47-LAMPARA-DE-PIE-MOTION-RGB-36W-TRIO.jpg","datePublished":"2024-05-23T06:25:03+00:00","breadcrumb":{"@id":"https:\/\/ledsolintel.com\/product\/r5073-47-lampara-de-pie-motion-rgb-36w-trio\/#breadcrumb"},"inLanguage":"fr-FR","potentialAction":[{"@type":"ReadAction","target":["https:\/\/ledsolintel.com\/product\/r5073-47-lampara-de-pie-motion-rgb-36w-trio\/"]}]},{"@type":"ImageObject","inLanguage":"fr-FR","@id":"https:\/\/ledsolintel.com\/product\/r5073-47-lampara-de-pie-motion-rgb-36w-trio\/#primaryimage","url":"https:\/\/ledsolintel.com\/wp-content\/uploads\/2024\/05\/26509-R5073-47-LAMPARA-DE-PIE-MOTION-RGB-36W-TRIO.jpg","contentUrl":"https:\/\/ledsolintel.com\/wp-content\/uploads\/2024\/05\/26509-R5073-47-LAMPARA-DE-PIE-MOTION-RGB-36W-TRIO.jpg","caption":"R5073-47 LAMPARA DE PIE MOTION RGB 3,6W TRIO"},{"@type":"BreadcrumbList","@id":"https:\/\/ledsolintel.com\/product\/r5073-47-lampara-de-pie-motion-rgb-36w-trio\/#breadcrumb","itemListElement":[{"@type":"ListItem","position":1,"name":"Portada","item":"https:\/\/ledsolintel.com\/fr\/"},{"@type":"ListItem","position":2,"name":"Tienda","item":"https:\/\/ledsolintel.com\/tienda\/"},{"@type":"ListItem","position":3,"name":"R5073-47 LAMPARA DE PIE MOTION RGB 3,6W TRIO"}]},{"@type":"WebSite","@id":"https:\/\/ledsolintel.com\/#website","url":"https:\/\/ledsolintel.com\/","name":"Webmenaje","description":"Magasin d'ampoules et de lampes LED pour les professionnels","publisher":{"@id":"https:\/\/ledsolintel.com\/#organization"},"potentialAction":[{"@type":"SearchAction","target":{"@type":"EntryPoint","urlTemplate":"https:\/\/ledsolintel.com\/?s={search_term_string}"},"query-input":{"@type":"PropertyValueSpecification","valueRequired":true,"valueName":"search_term_string"}}],"inLanguage":"fr-FR"},{"@type":"Organization","@id":"https:\/\/ledsolintel.com\/#organization","name":"Solintel Noroeste, S.L.","url":"https:\/\/ledsolintel.com\/","logo":{"@type":"ImageObject","inLanguage":"fr-FR","@id":"https:\/\/ledsolintel.com\/#\/schema\/logo\/image\/","url":"https:\/\/ledsolintel.com\/wp-content\/uploads\/2024\/11\/webmenaje-logo-1508269066.jpg","contentUrl":"https:\/\/ledsolintel.com\/wp-content\/uploads\/2024\/11\/webmenaje-logo-1508269066.jpg","width":370,"height":90,"caption":"Solintel Noroeste, S.L."},"image":{"@id":"https:\/\/ledsolintel.com\/#\/schema\/logo\/image\/"},"sameAs":["http:\/\/www.facebook.com\/webmenaje","https:\/\/x.com\/webmenaje","https:\/\/www.youtube.com\/channel\/UCX2KoVoeCG4LocZjUc6LmSQ","http:\/\/www.pinterest.com\/webmenaje"]}]}},"_links":{"self":[{"href":"https:\/\/ledsolintel.com\/fr\/wp-json\/wp\/v2\/product\/251300","targetHints":{"allow":["GET"]}}],"collection":[{"href":"https:\/\/ledsolintel.com\/fr\/wp-json\/wp\/v2\/product"}],"about":[{"href":"https:\/\/ledsolintel.com\/fr\/wp-json\/wp\/v2\/types\/product"}],"version-history":[{"count":0,"href":"https:\/\/ledsolintel.com\/fr\/wp-json\/wp\/v2\/product\/251300\/revisions"}],"wp:featuredmedia":[{"embeddable":true,"href":"https:\/\/ledsolintel.com\/fr\/wp-json\/wp\/v2\/media\/251297"}],"wp:attachment":[{"href":"https:\/\/ledsolintel.com\/fr\/wp-json\/wp\/v2\/media?parent=251300"}],"wp:term":[{"taxonomy":"product_brand","embeddable":true,"href":"https:\/\/ledsolintel.com\/fr\/wp-json\/wp\/v2\/product_brand?post=251300"},{"taxonomy":"product_cat","embeddable":true,"href":"https:\/\/ledsolintel.com\/fr\/wp-json\/wp\/v2\/product_cat?post=251300"},{"taxonomy":"product_tag","embeddable":true,"href":"https:\/\/ledsolintel.com\/fr\/wp-json\/wp\/v2\/product_tag?post=251300"}],"curies":[{"name":"wp","href":"https:\/\/api.w.org\/{rel}","templated":true}]}}