{"id":251296,"date":"2024-05-23T08:25:03","date_gmt":"2024-05-23T06:25:03","guid":{"rendered":"https:\/\/nueva.ledsolintel.com\/product\/60437-lampara-flexo-sobremesa-led-5w-recargable-dh\/"},"modified":"2024-05-23T08:25:03","modified_gmt":"2024-05-23T06:25:03","slug":"60437-lampara-flexo-sobremesa-led-5w-recargable-dh","status":"publish","type":"product","link":"https:\/\/ledsolintel.com\/fr\/produit-2\/60437-lampara-flexo-sobremesa-led-5w-recargable-dh\/","title":{"rendered":"60.437 LAMPE DE TABLE FLEXO LED 5W RECHARGEABLE DH"},"content":{"rendered":"<p>Por la compra de 12 unidades se presenta en expositor.  Recargable con USB tipo C. Permite seleccionar luz c\u00e1lida o d\u00eda. 3 im\u00e1nes en la base para fijar sobre mesa.<\/p>","protected":false},"excerpt":{"rendered":"<p>Por la compra de 12 unidades se presenta en expositor. Recargable con USB tipo C. Permite seleccionar luz c\u00e1lida o d\u00eda. 3 im\u00e1nes en la base para fijar sobre mesa.<\/p>","protected":false},"featured_media":251295,"template":"","meta":[],"product_brand":[99413],"product_cat":[99601],"product_tag":[],"class_list":{"0":"post-251296","1":"product","2":"type-product","3":"status-publish","4":"has-post-thumbnail","6":"product_brand-electro-dh","7":"product_cat-gyemo","10":"instock","11":"taxable","12":"shipping-taxable","13":"purchasable","14":"product-type-simple"},"yoast_head":"<!-- This site is optimized with the Yoast SEO plugin v26.6 - https:\/\/yoast.com\/wordpress\/plugins\/seo\/ -->\n<title>60.437 LAMPARA FLEXO SOBREMESA LED 5W RECARGABLE DH - Ledsolintel<\/title>\n<meta name=\"robots\" content=\"index, follow, max-snippet:-1, max-image-preview:large, max-video-preview:-1\" \/>\n<link rel=\"canonical\" href=\"https:\/\/ledsolintel.com\/fr\/produit-2\/60437-lampara-flexo-sobremesa-led-5w-recargable-dh\/\" \/>\n<meta property=\"og:locale\" content=\"fr_FR\" \/>\n<meta property=\"og:type\" content=\"article\" \/>\n<meta property=\"og:title\" content=\"60.437 LAMPARA FLEXO SOBREMESA LED 5W RECARGABLE DH - Ledsolintel\" \/>\n<meta property=\"og:description\" content=\"Por la compra de 12 unidades se presenta en expositor. Recargable con USB tipo C. Permite seleccionar luz c\u00e1lida o d\u00eda. 3 im\u00e1nes en la base para fijar sobre mesa.\" \/>\n<meta property=\"og:url\" content=\"https:\/\/ledsolintel.com\/fr\/produit-2\/60437-lampara-flexo-sobremesa-led-5w-recargable-dh\/\" \/>\n<meta property=\"og:site_name\" content=\"Ledsolintel\" \/>\n<meta property=\"article:publisher\" content=\"http:\/\/www.facebook.com\/webmenaje\" \/>\n<meta property=\"og:image\" content=\"https:\/\/ledsolintel.com\/wp-content\/uploads\/2024\/05\/26508-60.437-LAMPARA-FLEXO-SOBREMESA-LED-5W-RECARGABLE-DH.jpg\" \/>\n\t<meta property=\"og:image:width\" content=\"1\" \/>\n\t<meta property=\"og:image:height\" content=\"1\" \/>\n\t<meta property=\"og:image:type\" content=\"image\/jpeg\" \/>\n<meta name=\"twitter:card\" content=\"summary_large_image\" \/>\n<meta name=\"twitter:site\" content=\"@webmenaje\" \/>\n<script type=\"application\/ld+json\" class=\"yoast-schema-graph\">{\"@context\":\"https:\/\/schema.org\",\"@graph\":[{\"@type\":\"WebPage\",\"@id\":\"https:\/\/ledsolintel.com\/product\/60437-lampara-flexo-sobremesa-led-5w-recargable-dh\/\",\"url\":\"https:\/\/ledsolintel.com\/product\/60437-lampara-flexo-sobremesa-led-5w-recargable-dh\/\",\"name\":\"60.437 LAMPARA FLEXO SOBREMESA LED 5W RECARGABLE DH - Ledsolintel\",\"isPartOf\":{\"@id\":\"https:\/\/ledsolintel.com\/#website\"},\"primaryImageOfPage\":{\"@id\":\"https:\/\/ledsolintel.com\/product\/60437-lampara-flexo-sobremesa-led-5w-recargable-dh\/#primaryimage\"},\"image\":{\"@id\":\"https:\/\/ledsolintel.com\/product\/60437-lampara-flexo-sobremesa-led-5w-recargable-dh\/#primaryimage\"},\"thumbnailUrl\":\"https:\/\/ledsolintel.com\/wp-content\/uploads\/2024\/05\/26508-60.437-LAMPARA-FLEXO-SOBREMESA-LED-5W-RECARGABLE-DH.jpg\",\"datePublished\":\"2024-05-23T06:25:03+00:00\",\"breadcrumb\":{\"@id\":\"https:\/\/ledsolintel.com\/product\/60437-lampara-flexo-sobremesa-led-5w-recargable-dh\/#breadcrumb\"},\"inLanguage\":\"fr-FR\",\"potentialAction\":[{\"@type\":\"ReadAction\",\"target\":[\"https:\/\/ledsolintel.com\/product\/60437-lampara-flexo-sobremesa-led-5w-recargable-dh\/\"]}]},{\"@type\":\"ImageObject\",\"inLanguage\":\"fr-FR\",\"@id\":\"https:\/\/ledsolintel.com\/product\/60437-lampara-flexo-sobremesa-led-5w-recargable-dh\/#primaryimage\",\"url\":\"https:\/\/ledsolintel.com\/wp-content\/uploads\/2024\/05\/26508-60.437-LAMPARA-FLEXO-SOBREMESA-LED-5W-RECARGABLE-DH.jpg\",\"contentUrl\":\"https:\/\/ledsolintel.com\/wp-content\/uploads\/2024\/05\/26508-60.437-LAMPARA-FLEXO-SOBREMESA-LED-5W-RECARGABLE-DH.jpg\",\"caption\":\"60.437 LAMPARA FLEXO SOBREMESA LED 5W RECARGABLE DH\"},{\"@type\":\"BreadcrumbList\",\"@id\":\"https:\/\/ledsolintel.com\/product\/60437-lampara-flexo-sobremesa-led-5w-recargable-dh\/#breadcrumb\",\"itemListElement\":[{\"@type\":\"ListItem\",\"position\":1,\"name\":\"Portada\",\"item\":\"https:\/\/ledsolintel.com\/fr\/\"},{\"@type\":\"ListItem\",\"position\":2,\"name\":\"Tienda\",\"item\":\"https:\/\/ledsolintel.com\/tienda\/\"},{\"@type\":\"ListItem\",\"position\":3,\"name\":\"60.437 LAMPARA FLEXO SOBREMESA LED 5W RECARGABLE DH\"}]},{\"@type\":\"WebSite\",\"@id\":\"https:\/\/ledsolintel.com\/#website\",\"url\":\"https:\/\/ledsolintel.com\/\",\"name\":\"Webmenaje\",\"description\":\"Tienda de bombillas y l\u00e1mparas LED para profesionales\",\"publisher\":{\"@id\":\"https:\/\/ledsolintel.com\/#organization\"},\"potentialAction\":[{\"@type\":\"SearchAction\",\"target\":{\"@type\":\"EntryPoint\",\"urlTemplate\":\"https:\/\/ledsolintel.com\/?s={search_term_string}\"},\"query-input\":{\"@type\":\"PropertyValueSpecification\",\"valueRequired\":true,\"valueName\":\"search_term_string\"}}],\"inLanguage\":\"fr-FR\"},{\"@type\":\"Organization\",\"@id\":\"https:\/\/ledsolintel.com\/#organization\",\"name\":\"Solintel Noroeste, S.L.\",\"url\":\"https:\/\/ledsolintel.com\/\",\"logo\":{\"@type\":\"ImageObject\",\"inLanguage\":\"fr-FR\",\"@id\":\"https:\/\/ledsolintel.com\/#\/schema\/logo\/image\/\",\"url\":\"https:\/\/ledsolintel.com\/wp-content\/uploads\/2024\/11\/webmenaje-logo-1508269066.jpg\",\"contentUrl\":\"https:\/\/ledsolintel.com\/wp-content\/uploads\/2024\/11\/webmenaje-logo-1508269066.jpg\",\"width\":370,\"height\":90,\"caption\":\"Solintel Noroeste, S.L.\"},\"image\":{\"@id\":\"https:\/\/ledsolintel.com\/#\/schema\/logo\/image\/\"},\"sameAs\":[\"http:\/\/www.facebook.com\/webmenaje\",\"https:\/\/x.com\/webmenaje\",\"https:\/\/www.youtube.com\/channel\/UCX2KoVoeCG4LocZjUc6LmSQ\",\"http:\/\/www.pinterest.com\/webmenaje\"]}]}<\/script>\n<!-- \/ Yoast SEO plugin. -->","yoast_head_json":{"title":"60.437 LAMPARA FLEXO SOBREMESA LED 5W RECARGABLE DH - Ledsolintel","robots":{"index":"index","follow":"follow","max-snippet":"max-snippet:-1","max-image-preview":"max-image-preview:large","max-video-preview":"max-video-preview:-1"},"canonical":"https:\/\/ledsolintel.com\/fr\/produit-2\/60437-lampara-flexo-sobremesa-led-5w-recargable-dh\/","og_locale":"fr_FR","og_type":"article","og_title":"60.437 LAMPARA FLEXO SOBREMESA LED 5W RECARGABLE DH - Ledsolintel","og_description":"Por la compra de 12 unidades se presenta en expositor. Recargable con USB tipo C. Permite seleccionar luz c\u00e1lida o d\u00eda. 3 im\u00e1nes en la base para fijar sobre mesa.","og_url":"https:\/\/ledsolintel.com\/fr\/produit-2\/60437-lampara-flexo-sobremesa-led-5w-recargable-dh\/","og_site_name":"Ledsolintel","article_publisher":"http:\/\/www.facebook.com\/webmenaje","og_image":[{"url":"https:\/\/ledsolintel.com\/wp-content\/uploads\/2024\/05\/26508-60.437-LAMPARA-FLEXO-SOBREMESA-LED-5W-RECARGABLE-DH.jpg","width":1,"height":1,"type":"image\/jpeg"}],"twitter_card":"summary_large_image","twitter_site":"@webmenaje","schema":{"@context":"https:\/\/schema.org","@graph":[{"@type":"WebPage","@id":"https:\/\/ledsolintel.com\/product\/60437-lampara-flexo-sobremesa-led-5w-recargable-dh\/","url":"https:\/\/ledsolintel.com\/product\/60437-lampara-flexo-sobremesa-led-5w-recargable-dh\/","name":"60.437 LAMPARA FLEXO SOBREMESA LED 5W RECARGABLE DH - Ledsolintel","isPartOf":{"@id":"https:\/\/ledsolintel.com\/#website"},"primaryImageOfPage":{"@id":"https:\/\/ledsolintel.com\/product\/60437-lampara-flexo-sobremesa-led-5w-recargable-dh\/#primaryimage"},"image":{"@id":"https:\/\/ledsolintel.com\/product\/60437-lampara-flexo-sobremesa-led-5w-recargable-dh\/#primaryimage"},"thumbnailUrl":"https:\/\/ledsolintel.com\/wp-content\/uploads\/2024\/05\/26508-60.437-LAMPARA-FLEXO-SOBREMESA-LED-5W-RECARGABLE-DH.jpg","datePublished":"2024-05-23T06:25:03+00:00","breadcrumb":{"@id":"https:\/\/ledsolintel.com\/product\/60437-lampara-flexo-sobremesa-led-5w-recargable-dh\/#breadcrumb"},"inLanguage":"fr-FR","potentialAction":[{"@type":"ReadAction","target":["https:\/\/ledsolintel.com\/product\/60437-lampara-flexo-sobremesa-led-5w-recargable-dh\/"]}]},{"@type":"ImageObject","inLanguage":"fr-FR","@id":"https:\/\/ledsolintel.com\/product\/60437-lampara-flexo-sobremesa-led-5w-recargable-dh\/#primaryimage","url":"https:\/\/ledsolintel.com\/wp-content\/uploads\/2024\/05\/26508-60.437-LAMPARA-FLEXO-SOBREMESA-LED-5W-RECARGABLE-DH.jpg","contentUrl":"https:\/\/ledsolintel.com\/wp-content\/uploads\/2024\/05\/26508-60.437-LAMPARA-FLEXO-SOBREMESA-LED-5W-RECARGABLE-DH.jpg","caption":"60.437 LAMPARA FLEXO SOBREMESA LED 5W RECARGABLE DH"},{"@type":"BreadcrumbList","@id":"https:\/\/ledsolintel.com\/product\/60437-lampara-flexo-sobremesa-led-5w-recargable-dh\/#breadcrumb","itemListElement":[{"@type":"ListItem","position":1,"name":"Portada","item":"https:\/\/ledsolintel.com\/fr\/"},{"@type":"ListItem","position":2,"name":"Tienda","item":"https:\/\/ledsolintel.com\/tienda\/"},{"@type":"ListItem","position":3,"name":"60.437 LAMPARA FLEXO SOBREMESA LED 5W RECARGABLE DH"}]},{"@type":"WebSite","@id":"https:\/\/ledsolintel.com\/#website","url":"https:\/\/ledsolintel.com\/","name":"Webmenaje","description":"Magasin d'ampoules et de lampes LED pour les professionnels","publisher":{"@id":"https:\/\/ledsolintel.com\/#organization"},"potentialAction":[{"@type":"SearchAction","target":{"@type":"EntryPoint","urlTemplate":"https:\/\/ledsolintel.com\/?s={search_term_string}"},"query-input":{"@type":"PropertyValueSpecification","valueRequired":true,"valueName":"search_term_string"}}],"inLanguage":"fr-FR"},{"@type":"Organization","@id":"https:\/\/ledsolintel.com\/#organization","name":"Solintel Noroeste, S.L.","url":"https:\/\/ledsolintel.com\/","logo":{"@type":"ImageObject","inLanguage":"fr-FR","@id":"https:\/\/ledsolintel.com\/#\/schema\/logo\/image\/","url":"https:\/\/ledsolintel.com\/wp-content\/uploads\/2024\/11\/webmenaje-logo-1508269066.jpg","contentUrl":"https:\/\/ledsolintel.com\/wp-content\/uploads\/2024\/11\/webmenaje-logo-1508269066.jpg","width":370,"height":90,"caption":"Solintel Noroeste, S.L."},"image":{"@id":"https:\/\/ledsolintel.com\/#\/schema\/logo\/image\/"},"sameAs":["http:\/\/www.facebook.com\/webmenaje","https:\/\/x.com\/webmenaje","https:\/\/www.youtube.com\/channel\/UCX2KoVoeCG4LocZjUc6LmSQ","http:\/\/www.pinterest.com\/webmenaje"]}]}},"_links":{"self":[{"href":"https:\/\/ledsolintel.com\/fr\/wp-json\/wp\/v2\/product\/251296","targetHints":{"allow":["GET"]}}],"collection":[{"href":"https:\/\/ledsolintel.com\/fr\/wp-json\/wp\/v2\/product"}],"about":[{"href":"https:\/\/ledsolintel.com\/fr\/wp-json\/wp\/v2\/types\/product"}],"version-history":[{"count":0,"href":"https:\/\/ledsolintel.com\/fr\/wp-json\/wp\/v2\/product\/251296\/revisions"}],"wp:featuredmedia":[{"embeddable":true,"href":"https:\/\/ledsolintel.com\/fr\/wp-json\/wp\/v2\/media\/251295"}],"wp:attachment":[{"href":"https:\/\/ledsolintel.com\/fr\/wp-json\/wp\/v2\/media?parent=251296"}],"wp:term":[{"taxonomy":"product_brand","embeddable":true,"href":"https:\/\/ledsolintel.com\/fr\/wp-json\/wp\/v2\/product_brand?post=251296"},{"taxonomy":"product_cat","embeddable":true,"href":"https:\/\/ledsolintel.com\/fr\/wp-json\/wp\/v2\/product_cat?post=251296"},{"taxonomy":"product_tag","embeddable":true,"href":"https:\/\/ledsolintel.com\/fr\/wp-json\/wp\/v2\/product_tag?post=251296"}],"curies":[{"name":"wp","href":"https:\/\/api.w.org\/{rel}","templated":true}]}}