{"id":251083,"date":"2024-05-23T08:25:03","date_gmt":"2024-05-23T06:25:03","guid":{"rendered":"https:\/\/nueva.ledsolintel.com\/product\/203005005-luz-armario-led-180lm-gsc\/"},"modified":"2024-05-23T08:25:03","modified_gmt":"2024-05-23T06:25:03","slug":"203005005-led-cupboard-light-180lm-gsc","status":"publish","type":"product","link":"https:\/\/ledsolintel.com\/fr\/produit-2\/203005005-led-cupboard-light-180lm-gsc\/","title":{"rendered":"203005005 Eclairage d'armoire LED 180Lm GSC"},"content":{"rendered":"<p>L'interrupteur lui-m\u00eame est dot\u00e9 d'une LED Cob int\u00e9gr\u00e9e qui s'allume lorsqu'on appuie dessus.  Tr\u00e8s pratique pour les petits espaces o\u00f9 un point d'\u00e9clairage suppl\u00e9mentaire est n\u00e9cessaire, comme les armoires ou les tiroirs.  Choix de fixation par vis ou par adh\u00e9sif. Pour l'achat<\/p>","protected":false},"excerpt":{"rendered":"<p>L'interrupteur lui-m\u00eame est dot\u00e9 d'une LED Cob int\u00e9gr\u00e9e qui s'allume lorsqu'on appuie dessus. Tr\u00e8s pratique pour les petits espaces o\u00f9 un point d'\u00e9clairage suppl\u00e9mentaire est n\u00e9cessaire, comme les armoires ou les tiroirs. Choix de fixation par vis ou par adh\u00e9sif. Pour l'achat<\/p>","protected":false},"featured_media":251081,"template":"","meta":[],"product_brand":[99397],"product_cat":[99601],"product_tag":[],"class_list":{"0":"post-251083","1":"product","2":"type-product","3":"status-publish","4":"has-post-thumbnail","6":"product_brand-gsc","7":"product_cat-gyemo","10":"instock","11":"taxable","12":"shipping-taxable","13":"purchasable","14":"product-type-simple"},"yoast_head":"<!-- This site is optimized with the Yoast SEO plugin v26.6 - https:\/\/yoast.com\/wordpress\/plugins\/seo\/ -->\n<title>203005005 LUZ ARMARIO LED 180Lm GSC - Ledsolintel<\/title>\n<meta name=\"robots\" content=\"index, follow, max-snippet:-1, max-image-preview:large, max-video-preview:-1\" \/>\n<link rel=\"canonical\" href=\"https:\/\/ledsolintel.com\/fr\/produit-2\/203005005-led-cupboard-light-180lm-gsc\/\" \/>\n<meta property=\"og:locale\" content=\"fr_FR\" \/>\n<meta property=\"og:type\" content=\"article\" \/>\n<meta property=\"og:title\" content=\"203005005 LUZ ARMARIO LED 180Lm GSC - Ledsolintel\" \/>\n<meta property=\"og:description\" content=\"El propio interruptor lleva un Led Cob incorporado, que se enciende al pulsarlo. Muy pr\u00e1ctico para peque\u00f1os espacios donde se necesite un punto de iluminaci\u00f3n extra, como armarios o cajones. A escoger entre montaje de tornillos o adhesivo. Por la compra\" \/>\n<meta property=\"og:url\" content=\"https:\/\/ledsolintel.com\/fr\/produit-2\/203005005-led-cupboard-light-180lm-gsc\/\" \/>\n<meta property=\"og:site_name\" content=\"Ledsolintel\" \/>\n<meta property=\"article:publisher\" content=\"http:\/\/www.facebook.com\/webmenaje\" \/>\n<meta property=\"og:image\" content=\"https:\/\/ledsolintel.com\/wp-content\/uploads\/2024\/05\/26291-203005005-LUZ-ARMARIO-LED-180Lm-GSC.jpg\" \/>\n\t<meta property=\"og:image:width\" content=\"1\" \/>\n\t<meta property=\"og:image:height\" content=\"1\" \/>\n\t<meta property=\"og:image:type\" content=\"image\/jpeg\" \/>\n<meta name=\"twitter:card\" content=\"summary_large_image\" \/>\n<meta name=\"twitter:site\" content=\"@webmenaje\" \/>\n<script type=\"application\/ld+json\" class=\"yoast-schema-graph\">{\"@context\":\"https:\/\/schema.org\",\"@graph\":[{\"@type\":\"WebPage\",\"@id\":\"https:\/\/ledsolintel.com\/product\/203005005-luz-armario-led-180lm-gsc\/\",\"url\":\"https:\/\/ledsolintel.com\/product\/203005005-luz-armario-led-180lm-gsc\/\",\"name\":\"203005005 LUZ ARMARIO LED 180Lm GSC - Ledsolintel\",\"isPartOf\":{\"@id\":\"https:\/\/ledsolintel.com\/#website\"},\"primaryImageOfPage\":{\"@id\":\"https:\/\/ledsolintel.com\/product\/203005005-luz-armario-led-180lm-gsc\/#primaryimage\"},\"image\":{\"@id\":\"https:\/\/ledsolintel.com\/product\/203005005-luz-armario-led-180lm-gsc\/#primaryimage\"},\"thumbnailUrl\":\"https:\/\/ledsolintel.com\/wp-content\/uploads\/2024\/05\/26291-203005005-LUZ-ARMARIO-LED-180Lm-GSC.jpg\",\"datePublished\":\"2024-05-23T06:25:03+00:00\",\"breadcrumb\":{\"@id\":\"https:\/\/ledsolintel.com\/product\/203005005-luz-armario-led-180lm-gsc\/#breadcrumb\"},\"inLanguage\":\"fr-FR\",\"potentialAction\":[{\"@type\":\"ReadAction\",\"target\":[\"https:\/\/ledsolintel.com\/product\/203005005-luz-armario-led-180lm-gsc\/\"]}]},{\"@type\":\"ImageObject\",\"inLanguage\":\"fr-FR\",\"@id\":\"https:\/\/ledsolintel.com\/product\/203005005-luz-armario-led-180lm-gsc\/#primaryimage\",\"url\":\"https:\/\/ledsolintel.com\/wp-content\/uploads\/2024\/05\/26291-203005005-LUZ-ARMARIO-LED-180Lm-GSC.jpg\",\"contentUrl\":\"https:\/\/ledsolintel.com\/wp-content\/uploads\/2024\/05\/26291-203005005-LUZ-ARMARIO-LED-180Lm-GSC.jpg\",\"caption\":\"203005005 LUZ ARMARIO LED 180Lm GSC\"},{\"@type\":\"BreadcrumbList\",\"@id\":\"https:\/\/ledsolintel.com\/product\/203005005-luz-armario-led-180lm-gsc\/#breadcrumb\",\"itemListElement\":[{\"@type\":\"ListItem\",\"position\":1,\"name\":\"Portada\",\"item\":\"https:\/\/ledsolintel.com\/fr\/\"},{\"@type\":\"ListItem\",\"position\":2,\"name\":\"Tienda\",\"item\":\"https:\/\/ledsolintel.com\/tienda\/\"},{\"@type\":\"ListItem\",\"position\":3,\"name\":\"203005005 LUZ ARMARIO LED 180Lm GSC\"}]},{\"@type\":\"WebSite\",\"@id\":\"https:\/\/ledsolintel.com\/#website\",\"url\":\"https:\/\/ledsolintel.com\/\",\"name\":\"Webmenaje\",\"description\":\"Tienda de bombillas y l\u00e1mparas LED para profesionales\",\"publisher\":{\"@id\":\"https:\/\/ledsolintel.com\/#organization\"},\"potentialAction\":[{\"@type\":\"SearchAction\",\"target\":{\"@type\":\"EntryPoint\",\"urlTemplate\":\"https:\/\/ledsolintel.com\/?s={search_term_string}\"},\"query-input\":{\"@type\":\"PropertyValueSpecification\",\"valueRequired\":true,\"valueName\":\"search_term_string\"}}],\"inLanguage\":\"fr-FR\"},{\"@type\":\"Organization\",\"@id\":\"https:\/\/ledsolintel.com\/#organization\",\"name\":\"Solintel Noroeste, S.L.\",\"url\":\"https:\/\/ledsolintel.com\/\",\"logo\":{\"@type\":\"ImageObject\",\"inLanguage\":\"fr-FR\",\"@id\":\"https:\/\/ledsolintel.com\/#\/schema\/logo\/image\/\",\"url\":\"https:\/\/ledsolintel.com\/wp-content\/uploads\/2024\/11\/webmenaje-logo-1508269066.jpg\",\"contentUrl\":\"https:\/\/ledsolintel.com\/wp-content\/uploads\/2024\/11\/webmenaje-logo-1508269066.jpg\",\"width\":370,\"height\":90,\"caption\":\"Solintel Noroeste, S.L.\"},\"image\":{\"@id\":\"https:\/\/ledsolintel.com\/#\/schema\/logo\/image\/\"},\"sameAs\":[\"http:\/\/www.facebook.com\/webmenaje\",\"https:\/\/x.com\/webmenaje\",\"https:\/\/www.youtube.com\/channel\/UCX2KoVoeCG4LocZjUc6LmSQ\",\"http:\/\/www.pinterest.com\/webmenaje\"]}]}<\/script>\n<!-- \/ Yoast SEO plugin. -->","yoast_head_json":{"title":"203005005 Eclairage d'armoire LED 180Lm GSC - Ledsolintel","robots":{"index":"index","follow":"follow","max-snippet":"max-snippet:-1","max-image-preview":"max-image-preview:large","max-video-preview":"max-video-preview:-1"},"canonical":"https:\/\/ledsolintel.com\/fr\/produit-2\/203005005-led-cupboard-light-180lm-gsc\/","og_locale":"fr_FR","og_type":"article","og_title":"203005005 LUZ ARMARIO LED 180Lm GSC - Ledsolintel","og_description":"El propio interruptor lleva un Led Cob incorporado, que se enciende al pulsarlo. Muy pr\u00e1ctico para peque\u00f1os espacios donde se necesite un punto de iluminaci\u00f3n extra, como armarios o cajones. A escoger entre montaje de tornillos o adhesivo. Por la compra","og_url":"https:\/\/ledsolintel.com\/fr\/produit-2\/203005005-led-cupboard-light-180lm-gsc\/","og_site_name":"Ledsolintel","article_publisher":"http:\/\/www.facebook.com\/webmenaje","og_image":[{"url":"https:\/\/ledsolintel.com\/wp-content\/uploads\/2024\/05\/26291-203005005-LUZ-ARMARIO-LED-180Lm-GSC.jpg","width":1,"height":1,"type":"image\/jpeg"}],"twitter_card":"summary_large_image","twitter_site":"@webmenaje","schema":{"@context":"https:\/\/schema.org","@graph":[{"@type":"WebPage","@id":"https:\/\/ledsolintel.com\/product\/203005005-luz-armario-led-180lm-gsc\/","url":"https:\/\/ledsolintel.com\/product\/203005005-luz-armario-led-180lm-gsc\/","name":"203005005 Eclairage d'armoire LED 180Lm GSC - Ledsolintel","isPartOf":{"@id":"https:\/\/ledsolintel.com\/#website"},"primaryImageOfPage":{"@id":"https:\/\/ledsolintel.com\/product\/203005005-luz-armario-led-180lm-gsc\/#primaryimage"},"image":{"@id":"https:\/\/ledsolintel.com\/product\/203005005-luz-armario-led-180lm-gsc\/#primaryimage"},"thumbnailUrl":"https:\/\/ledsolintel.com\/wp-content\/uploads\/2024\/05\/26291-203005005-LUZ-ARMARIO-LED-180Lm-GSC.jpg","datePublished":"2024-05-23T06:25:03+00:00","breadcrumb":{"@id":"https:\/\/ledsolintel.com\/product\/203005005-luz-armario-led-180lm-gsc\/#breadcrumb"},"inLanguage":"fr-FR","potentialAction":[{"@type":"ReadAction","target":["https:\/\/ledsolintel.com\/product\/203005005-luz-armario-led-180lm-gsc\/"]}]},{"@type":"ImageObject","inLanguage":"fr-FR","@id":"https:\/\/ledsolintel.com\/product\/203005005-luz-armario-led-180lm-gsc\/#primaryimage","url":"https:\/\/ledsolintel.com\/wp-content\/uploads\/2024\/05\/26291-203005005-LUZ-ARMARIO-LED-180Lm-GSC.jpg","contentUrl":"https:\/\/ledsolintel.com\/wp-content\/uploads\/2024\/05\/26291-203005005-LUZ-ARMARIO-LED-180Lm-GSC.jpg","caption":"203005005 LUZ ARMARIO LED 180Lm GSC"},{"@type":"BreadcrumbList","@id":"https:\/\/ledsolintel.com\/product\/203005005-luz-armario-led-180lm-gsc\/#breadcrumb","itemListElement":[{"@type":"ListItem","position":1,"name":"Portada","item":"https:\/\/ledsolintel.com\/fr\/"},{"@type":"ListItem","position":2,"name":"Tienda","item":"https:\/\/ledsolintel.com\/tienda\/"},{"@type":"ListItem","position":3,"name":"203005005 LUZ ARMARIO LED 180Lm GSC"}]},{"@type":"WebSite","@id":"https:\/\/ledsolintel.com\/#website","url":"https:\/\/ledsolintel.com\/","name":"Webmenaje","description":"Magasin d'ampoules et de lampes LED pour les professionnels","publisher":{"@id":"https:\/\/ledsolintel.com\/#organization"},"potentialAction":[{"@type":"SearchAction","target":{"@type":"EntryPoint","urlTemplate":"https:\/\/ledsolintel.com\/?s={search_term_string}"},"query-input":{"@type":"PropertyValueSpecification","valueRequired":true,"valueName":"search_term_string"}}],"inLanguage":"fr-FR"},{"@type":"Organization","@id":"https:\/\/ledsolintel.com\/#organization","name":"Solintel Noroeste, S.L.","url":"https:\/\/ledsolintel.com\/","logo":{"@type":"ImageObject","inLanguage":"fr-FR","@id":"https:\/\/ledsolintel.com\/#\/schema\/logo\/image\/","url":"https:\/\/ledsolintel.com\/wp-content\/uploads\/2024\/11\/webmenaje-logo-1508269066.jpg","contentUrl":"https:\/\/ledsolintel.com\/wp-content\/uploads\/2024\/11\/webmenaje-logo-1508269066.jpg","width":370,"height":90,"caption":"Solintel Noroeste, S.L."},"image":{"@id":"https:\/\/ledsolintel.com\/#\/schema\/logo\/image\/"},"sameAs":["http:\/\/www.facebook.com\/webmenaje","https:\/\/x.com\/webmenaje","https:\/\/www.youtube.com\/channel\/UCX2KoVoeCG4LocZjUc6LmSQ","http:\/\/www.pinterest.com\/webmenaje"]}]}},"_links":{"self":[{"href":"https:\/\/ledsolintel.com\/fr\/wp-json\/wp\/v2\/product\/251083","targetHints":{"allow":["GET"]}}],"collection":[{"href":"https:\/\/ledsolintel.com\/fr\/wp-json\/wp\/v2\/product"}],"about":[{"href":"https:\/\/ledsolintel.com\/fr\/wp-json\/wp\/v2\/types\/product"}],"version-history":[{"count":0,"href":"https:\/\/ledsolintel.com\/fr\/wp-json\/wp\/v2\/product\/251083\/revisions"}],"wp:featuredmedia":[{"embeddable":true,"href":"https:\/\/ledsolintel.com\/fr\/wp-json\/wp\/v2\/media\/251081"}],"wp:attachment":[{"href":"https:\/\/ledsolintel.com\/fr\/wp-json\/wp\/v2\/media?parent=251083"}],"wp:term":[{"taxonomy":"product_brand","embeddable":true,"href":"https:\/\/ledsolintel.com\/fr\/wp-json\/wp\/v2\/product_brand?post=251083"},{"taxonomy":"product_cat","embeddable":true,"href":"https:\/\/ledsolintel.com\/fr\/wp-json\/wp\/v2\/product_cat?post=251083"},{"taxonomy":"product_tag","embeddable":true,"href":"https:\/\/ledsolintel.com\/fr\/wp-json\/wp\/v2\/product_tag?post=251083"}],"curies":[{"name":"wp","href":"https:\/\/api.w.org\/{rel}","templated":true}]}}