{"id":251036,"date":"2024-05-23T08:25:03","date_gmt":"2024-05-23T06:25:03","guid":{"rendered":"https:\/\/nueva.ledsolintel.com\/product\/202800008-lampara-led-infantil-koala-rgb-luz-dia-recargable-blanco-25w-gsc\/"},"modified":"2024-05-23T08:25:03","modified_gmt":"2024-05-23T06:25:03","slug":"202800008-lampara-led-infantil-koala-rgb-luz-dia-recargable-blanco-25w-gsc","status":"publish","type":"product","link":"https:\/\/ledsolintel.com\/fr\/produit-2\/202800008-lampara-led-infantil-koala-rgb-luz-dia-recargable-blanco-25w-gsc\/","title":{"rendered":"202800008 LAMPE LED ENFANT KOALA RGB + LUMI\u00c8RE DU JOUR RECHARGEABLE BLANC 2,5W GSC"},"content":{"rendered":"<p>Veilleuse avec lumi\u00e8re neutre ou RVB. Le syst\u00e8me tactile permet d'allumer et de changer la couleur de la lumi\u00e8re. Excellente id\u00e9e de cadeau pour des occasions telles que No\u00ebl, les anniversaires ou les f\u00eates de fin d'ann\u00e9e.  C\u00e2ble de chargement USB inclus. Prise 5V (0.5-1a) non incluse.<\/p>","protected":false},"excerpt":{"rendered":"<p>Luz de noche con luz neutra o RGB. Cuenta con sistema touch para encender y cambiar el color de la luz. Excelente idea de regalo para ocasiones como navidad, cumplea\u00f1os o baby showers. Incluye cable para carga USB. Enchufe 5V (0.5-1a) no inclu\u00eddo Bater\u00eda<\/p>","protected":false},"featured_media":251030,"template":"","meta":[],"product_brand":[99397],"product_cat":[99601],"product_tag":[],"class_list":{"0":"post-251036","1":"product","2":"type-product","3":"status-publish","4":"has-post-thumbnail","6":"product_brand-gsc","7":"product_cat-gyemo","10":"instock","11":"taxable","12":"shipping-taxable","13":"purchasable","14":"product-type-simple"},"yoast_head":"<!-- This site is optimized with the Yoast SEO plugin v26.6 - https:\/\/yoast.com\/wordpress\/plugins\/seo\/ -->\n<title>202800008 LAMPARA LED INFANTIL KOALA RGB + LUZ DIA RECARGABLE BLANCO 2,5W GSC - Ledsolintel<\/title>\n<meta name=\"robots\" content=\"index, follow, max-snippet:-1, max-image-preview:large, max-video-preview:-1\" \/>\n<link rel=\"canonical\" href=\"https:\/\/ledsolintel.com\/fr\/produit-2\/202800008-lampara-led-infantil-koala-rgb-luz-dia-recargable-blanco-25w-gsc\/\" \/>\n<meta property=\"og:locale\" content=\"fr_FR\" \/>\n<meta property=\"og:type\" content=\"article\" \/>\n<meta property=\"og:title\" content=\"202800008 LAMPARA LED INFANTIL KOALA RGB + LUZ DIA RECARGABLE BLANCO 2,5W GSC - Ledsolintel\" \/>\n<meta property=\"og:description\" content=\"Luz de noche con luz neutra o RGB. Cuenta con sistema touch para encender y cambiar el color de la luz. Excelente idea de regalo para ocasiones como navidad, cumplea\u00f1os o baby showers. Incluye cable para carga USB. Enchufe 5V (0.5-1a) no inclu\u00eddo Bater\u00eda\" \/>\n<meta property=\"og:url\" content=\"https:\/\/ledsolintel.com\/fr\/produit-2\/202800008-lampara-led-infantil-koala-rgb-luz-dia-recargable-blanco-25w-gsc\/\" \/>\n<meta property=\"og:site_name\" content=\"Ledsolintel\" \/>\n<meta property=\"article:publisher\" content=\"http:\/\/www.facebook.com\/webmenaje\" \/>\n<meta property=\"og:image\" content=\"https:\/\/ledsolintel.com\/wp-content\/uploads\/2024\/05\/26066-202800008-LAMPARA-LED-INFANTIL-KOALA-RGB-LUZ-DIA-RECARGABLE-BLANCO-25W-GSC.jpg\" \/>\n\t<meta property=\"og:image:width\" content=\"1\" \/>\n\t<meta property=\"og:image:height\" content=\"1\" \/>\n\t<meta property=\"og:image:type\" content=\"image\/jpeg\" \/>\n<meta name=\"twitter:card\" content=\"summary_large_image\" \/>\n<meta name=\"twitter:site\" content=\"@webmenaje\" \/>\n<script type=\"application\/ld+json\" class=\"yoast-schema-graph\">{\"@context\":\"https:\/\/schema.org\",\"@graph\":[{\"@type\":\"WebPage\",\"@id\":\"https:\/\/ledsolintel.com\/product\/202800008-lampara-led-infantil-koala-rgb-luz-dia-recargable-blanco-25w-gsc\/\",\"url\":\"https:\/\/ledsolintel.com\/product\/202800008-lampara-led-infantil-koala-rgb-luz-dia-recargable-blanco-25w-gsc\/\",\"name\":\"202800008 LAMPARA LED INFANTIL KOALA RGB + LUZ DIA RECARGABLE BLANCO 2,5W GSC - Ledsolintel\",\"isPartOf\":{\"@id\":\"https:\/\/ledsolintel.com\/#website\"},\"primaryImageOfPage\":{\"@id\":\"https:\/\/ledsolintel.com\/product\/202800008-lampara-led-infantil-koala-rgb-luz-dia-recargable-blanco-25w-gsc\/#primaryimage\"},\"image\":{\"@id\":\"https:\/\/ledsolintel.com\/product\/202800008-lampara-led-infantil-koala-rgb-luz-dia-recargable-blanco-25w-gsc\/#primaryimage\"},\"thumbnailUrl\":\"https:\/\/ledsolintel.com\/wp-content\/uploads\/2024\/05\/26066-202800008-LAMPARA-LED-INFANTIL-KOALA-RGB-LUZ-DIA-RECARGABLE-BLANCO-25W-GSC.jpg\",\"datePublished\":\"2024-05-23T06:25:03+00:00\",\"breadcrumb\":{\"@id\":\"https:\/\/ledsolintel.com\/product\/202800008-lampara-led-infantil-koala-rgb-luz-dia-recargable-blanco-25w-gsc\/#breadcrumb\"},\"inLanguage\":\"fr-FR\",\"potentialAction\":[{\"@type\":\"ReadAction\",\"target\":[\"https:\/\/ledsolintel.com\/product\/202800008-lampara-led-infantil-koala-rgb-luz-dia-recargable-blanco-25w-gsc\/\"]}]},{\"@type\":\"ImageObject\",\"inLanguage\":\"fr-FR\",\"@id\":\"https:\/\/ledsolintel.com\/product\/202800008-lampara-led-infantil-koala-rgb-luz-dia-recargable-blanco-25w-gsc\/#primaryimage\",\"url\":\"https:\/\/ledsolintel.com\/wp-content\/uploads\/2024\/05\/26066-202800008-LAMPARA-LED-INFANTIL-KOALA-RGB-LUZ-DIA-RECARGABLE-BLANCO-25W-GSC.jpg\",\"contentUrl\":\"https:\/\/ledsolintel.com\/wp-content\/uploads\/2024\/05\/26066-202800008-LAMPARA-LED-INFANTIL-KOALA-RGB-LUZ-DIA-RECARGABLE-BLANCO-25W-GSC.jpg\",\"caption\":\"202800008 LAMPARA LED INFANTIL KOALA RGB + LUZ DIA RECARGABLE BLANCO 2,5W GSC\"},{\"@type\":\"BreadcrumbList\",\"@id\":\"https:\/\/ledsolintel.com\/product\/202800008-lampara-led-infantil-koala-rgb-luz-dia-recargable-blanco-25w-gsc\/#breadcrumb\",\"itemListElement\":[{\"@type\":\"ListItem\",\"position\":1,\"name\":\"Portada\",\"item\":\"https:\/\/ledsolintel.com\/fr\/\"},{\"@type\":\"ListItem\",\"position\":2,\"name\":\"Tienda\",\"item\":\"https:\/\/ledsolintel.com\/tienda\/\"},{\"@type\":\"ListItem\",\"position\":3,\"name\":\"202800008 LAMPARA LED INFANTIL KOALA RGB + LUZ DIA RECARGABLE BLANCO 2,5W GSC\"}]},{\"@type\":\"WebSite\",\"@id\":\"https:\/\/ledsolintel.com\/#website\",\"url\":\"https:\/\/ledsolintel.com\/\",\"name\":\"Webmenaje\",\"description\":\"Tienda de bombillas y l\u00e1mparas LED para profesionales\",\"publisher\":{\"@id\":\"https:\/\/ledsolintel.com\/#organization\"},\"potentialAction\":[{\"@type\":\"SearchAction\",\"target\":{\"@type\":\"EntryPoint\",\"urlTemplate\":\"https:\/\/ledsolintel.com\/?s={search_term_string}\"},\"query-input\":{\"@type\":\"PropertyValueSpecification\",\"valueRequired\":true,\"valueName\":\"search_term_string\"}}],\"inLanguage\":\"fr-FR\"},{\"@type\":\"Organization\",\"@id\":\"https:\/\/ledsolintel.com\/#organization\",\"name\":\"Solintel Noroeste, S.L.\",\"url\":\"https:\/\/ledsolintel.com\/\",\"logo\":{\"@type\":\"ImageObject\",\"inLanguage\":\"fr-FR\",\"@id\":\"https:\/\/ledsolintel.com\/#\/schema\/logo\/image\/\",\"url\":\"https:\/\/ledsolintel.com\/wp-content\/uploads\/2024\/11\/webmenaje-logo-1508269066.jpg\",\"contentUrl\":\"https:\/\/ledsolintel.com\/wp-content\/uploads\/2024\/11\/webmenaje-logo-1508269066.jpg\",\"width\":370,\"height\":90,\"caption\":\"Solintel Noroeste, S.L.\"},\"image\":{\"@id\":\"https:\/\/ledsolintel.com\/#\/schema\/logo\/image\/\"},\"sameAs\":[\"http:\/\/www.facebook.com\/webmenaje\",\"https:\/\/x.com\/webmenaje\",\"https:\/\/www.youtube.com\/channel\/UCX2KoVoeCG4LocZjUc6LmSQ\",\"http:\/\/www.pinterest.com\/webmenaje\"]}]}<\/script>\n<!-- \/ Yoast SEO plugin. -->","yoast_head_json":{"title":"202800008 LAMPARA LED INFANTIL KOALA RGB + LUZ DIA RECARGABLE BLANCO 2,5W GSC - Ledsolintel","robots":{"index":"index","follow":"follow","max-snippet":"max-snippet:-1","max-image-preview":"max-image-preview:large","max-video-preview":"max-video-preview:-1"},"canonical":"https:\/\/ledsolintel.com\/fr\/produit-2\/202800008-lampara-led-infantil-koala-rgb-luz-dia-recargable-blanco-25w-gsc\/","og_locale":"fr_FR","og_type":"article","og_title":"202800008 LAMPARA LED INFANTIL KOALA RGB + LUZ DIA RECARGABLE BLANCO 2,5W GSC - Ledsolintel","og_description":"Luz de noche con luz neutra o RGB. Cuenta con sistema touch para encender y cambiar el color de la luz. Excelente idea de regalo para ocasiones como navidad, cumplea\u00f1os o baby showers. Incluye cable para carga USB. Enchufe 5V (0.5-1a) no inclu\u00eddo Bater\u00eda","og_url":"https:\/\/ledsolintel.com\/fr\/produit-2\/202800008-lampara-led-infantil-koala-rgb-luz-dia-recargable-blanco-25w-gsc\/","og_site_name":"Ledsolintel","article_publisher":"http:\/\/www.facebook.com\/webmenaje","og_image":[{"url":"https:\/\/ledsolintel.com\/wp-content\/uploads\/2024\/05\/26066-202800008-LAMPARA-LED-INFANTIL-KOALA-RGB-LUZ-DIA-RECARGABLE-BLANCO-25W-GSC.jpg","width":1,"height":1,"type":"image\/jpeg"}],"twitter_card":"summary_large_image","twitter_site":"@webmenaje","schema":{"@context":"https:\/\/schema.org","@graph":[{"@type":"WebPage","@id":"https:\/\/ledsolintel.com\/product\/202800008-lampara-led-infantil-koala-rgb-luz-dia-recargable-blanco-25w-gsc\/","url":"https:\/\/ledsolintel.com\/product\/202800008-lampara-led-infantil-koala-rgb-luz-dia-recargable-blanco-25w-gsc\/","name":"202800008 LAMPARA LED INFANTIL KOALA RGB + LUZ DIA RECARGABLE BLANCO 2,5W GSC - Ledsolintel","isPartOf":{"@id":"https:\/\/ledsolintel.com\/#website"},"primaryImageOfPage":{"@id":"https:\/\/ledsolintel.com\/product\/202800008-lampara-led-infantil-koala-rgb-luz-dia-recargable-blanco-25w-gsc\/#primaryimage"},"image":{"@id":"https:\/\/ledsolintel.com\/product\/202800008-lampara-led-infantil-koala-rgb-luz-dia-recargable-blanco-25w-gsc\/#primaryimage"},"thumbnailUrl":"https:\/\/ledsolintel.com\/wp-content\/uploads\/2024\/05\/26066-202800008-LAMPARA-LED-INFANTIL-KOALA-RGB-LUZ-DIA-RECARGABLE-BLANCO-25W-GSC.jpg","datePublished":"2024-05-23T06:25:03+00:00","breadcrumb":{"@id":"https:\/\/ledsolintel.com\/product\/202800008-lampara-led-infantil-koala-rgb-luz-dia-recargable-blanco-25w-gsc\/#breadcrumb"},"inLanguage":"fr-FR","potentialAction":[{"@type":"ReadAction","target":["https:\/\/ledsolintel.com\/product\/202800008-lampara-led-infantil-koala-rgb-luz-dia-recargable-blanco-25w-gsc\/"]}]},{"@type":"ImageObject","inLanguage":"fr-FR","@id":"https:\/\/ledsolintel.com\/product\/202800008-lampara-led-infantil-koala-rgb-luz-dia-recargable-blanco-25w-gsc\/#primaryimage","url":"https:\/\/ledsolintel.com\/wp-content\/uploads\/2024\/05\/26066-202800008-LAMPARA-LED-INFANTIL-KOALA-RGB-LUZ-DIA-RECARGABLE-BLANCO-25W-GSC.jpg","contentUrl":"https:\/\/ledsolintel.com\/wp-content\/uploads\/2024\/05\/26066-202800008-LAMPARA-LED-INFANTIL-KOALA-RGB-LUZ-DIA-RECARGABLE-BLANCO-25W-GSC.jpg","caption":"202800008 LAMPARA LED INFANTIL KOALA RGB + LUZ DIA RECARGABLE BLANCO 2,5W GSC"},{"@type":"BreadcrumbList","@id":"https:\/\/ledsolintel.com\/product\/202800008-lampara-led-infantil-koala-rgb-luz-dia-recargable-blanco-25w-gsc\/#breadcrumb","itemListElement":[{"@type":"ListItem","position":1,"name":"Portada","item":"https:\/\/ledsolintel.com\/fr\/"},{"@type":"ListItem","position":2,"name":"Tienda","item":"https:\/\/ledsolintel.com\/tienda\/"},{"@type":"ListItem","position":3,"name":"202800008 LAMPARA LED INFANTIL KOALA RGB + LUZ DIA RECARGABLE BLANCO 2,5W GSC"}]},{"@type":"WebSite","@id":"https:\/\/ledsolintel.com\/#website","url":"https:\/\/ledsolintel.com\/","name":"Webmenaje","description":"Magasin d'ampoules et de lampes LED pour les professionnels","publisher":{"@id":"https:\/\/ledsolintel.com\/#organization"},"potentialAction":[{"@type":"SearchAction","target":{"@type":"EntryPoint","urlTemplate":"https:\/\/ledsolintel.com\/?s={search_term_string}"},"query-input":{"@type":"PropertyValueSpecification","valueRequired":true,"valueName":"search_term_string"}}],"inLanguage":"fr-FR"},{"@type":"Organization","@id":"https:\/\/ledsolintel.com\/#organization","name":"Solintel Noroeste, S.L.","url":"https:\/\/ledsolintel.com\/","logo":{"@type":"ImageObject","inLanguage":"fr-FR","@id":"https:\/\/ledsolintel.com\/#\/schema\/logo\/image\/","url":"https:\/\/ledsolintel.com\/wp-content\/uploads\/2024\/11\/webmenaje-logo-1508269066.jpg","contentUrl":"https:\/\/ledsolintel.com\/wp-content\/uploads\/2024\/11\/webmenaje-logo-1508269066.jpg","width":370,"height":90,"caption":"Solintel Noroeste, S.L."},"image":{"@id":"https:\/\/ledsolintel.com\/#\/schema\/logo\/image\/"},"sameAs":["http:\/\/www.facebook.com\/webmenaje","https:\/\/x.com\/webmenaje","https:\/\/www.youtube.com\/channel\/UCX2KoVoeCG4LocZjUc6LmSQ","http:\/\/www.pinterest.com\/webmenaje"]}]}},"_links":{"self":[{"href":"https:\/\/ledsolintel.com\/fr\/wp-json\/wp\/v2\/product\/251036","targetHints":{"allow":["GET"]}}],"collection":[{"href":"https:\/\/ledsolintel.com\/fr\/wp-json\/wp\/v2\/product"}],"about":[{"href":"https:\/\/ledsolintel.com\/fr\/wp-json\/wp\/v2\/types\/product"}],"version-history":[{"count":0,"href":"https:\/\/ledsolintel.com\/fr\/wp-json\/wp\/v2\/product\/251036\/revisions"}],"wp:featuredmedia":[{"embeddable":true,"href":"https:\/\/ledsolintel.com\/fr\/wp-json\/wp\/v2\/media\/251030"}],"wp:attachment":[{"href":"https:\/\/ledsolintel.com\/fr\/wp-json\/wp\/v2\/media?parent=251036"}],"wp:term":[{"taxonomy":"product_brand","embeddable":true,"href":"https:\/\/ledsolintel.com\/fr\/wp-json\/wp\/v2\/product_brand?post=251036"},{"taxonomy":"product_cat","embeddable":true,"href":"https:\/\/ledsolintel.com\/fr\/wp-json\/wp\/v2\/product_cat?post=251036"},{"taxonomy":"product_tag","embeddable":true,"href":"https:\/\/ledsolintel.com\/fr\/wp-json\/wp\/v2\/product_tag?post=251036"}],"curies":[{"name":"wp","href":"https:\/\/api.w.org\/{rel}","templated":true}]}}