{"id":250643,"date":"2024-05-22T15:07:49","date_gmt":"2024-05-22T13:07:49","guid":{"rendered":"https:\/\/nueva.ledsolintel.com\/product\/423701-proyector-led-negro-125w-4000k-15000lm-osra\/"},"modified":"2024-05-22T15:07:49","modified_gmt":"2024-05-22T13:07:49","slug":"423701-projecteur-led-noir-125w-4000k-15000lm-osra","status":"publish","type":"product","link":"https:\/\/ledsolintel.com\/fr\/produit-2\/423701-projecteur-led-noir-125w-4000k-15000lm-osra\/","title":{"rendered":"423701 PROJECTEUR LED NOIR 125W 4000K 15000Lm OSRA"},"content":{"rendered":"<p>Bo\u00eetier en verre tremp\u00e9 pour un \u00e9clairage uniforme. Poids et taille optimis\u00e9s gr\u00e2ce \u00e0 une conception compacte. Pas d'\u00e9mission de lumi\u00e8re sup\u00e9rieure (ULOR 0%) en cas d'inclinaison \u00e0 0\u00b0. \u00c9conomie d'\u00e9nergie jusqu'\u00e0 90% par rapport aux projecteurs. h<\/p>","protected":false},"excerpt":{"rendered":"<p>Bo\u00eetier en verre tremp\u00e9 pour un \u00e9clairage uniforme. Poids et taille optimis\u00e9s gr\u00e2ce \u00e0 une conception compacte. Pas d'\u00e9mission de lumi\u00e8re sup\u00e9rieure (ULOR 0%) en cas d'inclinaison \u00e0 0\u00b0. \u00c9conomie d'\u00e9nergie jusqu'\u00e0 90% par rapport aux projecteurs. h<\/p>","protected":false},"featured_media":250635,"template":"","meta":[],"product_brand":[99393],"product_cat":[99601],"product_tag":[],"class_list":{"0":"post-250643","1":"product","2":"type-product","3":"status-publish","4":"has-post-thumbnail","6":"product_brand-ledvance","7":"product_cat-gyemo","10":"outofstock","11":"taxable","12":"shipping-taxable","13":"purchasable","14":"product-type-simple"},"yoast_head":"<!-- This site is optimized with the Yoast SEO plugin v27.4 - https:\/\/yoast.com\/product\/yoast-seo-wordpress\/ -->\n<title>423701 PROYECTOR LED NEGRO 125W 4000K 15000Lm OSRA - Ledsolintel<\/title>\n<meta name=\"robots\" content=\"index, follow, max-snippet:-1, max-image-preview:large, max-video-preview:-1\" \/>\n<link rel=\"canonical\" href=\"https:\/\/ledsolintel.com\/fr\/produit-2\/423701-projecteur-led-noir-125w-4000k-15000lm-osra\/\" \/>\n<meta property=\"og:locale\" content=\"fr_FR\" \/>\n<meta property=\"og:type\" content=\"article\" \/>\n<meta property=\"og:title\" content=\"423701 PROYECTOR LED NEGRO 125W 4000K 15000Lm OSRA - Ledsolintel\" \/>\n<meta property=\"og:description\" content=\"Carcasa de vidrio templado para una iluminaci\u00f3n uniforme. Peso y tama\u00f1o optimizados gracias a su dise\u00f1o compacto. Sin salida de luz superior (ULOR 0%) cuando se monta a 0\u00b0 de inclinaci\u00f3n. Ahorro energ\u00e9tico de hasta 90% en comparaci\u00f3n con los proyectores h\" \/>\n<meta property=\"og:url\" content=\"https:\/\/ledsolintel.com\/fr\/produit-2\/423701-projecteur-led-noir-125w-4000k-15000lm-osra\/\" \/>\n<meta property=\"og:site_name\" content=\"Ledsolintel\" \/>\n<meta property=\"article:publisher\" content=\"http:\/\/www.facebook.com\/webmenaje\" \/>\n<meta property=\"og:image\" content=\"https:\/\/ledsolintel.com\/wp-content\/uploads\/2024\/05\/25122-423701-PROYECTOR-LED-NEGRO-125W-4000K-15000Lm-OSRA.jpg\" \/>\n\t<meta property=\"og:image:width\" content=\"1\" \/>\n\t<meta property=\"og:image:height\" content=\"1\" \/>\n\t<meta property=\"og:image:type\" content=\"image\/jpeg\" \/>\n<meta name=\"twitter:card\" content=\"summary_large_image\" \/>\n<meta name=\"twitter:site\" content=\"@webmenaje\" \/>\n<script type=\"application\/ld+json\" class=\"yoast-schema-graph\">{\"@context\":\"https:\\\/\\\/schema.org\",\"@graph\":[{\"@type\":\"WebPage\",\"@id\":\"https:\\\/\\\/ledsolintel.com\\\/product\\\/423701-proyector-led-negro-125w-4000k-15000lm-osra\\\/\",\"url\":\"https:\\\/\\\/ledsolintel.com\\\/product\\\/423701-proyector-led-negro-125w-4000k-15000lm-osra\\\/\",\"name\":\"423701 PROYECTOR LED NEGRO 125W 4000K 15000Lm OSRA - Ledsolintel\",\"isPartOf\":{\"@id\":\"https:\\\/\\\/ledsolintel.com\\\/#website\"},\"primaryImageOfPage\":{\"@id\":\"https:\\\/\\\/ledsolintel.com\\\/product\\\/423701-proyector-led-negro-125w-4000k-15000lm-osra\\\/#primaryimage\"},\"image\":{\"@id\":\"https:\\\/\\\/ledsolintel.com\\\/product\\\/423701-proyector-led-negro-125w-4000k-15000lm-osra\\\/#primaryimage\"},\"thumbnailUrl\":\"https:\\\/\\\/ledsolintel.com\\\/wp-content\\\/uploads\\\/2024\\\/05\\\/25122-423701-PROYECTOR-LED-NEGRO-125W-4000K-15000Lm-OSRA.jpg\",\"datePublished\":\"2024-05-22T13:07:49+00:00\",\"breadcrumb\":{\"@id\":\"https:\\\/\\\/ledsolintel.com\\\/product\\\/423701-proyector-led-negro-125w-4000k-15000lm-osra\\\/#breadcrumb\"},\"inLanguage\":\"fr-FR\",\"potentialAction\":[{\"@type\":\"ReadAction\",\"target\":[\"https:\\\/\\\/ledsolintel.com\\\/product\\\/423701-proyector-led-negro-125w-4000k-15000lm-osra\\\/\"]}]},{\"@type\":\"ImageObject\",\"inLanguage\":\"fr-FR\",\"@id\":\"https:\\\/\\\/ledsolintel.com\\\/product\\\/423701-proyector-led-negro-125w-4000k-15000lm-osra\\\/#primaryimage\",\"url\":\"https:\\\/\\\/ledsolintel.com\\\/wp-content\\\/uploads\\\/2024\\\/05\\\/25122-423701-PROYECTOR-LED-NEGRO-125W-4000K-15000Lm-OSRA.jpg\",\"contentUrl\":\"https:\\\/\\\/ledsolintel.com\\\/wp-content\\\/uploads\\\/2024\\\/05\\\/25122-423701-PROYECTOR-LED-NEGRO-125W-4000K-15000Lm-OSRA.jpg\",\"caption\":\"423701 PROYECTOR LED NEGRO 125W 4000K 15000Lm OSRA\"},{\"@type\":\"BreadcrumbList\",\"@id\":\"https:\\\/\\\/ledsolintel.com\\\/product\\\/423701-proyector-led-negro-125w-4000k-15000lm-osra\\\/#breadcrumb\",\"itemListElement\":[{\"@type\":\"ListItem\",\"position\":1,\"name\":\"Portada\",\"item\":\"https:\\\/\\\/ledsolintel.com\\\/fr\\\/\"},{\"@type\":\"ListItem\",\"position\":2,\"name\":\"Tienda\",\"item\":\"https:\\\/\\\/ledsolintel.com\\\/tienda\\\/\"},{\"@type\":\"ListItem\",\"position\":3,\"name\":\"423701 PROYECTOR LED NEGRO 125W 4000K 15000Lm OSRA\"}]},{\"@type\":\"WebSite\",\"@id\":\"https:\\\/\\\/ledsolintel.com\\\/#website\",\"url\":\"https:\\\/\\\/ledsolintel.com\\\/\",\"name\":\"Webmenaje\",\"description\":\"Tienda de bombillas y l\u00e1mparas LED para profesionales\",\"publisher\":{\"@id\":\"https:\\\/\\\/ledsolintel.com\\\/#organization\"},\"potentialAction\":[{\"@type\":\"SearchAction\",\"target\":{\"@type\":\"EntryPoint\",\"urlTemplate\":\"https:\\\/\\\/ledsolintel.com\\\/?s={search_term_string}\"},\"query-input\":{\"@type\":\"PropertyValueSpecification\",\"valueRequired\":true,\"valueName\":\"search_term_string\"}}],\"inLanguage\":\"fr-FR\"},{\"@type\":\"Organization\",\"@id\":\"https:\\\/\\\/ledsolintel.com\\\/#organization\",\"name\":\"Solintel Noroeste, S.L.\",\"url\":\"https:\\\/\\\/ledsolintel.com\\\/\",\"logo\":{\"@type\":\"ImageObject\",\"inLanguage\":\"fr-FR\",\"@id\":\"https:\\\/\\\/ledsolintel.com\\\/#\\\/schema\\\/logo\\\/image\\\/\",\"url\":\"https:\\\/\\\/ledsolintel.com\\\/wp-content\\\/uploads\\\/2024\\\/11\\\/webmenaje-logo-1508269066.jpg\",\"contentUrl\":\"https:\\\/\\\/ledsolintel.com\\\/wp-content\\\/uploads\\\/2024\\\/11\\\/webmenaje-logo-1508269066.jpg\",\"width\":370,\"height\":90,\"caption\":\"Solintel Noroeste, S.L.\"},\"image\":{\"@id\":\"https:\\\/\\\/ledsolintel.com\\\/#\\\/schema\\\/logo\\\/image\\\/\"},\"sameAs\":[\"http:\\\/\\\/www.facebook.com\\\/webmenaje\",\"https:\\\/\\\/x.com\\\/webmenaje\",\"https:\\\/\\\/www.youtube.com\\\/channel\\\/UCX2KoVoeCG4LocZjUc6LmSQ\",\"http:\\\/\\\/www.pinterest.com\\\/webmenaje\"]}]}<\/script>\n<!-- \/ Yoast SEO plugin. -->","yoast_head_json":{"title":"423701 PROJECTEUR A LEDS NOIRES 125W 4000K 15000Lm OSRA - Ledsolintel","robots":{"index":"index","follow":"follow","max-snippet":"max-snippet:-1","max-image-preview":"max-image-preview:large","max-video-preview":"max-video-preview:-1"},"canonical":"https:\/\/ledsolintel.com\/fr\/produit-2\/423701-projecteur-led-noir-125w-4000k-15000lm-osra\/","og_locale":"fr_FR","og_type":"article","og_title":"423701 PROYECTOR LED NEGRO 125W 4000K 15000Lm OSRA - Ledsolintel","og_description":"Carcasa de vidrio templado para una iluminaci\u00f3n uniforme. Peso y tama\u00f1o optimizados gracias a su dise\u00f1o compacto. Sin salida de luz superior (ULOR 0%) cuando se monta a 0\u00b0 de inclinaci\u00f3n. Ahorro energ\u00e9tico de hasta 90% en comparaci\u00f3n con los proyectores h","og_url":"https:\/\/ledsolintel.com\/fr\/produit-2\/423701-projecteur-led-noir-125w-4000k-15000lm-osra\/","og_site_name":"Ledsolintel","article_publisher":"http:\/\/www.facebook.com\/webmenaje","og_image":[{"url":"https:\/\/ledsolintel.com\/wp-content\/uploads\/2024\/05\/25122-423701-PROYECTOR-LED-NEGRO-125W-4000K-15000Lm-OSRA.jpg","width":1,"height":1,"type":"image\/jpeg"}],"twitter_card":"summary_large_image","twitter_site":"@webmenaje","schema":{"@context":"https:\/\/schema.org","@graph":[{"@type":"WebPage","@id":"https:\/\/ledsolintel.com\/product\/423701-proyector-led-negro-125w-4000k-15000lm-osra\/","url":"https:\/\/ledsolintel.com\/product\/423701-proyector-led-negro-125w-4000k-15000lm-osra\/","name":"423701 PROJECTEUR A LEDS NOIRES 125W 4000K 15000Lm OSRA - Ledsolintel","isPartOf":{"@id":"https:\/\/ledsolintel.com\/#website"},"primaryImageOfPage":{"@id":"https:\/\/ledsolintel.com\/product\/423701-proyector-led-negro-125w-4000k-15000lm-osra\/#primaryimage"},"image":{"@id":"https:\/\/ledsolintel.com\/product\/423701-proyector-led-negro-125w-4000k-15000lm-osra\/#primaryimage"},"thumbnailUrl":"https:\/\/ledsolintel.com\/wp-content\/uploads\/2024\/05\/25122-423701-PROYECTOR-LED-NEGRO-125W-4000K-15000Lm-OSRA.jpg","datePublished":"2024-05-22T13:07:49+00:00","breadcrumb":{"@id":"https:\/\/ledsolintel.com\/product\/423701-proyector-led-negro-125w-4000k-15000lm-osra\/#breadcrumb"},"inLanguage":"fr-FR","potentialAction":[{"@type":"ReadAction","target":["https:\/\/ledsolintel.com\/product\/423701-proyector-led-negro-125w-4000k-15000lm-osra\/"]}]},{"@type":"ImageObject","inLanguage":"fr-FR","@id":"https:\/\/ledsolintel.com\/product\/423701-proyector-led-negro-125w-4000k-15000lm-osra\/#primaryimage","url":"https:\/\/ledsolintel.com\/wp-content\/uploads\/2024\/05\/25122-423701-PROYECTOR-LED-NEGRO-125W-4000K-15000Lm-OSRA.jpg","contentUrl":"https:\/\/ledsolintel.com\/wp-content\/uploads\/2024\/05\/25122-423701-PROYECTOR-LED-NEGRO-125W-4000K-15000Lm-OSRA.jpg","caption":"423701 PROYECTOR LED NEGRO 125W 4000K 15000Lm OSRA"},{"@type":"BreadcrumbList","@id":"https:\/\/ledsolintel.com\/product\/423701-proyector-led-negro-125w-4000k-15000lm-osra\/#breadcrumb","itemListElement":[{"@type":"ListItem","position":1,"name":"Portada","item":"https:\/\/ledsolintel.com\/fr\/"},{"@type":"ListItem","position":2,"name":"Tienda","item":"https:\/\/ledsolintel.com\/tienda\/"},{"@type":"ListItem","position":3,"name":"423701 PROYECTOR LED NEGRO 125W 4000K 15000Lm OSRA"}]},{"@type":"WebSite","@id":"https:\/\/ledsolintel.com\/#website","url":"https:\/\/ledsolintel.com\/","name":"Webmenaje","description":"Magasin d'ampoules et de lampes LED pour les professionnels","publisher":{"@id":"https:\/\/ledsolintel.com\/#organization"},"potentialAction":[{"@type":"SearchAction","target":{"@type":"EntryPoint","urlTemplate":"https:\/\/ledsolintel.com\/?s={search_term_string}"},"query-input":{"@type":"PropertyValueSpecification","valueRequired":true,"valueName":"search_term_string"}}],"inLanguage":"fr-FR"},{"@type":"Organization","@id":"https:\/\/ledsolintel.com\/#organization","name":"Solintel Noroeste, S.L.","url":"https:\/\/ledsolintel.com\/","logo":{"@type":"ImageObject","inLanguage":"fr-FR","@id":"https:\/\/ledsolintel.com\/#\/schema\/logo\/image\/","url":"https:\/\/ledsolintel.com\/wp-content\/uploads\/2024\/11\/webmenaje-logo-1508269066.jpg","contentUrl":"https:\/\/ledsolintel.com\/wp-content\/uploads\/2024\/11\/webmenaje-logo-1508269066.jpg","width":370,"height":90,"caption":"Solintel Noroeste, S.L."},"image":{"@id":"https:\/\/ledsolintel.com\/#\/schema\/logo\/image\/"},"sameAs":["http:\/\/www.facebook.com\/webmenaje","https:\/\/x.com\/webmenaje","https:\/\/www.youtube.com\/channel\/UCX2KoVoeCG4LocZjUc6LmSQ","http:\/\/www.pinterest.com\/webmenaje"]}]}},"_links":{"self":[{"href":"https:\/\/ledsolintel.com\/fr\/wp-json\/wp\/v2\/product\/250643","targetHints":{"allow":["GET"]}}],"collection":[{"href":"https:\/\/ledsolintel.com\/fr\/wp-json\/wp\/v2\/product"}],"about":[{"href":"https:\/\/ledsolintel.com\/fr\/wp-json\/wp\/v2\/types\/product"}],"version-history":[{"count":0,"href":"https:\/\/ledsolintel.com\/fr\/wp-json\/wp\/v2\/product\/250643\/revisions"}],"wp:featuredmedia":[{"embeddable":true,"href":"https:\/\/ledsolintel.com\/fr\/wp-json\/wp\/v2\/media\/250635"}],"wp:attachment":[{"href":"https:\/\/ledsolintel.com\/fr\/wp-json\/wp\/v2\/media?parent=250643"}],"wp:term":[{"taxonomy":"product_brand","embeddable":true,"href":"https:\/\/ledsolintel.com\/fr\/wp-json\/wp\/v2\/product_brand?post=250643"},{"taxonomy":"product_cat","embeddable":true,"href":"https:\/\/ledsolintel.com\/fr\/wp-json\/wp\/v2\/product_cat?post=250643"},{"taxonomy":"product_tag","embeddable":true,"href":"https:\/\/ledsolintel.com\/fr\/wp-json\/wp\/v2\/product_tag?post=250643"}],"curies":[{"name":"wp","href":"https:\/\/api.w.org\/{rel}","templated":true}]}}