{"id":250541,"date":"2024-05-22T15:07:49","date_gmt":"2024-05-22T13:07:49","guid":{"rendered":"https:\/\/nueva.ledsolintel.com\/product\/2075004-aplique-solar-led-blanco-6w-900lm-4000k-electrobilsa\/"},"modified":"2024-05-22T15:07:49","modified_gmt":"2024-05-22T13:07:49","slug":"2075004-lampe-solaire-murale-led-blanche-6w-900lm-4000k-electrobilsa","status":"publish","type":"product","link":"https:\/\/ledsolintel.com\/fr\/produit-2\/2075004-lampe-solaire-murale-led-blanche-6w-900lm-4000k-electrobilsa\/","title":{"rendered":"2075004 Lampe solaire \u00e0 LED blanches 6W 900lm 4000K ELECTROBILSA"},"content":{"rendered":"<p>2 modes A1 - la puissance de la batterie est sup\u00e9rieure \u00e0 30% : l'applique s'allume automatiquement la nuit et passe \u00e0 100 % lorsqu'elle d\u00e9tecte un mouvement dans le rayon d'action. &lt;6M, puis passe \u00e0 5% apr\u00e8s 20 secondes d&#039;inactivit\u00e9. A2 : Alimentation par batterie\n<\/p>","protected":false},"excerpt":{"rendered":"<p>2 modes A1 - la puissance de la batterie est sup\u00e9rieure \u00e0 30% : l'applique s'allume automatiquement la nuit et passe \u00e0 100 % lorsqu'elle d\u00e9tecte un mouvement dans le rayon d'action.<\/p>","protected":false},"featured_media":250540,"template":"","meta":[],"product_brand":[99397],"product_cat":[100291,99601,99837],"product_tag":[],"class_list":{"0":"post-250541","1":"product","2":"type-product","3":"status-publish","4":"has-post-thumbnail","6":"product_brand-gsc","7":"product_cat-apliques-solares","8":"product_cat-gyemo","9":"product_cat-solar","12":"instock","13":"taxable","14":"shipping-taxable","15":"purchasable","16":"product-type-simple"},"yoast_head":"<!-- This site is optimized with the Yoast SEO plugin v27.4 - https:\/\/yoast.com\/product\/yoast-seo-wordpress\/ -->\n<title>2075004 APLIQUE SOLAR LED BLANCO 6W 900lm 4000K ELECTROBILSA - Ledsolintel<\/title>\n<meta name=\"robots\" content=\"index, follow, max-snippet:-1, max-image-preview:large, max-video-preview:-1\" \/>\n<link rel=\"canonical\" href=\"https:\/\/ledsolintel.com\/fr\/produit-2\/2075004-lampe-solaire-murale-led-blanche-6w-900lm-4000k-electrobilsa\/\" \/>\n<meta property=\"og:locale\" content=\"fr_FR\" \/>\n<meta property=\"og:type\" content=\"article\" \/>\n<meta property=\"og:title\" content=\"2075004 APLIQUE SOLAR LED BLANCO 6W 900lm 4000K ELECTROBILSA - Ledsolintel\" \/>\n<meta property=\"og:description\" content=\"2 modos A1 &#8211; energ\u00eda de la bater\u00eda es superior al 30%: el aplique se enciende autom\u00e1ticamente por la noche y cambia al 100 % cuando detecta movimiento en el rango\" \/>\n<meta property=\"og:url\" content=\"https:\/\/ledsolintel.com\/fr\/produit-2\/2075004-lampe-solaire-murale-led-blanche-6w-900lm-4000k-electrobilsa\/\" \/>\n<meta property=\"og:site_name\" content=\"Ledsolintel\" \/>\n<meta property=\"article:publisher\" content=\"http:\/\/www.facebook.com\/webmenaje\" \/>\n<meta property=\"og:image\" content=\"https:\/\/ledsolintel.com\/wp-content\/uploads\/2024\/05\/25033-2075004-APLIQUE-SOLAR-LED-BLANCO-6W-900lm-4000K-ELECTROBILSA.jpg\" \/>\n\t<meta property=\"og:image:width\" content=\"1\" \/>\n\t<meta property=\"og:image:height\" content=\"1\" \/>\n\t<meta property=\"og:image:type\" content=\"image\/jpeg\" \/>\n<meta name=\"twitter:card\" content=\"summary_large_image\" \/>\n<meta name=\"twitter:site\" content=\"@webmenaje\" \/>\n<script type=\"application\/ld+json\" class=\"yoast-schema-graph\">{\"@context\":\"https:\\\/\\\/schema.org\",\"@graph\":[{\"@type\":\"WebPage\",\"@id\":\"https:\\\/\\\/ledsolintel.com\\\/product\\\/2075004-aplique-solar-led-blanco-6w-900lm-4000k-electrobilsa\\\/\",\"url\":\"https:\\\/\\\/ledsolintel.com\\\/product\\\/2075004-aplique-solar-led-blanco-6w-900lm-4000k-electrobilsa\\\/\",\"name\":\"2075004 APLIQUE SOLAR LED BLANCO 6W 900lm 4000K ELECTROBILSA - Ledsolintel\",\"isPartOf\":{\"@id\":\"https:\\\/\\\/ledsolintel.com\\\/#website\"},\"primaryImageOfPage\":{\"@id\":\"https:\\\/\\\/ledsolintel.com\\\/product\\\/2075004-aplique-solar-led-blanco-6w-900lm-4000k-electrobilsa\\\/#primaryimage\"},\"image\":{\"@id\":\"https:\\\/\\\/ledsolintel.com\\\/product\\\/2075004-aplique-solar-led-blanco-6w-900lm-4000k-electrobilsa\\\/#primaryimage\"},\"thumbnailUrl\":\"https:\\\/\\\/ledsolintel.com\\\/wp-content\\\/uploads\\\/2024\\\/05\\\/25033-2075004-APLIQUE-SOLAR-LED-BLANCO-6W-900lm-4000K-ELECTROBILSA.jpg\",\"datePublished\":\"2024-05-22T13:07:49+00:00\",\"breadcrumb\":{\"@id\":\"https:\\\/\\\/ledsolintel.com\\\/product\\\/2075004-aplique-solar-led-blanco-6w-900lm-4000k-electrobilsa\\\/#breadcrumb\"},\"inLanguage\":\"fr-FR\",\"potentialAction\":[{\"@type\":\"ReadAction\",\"target\":[\"https:\\\/\\\/ledsolintel.com\\\/product\\\/2075004-aplique-solar-led-blanco-6w-900lm-4000k-electrobilsa\\\/\"]}]},{\"@type\":\"ImageObject\",\"inLanguage\":\"fr-FR\",\"@id\":\"https:\\\/\\\/ledsolintel.com\\\/product\\\/2075004-aplique-solar-led-blanco-6w-900lm-4000k-electrobilsa\\\/#primaryimage\",\"url\":\"https:\\\/\\\/ledsolintel.com\\\/wp-content\\\/uploads\\\/2024\\\/05\\\/25033-2075004-APLIQUE-SOLAR-LED-BLANCO-6W-900lm-4000K-ELECTROBILSA.jpg\",\"contentUrl\":\"https:\\\/\\\/ledsolintel.com\\\/wp-content\\\/uploads\\\/2024\\\/05\\\/25033-2075004-APLIQUE-SOLAR-LED-BLANCO-6W-900lm-4000K-ELECTROBILSA.jpg\",\"caption\":\"2075004 APLIQUE SOLAR LED BLANCO 6W 900lm 4000K ELECTROBILSA\"},{\"@type\":\"BreadcrumbList\",\"@id\":\"https:\\\/\\\/ledsolintel.com\\\/product\\\/2075004-aplique-solar-led-blanco-6w-900lm-4000k-electrobilsa\\\/#breadcrumb\",\"itemListElement\":[{\"@type\":\"ListItem\",\"position\":1,\"name\":\"Portada\",\"item\":\"https:\\\/\\\/ledsolintel.com\\\/fr\\\/\"},{\"@type\":\"ListItem\",\"position\":2,\"name\":\"Tienda\",\"item\":\"https:\\\/\\\/ledsolintel.com\\\/tienda\\\/\"},{\"@type\":\"ListItem\",\"position\":3,\"name\":\"2075004 APLIQUE SOLAR LED BLANCO 6W 900lm 4000K ELECTROBILSA\"}]},{\"@type\":\"WebSite\",\"@id\":\"https:\\\/\\\/ledsolintel.com\\\/#website\",\"url\":\"https:\\\/\\\/ledsolintel.com\\\/\",\"name\":\"Webmenaje\",\"description\":\"Tienda de bombillas y l\u00e1mparas LED para profesionales\",\"publisher\":{\"@id\":\"https:\\\/\\\/ledsolintel.com\\\/#organization\"},\"potentialAction\":[{\"@type\":\"SearchAction\",\"target\":{\"@type\":\"EntryPoint\",\"urlTemplate\":\"https:\\\/\\\/ledsolintel.com\\\/?s={search_term_string}\"},\"query-input\":{\"@type\":\"PropertyValueSpecification\",\"valueRequired\":true,\"valueName\":\"search_term_string\"}}],\"inLanguage\":\"fr-FR\"},{\"@type\":\"Organization\",\"@id\":\"https:\\\/\\\/ledsolintel.com\\\/#organization\",\"name\":\"Solintel Noroeste, S.L.\",\"url\":\"https:\\\/\\\/ledsolintel.com\\\/\",\"logo\":{\"@type\":\"ImageObject\",\"inLanguage\":\"fr-FR\",\"@id\":\"https:\\\/\\\/ledsolintel.com\\\/#\\\/schema\\\/logo\\\/image\\\/\",\"url\":\"https:\\\/\\\/ledsolintel.com\\\/wp-content\\\/uploads\\\/2024\\\/11\\\/webmenaje-logo-1508269066.jpg\",\"contentUrl\":\"https:\\\/\\\/ledsolintel.com\\\/wp-content\\\/uploads\\\/2024\\\/11\\\/webmenaje-logo-1508269066.jpg\",\"width\":370,\"height\":90,\"caption\":\"Solintel Noroeste, S.L.\"},\"image\":{\"@id\":\"https:\\\/\\\/ledsolintel.com\\\/#\\\/schema\\\/logo\\\/image\\\/\"},\"sameAs\":[\"http:\\\/\\\/www.facebook.com\\\/webmenaje\",\"https:\\\/\\\/x.com\\\/webmenaje\",\"https:\\\/\\\/www.youtube.com\\\/channel\\\/UCX2KoVoeCG4LocZjUc6LmSQ\",\"http:\\\/\\\/www.pinterest.com\\\/webmenaje\"]}]}<\/script>\n<!-- \/ Yoast SEO plugin. -->","yoast_head_json":{"title":"2075004 LED SOLAIRE BLANCHE 6W 900lm 4000K ELECTROBILSA - Ledsolintel","robots":{"index":"index","follow":"follow","max-snippet":"max-snippet:-1","max-image-preview":"max-image-preview:large","max-video-preview":"max-video-preview:-1"},"canonical":"https:\/\/ledsolintel.com\/fr\/produit-2\/2075004-lampe-solaire-murale-led-blanche-6w-900lm-4000k-electrobilsa\/","og_locale":"fr_FR","og_type":"article","og_title":"2075004 APLIQUE SOLAR LED BLANCO 6W 900lm 4000K ELECTROBILSA - Ledsolintel","og_description":"2 modos A1 &#8211; energ\u00eda de la bater\u00eda es superior al 30%: el aplique se enciende autom\u00e1ticamente por la noche y cambia al 100 % cuando detecta movimiento en el rango","og_url":"https:\/\/ledsolintel.com\/fr\/produit-2\/2075004-lampe-solaire-murale-led-blanche-6w-900lm-4000k-electrobilsa\/","og_site_name":"Ledsolintel","article_publisher":"http:\/\/www.facebook.com\/webmenaje","og_image":[{"url":"https:\/\/ledsolintel.com\/wp-content\/uploads\/2024\/05\/25033-2075004-APLIQUE-SOLAR-LED-BLANCO-6W-900lm-4000K-ELECTROBILSA.jpg","width":1,"height":1,"type":"image\/jpeg"}],"twitter_card":"summary_large_image","twitter_site":"@webmenaje","schema":{"@context":"https:\/\/schema.org","@graph":[{"@type":"WebPage","@id":"https:\/\/ledsolintel.com\/product\/2075004-aplique-solar-led-blanco-6w-900lm-4000k-electrobilsa\/","url":"https:\/\/ledsolintel.com\/product\/2075004-aplique-solar-led-blanco-6w-900lm-4000k-electrobilsa\/","name":"2075004 LED SOLAIRE BLANCHE 6W 900lm 4000K ELECTROBILSA - Ledsolintel","isPartOf":{"@id":"https:\/\/ledsolintel.com\/#website"},"primaryImageOfPage":{"@id":"https:\/\/ledsolintel.com\/product\/2075004-aplique-solar-led-blanco-6w-900lm-4000k-electrobilsa\/#primaryimage"},"image":{"@id":"https:\/\/ledsolintel.com\/product\/2075004-aplique-solar-led-blanco-6w-900lm-4000k-electrobilsa\/#primaryimage"},"thumbnailUrl":"https:\/\/ledsolintel.com\/wp-content\/uploads\/2024\/05\/25033-2075004-APLIQUE-SOLAR-LED-BLANCO-6W-900lm-4000K-ELECTROBILSA.jpg","datePublished":"2024-05-22T13:07:49+00:00","breadcrumb":{"@id":"https:\/\/ledsolintel.com\/product\/2075004-aplique-solar-led-blanco-6w-900lm-4000k-electrobilsa\/#breadcrumb"},"inLanguage":"fr-FR","potentialAction":[{"@type":"ReadAction","target":["https:\/\/ledsolintel.com\/product\/2075004-aplique-solar-led-blanco-6w-900lm-4000k-electrobilsa\/"]}]},{"@type":"ImageObject","inLanguage":"fr-FR","@id":"https:\/\/ledsolintel.com\/product\/2075004-aplique-solar-led-blanco-6w-900lm-4000k-electrobilsa\/#primaryimage","url":"https:\/\/ledsolintel.com\/wp-content\/uploads\/2024\/05\/25033-2075004-APLIQUE-SOLAR-LED-BLANCO-6W-900lm-4000K-ELECTROBILSA.jpg","contentUrl":"https:\/\/ledsolintel.com\/wp-content\/uploads\/2024\/05\/25033-2075004-APLIQUE-SOLAR-LED-BLANCO-6W-900lm-4000K-ELECTROBILSA.jpg","caption":"2075004 APLIQUE SOLAR LED BLANCO 6W 900lm 4000K ELECTROBILSA"},{"@type":"BreadcrumbList","@id":"https:\/\/ledsolintel.com\/product\/2075004-aplique-solar-led-blanco-6w-900lm-4000k-electrobilsa\/#breadcrumb","itemListElement":[{"@type":"ListItem","position":1,"name":"Portada","item":"https:\/\/ledsolintel.com\/fr\/"},{"@type":"ListItem","position":2,"name":"Tienda","item":"https:\/\/ledsolintel.com\/tienda\/"},{"@type":"ListItem","position":3,"name":"2075004 APLIQUE SOLAR LED BLANCO 6W 900lm 4000K ELECTROBILSA"}]},{"@type":"WebSite","@id":"https:\/\/ledsolintel.com\/#website","url":"https:\/\/ledsolintel.com\/","name":"Webmenaje","description":"Magasin d'ampoules et de lampes LED pour les professionnels","publisher":{"@id":"https:\/\/ledsolintel.com\/#organization"},"potentialAction":[{"@type":"SearchAction","target":{"@type":"EntryPoint","urlTemplate":"https:\/\/ledsolintel.com\/?s={search_term_string}"},"query-input":{"@type":"PropertyValueSpecification","valueRequired":true,"valueName":"search_term_string"}}],"inLanguage":"fr-FR"},{"@type":"Organization","@id":"https:\/\/ledsolintel.com\/#organization","name":"Solintel Noroeste, S.L.","url":"https:\/\/ledsolintel.com\/","logo":{"@type":"ImageObject","inLanguage":"fr-FR","@id":"https:\/\/ledsolintel.com\/#\/schema\/logo\/image\/","url":"https:\/\/ledsolintel.com\/wp-content\/uploads\/2024\/11\/webmenaje-logo-1508269066.jpg","contentUrl":"https:\/\/ledsolintel.com\/wp-content\/uploads\/2024\/11\/webmenaje-logo-1508269066.jpg","width":370,"height":90,"caption":"Solintel Noroeste, S.L."},"image":{"@id":"https:\/\/ledsolintel.com\/#\/schema\/logo\/image\/"},"sameAs":["http:\/\/www.facebook.com\/webmenaje","https:\/\/x.com\/webmenaje","https:\/\/www.youtube.com\/channel\/UCX2KoVoeCG4LocZjUc6LmSQ","http:\/\/www.pinterest.com\/webmenaje"]}]}},"_links":{"self":[{"href":"https:\/\/ledsolintel.com\/fr\/wp-json\/wp\/v2\/product\/250541","targetHints":{"allow":["GET"]}}],"collection":[{"href":"https:\/\/ledsolintel.com\/fr\/wp-json\/wp\/v2\/product"}],"about":[{"href":"https:\/\/ledsolintel.com\/fr\/wp-json\/wp\/v2\/types\/product"}],"version-history":[{"count":0,"href":"https:\/\/ledsolintel.com\/fr\/wp-json\/wp\/v2\/product\/250541\/revisions"}],"wp:featuredmedia":[{"embeddable":true,"href":"https:\/\/ledsolintel.com\/fr\/wp-json\/wp\/v2\/media\/250540"}],"wp:attachment":[{"href":"https:\/\/ledsolintel.com\/fr\/wp-json\/wp\/v2\/media?parent=250541"}],"wp:term":[{"taxonomy":"product_brand","embeddable":true,"href":"https:\/\/ledsolintel.com\/fr\/wp-json\/wp\/v2\/product_brand?post=250541"},{"taxonomy":"product_cat","embeddable":true,"href":"https:\/\/ledsolintel.com\/fr\/wp-json\/wp\/v2\/product_cat?post=250541"},{"taxonomy":"product_tag","embeddable":true,"href":"https:\/\/ledsolintel.com\/fr\/wp-json\/wp\/v2\/product_tag?post=250541"}],"curies":[{"name":"wp","href":"https:\/\/api.w.org\/{rel}","templated":true}]}}