{"id":250418,"date":"2024-05-22T15:07:49","date_gmt":"2024-05-22T13:07:49","guid":{"rendered":"https:\/\/nueva.ledsolintel.com\/product\/774-10mttubo-led-flexible-luz-azul-25w\/"},"modified":"2024-05-22T15:07:49","modified_gmt":"2024-05-22T13:07:49","slug":"774-10mttubo-led-flexible-luz-azul-25w","status":"publish","type":"product","link":"https:\/\/ledsolintel.com\/fr\/produit-2\/774-10mttubo-led-flexible-luz-azul-25w\/","title":{"rendered":"774 10mt.TUBE LED FLEXIBLE LUMIERE BLEUE 25W"},"content":{"rendered":"<p>Led : 3V\/20mA. Avec contr\u00f4leur d'effet et c\u00e2ble d'alimentation. Coup\u00e9 tous les 2 m\u00e8tres. Tube en PVC flexible rempli de silicone \u00e9lastique. R\u00e9sistant de -40\u00baC \u00e0 105\u00baC. Convient pour une utilisation en ext\u00e9rieur.<\/p>","protected":false},"excerpt":{"rendered":"<p>Led : 3V\/20mA. Avec contr\u00f4leur d'effet et c\u00e2ble d'alimentation. Coup\u00e9 tous les 2 m\u00e8tres. Tube en PVC flexible rempli de silicone \u00e9lastique. R\u00e9sistant de -40\u00baC \u00e0 105\u00baC. Convient pour une utilisation en ext\u00e9rieur.<\/p>","protected":false},"featured_media":250417,"template":"","meta":[],"product_brand":[99399],"product_cat":[99601],"product_tag":[],"class_list":{"0":"post-250418","1":"product","2":"type-product","3":"status-publish","4":"has-post-thumbnail","6":"product_brand-f-bright","7":"product_cat-gyemo","10":"instock","11":"taxable","12":"shipping-taxable","13":"purchasable","14":"product-type-simple"},"yoast_head":"<!-- This site is optimized with the Yoast SEO plugin v26.6 - https:\/\/yoast.com\/wordpress\/plugins\/seo\/ -->\n<title>774 10mt.TUBO LED FLEXIBLE LUZ AZUL 25W - Ledsolintel<\/title>\n<meta name=\"robots\" content=\"index, follow, max-snippet:-1, max-image-preview:large, max-video-preview:-1\" \/>\n<link rel=\"canonical\" href=\"https:\/\/ledsolintel.com\/fr\/produit-2\/774-10mttubo-led-flexible-luz-azul-25w\/\" \/>\n<meta property=\"og:locale\" content=\"fr_FR\" \/>\n<meta property=\"og:type\" content=\"article\" \/>\n<meta property=\"og:title\" content=\"774 10mt.TUBO LED FLEXIBLE LUZ AZUL 25W - Ledsolintel\" \/>\n<meta property=\"og:description\" content=\"Led: 3V\/20mA. Con controlador de efectos y cable alimentador. Corte cada 2 metros. Tubo de PVC flexible relleno de silicona el\u00e1stica. Resistente de -40\u00baC a 105\u00baC. Apto para exteriores.\" \/>\n<meta property=\"og:url\" content=\"https:\/\/ledsolintel.com\/fr\/produit-2\/774-10mttubo-led-flexible-luz-azul-25w\/\" \/>\n<meta property=\"og:site_name\" content=\"Ledsolintel\" \/>\n<meta property=\"article:publisher\" content=\"http:\/\/www.facebook.com\/webmenaje\" \/>\n<meta property=\"og:image\" content=\"https:\/\/ledsolintel.com\/wp-content\/uploads\/2024\/05\/24850-774-10mt.TUBO-LED-FLEXIBLE-LUZ-AZUL-25W.jpg\" \/>\n\t<meta property=\"og:image:width\" content=\"1\" \/>\n\t<meta property=\"og:image:height\" content=\"1\" \/>\n\t<meta property=\"og:image:type\" content=\"image\/jpeg\" \/>\n<meta name=\"twitter:card\" content=\"summary_large_image\" \/>\n<meta name=\"twitter:site\" content=\"@webmenaje\" \/>\n<script type=\"application\/ld+json\" class=\"yoast-schema-graph\">{\"@context\":\"https:\/\/schema.org\",\"@graph\":[{\"@type\":\"WebPage\",\"@id\":\"https:\/\/ledsolintel.com\/product\/774-10mttubo-led-flexible-luz-azul-25w\/\",\"url\":\"https:\/\/ledsolintel.com\/product\/774-10mttubo-led-flexible-luz-azul-25w\/\",\"name\":\"774 10mt.TUBO LED FLEXIBLE LUZ AZUL 25W - Ledsolintel\",\"isPartOf\":{\"@id\":\"https:\/\/ledsolintel.com\/#website\"},\"primaryImageOfPage\":{\"@id\":\"https:\/\/ledsolintel.com\/product\/774-10mttubo-led-flexible-luz-azul-25w\/#primaryimage\"},\"image\":{\"@id\":\"https:\/\/ledsolintel.com\/product\/774-10mttubo-led-flexible-luz-azul-25w\/#primaryimage\"},\"thumbnailUrl\":\"https:\/\/ledsolintel.com\/wp-content\/uploads\/2024\/05\/24850-774-10mt.TUBO-LED-FLEXIBLE-LUZ-AZUL-25W.jpg\",\"datePublished\":\"2024-05-22T13:07:49+00:00\",\"breadcrumb\":{\"@id\":\"https:\/\/ledsolintel.com\/product\/774-10mttubo-led-flexible-luz-azul-25w\/#breadcrumb\"},\"inLanguage\":\"fr-FR\",\"potentialAction\":[{\"@type\":\"ReadAction\",\"target\":[\"https:\/\/ledsolintel.com\/product\/774-10mttubo-led-flexible-luz-azul-25w\/\"]}]},{\"@type\":\"ImageObject\",\"inLanguage\":\"fr-FR\",\"@id\":\"https:\/\/ledsolintel.com\/product\/774-10mttubo-led-flexible-luz-azul-25w\/#primaryimage\",\"url\":\"https:\/\/ledsolintel.com\/wp-content\/uploads\/2024\/05\/24850-774-10mt.TUBO-LED-FLEXIBLE-LUZ-AZUL-25W.jpg\",\"contentUrl\":\"https:\/\/ledsolintel.com\/wp-content\/uploads\/2024\/05\/24850-774-10mt.TUBO-LED-FLEXIBLE-LUZ-AZUL-25W.jpg\",\"caption\":\"774 10mt.TUBO LED FLEXIBLE LUZ AZUL 25W\"},{\"@type\":\"BreadcrumbList\",\"@id\":\"https:\/\/ledsolintel.com\/product\/774-10mttubo-led-flexible-luz-azul-25w\/#breadcrumb\",\"itemListElement\":[{\"@type\":\"ListItem\",\"position\":1,\"name\":\"Portada\",\"item\":\"https:\/\/ledsolintel.com\/fr\/\"},{\"@type\":\"ListItem\",\"position\":2,\"name\":\"Tienda\",\"item\":\"https:\/\/ledsolintel.com\/tienda\/\"},{\"@type\":\"ListItem\",\"position\":3,\"name\":\"774 10mt.TUBO LED FLEXIBLE LUZ AZUL 25W\"}]},{\"@type\":\"WebSite\",\"@id\":\"https:\/\/ledsolintel.com\/#website\",\"url\":\"https:\/\/ledsolintel.com\/\",\"name\":\"Webmenaje\",\"description\":\"Tienda de bombillas y l\u00e1mparas LED para profesionales\",\"publisher\":{\"@id\":\"https:\/\/ledsolintel.com\/#organization\"},\"potentialAction\":[{\"@type\":\"SearchAction\",\"target\":{\"@type\":\"EntryPoint\",\"urlTemplate\":\"https:\/\/ledsolintel.com\/?s={search_term_string}\"},\"query-input\":{\"@type\":\"PropertyValueSpecification\",\"valueRequired\":true,\"valueName\":\"search_term_string\"}}],\"inLanguage\":\"fr-FR\"},{\"@type\":\"Organization\",\"@id\":\"https:\/\/ledsolintel.com\/#organization\",\"name\":\"Solintel Noroeste, S.L.\",\"url\":\"https:\/\/ledsolintel.com\/\",\"logo\":{\"@type\":\"ImageObject\",\"inLanguage\":\"fr-FR\",\"@id\":\"https:\/\/ledsolintel.com\/#\/schema\/logo\/image\/\",\"url\":\"https:\/\/ledsolintel.com\/wp-content\/uploads\/2024\/11\/webmenaje-logo-1508269066.jpg\",\"contentUrl\":\"https:\/\/ledsolintel.com\/wp-content\/uploads\/2024\/11\/webmenaje-logo-1508269066.jpg\",\"width\":370,\"height\":90,\"caption\":\"Solintel Noroeste, S.L.\"},\"image\":{\"@id\":\"https:\/\/ledsolintel.com\/#\/schema\/logo\/image\/\"},\"sameAs\":[\"http:\/\/www.facebook.com\/webmenaje\",\"https:\/\/x.com\/webmenaje\",\"https:\/\/www.youtube.com\/channel\/UCX2KoVoeCG4LocZjUc6LmSQ\",\"http:\/\/www.pinterest.com\/webmenaje\"]}]}<\/script>\n<!-- \/ Yoast SEO plugin. -->","yoast_head_json":{"title":"774 10mt.TUBO LED FLEXIBLE LUZ AZUL 25W - Ledsolintel","robots":{"index":"index","follow":"follow","max-snippet":"max-snippet:-1","max-image-preview":"max-image-preview:large","max-video-preview":"max-video-preview:-1"},"canonical":"https:\/\/ledsolintel.com\/fr\/produit-2\/774-10mttubo-led-flexible-luz-azul-25w\/","og_locale":"fr_FR","og_type":"article","og_title":"774 10mt.TUBO LED FLEXIBLE LUZ AZUL 25W - Ledsolintel","og_description":"Led: 3V\/20mA. Con controlador de efectos y cable alimentador. Corte cada 2 metros. Tubo de PVC flexible relleno de silicona el\u00e1stica. Resistente de -40\u00baC a 105\u00baC. Apto para exteriores.","og_url":"https:\/\/ledsolintel.com\/fr\/produit-2\/774-10mttubo-led-flexible-luz-azul-25w\/","og_site_name":"Ledsolintel","article_publisher":"http:\/\/www.facebook.com\/webmenaje","og_image":[{"url":"https:\/\/ledsolintel.com\/wp-content\/uploads\/2024\/05\/24850-774-10mt.TUBO-LED-FLEXIBLE-LUZ-AZUL-25W.jpg","width":1,"height":1,"type":"image\/jpeg"}],"twitter_card":"summary_large_image","twitter_site":"@webmenaje","schema":{"@context":"https:\/\/schema.org","@graph":[{"@type":"WebPage","@id":"https:\/\/ledsolintel.com\/product\/774-10mttubo-led-flexible-luz-azul-25w\/","url":"https:\/\/ledsolintel.com\/product\/774-10mttubo-led-flexible-luz-azul-25w\/","name":"774 10mt.TUBO LED FLEXIBLE LUZ AZUL 25W - Ledsolintel","isPartOf":{"@id":"https:\/\/ledsolintel.com\/#website"},"primaryImageOfPage":{"@id":"https:\/\/ledsolintel.com\/product\/774-10mttubo-led-flexible-luz-azul-25w\/#primaryimage"},"image":{"@id":"https:\/\/ledsolintel.com\/product\/774-10mttubo-led-flexible-luz-azul-25w\/#primaryimage"},"thumbnailUrl":"https:\/\/ledsolintel.com\/wp-content\/uploads\/2024\/05\/24850-774-10mt.TUBO-LED-FLEXIBLE-LUZ-AZUL-25W.jpg","datePublished":"2024-05-22T13:07:49+00:00","breadcrumb":{"@id":"https:\/\/ledsolintel.com\/product\/774-10mttubo-led-flexible-luz-azul-25w\/#breadcrumb"},"inLanguage":"fr-FR","potentialAction":[{"@type":"ReadAction","target":["https:\/\/ledsolintel.com\/product\/774-10mttubo-led-flexible-luz-azul-25w\/"]}]},{"@type":"ImageObject","inLanguage":"fr-FR","@id":"https:\/\/ledsolintel.com\/product\/774-10mttubo-led-flexible-luz-azul-25w\/#primaryimage","url":"https:\/\/ledsolintel.com\/wp-content\/uploads\/2024\/05\/24850-774-10mt.TUBO-LED-FLEXIBLE-LUZ-AZUL-25W.jpg","contentUrl":"https:\/\/ledsolintel.com\/wp-content\/uploads\/2024\/05\/24850-774-10mt.TUBO-LED-FLEXIBLE-LUZ-AZUL-25W.jpg","caption":"774 10mt.TUBO LED FLEXIBLE LUZ AZUL 25W"},{"@type":"BreadcrumbList","@id":"https:\/\/ledsolintel.com\/product\/774-10mttubo-led-flexible-luz-azul-25w\/#breadcrumb","itemListElement":[{"@type":"ListItem","position":1,"name":"Portada","item":"https:\/\/ledsolintel.com\/fr\/"},{"@type":"ListItem","position":2,"name":"Tienda","item":"https:\/\/ledsolintel.com\/tienda\/"},{"@type":"ListItem","position":3,"name":"774 10mt.TUBO LED FLEXIBLE LUZ AZUL 25W"}]},{"@type":"WebSite","@id":"https:\/\/ledsolintel.com\/#website","url":"https:\/\/ledsolintel.com\/","name":"Webmenaje","description":"Magasin d'ampoules et de lampes LED pour les professionnels","publisher":{"@id":"https:\/\/ledsolintel.com\/#organization"},"potentialAction":[{"@type":"SearchAction","target":{"@type":"EntryPoint","urlTemplate":"https:\/\/ledsolintel.com\/?s={search_term_string}"},"query-input":{"@type":"PropertyValueSpecification","valueRequired":true,"valueName":"search_term_string"}}],"inLanguage":"fr-FR"},{"@type":"Organization","@id":"https:\/\/ledsolintel.com\/#organization","name":"Solintel Noroeste, S.L.","url":"https:\/\/ledsolintel.com\/","logo":{"@type":"ImageObject","inLanguage":"fr-FR","@id":"https:\/\/ledsolintel.com\/#\/schema\/logo\/image\/","url":"https:\/\/ledsolintel.com\/wp-content\/uploads\/2024\/11\/webmenaje-logo-1508269066.jpg","contentUrl":"https:\/\/ledsolintel.com\/wp-content\/uploads\/2024\/11\/webmenaje-logo-1508269066.jpg","width":370,"height":90,"caption":"Solintel Noroeste, S.L."},"image":{"@id":"https:\/\/ledsolintel.com\/#\/schema\/logo\/image\/"},"sameAs":["http:\/\/www.facebook.com\/webmenaje","https:\/\/x.com\/webmenaje","https:\/\/www.youtube.com\/channel\/UCX2KoVoeCG4LocZjUc6LmSQ","http:\/\/www.pinterest.com\/webmenaje"]}]}},"_links":{"self":[{"href":"https:\/\/ledsolintel.com\/fr\/wp-json\/wp\/v2\/product\/250418","targetHints":{"allow":["GET"]}}],"collection":[{"href":"https:\/\/ledsolintel.com\/fr\/wp-json\/wp\/v2\/product"}],"about":[{"href":"https:\/\/ledsolintel.com\/fr\/wp-json\/wp\/v2\/types\/product"}],"version-history":[{"count":0,"href":"https:\/\/ledsolintel.com\/fr\/wp-json\/wp\/v2\/product\/250418\/revisions"}],"wp:featuredmedia":[{"embeddable":true,"href":"https:\/\/ledsolintel.com\/fr\/wp-json\/wp\/v2\/media\/250417"}],"wp:attachment":[{"href":"https:\/\/ledsolintel.com\/fr\/wp-json\/wp\/v2\/media?parent=250418"}],"wp:term":[{"taxonomy":"product_brand","embeddable":true,"href":"https:\/\/ledsolintel.com\/fr\/wp-json\/wp\/v2\/product_brand?post=250418"},{"taxonomy":"product_cat","embeddable":true,"href":"https:\/\/ledsolintel.com\/fr\/wp-json\/wp\/v2\/product_cat?post=250418"},{"taxonomy":"product_tag","embeddable":true,"href":"https:\/\/ledsolintel.com\/fr\/wp-json\/wp\/v2\/product_tag?post=250418"}],"curies":[{"name":"wp","href":"https:\/\/api.w.org\/{rel}","templated":true}]}}