{"id":250360,"date":"2024-05-22T15:07:49","date_gmt":"2024-05-22T13:07:49","guid":{"rendered":"https:\/\/nueva.ledsolintel.com\/product\/04018-aplique-exterior-cuadrado-gu10-12w-ip54-o68-negro-gamp-struhm\/"},"modified":"2024-05-22T15:07:49","modified_gmt":"2024-05-22T13:07:49","slug":"04018-aplique-exterior-cuadrado-gu10-12w-ip54-o68-negro-gamp-struhm","status":"publish","type":"product","link":"https:\/\/ledsolintel.com\/fr\/produit-2\/04018-aplique-exterior-cuadrado-gu10-12w-ip54-o68-negro-gamp-struhm\/","title":{"rendered":"04018 OUTDOOR WALL LAMP SQUARE GU10 12W IP54 \u00d868 BLACK GAMP STR\u00dcHM"},"content":{"rendered":"<p>Applique id\u00e9ale pour \u00e9clairer et fournir des points lumineux pour les ext\u00e9rieurs tels que les terrasses, les jardins et les fa\u00e7ades de maisons et d'immeubles.  Projette la lumi\u00e8re par le bas. Pour ampoule GU10 non incluse.<\/p>","protected":false},"excerpt":{"rendered":"<p>Applique id\u00e9ale pour \u00e9clairer et fournir des points lumineux pour les ext\u00e9rieurs tels que les terrasses, les jardins et les fa\u00e7ades de maisons et d'immeubles. Projette la lumi\u00e8re par le bas. Pour ampoule GU10 non incluse.<\/p>","protected":false},"featured_media":250359,"template":"","meta":[],"product_brand":[99455],"product_cat":[99601],"product_tag":[],"class_list":{"0":"post-250360","1":"product","2":"type-product","3":"status-publish","4":"has-post-thumbnail","6":"product_brand-strum","7":"product_cat-gyemo","10":"instock","11":"taxable","12":"shipping-taxable","13":"purchasable","14":"product-type-simple"},"yoast_head":"<!-- This site is optimized with the Yoast SEO plugin v26.6 - https:\/\/yoast.com\/wordpress\/plugins\/seo\/ -->\n<title>04018 APLIQUE EXTERIOR CUADRADO GU10 12W IP54 \u00d868 NEGRO GAMP STR\u00dcHM - Ledsolintel<\/title>\n<meta name=\"robots\" content=\"index, follow, max-snippet:-1, max-image-preview:large, max-video-preview:-1\" \/>\n<link rel=\"canonical\" href=\"https:\/\/ledsolintel.com\/fr\/produit-2\/04018-aplique-exterior-cuadrado-gu10-12w-ip54-o68-negro-gamp-struhm\/\" \/>\n<meta property=\"og:locale\" content=\"fr_FR\" \/>\n<meta property=\"og:type\" content=\"article\" \/>\n<meta property=\"og:title\" content=\"04018 APLIQUE EXTERIOR CUADRADO GU10 12W IP54 \u00d868 NEGRO GAMP STR\u00dcHM - Ledsolintel\" \/>\n<meta property=\"og:description\" content=\"Aplique ideal para iluminar y dar puntos de luz a exteriores como terrazas, jardines y fachadas de casa y edificios. Proyecta luz por la parte inferior. Para bombilla GU10 no inclu\u00edda.\" \/>\n<meta property=\"og:url\" content=\"https:\/\/ledsolintel.com\/fr\/produit-2\/04018-aplique-exterior-cuadrado-gu10-12w-ip54-o68-negro-gamp-struhm\/\" \/>\n<meta property=\"og:site_name\" content=\"Ledsolintel\" \/>\n<meta property=\"article:publisher\" content=\"http:\/\/www.facebook.com\/webmenaje\" \/>\n<meta property=\"og:image\" content=\"https:\/\/ledsolintel.com\/wp-content\/uploads\/2024\/05\/24796-04018-APLIQUE-EXTERIOR-CUADRADO-GU10-12W-IP54-O68-NEGRO-GAMP-STRUHM.jpg\" \/>\n\t<meta property=\"og:image:width\" content=\"1\" \/>\n\t<meta property=\"og:image:height\" content=\"1\" \/>\n\t<meta property=\"og:image:type\" content=\"image\/jpeg\" \/>\n<meta name=\"twitter:card\" content=\"summary_large_image\" \/>\n<meta name=\"twitter:site\" content=\"@webmenaje\" \/>\n<script type=\"application\/ld+json\" class=\"yoast-schema-graph\">{\"@context\":\"https:\/\/schema.org\",\"@graph\":[{\"@type\":\"WebPage\",\"@id\":\"https:\/\/ledsolintel.com\/product\/04018-aplique-exterior-cuadrado-gu10-12w-ip54-o68-negro-gamp-struhm\/\",\"url\":\"https:\/\/ledsolintel.com\/product\/04018-aplique-exterior-cuadrado-gu10-12w-ip54-o68-negro-gamp-struhm\/\",\"name\":\"04018 APLIQUE EXTERIOR CUADRADO GU10 12W IP54 \u00d868 NEGRO GAMP STR\u00dcHM - Ledsolintel\",\"isPartOf\":{\"@id\":\"https:\/\/ledsolintel.com\/#website\"},\"primaryImageOfPage\":{\"@id\":\"https:\/\/ledsolintel.com\/product\/04018-aplique-exterior-cuadrado-gu10-12w-ip54-o68-negro-gamp-struhm\/#primaryimage\"},\"image\":{\"@id\":\"https:\/\/ledsolintel.com\/product\/04018-aplique-exterior-cuadrado-gu10-12w-ip54-o68-negro-gamp-struhm\/#primaryimage\"},\"thumbnailUrl\":\"https:\/\/ledsolintel.com\/wp-content\/uploads\/2024\/05\/24796-04018-APLIQUE-EXTERIOR-CUADRADO-GU10-12W-IP54-O68-NEGRO-GAMP-STRUHM.jpg\",\"datePublished\":\"2024-05-22T13:07:49+00:00\",\"breadcrumb\":{\"@id\":\"https:\/\/ledsolintel.com\/product\/04018-aplique-exterior-cuadrado-gu10-12w-ip54-o68-negro-gamp-struhm\/#breadcrumb\"},\"inLanguage\":\"fr-FR\",\"potentialAction\":[{\"@type\":\"ReadAction\",\"target\":[\"https:\/\/ledsolintel.com\/product\/04018-aplique-exterior-cuadrado-gu10-12w-ip54-o68-negro-gamp-struhm\/\"]}]},{\"@type\":\"ImageObject\",\"inLanguage\":\"fr-FR\",\"@id\":\"https:\/\/ledsolintel.com\/product\/04018-aplique-exterior-cuadrado-gu10-12w-ip54-o68-negro-gamp-struhm\/#primaryimage\",\"url\":\"https:\/\/ledsolintel.com\/wp-content\/uploads\/2024\/05\/24796-04018-APLIQUE-EXTERIOR-CUADRADO-GU10-12W-IP54-O68-NEGRO-GAMP-STRUHM.jpg\",\"contentUrl\":\"https:\/\/ledsolintel.com\/wp-content\/uploads\/2024\/05\/24796-04018-APLIQUE-EXTERIOR-CUADRADO-GU10-12W-IP54-O68-NEGRO-GAMP-STRUHM.jpg\",\"caption\":\"04018 APLIQUE EXTERIOR CUADRADO GU10 12W IP54 \u00d868 NEGRO GAMP STR\u00dcHM\"},{\"@type\":\"BreadcrumbList\",\"@id\":\"https:\/\/ledsolintel.com\/product\/04018-aplique-exterior-cuadrado-gu10-12w-ip54-o68-negro-gamp-struhm\/#breadcrumb\",\"itemListElement\":[{\"@type\":\"ListItem\",\"position\":1,\"name\":\"Portada\",\"item\":\"https:\/\/ledsolintel.com\/fr\/\"},{\"@type\":\"ListItem\",\"position\":2,\"name\":\"Tienda\",\"item\":\"https:\/\/ledsolintel.com\/tienda\/\"},{\"@type\":\"ListItem\",\"position\":3,\"name\":\"04018 APLIQUE EXTERIOR CUADRADO GU10 12W IP54 \u00d868 NEGRO GAMP STR\u00dcHM\"}]},{\"@type\":\"WebSite\",\"@id\":\"https:\/\/ledsolintel.com\/#website\",\"url\":\"https:\/\/ledsolintel.com\/\",\"name\":\"Webmenaje\",\"description\":\"Tienda de bombillas y l\u00e1mparas LED para profesionales\",\"publisher\":{\"@id\":\"https:\/\/ledsolintel.com\/#organization\"},\"potentialAction\":[{\"@type\":\"SearchAction\",\"target\":{\"@type\":\"EntryPoint\",\"urlTemplate\":\"https:\/\/ledsolintel.com\/?s={search_term_string}\"},\"query-input\":{\"@type\":\"PropertyValueSpecification\",\"valueRequired\":true,\"valueName\":\"search_term_string\"}}],\"inLanguage\":\"fr-FR\"},{\"@type\":\"Organization\",\"@id\":\"https:\/\/ledsolintel.com\/#organization\",\"name\":\"Solintel Noroeste, S.L.\",\"url\":\"https:\/\/ledsolintel.com\/\",\"logo\":{\"@type\":\"ImageObject\",\"inLanguage\":\"fr-FR\",\"@id\":\"https:\/\/ledsolintel.com\/#\/schema\/logo\/image\/\",\"url\":\"https:\/\/ledsolintel.com\/wp-content\/uploads\/2024\/11\/webmenaje-logo-1508269066.jpg\",\"contentUrl\":\"https:\/\/ledsolintel.com\/wp-content\/uploads\/2024\/11\/webmenaje-logo-1508269066.jpg\",\"width\":370,\"height\":90,\"caption\":\"Solintel Noroeste, S.L.\"},\"image\":{\"@id\":\"https:\/\/ledsolintel.com\/#\/schema\/logo\/image\/\"},\"sameAs\":[\"http:\/\/www.facebook.com\/webmenaje\",\"https:\/\/x.com\/webmenaje\",\"https:\/\/www.youtube.com\/channel\/UCX2KoVoeCG4LocZjUc6LmSQ\",\"http:\/\/www.pinterest.com\/webmenaje\"]}]}<\/script>\n<!-- \/ Yoast SEO plugin. -->","yoast_head_json":{"title":"04018 APLIQUE EXTERIOR CUADRADO GU10 12W IP54 \u00d868 NEGRO GAMP STR\u00dcHM - Ledsolintel","robots":{"index":"index","follow":"follow","max-snippet":"max-snippet:-1","max-image-preview":"max-image-preview:large","max-video-preview":"max-video-preview:-1"},"canonical":"https:\/\/ledsolintel.com\/fr\/produit-2\/04018-aplique-exterior-cuadrado-gu10-12w-ip54-o68-negro-gamp-struhm\/","og_locale":"fr_FR","og_type":"article","og_title":"04018 APLIQUE EXTERIOR CUADRADO GU10 12W IP54 \u00d868 NEGRO GAMP STR\u00dcHM - Ledsolintel","og_description":"Aplique ideal para iluminar y dar puntos de luz a exteriores como terrazas, jardines y fachadas de casa y edificios. Proyecta luz por la parte inferior. Para bombilla GU10 no inclu\u00edda.","og_url":"https:\/\/ledsolintel.com\/fr\/produit-2\/04018-aplique-exterior-cuadrado-gu10-12w-ip54-o68-negro-gamp-struhm\/","og_site_name":"Ledsolintel","article_publisher":"http:\/\/www.facebook.com\/webmenaje","og_image":[{"url":"https:\/\/ledsolintel.com\/wp-content\/uploads\/2024\/05\/24796-04018-APLIQUE-EXTERIOR-CUADRADO-GU10-12W-IP54-O68-NEGRO-GAMP-STRUHM.jpg","width":1,"height":1,"type":"image\/jpeg"}],"twitter_card":"summary_large_image","twitter_site":"@webmenaje","schema":{"@context":"https:\/\/schema.org","@graph":[{"@type":"WebPage","@id":"https:\/\/ledsolintel.com\/product\/04018-aplique-exterior-cuadrado-gu10-12w-ip54-o68-negro-gamp-struhm\/","url":"https:\/\/ledsolintel.com\/product\/04018-aplique-exterior-cuadrado-gu10-12w-ip54-o68-negro-gamp-struhm\/","name":"04018 APLIQUE EXTERIOR CUADRADO GU10 12W IP54 \u00d868 NEGRO GAMP STR\u00dcHM - Ledsolintel","isPartOf":{"@id":"https:\/\/ledsolintel.com\/#website"},"primaryImageOfPage":{"@id":"https:\/\/ledsolintel.com\/product\/04018-aplique-exterior-cuadrado-gu10-12w-ip54-o68-negro-gamp-struhm\/#primaryimage"},"image":{"@id":"https:\/\/ledsolintel.com\/product\/04018-aplique-exterior-cuadrado-gu10-12w-ip54-o68-negro-gamp-struhm\/#primaryimage"},"thumbnailUrl":"https:\/\/ledsolintel.com\/wp-content\/uploads\/2024\/05\/24796-04018-APLIQUE-EXTERIOR-CUADRADO-GU10-12W-IP54-O68-NEGRO-GAMP-STRUHM.jpg","datePublished":"2024-05-22T13:07:49+00:00","breadcrumb":{"@id":"https:\/\/ledsolintel.com\/product\/04018-aplique-exterior-cuadrado-gu10-12w-ip54-o68-negro-gamp-struhm\/#breadcrumb"},"inLanguage":"fr-FR","potentialAction":[{"@type":"ReadAction","target":["https:\/\/ledsolintel.com\/product\/04018-aplique-exterior-cuadrado-gu10-12w-ip54-o68-negro-gamp-struhm\/"]}]},{"@type":"ImageObject","inLanguage":"fr-FR","@id":"https:\/\/ledsolintel.com\/product\/04018-aplique-exterior-cuadrado-gu10-12w-ip54-o68-negro-gamp-struhm\/#primaryimage","url":"https:\/\/ledsolintel.com\/wp-content\/uploads\/2024\/05\/24796-04018-APLIQUE-EXTERIOR-CUADRADO-GU10-12W-IP54-O68-NEGRO-GAMP-STRUHM.jpg","contentUrl":"https:\/\/ledsolintel.com\/wp-content\/uploads\/2024\/05\/24796-04018-APLIQUE-EXTERIOR-CUADRADO-GU10-12W-IP54-O68-NEGRO-GAMP-STRUHM.jpg","caption":"04018 APLIQUE EXTERIOR CUADRADO GU10 12W IP54 \u00d868 NEGRO GAMP STR\u00dcHM"},{"@type":"BreadcrumbList","@id":"https:\/\/ledsolintel.com\/product\/04018-aplique-exterior-cuadrado-gu10-12w-ip54-o68-negro-gamp-struhm\/#breadcrumb","itemListElement":[{"@type":"ListItem","position":1,"name":"Portada","item":"https:\/\/ledsolintel.com\/fr\/"},{"@type":"ListItem","position":2,"name":"Tienda","item":"https:\/\/ledsolintel.com\/tienda\/"},{"@type":"ListItem","position":3,"name":"04018 APLIQUE EXTERIOR CUADRADO GU10 12W IP54 \u00d868 NEGRO GAMP STR\u00dcHM"}]},{"@type":"WebSite","@id":"https:\/\/ledsolintel.com\/#website","url":"https:\/\/ledsolintel.com\/","name":"Webmenaje","description":"Magasin d'ampoules et de lampes LED pour les professionnels","publisher":{"@id":"https:\/\/ledsolintel.com\/#organization"},"potentialAction":[{"@type":"SearchAction","target":{"@type":"EntryPoint","urlTemplate":"https:\/\/ledsolintel.com\/?s={search_term_string}"},"query-input":{"@type":"PropertyValueSpecification","valueRequired":true,"valueName":"search_term_string"}}],"inLanguage":"fr-FR"},{"@type":"Organization","@id":"https:\/\/ledsolintel.com\/#organization","name":"Solintel Noroeste, S.L.","url":"https:\/\/ledsolintel.com\/","logo":{"@type":"ImageObject","inLanguage":"fr-FR","@id":"https:\/\/ledsolintel.com\/#\/schema\/logo\/image\/","url":"https:\/\/ledsolintel.com\/wp-content\/uploads\/2024\/11\/webmenaje-logo-1508269066.jpg","contentUrl":"https:\/\/ledsolintel.com\/wp-content\/uploads\/2024\/11\/webmenaje-logo-1508269066.jpg","width":370,"height":90,"caption":"Solintel Noroeste, S.L."},"image":{"@id":"https:\/\/ledsolintel.com\/#\/schema\/logo\/image\/"},"sameAs":["http:\/\/www.facebook.com\/webmenaje","https:\/\/x.com\/webmenaje","https:\/\/www.youtube.com\/channel\/UCX2KoVoeCG4LocZjUc6LmSQ","http:\/\/www.pinterest.com\/webmenaje"]}]}},"_links":{"self":[{"href":"https:\/\/ledsolintel.com\/fr\/wp-json\/wp\/v2\/product\/250360","targetHints":{"allow":["GET"]}}],"collection":[{"href":"https:\/\/ledsolintel.com\/fr\/wp-json\/wp\/v2\/product"}],"about":[{"href":"https:\/\/ledsolintel.com\/fr\/wp-json\/wp\/v2\/types\/product"}],"version-history":[{"count":0,"href":"https:\/\/ledsolintel.com\/fr\/wp-json\/wp\/v2\/product\/250360\/revisions"}],"wp:featuredmedia":[{"embeddable":true,"href":"https:\/\/ledsolintel.com\/fr\/wp-json\/wp\/v2\/media\/250359"}],"wp:attachment":[{"href":"https:\/\/ledsolintel.com\/fr\/wp-json\/wp\/v2\/media?parent=250360"}],"wp:term":[{"taxonomy":"product_brand","embeddable":true,"href":"https:\/\/ledsolintel.com\/fr\/wp-json\/wp\/v2\/product_brand?post=250360"},{"taxonomy":"product_cat","embeddable":true,"href":"https:\/\/ledsolintel.com\/fr\/wp-json\/wp\/v2\/product_cat?post=250360"},{"taxonomy":"product_tag","embeddable":true,"href":"https:\/\/ledsolintel.com\/fr\/wp-json\/wp\/v2\/product_tag?post=250360"}],"curies":[{"name":"wp","href":"https:\/\/api.w.org\/{rel}","templated":true}]}}