{"id":250311,"date":"2024-05-22T15:07:49","date_gmt":"2024-05-22T13:07:49","guid":{"rendered":"https:\/\/nueva.ledsolintel.com\/product\/206625-aplique-latern-alu-e27-ip44-225mm-ledvance\/"},"modified":"2024-05-22T15:07:49","modified_gmt":"2024-05-22T13:07:49","slug":"206625-lampe-murale-latern-alu-e27-ip44-225mm-ledvance","status":"publish","type":"product","link":"https:\/\/ledsolintel.com\/fr\/produit-2\/206625-lampe-murale-latern-alu-e27-ip44-225mm-ledvance\/","title":{"rendered":"206625 LAMPE LATERN ALU E27 IP44 225mm LEDVANCE"},"content":{"rendered":"<p>Cette applique d'ext\u00e9rieur aux lignes modernes et au design classique est fabriqu\u00e9e en aluminium moul\u00e9 sous pression de haute qualit\u00e9. Sa protection contre les \u00e9claboussures d'eau permet de l'installer dans les entr\u00e9es, les terrasses et les balcons. Elle est garantie 5 ans par Ledvance.<\/p>","protected":false},"excerpt":{"rendered":"<p>Cette applique d'ext\u00e9rieur aux lignes modernes et au design classique est fabriqu\u00e9e en aluminium moul\u00e9 sous pression de haute qualit\u00e9. Sa protection contre les \u00e9claboussures d'eau permet de l'installer dans les entr\u00e9es, les terrasses et les balcons. Elle est garantie 5 ans par Ledvance.<\/p>","protected":false},"featured_media":250305,"template":"","meta":[],"product_brand":[99393],"product_cat":[99601],"product_tag":[],"class_list":{"0":"post-250311","1":"product","2":"type-product","3":"status-publish","4":"has-post-thumbnail","6":"product_brand-ledvance","7":"product_cat-gyemo","10":"instock","11":"taxable","12":"shipping-taxable","13":"purchasable","14":"product-type-simple"},"yoast_head":"<!-- This site is optimized with the Yoast SEO plugin v26.6 - https:\/\/yoast.com\/wordpress\/plugins\/seo\/ -->\n<title>206625 APLIQUE LATERN ALU E27 IP44 225mm LEDVANCE - Ledsolintel<\/title>\n<meta name=\"robots\" content=\"index, follow, max-snippet:-1, max-image-preview:large, max-video-preview:-1\" \/>\n<link rel=\"canonical\" href=\"https:\/\/ledsolintel.com\/fr\/produit-2\/206625-lampe-murale-latern-alu-e27-ip44-225mm-ledvance\/\" \/>\n<meta property=\"og:locale\" content=\"fr_FR\" \/>\n<meta property=\"og:type\" content=\"article\" \/>\n<meta property=\"og:title\" content=\"206625 APLIQUE LATERN ALU E27 IP44 225mm LEDVANCE - Ledsolintel\" \/>\n<meta property=\"og:description\" content=\"Este aplique de exterior de l\u00edneas actuales y dise\u00f1o cl\u00e1sico est\u00e1 fabricado en aluminio inyectado de alta calidad. Su protecci\u00f3n contra las salpicaduras de agua permite su instalaci\u00f3n en entradas, patios y balcones. Con 5 a\u00f1os de garant\u00eda Ledvance.\" \/>\n<meta property=\"og:url\" content=\"https:\/\/ledsolintel.com\/fr\/produit-2\/206625-lampe-murale-latern-alu-e27-ip44-225mm-ledvance\/\" \/>\n<meta property=\"og:site_name\" content=\"Ledsolintel\" \/>\n<meta property=\"article:publisher\" content=\"http:\/\/www.facebook.com\/webmenaje\" \/>\n<meta property=\"og:image\" content=\"https:\/\/ledsolintel.com\/wp-content\/uploads\/2024\/05\/24726-206625-APLIQUE-LATERN-ALU-E27-IP44-225mm-LEDVANCE.jpg\" \/>\n\t<meta property=\"og:image:width\" content=\"1\" \/>\n\t<meta property=\"og:image:height\" content=\"1\" \/>\n\t<meta property=\"og:image:type\" content=\"image\/jpeg\" \/>\n<meta name=\"twitter:card\" content=\"summary_large_image\" \/>\n<meta name=\"twitter:site\" content=\"@webmenaje\" \/>\n<script type=\"application\/ld+json\" class=\"yoast-schema-graph\">{\"@context\":\"https:\/\/schema.org\",\"@graph\":[{\"@type\":\"WebPage\",\"@id\":\"https:\/\/ledsolintel.com\/product\/206625-aplique-latern-alu-e27-ip44-225mm-ledvance\/\",\"url\":\"https:\/\/ledsolintel.com\/product\/206625-aplique-latern-alu-e27-ip44-225mm-ledvance\/\",\"name\":\"206625 APLIQUE LATERN ALU E27 IP44 225mm LEDVANCE - Ledsolintel\",\"isPartOf\":{\"@id\":\"https:\/\/ledsolintel.com\/#website\"},\"primaryImageOfPage\":{\"@id\":\"https:\/\/ledsolintel.com\/product\/206625-aplique-latern-alu-e27-ip44-225mm-ledvance\/#primaryimage\"},\"image\":{\"@id\":\"https:\/\/ledsolintel.com\/product\/206625-aplique-latern-alu-e27-ip44-225mm-ledvance\/#primaryimage\"},\"thumbnailUrl\":\"https:\/\/ledsolintel.com\/wp-content\/uploads\/2024\/05\/24726-206625-APLIQUE-LATERN-ALU-E27-IP44-225mm-LEDVANCE.jpg\",\"datePublished\":\"2024-05-22T13:07:49+00:00\",\"breadcrumb\":{\"@id\":\"https:\/\/ledsolintel.com\/product\/206625-aplique-latern-alu-e27-ip44-225mm-ledvance\/#breadcrumb\"},\"inLanguage\":\"fr-FR\",\"potentialAction\":[{\"@type\":\"ReadAction\",\"target\":[\"https:\/\/ledsolintel.com\/product\/206625-aplique-latern-alu-e27-ip44-225mm-ledvance\/\"]}]},{\"@type\":\"ImageObject\",\"inLanguage\":\"fr-FR\",\"@id\":\"https:\/\/ledsolintel.com\/product\/206625-aplique-latern-alu-e27-ip44-225mm-ledvance\/#primaryimage\",\"url\":\"https:\/\/ledsolintel.com\/wp-content\/uploads\/2024\/05\/24726-206625-APLIQUE-LATERN-ALU-E27-IP44-225mm-LEDVANCE.jpg\",\"contentUrl\":\"https:\/\/ledsolintel.com\/wp-content\/uploads\/2024\/05\/24726-206625-APLIQUE-LATERN-ALU-E27-IP44-225mm-LEDVANCE.jpg\",\"caption\":\"206625 APLIQUE LATERN ALU E27 IP44 225mm LEDVANCE\"},{\"@type\":\"BreadcrumbList\",\"@id\":\"https:\/\/ledsolintel.com\/product\/206625-aplique-latern-alu-e27-ip44-225mm-ledvance\/#breadcrumb\",\"itemListElement\":[{\"@type\":\"ListItem\",\"position\":1,\"name\":\"Portada\",\"item\":\"https:\/\/ledsolintel.com\/fr\/\"},{\"@type\":\"ListItem\",\"position\":2,\"name\":\"Tienda\",\"item\":\"https:\/\/ledsolintel.com\/tienda\/\"},{\"@type\":\"ListItem\",\"position\":3,\"name\":\"206625 APLIQUE LATERN ALU E27 IP44 225mm LEDVANCE\"}]},{\"@type\":\"WebSite\",\"@id\":\"https:\/\/ledsolintel.com\/#website\",\"url\":\"https:\/\/ledsolintel.com\/\",\"name\":\"Webmenaje\",\"description\":\"Tienda de bombillas y l\u00e1mparas LED para profesionales\",\"publisher\":{\"@id\":\"https:\/\/ledsolintel.com\/#organization\"},\"potentialAction\":[{\"@type\":\"SearchAction\",\"target\":{\"@type\":\"EntryPoint\",\"urlTemplate\":\"https:\/\/ledsolintel.com\/?s={search_term_string}\"},\"query-input\":{\"@type\":\"PropertyValueSpecification\",\"valueRequired\":true,\"valueName\":\"search_term_string\"}}],\"inLanguage\":\"fr-FR\"},{\"@type\":\"Organization\",\"@id\":\"https:\/\/ledsolintel.com\/#organization\",\"name\":\"Solintel Noroeste, S.L.\",\"url\":\"https:\/\/ledsolintel.com\/\",\"logo\":{\"@type\":\"ImageObject\",\"inLanguage\":\"fr-FR\",\"@id\":\"https:\/\/ledsolintel.com\/#\/schema\/logo\/image\/\",\"url\":\"https:\/\/ledsolintel.com\/wp-content\/uploads\/2024\/11\/webmenaje-logo-1508269066.jpg\",\"contentUrl\":\"https:\/\/ledsolintel.com\/wp-content\/uploads\/2024\/11\/webmenaje-logo-1508269066.jpg\",\"width\":370,\"height\":90,\"caption\":\"Solintel Noroeste, S.L.\"},\"image\":{\"@id\":\"https:\/\/ledsolintel.com\/#\/schema\/logo\/image\/\"},\"sameAs\":[\"http:\/\/www.facebook.com\/webmenaje\",\"https:\/\/x.com\/webmenaje\",\"https:\/\/www.youtube.com\/channel\/UCX2KoVoeCG4LocZjUc6LmSQ\",\"http:\/\/www.pinterest.com\/webmenaje\"]}]}<\/script>\n<!-- \/ Yoast SEO plugin. -->","yoast_head_json":{"title":"206625 LAMPE LATERN ALU E27 IP44 225mm LEDVANCE - Ledsolintel","robots":{"index":"index","follow":"follow","max-snippet":"max-snippet:-1","max-image-preview":"max-image-preview:large","max-video-preview":"max-video-preview:-1"},"canonical":"https:\/\/ledsolintel.com\/fr\/produit-2\/206625-lampe-murale-latern-alu-e27-ip44-225mm-ledvance\/","og_locale":"fr_FR","og_type":"article","og_title":"206625 APLIQUE LATERN ALU E27 IP44 225mm LEDVANCE - Ledsolintel","og_description":"Este aplique de exterior de l\u00edneas actuales y dise\u00f1o cl\u00e1sico est\u00e1 fabricado en aluminio inyectado de alta calidad. Su protecci\u00f3n contra las salpicaduras de agua permite su instalaci\u00f3n en entradas, patios y balcones. Con 5 a\u00f1os de garant\u00eda Ledvance.","og_url":"https:\/\/ledsolintel.com\/fr\/produit-2\/206625-lampe-murale-latern-alu-e27-ip44-225mm-ledvance\/","og_site_name":"Ledsolintel","article_publisher":"http:\/\/www.facebook.com\/webmenaje","og_image":[{"url":"https:\/\/ledsolintel.com\/wp-content\/uploads\/2024\/05\/24726-206625-APLIQUE-LATERN-ALU-E27-IP44-225mm-LEDVANCE.jpg","width":1,"height":1,"type":"image\/jpeg"}],"twitter_card":"summary_large_image","twitter_site":"@webmenaje","schema":{"@context":"https:\/\/schema.org","@graph":[{"@type":"WebPage","@id":"https:\/\/ledsolintel.com\/product\/206625-aplique-latern-alu-e27-ip44-225mm-ledvance\/","url":"https:\/\/ledsolintel.com\/product\/206625-aplique-latern-alu-e27-ip44-225mm-ledvance\/","name":"206625 LAMPE LATERN ALU E27 IP44 225mm LEDVANCE - Ledsolintel","isPartOf":{"@id":"https:\/\/ledsolintel.com\/#website"},"primaryImageOfPage":{"@id":"https:\/\/ledsolintel.com\/product\/206625-aplique-latern-alu-e27-ip44-225mm-ledvance\/#primaryimage"},"image":{"@id":"https:\/\/ledsolintel.com\/product\/206625-aplique-latern-alu-e27-ip44-225mm-ledvance\/#primaryimage"},"thumbnailUrl":"https:\/\/ledsolintel.com\/wp-content\/uploads\/2024\/05\/24726-206625-APLIQUE-LATERN-ALU-E27-IP44-225mm-LEDVANCE.jpg","datePublished":"2024-05-22T13:07:49+00:00","breadcrumb":{"@id":"https:\/\/ledsolintel.com\/product\/206625-aplique-latern-alu-e27-ip44-225mm-ledvance\/#breadcrumb"},"inLanguage":"fr-FR","potentialAction":[{"@type":"ReadAction","target":["https:\/\/ledsolintel.com\/product\/206625-aplique-latern-alu-e27-ip44-225mm-ledvance\/"]}]},{"@type":"ImageObject","inLanguage":"fr-FR","@id":"https:\/\/ledsolintel.com\/product\/206625-aplique-latern-alu-e27-ip44-225mm-ledvance\/#primaryimage","url":"https:\/\/ledsolintel.com\/wp-content\/uploads\/2024\/05\/24726-206625-APLIQUE-LATERN-ALU-E27-IP44-225mm-LEDVANCE.jpg","contentUrl":"https:\/\/ledsolintel.com\/wp-content\/uploads\/2024\/05\/24726-206625-APLIQUE-LATERN-ALU-E27-IP44-225mm-LEDVANCE.jpg","caption":"206625 APLIQUE LATERN ALU E27 IP44 225mm LEDVANCE"},{"@type":"BreadcrumbList","@id":"https:\/\/ledsolintel.com\/product\/206625-aplique-latern-alu-e27-ip44-225mm-ledvance\/#breadcrumb","itemListElement":[{"@type":"ListItem","position":1,"name":"Portada","item":"https:\/\/ledsolintel.com\/fr\/"},{"@type":"ListItem","position":2,"name":"Tienda","item":"https:\/\/ledsolintel.com\/tienda\/"},{"@type":"ListItem","position":3,"name":"206625 APLIQUE LATERN ALU E27 IP44 225mm LEDVANCE"}]},{"@type":"WebSite","@id":"https:\/\/ledsolintel.com\/#website","url":"https:\/\/ledsolintel.com\/","name":"Webmenaje","description":"Magasin d'ampoules et de lampes LED pour les professionnels","publisher":{"@id":"https:\/\/ledsolintel.com\/#organization"},"potentialAction":[{"@type":"SearchAction","target":{"@type":"EntryPoint","urlTemplate":"https:\/\/ledsolintel.com\/?s={search_term_string}"},"query-input":{"@type":"PropertyValueSpecification","valueRequired":true,"valueName":"search_term_string"}}],"inLanguage":"fr-FR"},{"@type":"Organization","@id":"https:\/\/ledsolintel.com\/#organization","name":"Solintel Noroeste, S.L.","url":"https:\/\/ledsolintel.com\/","logo":{"@type":"ImageObject","inLanguage":"fr-FR","@id":"https:\/\/ledsolintel.com\/#\/schema\/logo\/image\/","url":"https:\/\/ledsolintel.com\/wp-content\/uploads\/2024\/11\/webmenaje-logo-1508269066.jpg","contentUrl":"https:\/\/ledsolintel.com\/wp-content\/uploads\/2024\/11\/webmenaje-logo-1508269066.jpg","width":370,"height":90,"caption":"Solintel Noroeste, S.L."},"image":{"@id":"https:\/\/ledsolintel.com\/#\/schema\/logo\/image\/"},"sameAs":["http:\/\/www.facebook.com\/webmenaje","https:\/\/x.com\/webmenaje","https:\/\/www.youtube.com\/channel\/UCX2KoVoeCG4LocZjUc6LmSQ","http:\/\/www.pinterest.com\/webmenaje"]}]}},"_links":{"self":[{"href":"https:\/\/ledsolintel.com\/fr\/wp-json\/wp\/v2\/product\/250311","targetHints":{"allow":["GET"]}}],"collection":[{"href":"https:\/\/ledsolintel.com\/fr\/wp-json\/wp\/v2\/product"}],"about":[{"href":"https:\/\/ledsolintel.com\/fr\/wp-json\/wp\/v2\/types\/product"}],"version-history":[{"count":0,"href":"https:\/\/ledsolintel.com\/fr\/wp-json\/wp\/v2\/product\/250311\/revisions"}],"wp:featuredmedia":[{"embeddable":true,"href":"https:\/\/ledsolintel.com\/fr\/wp-json\/wp\/v2\/media\/250305"}],"wp:attachment":[{"href":"https:\/\/ledsolintel.com\/fr\/wp-json\/wp\/v2\/media?parent=250311"}],"wp:term":[{"taxonomy":"product_brand","embeddable":true,"href":"https:\/\/ledsolintel.com\/fr\/wp-json\/wp\/v2\/product_brand?post=250311"},{"taxonomy":"product_cat","embeddable":true,"href":"https:\/\/ledsolintel.com\/fr\/wp-json\/wp\/v2\/product_cat?post=250311"},{"taxonomy":"product_tag","embeddable":true,"href":"https:\/\/ledsolintel.com\/fr\/wp-json\/wp\/v2\/product_tag?post=250311"}],"curies":[{"name":"wp","href":"https:\/\/api.w.org\/{rel}","templated":true}]}}