{"id":250283,"date":"2024-05-22T15:07:49","date_gmt":"2024-05-22T13:07:49","guid":{"rendered":"https:\/\/nueva.ledsolintel.com\/product\/7100-blanco-aplique-decorativo-de-exterior\/"},"modified":"2024-05-22T15:07:49","modified_gmt":"2024-05-22T13:07:49","slug":"7100-blanco-aplique-decorativo-de-exterior","status":"publish","type":"product","link":"https:\/\/ledsolintel.com\/fr\/produit-2\/7100-blanco-aplique-decorativo-de-exterior\/","title":{"rendered":"APPLIQUE D\u00c9CORATIVE D'EXT\u00c9RIEUR 7100 BLANCHE"},"content":{"rendered":"<p>Entr\u00e9e de c\u00e2ble de 16 mm. Fermeture de l'applique en tournant le verre. Raccordement et fixation de la douille sans vis. R\u00e9flecteur encastr\u00e9 en aluminium avec vis de fixation en acier zingu\u00e9. Base en thermoplastique. Diffuseur en verre.<\/p>","protected":false},"excerpt":{"rendered":"<p>Entr\u00e9e de c\u00e2ble de 16 mm. Fermeture de l'applique en tournant le verre. Raccordement et fixation de la douille sans vis. R\u00e9flecteur encastr\u00e9 en aluminium avec vis de fixation en acier zingu\u00e9. Base en thermoplastique. Diffuseur en verre.<\/p>","protected":false},"featured_media":250282,"template":"","meta":[],"product_brand":[99465],"product_cat":[99601],"product_tag":[],"class_list":{"0":"post-250283","1":"product","2":"type-product","3":"status-publish","4":"has-post-thumbnail","6":"product_brand-fenoplastica","7":"product_cat-gyemo","10":"instock","11":"taxable","12":"shipping-taxable","13":"purchasable","14":"product-type-simple"},"yoast_head":"<!-- This site is optimized with the Yoast SEO plugin v26.6 - https:\/\/yoast.com\/wordpress\/plugins\/seo\/ -->\n<title>7100 BLANCO APLIQUE DECORATIVO DE EXTERIOR - Ledsolintel<\/title>\n<meta name=\"robots\" content=\"index, follow, max-snippet:-1, max-image-preview:large, max-video-preview:-1\" \/>\n<link rel=\"canonical\" href=\"https:\/\/ledsolintel.com\/fr\/produit\/7100-blanco-aplique-decorativo-de-exterior\/\" \/>\n<meta property=\"og:locale\" content=\"fr_FR\" \/>\n<meta property=\"og:type\" content=\"article\" \/>\n<meta property=\"og:title\" content=\"7100 BLANCO APLIQUE DECORATIVO DE EXTERIOR - Ledsolintel\" \/>\n<meta property=\"og:description\" content=\"Entrada de 16 mm para cable. Cierre del aplique mediante giro del vidrio. Conexi\u00f3n y fijaci\u00f3n del portal\u00e1mparas sin tornillos. Reflector de aluminio embutido, dotado de tornillo de fijaci\u00f3n en acero zincado. Base en termopl\u00e1stico. Difusor de vidrio.\" \/>\n<meta property=\"og:url\" content=\"https:\/\/ledsolintel.com\/fr\/produit\/7100-blanco-aplique-decorativo-de-exterior\/\" \/>\n<meta property=\"og:site_name\" content=\"Ledsolintel\" \/>\n<meta property=\"article:publisher\" content=\"http:\/\/www.facebook.com\/webmenaje\" \/>\n<meta property=\"og:image\" content=\"https:\/\/ledsolintel.com\/wp-content\/uploads\/2024\/05\/24708-7100-BLANCO-APLIQUE-DECORATIVO-DE-EXTERIOR.jpg\" \/>\n\t<meta property=\"og:image:width\" content=\"1\" \/>\n\t<meta property=\"og:image:height\" content=\"1\" \/>\n\t<meta property=\"og:image:type\" content=\"image\/jpeg\" \/>\n<meta name=\"twitter:card\" content=\"summary_large_image\" \/>\n<meta name=\"twitter:site\" content=\"@webmenaje\" \/>\n<script type=\"application\/ld+json\" class=\"yoast-schema-graph\">{\"@context\":\"https:\/\/schema.org\",\"@graph\":[{\"@type\":\"WebPage\",\"@id\":\"https:\/\/ledsolintel.com\/en\/product\/7100-blanco-aplique-decorativo-de-exterior\/\",\"url\":\"https:\/\/ledsolintel.com\/en\/product\/7100-blanco-aplique-decorativo-de-exterior\/\",\"name\":\"7100 BLANCO APLIQUE DECORATIVO DE EXTERIOR - Ledsolintel\",\"isPartOf\":{\"@id\":\"https:\/\/ledsolintel.com\/#website\"},\"primaryImageOfPage\":{\"@id\":\"https:\/\/ledsolintel.com\/en\/product\/7100-blanco-aplique-decorativo-de-exterior\/#primaryimage\"},\"image\":{\"@id\":\"https:\/\/ledsolintel.com\/en\/product\/7100-blanco-aplique-decorativo-de-exterior\/#primaryimage\"},\"thumbnailUrl\":\"https:\/\/ledsolintel.com\/wp-content\/uploads\/2024\/05\/24708-7100-BLANCO-APLIQUE-DECORATIVO-DE-EXTERIOR.jpg\",\"datePublished\":\"2024-05-22T13:07:49+00:00\",\"breadcrumb\":{\"@id\":\"https:\/\/ledsolintel.com\/en\/product\/7100-blanco-aplique-decorativo-de-exterior\/#breadcrumb\"},\"inLanguage\":\"fr-FR\",\"potentialAction\":[{\"@type\":\"ReadAction\",\"target\":[\"https:\/\/ledsolintel.com\/en\/product\/7100-blanco-aplique-decorativo-de-exterior\/\"]}]},{\"@type\":\"ImageObject\",\"inLanguage\":\"fr-FR\",\"@id\":\"https:\/\/ledsolintel.com\/en\/product\/7100-blanco-aplique-decorativo-de-exterior\/#primaryimage\",\"url\":\"https:\/\/ledsolintel.com\/wp-content\/uploads\/2024\/05\/24708-7100-BLANCO-APLIQUE-DECORATIVO-DE-EXTERIOR.jpg\",\"contentUrl\":\"https:\/\/ledsolintel.com\/wp-content\/uploads\/2024\/05\/24708-7100-BLANCO-APLIQUE-DECORATIVO-DE-EXTERIOR.jpg\",\"caption\":\"7100 BLANCO APLIQUE DECORATIVO DE EXTERIOR\"},{\"@type\":\"BreadcrumbList\",\"@id\":\"https:\/\/ledsolintel.com\/en\/product\/7100-blanco-aplique-decorativo-de-exterior\/#breadcrumb\",\"itemListElement\":[{\"@type\":\"ListItem\",\"position\":1,\"name\":\"Portada\",\"item\":\"https:\/\/ledsolintel.com\/fr\/\"},{\"@type\":\"ListItem\",\"position\":2,\"name\":\"Tienda\",\"item\":\"https:\/\/ledsolintel.com\/tienda\/\"},{\"@type\":\"ListItem\",\"position\":3,\"name\":\"7100 BLANCO APLIQUE DECORATIVO DE EXTERIOR\"}]},{\"@type\":\"WebSite\",\"@id\":\"https:\/\/ledsolintel.com\/#website\",\"url\":\"https:\/\/ledsolintel.com\/\",\"name\":\"Webmenaje\",\"description\":\"Tienda de bombillas y l\u00e1mparas LED para profesionales\",\"publisher\":{\"@id\":\"https:\/\/ledsolintel.com\/#organization\"},\"potentialAction\":[{\"@type\":\"SearchAction\",\"target\":{\"@type\":\"EntryPoint\",\"urlTemplate\":\"https:\/\/ledsolintel.com\/?s={search_term_string}\"},\"query-input\":{\"@type\":\"PropertyValueSpecification\",\"valueRequired\":true,\"valueName\":\"search_term_string\"}}],\"inLanguage\":\"fr-FR\"},{\"@type\":\"Organization\",\"@id\":\"https:\/\/ledsolintel.com\/#organization\",\"name\":\"Solintel Noroeste, S.L.\",\"url\":\"https:\/\/ledsolintel.com\/\",\"logo\":{\"@type\":\"ImageObject\",\"inLanguage\":\"fr-FR\",\"@id\":\"https:\/\/ledsolintel.com\/#\/schema\/logo\/image\/\",\"url\":\"https:\/\/ledsolintel.com\/wp-content\/uploads\/2024\/11\/webmenaje-logo-1508269066.jpg\",\"contentUrl\":\"https:\/\/ledsolintel.com\/wp-content\/uploads\/2024\/11\/webmenaje-logo-1508269066.jpg\",\"width\":370,\"height\":90,\"caption\":\"Solintel Noroeste, S.L.\"},\"image\":{\"@id\":\"https:\/\/ledsolintel.com\/#\/schema\/logo\/image\/\"},\"sameAs\":[\"http:\/\/www.facebook.com\/webmenaje\",\"https:\/\/x.com\/webmenaje\",\"https:\/\/www.youtube.com\/channel\/UCX2KoVoeCG4LocZjUc6LmSQ\",\"http:\/\/www.pinterest.com\/webmenaje\"]}]}<\/script>\n<!-- \/ Yoast SEO plugin. -->","yoast_head_json":{"title":"7100 BLANCO APLIQUE DECORATIVO DE EXTERIOR - Ledsolintel","robots":{"index":"index","follow":"follow","max-snippet":"max-snippet:-1","max-image-preview":"max-image-preview:large","max-video-preview":"max-video-preview:-1"},"canonical":"https:\/\/ledsolintel.com\/fr\/produit\/7100-blanco-aplique-decorativo-de-exterior\/","og_locale":"fr_FR","og_type":"article","og_title":"7100 BLANCO APLIQUE DECORATIVO DE EXTERIOR - Ledsolintel","og_description":"Entrada de 16 mm para cable. Cierre del aplique mediante giro del vidrio. Conexi\u00f3n y fijaci\u00f3n del portal\u00e1mparas sin tornillos. Reflector de aluminio embutido, dotado de tornillo de fijaci\u00f3n en acero zincado. Base en termopl\u00e1stico. Difusor de vidrio.","og_url":"https:\/\/ledsolintel.com\/fr\/produit\/7100-blanco-aplique-decorativo-de-exterior\/","og_site_name":"Ledsolintel","article_publisher":"http:\/\/www.facebook.com\/webmenaje","og_image":[{"url":"https:\/\/ledsolintel.com\/wp-content\/uploads\/2024\/05\/24708-7100-BLANCO-APLIQUE-DECORATIVO-DE-EXTERIOR.jpg","width":1,"height":1,"type":"image\/jpeg"}],"twitter_card":"summary_large_image","twitter_site":"@webmenaje","schema":{"@context":"https:\/\/schema.org","@graph":[{"@type":"WebPage","@id":"https:\/\/ledsolintel.com\/en\/product\/7100-blanco-aplique-decorativo-de-exterior\/","url":"https:\/\/ledsolintel.com\/en\/product\/7100-blanco-aplique-decorativo-de-exterior\/","name":"7100 BLANCO APLIQUE DECORATIVO DE EXTERIOR - Ledsolintel","isPartOf":{"@id":"https:\/\/ledsolintel.com\/#website"},"primaryImageOfPage":{"@id":"https:\/\/ledsolintel.com\/en\/product\/7100-blanco-aplique-decorativo-de-exterior\/#primaryimage"},"image":{"@id":"https:\/\/ledsolintel.com\/en\/product\/7100-blanco-aplique-decorativo-de-exterior\/#primaryimage"},"thumbnailUrl":"https:\/\/ledsolintel.com\/wp-content\/uploads\/2024\/05\/24708-7100-BLANCO-APLIQUE-DECORATIVO-DE-EXTERIOR.jpg","datePublished":"2024-05-22T13:07:49+00:00","breadcrumb":{"@id":"https:\/\/ledsolintel.com\/en\/product\/7100-blanco-aplique-decorativo-de-exterior\/#breadcrumb"},"inLanguage":"fr-FR","potentialAction":[{"@type":"ReadAction","target":["https:\/\/ledsolintel.com\/en\/product\/7100-blanco-aplique-decorativo-de-exterior\/"]}]},{"@type":"ImageObject","inLanguage":"fr-FR","@id":"https:\/\/ledsolintel.com\/en\/product\/7100-blanco-aplique-decorativo-de-exterior\/#primaryimage","url":"https:\/\/ledsolintel.com\/wp-content\/uploads\/2024\/05\/24708-7100-BLANCO-APLIQUE-DECORATIVO-DE-EXTERIOR.jpg","contentUrl":"https:\/\/ledsolintel.com\/wp-content\/uploads\/2024\/05\/24708-7100-BLANCO-APLIQUE-DECORATIVO-DE-EXTERIOR.jpg","caption":"7100 BLANCO APLIQUE DECORATIVO DE EXTERIOR"},{"@type":"BreadcrumbList","@id":"https:\/\/ledsolintel.com\/en\/product\/7100-blanco-aplique-decorativo-de-exterior\/#breadcrumb","itemListElement":[{"@type":"ListItem","position":1,"name":"Portada","item":"https:\/\/ledsolintel.com\/fr\/"},{"@type":"ListItem","position":2,"name":"Tienda","item":"https:\/\/ledsolintel.com\/tienda\/"},{"@type":"ListItem","position":3,"name":"7100 BLANCO APLIQUE DECORATIVO DE EXTERIOR"}]},{"@type":"WebSite","@id":"https:\/\/ledsolintel.com\/#website","url":"https:\/\/ledsolintel.com\/","name":"Webmenaje","description":"Magasin d'ampoules et de lampes LED pour les professionnels","publisher":{"@id":"https:\/\/ledsolintel.com\/#organization"},"potentialAction":[{"@type":"SearchAction","target":{"@type":"EntryPoint","urlTemplate":"https:\/\/ledsolintel.com\/?s={search_term_string}"},"query-input":{"@type":"PropertyValueSpecification","valueRequired":true,"valueName":"search_term_string"}}],"inLanguage":"fr-FR"},{"@type":"Organization","@id":"https:\/\/ledsolintel.com\/#organization","name":"Solintel Noroeste, S.L.","url":"https:\/\/ledsolintel.com\/","logo":{"@type":"ImageObject","inLanguage":"fr-FR","@id":"https:\/\/ledsolintel.com\/#\/schema\/logo\/image\/","url":"https:\/\/ledsolintel.com\/wp-content\/uploads\/2024\/11\/webmenaje-logo-1508269066.jpg","contentUrl":"https:\/\/ledsolintel.com\/wp-content\/uploads\/2024\/11\/webmenaje-logo-1508269066.jpg","width":370,"height":90,"caption":"Solintel Noroeste, S.L."},"image":{"@id":"https:\/\/ledsolintel.com\/#\/schema\/logo\/image\/"},"sameAs":["http:\/\/www.facebook.com\/webmenaje","https:\/\/x.com\/webmenaje","https:\/\/www.youtube.com\/channel\/UCX2KoVoeCG4LocZjUc6LmSQ","http:\/\/www.pinterest.com\/webmenaje"]}]}},"_links":{"self":[{"href":"https:\/\/ledsolintel.com\/fr\/wp-json\/wp\/v2\/product\/250283","targetHints":{"allow":["GET"]}}],"collection":[{"href":"https:\/\/ledsolintel.com\/fr\/wp-json\/wp\/v2\/product"}],"about":[{"href":"https:\/\/ledsolintel.com\/fr\/wp-json\/wp\/v2\/types\/product"}],"version-history":[{"count":0,"href":"https:\/\/ledsolintel.com\/fr\/wp-json\/wp\/v2\/product\/250283\/revisions"}],"wp:featuredmedia":[{"embeddable":true,"href":"https:\/\/ledsolintel.com\/fr\/wp-json\/wp\/v2\/media\/250282"}],"wp:attachment":[{"href":"https:\/\/ledsolintel.com\/fr\/wp-json\/wp\/v2\/media?parent=250283"}],"wp:term":[{"taxonomy":"product_brand","embeddable":true,"href":"https:\/\/ledsolintel.com\/fr\/wp-json\/wp\/v2\/product_brand?post=250283"},{"taxonomy":"product_cat","embeddable":true,"href":"https:\/\/ledsolintel.com\/fr\/wp-json\/wp\/v2\/product_cat?post=250283"},{"taxonomy":"product_tag","embeddable":true,"href":"https:\/\/ledsolintel.com\/fr\/wp-json\/wp\/v2\/product_tag?post=250283"}],"curies":[{"name":"wp","href":"https:\/\/api.w.org\/{rel}","templated":true}]}}