{"id":250260,"date":"2024-05-22T15:07:49","date_gmt":"2024-05-22T13:07:49","guid":{"rendered":"https:\/\/nueva.ledsolintel.com\/product\/500055006-soporte-tv-brazo-oscilante-180o-23-a-42-holmios\/"},"modified":"2024-05-22T15:07:49","modified_gmt":"2024-05-22T13:07:49","slug":"500055006-soporte-tv-brazo-oscilante-180o-23-a-42-holmios","status":"publish","type":"product","link":"https:\/\/ledsolintel.com\/fr\/produit-2\/500055006-soporte-tv-brazo-oscilante-180o-23-a-42-holmios\/","title":{"rendered":"500055006 MEUBLE TV BRAS PIVOTANT 180\u00ba 23\u2033 \u00c0 42\u2033 HOLMIOS"},"content":{"rendered":"<p>Support avec inclinaison (+3\u00ba -10\u00ba) \/ Pivotement (+90\u00ba -90\u00ba) \/ Rotation (+3\u00ba -3\u00ba). VESA universel VESA 75\u00d775 \/ 100\u00d7100 \/ 150\u00d7100 \/ 150\u00d7150 \/ 200\u00d7100 \/ 200\u00d7200. Installation facile. Accessoires inclus. Distance entre le mur et le t\u00e9l\u00e9viseur : de<\/p>","protected":false},"excerpt":{"rendered":"<p>Support avec inclinaison (+3\u00ba -10\u00ba) \/ Pivotement (+90\u00ba -90\u00ba) \/ Rotation (+3\u00ba -3\u00ba). VESA universel VESA 75\u00d775 \/ 100\u00d7100 \/ 150\u00d7100 \/ 150\u00d7150 \/ 200\u00d7100 \/ 200\u00d7200. Installation facile. Accessoires inclus. Distance entre le mur et le t\u00e9l\u00e9viseur : de<\/p>","protected":false},"featured_media":250255,"template":"","meta":[],"product_brand":[99463],"product_cat":[99601],"product_tag":[],"class_list":{"0":"post-250260","1":"product","2":"type-product","3":"status-publish","4":"has-post-thumbnail","6":"product_brand-holmios","7":"product_cat-gyemo","10":"instock","11":"taxable","12":"shipping-taxable","13":"purchasable","14":"product-type-simple"},"yoast_head":"<!-- This site is optimized with the Yoast SEO plugin v27.4 - https:\/\/yoast.com\/product\/yoast-seo-wordpress\/ -->\n<title>500055006 SOPORTE TV BRAZO OSCILANTE 180\u00ba 23&quot; A 42&quot; HOLMIOS - Ledsolintel<\/title>\n<meta name=\"robots\" content=\"index, follow, max-snippet:-1, max-image-preview:large, max-video-preview:-1\" \/>\n<link rel=\"canonical\" href=\"https:\/\/ledsolintel.com\/fr\/produit-2\/500055006-soporte-tv-brazo-oscilante-180o-23-a-42-holmios\/\" \/>\n<meta property=\"og:locale\" content=\"fr_FR\" \/>\n<meta property=\"og:type\" content=\"article\" \/>\n<meta property=\"og:title\" content=\"500055006 SOPORTE TV BRAZO OSCILANTE 180\u00ba 23&quot; A 42&quot; HOLMIOS - Ledsolintel\" \/>\n<meta property=\"og:description\" content=\"Soporte con inclinaci\u00f3n (+3\u00ba -10\u00ba) \/ Giro (+90\u00ba -90\u00ba) \/ Rotaci\u00f3n (+3\u00ba -3\u00ba). Sistema de anclaje universal VESA VESA 75&#215;75 \/ 100&#215;100 \/ 150&#215;100 \/ 150&#215;150 \/ 200&#215;100 \/ 200&#215;200. Instalaci\u00f3n f\u00e1cil. Accesorios incluidos. Distancia de la pared al televisor: desde\" \/>\n<meta property=\"og:url\" content=\"https:\/\/ledsolintel.com\/fr\/produit-2\/500055006-soporte-tv-brazo-oscilante-180o-23-a-42-holmios\/\" \/>\n<meta property=\"og:site_name\" content=\"Ledsolintel\" \/>\n<meta property=\"article:publisher\" content=\"http:\/\/www.facebook.com\/webmenaje\" \/>\n<meta property=\"og:image\" content=\"https:\/\/ledsolintel.com\/wp-content\/uploads\/2024\/05\/24688-500055006-SOPORTE-TV-BRAZO-OSCILANTE-180o-23-A-42-HOLMIOS.jpg\" \/>\n\t<meta property=\"og:image:width\" content=\"1\" \/>\n\t<meta property=\"og:image:height\" content=\"1\" \/>\n\t<meta property=\"og:image:type\" content=\"image\/jpeg\" \/>\n<meta name=\"twitter:card\" content=\"summary_large_image\" \/>\n<meta name=\"twitter:site\" content=\"@webmenaje\" \/>\n<script type=\"application\/ld+json\" class=\"yoast-schema-graph\">{\"@context\":\"https:\\\/\\\/schema.org\",\"@graph\":[{\"@type\":\"WebPage\",\"@id\":\"https:\\\/\\\/ledsolintel.com\\\/product\\\/500055006-soporte-tv-brazo-oscilante-180o-23-a-42-holmios\\\/\",\"url\":\"https:\\\/\\\/ledsolintel.com\\\/product\\\/500055006-soporte-tv-brazo-oscilante-180o-23-a-42-holmios\\\/\",\"name\":\"500055006 SOPORTE TV BRAZO OSCILANTE 180\u00ba 23\\\" A 42\\\" HOLMIOS - Ledsolintel\",\"isPartOf\":{\"@id\":\"https:\\\/\\\/ledsolintel.com\\\/#website\"},\"primaryImageOfPage\":{\"@id\":\"https:\\\/\\\/ledsolintel.com\\\/product\\\/500055006-soporte-tv-brazo-oscilante-180o-23-a-42-holmios\\\/#primaryimage\"},\"image\":{\"@id\":\"https:\\\/\\\/ledsolintel.com\\\/product\\\/500055006-soporte-tv-brazo-oscilante-180o-23-a-42-holmios\\\/#primaryimage\"},\"thumbnailUrl\":\"https:\\\/\\\/ledsolintel.com\\\/wp-content\\\/uploads\\\/2024\\\/05\\\/24688-500055006-SOPORTE-TV-BRAZO-OSCILANTE-180o-23-A-42-HOLMIOS.jpg\",\"datePublished\":\"2024-05-22T13:07:49+00:00\",\"breadcrumb\":{\"@id\":\"https:\\\/\\\/ledsolintel.com\\\/product\\\/500055006-soporte-tv-brazo-oscilante-180o-23-a-42-holmios\\\/#breadcrumb\"},\"inLanguage\":\"fr-FR\",\"potentialAction\":[{\"@type\":\"ReadAction\",\"target\":[\"https:\\\/\\\/ledsolintel.com\\\/product\\\/500055006-soporte-tv-brazo-oscilante-180o-23-a-42-holmios\\\/\"]}]},{\"@type\":\"ImageObject\",\"inLanguage\":\"fr-FR\",\"@id\":\"https:\\\/\\\/ledsolintel.com\\\/product\\\/500055006-soporte-tv-brazo-oscilante-180o-23-a-42-holmios\\\/#primaryimage\",\"url\":\"https:\\\/\\\/ledsolintel.com\\\/wp-content\\\/uploads\\\/2024\\\/05\\\/24688-500055006-SOPORTE-TV-BRAZO-OSCILANTE-180o-23-A-42-HOLMIOS.jpg\",\"contentUrl\":\"https:\\\/\\\/ledsolintel.com\\\/wp-content\\\/uploads\\\/2024\\\/05\\\/24688-500055006-SOPORTE-TV-BRAZO-OSCILANTE-180o-23-A-42-HOLMIOS.jpg\",\"caption\":\"500055006 SOPORTE TV BRAZO OSCILANTE 180\u00ba 23\\\" A 42\\\" HOLMIOS\"},{\"@type\":\"BreadcrumbList\",\"@id\":\"https:\\\/\\\/ledsolintel.com\\\/product\\\/500055006-soporte-tv-brazo-oscilante-180o-23-a-42-holmios\\\/#breadcrumb\",\"itemListElement\":[{\"@type\":\"ListItem\",\"position\":1,\"name\":\"Portada\",\"item\":\"https:\\\/\\\/ledsolintel.com\\\/fr\\\/\"},{\"@type\":\"ListItem\",\"position\":2,\"name\":\"Tienda\",\"item\":\"https:\\\/\\\/ledsolintel.com\\\/tienda\\\/\"},{\"@type\":\"ListItem\",\"position\":3,\"name\":\"500055006 SOPORTE TV BRAZO OSCILANTE 180\u00ba 23&#8243; A 42&#8243; HOLMIOS\"}]},{\"@type\":\"WebSite\",\"@id\":\"https:\\\/\\\/ledsolintel.com\\\/#website\",\"url\":\"https:\\\/\\\/ledsolintel.com\\\/\",\"name\":\"Webmenaje\",\"description\":\"Tienda de bombillas y l\u00e1mparas LED para profesionales\",\"publisher\":{\"@id\":\"https:\\\/\\\/ledsolintel.com\\\/#organization\"},\"potentialAction\":[{\"@type\":\"SearchAction\",\"target\":{\"@type\":\"EntryPoint\",\"urlTemplate\":\"https:\\\/\\\/ledsolintel.com\\\/?s={search_term_string}\"},\"query-input\":{\"@type\":\"PropertyValueSpecification\",\"valueRequired\":true,\"valueName\":\"search_term_string\"}}],\"inLanguage\":\"fr-FR\"},{\"@type\":\"Organization\",\"@id\":\"https:\\\/\\\/ledsolintel.com\\\/#organization\",\"name\":\"Solintel Noroeste, S.L.\",\"url\":\"https:\\\/\\\/ledsolintel.com\\\/\",\"logo\":{\"@type\":\"ImageObject\",\"inLanguage\":\"fr-FR\",\"@id\":\"https:\\\/\\\/ledsolintel.com\\\/#\\\/schema\\\/logo\\\/image\\\/\",\"url\":\"https:\\\/\\\/ledsolintel.com\\\/wp-content\\\/uploads\\\/2024\\\/11\\\/webmenaje-logo-1508269066.jpg\",\"contentUrl\":\"https:\\\/\\\/ledsolintel.com\\\/wp-content\\\/uploads\\\/2024\\\/11\\\/webmenaje-logo-1508269066.jpg\",\"width\":370,\"height\":90,\"caption\":\"Solintel Noroeste, S.L.\"},\"image\":{\"@id\":\"https:\\\/\\\/ledsolintel.com\\\/#\\\/schema\\\/logo\\\/image\\\/\"},\"sameAs\":[\"http:\\\/\\\/www.facebook.com\\\/webmenaje\",\"https:\\\/\\\/x.com\\\/webmenaje\",\"https:\\\/\\\/www.youtube.com\\\/channel\\\/UCX2KoVoeCG4LocZjUc6LmSQ\",\"http:\\\/\\\/www.pinterest.com\\\/webmenaje\"]}]}<\/script>\n<!-- \/ Yoast SEO plugin. -->","yoast_head_json":{"title":"500055006 SOPORTE TV BRAZO OSCILANTE 180\u00ba 23\" A 42\" HOLMIOS - Ledsolintel","robots":{"index":"index","follow":"follow","max-snippet":"max-snippet:-1","max-image-preview":"max-image-preview:large","max-video-preview":"max-video-preview:-1"},"canonical":"https:\/\/ledsolintel.com\/fr\/produit-2\/500055006-soporte-tv-brazo-oscilante-180o-23-a-42-holmios\/","og_locale":"fr_FR","og_type":"article","og_title":"500055006 SOPORTE TV BRAZO OSCILANTE 180\u00ba 23\" A 42\" HOLMIOS - Ledsolintel","og_description":"Soporte con inclinaci\u00f3n (+3\u00ba -10\u00ba) \/ Giro (+90\u00ba -90\u00ba) \/ Rotaci\u00f3n (+3\u00ba -3\u00ba). Sistema de anclaje universal VESA VESA 75&#215;75 \/ 100&#215;100 \/ 150&#215;100 \/ 150&#215;150 \/ 200&#215;100 \/ 200&#215;200. Instalaci\u00f3n f\u00e1cil. Accesorios incluidos. Distancia de la pared al televisor: desde","og_url":"https:\/\/ledsolintel.com\/fr\/produit-2\/500055006-soporte-tv-brazo-oscilante-180o-23-a-42-holmios\/","og_site_name":"Ledsolintel","article_publisher":"http:\/\/www.facebook.com\/webmenaje","og_image":[{"url":"https:\/\/ledsolintel.com\/wp-content\/uploads\/2024\/05\/24688-500055006-SOPORTE-TV-BRAZO-OSCILANTE-180o-23-A-42-HOLMIOS.jpg","width":1,"height":1,"type":"image\/jpeg"}],"twitter_card":"summary_large_image","twitter_site":"@webmenaje","schema":{"@context":"https:\/\/schema.org","@graph":[{"@type":"WebPage","@id":"https:\/\/ledsolintel.com\/product\/500055006-soporte-tv-brazo-oscilante-180o-23-a-42-holmios\/","url":"https:\/\/ledsolintel.com\/product\/500055006-soporte-tv-brazo-oscilante-180o-23-a-42-holmios\/","name":"500055006 SOPORTE TV BRAZO OSCILANTE 180\u00ba 23\" A 42\" HOLMIOS - Ledsolintel","isPartOf":{"@id":"https:\/\/ledsolintel.com\/#website"},"primaryImageOfPage":{"@id":"https:\/\/ledsolintel.com\/product\/500055006-soporte-tv-brazo-oscilante-180o-23-a-42-holmios\/#primaryimage"},"image":{"@id":"https:\/\/ledsolintel.com\/product\/500055006-soporte-tv-brazo-oscilante-180o-23-a-42-holmios\/#primaryimage"},"thumbnailUrl":"https:\/\/ledsolintel.com\/wp-content\/uploads\/2024\/05\/24688-500055006-SOPORTE-TV-BRAZO-OSCILANTE-180o-23-A-42-HOLMIOS.jpg","datePublished":"2024-05-22T13:07:49+00:00","breadcrumb":{"@id":"https:\/\/ledsolintel.com\/product\/500055006-soporte-tv-brazo-oscilante-180o-23-a-42-holmios\/#breadcrumb"},"inLanguage":"fr-FR","potentialAction":[{"@type":"ReadAction","target":["https:\/\/ledsolintel.com\/product\/500055006-soporte-tv-brazo-oscilante-180o-23-a-42-holmios\/"]}]},{"@type":"ImageObject","inLanguage":"fr-FR","@id":"https:\/\/ledsolintel.com\/product\/500055006-soporte-tv-brazo-oscilante-180o-23-a-42-holmios\/#primaryimage","url":"https:\/\/ledsolintel.com\/wp-content\/uploads\/2024\/05\/24688-500055006-SOPORTE-TV-BRAZO-OSCILANTE-180o-23-A-42-HOLMIOS.jpg","contentUrl":"https:\/\/ledsolintel.com\/wp-content\/uploads\/2024\/05\/24688-500055006-SOPORTE-TV-BRAZO-OSCILANTE-180o-23-A-42-HOLMIOS.jpg","caption":"500055006 SOPORTE TV BRAZO OSCILANTE 180\u00ba 23\" A 42\" HOLMIOS"},{"@type":"BreadcrumbList","@id":"https:\/\/ledsolintel.com\/product\/500055006-soporte-tv-brazo-oscilante-180o-23-a-42-holmios\/#breadcrumb","itemListElement":[{"@type":"ListItem","position":1,"name":"Portada","item":"https:\/\/ledsolintel.com\/fr\/"},{"@type":"ListItem","position":2,"name":"Tienda","item":"https:\/\/ledsolintel.com\/tienda\/"},{"@type":"ListItem","position":3,"name":"500055006 SOPORTE TV BRAZO OSCILANTE 180\u00ba 23&#8243; A 42&#8243; HOLMIOS"}]},{"@type":"WebSite","@id":"https:\/\/ledsolintel.com\/#website","url":"https:\/\/ledsolintel.com\/","name":"Webmenaje","description":"Magasin d'ampoules et de lampes LED pour les professionnels","publisher":{"@id":"https:\/\/ledsolintel.com\/#organization"},"potentialAction":[{"@type":"SearchAction","target":{"@type":"EntryPoint","urlTemplate":"https:\/\/ledsolintel.com\/?s={search_term_string}"},"query-input":{"@type":"PropertyValueSpecification","valueRequired":true,"valueName":"search_term_string"}}],"inLanguage":"fr-FR"},{"@type":"Organization","@id":"https:\/\/ledsolintel.com\/#organization","name":"Solintel Noroeste, S.L.","url":"https:\/\/ledsolintel.com\/","logo":{"@type":"ImageObject","inLanguage":"fr-FR","@id":"https:\/\/ledsolintel.com\/#\/schema\/logo\/image\/","url":"https:\/\/ledsolintel.com\/wp-content\/uploads\/2024\/11\/webmenaje-logo-1508269066.jpg","contentUrl":"https:\/\/ledsolintel.com\/wp-content\/uploads\/2024\/11\/webmenaje-logo-1508269066.jpg","width":370,"height":90,"caption":"Solintel Noroeste, S.L."},"image":{"@id":"https:\/\/ledsolintel.com\/#\/schema\/logo\/image\/"},"sameAs":["http:\/\/www.facebook.com\/webmenaje","https:\/\/x.com\/webmenaje","https:\/\/www.youtube.com\/channel\/UCX2KoVoeCG4LocZjUc6LmSQ","http:\/\/www.pinterest.com\/webmenaje"]}]}},"_links":{"self":[{"href":"https:\/\/ledsolintel.com\/fr\/wp-json\/wp\/v2\/product\/250260","targetHints":{"allow":["GET"]}}],"collection":[{"href":"https:\/\/ledsolintel.com\/fr\/wp-json\/wp\/v2\/product"}],"about":[{"href":"https:\/\/ledsolintel.com\/fr\/wp-json\/wp\/v2\/types\/product"}],"version-history":[{"count":0,"href":"https:\/\/ledsolintel.com\/fr\/wp-json\/wp\/v2\/product\/250260\/revisions"}],"wp:featuredmedia":[{"embeddable":true,"href":"https:\/\/ledsolintel.com\/fr\/wp-json\/wp\/v2\/media\/250255"}],"wp:attachment":[{"href":"https:\/\/ledsolintel.com\/fr\/wp-json\/wp\/v2\/media?parent=250260"}],"wp:term":[{"taxonomy":"product_brand","embeddable":true,"href":"https:\/\/ledsolintel.com\/fr\/wp-json\/wp\/v2\/product_brand?post=250260"},{"taxonomy":"product_cat","embeddable":true,"href":"https:\/\/ledsolintel.com\/fr\/wp-json\/wp\/v2\/product_cat?post=250260"},{"taxonomy":"product_tag","embeddable":true,"href":"https:\/\/ledsolintel.com\/fr\/wp-json\/wp\/v2\/product_tag?post=250260"}],"curies":[{"name":"wp","href":"https:\/\/api.w.org\/{rel}","templated":true}]}}