{"id":250212,"date":"2024-05-22T15:07:49","date_gmt":"2024-05-22T13:07:49","guid":{"rendered":"https:\/\/nueva.ledsolintel.com\/product\/34200-altavoz-bluetooth-inalambrico-con-luz-1x3w-electro-dh\/"},"modified":"2024-05-22T15:07:49","modified_gmt":"2024-05-22T13:07:49","slug":"34200-enceinte-bluetooth-sans-fil-avec-lumiere-1x3w-electro-dh","status":"publish","type":"product","link":"https:\/\/ledsolintel.com\/fr\/produit-2\/34200-enceinte-bluetooth-sans-fil-avec-lumiere-1x3w-electro-dh\/","title":{"rendered":"34.200 BLUETOOTH BLUETOOTH SPEAKER WITH LIGHT 1x3W ELECTRO DH"},"content":{"rendered":"<p>Haut-parleur bluetooth portable sans fil 1 x 3 W, lecteur de musique, radio FM, rechargeable (c\u00e2ble micro USB inclus). Lecture de cartes TF. Peut \u00eatre connect\u00e9 aux t\u00e9l\u00e9viseurs avec couplage sans fil, aux t\u00e9l\u00e9phones portables et aux tablettes. Effet lumineux.<\/p>","protected":false},"excerpt":{"rendered":"<p>Haut-parleur bluetooth portable sans fil 1 x 3 W, lecteur de musique, radio FM, rechargeable (c\u00e2ble micro USB inclus). Lecture de cartes TF. Peut \u00eatre connect\u00e9 aux t\u00e9l\u00e9viseurs avec couplage sans fil, aux t\u00e9l\u00e9phones portables et aux tablettes. Effet lumineux.<\/p>","protected":false},"featured_media":250210,"template":"","meta":[],"product_brand":[99413],"product_cat":[99601],"product_tag":[],"class_list":{"0":"post-250212","1":"product","2":"type-product","3":"status-publish","4":"has-post-thumbnail","6":"product_brand-electro-dh","7":"product_cat-gyemo","10":"instock","11":"taxable","12":"shipping-taxable","13":"purchasable","14":"product-type-simple"},"yoast_head":"<!-- This site is optimized with the Yoast SEO plugin v27.4 - https:\/\/yoast.com\/product\/yoast-seo-wordpress\/ -->\n<title>34.200 ALTAVOZ BLUETOOTH INALAMBRICO CON LUZ 1x3W ELECTRO DH - Ledsolintel<\/title>\n<meta name=\"robots\" content=\"index, follow, max-snippet:-1, max-image-preview:large, max-video-preview:-1\" \/>\n<link rel=\"canonical\" href=\"https:\/\/ledsolintel.com\/fr\/produit-2\/34200-enceinte-bluetooth-sans-fil-avec-lumiere-1x3w-electro-dh\/\" \/>\n<meta property=\"og:locale\" content=\"fr_FR\" \/>\n<meta property=\"og:type\" content=\"article\" \/>\n<meta property=\"og:title\" content=\"34.200 ALTAVOZ BLUETOOTH INALAMBRICO CON LUZ 1x3W ELECTRO DH - Ledsolintel\" \/>\n<meta property=\"og:description\" content=\"Altavoz bluetooth port\u00e1til inal\u00e1mbrico 1 x 3 W, reproductor de m\u00fasica, radio FM, recargable (incluye cable micro USB). Lectura de tarjeta TF. Se puede conectar a televisores con emparejamiento inal\u00e1mbrico, tel\u00e9fonos m\u00f3viles, y tablets. Efecto luz.\" \/>\n<meta property=\"og:url\" content=\"https:\/\/ledsolintel.com\/fr\/produit-2\/34200-enceinte-bluetooth-sans-fil-avec-lumiere-1x3w-electro-dh\/\" \/>\n<meta property=\"og:site_name\" content=\"Ledsolintel\" \/>\n<meta property=\"article:publisher\" content=\"http:\/\/www.facebook.com\/webmenaje\" \/>\n<meta property=\"og:image\" content=\"https:\/\/ledsolintel.com\/wp-content\/uploads\/2024\/05\/24653-34.200-ALTAVOZ-BLUETOOTH-INALAMBRICO-CON-LUZ-1x3W-ELECTRO-DH.jpg\" \/>\n\t<meta property=\"og:image:width\" content=\"1\" \/>\n\t<meta property=\"og:image:height\" content=\"1\" \/>\n\t<meta property=\"og:image:type\" content=\"image\/jpeg\" \/>\n<meta name=\"twitter:card\" content=\"summary_large_image\" \/>\n<meta name=\"twitter:site\" content=\"@webmenaje\" \/>\n<script type=\"application\/ld+json\" class=\"yoast-schema-graph\">{\"@context\":\"https:\\\/\\\/schema.org\",\"@graph\":[{\"@type\":\"WebPage\",\"@id\":\"https:\\\/\\\/ledsolintel.com\\\/product\\\/34200-altavoz-bluetooth-inalambrico-con-luz-1x3w-electro-dh\\\/\",\"url\":\"https:\\\/\\\/ledsolintel.com\\\/product\\\/34200-altavoz-bluetooth-inalambrico-con-luz-1x3w-electro-dh\\\/\",\"name\":\"34.200 ALTAVOZ BLUETOOTH INALAMBRICO CON LUZ 1x3W ELECTRO DH - Ledsolintel\",\"isPartOf\":{\"@id\":\"https:\\\/\\\/ledsolintel.com\\\/#website\"},\"primaryImageOfPage\":{\"@id\":\"https:\\\/\\\/ledsolintel.com\\\/product\\\/34200-altavoz-bluetooth-inalambrico-con-luz-1x3w-electro-dh\\\/#primaryimage\"},\"image\":{\"@id\":\"https:\\\/\\\/ledsolintel.com\\\/product\\\/34200-altavoz-bluetooth-inalambrico-con-luz-1x3w-electro-dh\\\/#primaryimage\"},\"thumbnailUrl\":\"https:\\\/\\\/ledsolintel.com\\\/wp-content\\\/uploads\\\/2024\\\/05\\\/24653-34.200-ALTAVOZ-BLUETOOTH-INALAMBRICO-CON-LUZ-1x3W-ELECTRO-DH.jpg\",\"datePublished\":\"2024-05-22T13:07:49+00:00\",\"breadcrumb\":{\"@id\":\"https:\\\/\\\/ledsolintel.com\\\/product\\\/34200-altavoz-bluetooth-inalambrico-con-luz-1x3w-electro-dh\\\/#breadcrumb\"},\"inLanguage\":\"fr-FR\",\"potentialAction\":[{\"@type\":\"ReadAction\",\"target\":[\"https:\\\/\\\/ledsolintel.com\\\/product\\\/34200-altavoz-bluetooth-inalambrico-con-luz-1x3w-electro-dh\\\/\"]}]},{\"@type\":\"ImageObject\",\"inLanguage\":\"fr-FR\",\"@id\":\"https:\\\/\\\/ledsolintel.com\\\/product\\\/34200-altavoz-bluetooth-inalambrico-con-luz-1x3w-electro-dh\\\/#primaryimage\",\"url\":\"https:\\\/\\\/ledsolintel.com\\\/wp-content\\\/uploads\\\/2024\\\/05\\\/24653-34.200-ALTAVOZ-BLUETOOTH-INALAMBRICO-CON-LUZ-1x3W-ELECTRO-DH.jpg\",\"contentUrl\":\"https:\\\/\\\/ledsolintel.com\\\/wp-content\\\/uploads\\\/2024\\\/05\\\/24653-34.200-ALTAVOZ-BLUETOOTH-INALAMBRICO-CON-LUZ-1x3W-ELECTRO-DH.jpg\",\"caption\":\"34.200 ALTAVOZ BLUETOOTH INALAMBRICO CON LUZ 1x3W ELECTRO DH\"},{\"@type\":\"BreadcrumbList\",\"@id\":\"https:\\\/\\\/ledsolintel.com\\\/product\\\/34200-altavoz-bluetooth-inalambrico-con-luz-1x3w-electro-dh\\\/#breadcrumb\",\"itemListElement\":[{\"@type\":\"ListItem\",\"position\":1,\"name\":\"Portada\",\"item\":\"https:\\\/\\\/ledsolintel.com\\\/fr\\\/\"},{\"@type\":\"ListItem\",\"position\":2,\"name\":\"Tienda\",\"item\":\"https:\\\/\\\/ledsolintel.com\\\/tienda\\\/\"},{\"@type\":\"ListItem\",\"position\":3,\"name\":\"34.200 ALTAVOZ BLUETOOTH INALAMBRICO CON LUZ 1x3W ELECTRO DH\"}]},{\"@type\":\"WebSite\",\"@id\":\"https:\\\/\\\/ledsolintel.com\\\/#website\",\"url\":\"https:\\\/\\\/ledsolintel.com\\\/\",\"name\":\"Webmenaje\",\"description\":\"Tienda de bombillas y l\u00e1mparas LED para profesionales\",\"publisher\":{\"@id\":\"https:\\\/\\\/ledsolintel.com\\\/#organization\"},\"potentialAction\":[{\"@type\":\"SearchAction\",\"target\":{\"@type\":\"EntryPoint\",\"urlTemplate\":\"https:\\\/\\\/ledsolintel.com\\\/?s={search_term_string}\"},\"query-input\":{\"@type\":\"PropertyValueSpecification\",\"valueRequired\":true,\"valueName\":\"search_term_string\"}}],\"inLanguage\":\"fr-FR\"},{\"@type\":\"Organization\",\"@id\":\"https:\\\/\\\/ledsolintel.com\\\/#organization\",\"name\":\"Solintel Noroeste, S.L.\",\"url\":\"https:\\\/\\\/ledsolintel.com\\\/\",\"logo\":{\"@type\":\"ImageObject\",\"inLanguage\":\"fr-FR\",\"@id\":\"https:\\\/\\\/ledsolintel.com\\\/#\\\/schema\\\/logo\\\/image\\\/\",\"url\":\"https:\\\/\\\/ledsolintel.com\\\/wp-content\\\/uploads\\\/2024\\\/11\\\/webmenaje-logo-1508269066.jpg\",\"contentUrl\":\"https:\\\/\\\/ledsolintel.com\\\/wp-content\\\/uploads\\\/2024\\\/11\\\/webmenaje-logo-1508269066.jpg\",\"width\":370,\"height\":90,\"caption\":\"Solintel Noroeste, S.L.\"},\"image\":{\"@id\":\"https:\\\/\\\/ledsolintel.com\\\/#\\\/schema\\\/logo\\\/image\\\/\"},\"sameAs\":[\"http:\\\/\\\/www.facebook.com\\\/webmenaje\",\"https:\\\/\\\/x.com\\\/webmenaje\",\"https:\\\/\\\/www.youtube.com\\\/channel\\\/UCX2KoVoeCG4LocZjUc6LmSQ\",\"http:\\\/\\\/www.pinterest.com\\\/webmenaje\"]}]}<\/script>\n<!-- \/ Yoast SEO plugin. -->","yoast_head_json":{"title":"34.200 BLUETOOTH BLUETOOTH SPEAKER WITH LIGHT 1x3W ELECTRO DH - Ledsolintel","robots":{"index":"index","follow":"follow","max-snippet":"max-snippet:-1","max-image-preview":"max-image-preview:large","max-video-preview":"max-video-preview:-1"},"canonical":"https:\/\/ledsolintel.com\/fr\/produit-2\/34200-enceinte-bluetooth-sans-fil-avec-lumiere-1x3w-electro-dh\/","og_locale":"fr_FR","og_type":"article","og_title":"34.200 ALTAVOZ BLUETOOTH INALAMBRICO CON LUZ 1x3W ELECTRO DH - Ledsolintel","og_description":"Altavoz bluetooth port\u00e1til inal\u00e1mbrico 1 x 3 W, reproductor de m\u00fasica, radio FM, recargable (incluye cable micro USB). Lectura de tarjeta TF. Se puede conectar a televisores con emparejamiento inal\u00e1mbrico, tel\u00e9fonos m\u00f3viles, y tablets. Efecto luz.","og_url":"https:\/\/ledsolintel.com\/fr\/produit-2\/34200-enceinte-bluetooth-sans-fil-avec-lumiere-1x3w-electro-dh\/","og_site_name":"Ledsolintel","article_publisher":"http:\/\/www.facebook.com\/webmenaje","og_image":[{"url":"https:\/\/ledsolintel.com\/wp-content\/uploads\/2024\/05\/24653-34.200-ALTAVOZ-BLUETOOTH-INALAMBRICO-CON-LUZ-1x3W-ELECTRO-DH.jpg","width":1,"height":1,"type":"image\/jpeg"}],"twitter_card":"summary_large_image","twitter_site":"@webmenaje","schema":{"@context":"https:\/\/schema.org","@graph":[{"@type":"WebPage","@id":"https:\/\/ledsolintel.com\/product\/34200-altavoz-bluetooth-inalambrico-con-luz-1x3w-electro-dh\/","url":"https:\/\/ledsolintel.com\/product\/34200-altavoz-bluetooth-inalambrico-con-luz-1x3w-electro-dh\/","name":"34.200 BLUETOOTH BLUETOOTH SPEAKER WITH LIGHT 1x3W ELECTRO DH - Ledsolintel","isPartOf":{"@id":"https:\/\/ledsolintel.com\/#website"},"primaryImageOfPage":{"@id":"https:\/\/ledsolintel.com\/product\/34200-altavoz-bluetooth-inalambrico-con-luz-1x3w-electro-dh\/#primaryimage"},"image":{"@id":"https:\/\/ledsolintel.com\/product\/34200-altavoz-bluetooth-inalambrico-con-luz-1x3w-electro-dh\/#primaryimage"},"thumbnailUrl":"https:\/\/ledsolintel.com\/wp-content\/uploads\/2024\/05\/24653-34.200-ALTAVOZ-BLUETOOTH-INALAMBRICO-CON-LUZ-1x3W-ELECTRO-DH.jpg","datePublished":"2024-05-22T13:07:49+00:00","breadcrumb":{"@id":"https:\/\/ledsolintel.com\/product\/34200-altavoz-bluetooth-inalambrico-con-luz-1x3w-electro-dh\/#breadcrumb"},"inLanguage":"fr-FR","potentialAction":[{"@type":"ReadAction","target":["https:\/\/ledsolintel.com\/product\/34200-altavoz-bluetooth-inalambrico-con-luz-1x3w-electro-dh\/"]}]},{"@type":"ImageObject","inLanguage":"fr-FR","@id":"https:\/\/ledsolintel.com\/product\/34200-altavoz-bluetooth-inalambrico-con-luz-1x3w-electro-dh\/#primaryimage","url":"https:\/\/ledsolintel.com\/wp-content\/uploads\/2024\/05\/24653-34.200-ALTAVOZ-BLUETOOTH-INALAMBRICO-CON-LUZ-1x3W-ELECTRO-DH.jpg","contentUrl":"https:\/\/ledsolintel.com\/wp-content\/uploads\/2024\/05\/24653-34.200-ALTAVOZ-BLUETOOTH-INALAMBRICO-CON-LUZ-1x3W-ELECTRO-DH.jpg","caption":"34.200 ALTAVOZ BLUETOOTH INALAMBRICO CON LUZ 1x3W ELECTRO DH"},{"@type":"BreadcrumbList","@id":"https:\/\/ledsolintel.com\/product\/34200-altavoz-bluetooth-inalambrico-con-luz-1x3w-electro-dh\/#breadcrumb","itemListElement":[{"@type":"ListItem","position":1,"name":"Portada","item":"https:\/\/ledsolintel.com\/fr\/"},{"@type":"ListItem","position":2,"name":"Tienda","item":"https:\/\/ledsolintel.com\/tienda\/"},{"@type":"ListItem","position":3,"name":"34.200 ALTAVOZ BLUETOOTH INALAMBRICO CON LUZ 1x3W ELECTRO DH"}]},{"@type":"WebSite","@id":"https:\/\/ledsolintel.com\/#website","url":"https:\/\/ledsolintel.com\/","name":"Webmenaje","description":"Magasin d'ampoules et de lampes LED pour les professionnels","publisher":{"@id":"https:\/\/ledsolintel.com\/#organization"},"potentialAction":[{"@type":"SearchAction","target":{"@type":"EntryPoint","urlTemplate":"https:\/\/ledsolintel.com\/?s={search_term_string}"},"query-input":{"@type":"PropertyValueSpecification","valueRequired":true,"valueName":"search_term_string"}}],"inLanguage":"fr-FR"},{"@type":"Organization","@id":"https:\/\/ledsolintel.com\/#organization","name":"Solintel Noroeste, S.L.","url":"https:\/\/ledsolintel.com\/","logo":{"@type":"ImageObject","inLanguage":"fr-FR","@id":"https:\/\/ledsolintel.com\/#\/schema\/logo\/image\/","url":"https:\/\/ledsolintel.com\/wp-content\/uploads\/2024\/11\/webmenaje-logo-1508269066.jpg","contentUrl":"https:\/\/ledsolintel.com\/wp-content\/uploads\/2024\/11\/webmenaje-logo-1508269066.jpg","width":370,"height":90,"caption":"Solintel Noroeste, S.L."},"image":{"@id":"https:\/\/ledsolintel.com\/#\/schema\/logo\/image\/"},"sameAs":["http:\/\/www.facebook.com\/webmenaje","https:\/\/x.com\/webmenaje","https:\/\/www.youtube.com\/channel\/UCX2KoVoeCG4LocZjUc6LmSQ","http:\/\/www.pinterest.com\/webmenaje"]}]}},"_links":{"self":[{"href":"https:\/\/ledsolintel.com\/fr\/wp-json\/wp\/v2\/product\/250212","targetHints":{"allow":["GET"]}}],"collection":[{"href":"https:\/\/ledsolintel.com\/fr\/wp-json\/wp\/v2\/product"}],"about":[{"href":"https:\/\/ledsolintel.com\/fr\/wp-json\/wp\/v2\/types\/product"}],"version-history":[{"count":0,"href":"https:\/\/ledsolintel.com\/fr\/wp-json\/wp\/v2\/product\/250212\/revisions"}],"wp:featuredmedia":[{"embeddable":true,"href":"https:\/\/ledsolintel.com\/fr\/wp-json\/wp\/v2\/media\/250210"}],"wp:attachment":[{"href":"https:\/\/ledsolintel.com\/fr\/wp-json\/wp\/v2\/media?parent=250212"}],"wp:term":[{"taxonomy":"product_brand","embeddable":true,"href":"https:\/\/ledsolintel.com\/fr\/wp-json\/wp\/v2\/product_brand?post=250212"},{"taxonomy":"product_cat","embeddable":true,"href":"https:\/\/ledsolintel.com\/fr\/wp-json\/wp\/v2\/product_cat?post=250212"},{"taxonomy":"product_tag","embeddable":true,"href":"https:\/\/ledsolintel.com\/fr\/wp-json\/wp\/v2\/product_tag?post=250212"}],"curies":[{"name":"wp","href":"https:\/\/api.w.org\/{rel}","templated":true}]}}