{"id":250195,"date":"2024-05-22T15:07:49","date_gmt":"2024-05-22T13:07:49","guid":{"rendered":"https:\/\/nueva.ledsolintel.com\/product\/30425958-auriculares-inalambricos-bluetooth-c-cargador-ultra-610s-kodak\/"},"modified":"2024-05-22T15:07:49","modified_gmt":"2024-05-22T13:07:49","slug":"30425958-auriculares-inalambricos-bluetooth-c-cargador-ultra-610s-kodak","status":"publish","type":"product","link":"https:\/\/ledsolintel.com\/fr\/produit-2\/30425958-auriculares-inalambricos-bluetooth-c-cargador-ultra-610s-kodak\/","title":{"rendered":"30425958 CASQUE SANS FIL BLUETOOTH AVEC CHARGEUR ULTRA 610S+ KODAK"},"content":{"rendered":"<p>Casque sans fil id\u00e9al pour l'entra\u00eenement en salle de sport, la marche ou les activit\u00e9s quotidiennes, avec un son de qualit\u00e9 dans les graves et les aigus.  Avec bouton de r\u00e9ponse\/fin d'appel et bouton de lecture\/pause. Autonomie de 3,5 heures. Autonomie de 3,5 heures.<\/p>","protected":false},"excerpt":{"rendered":"<p>Auriculares sin cables ideales para el entrenamiento en el gimnasio, caminar o realizar actividades diarias.Sonido con graves y agudos de calidad. Con bot\u00f3n de responder\/finalizar llamada y bot\u00f3n play\/pausa. Tiempo de reproducci\u00f3n de 3,5 horas. Tiempo de<\/p>","protected":false},"featured_media":250193,"template":"","meta":[],"product_brand":[99453],"product_cat":[99601],"product_tag":[],"class_list":{"0":"post-250195","1":"product","2":"type-product","3":"status-publish","4":"has-post-thumbnail","6":"product_brand-kodak","7":"product_cat-gyemo","10":"instock","11":"taxable","12":"shipping-taxable","13":"purchasable","14":"product-type-simple"},"yoast_head":"<!-- This site is optimized with the Yoast SEO plugin v27.4 - https:\/\/yoast.com\/product\/yoast-seo-wordpress\/ -->\n<title>30425958 AURICULARES INALAMBRICOS BLUETOOTH C\/CARGADOR ULTRA 610S+ KODAK - Ledsolintel<\/title>\n<meta name=\"robots\" content=\"index, follow, max-snippet:-1, max-image-preview:large, max-video-preview:-1\" \/>\n<link rel=\"canonical\" href=\"https:\/\/ledsolintel.com\/fr\/produit-2\/30425958-auriculares-inalambricos-bluetooth-c-cargador-ultra-610s-kodak\/\" \/>\n<meta property=\"og:locale\" content=\"fr_FR\" \/>\n<meta property=\"og:type\" content=\"article\" \/>\n<meta property=\"og:title\" content=\"30425958 AURICULARES INALAMBRICOS BLUETOOTH C\/CARGADOR ULTRA 610S+ KODAK - Ledsolintel\" \/>\n<meta property=\"og:description\" content=\"Auriculares sin cables ideales para el entrenamiento en el gimnasio, caminar o realizar actividades diarias.Sonido con graves y agudos de calidad. Con bot\u00f3n de responder\/finalizar llamada y bot\u00f3n play\/pausa. Tiempo de reproducci\u00f3n de 3,5 horas. Tiempo de\" \/>\n<meta property=\"og:url\" content=\"https:\/\/ledsolintel.com\/fr\/produit-2\/30425958-auriculares-inalambricos-bluetooth-c-cargador-ultra-610s-kodak\/\" \/>\n<meta property=\"og:site_name\" content=\"Ledsolintel\" \/>\n<meta property=\"article:publisher\" content=\"http:\/\/www.facebook.com\/webmenaje\" \/>\n<meta property=\"og:image\" content=\"https:\/\/ledsolintel.com\/wp-content\/uploads\/2024\/05\/24639-30425958-AURICULARES-INALAMBRICOS-BLUETOOTH-CCARGADOR-ULTRA-610S-KODAK.jpg\" \/>\n\t<meta property=\"og:image:width\" content=\"1\" \/>\n\t<meta property=\"og:image:height\" content=\"1\" \/>\n\t<meta property=\"og:image:type\" content=\"image\/jpeg\" \/>\n<meta name=\"twitter:card\" content=\"summary_large_image\" \/>\n<meta name=\"twitter:site\" content=\"@webmenaje\" \/>\n<script type=\"application\/ld+json\" class=\"yoast-schema-graph\">{\"@context\":\"https:\\\/\\\/schema.org\",\"@graph\":[{\"@type\":\"WebPage\",\"@id\":\"https:\\\/\\\/ledsolintel.com\\\/product\\\/30425958-auriculares-inalambricos-bluetooth-c-cargador-ultra-610s-kodak\\\/\",\"url\":\"https:\\\/\\\/ledsolintel.com\\\/product\\\/30425958-auriculares-inalambricos-bluetooth-c-cargador-ultra-610s-kodak\\\/\",\"name\":\"30425958 AURICULARES INALAMBRICOS BLUETOOTH C\\\/CARGADOR ULTRA 610S+ KODAK - Ledsolintel\",\"isPartOf\":{\"@id\":\"https:\\\/\\\/ledsolintel.com\\\/#website\"},\"primaryImageOfPage\":{\"@id\":\"https:\\\/\\\/ledsolintel.com\\\/product\\\/30425958-auriculares-inalambricos-bluetooth-c-cargador-ultra-610s-kodak\\\/#primaryimage\"},\"image\":{\"@id\":\"https:\\\/\\\/ledsolintel.com\\\/product\\\/30425958-auriculares-inalambricos-bluetooth-c-cargador-ultra-610s-kodak\\\/#primaryimage\"},\"thumbnailUrl\":\"https:\\\/\\\/ledsolintel.com\\\/wp-content\\\/uploads\\\/2024\\\/05\\\/24639-30425958-AURICULARES-INALAMBRICOS-BLUETOOTH-CCARGADOR-ULTRA-610S-KODAK.jpg\",\"datePublished\":\"2024-05-22T13:07:49+00:00\",\"breadcrumb\":{\"@id\":\"https:\\\/\\\/ledsolintel.com\\\/product\\\/30425958-auriculares-inalambricos-bluetooth-c-cargador-ultra-610s-kodak\\\/#breadcrumb\"},\"inLanguage\":\"fr-FR\",\"potentialAction\":[{\"@type\":\"ReadAction\",\"target\":[\"https:\\\/\\\/ledsolintel.com\\\/product\\\/30425958-auriculares-inalambricos-bluetooth-c-cargador-ultra-610s-kodak\\\/\"]}]},{\"@type\":\"ImageObject\",\"inLanguage\":\"fr-FR\",\"@id\":\"https:\\\/\\\/ledsolintel.com\\\/product\\\/30425958-auriculares-inalambricos-bluetooth-c-cargador-ultra-610s-kodak\\\/#primaryimage\",\"url\":\"https:\\\/\\\/ledsolintel.com\\\/wp-content\\\/uploads\\\/2024\\\/05\\\/24639-30425958-AURICULARES-INALAMBRICOS-BLUETOOTH-CCARGADOR-ULTRA-610S-KODAK.jpg\",\"contentUrl\":\"https:\\\/\\\/ledsolintel.com\\\/wp-content\\\/uploads\\\/2024\\\/05\\\/24639-30425958-AURICULARES-INALAMBRICOS-BLUETOOTH-CCARGADOR-ULTRA-610S-KODAK.jpg\",\"caption\":\"30425958 AURICULARES INALAMBRICOS BLUETOOTH C\\\/CARGADOR ULTRA 610S+ KODAK\"},{\"@type\":\"BreadcrumbList\",\"@id\":\"https:\\\/\\\/ledsolintel.com\\\/product\\\/30425958-auriculares-inalambricos-bluetooth-c-cargador-ultra-610s-kodak\\\/#breadcrumb\",\"itemListElement\":[{\"@type\":\"ListItem\",\"position\":1,\"name\":\"Portada\",\"item\":\"https:\\\/\\\/ledsolintel.com\\\/fr\\\/\"},{\"@type\":\"ListItem\",\"position\":2,\"name\":\"Tienda\",\"item\":\"https:\\\/\\\/ledsolintel.com\\\/tienda\\\/\"},{\"@type\":\"ListItem\",\"position\":3,\"name\":\"30425958 AURICULARES INALAMBRICOS BLUETOOTH C\\\/CARGADOR ULTRA 610S+ KODAK\"}]},{\"@type\":\"WebSite\",\"@id\":\"https:\\\/\\\/ledsolintel.com\\\/#website\",\"url\":\"https:\\\/\\\/ledsolintel.com\\\/\",\"name\":\"Webmenaje\",\"description\":\"Tienda de bombillas y l\u00e1mparas LED para profesionales\",\"publisher\":{\"@id\":\"https:\\\/\\\/ledsolintel.com\\\/#organization\"},\"potentialAction\":[{\"@type\":\"SearchAction\",\"target\":{\"@type\":\"EntryPoint\",\"urlTemplate\":\"https:\\\/\\\/ledsolintel.com\\\/?s={search_term_string}\"},\"query-input\":{\"@type\":\"PropertyValueSpecification\",\"valueRequired\":true,\"valueName\":\"search_term_string\"}}],\"inLanguage\":\"fr-FR\"},{\"@type\":\"Organization\",\"@id\":\"https:\\\/\\\/ledsolintel.com\\\/#organization\",\"name\":\"Solintel Noroeste, S.L.\",\"url\":\"https:\\\/\\\/ledsolintel.com\\\/\",\"logo\":{\"@type\":\"ImageObject\",\"inLanguage\":\"fr-FR\",\"@id\":\"https:\\\/\\\/ledsolintel.com\\\/#\\\/schema\\\/logo\\\/image\\\/\",\"url\":\"https:\\\/\\\/ledsolintel.com\\\/wp-content\\\/uploads\\\/2024\\\/11\\\/webmenaje-logo-1508269066.jpg\",\"contentUrl\":\"https:\\\/\\\/ledsolintel.com\\\/wp-content\\\/uploads\\\/2024\\\/11\\\/webmenaje-logo-1508269066.jpg\",\"width\":370,\"height\":90,\"caption\":\"Solintel Noroeste, S.L.\"},\"image\":{\"@id\":\"https:\\\/\\\/ledsolintel.com\\\/#\\\/schema\\\/logo\\\/image\\\/\"},\"sameAs\":[\"http:\\\/\\\/www.facebook.com\\\/webmenaje\",\"https:\\\/\\\/x.com\\\/webmenaje\",\"https:\\\/\\\/www.youtube.com\\\/channel\\\/UCX2KoVoeCG4LocZjUc6LmSQ\",\"http:\\\/\\\/www.pinterest.com\\\/webmenaje\"]}]}<\/script>\n<!-- \/ Yoast SEO plugin. -->","yoast_head_json":{"title":"30425958 AURICULARES INALAMBRICOS BLUETOOTH C\/CARGADOR ULTRA 610S+ KODAK - Ledsolintel","robots":{"index":"index","follow":"follow","max-snippet":"max-snippet:-1","max-image-preview":"max-image-preview:large","max-video-preview":"max-video-preview:-1"},"canonical":"https:\/\/ledsolintel.com\/fr\/produit-2\/30425958-auriculares-inalambricos-bluetooth-c-cargador-ultra-610s-kodak\/","og_locale":"fr_FR","og_type":"article","og_title":"30425958 AURICULARES INALAMBRICOS BLUETOOTH C\/CARGADOR ULTRA 610S+ KODAK - Ledsolintel","og_description":"Auriculares sin cables ideales para el entrenamiento en el gimnasio, caminar o realizar actividades diarias.Sonido con graves y agudos de calidad. Con bot\u00f3n de responder\/finalizar llamada y bot\u00f3n play\/pausa. Tiempo de reproducci\u00f3n de 3,5 horas. Tiempo de","og_url":"https:\/\/ledsolintel.com\/fr\/produit-2\/30425958-auriculares-inalambricos-bluetooth-c-cargador-ultra-610s-kodak\/","og_site_name":"Ledsolintel","article_publisher":"http:\/\/www.facebook.com\/webmenaje","og_image":[{"url":"https:\/\/ledsolintel.com\/wp-content\/uploads\/2024\/05\/24639-30425958-AURICULARES-INALAMBRICOS-BLUETOOTH-CCARGADOR-ULTRA-610S-KODAK.jpg","width":1,"height":1,"type":"image\/jpeg"}],"twitter_card":"summary_large_image","twitter_site":"@webmenaje","schema":{"@context":"https:\/\/schema.org","@graph":[{"@type":"WebPage","@id":"https:\/\/ledsolintel.com\/product\/30425958-auriculares-inalambricos-bluetooth-c-cargador-ultra-610s-kodak\/","url":"https:\/\/ledsolintel.com\/product\/30425958-auriculares-inalambricos-bluetooth-c-cargador-ultra-610s-kodak\/","name":"30425958 AURICULARES INALAMBRICOS BLUETOOTH C\/CARGADOR ULTRA 610S+ KODAK - Ledsolintel","isPartOf":{"@id":"https:\/\/ledsolintel.com\/#website"},"primaryImageOfPage":{"@id":"https:\/\/ledsolintel.com\/product\/30425958-auriculares-inalambricos-bluetooth-c-cargador-ultra-610s-kodak\/#primaryimage"},"image":{"@id":"https:\/\/ledsolintel.com\/product\/30425958-auriculares-inalambricos-bluetooth-c-cargador-ultra-610s-kodak\/#primaryimage"},"thumbnailUrl":"https:\/\/ledsolintel.com\/wp-content\/uploads\/2024\/05\/24639-30425958-AURICULARES-INALAMBRICOS-BLUETOOTH-CCARGADOR-ULTRA-610S-KODAK.jpg","datePublished":"2024-05-22T13:07:49+00:00","breadcrumb":{"@id":"https:\/\/ledsolintel.com\/product\/30425958-auriculares-inalambricos-bluetooth-c-cargador-ultra-610s-kodak\/#breadcrumb"},"inLanguage":"fr-FR","potentialAction":[{"@type":"ReadAction","target":["https:\/\/ledsolintel.com\/product\/30425958-auriculares-inalambricos-bluetooth-c-cargador-ultra-610s-kodak\/"]}]},{"@type":"ImageObject","inLanguage":"fr-FR","@id":"https:\/\/ledsolintel.com\/product\/30425958-auriculares-inalambricos-bluetooth-c-cargador-ultra-610s-kodak\/#primaryimage","url":"https:\/\/ledsolintel.com\/wp-content\/uploads\/2024\/05\/24639-30425958-AURICULARES-INALAMBRICOS-BLUETOOTH-CCARGADOR-ULTRA-610S-KODAK.jpg","contentUrl":"https:\/\/ledsolintel.com\/wp-content\/uploads\/2024\/05\/24639-30425958-AURICULARES-INALAMBRICOS-BLUETOOTH-CCARGADOR-ULTRA-610S-KODAK.jpg","caption":"30425958 AURICULARES INALAMBRICOS BLUETOOTH C\/CARGADOR ULTRA 610S+ KODAK"},{"@type":"BreadcrumbList","@id":"https:\/\/ledsolintel.com\/product\/30425958-auriculares-inalambricos-bluetooth-c-cargador-ultra-610s-kodak\/#breadcrumb","itemListElement":[{"@type":"ListItem","position":1,"name":"Portada","item":"https:\/\/ledsolintel.com\/fr\/"},{"@type":"ListItem","position":2,"name":"Tienda","item":"https:\/\/ledsolintel.com\/tienda\/"},{"@type":"ListItem","position":3,"name":"30425958 AURICULARES INALAMBRICOS BLUETOOTH C\/CARGADOR ULTRA 610S+ KODAK"}]},{"@type":"WebSite","@id":"https:\/\/ledsolintel.com\/#website","url":"https:\/\/ledsolintel.com\/","name":"Webmenaje","description":"Magasin d'ampoules et de lampes LED pour les professionnels","publisher":{"@id":"https:\/\/ledsolintel.com\/#organization"},"potentialAction":[{"@type":"SearchAction","target":{"@type":"EntryPoint","urlTemplate":"https:\/\/ledsolintel.com\/?s={search_term_string}"},"query-input":{"@type":"PropertyValueSpecification","valueRequired":true,"valueName":"search_term_string"}}],"inLanguage":"fr-FR"},{"@type":"Organization","@id":"https:\/\/ledsolintel.com\/#organization","name":"Solintel Noroeste, S.L.","url":"https:\/\/ledsolintel.com\/","logo":{"@type":"ImageObject","inLanguage":"fr-FR","@id":"https:\/\/ledsolintel.com\/#\/schema\/logo\/image\/","url":"https:\/\/ledsolintel.com\/wp-content\/uploads\/2024\/11\/webmenaje-logo-1508269066.jpg","contentUrl":"https:\/\/ledsolintel.com\/wp-content\/uploads\/2024\/11\/webmenaje-logo-1508269066.jpg","width":370,"height":90,"caption":"Solintel Noroeste, S.L."},"image":{"@id":"https:\/\/ledsolintel.com\/#\/schema\/logo\/image\/"},"sameAs":["http:\/\/www.facebook.com\/webmenaje","https:\/\/x.com\/webmenaje","https:\/\/www.youtube.com\/channel\/UCX2KoVoeCG4LocZjUc6LmSQ","http:\/\/www.pinterest.com\/webmenaje"]}]}},"_links":{"self":[{"href":"https:\/\/ledsolintel.com\/fr\/wp-json\/wp\/v2\/product\/250195","targetHints":{"allow":["GET"]}}],"collection":[{"href":"https:\/\/ledsolintel.com\/fr\/wp-json\/wp\/v2\/product"}],"about":[{"href":"https:\/\/ledsolintel.com\/fr\/wp-json\/wp\/v2\/types\/product"}],"version-history":[{"count":0,"href":"https:\/\/ledsolintel.com\/fr\/wp-json\/wp\/v2\/product\/250195\/revisions"}],"wp:featuredmedia":[{"embeddable":true,"href":"https:\/\/ledsolintel.com\/fr\/wp-json\/wp\/v2\/media\/250193"}],"wp:attachment":[{"href":"https:\/\/ledsolintel.com\/fr\/wp-json\/wp\/v2\/media?parent=250195"}],"wp:term":[{"taxonomy":"product_brand","embeddable":true,"href":"https:\/\/ledsolintel.com\/fr\/wp-json\/wp\/v2\/product_brand?post=250195"},{"taxonomy":"product_cat","embeddable":true,"href":"https:\/\/ledsolintel.com\/fr\/wp-json\/wp\/v2\/product_cat?post=250195"},{"taxonomy":"product_tag","embeddable":true,"href":"https:\/\/ledsolintel.com\/fr\/wp-json\/wp\/v2\/product_tag?post=250195"}],"curies":[{"name":"wp","href":"https:\/\/api.w.org\/{rel}","templated":true}]}}