{"id":250061,"date":"2024-05-22T14:56:07","date_gmt":"2024-05-22T12:56:07","guid":{"rendered":"https:\/\/nueva.ledsolintel.com\/product\/149922-antena-dat-boss-recepcion-uhf-tdt-televes\/"},"modified":"2024-05-22T14:56:07","modified_gmt":"2024-05-22T12:56:07","slug":"149922-antenne-dat-boss-uhf-tdt-reception-televes","status":"publish","type":"product","link":"https:\/\/ledsolintel.com\/fr\/produit-2\/149922-antenne-dat-boss-uhf-tdt-reception-televes\/","title":{"rendered":"149922 ANTENNA DAT BOSS UHF RECEPTION (TDT) TELEVES"},"content":{"rendered":"<p>Antenne BOSS UHF DAT, 1er dividende num\u00e9rique (LTE790). Antenne intelligente avec syst\u00e8me BOSSTech, con\u00e7ue pour une r\u00e9ception UHF de qualit\u00e9 (TNT), optimisant la r\u00e9jection de la bande LTE jusqu'au canal 60 (790MHz). Gamme dynamique \u00e9lev\u00e9e.<\/p>","protected":false},"excerpt":{"rendered":"<p>Antenne BOSS UHF DAT, 1er dividende num\u00e9rique (LTE790). Antenne intelligente avec syst\u00e8me BOSSTech, con\u00e7ue pour une r\u00e9ception UHF de qualit\u00e9 (TNT), optimisant la r\u00e9jection de la bande LTE jusqu'au canal 60 (790MHz). Gamme dynamique \u00e9lev\u00e9e.<\/p>","protected":false},"featured_media":250060,"template":"","meta":[],"product_brand":[99441],"product_cat":[99601],"product_tag":[],"class_list":{"0":"post-250061","1":"product","2":"type-product","3":"status-publish","4":"has-post-thumbnail","6":"product_brand-televes","7":"product_cat-gyemo","10":"instock","11":"taxable","12":"shipping-taxable","13":"purchasable","14":"product-type-simple"},"yoast_head":"<!-- This site is optimized with the Yoast SEO plugin v26.6 - https:\/\/yoast.com\/wordpress\/plugins\/seo\/ -->\n<title>149922 ANTENA DAT BOSS RECEPCION UHF (TDT) TELEVES - Ledsolintel<\/title>\n<meta name=\"robots\" content=\"index, follow, max-snippet:-1, max-image-preview:large, max-video-preview:-1\" \/>\n<link rel=\"canonical\" href=\"https:\/\/ledsolintel.com\/fr\/produit-2\/149922-antenne-dat-boss-uhf-tdt-reception-televes\/\" \/>\n<meta property=\"og:locale\" content=\"fr_FR\" \/>\n<meta property=\"og:type\" content=\"article\" \/>\n<meta property=\"og:title\" content=\"149922 ANTENA DAT BOSS RECEPCION UHF (TDT) TELEVES - Ledsolintel\" \/>\n<meta property=\"og:description\" content=\"Antena DAT BOSS UHF, 1er Dividendo Digital (LTE790). Antena inteligente con sistema BOSSTech, dise\u00f1ada para una recepci\u00f3n de UHF (TDT) de calidad, optimizando el rechazo a la banda LTE hasta el canal 60 (790MHz). Alto margen din\u00e1mico. aumento de \u00e1rea de c\" \/>\n<meta property=\"og:url\" content=\"https:\/\/ledsolintel.com\/fr\/produit-2\/149922-antenne-dat-boss-uhf-tdt-reception-televes\/\" \/>\n<meta property=\"og:site_name\" content=\"Ledsolintel\" \/>\n<meta property=\"article:publisher\" content=\"http:\/\/www.facebook.com\/webmenaje\" \/>\n<meta property=\"og:image\" content=\"https:\/\/ledsolintel.com\/wp-content\/uploads\/2024\/05\/24531-149922-ANTENA-DAT-BOSS-RECEPCION-UHF-TDT-TELEVES.jpg\" \/>\n\t<meta property=\"og:image:width\" content=\"1\" \/>\n\t<meta property=\"og:image:height\" content=\"1\" \/>\n\t<meta property=\"og:image:type\" content=\"image\/jpeg\" \/>\n<meta name=\"twitter:card\" content=\"summary_large_image\" \/>\n<meta name=\"twitter:site\" content=\"@webmenaje\" \/>\n<script type=\"application\/ld+json\" class=\"yoast-schema-graph\">{\"@context\":\"https:\/\/schema.org\",\"@graph\":[{\"@type\":\"WebPage\",\"@id\":\"https:\/\/ledsolintel.com\/product\/149922-antena-dat-boss-recepcion-uhf-tdt-televes\/\",\"url\":\"https:\/\/ledsolintel.com\/product\/149922-antena-dat-boss-recepcion-uhf-tdt-televes\/\",\"name\":\"149922 ANTENA DAT BOSS RECEPCION UHF (TDT) TELEVES - Ledsolintel\",\"isPartOf\":{\"@id\":\"https:\/\/ledsolintel.com\/#website\"},\"primaryImageOfPage\":{\"@id\":\"https:\/\/ledsolintel.com\/product\/149922-antena-dat-boss-recepcion-uhf-tdt-televes\/#primaryimage\"},\"image\":{\"@id\":\"https:\/\/ledsolintel.com\/product\/149922-antena-dat-boss-recepcion-uhf-tdt-televes\/#primaryimage\"},\"thumbnailUrl\":\"https:\/\/ledsolintel.com\/wp-content\/uploads\/2024\/05\/24531-149922-ANTENA-DAT-BOSS-RECEPCION-UHF-TDT-TELEVES.jpg\",\"datePublished\":\"2024-05-22T12:56:07+00:00\",\"breadcrumb\":{\"@id\":\"https:\/\/ledsolintel.com\/product\/149922-antena-dat-boss-recepcion-uhf-tdt-televes\/#breadcrumb\"},\"inLanguage\":\"fr-FR\",\"potentialAction\":[{\"@type\":\"ReadAction\",\"target\":[\"https:\/\/ledsolintel.com\/product\/149922-antena-dat-boss-recepcion-uhf-tdt-televes\/\"]}]},{\"@type\":\"ImageObject\",\"inLanguage\":\"fr-FR\",\"@id\":\"https:\/\/ledsolintel.com\/product\/149922-antena-dat-boss-recepcion-uhf-tdt-televes\/#primaryimage\",\"url\":\"https:\/\/ledsolintel.com\/wp-content\/uploads\/2024\/05\/24531-149922-ANTENA-DAT-BOSS-RECEPCION-UHF-TDT-TELEVES.jpg\",\"contentUrl\":\"https:\/\/ledsolintel.com\/wp-content\/uploads\/2024\/05\/24531-149922-ANTENA-DAT-BOSS-RECEPCION-UHF-TDT-TELEVES.jpg\",\"caption\":\"149922 ANTENA DAT BOSS RECEPCION UHF (TDT) TELEVES\"},{\"@type\":\"BreadcrumbList\",\"@id\":\"https:\/\/ledsolintel.com\/product\/149922-antena-dat-boss-recepcion-uhf-tdt-televes\/#breadcrumb\",\"itemListElement\":[{\"@type\":\"ListItem\",\"position\":1,\"name\":\"Portada\",\"item\":\"https:\/\/ledsolintel.com\/fr\/\"},{\"@type\":\"ListItem\",\"position\":2,\"name\":\"Tienda\",\"item\":\"https:\/\/ledsolintel.com\/tienda\/\"},{\"@type\":\"ListItem\",\"position\":3,\"name\":\"149922 ANTENA DAT BOSS RECEPCION UHF (TDT) TELEVES\"}]},{\"@type\":\"WebSite\",\"@id\":\"https:\/\/ledsolintel.com\/#website\",\"url\":\"https:\/\/ledsolintel.com\/\",\"name\":\"Webmenaje\",\"description\":\"Tienda de bombillas y l\u00e1mparas LED para profesionales\",\"publisher\":{\"@id\":\"https:\/\/ledsolintel.com\/#organization\"},\"potentialAction\":[{\"@type\":\"SearchAction\",\"target\":{\"@type\":\"EntryPoint\",\"urlTemplate\":\"https:\/\/ledsolintel.com\/?s={search_term_string}\"},\"query-input\":{\"@type\":\"PropertyValueSpecification\",\"valueRequired\":true,\"valueName\":\"search_term_string\"}}],\"inLanguage\":\"fr-FR\"},{\"@type\":\"Organization\",\"@id\":\"https:\/\/ledsolintel.com\/#organization\",\"name\":\"Solintel Noroeste, S.L.\",\"url\":\"https:\/\/ledsolintel.com\/\",\"logo\":{\"@type\":\"ImageObject\",\"inLanguage\":\"fr-FR\",\"@id\":\"https:\/\/ledsolintel.com\/#\/schema\/logo\/image\/\",\"url\":\"https:\/\/ledsolintel.com\/wp-content\/uploads\/2024\/11\/webmenaje-logo-1508269066.jpg\",\"contentUrl\":\"https:\/\/ledsolintel.com\/wp-content\/uploads\/2024\/11\/webmenaje-logo-1508269066.jpg\",\"width\":370,\"height\":90,\"caption\":\"Solintel Noroeste, S.L.\"},\"image\":{\"@id\":\"https:\/\/ledsolintel.com\/#\/schema\/logo\/image\/\"},\"sameAs\":[\"http:\/\/www.facebook.com\/webmenaje\",\"https:\/\/x.com\/webmenaje\",\"https:\/\/www.youtube.com\/channel\/UCX2KoVoeCG4LocZjUc6LmSQ\",\"http:\/\/www.pinterest.com\/webmenaje\"]}]}<\/script>\n<!-- \/ Yoast SEO plugin. -->","yoast_head_json":{"title":"149922 ANTENNE DAT BOSS UHF RECEPTION (DTT) TELEVES - Ledsolintel","robots":{"index":"index","follow":"follow","max-snippet":"max-snippet:-1","max-image-preview":"max-image-preview:large","max-video-preview":"max-video-preview:-1"},"canonical":"https:\/\/ledsolintel.com\/fr\/produit-2\/149922-antenne-dat-boss-uhf-tdt-reception-televes\/","og_locale":"fr_FR","og_type":"article","og_title":"149922 ANTENA DAT BOSS RECEPCION UHF (TDT) TELEVES - Ledsolintel","og_description":"Antena DAT BOSS UHF, 1er Dividendo Digital (LTE790). Antena inteligente con sistema BOSSTech, dise\u00f1ada para una recepci\u00f3n de UHF (TDT) de calidad, optimizando el rechazo a la banda LTE hasta el canal 60 (790MHz). Alto margen din\u00e1mico. aumento de \u00e1rea de c","og_url":"https:\/\/ledsolintel.com\/fr\/produit-2\/149922-antenne-dat-boss-uhf-tdt-reception-televes\/","og_site_name":"Ledsolintel","article_publisher":"http:\/\/www.facebook.com\/webmenaje","og_image":[{"url":"https:\/\/ledsolintel.com\/wp-content\/uploads\/2024\/05\/24531-149922-ANTENA-DAT-BOSS-RECEPCION-UHF-TDT-TELEVES.jpg","width":1,"height":1,"type":"image\/jpeg"}],"twitter_card":"summary_large_image","twitter_site":"@webmenaje","schema":{"@context":"https:\/\/schema.org","@graph":[{"@type":"WebPage","@id":"https:\/\/ledsolintel.com\/product\/149922-antena-dat-boss-recepcion-uhf-tdt-televes\/","url":"https:\/\/ledsolintel.com\/product\/149922-antena-dat-boss-recepcion-uhf-tdt-televes\/","name":"149922 ANTENNE DAT BOSS UHF RECEPTION (DTT) TELEVES - Ledsolintel","isPartOf":{"@id":"https:\/\/ledsolintel.com\/#website"},"primaryImageOfPage":{"@id":"https:\/\/ledsolintel.com\/product\/149922-antena-dat-boss-recepcion-uhf-tdt-televes\/#primaryimage"},"image":{"@id":"https:\/\/ledsolintel.com\/product\/149922-antena-dat-boss-recepcion-uhf-tdt-televes\/#primaryimage"},"thumbnailUrl":"https:\/\/ledsolintel.com\/wp-content\/uploads\/2024\/05\/24531-149922-ANTENA-DAT-BOSS-RECEPCION-UHF-TDT-TELEVES.jpg","datePublished":"2024-05-22T12:56:07+00:00","breadcrumb":{"@id":"https:\/\/ledsolintel.com\/product\/149922-antena-dat-boss-recepcion-uhf-tdt-televes\/#breadcrumb"},"inLanguage":"fr-FR","potentialAction":[{"@type":"ReadAction","target":["https:\/\/ledsolintel.com\/product\/149922-antena-dat-boss-recepcion-uhf-tdt-televes\/"]}]},{"@type":"ImageObject","inLanguage":"fr-FR","@id":"https:\/\/ledsolintel.com\/product\/149922-antena-dat-boss-recepcion-uhf-tdt-televes\/#primaryimage","url":"https:\/\/ledsolintel.com\/wp-content\/uploads\/2024\/05\/24531-149922-ANTENA-DAT-BOSS-RECEPCION-UHF-TDT-TELEVES.jpg","contentUrl":"https:\/\/ledsolintel.com\/wp-content\/uploads\/2024\/05\/24531-149922-ANTENA-DAT-BOSS-RECEPCION-UHF-TDT-TELEVES.jpg","caption":"149922 ANTENA DAT BOSS RECEPCION UHF (TDT) TELEVES"},{"@type":"BreadcrumbList","@id":"https:\/\/ledsolintel.com\/product\/149922-antena-dat-boss-recepcion-uhf-tdt-televes\/#breadcrumb","itemListElement":[{"@type":"ListItem","position":1,"name":"Portada","item":"https:\/\/ledsolintel.com\/fr\/"},{"@type":"ListItem","position":2,"name":"Tienda","item":"https:\/\/ledsolintel.com\/tienda\/"},{"@type":"ListItem","position":3,"name":"149922 ANTENA DAT BOSS RECEPCION UHF (TDT) TELEVES"}]},{"@type":"WebSite","@id":"https:\/\/ledsolintel.com\/#website","url":"https:\/\/ledsolintel.com\/","name":"Webmenaje","description":"Magasin d'ampoules et de lampes LED pour les professionnels","publisher":{"@id":"https:\/\/ledsolintel.com\/#organization"},"potentialAction":[{"@type":"SearchAction","target":{"@type":"EntryPoint","urlTemplate":"https:\/\/ledsolintel.com\/?s={search_term_string}"},"query-input":{"@type":"PropertyValueSpecification","valueRequired":true,"valueName":"search_term_string"}}],"inLanguage":"fr-FR"},{"@type":"Organization","@id":"https:\/\/ledsolintel.com\/#organization","name":"Solintel Noroeste, S.L.","url":"https:\/\/ledsolintel.com\/","logo":{"@type":"ImageObject","inLanguage":"fr-FR","@id":"https:\/\/ledsolintel.com\/#\/schema\/logo\/image\/","url":"https:\/\/ledsolintel.com\/wp-content\/uploads\/2024\/11\/webmenaje-logo-1508269066.jpg","contentUrl":"https:\/\/ledsolintel.com\/wp-content\/uploads\/2024\/11\/webmenaje-logo-1508269066.jpg","width":370,"height":90,"caption":"Solintel Noroeste, S.L."},"image":{"@id":"https:\/\/ledsolintel.com\/#\/schema\/logo\/image\/"},"sameAs":["http:\/\/www.facebook.com\/webmenaje","https:\/\/x.com\/webmenaje","https:\/\/www.youtube.com\/channel\/UCX2KoVoeCG4LocZjUc6LmSQ","http:\/\/www.pinterest.com\/webmenaje"]}]}},"_links":{"self":[{"href":"https:\/\/ledsolintel.com\/fr\/wp-json\/wp\/v2\/product\/250061","targetHints":{"allow":["GET"]}}],"collection":[{"href":"https:\/\/ledsolintel.com\/fr\/wp-json\/wp\/v2\/product"}],"about":[{"href":"https:\/\/ledsolintel.com\/fr\/wp-json\/wp\/v2\/types\/product"}],"version-history":[{"count":0,"href":"https:\/\/ledsolintel.com\/fr\/wp-json\/wp\/v2\/product\/250061\/revisions"}],"wp:featuredmedia":[{"embeddable":true,"href":"https:\/\/ledsolintel.com\/fr\/wp-json\/wp\/v2\/media\/250060"}],"wp:attachment":[{"href":"https:\/\/ledsolintel.com\/fr\/wp-json\/wp\/v2\/media?parent=250061"}],"wp:term":[{"taxonomy":"product_brand","embeddable":true,"href":"https:\/\/ledsolintel.com\/fr\/wp-json\/wp\/v2\/product_brand?post=250061"},{"taxonomy":"product_cat","embeddable":true,"href":"https:\/\/ledsolintel.com\/fr\/wp-json\/wp\/v2\/product_cat?post=250061"},{"taxonomy":"product_tag","embeddable":true,"href":"https:\/\/ledsolintel.com\/fr\/wp-json\/wp\/v2\/product_tag?post=250061"}],"curies":[{"name":"wp","href":"https:\/\/api.w.org\/{rel}","templated":true}]}}