{"id":249993,"date":"2024-05-22T14:56:07","date_gmt":"2024-05-22T12:56:07","guid":{"rendered":"https:\/\/nueva.ledsolintel.com\/product\/csbw40015wt50-bl-5m-conexion-antena-conectores-dorados-nedis\/"},"modified":"2024-05-22T14:56:07","modified_gmt":"2024-05-22T12:56:07","slug":"csbw40015wt50-bl-5m-conexion-antena-conectores-dorados-nedis","status":"publish","type":"product","link":"https:\/\/ledsolintel.com\/fr\/produit-2\/csbw40015wt50-bl-5m-conexion-antena-conectores-dorados-nedis\/","title":{"rendered":"CSBW40015WT50 BL 5m ANTENNA CONNECTION GOLDEN CONNECTORS NEDIS"},"content":{"rendered":"<p>C\u00e2ble coaxial 100 dB pour le raccordement d'un d\u00e9codeur \u00e0 une prise murale coaxiale, pour la r\u00e9ception de signaux TV et radio. Contacts plaqu\u00e9s or 24 carats pour une transmission optimale du signal et une excellente qualit\u00e9 de contact. Double blindage<\/p>","protected":false},"excerpt":{"rendered":"<p>C\u00e2ble coaxial 100 dB pour le raccordement d'un d\u00e9codeur \u00e0 une prise murale coaxiale, pour la r\u00e9ception de signaux TV et radio. Contacts plaqu\u00e9s or 24 carats pour une transmission optimale du signal et une excellente qualit\u00e9 de contact. Double blindage<\/p>","protected":false},"featured_media":249990,"template":"","meta":[],"product_brand":[99443],"product_cat":[99601],"product_tag":[],"class_list":{"0":"post-249993","1":"product","2":"type-product","3":"status-publish","4":"has-post-thumbnail","6":"product_brand-nedis","7":"product_cat-gyemo","10":"instock","11":"taxable","12":"shipping-taxable","13":"purchasable","14":"product-type-simple"},"yoast_head":"<!-- This site is optimized with the Yoast SEO plugin v26.6 - https:\/\/yoast.com\/wordpress\/plugins\/seo\/ -->\n<title>CSBW40015WT50 BL 5m CONEXION ANTENA CONECTORES DORADOS NEDIS - Ledsolintel<\/title>\n<meta name=\"robots\" content=\"index, follow, max-snippet:-1, max-image-preview:large, max-video-preview:-1\" \/>\n<link rel=\"canonical\" href=\"https:\/\/ledsolintel.com\/fr\/produit-2\/csbw40015wt50-bl-5m-conexion-antena-conectores-dorados-nedis\/\" \/>\n<meta property=\"og:locale\" content=\"fr_FR\" \/>\n<meta property=\"og:type\" content=\"article\" \/>\n<meta property=\"og:title\" content=\"CSBW40015WT50 BL 5m CONEXION ANTENA CONECTORES DORADOS NEDIS - Ledsolintel\" \/>\n<meta property=\"og:description\" content=\"Cable Coaxial de 100 dB para conexi\u00f3n de un decodificador a una toma coaxial de pared, para recibir se\u00f1ales de TV y radio. Contactos chapados en oro de 24 quilates para una transmisi\u00f3n de se\u00f1al \u00f3ptima y excelente calidad de contacto. Apantallamiento doble\" \/>\n<meta property=\"og:url\" content=\"https:\/\/ledsolintel.com\/fr\/produit-2\/csbw40015wt50-bl-5m-conexion-antena-conectores-dorados-nedis\/\" \/>\n<meta property=\"og:site_name\" content=\"Ledsolintel\" \/>\n<meta property=\"article:publisher\" content=\"http:\/\/www.facebook.com\/webmenaje\" \/>\n<meta property=\"og:image\" content=\"https:\/\/ledsolintel.com\/wp-content\/uploads\/2024\/05\/24461-CSBW40015WT50-BL-5m-CONEXION-ANTENA-CONECTORES-DORADOS-NEDIS.jpg\" \/>\n\t<meta property=\"og:image:width\" content=\"1\" \/>\n\t<meta property=\"og:image:height\" content=\"1\" \/>\n\t<meta property=\"og:image:type\" content=\"image\/jpeg\" \/>\n<meta name=\"twitter:card\" content=\"summary_large_image\" \/>\n<meta name=\"twitter:site\" content=\"@webmenaje\" \/>\n<script type=\"application\/ld+json\" class=\"yoast-schema-graph\">{\"@context\":\"https:\/\/schema.org\",\"@graph\":[{\"@type\":\"WebPage\",\"@id\":\"https:\/\/ledsolintel.com\/product\/csbw40015wt50-bl-5m-conexion-antena-conectores-dorados-nedis\/\",\"url\":\"https:\/\/ledsolintel.com\/product\/csbw40015wt50-bl-5m-conexion-antena-conectores-dorados-nedis\/\",\"name\":\"CSBW40015WT50 BL 5m CONEXION ANTENA CONECTORES DORADOS NEDIS - Ledsolintel\",\"isPartOf\":{\"@id\":\"https:\/\/ledsolintel.com\/#website\"},\"primaryImageOfPage\":{\"@id\":\"https:\/\/ledsolintel.com\/product\/csbw40015wt50-bl-5m-conexion-antena-conectores-dorados-nedis\/#primaryimage\"},\"image\":{\"@id\":\"https:\/\/ledsolintel.com\/product\/csbw40015wt50-bl-5m-conexion-antena-conectores-dorados-nedis\/#primaryimage\"},\"thumbnailUrl\":\"https:\/\/ledsolintel.com\/wp-content\/uploads\/2024\/05\/24461-CSBW40015WT50-BL-5m-CONEXION-ANTENA-CONECTORES-DORADOS-NEDIS.jpg\",\"datePublished\":\"2024-05-22T12:56:07+00:00\",\"breadcrumb\":{\"@id\":\"https:\/\/ledsolintel.com\/product\/csbw40015wt50-bl-5m-conexion-antena-conectores-dorados-nedis\/#breadcrumb\"},\"inLanguage\":\"fr-FR\",\"potentialAction\":[{\"@type\":\"ReadAction\",\"target\":[\"https:\/\/ledsolintel.com\/product\/csbw40015wt50-bl-5m-conexion-antena-conectores-dorados-nedis\/\"]}]},{\"@type\":\"ImageObject\",\"inLanguage\":\"fr-FR\",\"@id\":\"https:\/\/ledsolintel.com\/product\/csbw40015wt50-bl-5m-conexion-antena-conectores-dorados-nedis\/#primaryimage\",\"url\":\"https:\/\/ledsolintel.com\/wp-content\/uploads\/2024\/05\/24461-CSBW40015WT50-BL-5m-CONEXION-ANTENA-CONECTORES-DORADOS-NEDIS.jpg\",\"contentUrl\":\"https:\/\/ledsolintel.com\/wp-content\/uploads\/2024\/05\/24461-CSBW40015WT50-BL-5m-CONEXION-ANTENA-CONECTORES-DORADOS-NEDIS.jpg\",\"caption\":\"CSBW40015WT50 BL 5m CONEXION ANTENA CONECTORES DORADOS NEDIS\"},{\"@type\":\"BreadcrumbList\",\"@id\":\"https:\/\/ledsolintel.com\/product\/csbw40015wt50-bl-5m-conexion-antena-conectores-dorados-nedis\/#breadcrumb\",\"itemListElement\":[{\"@type\":\"ListItem\",\"position\":1,\"name\":\"Portada\",\"item\":\"https:\/\/ledsolintel.com\/fr\/\"},{\"@type\":\"ListItem\",\"position\":2,\"name\":\"Tienda\",\"item\":\"https:\/\/ledsolintel.com\/tienda\/\"},{\"@type\":\"ListItem\",\"position\":3,\"name\":\"CSBW40015WT50 BL 5m CONEXION ANTENA CONECTORES DORADOS NEDIS\"}]},{\"@type\":\"WebSite\",\"@id\":\"https:\/\/ledsolintel.com\/#website\",\"url\":\"https:\/\/ledsolintel.com\/\",\"name\":\"Webmenaje\",\"description\":\"Tienda de bombillas y l\u00e1mparas LED para profesionales\",\"publisher\":{\"@id\":\"https:\/\/ledsolintel.com\/#organization\"},\"potentialAction\":[{\"@type\":\"SearchAction\",\"target\":{\"@type\":\"EntryPoint\",\"urlTemplate\":\"https:\/\/ledsolintel.com\/?s={search_term_string}\"},\"query-input\":{\"@type\":\"PropertyValueSpecification\",\"valueRequired\":true,\"valueName\":\"search_term_string\"}}],\"inLanguage\":\"fr-FR\"},{\"@type\":\"Organization\",\"@id\":\"https:\/\/ledsolintel.com\/#organization\",\"name\":\"Solintel Noroeste, S.L.\",\"url\":\"https:\/\/ledsolintel.com\/\",\"logo\":{\"@type\":\"ImageObject\",\"inLanguage\":\"fr-FR\",\"@id\":\"https:\/\/ledsolintel.com\/#\/schema\/logo\/image\/\",\"url\":\"https:\/\/ledsolintel.com\/wp-content\/uploads\/2024\/11\/webmenaje-logo-1508269066.jpg\",\"contentUrl\":\"https:\/\/ledsolintel.com\/wp-content\/uploads\/2024\/11\/webmenaje-logo-1508269066.jpg\",\"width\":370,\"height\":90,\"caption\":\"Solintel Noroeste, S.L.\"},\"image\":{\"@id\":\"https:\/\/ledsolintel.com\/#\/schema\/logo\/image\/\"},\"sameAs\":[\"http:\/\/www.facebook.com\/webmenaje\",\"https:\/\/x.com\/webmenaje\",\"https:\/\/www.youtube.com\/channel\/UCX2KoVoeCG4LocZjUc6LmSQ\",\"http:\/\/www.pinterest.com\/webmenaje\"]}]}<\/script>\n<!-- \/ Yoast SEO plugin. -->","yoast_head_json":{"title":"CSBW40015WT50 BL 5m CONEXION ANTENA CONECTORES DORADOS NEDIS - Ledsolintel","robots":{"index":"index","follow":"follow","max-snippet":"max-snippet:-1","max-image-preview":"max-image-preview:large","max-video-preview":"max-video-preview:-1"},"canonical":"https:\/\/ledsolintel.com\/fr\/produit-2\/csbw40015wt50-bl-5m-conexion-antena-conectores-dorados-nedis\/","og_locale":"fr_FR","og_type":"article","og_title":"CSBW40015WT50 BL 5m CONEXION ANTENA CONECTORES DORADOS NEDIS - Ledsolintel","og_description":"Cable Coaxial de 100 dB para conexi\u00f3n de un decodificador a una toma coaxial de pared, para recibir se\u00f1ales de TV y radio. Contactos chapados en oro de 24 quilates para una transmisi\u00f3n de se\u00f1al \u00f3ptima y excelente calidad de contacto. Apantallamiento doble","og_url":"https:\/\/ledsolintel.com\/fr\/produit-2\/csbw40015wt50-bl-5m-conexion-antena-conectores-dorados-nedis\/","og_site_name":"Ledsolintel","article_publisher":"http:\/\/www.facebook.com\/webmenaje","og_image":[{"url":"https:\/\/ledsolintel.com\/wp-content\/uploads\/2024\/05\/24461-CSBW40015WT50-BL-5m-CONEXION-ANTENA-CONECTORES-DORADOS-NEDIS.jpg","width":1,"height":1,"type":"image\/jpeg"}],"twitter_card":"summary_large_image","twitter_site":"@webmenaje","schema":{"@context":"https:\/\/schema.org","@graph":[{"@type":"WebPage","@id":"https:\/\/ledsolintel.com\/product\/csbw40015wt50-bl-5m-conexion-antena-conectores-dorados-nedis\/","url":"https:\/\/ledsolintel.com\/product\/csbw40015wt50-bl-5m-conexion-antena-conectores-dorados-nedis\/","name":"CSBW40015WT50 BL 5m CONEXION ANTENA CONECTORES DORADOS NEDIS - Ledsolintel","isPartOf":{"@id":"https:\/\/ledsolintel.com\/#website"},"primaryImageOfPage":{"@id":"https:\/\/ledsolintel.com\/product\/csbw40015wt50-bl-5m-conexion-antena-conectores-dorados-nedis\/#primaryimage"},"image":{"@id":"https:\/\/ledsolintel.com\/product\/csbw40015wt50-bl-5m-conexion-antena-conectores-dorados-nedis\/#primaryimage"},"thumbnailUrl":"https:\/\/ledsolintel.com\/wp-content\/uploads\/2024\/05\/24461-CSBW40015WT50-BL-5m-CONEXION-ANTENA-CONECTORES-DORADOS-NEDIS.jpg","datePublished":"2024-05-22T12:56:07+00:00","breadcrumb":{"@id":"https:\/\/ledsolintel.com\/product\/csbw40015wt50-bl-5m-conexion-antena-conectores-dorados-nedis\/#breadcrumb"},"inLanguage":"fr-FR","potentialAction":[{"@type":"ReadAction","target":["https:\/\/ledsolintel.com\/product\/csbw40015wt50-bl-5m-conexion-antena-conectores-dorados-nedis\/"]}]},{"@type":"ImageObject","inLanguage":"fr-FR","@id":"https:\/\/ledsolintel.com\/product\/csbw40015wt50-bl-5m-conexion-antena-conectores-dorados-nedis\/#primaryimage","url":"https:\/\/ledsolintel.com\/wp-content\/uploads\/2024\/05\/24461-CSBW40015WT50-BL-5m-CONEXION-ANTENA-CONECTORES-DORADOS-NEDIS.jpg","contentUrl":"https:\/\/ledsolintel.com\/wp-content\/uploads\/2024\/05\/24461-CSBW40015WT50-BL-5m-CONEXION-ANTENA-CONECTORES-DORADOS-NEDIS.jpg","caption":"CSBW40015WT50 BL 5m CONEXION ANTENA CONECTORES DORADOS NEDIS"},{"@type":"BreadcrumbList","@id":"https:\/\/ledsolintel.com\/product\/csbw40015wt50-bl-5m-conexion-antena-conectores-dorados-nedis\/#breadcrumb","itemListElement":[{"@type":"ListItem","position":1,"name":"Portada","item":"https:\/\/ledsolintel.com\/fr\/"},{"@type":"ListItem","position":2,"name":"Tienda","item":"https:\/\/ledsolintel.com\/tienda\/"},{"@type":"ListItem","position":3,"name":"CSBW40015WT50 BL 5m CONEXION ANTENA CONECTORES DORADOS NEDIS"}]},{"@type":"WebSite","@id":"https:\/\/ledsolintel.com\/#website","url":"https:\/\/ledsolintel.com\/","name":"Webmenaje","description":"Magasin d'ampoules et de lampes LED pour les professionnels","publisher":{"@id":"https:\/\/ledsolintel.com\/#organization"},"potentialAction":[{"@type":"SearchAction","target":{"@type":"EntryPoint","urlTemplate":"https:\/\/ledsolintel.com\/?s={search_term_string}"},"query-input":{"@type":"PropertyValueSpecification","valueRequired":true,"valueName":"search_term_string"}}],"inLanguage":"fr-FR"},{"@type":"Organization","@id":"https:\/\/ledsolintel.com\/#organization","name":"Solintel Noroeste, S.L.","url":"https:\/\/ledsolintel.com\/","logo":{"@type":"ImageObject","inLanguage":"fr-FR","@id":"https:\/\/ledsolintel.com\/#\/schema\/logo\/image\/","url":"https:\/\/ledsolintel.com\/wp-content\/uploads\/2024\/11\/webmenaje-logo-1508269066.jpg","contentUrl":"https:\/\/ledsolintel.com\/wp-content\/uploads\/2024\/11\/webmenaje-logo-1508269066.jpg","width":370,"height":90,"caption":"Solintel Noroeste, S.L."},"image":{"@id":"https:\/\/ledsolintel.com\/#\/schema\/logo\/image\/"},"sameAs":["http:\/\/www.facebook.com\/webmenaje","https:\/\/x.com\/webmenaje","https:\/\/www.youtube.com\/channel\/UCX2KoVoeCG4LocZjUc6LmSQ","http:\/\/www.pinterest.com\/webmenaje"]}]}},"_links":{"self":[{"href":"https:\/\/ledsolintel.com\/fr\/wp-json\/wp\/v2\/product\/249993","targetHints":{"allow":["GET"]}}],"collection":[{"href":"https:\/\/ledsolintel.com\/fr\/wp-json\/wp\/v2\/product"}],"about":[{"href":"https:\/\/ledsolintel.com\/fr\/wp-json\/wp\/v2\/types\/product"}],"version-history":[{"count":0,"href":"https:\/\/ledsolintel.com\/fr\/wp-json\/wp\/v2\/product\/249993\/revisions"}],"wp:featuredmedia":[{"embeddable":true,"href":"https:\/\/ledsolintel.com\/fr\/wp-json\/wp\/v2\/media\/249990"}],"wp:attachment":[{"href":"https:\/\/ledsolintel.com\/fr\/wp-json\/wp\/v2\/media?parent=249993"}],"wp:term":[{"taxonomy":"product_brand","embeddable":true,"href":"https:\/\/ledsolintel.com\/fr\/wp-json\/wp\/v2\/product_brand?post=249993"},{"taxonomy":"product_cat","embeddable":true,"href":"https:\/\/ledsolintel.com\/fr\/wp-json\/wp\/v2\/product_cat?post=249993"},{"taxonomy":"product_tag","embeddable":true,"href":"https:\/\/ledsolintel.com\/fr\/wp-json\/wp\/v2\/product_tag?post=249993"}],"curies":[{"name":"wp","href":"https:\/\/api.w.org\/{rel}","templated":true}]}}