{"id":249979,"date":"2024-05-22T14:56:07","date_gmt":"2024-05-22T12:56:07","guid":{"rendered":"https:\/\/nueva.ledsolintel.com\/product\/ccbg8522gy100s-100m-bobina-cable-red-utp-cat6-nedis\/"},"modified":"2024-05-22T14:56:07","modified_gmt":"2024-05-22T12:56:07","slug":"ccbg8522gy100s-100m-bobina-cable-red-utp-cat6-nedis","status":"publish","type":"product","link":"https:\/\/ledsolintel.com\/fr\/produit-2\/ccbg8522gy100s-100m-bobina-cable-red-utp-cat6-nedis\/","title":{"rendered":"CCBG8522GY100S 100M COIL UTP CAT6 NETWORK CABLE NEDIS"},"content":{"rendered":"<p>Cat6 jusqu'\u00e0 1Gbps. 250Mhz. Ce c\u00e2ble CAT6 poss\u00e8de des paires torsad\u00e9es blind\u00e9es, ce qui le rend moins vuln\u00e9rable aux influences \u00e9lectriques externes. Il est parfaitement adapt\u00e9 aux environnements de r\u00e9seaux 10\/100\/1000 Mbps. Les \u00e2mes solides le rendent parfait pour les r\u00e9seaux si<\/p>","protected":false},"excerpt":{"rendered":"<p>Cat6 jusqu'\u00e0 1Gbps. 250Mhz. Ce c\u00e2ble CAT6 poss\u00e8de des paires torsad\u00e9es blind\u00e9es, ce qui le rend moins vuln\u00e9rable aux influences \u00e9lectriques externes. Il est parfaitement adapt\u00e9 aux environnements de r\u00e9seaux 10\/100\/1000 Mbps. Les \u00e2mes solides le rendent parfait pour les r\u00e9seaux si<\/p>","protected":false},"featured_media":249977,"template":"","meta":[],"product_brand":[99443],"product_cat":[99601],"product_tag":[],"class_list":{"0":"post-249979","1":"product","2":"type-product","3":"status-publish","4":"has-post-thumbnail","6":"product_brand-nedis","7":"product_cat-gyemo","10":"instock","11":"taxable","12":"shipping-taxable","13":"purchasable","14":"product-type-simple"},"yoast_head":"<!-- This site is optimized with the Yoast SEO plugin v26.6 - https:\/\/yoast.com\/wordpress\/plugins\/seo\/ -->\n<title>CCBG8522GY100S 100M BOBINA CABLE RED UTP CAT6 NEDIS - Ledsolintel<\/title>\n<meta name=\"robots\" content=\"index, follow, max-snippet:-1, max-image-preview:large, max-video-preview:-1\" \/>\n<link rel=\"canonical\" href=\"https:\/\/ledsolintel.com\/fr\/produit-2\/ccbg8522gy100s-100m-bobina-cable-red-utp-cat6-nedis\/\" \/>\n<meta property=\"og:locale\" content=\"fr_FR\" \/>\n<meta property=\"og:type\" content=\"article\" \/>\n<meta property=\"og:title\" content=\"CCBG8522GY100S 100M BOBINA CABLE RED UTP CAT6 NEDIS - Ledsolintel\" \/>\n<meta property=\"og:description\" content=\"Cat6 hasta 1Gbps. 250Mhz. Este cable CAT6 tiene pares trenzados blindados que lo hacen menos vulnerable a influencias el\u00e9ctricas externas. Es perfectamente apto para entornos de red de 10\/100\/1000 Mbps. Los n\u00facleos s\u00f3lidos lo vuelen perfecto para redes si\" \/>\n<meta property=\"og:url\" content=\"https:\/\/ledsolintel.com\/fr\/produit-2\/ccbg8522gy100s-100m-bobina-cable-red-utp-cat6-nedis\/\" \/>\n<meta property=\"og:site_name\" content=\"Ledsolintel\" \/>\n<meta property=\"article:publisher\" content=\"http:\/\/www.facebook.com\/webmenaje\" \/>\n<meta property=\"og:image\" content=\"https:\/\/ledsolintel.com\/wp-content\/uploads\/2024\/05\/24454-CCBG8522GY100S-100M-BOBINA-CABLE-RED-UTP-CAT6-NEDIS.jpg\" \/>\n\t<meta property=\"og:image:width\" content=\"1\" \/>\n\t<meta property=\"og:image:height\" content=\"1\" \/>\n\t<meta property=\"og:image:type\" content=\"image\/jpeg\" \/>\n<meta name=\"twitter:card\" content=\"summary_large_image\" \/>\n<meta name=\"twitter:site\" content=\"@webmenaje\" \/>\n<script type=\"application\/ld+json\" class=\"yoast-schema-graph\">{\"@context\":\"https:\/\/schema.org\",\"@graph\":[{\"@type\":\"WebPage\",\"@id\":\"https:\/\/ledsolintel.com\/product\/ccbg8522gy100s-100m-bobina-cable-red-utp-cat6-nedis\/\",\"url\":\"https:\/\/ledsolintel.com\/product\/ccbg8522gy100s-100m-bobina-cable-red-utp-cat6-nedis\/\",\"name\":\"CCBG8522GY100S 100M BOBINA CABLE RED UTP CAT6 NEDIS - Ledsolintel\",\"isPartOf\":{\"@id\":\"https:\/\/ledsolintel.com\/#website\"},\"primaryImageOfPage\":{\"@id\":\"https:\/\/ledsolintel.com\/product\/ccbg8522gy100s-100m-bobina-cable-red-utp-cat6-nedis\/#primaryimage\"},\"image\":{\"@id\":\"https:\/\/ledsolintel.com\/product\/ccbg8522gy100s-100m-bobina-cable-red-utp-cat6-nedis\/#primaryimage\"},\"thumbnailUrl\":\"https:\/\/ledsolintel.com\/wp-content\/uploads\/2024\/05\/24454-CCBG8522GY100S-100M-BOBINA-CABLE-RED-UTP-CAT6-NEDIS.jpg\",\"datePublished\":\"2024-05-22T12:56:07+00:00\",\"breadcrumb\":{\"@id\":\"https:\/\/ledsolintel.com\/product\/ccbg8522gy100s-100m-bobina-cable-red-utp-cat6-nedis\/#breadcrumb\"},\"inLanguage\":\"fr-FR\",\"potentialAction\":[{\"@type\":\"ReadAction\",\"target\":[\"https:\/\/ledsolintel.com\/product\/ccbg8522gy100s-100m-bobina-cable-red-utp-cat6-nedis\/\"]}]},{\"@type\":\"ImageObject\",\"inLanguage\":\"fr-FR\",\"@id\":\"https:\/\/ledsolintel.com\/product\/ccbg8522gy100s-100m-bobina-cable-red-utp-cat6-nedis\/#primaryimage\",\"url\":\"https:\/\/ledsolintel.com\/wp-content\/uploads\/2024\/05\/24454-CCBG8522GY100S-100M-BOBINA-CABLE-RED-UTP-CAT6-NEDIS.jpg\",\"contentUrl\":\"https:\/\/ledsolintel.com\/wp-content\/uploads\/2024\/05\/24454-CCBG8522GY100S-100M-BOBINA-CABLE-RED-UTP-CAT6-NEDIS.jpg\",\"caption\":\"CCBG8522GY100S 100M BOBINA CABLE RED UTP CAT6 NEDIS\"},{\"@type\":\"BreadcrumbList\",\"@id\":\"https:\/\/ledsolintel.com\/product\/ccbg8522gy100s-100m-bobina-cable-red-utp-cat6-nedis\/#breadcrumb\",\"itemListElement\":[{\"@type\":\"ListItem\",\"position\":1,\"name\":\"Portada\",\"item\":\"https:\/\/ledsolintel.com\/fr\/\"},{\"@type\":\"ListItem\",\"position\":2,\"name\":\"Tienda\",\"item\":\"https:\/\/ledsolintel.com\/tienda\/\"},{\"@type\":\"ListItem\",\"position\":3,\"name\":\"CCBG8522GY100S 100M BOBINA CABLE RED UTP CAT6 NEDIS\"}]},{\"@type\":\"WebSite\",\"@id\":\"https:\/\/ledsolintel.com\/#website\",\"url\":\"https:\/\/ledsolintel.com\/\",\"name\":\"Webmenaje\",\"description\":\"Tienda de bombillas y l\u00e1mparas LED para profesionales\",\"publisher\":{\"@id\":\"https:\/\/ledsolintel.com\/#organization\"},\"potentialAction\":[{\"@type\":\"SearchAction\",\"target\":{\"@type\":\"EntryPoint\",\"urlTemplate\":\"https:\/\/ledsolintel.com\/?s={search_term_string}\"},\"query-input\":{\"@type\":\"PropertyValueSpecification\",\"valueRequired\":true,\"valueName\":\"search_term_string\"}}],\"inLanguage\":\"fr-FR\"},{\"@type\":\"Organization\",\"@id\":\"https:\/\/ledsolintel.com\/#organization\",\"name\":\"Solintel Noroeste, S.L.\",\"url\":\"https:\/\/ledsolintel.com\/\",\"logo\":{\"@type\":\"ImageObject\",\"inLanguage\":\"fr-FR\",\"@id\":\"https:\/\/ledsolintel.com\/#\/schema\/logo\/image\/\",\"url\":\"https:\/\/ledsolintel.com\/wp-content\/uploads\/2024\/11\/webmenaje-logo-1508269066.jpg\",\"contentUrl\":\"https:\/\/ledsolintel.com\/wp-content\/uploads\/2024\/11\/webmenaje-logo-1508269066.jpg\",\"width\":370,\"height\":90,\"caption\":\"Solintel Noroeste, S.L.\"},\"image\":{\"@id\":\"https:\/\/ledsolintel.com\/#\/schema\/logo\/image\/\"},\"sameAs\":[\"http:\/\/www.facebook.com\/webmenaje\",\"https:\/\/x.com\/webmenaje\",\"https:\/\/www.youtube.com\/channel\/UCX2KoVoeCG4LocZjUc6LmSQ\",\"http:\/\/www.pinterest.com\/webmenaje\"]}]}<\/script>\n<!-- \/ Yoast SEO plugin. -->","yoast_head_json":{"title":"CCBG8522GY100S 100M BOBINA CABLE RED UTP CAT6 NEDIS - Ledsolintel","robots":{"index":"index","follow":"follow","max-snippet":"max-snippet:-1","max-image-preview":"max-image-preview:large","max-video-preview":"max-video-preview:-1"},"canonical":"https:\/\/ledsolintel.com\/fr\/produit-2\/ccbg8522gy100s-100m-bobina-cable-red-utp-cat6-nedis\/","og_locale":"fr_FR","og_type":"article","og_title":"CCBG8522GY100S 100M BOBINA CABLE RED UTP CAT6 NEDIS - Ledsolintel","og_description":"Cat6 hasta 1Gbps. 250Mhz. Este cable CAT6 tiene pares trenzados blindados que lo hacen menos vulnerable a influencias el\u00e9ctricas externas. Es perfectamente apto para entornos de red de 10\/100\/1000 Mbps. Los n\u00facleos s\u00f3lidos lo vuelen perfecto para redes si","og_url":"https:\/\/ledsolintel.com\/fr\/produit-2\/ccbg8522gy100s-100m-bobina-cable-red-utp-cat6-nedis\/","og_site_name":"Ledsolintel","article_publisher":"http:\/\/www.facebook.com\/webmenaje","og_image":[{"url":"https:\/\/ledsolintel.com\/wp-content\/uploads\/2024\/05\/24454-CCBG8522GY100S-100M-BOBINA-CABLE-RED-UTP-CAT6-NEDIS.jpg","width":1,"height":1,"type":"image\/jpeg"}],"twitter_card":"summary_large_image","twitter_site":"@webmenaje","schema":{"@context":"https:\/\/schema.org","@graph":[{"@type":"WebPage","@id":"https:\/\/ledsolintel.com\/product\/ccbg8522gy100s-100m-bobina-cable-red-utp-cat6-nedis\/","url":"https:\/\/ledsolintel.com\/product\/ccbg8522gy100s-100m-bobina-cable-red-utp-cat6-nedis\/","name":"CCBG8522GY100S 100M BOBINA CABLE RED UTP CAT6 NEDIS - Ledsolintel","isPartOf":{"@id":"https:\/\/ledsolintel.com\/#website"},"primaryImageOfPage":{"@id":"https:\/\/ledsolintel.com\/product\/ccbg8522gy100s-100m-bobina-cable-red-utp-cat6-nedis\/#primaryimage"},"image":{"@id":"https:\/\/ledsolintel.com\/product\/ccbg8522gy100s-100m-bobina-cable-red-utp-cat6-nedis\/#primaryimage"},"thumbnailUrl":"https:\/\/ledsolintel.com\/wp-content\/uploads\/2024\/05\/24454-CCBG8522GY100S-100M-BOBINA-CABLE-RED-UTP-CAT6-NEDIS.jpg","datePublished":"2024-05-22T12:56:07+00:00","breadcrumb":{"@id":"https:\/\/ledsolintel.com\/product\/ccbg8522gy100s-100m-bobina-cable-red-utp-cat6-nedis\/#breadcrumb"},"inLanguage":"fr-FR","potentialAction":[{"@type":"ReadAction","target":["https:\/\/ledsolintel.com\/product\/ccbg8522gy100s-100m-bobina-cable-red-utp-cat6-nedis\/"]}]},{"@type":"ImageObject","inLanguage":"fr-FR","@id":"https:\/\/ledsolintel.com\/product\/ccbg8522gy100s-100m-bobina-cable-red-utp-cat6-nedis\/#primaryimage","url":"https:\/\/ledsolintel.com\/wp-content\/uploads\/2024\/05\/24454-CCBG8522GY100S-100M-BOBINA-CABLE-RED-UTP-CAT6-NEDIS.jpg","contentUrl":"https:\/\/ledsolintel.com\/wp-content\/uploads\/2024\/05\/24454-CCBG8522GY100S-100M-BOBINA-CABLE-RED-UTP-CAT6-NEDIS.jpg","caption":"CCBG8522GY100S 100M BOBINA CABLE RED UTP CAT6 NEDIS"},{"@type":"BreadcrumbList","@id":"https:\/\/ledsolintel.com\/product\/ccbg8522gy100s-100m-bobina-cable-red-utp-cat6-nedis\/#breadcrumb","itemListElement":[{"@type":"ListItem","position":1,"name":"Portada","item":"https:\/\/ledsolintel.com\/fr\/"},{"@type":"ListItem","position":2,"name":"Tienda","item":"https:\/\/ledsolintel.com\/tienda\/"},{"@type":"ListItem","position":3,"name":"CCBG8522GY100S 100M BOBINA CABLE RED UTP CAT6 NEDIS"}]},{"@type":"WebSite","@id":"https:\/\/ledsolintel.com\/#website","url":"https:\/\/ledsolintel.com\/","name":"Webmenaje","description":"Magasin d'ampoules et de lampes LED pour les professionnels","publisher":{"@id":"https:\/\/ledsolintel.com\/#organization"},"potentialAction":[{"@type":"SearchAction","target":{"@type":"EntryPoint","urlTemplate":"https:\/\/ledsolintel.com\/?s={search_term_string}"},"query-input":{"@type":"PropertyValueSpecification","valueRequired":true,"valueName":"search_term_string"}}],"inLanguage":"fr-FR"},{"@type":"Organization","@id":"https:\/\/ledsolintel.com\/#organization","name":"Solintel Noroeste, S.L.","url":"https:\/\/ledsolintel.com\/","logo":{"@type":"ImageObject","inLanguage":"fr-FR","@id":"https:\/\/ledsolintel.com\/#\/schema\/logo\/image\/","url":"https:\/\/ledsolintel.com\/wp-content\/uploads\/2024\/11\/webmenaje-logo-1508269066.jpg","contentUrl":"https:\/\/ledsolintel.com\/wp-content\/uploads\/2024\/11\/webmenaje-logo-1508269066.jpg","width":370,"height":90,"caption":"Solintel Noroeste, S.L."},"image":{"@id":"https:\/\/ledsolintel.com\/#\/schema\/logo\/image\/"},"sameAs":["http:\/\/www.facebook.com\/webmenaje","https:\/\/x.com\/webmenaje","https:\/\/www.youtube.com\/channel\/UCX2KoVoeCG4LocZjUc6LmSQ","http:\/\/www.pinterest.com\/webmenaje"]}]}},"_links":{"self":[{"href":"https:\/\/ledsolintel.com\/fr\/wp-json\/wp\/v2\/product\/249979","targetHints":{"allow":["GET"]}}],"collection":[{"href":"https:\/\/ledsolintel.com\/fr\/wp-json\/wp\/v2\/product"}],"about":[{"href":"https:\/\/ledsolintel.com\/fr\/wp-json\/wp\/v2\/types\/product"}],"version-history":[{"count":0,"href":"https:\/\/ledsolintel.com\/fr\/wp-json\/wp\/v2\/product\/249979\/revisions"}],"wp:featuredmedia":[{"embeddable":true,"href":"https:\/\/ledsolintel.com\/fr\/wp-json\/wp\/v2\/media\/249977"}],"wp:attachment":[{"href":"https:\/\/ledsolintel.com\/fr\/wp-json\/wp\/v2\/media?parent=249979"}],"wp:term":[{"taxonomy":"product_brand","embeddable":true,"href":"https:\/\/ledsolintel.com\/fr\/wp-json\/wp\/v2\/product_brand?post=249979"},{"taxonomy":"product_cat","embeddable":true,"href":"https:\/\/ledsolintel.com\/fr\/wp-json\/wp\/v2\/product_cat?post=249979"},{"taxonomy":"product_tag","embeddable":true,"href":"https:\/\/ledsolintel.com\/fr\/wp-json\/wp\/v2\/product_tag?post=249979"}],"curies":[{"name":"wp","href":"https:\/\/api.w.org\/{rel}","templated":true}]}}