{"id":249948,"date":"2024-05-22T14:56:07","date_gmt":"2024-05-22T12:56:07","guid":{"rendered":"https:\/\/nueva.ledsolintel.com\/product\/5231-base-empotrar-matv-bp-10db-intermedia\/"},"modified":"2024-05-22T14:56:07","modified_gmt":"2024-05-22T12:56:07","slug":"5231-base-encastree-base-matv-matv-bp-10db-intermediaire","status":"publish","type":"product","link":"https:\/\/ledsolintel.com\/fr\/produit-2\/5231-base-encastree-base-matv-matv-bp-10db-intermediaire\/","title":{"rendered":"5231 MATV BP 10dB INTERMEDIATE BASE MOUNTING"},"content":{"rendered":"<p>Bo\u00eete de passage avec deux connecteurs IEC. Celui de gauche est un IEC m\u00e2le pour la t\u00e9l\u00e9vision terrestre et celui de droite est un IEC femelle pour la radio (FM). Il est dot\u00e9 d'une fonction de passage du signal et permet donc l'installation en s\u00e9rie de plusieurs prises. Il est recommand\u00e9 d'installer<\/p>","protected":false},"excerpt":{"rendered":"<p>Bo\u00eete de passage avec deux connecteurs IEC. Celui de gauche est un IEC m\u00e2le pour la t\u00e9l\u00e9vision terrestre et celui de droite est un IEC femelle pour la radio (FM). Il est dot\u00e9 d'une fonction de passage du signal et permet donc l'installation en s\u00e9rie de plusieurs prises. Il est recommand\u00e9 d'installer<\/p>","protected":false},"featured_media":249947,"template":"","meta":[],"product_brand":[99441],"product_cat":[99601],"product_tag":[],"class_list":{"0":"post-249948","1":"product","2":"type-product","3":"status-publish","4":"has-post-thumbnail","6":"product_brand-televes","7":"product_cat-gyemo","10":"instock","11":"taxable","12":"shipping-taxable","13":"purchasable","14":"product-type-simple"},"yoast_head":"<!-- This site is optimized with the Yoast SEO plugin v26.6 - https:\/\/yoast.com\/wordpress\/plugins\/seo\/ -->\n<title>5231 BASE EMPOTRAR MATV BP 10dB INTERMEDIA - Ledsolintel<\/title>\n<meta name=\"robots\" content=\"index, follow, max-snippet:-1, max-image-preview:large, max-video-preview:-1\" \/>\n<link rel=\"canonical\" href=\"https:\/\/ledsolintel.com\/fr\/produit-2\/5231-base-encastree-base-matv-matv-bp-10db-intermediaire\/\" \/>\n<meta property=\"og:locale\" content=\"fr_FR\" \/>\n<meta property=\"og:type\" content=\"article\" \/>\n<meta property=\"og:title\" content=\"5231 BASE EMPOTRAR MATV BP 10dB INTERMEDIA - Ledsolintel\" \/>\n<meta property=\"og:description\" content=\"Caja de paso con dos conectores CEI. El de la izquierda es un CEI macho para TV terrestre y el de la derecha un CEI hembra para radio (FM). Tiene paso de se\u00f1al por lo que permite realizar una instalaci\u00f3n en serie de varias tomas. Se recomienda la instalac\" \/>\n<meta property=\"og:url\" content=\"https:\/\/ledsolintel.com\/fr\/produit-2\/5231-base-encastree-base-matv-matv-bp-10db-intermediaire\/\" \/>\n<meta property=\"og:site_name\" content=\"Ledsolintel\" \/>\n<meta property=\"article:publisher\" content=\"http:\/\/www.facebook.com\/webmenaje\" \/>\n<meta property=\"og:image\" content=\"https:\/\/ledsolintel.com\/wp-content\/uploads\/2024\/05\/24399-5231-BASE-EMPOTRAR-MATV-BP-10dB-INTERMEDIA.jpg\" \/>\n\t<meta property=\"og:image:width\" content=\"1\" \/>\n\t<meta property=\"og:image:height\" content=\"1\" \/>\n\t<meta property=\"og:image:type\" content=\"image\/jpeg\" \/>\n<meta name=\"twitter:card\" content=\"summary_large_image\" \/>\n<meta name=\"twitter:site\" content=\"@webmenaje\" \/>\n<script type=\"application\/ld+json\" class=\"yoast-schema-graph\">{\"@context\":\"https:\/\/schema.org\",\"@graph\":[{\"@type\":\"WebPage\",\"@id\":\"https:\/\/ledsolintel.com\/product\/5231-base-empotrar-matv-bp-10db-intermedia\/\",\"url\":\"https:\/\/ledsolintel.com\/product\/5231-base-empotrar-matv-bp-10db-intermedia\/\",\"name\":\"5231 BASE EMPOTRAR MATV BP 10dB INTERMEDIA - Ledsolintel\",\"isPartOf\":{\"@id\":\"https:\/\/ledsolintel.com\/#website\"},\"primaryImageOfPage\":{\"@id\":\"https:\/\/ledsolintel.com\/product\/5231-base-empotrar-matv-bp-10db-intermedia\/#primaryimage\"},\"image\":{\"@id\":\"https:\/\/ledsolintel.com\/product\/5231-base-empotrar-matv-bp-10db-intermedia\/#primaryimage\"},\"thumbnailUrl\":\"https:\/\/ledsolintel.com\/wp-content\/uploads\/2024\/05\/24399-5231-BASE-EMPOTRAR-MATV-BP-10dB-INTERMEDIA.jpg\",\"datePublished\":\"2024-05-22T12:56:07+00:00\",\"breadcrumb\":{\"@id\":\"https:\/\/ledsolintel.com\/product\/5231-base-empotrar-matv-bp-10db-intermedia\/#breadcrumb\"},\"inLanguage\":\"fr-FR\",\"potentialAction\":[{\"@type\":\"ReadAction\",\"target\":[\"https:\/\/ledsolintel.com\/product\/5231-base-empotrar-matv-bp-10db-intermedia\/\"]}]},{\"@type\":\"ImageObject\",\"inLanguage\":\"fr-FR\",\"@id\":\"https:\/\/ledsolintel.com\/product\/5231-base-empotrar-matv-bp-10db-intermedia\/#primaryimage\",\"url\":\"https:\/\/ledsolintel.com\/wp-content\/uploads\/2024\/05\/24399-5231-BASE-EMPOTRAR-MATV-BP-10dB-INTERMEDIA.jpg\",\"contentUrl\":\"https:\/\/ledsolintel.com\/wp-content\/uploads\/2024\/05\/24399-5231-BASE-EMPOTRAR-MATV-BP-10dB-INTERMEDIA.jpg\",\"caption\":\"5231 BASE EMPOTRAR MATV BP 10dB INTERMEDIA\"},{\"@type\":\"BreadcrumbList\",\"@id\":\"https:\/\/ledsolintel.com\/product\/5231-base-empotrar-matv-bp-10db-intermedia\/#breadcrumb\",\"itemListElement\":[{\"@type\":\"ListItem\",\"position\":1,\"name\":\"Portada\",\"item\":\"https:\/\/ledsolintel.com\/fr\/\"},{\"@type\":\"ListItem\",\"position\":2,\"name\":\"Tienda\",\"item\":\"https:\/\/ledsolintel.com\/tienda\/\"},{\"@type\":\"ListItem\",\"position\":3,\"name\":\"5231 BASE EMPOTRAR MATV BP 10dB INTERMEDIA\"}]},{\"@type\":\"WebSite\",\"@id\":\"https:\/\/ledsolintel.com\/#website\",\"url\":\"https:\/\/ledsolintel.com\/\",\"name\":\"Webmenaje\",\"description\":\"Tienda de bombillas y l\u00e1mparas LED para profesionales\",\"publisher\":{\"@id\":\"https:\/\/ledsolintel.com\/#organization\"},\"potentialAction\":[{\"@type\":\"SearchAction\",\"target\":{\"@type\":\"EntryPoint\",\"urlTemplate\":\"https:\/\/ledsolintel.com\/?s={search_term_string}\"},\"query-input\":{\"@type\":\"PropertyValueSpecification\",\"valueRequired\":true,\"valueName\":\"search_term_string\"}}],\"inLanguage\":\"fr-FR\"},{\"@type\":\"Organization\",\"@id\":\"https:\/\/ledsolintel.com\/#organization\",\"name\":\"Solintel Noroeste, S.L.\",\"url\":\"https:\/\/ledsolintel.com\/\",\"logo\":{\"@type\":\"ImageObject\",\"inLanguage\":\"fr-FR\",\"@id\":\"https:\/\/ledsolintel.com\/#\/schema\/logo\/image\/\",\"url\":\"https:\/\/ledsolintel.com\/wp-content\/uploads\/2024\/11\/webmenaje-logo-1508269066.jpg\",\"contentUrl\":\"https:\/\/ledsolintel.com\/wp-content\/uploads\/2024\/11\/webmenaje-logo-1508269066.jpg\",\"width\":370,\"height\":90,\"caption\":\"Solintel Noroeste, S.L.\"},\"image\":{\"@id\":\"https:\/\/ledsolintel.com\/#\/schema\/logo\/image\/\"},\"sameAs\":[\"http:\/\/www.facebook.com\/webmenaje\",\"https:\/\/x.com\/webmenaje\",\"https:\/\/www.youtube.com\/channel\/UCX2KoVoeCG4LocZjUc6LmSQ\",\"http:\/\/www.pinterest.com\/webmenaje\"]}]}<\/script>\n<!-- \/ Yoast SEO plugin. -->","yoast_head_json":{"title":"5231 MAT DE FIXATION DE BASE BP 10dB INTERMEDIAIRE - Ledsolintel","robots":{"index":"index","follow":"follow","max-snippet":"max-snippet:-1","max-image-preview":"max-image-preview:large","max-video-preview":"max-video-preview:-1"},"canonical":"https:\/\/ledsolintel.com\/fr\/produit-2\/5231-base-encastree-base-matv-matv-bp-10db-intermediaire\/","og_locale":"fr_FR","og_type":"article","og_title":"5231 BASE EMPOTRAR MATV BP 10dB INTERMEDIA - Ledsolintel","og_description":"Caja de paso con dos conectores CEI. El de la izquierda es un CEI macho para TV terrestre y el de la derecha un CEI hembra para radio (FM). Tiene paso de se\u00f1al por lo que permite realizar una instalaci\u00f3n en serie de varias tomas. Se recomienda la instalac","og_url":"https:\/\/ledsolintel.com\/fr\/produit-2\/5231-base-encastree-base-matv-matv-bp-10db-intermediaire\/","og_site_name":"Ledsolintel","article_publisher":"http:\/\/www.facebook.com\/webmenaje","og_image":[{"url":"https:\/\/ledsolintel.com\/wp-content\/uploads\/2024\/05\/24399-5231-BASE-EMPOTRAR-MATV-BP-10dB-INTERMEDIA.jpg","width":1,"height":1,"type":"image\/jpeg"}],"twitter_card":"summary_large_image","twitter_site":"@webmenaje","schema":{"@context":"https:\/\/schema.org","@graph":[{"@type":"WebPage","@id":"https:\/\/ledsolintel.com\/product\/5231-base-empotrar-matv-bp-10db-intermedia\/","url":"https:\/\/ledsolintel.com\/product\/5231-base-empotrar-matv-bp-10db-intermedia\/","name":"5231 MAT DE FIXATION DE BASE BP 10dB INTERMEDIAIRE - Ledsolintel","isPartOf":{"@id":"https:\/\/ledsolintel.com\/#website"},"primaryImageOfPage":{"@id":"https:\/\/ledsolintel.com\/product\/5231-base-empotrar-matv-bp-10db-intermedia\/#primaryimage"},"image":{"@id":"https:\/\/ledsolintel.com\/product\/5231-base-empotrar-matv-bp-10db-intermedia\/#primaryimage"},"thumbnailUrl":"https:\/\/ledsolintel.com\/wp-content\/uploads\/2024\/05\/24399-5231-BASE-EMPOTRAR-MATV-BP-10dB-INTERMEDIA.jpg","datePublished":"2024-05-22T12:56:07+00:00","breadcrumb":{"@id":"https:\/\/ledsolintel.com\/product\/5231-base-empotrar-matv-bp-10db-intermedia\/#breadcrumb"},"inLanguage":"fr-FR","potentialAction":[{"@type":"ReadAction","target":["https:\/\/ledsolintel.com\/product\/5231-base-empotrar-matv-bp-10db-intermedia\/"]}]},{"@type":"ImageObject","inLanguage":"fr-FR","@id":"https:\/\/ledsolintel.com\/product\/5231-base-empotrar-matv-bp-10db-intermedia\/#primaryimage","url":"https:\/\/ledsolintel.com\/wp-content\/uploads\/2024\/05\/24399-5231-BASE-EMPOTRAR-MATV-BP-10dB-INTERMEDIA.jpg","contentUrl":"https:\/\/ledsolintel.com\/wp-content\/uploads\/2024\/05\/24399-5231-BASE-EMPOTRAR-MATV-BP-10dB-INTERMEDIA.jpg","caption":"5231 BASE EMPOTRAR MATV BP 10dB INTERMEDIA"},{"@type":"BreadcrumbList","@id":"https:\/\/ledsolintel.com\/product\/5231-base-empotrar-matv-bp-10db-intermedia\/#breadcrumb","itemListElement":[{"@type":"ListItem","position":1,"name":"Portada","item":"https:\/\/ledsolintel.com\/fr\/"},{"@type":"ListItem","position":2,"name":"Tienda","item":"https:\/\/ledsolintel.com\/tienda\/"},{"@type":"ListItem","position":3,"name":"5231 BASE EMPOTRAR MATV BP 10dB INTERMEDIA"}]},{"@type":"WebSite","@id":"https:\/\/ledsolintel.com\/#website","url":"https:\/\/ledsolintel.com\/","name":"Webmenaje","description":"Magasin d'ampoules et de lampes LED pour les professionnels","publisher":{"@id":"https:\/\/ledsolintel.com\/#organization"},"potentialAction":[{"@type":"SearchAction","target":{"@type":"EntryPoint","urlTemplate":"https:\/\/ledsolintel.com\/?s={search_term_string}"},"query-input":{"@type":"PropertyValueSpecification","valueRequired":true,"valueName":"search_term_string"}}],"inLanguage":"fr-FR"},{"@type":"Organization","@id":"https:\/\/ledsolintel.com\/#organization","name":"Solintel Noroeste, S.L.","url":"https:\/\/ledsolintel.com\/","logo":{"@type":"ImageObject","inLanguage":"fr-FR","@id":"https:\/\/ledsolintel.com\/#\/schema\/logo\/image\/","url":"https:\/\/ledsolintel.com\/wp-content\/uploads\/2024\/11\/webmenaje-logo-1508269066.jpg","contentUrl":"https:\/\/ledsolintel.com\/wp-content\/uploads\/2024\/11\/webmenaje-logo-1508269066.jpg","width":370,"height":90,"caption":"Solintel Noroeste, S.L."},"image":{"@id":"https:\/\/ledsolintel.com\/#\/schema\/logo\/image\/"},"sameAs":["http:\/\/www.facebook.com\/webmenaje","https:\/\/x.com\/webmenaje","https:\/\/www.youtube.com\/channel\/UCX2KoVoeCG4LocZjUc6LmSQ","http:\/\/www.pinterest.com\/webmenaje"]}]}},"_links":{"self":[{"href":"https:\/\/ledsolintel.com\/fr\/wp-json\/wp\/v2\/product\/249948","targetHints":{"allow":["GET"]}}],"collection":[{"href":"https:\/\/ledsolintel.com\/fr\/wp-json\/wp\/v2\/product"}],"about":[{"href":"https:\/\/ledsolintel.com\/fr\/wp-json\/wp\/v2\/types\/product"}],"version-history":[{"count":0,"href":"https:\/\/ledsolintel.com\/fr\/wp-json\/wp\/v2\/product\/249948\/revisions"}],"wp:featuredmedia":[{"embeddable":true,"href":"https:\/\/ledsolintel.com\/fr\/wp-json\/wp\/v2\/media\/249947"}],"wp:attachment":[{"href":"https:\/\/ledsolintel.com\/fr\/wp-json\/wp\/v2\/media?parent=249948"}],"wp:term":[{"taxonomy":"product_brand","embeddable":true,"href":"https:\/\/ledsolintel.com\/fr\/wp-json\/wp\/v2\/product_brand?post=249948"},{"taxonomy":"product_cat","embeddable":true,"href":"https:\/\/ledsolintel.com\/fr\/wp-json\/wp\/v2\/product_cat?post=249948"},{"taxonomy":"product_tag","embeddable":true,"href":"https:\/\/ledsolintel.com\/fr\/wp-json\/wp\/v2\/product_tag?post=249948"}],"curies":[{"name":"wp","href":"https:\/\/api.w.org\/{rel}","templated":true}]}}