{"id":249938,"date":"2024-05-22T14:56:07","date_gmt":"2024-05-22T12:56:07","guid":{"rendered":"https:\/\/nueva.ledsolintel.com\/product\/519604-repartidor-4-direcciones-9db-televes\/"},"modified":"2024-05-22T14:56:07","modified_gmt":"2024-05-22T12:56:07","slug":"519604-4-way-splitter-9db-televes","status":"publish","type":"product","link":"https:\/\/ledsolintel.com\/fr\/produit-2\/519604-4-way-splitter-9db-televes\/","title":{"rendered":"519604 TELEVES 4-WAY 9dB SPLITTER"},"content":{"rendered":"<p>R\u00e9partiteur 4 voies avec connecteurs F, pour signaux CATV. Il pr\u00e9sente de faibles pertes de transmission gr\u00e2ce \u00e0 la miniaturisation appliqu\u00e9e aux composants \u00e9lectroniques, ce qui am\u00e9liore son comportement \u00e9lectrique. Ch\u00e2ssis hautement blind\u00e9 fabriqu\u00e9 \u00e0 Zama.<\/p>","protected":false},"excerpt":{"rendered":"<p>R\u00e9partiteur 4 voies avec connecteurs F, pour signaux CATV. Il pr\u00e9sente de faibles pertes de transmission gr\u00e2ce \u00e0 la miniaturisation appliqu\u00e9e aux composants \u00e9lectroniques, ce qui am\u00e9liore son comportement \u00e9lectrique. Ch\u00e2ssis hautement blind\u00e9 fabriqu\u00e9 \u00e0 Zama.<\/p>","protected":false},"featured_media":249933,"template":"","meta":[],"product_brand":[99441],"product_cat":[99601],"product_tag":[],"class_list":{"0":"post-249938","1":"product","2":"type-product","3":"status-publish","4":"has-post-thumbnail","6":"product_brand-televes","7":"product_cat-gyemo","10":"instock","11":"taxable","12":"shipping-taxable","13":"purchasable","14":"product-type-simple"},"yoast_head":"<!-- This site is optimized with the Yoast SEO plugin v26.6 - https:\/\/yoast.com\/wordpress\/plugins\/seo\/ -->\n<title>519604 REPARTIDOR 4 DIRECCIONES 9dB TELEVES - Ledsolintel<\/title>\n<meta name=\"robots\" content=\"index, follow, max-snippet:-1, max-image-preview:large, max-video-preview:-1\" \/>\n<link rel=\"canonical\" href=\"https:\/\/ledsolintel.com\/fr\/produit-2\/519604-4-way-splitter-9db-televes\/\" \/>\n<meta property=\"og:locale\" content=\"fr_FR\" \/>\n<meta property=\"og:type\" content=\"article\" \/>\n<meta property=\"og:title\" content=\"519604 REPARTIDOR 4 DIRECCIONES 9dB TELEVES - Ledsolintel\" \/>\n<meta property=\"og:description\" content=\"Repartidor de 4 direcciones con conectores F, para se\u00f1ales CATV. Presenta unas bajas p\u00e9rdidas de paso gracias a la miniaturizaci\u00f3n aplicada en los componentes electr\u00f3nicos, que mejora su comportamiento el\u00e9ctrico. Chasis con gran blindaje fabricado en Zama\" \/>\n<meta property=\"og:url\" content=\"https:\/\/ledsolintel.com\/fr\/produit-2\/519604-4-way-splitter-9db-televes\/\" \/>\n<meta property=\"og:site_name\" content=\"Ledsolintel\" \/>\n<meta property=\"article:publisher\" content=\"http:\/\/www.facebook.com\/webmenaje\" \/>\n<meta property=\"og:image\" content=\"https:\/\/ledsolintel.com\/wp-content\/uploads\/2024\/05\/24387-519604-REPARTIDOR-4-DIRECCIONES-9dB-TELEVES.jpg\" \/>\n\t<meta property=\"og:image:width\" content=\"1\" \/>\n\t<meta property=\"og:image:height\" content=\"1\" \/>\n\t<meta property=\"og:image:type\" content=\"image\/jpeg\" \/>\n<meta name=\"twitter:card\" content=\"summary_large_image\" \/>\n<meta name=\"twitter:site\" content=\"@webmenaje\" \/>\n<script type=\"application\/ld+json\" class=\"yoast-schema-graph\">{\"@context\":\"https:\/\/schema.org\",\"@graph\":[{\"@type\":\"WebPage\",\"@id\":\"https:\/\/ledsolintel.com\/product\/519604-repartidor-4-direcciones-9db-televes\/\",\"url\":\"https:\/\/ledsolintel.com\/product\/519604-repartidor-4-direcciones-9db-televes\/\",\"name\":\"519604 REPARTIDOR 4 DIRECCIONES 9dB TELEVES - Ledsolintel\",\"isPartOf\":{\"@id\":\"https:\/\/ledsolintel.com\/#website\"},\"primaryImageOfPage\":{\"@id\":\"https:\/\/ledsolintel.com\/product\/519604-repartidor-4-direcciones-9db-televes\/#primaryimage\"},\"image\":{\"@id\":\"https:\/\/ledsolintel.com\/product\/519604-repartidor-4-direcciones-9db-televes\/#primaryimage\"},\"thumbnailUrl\":\"https:\/\/ledsolintel.com\/wp-content\/uploads\/2024\/05\/24387-519604-REPARTIDOR-4-DIRECCIONES-9dB-TELEVES.jpg\",\"datePublished\":\"2024-05-22T12:56:07+00:00\",\"breadcrumb\":{\"@id\":\"https:\/\/ledsolintel.com\/product\/519604-repartidor-4-direcciones-9db-televes\/#breadcrumb\"},\"inLanguage\":\"fr-FR\",\"potentialAction\":[{\"@type\":\"ReadAction\",\"target\":[\"https:\/\/ledsolintel.com\/product\/519604-repartidor-4-direcciones-9db-televes\/\"]}]},{\"@type\":\"ImageObject\",\"inLanguage\":\"fr-FR\",\"@id\":\"https:\/\/ledsolintel.com\/product\/519604-repartidor-4-direcciones-9db-televes\/#primaryimage\",\"url\":\"https:\/\/ledsolintel.com\/wp-content\/uploads\/2024\/05\/24387-519604-REPARTIDOR-4-DIRECCIONES-9dB-TELEVES.jpg\",\"contentUrl\":\"https:\/\/ledsolintel.com\/wp-content\/uploads\/2024\/05\/24387-519604-REPARTIDOR-4-DIRECCIONES-9dB-TELEVES.jpg\",\"caption\":\"519604 REPARTIDOR 4 DIRECCIONES 9dB TELEVES\"},{\"@type\":\"BreadcrumbList\",\"@id\":\"https:\/\/ledsolintel.com\/product\/519604-repartidor-4-direcciones-9db-televes\/#breadcrumb\",\"itemListElement\":[{\"@type\":\"ListItem\",\"position\":1,\"name\":\"Portada\",\"item\":\"https:\/\/ledsolintel.com\/fr\/\"},{\"@type\":\"ListItem\",\"position\":2,\"name\":\"Tienda\",\"item\":\"https:\/\/ledsolintel.com\/tienda\/\"},{\"@type\":\"ListItem\",\"position\":3,\"name\":\"519604 REPARTIDOR 4 DIRECCIONES 9dB TELEVES\"}]},{\"@type\":\"WebSite\",\"@id\":\"https:\/\/ledsolintel.com\/#website\",\"url\":\"https:\/\/ledsolintel.com\/\",\"name\":\"Webmenaje\",\"description\":\"Tienda de bombillas y l\u00e1mparas LED para profesionales\",\"publisher\":{\"@id\":\"https:\/\/ledsolintel.com\/#organization\"},\"potentialAction\":[{\"@type\":\"SearchAction\",\"target\":{\"@type\":\"EntryPoint\",\"urlTemplate\":\"https:\/\/ledsolintel.com\/?s={search_term_string}\"},\"query-input\":{\"@type\":\"PropertyValueSpecification\",\"valueRequired\":true,\"valueName\":\"search_term_string\"}}],\"inLanguage\":\"fr-FR\"},{\"@type\":\"Organization\",\"@id\":\"https:\/\/ledsolintel.com\/#organization\",\"name\":\"Solintel Noroeste, S.L.\",\"url\":\"https:\/\/ledsolintel.com\/\",\"logo\":{\"@type\":\"ImageObject\",\"inLanguage\":\"fr-FR\",\"@id\":\"https:\/\/ledsolintel.com\/#\/schema\/logo\/image\/\",\"url\":\"https:\/\/ledsolintel.com\/wp-content\/uploads\/2024\/11\/webmenaje-logo-1508269066.jpg\",\"contentUrl\":\"https:\/\/ledsolintel.com\/wp-content\/uploads\/2024\/11\/webmenaje-logo-1508269066.jpg\",\"width\":370,\"height\":90,\"caption\":\"Solintel Noroeste, S.L.\"},\"image\":{\"@id\":\"https:\/\/ledsolintel.com\/#\/schema\/logo\/image\/\"},\"sameAs\":[\"http:\/\/www.facebook.com\/webmenaje\",\"https:\/\/x.com\/webmenaje\",\"https:\/\/www.youtube.com\/channel\/UCX2KoVoeCG4LocZjUc6LmSQ\",\"http:\/\/www.pinterest.com\/webmenaje\"]}]}<\/script>\n<!-- \/ Yoast SEO plugin. -->","yoast_head_json":{"title":"519604 TELEVES 4-WAY 9dB DEVICE - Ledsolintel","robots":{"index":"index","follow":"follow","max-snippet":"max-snippet:-1","max-image-preview":"max-image-preview:large","max-video-preview":"max-video-preview:-1"},"canonical":"https:\/\/ledsolintel.com\/fr\/produit-2\/519604-4-way-splitter-9db-televes\/","og_locale":"fr_FR","og_type":"article","og_title":"519604 REPARTIDOR 4 DIRECCIONES 9dB TELEVES - Ledsolintel","og_description":"Repartidor de 4 direcciones con conectores F, para se\u00f1ales CATV. Presenta unas bajas p\u00e9rdidas de paso gracias a la miniaturizaci\u00f3n aplicada en los componentes electr\u00f3nicos, que mejora su comportamiento el\u00e9ctrico. Chasis con gran blindaje fabricado en Zama","og_url":"https:\/\/ledsolintel.com\/fr\/produit-2\/519604-4-way-splitter-9db-televes\/","og_site_name":"Ledsolintel","article_publisher":"http:\/\/www.facebook.com\/webmenaje","og_image":[{"url":"https:\/\/ledsolintel.com\/wp-content\/uploads\/2024\/05\/24387-519604-REPARTIDOR-4-DIRECCIONES-9dB-TELEVES.jpg","width":1,"height":1,"type":"image\/jpeg"}],"twitter_card":"summary_large_image","twitter_site":"@webmenaje","schema":{"@context":"https:\/\/schema.org","@graph":[{"@type":"WebPage","@id":"https:\/\/ledsolintel.com\/product\/519604-repartidor-4-direcciones-9db-televes\/","url":"https:\/\/ledsolintel.com\/product\/519604-repartidor-4-direcciones-9db-televes\/","name":"519604 TELEVES 4-WAY 9dB DEVICE - Ledsolintel","isPartOf":{"@id":"https:\/\/ledsolintel.com\/#website"},"primaryImageOfPage":{"@id":"https:\/\/ledsolintel.com\/product\/519604-repartidor-4-direcciones-9db-televes\/#primaryimage"},"image":{"@id":"https:\/\/ledsolintel.com\/product\/519604-repartidor-4-direcciones-9db-televes\/#primaryimage"},"thumbnailUrl":"https:\/\/ledsolintel.com\/wp-content\/uploads\/2024\/05\/24387-519604-REPARTIDOR-4-DIRECCIONES-9dB-TELEVES.jpg","datePublished":"2024-05-22T12:56:07+00:00","breadcrumb":{"@id":"https:\/\/ledsolintel.com\/product\/519604-repartidor-4-direcciones-9db-televes\/#breadcrumb"},"inLanguage":"fr-FR","potentialAction":[{"@type":"ReadAction","target":["https:\/\/ledsolintel.com\/product\/519604-repartidor-4-direcciones-9db-televes\/"]}]},{"@type":"ImageObject","inLanguage":"fr-FR","@id":"https:\/\/ledsolintel.com\/product\/519604-repartidor-4-direcciones-9db-televes\/#primaryimage","url":"https:\/\/ledsolintel.com\/wp-content\/uploads\/2024\/05\/24387-519604-REPARTIDOR-4-DIRECCIONES-9dB-TELEVES.jpg","contentUrl":"https:\/\/ledsolintel.com\/wp-content\/uploads\/2024\/05\/24387-519604-REPARTIDOR-4-DIRECCIONES-9dB-TELEVES.jpg","caption":"519604 REPARTIDOR 4 DIRECCIONES 9dB TELEVES"},{"@type":"BreadcrumbList","@id":"https:\/\/ledsolintel.com\/product\/519604-repartidor-4-direcciones-9db-televes\/#breadcrumb","itemListElement":[{"@type":"ListItem","position":1,"name":"Portada","item":"https:\/\/ledsolintel.com\/fr\/"},{"@type":"ListItem","position":2,"name":"Tienda","item":"https:\/\/ledsolintel.com\/tienda\/"},{"@type":"ListItem","position":3,"name":"519604 REPARTIDOR 4 DIRECCIONES 9dB TELEVES"}]},{"@type":"WebSite","@id":"https:\/\/ledsolintel.com\/#website","url":"https:\/\/ledsolintel.com\/","name":"Webmenaje","description":"Magasin d'ampoules et de lampes LED pour les professionnels","publisher":{"@id":"https:\/\/ledsolintel.com\/#organization"},"potentialAction":[{"@type":"SearchAction","target":{"@type":"EntryPoint","urlTemplate":"https:\/\/ledsolintel.com\/?s={search_term_string}"},"query-input":{"@type":"PropertyValueSpecification","valueRequired":true,"valueName":"search_term_string"}}],"inLanguage":"fr-FR"},{"@type":"Organization","@id":"https:\/\/ledsolintel.com\/#organization","name":"Solintel Noroeste, S.L.","url":"https:\/\/ledsolintel.com\/","logo":{"@type":"ImageObject","inLanguage":"fr-FR","@id":"https:\/\/ledsolintel.com\/#\/schema\/logo\/image\/","url":"https:\/\/ledsolintel.com\/wp-content\/uploads\/2024\/11\/webmenaje-logo-1508269066.jpg","contentUrl":"https:\/\/ledsolintel.com\/wp-content\/uploads\/2024\/11\/webmenaje-logo-1508269066.jpg","width":370,"height":90,"caption":"Solintel Noroeste, S.L."},"image":{"@id":"https:\/\/ledsolintel.com\/#\/schema\/logo\/image\/"},"sameAs":["http:\/\/www.facebook.com\/webmenaje","https:\/\/x.com\/webmenaje","https:\/\/www.youtube.com\/channel\/UCX2KoVoeCG4LocZjUc6LmSQ","http:\/\/www.pinterest.com\/webmenaje"]}]}},"_links":{"self":[{"href":"https:\/\/ledsolintel.com\/fr\/wp-json\/wp\/v2\/product\/249938","targetHints":{"allow":["GET"]}}],"collection":[{"href":"https:\/\/ledsolintel.com\/fr\/wp-json\/wp\/v2\/product"}],"about":[{"href":"https:\/\/ledsolintel.com\/fr\/wp-json\/wp\/v2\/types\/product"}],"version-history":[{"count":0,"href":"https:\/\/ledsolintel.com\/fr\/wp-json\/wp\/v2\/product\/249938\/revisions"}],"wp:featuredmedia":[{"embeddable":true,"href":"https:\/\/ledsolintel.com\/fr\/wp-json\/wp\/v2\/media\/249933"}],"wp:attachment":[{"href":"https:\/\/ledsolintel.com\/fr\/wp-json\/wp\/v2\/media?parent=249938"}],"wp:term":[{"taxonomy":"product_brand","embeddable":true,"href":"https:\/\/ledsolintel.com\/fr\/wp-json\/wp\/v2\/product_brand?post=249938"},{"taxonomy":"product_cat","embeddable":true,"href":"https:\/\/ledsolintel.com\/fr\/wp-json\/wp\/v2\/product_cat?post=249938"},{"taxonomy":"product_tag","embeddable":true,"href":"https:\/\/ledsolintel.com\/fr\/wp-json\/wp\/v2\/product_tag?post=249938"}],"curies":[{"name":"wp","href":"https:\/\/api.w.org\/{rel}","templated":true}]}}