{"id":249928,"date":"2024-05-22T14:56:07","date_gmt":"2024-05-22T12:56:07","guid":{"rendered":"https:\/\/nueva.ledsolintel.com\/product\/437501-bl-conector-acodado-tv-blindado-easyf-hembr\/"},"modified":"2024-05-22T14:56:07","modified_gmt":"2024-05-22T12:56:07","slug":"437501-bl-blinded-tv-elbow-connector-easyf-female","status":"publish","type":"product","link":"https:\/\/ledsolintel.com\/fr\/produit-2\/437501-bl-blinded-tv-elbow-connector-easyf-female\/","title":{"rendered":"437501 BL BLINDED TV ELBOW CONNECTOR EASYF FEMALE"},"content":{"rendered":"<p>Connecteur CEI professionnel avec syst\u00e8me de montage PRO EasyF qui permet de fixer le c\u00e2ble en serrant une seule vis. De plus, ce syst\u00e8me le rend compatible avec une large gamme de diam\u00e8tres de c\u00e2bles coaxiaux (\u00d85...7.5mm). Il offre une tr\u00e8s grande<\/p>","protected":false},"excerpt":{"rendered":"<p>Connecteur CEI professionnel avec syst\u00e8me de montage PRO EasyF qui permet de fixer le c\u00e2ble en serrant une seule vis. De plus, ce syst\u00e8me le rend compatible avec une large gamme de diam\u00e8tres de c\u00e2bles coaxiaux (\u00d85...7.5mm). Il offre une tr\u00e8s grande<\/p>","protected":false},"featured_media":249923,"template":"","meta":[],"product_brand":[99441],"product_cat":[99601],"product_tag":[],"class_list":{"0":"post-249928","1":"product","2":"type-product","3":"status-publish","4":"has-post-thumbnail","6":"product_brand-televes","7":"product_cat-gyemo","10":"instock","11":"taxable","12":"shipping-taxable","13":"purchasable","14":"product-type-simple"},"yoast_head":"<!-- This site is optimized with the Yoast SEO plugin v27.4 - https:\/\/yoast.com\/product\/yoast-seo-wordpress\/ -->\n<title>437501 BL CONECTOR ACODADO TV BLINDADO EASYF HEMBR - Ledsolintel<\/title>\n<meta name=\"robots\" content=\"index, follow, max-snippet:-1, max-image-preview:large, max-video-preview:-1\" \/>\n<link rel=\"canonical\" href=\"https:\/\/ledsolintel.com\/fr\/produit-2\/437501-bl-blinded-tv-elbow-connector-easyf-female\/\" \/>\n<meta property=\"og:locale\" content=\"fr_FR\" \/>\n<meta property=\"og:type\" content=\"article\" \/>\n<meta property=\"og:title\" content=\"437501 BL CONECTOR ACODADO TV BLINDADO EASYF HEMBR - Ledsolintel\" \/>\n<meta property=\"og:description\" content=\"Conector profesional CEI con sistema de montaje PRO EasyF que permite realizar la fijaci\u00f3n del cable apretando un s\u00f3lo tornillo. Adem\u00e1s, este sistema lo hace compatible con un amplio rango de di\u00e1metros de cables coaxiales (\u00d85&#8230;7,5mm). Ofrece un alt\u00edsimo\" \/>\n<meta property=\"og:url\" content=\"https:\/\/ledsolintel.com\/fr\/produit-2\/437501-bl-blinded-tv-elbow-connector-easyf-female\/\" \/>\n<meta property=\"og:site_name\" content=\"Ledsolintel\" \/>\n<meta property=\"article:publisher\" content=\"http:\/\/www.facebook.com\/webmenaje\" \/>\n<meta property=\"og:image\" content=\"https:\/\/ledsolintel.com\/wp-content\/uploads\/2024\/05\/24379-437501-BL-CONECTOR-ACODADO-TV-BLINDADO-EASYF-HEMBR.jpg\" \/>\n\t<meta property=\"og:image:width\" content=\"1\" \/>\n\t<meta property=\"og:image:height\" content=\"1\" \/>\n\t<meta property=\"og:image:type\" content=\"image\/jpeg\" \/>\n<meta name=\"twitter:card\" content=\"summary_large_image\" \/>\n<meta name=\"twitter:site\" content=\"@webmenaje\" \/>\n<script type=\"application\/ld+json\" class=\"yoast-schema-graph\">{\"@context\":\"https:\\\/\\\/schema.org\",\"@graph\":[{\"@type\":\"WebPage\",\"@id\":\"https:\\\/\\\/ledsolintel.com\\\/product\\\/437501-bl-conector-acodado-tv-blindado-easyf-hembr\\\/\",\"url\":\"https:\\\/\\\/ledsolintel.com\\\/product\\\/437501-bl-conector-acodado-tv-blindado-easyf-hembr\\\/\",\"name\":\"437501 BL CONECTOR ACODADO TV BLINDADO EASYF HEMBR - Ledsolintel\",\"isPartOf\":{\"@id\":\"https:\\\/\\\/ledsolintel.com\\\/#website\"},\"primaryImageOfPage\":{\"@id\":\"https:\\\/\\\/ledsolintel.com\\\/product\\\/437501-bl-conector-acodado-tv-blindado-easyf-hembr\\\/#primaryimage\"},\"image\":{\"@id\":\"https:\\\/\\\/ledsolintel.com\\\/product\\\/437501-bl-conector-acodado-tv-blindado-easyf-hembr\\\/#primaryimage\"},\"thumbnailUrl\":\"https:\\\/\\\/ledsolintel.com\\\/wp-content\\\/uploads\\\/2024\\\/05\\\/24379-437501-BL-CONECTOR-ACODADO-TV-BLINDADO-EASYF-HEMBR.jpg\",\"datePublished\":\"2024-05-22T12:56:07+00:00\",\"breadcrumb\":{\"@id\":\"https:\\\/\\\/ledsolintel.com\\\/product\\\/437501-bl-conector-acodado-tv-blindado-easyf-hembr\\\/#breadcrumb\"},\"inLanguage\":\"fr-FR\",\"potentialAction\":[{\"@type\":\"ReadAction\",\"target\":[\"https:\\\/\\\/ledsolintel.com\\\/product\\\/437501-bl-conector-acodado-tv-blindado-easyf-hembr\\\/\"]}]},{\"@type\":\"ImageObject\",\"inLanguage\":\"fr-FR\",\"@id\":\"https:\\\/\\\/ledsolintel.com\\\/product\\\/437501-bl-conector-acodado-tv-blindado-easyf-hembr\\\/#primaryimage\",\"url\":\"https:\\\/\\\/ledsolintel.com\\\/wp-content\\\/uploads\\\/2024\\\/05\\\/24379-437501-BL-CONECTOR-ACODADO-TV-BLINDADO-EASYF-HEMBR.jpg\",\"contentUrl\":\"https:\\\/\\\/ledsolintel.com\\\/wp-content\\\/uploads\\\/2024\\\/05\\\/24379-437501-BL-CONECTOR-ACODADO-TV-BLINDADO-EASYF-HEMBR.jpg\",\"caption\":\"437501 BL CONECTOR ACODADO TV BLINDADO EASYF HEMBR\"},{\"@type\":\"BreadcrumbList\",\"@id\":\"https:\\\/\\\/ledsolintel.com\\\/product\\\/437501-bl-conector-acodado-tv-blindado-easyf-hembr\\\/#breadcrumb\",\"itemListElement\":[{\"@type\":\"ListItem\",\"position\":1,\"name\":\"Portada\",\"item\":\"https:\\\/\\\/ledsolintel.com\\\/fr\\\/\"},{\"@type\":\"ListItem\",\"position\":2,\"name\":\"Tienda\",\"item\":\"https:\\\/\\\/ledsolintel.com\\\/tienda\\\/\"},{\"@type\":\"ListItem\",\"position\":3,\"name\":\"437501 BL CONECTOR ACODADO TV BLINDADO EASYF HEMBR\"}]},{\"@type\":\"WebSite\",\"@id\":\"https:\\\/\\\/ledsolintel.com\\\/#website\",\"url\":\"https:\\\/\\\/ledsolintel.com\\\/\",\"name\":\"Webmenaje\",\"description\":\"Tienda de bombillas y l\u00e1mparas LED para profesionales\",\"publisher\":{\"@id\":\"https:\\\/\\\/ledsolintel.com\\\/#organization\"},\"potentialAction\":[{\"@type\":\"SearchAction\",\"target\":{\"@type\":\"EntryPoint\",\"urlTemplate\":\"https:\\\/\\\/ledsolintel.com\\\/?s={search_term_string}\"},\"query-input\":{\"@type\":\"PropertyValueSpecification\",\"valueRequired\":true,\"valueName\":\"search_term_string\"}}],\"inLanguage\":\"fr-FR\"},{\"@type\":\"Organization\",\"@id\":\"https:\\\/\\\/ledsolintel.com\\\/#organization\",\"name\":\"Solintel Noroeste, S.L.\",\"url\":\"https:\\\/\\\/ledsolintel.com\\\/\",\"logo\":{\"@type\":\"ImageObject\",\"inLanguage\":\"fr-FR\",\"@id\":\"https:\\\/\\\/ledsolintel.com\\\/#\\\/schema\\\/logo\\\/image\\\/\",\"url\":\"https:\\\/\\\/ledsolintel.com\\\/wp-content\\\/uploads\\\/2024\\\/11\\\/webmenaje-logo-1508269066.jpg\",\"contentUrl\":\"https:\\\/\\\/ledsolintel.com\\\/wp-content\\\/uploads\\\/2024\\\/11\\\/webmenaje-logo-1508269066.jpg\",\"width\":370,\"height\":90,\"caption\":\"Solintel Noroeste, S.L.\"},\"image\":{\"@id\":\"https:\\\/\\\/ledsolintel.com\\\/#\\\/schema\\\/logo\\\/image\\\/\"},\"sameAs\":[\"http:\\\/\\\/www.facebook.com\\\/webmenaje\",\"https:\\\/\\\/x.com\\\/webmenaje\",\"https:\\\/\\\/www.youtube.com\\\/channel\\\/UCX2KoVoeCG4LocZjUc6LmSQ\",\"http:\\\/\\\/www.pinterest.com\\\/webmenaje\"]}]}<\/script>\n<!-- \/ Yoast SEO plugin. -->","yoast_head_json":{"title":"437501 BL EASYF HEMBR BLIND TV COUPLING CONNECTOR - Ledsolintel","robots":{"index":"index","follow":"follow","max-snippet":"max-snippet:-1","max-image-preview":"max-image-preview:large","max-video-preview":"max-video-preview:-1"},"canonical":"https:\/\/ledsolintel.com\/fr\/produit-2\/437501-bl-blinded-tv-elbow-connector-easyf-female\/","og_locale":"fr_FR","og_type":"article","og_title":"437501 BL CONECTOR ACODADO TV BLINDADO EASYF HEMBR - Ledsolintel","og_description":"Conector profesional CEI con sistema de montaje PRO EasyF que permite realizar la fijaci\u00f3n del cable apretando un s\u00f3lo tornillo. Adem\u00e1s, este sistema lo hace compatible con un amplio rango de di\u00e1metros de cables coaxiales (\u00d85&#8230;7,5mm). Ofrece un alt\u00edsimo","og_url":"https:\/\/ledsolintel.com\/fr\/produit-2\/437501-bl-blinded-tv-elbow-connector-easyf-female\/","og_site_name":"Ledsolintel","article_publisher":"http:\/\/www.facebook.com\/webmenaje","og_image":[{"url":"https:\/\/ledsolintel.com\/wp-content\/uploads\/2024\/05\/24379-437501-BL-CONECTOR-ACODADO-TV-BLINDADO-EASYF-HEMBR.jpg","width":1,"height":1,"type":"image\/jpeg"}],"twitter_card":"summary_large_image","twitter_site":"@webmenaje","schema":{"@context":"https:\/\/schema.org","@graph":[{"@type":"WebPage","@id":"https:\/\/ledsolintel.com\/product\/437501-bl-conector-acodado-tv-blindado-easyf-hembr\/","url":"https:\/\/ledsolintel.com\/product\/437501-bl-conector-acodado-tv-blindado-easyf-hembr\/","name":"437501 BL EASYF HEMBR BLIND TV COUPLING CONNECTOR - Ledsolintel","isPartOf":{"@id":"https:\/\/ledsolintel.com\/#website"},"primaryImageOfPage":{"@id":"https:\/\/ledsolintel.com\/product\/437501-bl-conector-acodado-tv-blindado-easyf-hembr\/#primaryimage"},"image":{"@id":"https:\/\/ledsolintel.com\/product\/437501-bl-conector-acodado-tv-blindado-easyf-hembr\/#primaryimage"},"thumbnailUrl":"https:\/\/ledsolintel.com\/wp-content\/uploads\/2024\/05\/24379-437501-BL-CONECTOR-ACODADO-TV-BLINDADO-EASYF-HEMBR.jpg","datePublished":"2024-05-22T12:56:07+00:00","breadcrumb":{"@id":"https:\/\/ledsolintel.com\/product\/437501-bl-conector-acodado-tv-blindado-easyf-hembr\/#breadcrumb"},"inLanguage":"fr-FR","potentialAction":[{"@type":"ReadAction","target":["https:\/\/ledsolintel.com\/product\/437501-bl-conector-acodado-tv-blindado-easyf-hembr\/"]}]},{"@type":"ImageObject","inLanguage":"fr-FR","@id":"https:\/\/ledsolintel.com\/product\/437501-bl-conector-acodado-tv-blindado-easyf-hembr\/#primaryimage","url":"https:\/\/ledsolintel.com\/wp-content\/uploads\/2024\/05\/24379-437501-BL-CONECTOR-ACODADO-TV-BLINDADO-EASYF-HEMBR.jpg","contentUrl":"https:\/\/ledsolintel.com\/wp-content\/uploads\/2024\/05\/24379-437501-BL-CONECTOR-ACODADO-TV-BLINDADO-EASYF-HEMBR.jpg","caption":"437501 BL CONECTOR ACODADO TV BLINDADO EASYF HEMBR"},{"@type":"BreadcrumbList","@id":"https:\/\/ledsolintel.com\/product\/437501-bl-conector-acodado-tv-blindado-easyf-hembr\/#breadcrumb","itemListElement":[{"@type":"ListItem","position":1,"name":"Portada","item":"https:\/\/ledsolintel.com\/fr\/"},{"@type":"ListItem","position":2,"name":"Tienda","item":"https:\/\/ledsolintel.com\/tienda\/"},{"@type":"ListItem","position":3,"name":"437501 BL CONECTOR ACODADO TV BLINDADO EASYF HEMBR"}]},{"@type":"WebSite","@id":"https:\/\/ledsolintel.com\/#website","url":"https:\/\/ledsolintel.com\/","name":"Webmenaje","description":"Magasin d'ampoules et de lampes LED pour les professionnels","publisher":{"@id":"https:\/\/ledsolintel.com\/#organization"},"potentialAction":[{"@type":"SearchAction","target":{"@type":"EntryPoint","urlTemplate":"https:\/\/ledsolintel.com\/?s={search_term_string}"},"query-input":{"@type":"PropertyValueSpecification","valueRequired":true,"valueName":"search_term_string"}}],"inLanguage":"fr-FR"},{"@type":"Organization","@id":"https:\/\/ledsolintel.com\/#organization","name":"Solintel Noroeste, S.L.","url":"https:\/\/ledsolintel.com\/","logo":{"@type":"ImageObject","inLanguage":"fr-FR","@id":"https:\/\/ledsolintel.com\/#\/schema\/logo\/image\/","url":"https:\/\/ledsolintel.com\/wp-content\/uploads\/2024\/11\/webmenaje-logo-1508269066.jpg","contentUrl":"https:\/\/ledsolintel.com\/wp-content\/uploads\/2024\/11\/webmenaje-logo-1508269066.jpg","width":370,"height":90,"caption":"Solintel Noroeste, S.L."},"image":{"@id":"https:\/\/ledsolintel.com\/#\/schema\/logo\/image\/"},"sameAs":["http:\/\/www.facebook.com\/webmenaje","https:\/\/x.com\/webmenaje","https:\/\/www.youtube.com\/channel\/UCX2KoVoeCG4LocZjUc6LmSQ","http:\/\/www.pinterest.com\/webmenaje"]}]}},"_links":{"self":[{"href":"https:\/\/ledsolintel.com\/fr\/wp-json\/wp\/v2\/product\/249928","targetHints":{"allow":["GET"]}}],"collection":[{"href":"https:\/\/ledsolintel.com\/fr\/wp-json\/wp\/v2\/product"}],"about":[{"href":"https:\/\/ledsolintel.com\/fr\/wp-json\/wp\/v2\/types\/product"}],"version-history":[{"count":0,"href":"https:\/\/ledsolintel.com\/fr\/wp-json\/wp\/v2\/product\/249928\/revisions"}],"wp:featuredmedia":[{"embeddable":true,"href":"https:\/\/ledsolintel.com\/fr\/wp-json\/wp\/v2\/media\/249923"}],"wp:attachment":[{"href":"https:\/\/ledsolintel.com\/fr\/wp-json\/wp\/v2\/media?parent=249928"}],"wp:term":[{"taxonomy":"product_brand","embeddable":true,"href":"https:\/\/ledsolintel.com\/fr\/wp-json\/wp\/v2\/product_brand?post=249928"},{"taxonomy":"product_cat","embeddable":true,"href":"https:\/\/ledsolintel.com\/fr\/wp-json\/wp\/v2\/product_cat?post=249928"},{"taxonomy":"product_tag","embeddable":true,"href":"https:\/\/ledsolintel.com\/fr\/wp-json\/wp\/v2\/product_tag?post=249928"}],"curies":[{"name":"wp","href":"https:\/\/api.w.org\/{rel}","templated":true}]}}