{"id":249894,"date":"2024-05-22T14:56:07","date_gmt":"2024-05-22T12:56:07","guid":{"rendered":"https:\/\/nueva.ledsolintel.com\/product\/4335-base-superficie-television-televes\/"},"modified":"2024-05-22T14:56:07","modified_gmt":"2024-05-22T12:56:07","slug":"4335-base-superficie-television-televes","status":"publish","type":"product","link":"https:\/\/ledsolintel.com\/fr\/produit-2\/4335-base-superficie-television-televes\/","title":{"rendered":"4335 T\u00c9L\u00c9VISEURS DE SURFACE DE BASE"},"content":{"rendered":"<p>2 connecteurs : FM\/TV-SAT. Bo\u00eetier de passage avec deux connecteurs IEC (m\u00e2le \u00e0 gauche et femelle \u00e0 droite) avec sorties TV+SAT. Il est pont\u00e9, de sorte que sur les deux connecteurs, l'int\u00e9gralit\u00e9 du signal d'entr\u00e9e FM, TV et SAT est disponible. Il dispose d'un passage de signal de sorte que le signal est disponible sur les deux connecteurs.<\/p>","protected":false},"excerpt":{"rendered":"<p>2 connecteurs : FM\/TV-SAT. Bo\u00eetier de passage avec deux connecteurs IEC (m\u00e2le \u00e0 gauche et femelle \u00e0 droite) avec sorties TV+SAT. Il est pont\u00e9, de sorte que sur les deux connecteurs, l'int\u00e9gralit\u00e9 du signal d'entr\u00e9e FM, TV et SAT est disponible. Il dispose d'un passage de signal de sorte que le signal est disponible sur les deux connecteurs.<\/p>","protected":false},"featured_media":249893,"template":"","meta":[],"product_brand":[99441],"product_cat":[99601],"product_tag":[],"class_list":{"0":"post-249894","1":"product","2":"type-product","3":"status-publish","4":"has-post-thumbnail","6":"product_brand-televes","7":"product_cat-gyemo","10":"instock","11":"taxable","12":"shipping-taxable","13":"purchasable","14":"product-type-simple"},"yoast_head":"<!-- This site is optimized with the Yoast SEO plugin v26.6 - https:\/\/yoast.com\/wordpress\/plugins\/seo\/ -->\n<title>4335 BASE SUPERFICIE TELEVISION TELEVES - Ledsolintel<\/title>\n<meta name=\"robots\" content=\"index, follow, max-snippet:-1, max-image-preview:large, max-video-preview:-1\" \/>\n<link rel=\"canonical\" href=\"https:\/\/ledsolintel.com\/fr\/produit-2\/4335-base-superficie-television-televes\/\" \/>\n<meta property=\"og:locale\" content=\"fr_FR\" \/>\n<meta property=\"og:type\" content=\"article\" \/>\n<meta property=\"og:title\" content=\"4335 BASE SUPERFICIE TELEVISION TELEVES - Ledsolintel\" \/>\n<meta property=\"og:description\" content=\"2 conectores: FM\/TV-SAT. Caja de paso con dos conectores CEI (macho a la izquierda y hembra a la derecha) con salidas TV+SAT. Es puenteada, por lo que en ambos conectores est\u00e1 disponible toda la se\u00f1al de entrada FM, TV y SAT. Tiene paso de se\u00f1al por lo qu\" \/>\n<meta property=\"og:url\" content=\"https:\/\/ledsolintel.com\/fr\/produit-2\/4335-base-superficie-television-televes\/\" \/>\n<meta property=\"og:site_name\" content=\"Ledsolintel\" \/>\n<meta property=\"article:publisher\" content=\"http:\/\/www.facebook.com\/webmenaje\" \/>\n<meta property=\"og:image\" content=\"https:\/\/ledsolintel.com\/wp-content\/uploads\/2024\/05\/24352-4335-BASE-SUPERFICIE-TELEVISION-TELEVES.jpg\" \/>\n\t<meta property=\"og:image:width\" content=\"1\" \/>\n\t<meta property=\"og:image:height\" content=\"1\" \/>\n\t<meta property=\"og:image:type\" content=\"image\/jpeg\" \/>\n<meta name=\"twitter:card\" content=\"summary_large_image\" \/>\n<meta name=\"twitter:site\" content=\"@webmenaje\" \/>\n<script type=\"application\/ld+json\" class=\"yoast-schema-graph\">{\"@context\":\"https:\/\/schema.org\",\"@graph\":[{\"@type\":\"WebPage\",\"@id\":\"https:\/\/ledsolintel.com\/product\/4335-base-superficie-television-televes\/\",\"url\":\"https:\/\/ledsolintel.com\/product\/4335-base-superficie-television-televes\/\",\"name\":\"4335 BASE SUPERFICIE TELEVISION TELEVES - Ledsolintel\",\"isPartOf\":{\"@id\":\"https:\/\/ledsolintel.com\/#website\"},\"primaryImageOfPage\":{\"@id\":\"https:\/\/ledsolintel.com\/product\/4335-base-superficie-television-televes\/#primaryimage\"},\"image\":{\"@id\":\"https:\/\/ledsolintel.com\/product\/4335-base-superficie-television-televes\/#primaryimage\"},\"thumbnailUrl\":\"https:\/\/ledsolintel.com\/wp-content\/uploads\/2024\/05\/24352-4335-BASE-SUPERFICIE-TELEVISION-TELEVES.jpg\",\"datePublished\":\"2024-05-22T12:56:07+00:00\",\"breadcrumb\":{\"@id\":\"https:\/\/ledsolintel.com\/product\/4335-base-superficie-television-televes\/#breadcrumb\"},\"inLanguage\":\"fr-FR\",\"potentialAction\":[{\"@type\":\"ReadAction\",\"target\":[\"https:\/\/ledsolintel.com\/product\/4335-base-superficie-television-televes\/\"]}]},{\"@type\":\"ImageObject\",\"inLanguage\":\"fr-FR\",\"@id\":\"https:\/\/ledsolintel.com\/product\/4335-base-superficie-television-televes\/#primaryimage\",\"url\":\"https:\/\/ledsolintel.com\/wp-content\/uploads\/2024\/05\/24352-4335-BASE-SUPERFICIE-TELEVISION-TELEVES.jpg\",\"contentUrl\":\"https:\/\/ledsolintel.com\/wp-content\/uploads\/2024\/05\/24352-4335-BASE-SUPERFICIE-TELEVISION-TELEVES.jpg\",\"caption\":\"4335 BASE SUPERFICIE TELEVISION TELEVES\"},{\"@type\":\"BreadcrumbList\",\"@id\":\"https:\/\/ledsolintel.com\/product\/4335-base-superficie-television-televes\/#breadcrumb\",\"itemListElement\":[{\"@type\":\"ListItem\",\"position\":1,\"name\":\"Portada\",\"item\":\"https:\/\/ledsolintel.com\/fr\/\"},{\"@type\":\"ListItem\",\"position\":2,\"name\":\"Tienda\",\"item\":\"https:\/\/ledsolintel.com\/tienda\/\"},{\"@type\":\"ListItem\",\"position\":3,\"name\":\"4335 BASE SUPERFICIE TELEVISION TELEVES\"}]},{\"@type\":\"WebSite\",\"@id\":\"https:\/\/ledsolintel.com\/#website\",\"url\":\"https:\/\/ledsolintel.com\/\",\"name\":\"Webmenaje\",\"description\":\"Tienda de bombillas y l\u00e1mparas LED para profesionales\",\"publisher\":{\"@id\":\"https:\/\/ledsolintel.com\/#organization\"},\"potentialAction\":[{\"@type\":\"SearchAction\",\"target\":{\"@type\":\"EntryPoint\",\"urlTemplate\":\"https:\/\/ledsolintel.com\/?s={search_term_string}\"},\"query-input\":{\"@type\":\"PropertyValueSpecification\",\"valueRequired\":true,\"valueName\":\"search_term_string\"}}],\"inLanguage\":\"fr-FR\"},{\"@type\":\"Organization\",\"@id\":\"https:\/\/ledsolintel.com\/#organization\",\"name\":\"Solintel Noroeste, S.L.\",\"url\":\"https:\/\/ledsolintel.com\/\",\"logo\":{\"@type\":\"ImageObject\",\"inLanguage\":\"fr-FR\",\"@id\":\"https:\/\/ledsolintel.com\/#\/schema\/logo\/image\/\",\"url\":\"https:\/\/ledsolintel.com\/wp-content\/uploads\/2024\/11\/webmenaje-logo-1508269066.jpg\",\"contentUrl\":\"https:\/\/ledsolintel.com\/wp-content\/uploads\/2024\/11\/webmenaje-logo-1508269066.jpg\",\"width\":370,\"height\":90,\"caption\":\"Solintel Noroeste, S.L.\"},\"image\":{\"@id\":\"https:\/\/ledsolintel.com\/#\/schema\/logo\/image\/\"},\"sameAs\":[\"http:\/\/www.facebook.com\/webmenaje\",\"https:\/\/x.com\/webmenaje\",\"https:\/\/www.youtube.com\/channel\/UCX2KoVoeCG4LocZjUc6LmSQ\",\"http:\/\/www.pinterest.com\/webmenaje\"]}]}<\/script>\n<!-- \/ Yoast SEO plugin. -->","yoast_head_json":{"title":"4335 BASE SUPERFICIE TELEVISION TELEVES - Ledsolintel","robots":{"index":"index","follow":"follow","max-snippet":"max-snippet:-1","max-image-preview":"max-image-preview:large","max-video-preview":"max-video-preview:-1"},"canonical":"https:\/\/ledsolintel.com\/fr\/produit-2\/4335-base-superficie-television-televes\/","og_locale":"fr_FR","og_type":"article","og_title":"4335 BASE SUPERFICIE TELEVISION TELEVES - Ledsolintel","og_description":"2 conectores: FM\/TV-SAT. Caja de paso con dos conectores CEI (macho a la izquierda y hembra a la derecha) con salidas TV+SAT. Es puenteada, por lo que en ambos conectores est\u00e1 disponible toda la se\u00f1al de entrada FM, TV y SAT. Tiene paso de se\u00f1al por lo qu","og_url":"https:\/\/ledsolintel.com\/fr\/produit-2\/4335-base-superficie-television-televes\/","og_site_name":"Ledsolintel","article_publisher":"http:\/\/www.facebook.com\/webmenaje","og_image":[{"url":"https:\/\/ledsolintel.com\/wp-content\/uploads\/2024\/05\/24352-4335-BASE-SUPERFICIE-TELEVISION-TELEVES.jpg","width":1,"height":1,"type":"image\/jpeg"}],"twitter_card":"summary_large_image","twitter_site":"@webmenaje","schema":{"@context":"https:\/\/schema.org","@graph":[{"@type":"WebPage","@id":"https:\/\/ledsolintel.com\/product\/4335-base-superficie-television-televes\/","url":"https:\/\/ledsolintel.com\/product\/4335-base-superficie-television-televes\/","name":"4335 BASE SUPERFICIE TELEVISION TELEVES - Ledsolintel","isPartOf":{"@id":"https:\/\/ledsolintel.com\/#website"},"primaryImageOfPage":{"@id":"https:\/\/ledsolintel.com\/product\/4335-base-superficie-television-televes\/#primaryimage"},"image":{"@id":"https:\/\/ledsolintel.com\/product\/4335-base-superficie-television-televes\/#primaryimage"},"thumbnailUrl":"https:\/\/ledsolintel.com\/wp-content\/uploads\/2024\/05\/24352-4335-BASE-SUPERFICIE-TELEVISION-TELEVES.jpg","datePublished":"2024-05-22T12:56:07+00:00","breadcrumb":{"@id":"https:\/\/ledsolintel.com\/product\/4335-base-superficie-television-televes\/#breadcrumb"},"inLanguage":"fr-FR","potentialAction":[{"@type":"ReadAction","target":["https:\/\/ledsolintel.com\/product\/4335-base-superficie-television-televes\/"]}]},{"@type":"ImageObject","inLanguage":"fr-FR","@id":"https:\/\/ledsolintel.com\/product\/4335-base-superficie-television-televes\/#primaryimage","url":"https:\/\/ledsolintel.com\/wp-content\/uploads\/2024\/05\/24352-4335-BASE-SUPERFICIE-TELEVISION-TELEVES.jpg","contentUrl":"https:\/\/ledsolintel.com\/wp-content\/uploads\/2024\/05\/24352-4335-BASE-SUPERFICIE-TELEVISION-TELEVES.jpg","caption":"4335 BASE SUPERFICIE TELEVISION TELEVES"},{"@type":"BreadcrumbList","@id":"https:\/\/ledsolintel.com\/product\/4335-base-superficie-television-televes\/#breadcrumb","itemListElement":[{"@type":"ListItem","position":1,"name":"Portada","item":"https:\/\/ledsolintel.com\/fr\/"},{"@type":"ListItem","position":2,"name":"Tienda","item":"https:\/\/ledsolintel.com\/tienda\/"},{"@type":"ListItem","position":3,"name":"4335 BASE SUPERFICIE TELEVISION TELEVES"}]},{"@type":"WebSite","@id":"https:\/\/ledsolintel.com\/#website","url":"https:\/\/ledsolintel.com\/","name":"Webmenaje","description":"Magasin d'ampoules et de lampes LED pour les professionnels","publisher":{"@id":"https:\/\/ledsolintel.com\/#organization"},"potentialAction":[{"@type":"SearchAction","target":{"@type":"EntryPoint","urlTemplate":"https:\/\/ledsolintel.com\/?s={search_term_string}"},"query-input":{"@type":"PropertyValueSpecification","valueRequired":true,"valueName":"search_term_string"}}],"inLanguage":"fr-FR"},{"@type":"Organization","@id":"https:\/\/ledsolintel.com\/#organization","name":"Solintel Noroeste, S.L.","url":"https:\/\/ledsolintel.com\/","logo":{"@type":"ImageObject","inLanguage":"fr-FR","@id":"https:\/\/ledsolintel.com\/#\/schema\/logo\/image\/","url":"https:\/\/ledsolintel.com\/wp-content\/uploads\/2024\/11\/webmenaje-logo-1508269066.jpg","contentUrl":"https:\/\/ledsolintel.com\/wp-content\/uploads\/2024\/11\/webmenaje-logo-1508269066.jpg","width":370,"height":90,"caption":"Solintel Noroeste, S.L."},"image":{"@id":"https:\/\/ledsolintel.com\/#\/schema\/logo\/image\/"},"sameAs":["http:\/\/www.facebook.com\/webmenaje","https:\/\/x.com\/webmenaje","https:\/\/www.youtube.com\/channel\/UCX2KoVoeCG4LocZjUc6LmSQ","http:\/\/www.pinterest.com\/webmenaje"]}]}},"_links":{"self":[{"href":"https:\/\/ledsolintel.com\/fr\/wp-json\/wp\/v2\/product\/249894","targetHints":{"allow":["GET"]}}],"collection":[{"href":"https:\/\/ledsolintel.com\/fr\/wp-json\/wp\/v2\/product"}],"about":[{"href":"https:\/\/ledsolintel.com\/fr\/wp-json\/wp\/v2\/types\/product"}],"version-history":[{"count":0,"href":"https:\/\/ledsolintel.com\/fr\/wp-json\/wp\/v2\/product\/249894\/revisions"}],"wp:featuredmedia":[{"embeddable":true,"href":"https:\/\/ledsolintel.com\/fr\/wp-json\/wp\/v2\/media\/249893"}],"wp:attachment":[{"href":"https:\/\/ledsolintel.com\/fr\/wp-json\/wp\/v2\/media?parent=249894"}],"wp:term":[{"taxonomy":"product_brand","embeddable":true,"href":"https:\/\/ledsolintel.com\/fr\/wp-json\/wp\/v2\/product_brand?post=249894"},{"taxonomy":"product_cat","embeddable":true,"href":"https:\/\/ledsolintel.com\/fr\/wp-json\/wp\/v2\/product_cat?post=249894"},{"taxonomy":"product_tag","embeddable":true,"href":"https:\/\/ledsolintel.com\/fr\/wp-json\/wp\/v2\/product_tag?post=249894"}],"curies":[{"name":"wp","href":"https:\/\/api.w.org\/{rel}","templated":true}]}}