{"id":249892,"date":"2024-05-22T14:56:07","date_gmt":"2024-05-22T12:56:07","guid":{"rendered":"https:\/\/nueva.ledsolintel.com\/product\/543702-repartidor-easyf-4d-ict-televes\/"},"modified":"2024-05-22T14:56:07","modified_gmt":"2024-05-22T12:56:07","slug":"543702-delivery-man-easyf-4d-ict-televes","status":"publish","type":"product","link":"https:\/\/ledsolintel.com\/fr\/produit-2\/543702-delivery-man-easyf-4d-ict-televes\/","title":{"rendered":"543702 DELIVERY MAN EASYF 4D ICT TELEVES"},"content":{"rendered":"<p>R\u00e9partiteur 4 voies et syst\u00e8me de connexion EasyF pour les signaux SMATV avec un design compact et un comportement \u00e9lectronique efficace. Avec EasyF, le c\u00e2ble coaxial est connect\u00e9 \u00e0 l'appareil au moyen d'un syst\u00e8me d'insertion automatis\u00e9.<\/p>","protected":false},"excerpt":{"rendered":"<p>R\u00e9partiteur 4 voies et syst\u00e8me de connexion EasyF pour les signaux SMATV avec un design compact et un comportement \u00e9lectronique efficace. Avec EasyF, le c\u00e2ble coaxial est connect\u00e9 \u00e0 l'appareil au moyen d'un syst\u00e8me d'insertion automatis\u00e9.<\/p>","protected":false},"featured_media":249891,"template":"","meta":[],"product_brand":[99441],"product_cat":[99601],"product_tag":[],"class_list":{"0":"post-249892","1":"product","2":"type-product","3":"status-publish","4":"has-post-thumbnail","6":"product_brand-televes","7":"product_cat-gyemo","10":"instock","11":"taxable","12":"shipping-taxable","13":"purchasable","14":"product-type-simple"},"yoast_head":"<!-- This site is optimized with the Yoast SEO plugin v26.6 - https:\/\/yoast.com\/wordpress\/plugins\/seo\/ -->\n<title>543702 REPARTIDOR EASYF 4D ICT TELEVES - Ledsolintel<\/title>\n<meta name=\"robots\" content=\"index, follow, max-snippet:-1, max-image-preview:large, max-video-preview:-1\" \/>\n<link rel=\"canonical\" href=\"https:\/\/ledsolintel.com\/fr\/produit-2\/543702-delivery-man-easyf-4d-ict-televes\/\" \/>\n<meta property=\"og:locale\" content=\"fr_FR\" \/>\n<meta property=\"og:type\" content=\"article\" \/>\n<meta property=\"og:title\" content=\"543702 REPARTIDOR EASYF 4D ICT TELEVES - Ledsolintel\" \/>\n<meta property=\"og:description\" content=\"Repartidor de 4 direcciones y sistema de conexi\u00f3n EasyF, para se\u00f1ales de SMATV, con un dise\u00f1o compacto y un comportamiento electr\u00f3nico eficiente. Con EasyF, la conexi\u00f3n del cable coaxial en el dispositivo se realiza mediante un sistema automatizado de ins\" \/>\n<meta property=\"og:url\" content=\"https:\/\/ledsolintel.com\/fr\/produit-2\/543702-delivery-man-easyf-4d-ict-televes\/\" \/>\n<meta property=\"og:site_name\" content=\"Ledsolintel\" \/>\n<meta property=\"article:publisher\" content=\"http:\/\/www.facebook.com\/webmenaje\" \/>\n<meta property=\"og:image\" content=\"https:\/\/ledsolintel.com\/wp-content\/uploads\/2024\/05\/24349-543702-REPARTIDOR-EASYF-4D-ICT-TELEVES.jpg\" \/>\n\t<meta property=\"og:image:width\" content=\"1\" \/>\n\t<meta property=\"og:image:height\" content=\"1\" \/>\n\t<meta property=\"og:image:type\" content=\"image\/jpeg\" \/>\n<meta name=\"twitter:card\" content=\"summary_large_image\" \/>\n<meta name=\"twitter:site\" content=\"@webmenaje\" \/>\n<script type=\"application\/ld+json\" class=\"yoast-schema-graph\">{\"@context\":\"https:\/\/schema.org\",\"@graph\":[{\"@type\":\"WebPage\",\"@id\":\"https:\/\/ledsolintel.com\/product\/543702-repartidor-easyf-4d-ict-televes\/\",\"url\":\"https:\/\/ledsolintel.com\/product\/543702-repartidor-easyf-4d-ict-televes\/\",\"name\":\"543702 REPARTIDOR EASYF 4D ICT TELEVES - Ledsolintel\",\"isPartOf\":{\"@id\":\"https:\/\/ledsolintel.com\/#website\"},\"primaryImageOfPage\":{\"@id\":\"https:\/\/ledsolintel.com\/product\/543702-repartidor-easyf-4d-ict-televes\/#primaryimage\"},\"image\":{\"@id\":\"https:\/\/ledsolintel.com\/product\/543702-repartidor-easyf-4d-ict-televes\/#primaryimage\"},\"thumbnailUrl\":\"https:\/\/ledsolintel.com\/wp-content\/uploads\/2024\/05\/24349-543702-REPARTIDOR-EASYF-4D-ICT-TELEVES.jpg\",\"datePublished\":\"2024-05-22T12:56:07+00:00\",\"breadcrumb\":{\"@id\":\"https:\/\/ledsolintel.com\/product\/543702-repartidor-easyf-4d-ict-televes\/#breadcrumb\"},\"inLanguage\":\"fr-FR\",\"potentialAction\":[{\"@type\":\"ReadAction\",\"target\":[\"https:\/\/ledsolintel.com\/product\/543702-repartidor-easyf-4d-ict-televes\/\"]}]},{\"@type\":\"ImageObject\",\"inLanguage\":\"fr-FR\",\"@id\":\"https:\/\/ledsolintel.com\/product\/543702-repartidor-easyf-4d-ict-televes\/#primaryimage\",\"url\":\"https:\/\/ledsolintel.com\/wp-content\/uploads\/2024\/05\/24349-543702-REPARTIDOR-EASYF-4D-ICT-TELEVES.jpg\",\"contentUrl\":\"https:\/\/ledsolintel.com\/wp-content\/uploads\/2024\/05\/24349-543702-REPARTIDOR-EASYF-4D-ICT-TELEVES.jpg\",\"caption\":\"543702 REPARTIDOR EASYF 4D ICT TELEVES\"},{\"@type\":\"BreadcrumbList\",\"@id\":\"https:\/\/ledsolintel.com\/product\/543702-repartidor-easyf-4d-ict-televes\/#breadcrumb\",\"itemListElement\":[{\"@type\":\"ListItem\",\"position\":1,\"name\":\"Portada\",\"item\":\"https:\/\/ledsolintel.com\/fr\/\"},{\"@type\":\"ListItem\",\"position\":2,\"name\":\"Tienda\",\"item\":\"https:\/\/ledsolintel.com\/tienda\/\"},{\"@type\":\"ListItem\",\"position\":3,\"name\":\"543702 REPARTIDOR EASYF 4D ICT TELEVES\"}]},{\"@type\":\"WebSite\",\"@id\":\"https:\/\/ledsolintel.com\/#website\",\"url\":\"https:\/\/ledsolintel.com\/\",\"name\":\"Webmenaje\",\"description\":\"Tienda de bombillas y l\u00e1mparas LED para profesionales\",\"publisher\":{\"@id\":\"https:\/\/ledsolintel.com\/#organization\"},\"potentialAction\":[{\"@type\":\"SearchAction\",\"target\":{\"@type\":\"EntryPoint\",\"urlTemplate\":\"https:\/\/ledsolintel.com\/?s={search_term_string}\"},\"query-input\":{\"@type\":\"PropertyValueSpecification\",\"valueRequired\":true,\"valueName\":\"search_term_string\"}}],\"inLanguage\":\"fr-FR\"},{\"@type\":\"Organization\",\"@id\":\"https:\/\/ledsolintel.com\/#organization\",\"name\":\"Solintel Noroeste, S.L.\",\"url\":\"https:\/\/ledsolintel.com\/\",\"logo\":{\"@type\":\"ImageObject\",\"inLanguage\":\"fr-FR\",\"@id\":\"https:\/\/ledsolintel.com\/#\/schema\/logo\/image\/\",\"url\":\"https:\/\/ledsolintel.com\/wp-content\/uploads\/2024\/11\/webmenaje-logo-1508269066.jpg\",\"contentUrl\":\"https:\/\/ledsolintel.com\/wp-content\/uploads\/2024\/11\/webmenaje-logo-1508269066.jpg\",\"width\":370,\"height\":90,\"caption\":\"Solintel Noroeste, S.L.\"},\"image\":{\"@id\":\"https:\/\/ledsolintel.com\/#\/schema\/logo\/image\/\"},\"sameAs\":[\"http:\/\/www.facebook.com\/webmenaje\",\"https:\/\/x.com\/webmenaje\",\"https:\/\/www.youtube.com\/channel\/UCX2KoVoeCG4LocZjUc6LmSQ\",\"http:\/\/www.pinterest.com\/webmenaje\"]}]}<\/script>\n<!-- \/ Yoast SEO plugin. -->","yoast_head_json":{"title":"543702 EASYF 4D ICT TELEVES SPREADER - Ledsolintel","robots":{"index":"index","follow":"follow","max-snippet":"max-snippet:-1","max-image-preview":"max-image-preview:large","max-video-preview":"max-video-preview:-1"},"canonical":"https:\/\/ledsolintel.com\/fr\/produit-2\/543702-delivery-man-easyf-4d-ict-televes\/","og_locale":"fr_FR","og_type":"article","og_title":"543702 REPARTIDOR EASYF 4D ICT TELEVES - Ledsolintel","og_description":"Repartidor de 4 direcciones y sistema de conexi\u00f3n EasyF, para se\u00f1ales de SMATV, con un dise\u00f1o compacto y un comportamiento electr\u00f3nico eficiente. Con EasyF, la conexi\u00f3n del cable coaxial en el dispositivo se realiza mediante un sistema automatizado de ins","og_url":"https:\/\/ledsolintel.com\/fr\/produit-2\/543702-delivery-man-easyf-4d-ict-televes\/","og_site_name":"Ledsolintel","article_publisher":"http:\/\/www.facebook.com\/webmenaje","og_image":[{"url":"https:\/\/ledsolintel.com\/wp-content\/uploads\/2024\/05\/24349-543702-REPARTIDOR-EASYF-4D-ICT-TELEVES.jpg","width":1,"height":1,"type":"image\/jpeg"}],"twitter_card":"summary_large_image","twitter_site":"@webmenaje","schema":{"@context":"https:\/\/schema.org","@graph":[{"@type":"WebPage","@id":"https:\/\/ledsolintel.com\/product\/543702-repartidor-easyf-4d-ict-televes\/","url":"https:\/\/ledsolintel.com\/product\/543702-repartidor-easyf-4d-ict-televes\/","name":"543702 EASYF 4D ICT TELEVES SPREADER - Ledsolintel","isPartOf":{"@id":"https:\/\/ledsolintel.com\/#website"},"primaryImageOfPage":{"@id":"https:\/\/ledsolintel.com\/product\/543702-repartidor-easyf-4d-ict-televes\/#primaryimage"},"image":{"@id":"https:\/\/ledsolintel.com\/product\/543702-repartidor-easyf-4d-ict-televes\/#primaryimage"},"thumbnailUrl":"https:\/\/ledsolintel.com\/wp-content\/uploads\/2024\/05\/24349-543702-REPARTIDOR-EASYF-4D-ICT-TELEVES.jpg","datePublished":"2024-05-22T12:56:07+00:00","breadcrumb":{"@id":"https:\/\/ledsolintel.com\/product\/543702-repartidor-easyf-4d-ict-televes\/#breadcrumb"},"inLanguage":"fr-FR","potentialAction":[{"@type":"ReadAction","target":["https:\/\/ledsolintel.com\/product\/543702-repartidor-easyf-4d-ict-televes\/"]}]},{"@type":"ImageObject","inLanguage":"fr-FR","@id":"https:\/\/ledsolintel.com\/product\/543702-repartidor-easyf-4d-ict-televes\/#primaryimage","url":"https:\/\/ledsolintel.com\/wp-content\/uploads\/2024\/05\/24349-543702-REPARTIDOR-EASYF-4D-ICT-TELEVES.jpg","contentUrl":"https:\/\/ledsolintel.com\/wp-content\/uploads\/2024\/05\/24349-543702-REPARTIDOR-EASYF-4D-ICT-TELEVES.jpg","caption":"543702 REPARTIDOR EASYF 4D ICT TELEVES"},{"@type":"BreadcrumbList","@id":"https:\/\/ledsolintel.com\/product\/543702-repartidor-easyf-4d-ict-televes\/#breadcrumb","itemListElement":[{"@type":"ListItem","position":1,"name":"Portada","item":"https:\/\/ledsolintel.com\/fr\/"},{"@type":"ListItem","position":2,"name":"Tienda","item":"https:\/\/ledsolintel.com\/tienda\/"},{"@type":"ListItem","position":3,"name":"543702 REPARTIDOR EASYF 4D ICT TELEVES"}]},{"@type":"WebSite","@id":"https:\/\/ledsolintel.com\/#website","url":"https:\/\/ledsolintel.com\/","name":"Webmenaje","description":"Magasin d'ampoules et de lampes LED pour les professionnels","publisher":{"@id":"https:\/\/ledsolintel.com\/#organization"},"potentialAction":[{"@type":"SearchAction","target":{"@type":"EntryPoint","urlTemplate":"https:\/\/ledsolintel.com\/?s={search_term_string}"},"query-input":{"@type":"PropertyValueSpecification","valueRequired":true,"valueName":"search_term_string"}}],"inLanguage":"fr-FR"},{"@type":"Organization","@id":"https:\/\/ledsolintel.com\/#organization","name":"Solintel Noroeste, S.L.","url":"https:\/\/ledsolintel.com\/","logo":{"@type":"ImageObject","inLanguage":"fr-FR","@id":"https:\/\/ledsolintel.com\/#\/schema\/logo\/image\/","url":"https:\/\/ledsolintel.com\/wp-content\/uploads\/2024\/11\/webmenaje-logo-1508269066.jpg","contentUrl":"https:\/\/ledsolintel.com\/wp-content\/uploads\/2024\/11\/webmenaje-logo-1508269066.jpg","width":370,"height":90,"caption":"Solintel Noroeste, S.L."},"image":{"@id":"https:\/\/ledsolintel.com\/#\/schema\/logo\/image\/"},"sameAs":["http:\/\/www.facebook.com\/webmenaje","https:\/\/x.com\/webmenaje","https:\/\/www.youtube.com\/channel\/UCX2KoVoeCG4LocZjUc6LmSQ","http:\/\/www.pinterest.com\/webmenaje"]}]}},"_links":{"self":[{"href":"https:\/\/ledsolintel.com\/fr\/wp-json\/wp\/v2\/product\/249892","targetHints":{"allow":["GET"]}}],"collection":[{"href":"https:\/\/ledsolintel.com\/fr\/wp-json\/wp\/v2\/product"}],"about":[{"href":"https:\/\/ledsolintel.com\/fr\/wp-json\/wp\/v2\/types\/product"}],"version-history":[{"count":0,"href":"https:\/\/ledsolintel.com\/fr\/wp-json\/wp\/v2\/product\/249892\/revisions"}],"wp:featuredmedia":[{"embeddable":true,"href":"https:\/\/ledsolintel.com\/fr\/wp-json\/wp\/v2\/media\/249891"}],"wp:attachment":[{"href":"https:\/\/ledsolintel.com\/fr\/wp-json\/wp\/v2\/media?parent=249892"}],"wp:term":[{"taxonomy":"product_brand","embeddable":true,"href":"https:\/\/ledsolintel.com\/fr\/wp-json\/wp\/v2\/product_brand?post=249892"},{"taxonomy":"product_cat","embeddable":true,"href":"https:\/\/ledsolintel.com\/fr\/wp-json\/wp\/v2\/product_cat?post=249892"},{"taxonomy":"product_tag","embeddable":true,"href":"https:\/\/ledsolintel.com\/fr\/wp-json\/wp\/v2\/product_tag?post=249892"}],"curies":[{"name":"wp","href":"https:\/\/api.w.org\/{rel}","templated":true}]}}