{"id":249868,"date":"2024-05-22T14:56:07","date_gmt":"2024-05-22T12:56:07","guid":{"rendered":"https:\/\/nueva.ledsolintel.com\/product\/2404-soporte-de-atornillar-seccion-u-500mm\/"},"modified":"2024-05-22T14:56:07","modified_gmt":"2024-05-22T12:56:07","slug":"2404-soporte-de-atornillar-seccion-u-500mm","status":"publish","type":"product","link":"https:\/\/ledsolintel.com\/fr\/produit-2\/2404-soporte-de-atornillar-seccion-u-500mm\/","title":{"rendered":"2404 VIS DE SOUTIEN U SECTION 500mm."},"content":{"rendered":"<p>Support droit avec profil en U pour l'installation d'un m\u00e2t mural (\u00e0 boulonner), \u00e0 une distance de 500 mm l'un de l'autre. Elles s'installent par paire pour fixer le m\u00e2t en deux points. Fabriqu\u00e9es en acier et tr\u00e8s r\u00e9sistantes \u00e0 la corrosion, gr\u00e2ce \u00e0 leurs<\/p>","protected":false},"excerpt":{"rendered":"<p>Support droit avec profil en U pour l'installation d'un m\u00e2t mural (\u00e0 boulonner), \u00e0 une distance de 500 mm l'un de l'autre. Elles s'installent par paire pour fixer le m\u00e2t en deux points. Fabriqu\u00e9es en acier et tr\u00e8s r\u00e9sistantes \u00e0 la corrosion, gr\u00e2ce \u00e0 leurs<\/p>","protected":false},"featured_media":249866,"template":"","meta":[],"product_brand":[99441],"product_cat":[99601],"product_tag":[],"class_list":{"0":"post-249868","1":"product","2":"type-product","3":"status-publish","4":"has-post-thumbnail","6":"product_brand-televes","7":"product_cat-gyemo","10":"instock","11":"taxable","12":"shipping-taxable","13":"purchasable","14":"product-type-simple"},"yoast_head":"<!-- This site is optimized with the Yoast SEO plugin v26.6 - https:\/\/yoast.com\/wordpress\/plugins\/seo\/ -->\n<title>2404 SOPORTE DE ATORNILLAR SECCION U 500mm. - Ledsolintel<\/title>\n<meta name=\"robots\" content=\"index, follow, max-snippet:-1, max-image-preview:large, max-video-preview:-1\" \/>\n<link rel=\"canonical\" href=\"https:\/\/ledsolintel.com\/fr\/produit-2\/2404-soporte-de-atornillar-seccion-u-500mm\/\" \/>\n<meta property=\"og:locale\" content=\"fr_FR\" \/>\n<meta property=\"og:type\" content=\"article\" \/>\n<meta property=\"og:title\" content=\"2404 SOPORTE DE ATORNILLAR SECCION U 500mm. - Ledsolintel\" \/>\n<meta property=\"og:description\" content=\"Soporte recto con perfil en forma de &#8220;U&#8221; para la instalaci\u00f3n de m\u00e1stil en pared (atornillable), con una separaci\u00f3n de 500mm. Se instalan en pares para asegurar el m\u00e1stil en dos puntos. Fabricado en acero y de gran resistencia a la corrosi\u00f3n, gracias a su\" \/>\n<meta property=\"og:url\" content=\"https:\/\/ledsolintel.com\/fr\/produit-2\/2404-soporte-de-atornillar-seccion-u-500mm\/\" \/>\n<meta property=\"og:site_name\" content=\"Ledsolintel\" \/>\n<meta property=\"article:publisher\" content=\"http:\/\/www.facebook.com\/webmenaje\" \/>\n<meta property=\"og:image\" content=\"https:\/\/ledsolintel.com\/wp-content\/uploads\/2024\/05\/24332-2404-SOPORTE-DE-ATORNILLAR-SECCION-U-500mm.jpg\" \/>\n\t<meta property=\"og:image:width\" content=\"1\" \/>\n\t<meta property=\"og:image:height\" content=\"1\" \/>\n\t<meta property=\"og:image:type\" content=\"image\/jpeg\" \/>\n<meta name=\"twitter:card\" content=\"summary_large_image\" \/>\n<meta name=\"twitter:site\" content=\"@webmenaje\" \/>\n<script type=\"application\/ld+json\" class=\"yoast-schema-graph\">{\"@context\":\"https:\/\/schema.org\",\"@graph\":[{\"@type\":\"WebPage\",\"@id\":\"https:\/\/ledsolintel.com\/product\/2404-soporte-de-atornillar-seccion-u-500mm\/\",\"url\":\"https:\/\/ledsolintel.com\/product\/2404-soporte-de-atornillar-seccion-u-500mm\/\",\"name\":\"2404 SOPORTE DE ATORNILLAR SECCION U 500mm. - Ledsolintel\",\"isPartOf\":{\"@id\":\"https:\/\/ledsolintel.com\/#website\"},\"primaryImageOfPage\":{\"@id\":\"https:\/\/ledsolintel.com\/product\/2404-soporte-de-atornillar-seccion-u-500mm\/#primaryimage\"},\"image\":{\"@id\":\"https:\/\/ledsolintel.com\/product\/2404-soporte-de-atornillar-seccion-u-500mm\/#primaryimage\"},\"thumbnailUrl\":\"https:\/\/ledsolintel.com\/wp-content\/uploads\/2024\/05\/24332-2404-SOPORTE-DE-ATORNILLAR-SECCION-U-500mm.jpg\",\"datePublished\":\"2024-05-22T12:56:07+00:00\",\"breadcrumb\":{\"@id\":\"https:\/\/ledsolintel.com\/product\/2404-soporte-de-atornillar-seccion-u-500mm\/#breadcrumb\"},\"inLanguage\":\"fr-FR\",\"potentialAction\":[{\"@type\":\"ReadAction\",\"target\":[\"https:\/\/ledsolintel.com\/product\/2404-soporte-de-atornillar-seccion-u-500mm\/\"]}]},{\"@type\":\"ImageObject\",\"inLanguage\":\"fr-FR\",\"@id\":\"https:\/\/ledsolintel.com\/product\/2404-soporte-de-atornillar-seccion-u-500mm\/#primaryimage\",\"url\":\"https:\/\/ledsolintel.com\/wp-content\/uploads\/2024\/05\/24332-2404-SOPORTE-DE-ATORNILLAR-SECCION-U-500mm.jpg\",\"contentUrl\":\"https:\/\/ledsolintel.com\/wp-content\/uploads\/2024\/05\/24332-2404-SOPORTE-DE-ATORNILLAR-SECCION-U-500mm.jpg\",\"caption\":\"2404 SOPORTE DE ATORNILLAR SECCION U 500mm.\"},{\"@type\":\"BreadcrumbList\",\"@id\":\"https:\/\/ledsolintel.com\/product\/2404-soporte-de-atornillar-seccion-u-500mm\/#breadcrumb\",\"itemListElement\":[{\"@type\":\"ListItem\",\"position\":1,\"name\":\"Portada\",\"item\":\"https:\/\/ledsolintel.com\/fr\/\"},{\"@type\":\"ListItem\",\"position\":2,\"name\":\"Tienda\",\"item\":\"https:\/\/ledsolintel.com\/tienda\/\"},{\"@type\":\"ListItem\",\"position\":3,\"name\":\"2404 SOPORTE DE ATORNILLAR SECCION U 500mm.\"}]},{\"@type\":\"WebSite\",\"@id\":\"https:\/\/ledsolintel.com\/#website\",\"url\":\"https:\/\/ledsolintel.com\/\",\"name\":\"Webmenaje\",\"description\":\"Tienda de bombillas y l\u00e1mparas LED para profesionales\",\"publisher\":{\"@id\":\"https:\/\/ledsolintel.com\/#organization\"},\"potentialAction\":[{\"@type\":\"SearchAction\",\"target\":{\"@type\":\"EntryPoint\",\"urlTemplate\":\"https:\/\/ledsolintel.com\/?s={search_term_string}\"},\"query-input\":{\"@type\":\"PropertyValueSpecification\",\"valueRequired\":true,\"valueName\":\"search_term_string\"}}],\"inLanguage\":\"fr-FR\"},{\"@type\":\"Organization\",\"@id\":\"https:\/\/ledsolintel.com\/#organization\",\"name\":\"Solintel Noroeste, S.L.\",\"url\":\"https:\/\/ledsolintel.com\/\",\"logo\":{\"@type\":\"ImageObject\",\"inLanguage\":\"fr-FR\",\"@id\":\"https:\/\/ledsolintel.com\/#\/schema\/logo\/image\/\",\"url\":\"https:\/\/ledsolintel.com\/wp-content\/uploads\/2024\/11\/webmenaje-logo-1508269066.jpg\",\"contentUrl\":\"https:\/\/ledsolintel.com\/wp-content\/uploads\/2024\/11\/webmenaje-logo-1508269066.jpg\",\"width\":370,\"height\":90,\"caption\":\"Solintel Noroeste, S.L.\"},\"image\":{\"@id\":\"https:\/\/ledsolintel.com\/#\/schema\/logo\/image\/\"},\"sameAs\":[\"http:\/\/www.facebook.com\/webmenaje\",\"https:\/\/x.com\/webmenaje\",\"https:\/\/www.youtube.com\/channel\/UCX2KoVoeCG4LocZjUc6LmSQ\",\"http:\/\/www.pinterest.com\/webmenaje\"]}]}<\/script>\n<!-- \/ Yoast SEO plugin. -->","yoast_head_json":{"title":"2404 SOPORTE DE ATORNILLAR SECCION U 500mm. - Ledsolintel","robots":{"index":"index","follow":"follow","max-snippet":"max-snippet:-1","max-image-preview":"max-image-preview:large","max-video-preview":"max-video-preview:-1"},"canonical":"https:\/\/ledsolintel.com\/fr\/produit-2\/2404-soporte-de-atornillar-seccion-u-500mm\/","og_locale":"fr_FR","og_type":"article","og_title":"2404 SOPORTE DE ATORNILLAR SECCION U 500mm. - Ledsolintel","og_description":"Soporte recto con perfil en forma de &#8220;U&#8221; para la instalaci\u00f3n de m\u00e1stil en pared (atornillable), con una separaci\u00f3n de 500mm. Se instalan en pares para asegurar el m\u00e1stil en dos puntos. Fabricado en acero y de gran resistencia a la corrosi\u00f3n, gracias a su","og_url":"https:\/\/ledsolintel.com\/fr\/produit-2\/2404-soporte-de-atornillar-seccion-u-500mm\/","og_site_name":"Ledsolintel","article_publisher":"http:\/\/www.facebook.com\/webmenaje","og_image":[{"url":"https:\/\/ledsolintel.com\/wp-content\/uploads\/2024\/05\/24332-2404-SOPORTE-DE-ATORNILLAR-SECCION-U-500mm.jpg","width":1,"height":1,"type":"image\/jpeg"}],"twitter_card":"summary_large_image","twitter_site":"@webmenaje","schema":{"@context":"https:\/\/schema.org","@graph":[{"@type":"WebPage","@id":"https:\/\/ledsolintel.com\/product\/2404-soporte-de-atornillar-seccion-u-500mm\/","url":"https:\/\/ledsolintel.com\/product\/2404-soporte-de-atornillar-seccion-u-500mm\/","name":"2404 SOPORTE DE ATORNILLAR SECCION U 500mm. - Ledsolintel","isPartOf":{"@id":"https:\/\/ledsolintel.com\/#website"},"primaryImageOfPage":{"@id":"https:\/\/ledsolintel.com\/product\/2404-soporte-de-atornillar-seccion-u-500mm\/#primaryimage"},"image":{"@id":"https:\/\/ledsolintel.com\/product\/2404-soporte-de-atornillar-seccion-u-500mm\/#primaryimage"},"thumbnailUrl":"https:\/\/ledsolintel.com\/wp-content\/uploads\/2024\/05\/24332-2404-SOPORTE-DE-ATORNILLAR-SECCION-U-500mm.jpg","datePublished":"2024-05-22T12:56:07+00:00","breadcrumb":{"@id":"https:\/\/ledsolintel.com\/product\/2404-soporte-de-atornillar-seccion-u-500mm\/#breadcrumb"},"inLanguage":"fr-FR","potentialAction":[{"@type":"ReadAction","target":["https:\/\/ledsolintel.com\/product\/2404-soporte-de-atornillar-seccion-u-500mm\/"]}]},{"@type":"ImageObject","inLanguage":"fr-FR","@id":"https:\/\/ledsolintel.com\/product\/2404-soporte-de-atornillar-seccion-u-500mm\/#primaryimage","url":"https:\/\/ledsolintel.com\/wp-content\/uploads\/2024\/05\/24332-2404-SOPORTE-DE-ATORNILLAR-SECCION-U-500mm.jpg","contentUrl":"https:\/\/ledsolintel.com\/wp-content\/uploads\/2024\/05\/24332-2404-SOPORTE-DE-ATORNILLAR-SECCION-U-500mm.jpg","caption":"2404 SOPORTE DE ATORNILLAR SECCION U 500mm."},{"@type":"BreadcrumbList","@id":"https:\/\/ledsolintel.com\/product\/2404-soporte-de-atornillar-seccion-u-500mm\/#breadcrumb","itemListElement":[{"@type":"ListItem","position":1,"name":"Portada","item":"https:\/\/ledsolintel.com\/fr\/"},{"@type":"ListItem","position":2,"name":"Tienda","item":"https:\/\/ledsolintel.com\/tienda\/"},{"@type":"ListItem","position":3,"name":"2404 SOPORTE DE ATORNILLAR SECCION U 500mm."}]},{"@type":"WebSite","@id":"https:\/\/ledsolintel.com\/#website","url":"https:\/\/ledsolintel.com\/","name":"Webmenaje","description":"Magasin d'ampoules et de lampes LED pour les professionnels","publisher":{"@id":"https:\/\/ledsolintel.com\/#organization"},"potentialAction":[{"@type":"SearchAction","target":{"@type":"EntryPoint","urlTemplate":"https:\/\/ledsolintel.com\/?s={search_term_string}"},"query-input":{"@type":"PropertyValueSpecification","valueRequired":true,"valueName":"search_term_string"}}],"inLanguage":"fr-FR"},{"@type":"Organization","@id":"https:\/\/ledsolintel.com\/#organization","name":"Solintel Noroeste, S.L.","url":"https:\/\/ledsolintel.com\/","logo":{"@type":"ImageObject","inLanguage":"fr-FR","@id":"https:\/\/ledsolintel.com\/#\/schema\/logo\/image\/","url":"https:\/\/ledsolintel.com\/wp-content\/uploads\/2024\/11\/webmenaje-logo-1508269066.jpg","contentUrl":"https:\/\/ledsolintel.com\/wp-content\/uploads\/2024\/11\/webmenaje-logo-1508269066.jpg","width":370,"height":90,"caption":"Solintel Noroeste, S.L."},"image":{"@id":"https:\/\/ledsolintel.com\/#\/schema\/logo\/image\/"},"sameAs":["http:\/\/www.facebook.com\/webmenaje","https:\/\/x.com\/webmenaje","https:\/\/www.youtube.com\/channel\/UCX2KoVoeCG4LocZjUc6LmSQ","http:\/\/www.pinterest.com\/webmenaje"]}]}},"_links":{"self":[{"href":"https:\/\/ledsolintel.com\/fr\/wp-json\/wp\/v2\/product\/249868","targetHints":{"allow":["GET"]}}],"collection":[{"href":"https:\/\/ledsolintel.com\/fr\/wp-json\/wp\/v2\/product"}],"about":[{"href":"https:\/\/ledsolintel.com\/fr\/wp-json\/wp\/v2\/types\/product"}],"version-history":[{"count":0,"href":"https:\/\/ledsolintel.com\/fr\/wp-json\/wp\/v2\/product\/249868\/revisions"}],"wp:featuredmedia":[{"embeddable":true,"href":"https:\/\/ledsolintel.com\/fr\/wp-json\/wp\/v2\/media\/249866"}],"wp:attachment":[{"href":"https:\/\/ledsolintel.com\/fr\/wp-json\/wp\/v2\/media?parent=249868"}],"wp:term":[{"taxonomy":"product_brand","embeddable":true,"href":"https:\/\/ledsolintel.com\/fr\/wp-json\/wp\/v2\/product_brand?post=249868"},{"taxonomy":"product_cat","embeddable":true,"href":"https:\/\/ledsolintel.com\/fr\/wp-json\/wp\/v2\/product_cat?post=249868"},{"taxonomy":"product_tag","embeddable":true,"href":"https:\/\/ledsolintel.com\/fr\/wp-json\/wp\/v2\/product_tag?post=249868"}],"curies":[{"name":"wp","href":"https:\/\/api.w.org\/{rel}","templated":true}]}}