{"id":249865,"date":"2024-05-22T14:56:07","date_gmt":"2024-05-22T12:56:07","guid":{"rendered":"https:\/\/nueva.ledsolintel.com\/product\/7393-soporte-de-pared-en-l-discos-60-80cm-televes\/"},"modified":"2024-05-22T14:56:07","modified_gmt":"2024-05-22T12:56:07","slug":"7393-support-mural-l-discs-60-80cm-televes","status":"publish","type":"product","link":"https:\/\/ledsolintel.com\/fr\/produit-2\/7393-support-mural-l-discs-60-80cm-televes\/","title":{"rendered":"7393 SUPPORT MURAL EN L DISCOS 60\/80cm. T\u00c9L\u00c9VERSES"},"content":{"rendered":"<p>Pour l'installation d'une antenne murale (vissable), avec un espacement de 284mm. Le tube a un diam\u00e8tre de 35 mm et une \u00e9paisseur de 1,5 mm. Fabriqu\u00e9 en acier et tr\u00e8s r\u00e9sistant \u00e0 la corrosion, gr\u00e2ce \u00e0 son double traitement de galvanisation et de scellement r\u00e9actif (RPR).<\/p>","protected":false},"excerpt":{"rendered":"<p>Pour l'installation d'une antenne murale (vissable), avec un espacement de 284mm. Le tube a un diam\u00e8tre de 35 mm et une \u00e9paisseur de 1,5 mm. Fabriqu\u00e9 en acier et tr\u00e8s r\u00e9sistant \u00e0 la corrosion, gr\u00e2ce \u00e0 son double traitement de galvanisation et de scellement r\u00e9actif (RPR).<\/p>","protected":false},"featured_media":249863,"template":"","meta":[],"product_brand":[99441],"product_cat":[99601],"product_tag":[],"class_list":{"0":"post-249865","1":"product","2":"type-product","3":"status-publish","4":"has-post-thumbnail","6":"product_brand-televes","7":"product_cat-gyemo","10":"instock","11":"taxable","12":"shipping-taxable","13":"purchasable","14":"product-type-simple"},"yoast_head":"<!-- This site is optimized with the Yoast SEO plugin v27.4 - https:\/\/yoast.com\/product\/yoast-seo-wordpress\/ -->\n<title>7393 SOPORTE DE PARED EN L DISCOS 60\/80cm. TELEVES - Ledsolintel<\/title>\n<meta name=\"robots\" content=\"index, follow, max-snippet:-1, max-image-preview:large, max-video-preview:-1\" \/>\n<link rel=\"canonical\" href=\"https:\/\/ledsolintel.com\/fr\/produit-2\/7393-support-mural-l-discs-60-80cm-televes\/\" \/>\n<meta property=\"og:locale\" content=\"fr_FR\" \/>\n<meta property=\"og:type\" content=\"article\" \/>\n<meta property=\"og:title\" content=\"7393 SOPORTE DE PARED EN L DISCOS 60\/80cm. TELEVES - Ledsolintel\" \/>\n<meta property=\"og:description\" content=\"Para instalaci\u00f3n de antenas en pared (atornillable), con una separaci\u00f3n de 284mm. El tubo tiene \u00d8 35mm y 1,5mm de espesor. Fabricado en acero y de gran resistencia a la corrosi\u00f3n, gracias a su tratamiento dual de galvanizado y sellado reactivo (RPR).\" \/>\n<meta property=\"og:url\" content=\"https:\/\/ledsolintel.com\/fr\/produit-2\/7393-support-mural-l-discs-60-80cm-televes\/\" \/>\n<meta property=\"og:site_name\" content=\"Ledsolintel\" \/>\n<meta property=\"article:publisher\" content=\"http:\/\/www.facebook.com\/webmenaje\" \/>\n<meta property=\"og:image\" content=\"https:\/\/ledsolintel.com\/wp-content\/uploads\/2024\/05\/24330-7393-SOPORTE-DE-PARED-EN-L-DISCOS-6080cm.-TELEVES.jpg\" \/>\n\t<meta property=\"og:image:width\" content=\"1\" \/>\n\t<meta property=\"og:image:height\" content=\"1\" \/>\n\t<meta property=\"og:image:type\" content=\"image\/jpeg\" \/>\n<meta name=\"twitter:card\" content=\"summary_large_image\" \/>\n<meta name=\"twitter:site\" content=\"@webmenaje\" \/>\n<script type=\"application\/ld+json\" class=\"yoast-schema-graph\">{\"@context\":\"https:\\\/\\\/schema.org\",\"@graph\":[{\"@type\":\"WebPage\",\"@id\":\"https:\\\/\\\/ledsolintel.com\\\/product\\\/7393-soporte-de-pared-en-l-discos-60-80cm-televes\\\/\",\"url\":\"https:\\\/\\\/ledsolintel.com\\\/product\\\/7393-soporte-de-pared-en-l-discos-60-80cm-televes\\\/\",\"name\":\"7393 SOPORTE DE PARED EN L DISCOS 60\\\/80cm. TELEVES - Ledsolintel\",\"isPartOf\":{\"@id\":\"https:\\\/\\\/ledsolintel.com\\\/#website\"},\"primaryImageOfPage\":{\"@id\":\"https:\\\/\\\/ledsolintel.com\\\/product\\\/7393-soporte-de-pared-en-l-discos-60-80cm-televes\\\/#primaryimage\"},\"image\":{\"@id\":\"https:\\\/\\\/ledsolintel.com\\\/product\\\/7393-soporte-de-pared-en-l-discos-60-80cm-televes\\\/#primaryimage\"},\"thumbnailUrl\":\"https:\\\/\\\/ledsolintel.com\\\/wp-content\\\/uploads\\\/2024\\\/05\\\/24330-7393-SOPORTE-DE-PARED-EN-L-DISCOS-6080cm.-TELEVES.jpg\",\"datePublished\":\"2024-05-22T12:56:07+00:00\",\"breadcrumb\":{\"@id\":\"https:\\\/\\\/ledsolintel.com\\\/product\\\/7393-soporte-de-pared-en-l-discos-60-80cm-televes\\\/#breadcrumb\"},\"inLanguage\":\"fr-FR\",\"potentialAction\":[{\"@type\":\"ReadAction\",\"target\":[\"https:\\\/\\\/ledsolintel.com\\\/product\\\/7393-soporte-de-pared-en-l-discos-60-80cm-televes\\\/\"]}]},{\"@type\":\"ImageObject\",\"inLanguage\":\"fr-FR\",\"@id\":\"https:\\\/\\\/ledsolintel.com\\\/product\\\/7393-soporte-de-pared-en-l-discos-60-80cm-televes\\\/#primaryimage\",\"url\":\"https:\\\/\\\/ledsolintel.com\\\/wp-content\\\/uploads\\\/2024\\\/05\\\/24330-7393-SOPORTE-DE-PARED-EN-L-DISCOS-6080cm.-TELEVES.jpg\",\"contentUrl\":\"https:\\\/\\\/ledsolintel.com\\\/wp-content\\\/uploads\\\/2024\\\/05\\\/24330-7393-SOPORTE-DE-PARED-EN-L-DISCOS-6080cm.-TELEVES.jpg\",\"caption\":\"7393 SOPORTE DE PARED EN L DISCOS 60\\\/80cm. TELEVES\"},{\"@type\":\"BreadcrumbList\",\"@id\":\"https:\\\/\\\/ledsolintel.com\\\/product\\\/7393-soporte-de-pared-en-l-discos-60-80cm-televes\\\/#breadcrumb\",\"itemListElement\":[{\"@type\":\"ListItem\",\"position\":1,\"name\":\"Portada\",\"item\":\"https:\\\/\\\/ledsolintel.com\\\/fr\\\/\"},{\"@type\":\"ListItem\",\"position\":2,\"name\":\"Tienda\",\"item\":\"https:\\\/\\\/ledsolintel.com\\\/tienda\\\/\"},{\"@type\":\"ListItem\",\"position\":3,\"name\":\"7393 SOPORTE DE PARED EN L DISCOS 60\\\/80cm. TELEVES\"}]},{\"@type\":\"WebSite\",\"@id\":\"https:\\\/\\\/ledsolintel.com\\\/#website\",\"url\":\"https:\\\/\\\/ledsolintel.com\\\/\",\"name\":\"Webmenaje\",\"description\":\"Tienda de bombillas y l\u00e1mparas LED para profesionales\",\"publisher\":{\"@id\":\"https:\\\/\\\/ledsolintel.com\\\/#organization\"},\"potentialAction\":[{\"@type\":\"SearchAction\",\"target\":{\"@type\":\"EntryPoint\",\"urlTemplate\":\"https:\\\/\\\/ledsolintel.com\\\/?s={search_term_string}\"},\"query-input\":{\"@type\":\"PropertyValueSpecification\",\"valueRequired\":true,\"valueName\":\"search_term_string\"}}],\"inLanguage\":\"fr-FR\"},{\"@type\":\"Organization\",\"@id\":\"https:\\\/\\\/ledsolintel.com\\\/#organization\",\"name\":\"Solintel Noroeste, S.L.\",\"url\":\"https:\\\/\\\/ledsolintel.com\\\/\",\"logo\":{\"@type\":\"ImageObject\",\"inLanguage\":\"fr-FR\",\"@id\":\"https:\\\/\\\/ledsolintel.com\\\/#\\\/schema\\\/logo\\\/image\\\/\",\"url\":\"https:\\\/\\\/ledsolintel.com\\\/wp-content\\\/uploads\\\/2024\\\/11\\\/webmenaje-logo-1508269066.jpg\",\"contentUrl\":\"https:\\\/\\\/ledsolintel.com\\\/wp-content\\\/uploads\\\/2024\\\/11\\\/webmenaje-logo-1508269066.jpg\",\"width\":370,\"height\":90,\"caption\":\"Solintel Noroeste, S.L.\"},\"image\":{\"@id\":\"https:\\\/\\\/ledsolintel.com\\\/#\\\/schema\\\/logo\\\/image\\\/\"},\"sameAs\":[\"http:\\\/\\\/www.facebook.com\\\/webmenaje\",\"https:\\\/\\\/x.com\\\/webmenaje\",\"https:\\\/\\\/www.youtube.com\\\/channel\\\/UCX2KoVoeCG4LocZjUc6LmSQ\",\"http:\\\/\\\/www.pinterest.com\\\/webmenaje\"]}]}<\/script>\n<!-- \/ Yoast SEO plugin. -->","yoast_head_json":{"title":"7393 SUPPORT MURAL EN L DISCOS 60\/80cm. T\u00c9L\u00c9VISIONS - Ledsolintel","robots":{"index":"index","follow":"follow","max-snippet":"max-snippet:-1","max-image-preview":"max-image-preview:large","max-video-preview":"max-video-preview:-1"},"canonical":"https:\/\/ledsolintel.com\/fr\/produit-2\/7393-support-mural-l-discs-60-80cm-televes\/","og_locale":"fr_FR","og_type":"article","og_title":"7393 SOPORTE DE PARED EN L DISCOS 60\/80cm. TELEVES - Ledsolintel","og_description":"Para instalaci\u00f3n de antenas en pared (atornillable), con una separaci\u00f3n de 284mm. El tubo tiene \u00d8 35mm y 1,5mm de espesor. Fabricado en acero y de gran resistencia a la corrosi\u00f3n, gracias a su tratamiento dual de galvanizado y sellado reactivo (RPR).","og_url":"https:\/\/ledsolintel.com\/fr\/produit-2\/7393-support-mural-l-discs-60-80cm-televes\/","og_site_name":"Ledsolintel","article_publisher":"http:\/\/www.facebook.com\/webmenaje","og_image":[{"url":"https:\/\/ledsolintel.com\/wp-content\/uploads\/2024\/05\/24330-7393-SOPORTE-DE-PARED-EN-L-DISCOS-6080cm.-TELEVES.jpg","width":1,"height":1,"type":"image\/jpeg"}],"twitter_card":"summary_large_image","twitter_site":"@webmenaje","schema":{"@context":"https:\/\/schema.org","@graph":[{"@type":"WebPage","@id":"https:\/\/ledsolintel.com\/product\/7393-soporte-de-pared-en-l-discos-60-80cm-televes\/","url":"https:\/\/ledsolintel.com\/product\/7393-soporte-de-pared-en-l-discos-60-80cm-televes\/","name":"7393 SUPPORT MURAL EN L DISCOS 60\/80cm. T\u00c9L\u00c9VISIONS - Ledsolintel","isPartOf":{"@id":"https:\/\/ledsolintel.com\/#website"},"primaryImageOfPage":{"@id":"https:\/\/ledsolintel.com\/product\/7393-soporte-de-pared-en-l-discos-60-80cm-televes\/#primaryimage"},"image":{"@id":"https:\/\/ledsolintel.com\/product\/7393-soporte-de-pared-en-l-discos-60-80cm-televes\/#primaryimage"},"thumbnailUrl":"https:\/\/ledsolintel.com\/wp-content\/uploads\/2024\/05\/24330-7393-SOPORTE-DE-PARED-EN-L-DISCOS-6080cm.-TELEVES.jpg","datePublished":"2024-05-22T12:56:07+00:00","breadcrumb":{"@id":"https:\/\/ledsolintel.com\/product\/7393-soporte-de-pared-en-l-discos-60-80cm-televes\/#breadcrumb"},"inLanguage":"fr-FR","potentialAction":[{"@type":"ReadAction","target":["https:\/\/ledsolintel.com\/product\/7393-soporte-de-pared-en-l-discos-60-80cm-televes\/"]}]},{"@type":"ImageObject","inLanguage":"fr-FR","@id":"https:\/\/ledsolintel.com\/product\/7393-soporte-de-pared-en-l-discos-60-80cm-televes\/#primaryimage","url":"https:\/\/ledsolintel.com\/wp-content\/uploads\/2024\/05\/24330-7393-SOPORTE-DE-PARED-EN-L-DISCOS-6080cm.-TELEVES.jpg","contentUrl":"https:\/\/ledsolintel.com\/wp-content\/uploads\/2024\/05\/24330-7393-SOPORTE-DE-PARED-EN-L-DISCOS-6080cm.-TELEVES.jpg","caption":"7393 SOPORTE DE PARED EN L DISCOS 60\/80cm. TELEVES"},{"@type":"BreadcrumbList","@id":"https:\/\/ledsolintel.com\/product\/7393-soporte-de-pared-en-l-discos-60-80cm-televes\/#breadcrumb","itemListElement":[{"@type":"ListItem","position":1,"name":"Portada","item":"https:\/\/ledsolintel.com\/fr\/"},{"@type":"ListItem","position":2,"name":"Tienda","item":"https:\/\/ledsolintel.com\/tienda\/"},{"@type":"ListItem","position":3,"name":"7393 SOPORTE DE PARED EN L DISCOS 60\/80cm. TELEVES"}]},{"@type":"WebSite","@id":"https:\/\/ledsolintel.com\/#website","url":"https:\/\/ledsolintel.com\/","name":"Webmenaje","description":"Magasin d'ampoules et de lampes LED pour les professionnels","publisher":{"@id":"https:\/\/ledsolintel.com\/#organization"},"potentialAction":[{"@type":"SearchAction","target":{"@type":"EntryPoint","urlTemplate":"https:\/\/ledsolintel.com\/?s={search_term_string}"},"query-input":{"@type":"PropertyValueSpecification","valueRequired":true,"valueName":"search_term_string"}}],"inLanguage":"fr-FR"},{"@type":"Organization","@id":"https:\/\/ledsolintel.com\/#organization","name":"Solintel Noroeste, S.L.","url":"https:\/\/ledsolintel.com\/","logo":{"@type":"ImageObject","inLanguage":"fr-FR","@id":"https:\/\/ledsolintel.com\/#\/schema\/logo\/image\/","url":"https:\/\/ledsolintel.com\/wp-content\/uploads\/2024\/11\/webmenaje-logo-1508269066.jpg","contentUrl":"https:\/\/ledsolintel.com\/wp-content\/uploads\/2024\/11\/webmenaje-logo-1508269066.jpg","width":370,"height":90,"caption":"Solintel Noroeste, S.L."},"image":{"@id":"https:\/\/ledsolintel.com\/#\/schema\/logo\/image\/"},"sameAs":["http:\/\/www.facebook.com\/webmenaje","https:\/\/x.com\/webmenaje","https:\/\/www.youtube.com\/channel\/UCX2KoVoeCG4LocZjUc6LmSQ","http:\/\/www.pinterest.com\/webmenaje"]}]}},"_links":{"self":[{"href":"https:\/\/ledsolintel.com\/fr\/wp-json\/wp\/v2\/product\/249865","targetHints":{"allow":["GET"]}}],"collection":[{"href":"https:\/\/ledsolintel.com\/fr\/wp-json\/wp\/v2\/product"}],"about":[{"href":"https:\/\/ledsolintel.com\/fr\/wp-json\/wp\/v2\/types\/product"}],"version-history":[{"count":0,"href":"https:\/\/ledsolintel.com\/fr\/wp-json\/wp\/v2\/product\/249865\/revisions"}],"wp:featuredmedia":[{"embeddable":true,"href":"https:\/\/ledsolintel.com\/fr\/wp-json\/wp\/v2\/media\/249863"}],"wp:attachment":[{"href":"https:\/\/ledsolintel.com\/fr\/wp-json\/wp\/v2\/media?parent=249865"}],"wp:term":[{"taxonomy":"product_brand","embeddable":true,"href":"https:\/\/ledsolintel.com\/fr\/wp-json\/wp\/v2\/product_brand?post=249865"},{"taxonomy":"product_cat","embeddable":true,"href":"https:\/\/ledsolintel.com\/fr\/wp-json\/wp\/v2\/product_cat?post=249865"},{"taxonomy":"product_tag","embeddable":true,"href":"https:\/\/ledsolintel.com\/fr\/wp-json\/wp\/v2\/product_tag?post=249865"}],"curies":[{"name":"wp","href":"https:\/\/api.w.org\/{rel}","templated":true}]}}