{"id":249746,"date":"2024-05-22T14:56:07","date_gmt":"2024-05-22T12:56:07","guid":{"rendered":"https:\/\/nueva.ledsolintel.com\/product\/woj14336-lampara-esferica-led-mate-cristal-4w-e14-4000k-spectrum\/"},"modified":"2024-05-22T14:56:07","modified_gmt":"2024-05-22T12:56:07","slug":"woj14336-lampe-led-spherique-verre-mat-4w-e14-4000k-spectre","status":"publish","type":"product","link":"https:\/\/ledsolintel.com\/fr\/produit-2\/woj14336-lampe-led-spherique-verre-mat-4w-e14-4000k-spectre\/","title":{"rendered":"WOJ+14336 LAMPE LED SPH\u00c9RIQUE VERRE MAT 4W E14 4000K SPECTRE"},"content":{"rendered":"<p>La LED Spectrum COB a une efficacit\u00e9 et une durabilit\u00e9 \u00e9lev\u00e9es combin\u00e9es \u00e0 un aspect \u00e9l\u00e9gant, rappelant les ampoules \u00e0 incandescence classiques. Elle est parfaite pour tout type de lampe avec une ampoule apparente, comme les lampes suspendues, les lampes, les lampes, les lampes, les lampes et les luminaires.<\/p>","protected":false},"excerpt":{"rendered":"<p>La LED Spectrum COB a une efficacit\u00e9 et une durabilit\u00e9 \u00e9lev\u00e9es combin\u00e9es \u00e0 un aspect \u00e9l\u00e9gant, rappelant les ampoules \u00e0 incandescence classiques. Elle est parfaite pour tout type de lampe avec une ampoule apparente, comme les lampes suspendues, les lampes, les lampes, les lampes, les lampes et les luminaires.<\/p>","protected":false},"featured_media":249744,"template":"","meta":[],"product_brand":[99401],"product_cat":[99601],"product_tag":[],"class_list":{"0":"post-249746","1":"product","2":"type-product","3":"status-publish","4":"has-post-thumbnail","6":"product_brand-spectrum","7":"product_cat-gyemo","10":"outofstock","11":"taxable","12":"shipping-taxable","13":"purchasable","14":"product-type-simple"},"yoast_head":"<!-- This site is optimized with the Yoast SEO plugin v26.6 - https:\/\/yoast.com\/wordpress\/plugins\/seo\/ -->\n<title>WOJ+14336 LAMPARA ESFERICA LED MATE CRISTAL 4W E14 4000K SPECTRUM - Ledsolintel<\/title>\n<meta name=\"robots\" content=\"index, follow, max-snippet:-1, max-image-preview:large, max-video-preview:-1\" \/>\n<link rel=\"canonical\" href=\"https:\/\/ledsolintel.com\/fr\/produit-2\/woj14336-lampe-led-spherique-verre-mat-4w-e14-4000k-spectre\/\" \/>\n<meta property=\"og:locale\" content=\"fr_FR\" \/>\n<meta property=\"og:type\" content=\"article\" \/>\n<meta property=\"og:title\" content=\"WOJ+14336 LAMPARA ESFERICA LED MATE CRISTAL 4W E14 4000K SPECTRUM - Ledsolintel\" \/>\n<meta property=\"og:description\" content=\"El Led COB de Spectrum posee una alta eficiencia y una gran durabilidad combinadas con un aspecto elegante, que recuerda a las cl\u00e1sicas bombillas de incandescencia. Es perfecta para cualquier tipo de l\u00e1mpara con bombilla vista, como l\u00e1mparas colgantes, l\u00e1\" \/>\n<meta property=\"og:url\" content=\"https:\/\/ledsolintel.com\/fr\/produit-2\/woj14336-lampe-led-spherique-verre-mat-4w-e14-4000k-spectre\/\" \/>\n<meta property=\"og:site_name\" content=\"Ledsolintel\" \/>\n<meta property=\"article:publisher\" content=\"http:\/\/www.facebook.com\/webmenaje\" \/>\n<meta property=\"og:image\" content=\"https:\/\/ledsolintel.com\/wp-content\/uploads\/2024\/05\/24250-WOJ14336-LAMPARA-ESFERICA-LED-MATE-CRISTAL-4W-E14-4000K-SPECTRUM.jpg\" \/>\n\t<meta property=\"og:image:width\" content=\"1\" \/>\n\t<meta property=\"og:image:height\" content=\"1\" \/>\n\t<meta property=\"og:image:type\" content=\"image\/jpeg\" \/>\n<meta name=\"twitter:card\" content=\"summary_large_image\" \/>\n<meta name=\"twitter:site\" content=\"@webmenaje\" \/>\n<script type=\"application\/ld+json\" class=\"yoast-schema-graph\">{\"@context\":\"https:\/\/schema.org\",\"@graph\":[{\"@type\":\"WebPage\",\"@id\":\"https:\/\/ledsolintel.com\/product\/woj14336-lampara-esferica-led-mate-cristal-4w-e14-4000k-spectrum\/\",\"url\":\"https:\/\/ledsolintel.com\/product\/woj14336-lampara-esferica-led-mate-cristal-4w-e14-4000k-spectrum\/\",\"name\":\"WOJ+14336 LAMPARA ESFERICA LED MATE CRISTAL 4W E14 4000K SPECTRUM - Ledsolintel\",\"isPartOf\":{\"@id\":\"https:\/\/ledsolintel.com\/#website\"},\"primaryImageOfPage\":{\"@id\":\"https:\/\/ledsolintel.com\/product\/woj14336-lampara-esferica-led-mate-cristal-4w-e14-4000k-spectrum\/#primaryimage\"},\"image\":{\"@id\":\"https:\/\/ledsolintel.com\/product\/woj14336-lampara-esferica-led-mate-cristal-4w-e14-4000k-spectrum\/#primaryimage\"},\"thumbnailUrl\":\"https:\/\/ledsolintel.com\/wp-content\/uploads\/2024\/05\/24250-WOJ14336-LAMPARA-ESFERICA-LED-MATE-CRISTAL-4W-E14-4000K-SPECTRUM.jpg\",\"datePublished\":\"2024-05-22T12:56:07+00:00\",\"breadcrumb\":{\"@id\":\"https:\/\/ledsolintel.com\/product\/woj14336-lampara-esferica-led-mate-cristal-4w-e14-4000k-spectrum\/#breadcrumb\"},\"inLanguage\":\"fr-FR\",\"potentialAction\":[{\"@type\":\"ReadAction\",\"target\":[\"https:\/\/ledsolintel.com\/product\/woj14336-lampara-esferica-led-mate-cristal-4w-e14-4000k-spectrum\/\"]}]},{\"@type\":\"ImageObject\",\"inLanguage\":\"fr-FR\",\"@id\":\"https:\/\/ledsolintel.com\/product\/woj14336-lampara-esferica-led-mate-cristal-4w-e14-4000k-spectrum\/#primaryimage\",\"url\":\"https:\/\/ledsolintel.com\/wp-content\/uploads\/2024\/05\/24250-WOJ14336-LAMPARA-ESFERICA-LED-MATE-CRISTAL-4W-E14-4000K-SPECTRUM.jpg\",\"contentUrl\":\"https:\/\/ledsolintel.com\/wp-content\/uploads\/2024\/05\/24250-WOJ14336-LAMPARA-ESFERICA-LED-MATE-CRISTAL-4W-E14-4000K-SPECTRUM.jpg\",\"caption\":\"WOJ+14336 LAMPARA ESFERICA LED MATE CRISTAL 4W E14 4000K SPECTRUM\"},{\"@type\":\"BreadcrumbList\",\"@id\":\"https:\/\/ledsolintel.com\/product\/woj14336-lampara-esferica-led-mate-cristal-4w-e14-4000k-spectrum\/#breadcrumb\",\"itemListElement\":[{\"@type\":\"ListItem\",\"position\":1,\"name\":\"Portada\",\"item\":\"https:\/\/ledsolintel.com\/fr\/\"},{\"@type\":\"ListItem\",\"position\":2,\"name\":\"Tienda\",\"item\":\"https:\/\/ledsolintel.com\/tienda\/\"},{\"@type\":\"ListItem\",\"position\":3,\"name\":\"WOJ+14336 LAMPARA ESFERICA LED MATE CRISTAL 4W E14 4000K SPECTRUM\"}]},{\"@type\":\"WebSite\",\"@id\":\"https:\/\/ledsolintel.com\/#website\",\"url\":\"https:\/\/ledsolintel.com\/\",\"name\":\"Webmenaje\",\"description\":\"Tienda de bombillas y l\u00e1mparas LED para profesionales\",\"publisher\":{\"@id\":\"https:\/\/ledsolintel.com\/#organization\"},\"potentialAction\":[{\"@type\":\"SearchAction\",\"target\":{\"@type\":\"EntryPoint\",\"urlTemplate\":\"https:\/\/ledsolintel.com\/?s={search_term_string}\"},\"query-input\":{\"@type\":\"PropertyValueSpecification\",\"valueRequired\":true,\"valueName\":\"search_term_string\"}}],\"inLanguage\":\"fr-FR\"},{\"@type\":\"Organization\",\"@id\":\"https:\/\/ledsolintel.com\/#organization\",\"name\":\"Solintel Noroeste, S.L.\",\"url\":\"https:\/\/ledsolintel.com\/\",\"logo\":{\"@type\":\"ImageObject\",\"inLanguage\":\"fr-FR\",\"@id\":\"https:\/\/ledsolintel.com\/#\/schema\/logo\/image\/\",\"url\":\"https:\/\/ledsolintel.com\/wp-content\/uploads\/2024\/11\/webmenaje-logo-1508269066.jpg\",\"contentUrl\":\"https:\/\/ledsolintel.com\/wp-content\/uploads\/2024\/11\/webmenaje-logo-1508269066.jpg\",\"width\":370,\"height\":90,\"caption\":\"Solintel Noroeste, S.L.\"},\"image\":{\"@id\":\"https:\/\/ledsolintel.com\/#\/schema\/logo\/image\/\"},\"sameAs\":[\"http:\/\/www.facebook.com\/webmenaje\",\"https:\/\/x.com\/webmenaje\",\"https:\/\/www.youtube.com\/channel\/UCX2KoVoeCG4LocZjUc6LmSQ\",\"http:\/\/www.pinterest.com\/webmenaje\"]}]}<\/script>\n<!-- \/ Yoast SEO plugin. -->","yoast_head_json":{"title":"WOJ+14336 LED Sph\u00e9rique Verre Mat 4W E14 4000K SPECTRUM - Ledsolintel","robots":{"index":"index","follow":"follow","max-snippet":"max-snippet:-1","max-image-preview":"max-image-preview:large","max-video-preview":"max-video-preview:-1"},"canonical":"https:\/\/ledsolintel.com\/fr\/produit-2\/woj14336-lampe-led-spherique-verre-mat-4w-e14-4000k-spectre\/","og_locale":"fr_FR","og_type":"article","og_title":"WOJ+14336 LAMPARA ESFERICA LED MATE CRISTAL 4W E14 4000K SPECTRUM - Ledsolintel","og_description":"El Led COB de Spectrum posee una alta eficiencia y una gran durabilidad combinadas con un aspecto elegante, que recuerda a las cl\u00e1sicas bombillas de incandescencia. Es perfecta para cualquier tipo de l\u00e1mpara con bombilla vista, como l\u00e1mparas colgantes, l\u00e1","og_url":"https:\/\/ledsolintel.com\/fr\/produit-2\/woj14336-lampe-led-spherique-verre-mat-4w-e14-4000k-spectre\/","og_site_name":"Ledsolintel","article_publisher":"http:\/\/www.facebook.com\/webmenaje","og_image":[{"url":"https:\/\/ledsolintel.com\/wp-content\/uploads\/2024\/05\/24250-WOJ14336-LAMPARA-ESFERICA-LED-MATE-CRISTAL-4W-E14-4000K-SPECTRUM.jpg","width":1,"height":1,"type":"image\/jpeg"}],"twitter_card":"summary_large_image","twitter_site":"@webmenaje","schema":{"@context":"https:\/\/schema.org","@graph":[{"@type":"WebPage","@id":"https:\/\/ledsolintel.com\/product\/woj14336-lampara-esferica-led-mate-cristal-4w-e14-4000k-spectrum\/","url":"https:\/\/ledsolintel.com\/product\/woj14336-lampara-esferica-led-mate-cristal-4w-e14-4000k-spectrum\/","name":"WOJ+14336 LED Sph\u00e9rique Verre Mat 4W E14 4000K SPECTRUM - Ledsolintel","isPartOf":{"@id":"https:\/\/ledsolintel.com\/#website"},"primaryImageOfPage":{"@id":"https:\/\/ledsolintel.com\/product\/woj14336-lampara-esferica-led-mate-cristal-4w-e14-4000k-spectrum\/#primaryimage"},"image":{"@id":"https:\/\/ledsolintel.com\/product\/woj14336-lampara-esferica-led-mate-cristal-4w-e14-4000k-spectrum\/#primaryimage"},"thumbnailUrl":"https:\/\/ledsolintel.com\/wp-content\/uploads\/2024\/05\/24250-WOJ14336-LAMPARA-ESFERICA-LED-MATE-CRISTAL-4W-E14-4000K-SPECTRUM.jpg","datePublished":"2024-05-22T12:56:07+00:00","breadcrumb":{"@id":"https:\/\/ledsolintel.com\/product\/woj14336-lampara-esferica-led-mate-cristal-4w-e14-4000k-spectrum\/#breadcrumb"},"inLanguage":"fr-FR","potentialAction":[{"@type":"ReadAction","target":["https:\/\/ledsolintel.com\/product\/woj14336-lampara-esferica-led-mate-cristal-4w-e14-4000k-spectrum\/"]}]},{"@type":"ImageObject","inLanguage":"fr-FR","@id":"https:\/\/ledsolintel.com\/product\/woj14336-lampara-esferica-led-mate-cristal-4w-e14-4000k-spectrum\/#primaryimage","url":"https:\/\/ledsolintel.com\/wp-content\/uploads\/2024\/05\/24250-WOJ14336-LAMPARA-ESFERICA-LED-MATE-CRISTAL-4W-E14-4000K-SPECTRUM.jpg","contentUrl":"https:\/\/ledsolintel.com\/wp-content\/uploads\/2024\/05\/24250-WOJ14336-LAMPARA-ESFERICA-LED-MATE-CRISTAL-4W-E14-4000K-SPECTRUM.jpg","caption":"WOJ+14336 LAMPARA ESFERICA LED MATE CRISTAL 4W E14 4000K SPECTRUM"},{"@type":"BreadcrumbList","@id":"https:\/\/ledsolintel.com\/product\/woj14336-lampara-esferica-led-mate-cristal-4w-e14-4000k-spectrum\/#breadcrumb","itemListElement":[{"@type":"ListItem","position":1,"name":"Portada","item":"https:\/\/ledsolintel.com\/fr\/"},{"@type":"ListItem","position":2,"name":"Tienda","item":"https:\/\/ledsolintel.com\/tienda\/"},{"@type":"ListItem","position":3,"name":"WOJ+14336 LAMPARA ESFERICA LED MATE CRISTAL 4W E14 4000K SPECTRUM"}]},{"@type":"WebSite","@id":"https:\/\/ledsolintel.com\/#website","url":"https:\/\/ledsolintel.com\/","name":"Webmenaje","description":"Magasin d'ampoules et de lampes LED pour les professionnels","publisher":{"@id":"https:\/\/ledsolintel.com\/#organization"},"potentialAction":[{"@type":"SearchAction","target":{"@type":"EntryPoint","urlTemplate":"https:\/\/ledsolintel.com\/?s={search_term_string}"},"query-input":{"@type":"PropertyValueSpecification","valueRequired":true,"valueName":"search_term_string"}}],"inLanguage":"fr-FR"},{"@type":"Organization","@id":"https:\/\/ledsolintel.com\/#organization","name":"Solintel Noroeste, S.L.","url":"https:\/\/ledsolintel.com\/","logo":{"@type":"ImageObject","inLanguage":"fr-FR","@id":"https:\/\/ledsolintel.com\/#\/schema\/logo\/image\/","url":"https:\/\/ledsolintel.com\/wp-content\/uploads\/2024\/11\/webmenaje-logo-1508269066.jpg","contentUrl":"https:\/\/ledsolintel.com\/wp-content\/uploads\/2024\/11\/webmenaje-logo-1508269066.jpg","width":370,"height":90,"caption":"Solintel Noroeste, S.L."},"image":{"@id":"https:\/\/ledsolintel.com\/#\/schema\/logo\/image\/"},"sameAs":["http:\/\/www.facebook.com\/webmenaje","https:\/\/x.com\/webmenaje","https:\/\/www.youtube.com\/channel\/UCX2KoVoeCG4LocZjUc6LmSQ","http:\/\/www.pinterest.com\/webmenaje"]}]}},"_links":{"self":[{"href":"https:\/\/ledsolintel.com\/fr\/wp-json\/wp\/v2\/product\/249746","targetHints":{"allow":["GET"]}}],"collection":[{"href":"https:\/\/ledsolintel.com\/fr\/wp-json\/wp\/v2\/product"}],"about":[{"href":"https:\/\/ledsolintel.com\/fr\/wp-json\/wp\/v2\/types\/product"}],"version-history":[{"count":0,"href":"https:\/\/ledsolintel.com\/fr\/wp-json\/wp\/v2\/product\/249746\/revisions"}],"wp:featuredmedia":[{"embeddable":true,"href":"https:\/\/ledsolintel.com\/fr\/wp-json\/wp\/v2\/media\/249744"}],"wp:attachment":[{"href":"https:\/\/ledsolintel.com\/fr\/wp-json\/wp\/v2\/media?parent=249746"}],"wp:term":[{"taxonomy":"product_brand","embeddable":true,"href":"https:\/\/ledsolintel.com\/fr\/wp-json\/wp\/v2\/product_brand?post=249746"},{"taxonomy":"product_cat","embeddable":true,"href":"https:\/\/ledsolintel.com\/fr\/wp-json\/wp\/v2\/product_cat?post=249746"},{"taxonomy":"product_tag","embeddable":true,"href":"https:\/\/ledsolintel.com\/fr\/wp-json\/wp\/v2\/product_tag?post=249746"}],"curies":[{"name":"wp","href":"https:\/\/api.w.org\/{rel}","templated":true}]}}