{"id":249541,"date":"2024-05-22T14:56:07","date_gmt":"2024-05-22T12:56:07","guid":{"rendered":"https:\/\/nueva.ledsolintel.com\/product\/l7040hp4-lampara-led-industrial-70w-4000k-e27-incl-adapt-e40\/"},"modified":"2024-05-22T14:56:07","modified_gmt":"2024-05-22T12:56:07","slug":"l7040hp4-lampara-led-industrial-70w-4000k-e27-incl-adapt-e40","status":"publish","type":"product","link":"https:\/\/ledsolintel.com\/fr\/produit-2\/l7040hp4-lampara-led-industrial-70w-4000k-e27-incl-adapt-e40\/","title":{"rendered":"L7040HP4 LAMPE LED INDUSTRIELLE 70W 4000K E27 (INCL ADAPTATEUR E40)"},"content":{"rendered":"<p>Lampe LED haute puissance dot\u00e9e de la technologie SMD et d'une puce \u00e0 haute efficacit\u00e9. Con\u00e7ue pour r\u00e9sister \u00e0 des surtensions allant jusqu'\u00e0 6KV. La forme ellipso\u00efdale imite les lampes \u00e0 d\u00e9charge qu'elle remplace. Le ballast est s\u00e9par\u00e9 en deux parties pour cr\u00e9er un ballast unique.<\/p>","protected":false},"excerpt":{"rendered":"<p>Lampe LED haute puissance dot\u00e9e de la technologie SMD et d'une puce \u00e0 haute efficacit\u00e9. Con\u00e7ue pour r\u00e9sister \u00e0 des surtensions allant jusqu'\u00e0 6KV. La forme ellipso\u00efdale imite les lampes \u00e0 d\u00e9charge qu'elle remplace. Le ballast est s\u00e9par\u00e9 en deux parties pour cr\u00e9er un ballast unique.<\/p>","protected":false},"featured_media":249540,"template":"","meta":[],"product_brand":[99405],"product_cat":[99601],"product_tag":[],"class_list":{"0":"post-249541","1":"product","2":"type-product","3":"status-publish","4":"has-post-thumbnail","6":"product_brand-duralamp","7":"product_cat-gyemo","10":"instock","11":"taxable","12":"shipping-taxable","13":"purchasable","14":"product-type-simple"},"yoast_head":"<!-- This site is optimized with the Yoast SEO plugin v26.6 - https:\/\/yoast.com\/wordpress\/plugins\/seo\/ -->\n<title>L7040HP4 LAMPARA LED INDUSTRIAL 70W 4000K E27 (INCL ADAPT E40) - Ledsolintel<\/title>\n<meta name=\"robots\" content=\"index, follow, max-snippet:-1, max-image-preview:large, max-video-preview:-1\" \/>\n<link rel=\"canonical\" href=\"https:\/\/ledsolintel.com\/fr\/produit-2\/l7040hp4-lampara-led-industrial-70w-4000k-e27-incl-adapt-e40\/\" \/>\n<meta property=\"og:locale\" content=\"fr_FR\" \/>\n<meta property=\"og:type\" content=\"article\" \/>\n<meta property=\"og:title\" content=\"L7040HP4 LAMPARA LED INDUSTRIAL 70W 4000K E27 (INCL ADAPT E40) - Ledsolintel\" \/>\n<meta property=\"og:description\" content=\"L\u00e1mpara LED de alta potencia con tecnolog\u00eda SMD y chip de alta eficiencia. Dise\u00f1ado para soportar sobretensiones de hasta 6KV. La forma elipsoidal imita las l\u00e1mparas de descarga a las que sustituye. El balasto viene separado en dos partes para crear una a\" \/>\n<meta property=\"og:url\" content=\"https:\/\/ledsolintel.com\/fr\/produit-2\/l7040hp4-lampara-led-industrial-70w-4000k-e27-incl-adapt-e40\/\" \/>\n<meta property=\"og:site_name\" content=\"Ledsolintel\" \/>\n<meta property=\"article:publisher\" content=\"http:\/\/www.facebook.com\/webmenaje\" \/>\n<meta property=\"og:image\" content=\"https:\/\/ledsolintel.com\/wp-content\/uploads\/2024\/05\/24097-L7040HP4-LAMPARA-LED-INDUSTRIAL-70W-4000K-E27-INCL-ADAPT-E40.jpg\" \/>\n\t<meta property=\"og:image:width\" content=\"1\" \/>\n\t<meta property=\"og:image:height\" content=\"1\" \/>\n\t<meta property=\"og:image:type\" content=\"image\/jpeg\" \/>\n<meta name=\"twitter:card\" content=\"summary_large_image\" \/>\n<meta name=\"twitter:site\" content=\"@webmenaje\" \/>\n<script type=\"application\/ld+json\" class=\"yoast-schema-graph\">{\"@context\":\"https:\/\/schema.org\",\"@graph\":[{\"@type\":\"WebPage\",\"@id\":\"https:\/\/ledsolintel.com\/product\/l7040hp4-lampara-led-industrial-70w-4000k-e27-incl-adapt-e40\/\",\"url\":\"https:\/\/ledsolintel.com\/product\/l7040hp4-lampara-led-industrial-70w-4000k-e27-incl-adapt-e40\/\",\"name\":\"L7040HP4 LAMPARA LED INDUSTRIAL 70W 4000K E27 (INCL ADAPT E40) - Ledsolintel\",\"isPartOf\":{\"@id\":\"https:\/\/ledsolintel.com\/#website\"},\"primaryImageOfPage\":{\"@id\":\"https:\/\/ledsolintel.com\/product\/l7040hp4-lampara-led-industrial-70w-4000k-e27-incl-adapt-e40\/#primaryimage\"},\"image\":{\"@id\":\"https:\/\/ledsolintel.com\/product\/l7040hp4-lampara-led-industrial-70w-4000k-e27-incl-adapt-e40\/#primaryimage\"},\"thumbnailUrl\":\"https:\/\/ledsolintel.com\/wp-content\/uploads\/2024\/05\/24097-L7040HP4-LAMPARA-LED-INDUSTRIAL-70W-4000K-E27-INCL-ADAPT-E40.jpg\",\"datePublished\":\"2024-05-22T12:56:07+00:00\",\"breadcrumb\":{\"@id\":\"https:\/\/ledsolintel.com\/product\/l7040hp4-lampara-led-industrial-70w-4000k-e27-incl-adapt-e40\/#breadcrumb\"},\"inLanguage\":\"fr-FR\",\"potentialAction\":[{\"@type\":\"ReadAction\",\"target\":[\"https:\/\/ledsolintel.com\/product\/l7040hp4-lampara-led-industrial-70w-4000k-e27-incl-adapt-e40\/\"]}]},{\"@type\":\"ImageObject\",\"inLanguage\":\"fr-FR\",\"@id\":\"https:\/\/ledsolintel.com\/product\/l7040hp4-lampara-led-industrial-70w-4000k-e27-incl-adapt-e40\/#primaryimage\",\"url\":\"https:\/\/ledsolintel.com\/wp-content\/uploads\/2024\/05\/24097-L7040HP4-LAMPARA-LED-INDUSTRIAL-70W-4000K-E27-INCL-ADAPT-E40.jpg\",\"contentUrl\":\"https:\/\/ledsolintel.com\/wp-content\/uploads\/2024\/05\/24097-L7040HP4-LAMPARA-LED-INDUSTRIAL-70W-4000K-E27-INCL-ADAPT-E40.jpg\",\"caption\":\"L7040HP4 LAMPARA LED INDUSTRIAL 70W 4000K E27 (INCL ADAPT E40)\"},{\"@type\":\"BreadcrumbList\",\"@id\":\"https:\/\/ledsolintel.com\/product\/l7040hp4-lampara-led-industrial-70w-4000k-e27-incl-adapt-e40\/#breadcrumb\",\"itemListElement\":[{\"@type\":\"ListItem\",\"position\":1,\"name\":\"Portada\",\"item\":\"https:\/\/ledsolintel.com\/fr\/\"},{\"@type\":\"ListItem\",\"position\":2,\"name\":\"Tienda\",\"item\":\"https:\/\/ledsolintel.com\/tienda\/\"},{\"@type\":\"ListItem\",\"position\":3,\"name\":\"L7040HP4 LAMPARA LED INDUSTRIAL 70W 4000K E27 (INCL ADAPT E40)\"}]},{\"@type\":\"WebSite\",\"@id\":\"https:\/\/ledsolintel.com\/#website\",\"url\":\"https:\/\/ledsolintel.com\/\",\"name\":\"Webmenaje\",\"description\":\"Tienda de bombillas y l\u00e1mparas LED para profesionales\",\"publisher\":{\"@id\":\"https:\/\/ledsolintel.com\/#organization\"},\"potentialAction\":[{\"@type\":\"SearchAction\",\"target\":{\"@type\":\"EntryPoint\",\"urlTemplate\":\"https:\/\/ledsolintel.com\/?s={search_term_string}\"},\"query-input\":{\"@type\":\"PropertyValueSpecification\",\"valueRequired\":true,\"valueName\":\"search_term_string\"}}],\"inLanguage\":\"fr-FR\"},{\"@type\":\"Organization\",\"@id\":\"https:\/\/ledsolintel.com\/#organization\",\"name\":\"Solintel Noroeste, S.L.\",\"url\":\"https:\/\/ledsolintel.com\/\",\"logo\":{\"@type\":\"ImageObject\",\"inLanguage\":\"fr-FR\",\"@id\":\"https:\/\/ledsolintel.com\/#\/schema\/logo\/image\/\",\"url\":\"https:\/\/ledsolintel.com\/wp-content\/uploads\/2024\/11\/webmenaje-logo-1508269066.jpg\",\"contentUrl\":\"https:\/\/ledsolintel.com\/wp-content\/uploads\/2024\/11\/webmenaje-logo-1508269066.jpg\",\"width\":370,\"height\":90,\"caption\":\"Solintel Noroeste, S.L.\"},\"image\":{\"@id\":\"https:\/\/ledsolintel.com\/#\/schema\/logo\/image\/\"},\"sameAs\":[\"http:\/\/www.facebook.com\/webmenaje\",\"https:\/\/x.com\/webmenaje\",\"https:\/\/www.youtube.com\/channel\/UCX2KoVoeCG4LocZjUc6LmSQ\",\"http:\/\/www.pinterest.com\/webmenaje\"]}]}<\/script>\n<!-- \/ Yoast SEO plugin. -->","yoast_head_json":{"title":"L7040HP4 LAMPARA LED INDUSTRIAL 70W 4000K E27 (INCL ADAPT E40) - Ledsolintel","robots":{"index":"index","follow":"follow","max-snippet":"max-snippet:-1","max-image-preview":"max-image-preview:large","max-video-preview":"max-video-preview:-1"},"canonical":"https:\/\/ledsolintel.com\/fr\/produit-2\/l7040hp4-lampara-led-industrial-70w-4000k-e27-incl-adapt-e40\/","og_locale":"fr_FR","og_type":"article","og_title":"L7040HP4 LAMPARA LED INDUSTRIAL 70W 4000K E27 (INCL ADAPT E40) - Ledsolintel","og_description":"L\u00e1mpara LED de alta potencia con tecnolog\u00eda SMD y chip de alta eficiencia. Dise\u00f1ado para soportar sobretensiones de hasta 6KV. La forma elipsoidal imita las l\u00e1mparas de descarga a las que sustituye. El balasto viene separado en dos partes para crear una a","og_url":"https:\/\/ledsolintel.com\/fr\/produit-2\/l7040hp4-lampara-led-industrial-70w-4000k-e27-incl-adapt-e40\/","og_site_name":"Ledsolintel","article_publisher":"http:\/\/www.facebook.com\/webmenaje","og_image":[{"url":"https:\/\/ledsolintel.com\/wp-content\/uploads\/2024\/05\/24097-L7040HP4-LAMPARA-LED-INDUSTRIAL-70W-4000K-E27-INCL-ADAPT-E40.jpg","width":1,"height":1,"type":"image\/jpeg"}],"twitter_card":"summary_large_image","twitter_site":"@webmenaje","schema":{"@context":"https:\/\/schema.org","@graph":[{"@type":"WebPage","@id":"https:\/\/ledsolintel.com\/product\/l7040hp4-lampara-led-industrial-70w-4000k-e27-incl-adapt-e40\/","url":"https:\/\/ledsolintel.com\/product\/l7040hp4-lampara-led-industrial-70w-4000k-e27-incl-adapt-e40\/","name":"L7040HP4 LAMPARA LED INDUSTRIAL 70W 4000K E27 (INCL ADAPT E40) - Ledsolintel","isPartOf":{"@id":"https:\/\/ledsolintel.com\/#website"},"primaryImageOfPage":{"@id":"https:\/\/ledsolintel.com\/product\/l7040hp4-lampara-led-industrial-70w-4000k-e27-incl-adapt-e40\/#primaryimage"},"image":{"@id":"https:\/\/ledsolintel.com\/product\/l7040hp4-lampara-led-industrial-70w-4000k-e27-incl-adapt-e40\/#primaryimage"},"thumbnailUrl":"https:\/\/ledsolintel.com\/wp-content\/uploads\/2024\/05\/24097-L7040HP4-LAMPARA-LED-INDUSTRIAL-70W-4000K-E27-INCL-ADAPT-E40.jpg","datePublished":"2024-05-22T12:56:07+00:00","breadcrumb":{"@id":"https:\/\/ledsolintel.com\/product\/l7040hp4-lampara-led-industrial-70w-4000k-e27-incl-adapt-e40\/#breadcrumb"},"inLanguage":"fr-FR","potentialAction":[{"@type":"ReadAction","target":["https:\/\/ledsolintel.com\/product\/l7040hp4-lampara-led-industrial-70w-4000k-e27-incl-adapt-e40\/"]}]},{"@type":"ImageObject","inLanguage":"fr-FR","@id":"https:\/\/ledsolintel.com\/product\/l7040hp4-lampara-led-industrial-70w-4000k-e27-incl-adapt-e40\/#primaryimage","url":"https:\/\/ledsolintel.com\/wp-content\/uploads\/2024\/05\/24097-L7040HP4-LAMPARA-LED-INDUSTRIAL-70W-4000K-E27-INCL-ADAPT-E40.jpg","contentUrl":"https:\/\/ledsolintel.com\/wp-content\/uploads\/2024\/05\/24097-L7040HP4-LAMPARA-LED-INDUSTRIAL-70W-4000K-E27-INCL-ADAPT-E40.jpg","caption":"L7040HP4 LAMPARA LED INDUSTRIAL 70W 4000K E27 (INCL ADAPT E40)"},{"@type":"BreadcrumbList","@id":"https:\/\/ledsolintel.com\/product\/l7040hp4-lampara-led-industrial-70w-4000k-e27-incl-adapt-e40\/#breadcrumb","itemListElement":[{"@type":"ListItem","position":1,"name":"Portada","item":"https:\/\/ledsolintel.com\/fr\/"},{"@type":"ListItem","position":2,"name":"Tienda","item":"https:\/\/ledsolintel.com\/tienda\/"},{"@type":"ListItem","position":3,"name":"L7040HP4 LAMPARA LED INDUSTRIAL 70W 4000K E27 (INCL ADAPT E40)"}]},{"@type":"WebSite","@id":"https:\/\/ledsolintel.com\/#website","url":"https:\/\/ledsolintel.com\/","name":"Webmenaje","description":"Magasin d'ampoules et de lampes LED pour les professionnels","publisher":{"@id":"https:\/\/ledsolintel.com\/#organization"},"potentialAction":[{"@type":"SearchAction","target":{"@type":"EntryPoint","urlTemplate":"https:\/\/ledsolintel.com\/?s={search_term_string}"},"query-input":{"@type":"PropertyValueSpecification","valueRequired":true,"valueName":"search_term_string"}}],"inLanguage":"fr-FR"},{"@type":"Organization","@id":"https:\/\/ledsolintel.com\/#organization","name":"Solintel Noroeste, S.L.","url":"https:\/\/ledsolintel.com\/","logo":{"@type":"ImageObject","inLanguage":"fr-FR","@id":"https:\/\/ledsolintel.com\/#\/schema\/logo\/image\/","url":"https:\/\/ledsolintel.com\/wp-content\/uploads\/2024\/11\/webmenaje-logo-1508269066.jpg","contentUrl":"https:\/\/ledsolintel.com\/wp-content\/uploads\/2024\/11\/webmenaje-logo-1508269066.jpg","width":370,"height":90,"caption":"Solintel Noroeste, S.L."},"image":{"@id":"https:\/\/ledsolintel.com\/#\/schema\/logo\/image\/"},"sameAs":["http:\/\/www.facebook.com\/webmenaje","https:\/\/x.com\/webmenaje","https:\/\/www.youtube.com\/channel\/UCX2KoVoeCG4LocZjUc6LmSQ","http:\/\/www.pinterest.com\/webmenaje"]}]}},"_links":{"self":[{"href":"https:\/\/ledsolintel.com\/fr\/wp-json\/wp\/v2\/product\/249541","targetHints":{"allow":["GET"]}}],"collection":[{"href":"https:\/\/ledsolintel.com\/fr\/wp-json\/wp\/v2\/product"}],"about":[{"href":"https:\/\/ledsolintel.com\/fr\/wp-json\/wp\/v2\/types\/product"}],"version-history":[{"count":0,"href":"https:\/\/ledsolintel.com\/fr\/wp-json\/wp\/v2\/product\/249541\/revisions"}],"wp:featuredmedia":[{"embeddable":true,"href":"https:\/\/ledsolintel.com\/fr\/wp-json\/wp\/v2\/media\/249540"}],"wp:attachment":[{"href":"https:\/\/ledsolintel.com\/fr\/wp-json\/wp\/v2\/media?parent=249541"}],"wp:term":[{"taxonomy":"product_brand","embeddable":true,"href":"https:\/\/ledsolintel.com\/fr\/wp-json\/wp\/v2\/product_brand?post=249541"},{"taxonomy":"product_cat","embeddable":true,"href":"https:\/\/ledsolintel.com\/fr\/wp-json\/wp\/v2\/product_cat?post=249541"},{"taxonomy":"product_tag","embeddable":true,"href":"https:\/\/ledsolintel.com\/fr\/wp-json\/wp\/v2\/product_tag?post=249541"}],"curies":[{"name":"wp","href":"https:\/\/api.w.org\/{rel}","templated":true}]}}