{"id":249529,"date":"2024-05-22T14:56:07","date_gmt":"2024-05-22T12:56:07","guid":{"rendered":"https:\/\/nueva.ledsolintel.com\/product\/l3064hp5-lampara-led-alta-potencia-24w-e27-6400k-duralamp\/"},"modified":"2024-05-22T14:56:07","modified_gmt":"2024-05-22T12:56:07","slug":"l3064hp5-lampe-led-haute-puissance-24w-e27-6400k-duralamp","status":"publish","type":"product","link":"https:\/\/ledsolintel.com\/fr\/produit-2\/l3064hp5-lampe-led-haute-puissance-24w-e27-6400k-duralamp\/","title":{"rendered":"L3064HP5 LAMPE LED HAUTE PUISSANCE 24W E27 6400K DURALAMP"},"content":{"rendered":"<p>Corps compact au design agr\u00e9able, rendement lumineux extr\u00eamement \u00e9lev\u00e9. Rendu des couleurs et qualit\u00e9 de lumi\u00e8re optimaux. \u00c0 parit\u00e9 de lumen, une pi\u00e8ce est beaucoup plus agr\u00e9able lorsqu'elle est \u00e9clair\u00e9e par ces lampes que par les lampes fluocompactes, gr\u00e2ce aux caract\u00e9ristiques suivantes<\/p>","protected":false},"excerpt":{"rendered":"<p>Corps compact au design agr\u00e9able, rendement lumineux extr\u00eamement \u00e9lev\u00e9. Rendu des couleurs et qualit\u00e9 de lumi\u00e8re optimaux. \u00c0 parit\u00e9 de lumen, une pi\u00e8ce est beaucoup plus agr\u00e9able lorsqu'elle est \u00e9clair\u00e9e par ces lampes que par les lampes fluocompactes, gr\u00e2ce aux caract\u00e9ristiques suivantes<\/p>","protected":false},"featured_media":249528,"template":"","meta":[],"product_brand":[99405],"product_cat":[99601],"product_tag":[],"class_list":{"0":"post-249529","1":"product","2":"type-product","3":"status-publish","4":"has-post-thumbnail","6":"product_brand-duralamp","7":"product_cat-gyemo","10":"instock","11":"taxable","12":"shipping-taxable","13":"purchasable","14":"product-type-simple"},"yoast_head":"<!-- This site is optimized with the Yoast SEO plugin v26.6 - https:\/\/yoast.com\/wordpress\/plugins\/seo\/ -->\n<title>L3064HP5 LAMPARA LED ALTA POTENCIA 24W E27 6400K DURALAMP - Ledsolintel<\/title>\n<meta name=\"robots\" content=\"index, follow, max-snippet:-1, max-image-preview:large, max-video-preview:-1\" \/>\n<link rel=\"canonical\" href=\"https:\/\/ledsolintel.com\/fr\/produit-2\/l3064hp5-lampe-led-haute-puissance-24w-e27-6400k-duralamp\/\" \/>\n<meta property=\"og:locale\" content=\"fr_FR\" \/>\n<meta property=\"og:type\" content=\"article\" \/>\n<meta property=\"og:title\" content=\"L3064HP5 LAMPARA LED ALTA POTENCIA 24W E27 6400K DURALAMP - Ledsolintel\" \/>\n<meta property=\"og:description\" content=\"Cuerpo compacto de dise\u00f1o agradable, emisi\u00f3n luminosa extremadamente alta. \u00d3ptimo resultado de color y calidad de luz. A paridad de l\u00famenes, un ambiente resulta mucho m\u00e1s agradable cuando est\u00e1 iluminado por estas l\u00e1mparas respecto a las CFL, gracias a la\" \/>\n<meta property=\"og:url\" content=\"https:\/\/ledsolintel.com\/fr\/produit-2\/l3064hp5-lampe-led-haute-puissance-24w-e27-6400k-duralamp\/\" \/>\n<meta property=\"og:site_name\" content=\"Ledsolintel\" \/>\n<meta property=\"article:publisher\" content=\"http:\/\/www.facebook.com\/webmenaje\" \/>\n<meta property=\"og:image\" content=\"https:\/\/ledsolintel.com\/wp-content\/uploads\/2024\/05\/24090-L3064HP5-LAMPARA-LED-ALTA-POTENCIA-24W-E27-6400K-DURALAMP.jpg\" \/>\n\t<meta property=\"og:image:width\" content=\"1\" \/>\n\t<meta property=\"og:image:height\" content=\"1\" \/>\n\t<meta property=\"og:image:type\" content=\"image\/jpeg\" \/>\n<meta name=\"twitter:card\" content=\"summary_large_image\" \/>\n<meta name=\"twitter:site\" content=\"@webmenaje\" \/>\n<script type=\"application\/ld+json\" class=\"yoast-schema-graph\">{\"@context\":\"https:\/\/schema.org\",\"@graph\":[{\"@type\":\"WebPage\",\"@id\":\"https:\/\/ledsolintel.com\/product\/l3064hp5-lampara-led-alta-potencia-24w-e27-6400k-duralamp\/\",\"url\":\"https:\/\/ledsolintel.com\/product\/l3064hp5-lampara-led-alta-potencia-24w-e27-6400k-duralamp\/\",\"name\":\"L3064HP5 LAMPARA LED ALTA POTENCIA 24W E27 6400K DURALAMP - Ledsolintel\",\"isPartOf\":{\"@id\":\"https:\/\/ledsolintel.com\/#website\"},\"primaryImageOfPage\":{\"@id\":\"https:\/\/ledsolintel.com\/product\/l3064hp5-lampara-led-alta-potencia-24w-e27-6400k-duralamp\/#primaryimage\"},\"image\":{\"@id\":\"https:\/\/ledsolintel.com\/product\/l3064hp5-lampara-led-alta-potencia-24w-e27-6400k-duralamp\/#primaryimage\"},\"thumbnailUrl\":\"https:\/\/ledsolintel.com\/wp-content\/uploads\/2024\/05\/24090-L3064HP5-LAMPARA-LED-ALTA-POTENCIA-24W-E27-6400K-DURALAMP.jpg\",\"datePublished\":\"2024-05-22T12:56:07+00:00\",\"breadcrumb\":{\"@id\":\"https:\/\/ledsolintel.com\/product\/l3064hp5-lampara-led-alta-potencia-24w-e27-6400k-duralamp\/#breadcrumb\"},\"inLanguage\":\"fr-FR\",\"potentialAction\":[{\"@type\":\"ReadAction\",\"target\":[\"https:\/\/ledsolintel.com\/product\/l3064hp5-lampara-led-alta-potencia-24w-e27-6400k-duralamp\/\"]}]},{\"@type\":\"ImageObject\",\"inLanguage\":\"fr-FR\",\"@id\":\"https:\/\/ledsolintel.com\/product\/l3064hp5-lampara-led-alta-potencia-24w-e27-6400k-duralamp\/#primaryimage\",\"url\":\"https:\/\/ledsolintel.com\/wp-content\/uploads\/2024\/05\/24090-L3064HP5-LAMPARA-LED-ALTA-POTENCIA-24W-E27-6400K-DURALAMP.jpg\",\"contentUrl\":\"https:\/\/ledsolintel.com\/wp-content\/uploads\/2024\/05\/24090-L3064HP5-LAMPARA-LED-ALTA-POTENCIA-24W-E27-6400K-DURALAMP.jpg\",\"caption\":\"L3064HP5 LAMPARA LED ALTA POTENCIA 24W E27 6400K DURALAMP\"},{\"@type\":\"BreadcrumbList\",\"@id\":\"https:\/\/ledsolintel.com\/product\/l3064hp5-lampara-led-alta-potencia-24w-e27-6400k-duralamp\/#breadcrumb\",\"itemListElement\":[{\"@type\":\"ListItem\",\"position\":1,\"name\":\"Portada\",\"item\":\"https:\/\/ledsolintel.com\/fr\/\"},{\"@type\":\"ListItem\",\"position\":2,\"name\":\"Tienda\",\"item\":\"https:\/\/ledsolintel.com\/tienda\/\"},{\"@type\":\"ListItem\",\"position\":3,\"name\":\"L3064HP5 LAMPARA LED ALTA POTENCIA 24W E27 6400K DURALAMP\"}]},{\"@type\":\"WebSite\",\"@id\":\"https:\/\/ledsolintel.com\/#website\",\"url\":\"https:\/\/ledsolintel.com\/\",\"name\":\"Webmenaje\",\"description\":\"Tienda de bombillas y l\u00e1mparas LED para profesionales\",\"publisher\":{\"@id\":\"https:\/\/ledsolintel.com\/#organization\"},\"potentialAction\":[{\"@type\":\"SearchAction\",\"target\":{\"@type\":\"EntryPoint\",\"urlTemplate\":\"https:\/\/ledsolintel.com\/?s={search_term_string}\"},\"query-input\":{\"@type\":\"PropertyValueSpecification\",\"valueRequired\":true,\"valueName\":\"search_term_string\"}}],\"inLanguage\":\"fr-FR\"},{\"@type\":\"Organization\",\"@id\":\"https:\/\/ledsolintel.com\/#organization\",\"name\":\"Solintel Noroeste, S.L.\",\"url\":\"https:\/\/ledsolintel.com\/\",\"logo\":{\"@type\":\"ImageObject\",\"inLanguage\":\"fr-FR\",\"@id\":\"https:\/\/ledsolintel.com\/#\/schema\/logo\/image\/\",\"url\":\"https:\/\/ledsolintel.com\/wp-content\/uploads\/2024\/11\/webmenaje-logo-1508269066.jpg\",\"contentUrl\":\"https:\/\/ledsolintel.com\/wp-content\/uploads\/2024\/11\/webmenaje-logo-1508269066.jpg\",\"width\":370,\"height\":90,\"caption\":\"Solintel Noroeste, S.L.\"},\"image\":{\"@id\":\"https:\/\/ledsolintel.com\/#\/schema\/logo\/image\/\"},\"sameAs\":[\"http:\/\/www.facebook.com\/webmenaje\",\"https:\/\/x.com\/webmenaje\",\"https:\/\/www.youtube.com\/channel\/UCX2KoVoeCG4LocZjUc6LmSQ\",\"http:\/\/www.pinterest.com\/webmenaje\"]}]}<\/script>\n<!-- \/ Yoast SEO plugin. -->","yoast_head_json":{"title":"L3064HP5 LAMPE LED DE HAUTE PUISSANCE 24W E27 6400K DURALAMP - Ledsolintel","robots":{"index":"index","follow":"follow","max-snippet":"max-snippet:-1","max-image-preview":"max-image-preview:large","max-video-preview":"max-video-preview:-1"},"canonical":"https:\/\/ledsolintel.com\/fr\/produit-2\/l3064hp5-lampe-led-haute-puissance-24w-e27-6400k-duralamp\/","og_locale":"fr_FR","og_type":"article","og_title":"L3064HP5 LAMPARA LED ALTA POTENCIA 24W E27 6400K DURALAMP - Ledsolintel","og_description":"Cuerpo compacto de dise\u00f1o agradable, emisi\u00f3n luminosa extremadamente alta. \u00d3ptimo resultado de color y calidad de luz. A paridad de l\u00famenes, un ambiente resulta mucho m\u00e1s agradable cuando est\u00e1 iluminado por estas l\u00e1mparas respecto a las CFL, gracias a la","og_url":"https:\/\/ledsolintel.com\/fr\/produit-2\/l3064hp5-lampe-led-haute-puissance-24w-e27-6400k-duralamp\/","og_site_name":"Ledsolintel","article_publisher":"http:\/\/www.facebook.com\/webmenaje","og_image":[{"url":"https:\/\/ledsolintel.com\/wp-content\/uploads\/2024\/05\/24090-L3064HP5-LAMPARA-LED-ALTA-POTENCIA-24W-E27-6400K-DURALAMP.jpg","width":1,"height":1,"type":"image\/jpeg"}],"twitter_card":"summary_large_image","twitter_site":"@webmenaje","schema":{"@context":"https:\/\/schema.org","@graph":[{"@type":"WebPage","@id":"https:\/\/ledsolintel.com\/product\/l3064hp5-lampara-led-alta-potencia-24w-e27-6400k-duralamp\/","url":"https:\/\/ledsolintel.com\/product\/l3064hp5-lampara-led-alta-potencia-24w-e27-6400k-duralamp\/","name":"L3064HP5 LAMPE LED DE HAUTE PUISSANCE 24W E27 6400K DURALAMP - Ledsolintel","isPartOf":{"@id":"https:\/\/ledsolintel.com\/#website"},"primaryImageOfPage":{"@id":"https:\/\/ledsolintel.com\/product\/l3064hp5-lampara-led-alta-potencia-24w-e27-6400k-duralamp\/#primaryimage"},"image":{"@id":"https:\/\/ledsolintel.com\/product\/l3064hp5-lampara-led-alta-potencia-24w-e27-6400k-duralamp\/#primaryimage"},"thumbnailUrl":"https:\/\/ledsolintel.com\/wp-content\/uploads\/2024\/05\/24090-L3064HP5-LAMPARA-LED-ALTA-POTENCIA-24W-E27-6400K-DURALAMP.jpg","datePublished":"2024-05-22T12:56:07+00:00","breadcrumb":{"@id":"https:\/\/ledsolintel.com\/product\/l3064hp5-lampara-led-alta-potencia-24w-e27-6400k-duralamp\/#breadcrumb"},"inLanguage":"fr-FR","potentialAction":[{"@type":"ReadAction","target":["https:\/\/ledsolintel.com\/product\/l3064hp5-lampara-led-alta-potencia-24w-e27-6400k-duralamp\/"]}]},{"@type":"ImageObject","inLanguage":"fr-FR","@id":"https:\/\/ledsolintel.com\/product\/l3064hp5-lampara-led-alta-potencia-24w-e27-6400k-duralamp\/#primaryimage","url":"https:\/\/ledsolintel.com\/wp-content\/uploads\/2024\/05\/24090-L3064HP5-LAMPARA-LED-ALTA-POTENCIA-24W-E27-6400K-DURALAMP.jpg","contentUrl":"https:\/\/ledsolintel.com\/wp-content\/uploads\/2024\/05\/24090-L3064HP5-LAMPARA-LED-ALTA-POTENCIA-24W-E27-6400K-DURALAMP.jpg","caption":"L3064HP5 LAMPARA LED ALTA POTENCIA 24W E27 6400K DURALAMP"},{"@type":"BreadcrumbList","@id":"https:\/\/ledsolintel.com\/product\/l3064hp5-lampara-led-alta-potencia-24w-e27-6400k-duralamp\/#breadcrumb","itemListElement":[{"@type":"ListItem","position":1,"name":"Portada","item":"https:\/\/ledsolintel.com\/fr\/"},{"@type":"ListItem","position":2,"name":"Tienda","item":"https:\/\/ledsolintel.com\/tienda\/"},{"@type":"ListItem","position":3,"name":"L3064HP5 LAMPARA LED ALTA POTENCIA 24W E27 6400K DURALAMP"}]},{"@type":"WebSite","@id":"https:\/\/ledsolintel.com\/#website","url":"https:\/\/ledsolintel.com\/","name":"Webmenaje","description":"Magasin d'ampoules et de lampes LED pour les professionnels","publisher":{"@id":"https:\/\/ledsolintel.com\/#organization"},"potentialAction":[{"@type":"SearchAction","target":{"@type":"EntryPoint","urlTemplate":"https:\/\/ledsolintel.com\/?s={search_term_string}"},"query-input":{"@type":"PropertyValueSpecification","valueRequired":true,"valueName":"search_term_string"}}],"inLanguage":"fr-FR"},{"@type":"Organization","@id":"https:\/\/ledsolintel.com\/#organization","name":"Solintel Noroeste, S.L.","url":"https:\/\/ledsolintel.com\/","logo":{"@type":"ImageObject","inLanguage":"fr-FR","@id":"https:\/\/ledsolintel.com\/#\/schema\/logo\/image\/","url":"https:\/\/ledsolintel.com\/wp-content\/uploads\/2024\/11\/webmenaje-logo-1508269066.jpg","contentUrl":"https:\/\/ledsolintel.com\/wp-content\/uploads\/2024\/11\/webmenaje-logo-1508269066.jpg","width":370,"height":90,"caption":"Solintel Noroeste, S.L."},"image":{"@id":"https:\/\/ledsolintel.com\/#\/schema\/logo\/image\/"},"sameAs":["http:\/\/www.facebook.com\/webmenaje","https:\/\/x.com\/webmenaje","https:\/\/www.youtube.com\/channel\/UCX2KoVoeCG4LocZjUc6LmSQ","http:\/\/www.pinterest.com\/webmenaje"]}]}},"_links":{"self":[{"href":"https:\/\/ledsolintel.com\/fr\/wp-json\/wp\/v2\/product\/249529","targetHints":{"allow":["GET"]}}],"collection":[{"href":"https:\/\/ledsolintel.com\/fr\/wp-json\/wp\/v2\/product"}],"about":[{"href":"https:\/\/ledsolintel.com\/fr\/wp-json\/wp\/v2\/types\/product"}],"version-history":[{"count":0,"href":"https:\/\/ledsolintel.com\/fr\/wp-json\/wp\/v2\/product\/249529\/revisions"}],"wp:featuredmedia":[{"embeddable":true,"href":"https:\/\/ledsolintel.com\/fr\/wp-json\/wp\/v2\/media\/249528"}],"wp:attachment":[{"href":"https:\/\/ledsolintel.com\/fr\/wp-json\/wp\/v2\/media?parent=249529"}],"wp:term":[{"taxonomy":"product_brand","embeddable":true,"href":"https:\/\/ledsolintel.com\/fr\/wp-json\/wp\/v2\/product_brand?post=249529"},{"taxonomy":"product_cat","embeddable":true,"href":"https:\/\/ledsolintel.com\/fr\/wp-json\/wp\/v2\/product_cat?post=249529"},{"taxonomy":"product_tag","embeddable":true,"href":"https:\/\/ledsolintel.com\/fr\/wp-json\/wp\/v2\/product_tag?post=249529"}],"curies":[{"name":"wp","href":"https:\/\/api.w.org\/{rel}","templated":true}]}}