{"id":249520,"date":"2024-05-22T14:56:07","date_gmt":"2024-05-22T12:56:07","guid":{"rendered":"https:\/\/nueva.ledsolintel.com\/product\/l9040hp2-lampara-led-industrial-e40-90w-4000k-duralamp\/"},"modified":"2024-05-22T14:56:07","modified_gmt":"2024-05-22T12:56:07","slug":"l9040hp2-lampara-led-industrial-e40-90w-4000k-duralamp","status":"publish","type":"product","link":"https:\/\/ledsolintel.com\/fr\/produit-2\/l9040hp2-lampara-led-industrial-e40-90w-4000k-duralamp\/","title":{"rendered":"L9040HP2 LAMPE LED INDUSTRIELLE E40 90W 4000K DURALAMP"},"content":{"rendered":"<p>Lampe LED haute puissance avec technologie SMD et puce \u00e0 haute efficacit\u00e9. Utilisation en ext\u00e9rieur dans des luminaires d\u00e9di\u00e9s. Corps et dissipateur en m\u00e9tal pour une gestion optimis\u00e9e de la chaleur, diffuseur opale pour une lumi\u00e8re douce et bien diffus\u00e9e. Pour le remplacement de<\/p>","protected":false},"excerpt":{"rendered":"<p>Lampe LED haute puissance avec technologie SMD et puce \u00e0 haute efficacit\u00e9. Utilisation en ext\u00e9rieur dans des luminaires d\u00e9di\u00e9s. Corps et dissipateur en m\u00e9tal pour une gestion optimis\u00e9e de la chaleur, diffuseur opale pour une lumi\u00e8re douce et bien diffus\u00e9e. Pour le remplacement de<\/p>","protected":false},"featured_media":249519,"template":"","meta":[],"product_brand":[99405],"product_cat":[99601],"product_tag":[],"class_list":{"0":"post-249520","1":"product","2":"type-product","3":"status-publish","4":"has-post-thumbnail","6":"product_brand-duralamp","7":"product_cat-gyemo","10":"instock","11":"taxable","12":"shipping-taxable","13":"purchasable","14":"product-type-simple"},"yoast_head":"<!-- This site is optimized with the Yoast SEO plugin v27.4 - https:\/\/yoast.com\/product\/yoast-seo-wordpress\/ -->\n<title>L9040HP2 LAMPARA LED INDUSTRIAL E40 90W 4000K DURALAMP - Ledsolintel<\/title>\n<meta name=\"robots\" content=\"index, follow, max-snippet:-1, max-image-preview:large, max-video-preview:-1\" \/>\n<link rel=\"canonical\" href=\"https:\/\/ledsolintel.com\/fr\/produit-2\/l9040hp2-lampara-led-industrial-e40-90w-4000k-duralamp\/\" \/>\n<meta property=\"og:locale\" content=\"fr_FR\" \/>\n<meta property=\"og:type\" content=\"article\" \/>\n<meta property=\"og:title\" content=\"L9040HP2 LAMPARA LED INDUSTRIAL E40 90W 4000K DURALAMP - Ledsolintel\" \/>\n<meta property=\"og:description\" content=\"L\u00e1mpara LED de alta potencia con tecnolog\u00eda SMD y chip de alta eficiencia. Uso exterior en luminarias dedicadas. Cuerpo y disipador met\u00e1lico para optimizar la administraci\u00f3n del calor, difusor opalino para una luz suave y bien difundida. Para reemplazo de\" \/>\n<meta property=\"og:url\" content=\"https:\/\/ledsolintel.com\/fr\/produit-2\/l9040hp2-lampara-led-industrial-e40-90w-4000k-duralamp\/\" \/>\n<meta property=\"og:site_name\" content=\"Ledsolintel\" \/>\n<meta property=\"article:publisher\" content=\"http:\/\/www.facebook.com\/webmenaje\" \/>\n<meta property=\"og:image\" content=\"https:\/\/ledsolintel.com\/wp-content\/uploads\/2024\/05\/24085-L9040HP2-LAMPARA-LED-INDUSTRIAL-E40-90W-4000K-DURALAMP.jpg\" \/>\n\t<meta property=\"og:image:width\" content=\"1\" \/>\n\t<meta property=\"og:image:height\" content=\"1\" \/>\n\t<meta property=\"og:image:type\" content=\"image\/jpeg\" \/>\n<meta name=\"twitter:card\" content=\"summary_large_image\" \/>\n<meta name=\"twitter:site\" content=\"@webmenaje\" \/>\n<script type=\"application\/ld+json\" class=\"yoast-schema-graph\">{\"@context\":\"https:\\\/\\\/schema.org\",\"@graph\":[{\"@type\":\"WebPage\",\"@id\":\"https:\\\/\\\/ledsolintel.com\\\/product\\\/l9040hp2-lampara-led-industrial-e40-90w-4000k-duralamp\\\/\",\"url\":\"https:\\\/\\\/ledsolintel.com\\\/product\\\/l9040hp2-lampara-led-industrial-e40-90w-4000k-duralamp\\\/\",\"name\":\"L9040HP2 LAMPARA LED INDUSTRIAL E40 90W 4000K DURALAMP - Ledsolintel\",\"isPartOf\":{\"@id\":\"https:\\\/\\\/ledsolintel.com\\\/#website\"},\"primaryImageOfPage\":{\"@id\":\"https:\\\/\\\/ledsolintel.com\\\/product\\\/l9040hp2-lampara-led-industrial-e40-90w-4000k-duralamp\\\/#primaryimage\"},\"image\":{\"@id\":\"https:\\\/\\\/ledsolintel.com\\\/product\\\/l9040hp2-lampara-led-industrial-e40-90w-4000k-duralamp\\\/#primaryimage\"},\"thumbnailUrl\":\"https:\\\/\\\/ledsolintel.com\\\/wp-content\\\/uploads\\\/2024\\\/05\\\/24085-L9040HP2-LAMPARA-LED-INDUSTRIAL-E40-90W-4000K-DURALAMP.jpg\",\"datePublished\":\"2024-05-22T12:56:07+00:00\",\"breadcrumb\":{\"@id\":\"https:\\\/\\\/ledsolintel.com\\\/product\\\/l9040hp2-lampara-led-industrial-e40-90w-4000k-duralamp\\\/#breadcrumb\"},\"inLanguage\":\"fr-FR\",\"potentialAction\":[{\"@type\":\"ReadAction\",\"target\":[\"https:\\\/\\\/ledsolintel.com\\\/product\\\/l9040hp2-lampara-led-industrial-e40-90w-4000k-duralamp\\\/\"]}]},{\"@type\":\"ImageObject\",\"inLanguage\":\"fr-FR\",\"@id\":\"https:\\\/\\\/ledsolintel.com\\\/product\\\/l9040hp2-lampara-led-industrial-e40-90w-4000k-duralamp\\\/#primaryimage\",\"url\":\"https:\\\/\\\/ledsolintel.com\\\/wp-content\\\/uploads\\\/2024\\\/05\\\/24085-L9040HP2-LAMPARA-LED-INDUSTRIAL-E40-90W-4000K-DURALAMP.jpg\",\"contentUrl\":\"https:\\\/\\\/ledsolintel.com\\\/wp-content\\\/uploads\\\/2024\\\/05\\\/24085-L9040HP2-LAMPARA-LED-INDUSTRIAL-E40-90W-4000K-DURALAMP.jpg\",\"caption\":\"L9040HP2 LAMPARA LED INDUSTRIAL E40 90W 4000K DURALAMP\"},{\"@type\":\"BreadcrumbList\",\"@id\":\"https:\\\/\\\/ledsolintel.com\\\/product\\\/l9040hp2-lampara-led-industrial-e40-90w-4000k-duralamp\\\/#breadcrumb\",\"itemListElement\":[{\"@type\":\"ListItem\",\"position\":1,\"name\":\"Portada\",\"item\":\"https:\\\/\\\/ledsolintel.com\\\/fr\\\/\"},{\"@type\":\"ListItem\",\"position\":2,\"name\":\"Tienda\",\"item\":\"https:\\\/\\\/ledsolintel.com\\\/tienda\\\/\"},{\"@type\":\"ListItem\",\"position\":3,\"name\":\"L9040HP2 LAMPARA LED INDUSTRIAL E40 90W 4000K DURALAMP\"}]},{\"@type\":\"WebSite\",\"@id\":\"https:\\\/\\\/ledsolintel.com\\\/#website\",\"url\":\"https:\\\/\\\/ledsolintel.com\\\/\",\"name\":\"Webmenaje\",\"description\":\"Tienda de bombillas y l\u00e1mparas LED para profesionales\",\"publisher\":{\"@id\":\"https:\\\/\\\/ledsolintel.com\\\/#organization\"},\"potentialAction\":[{\"@type\":\"SearchAction\",\"target\":{\"@type\":\"EntryPoint\",\"urlTemplate\":\"https:\\\/\\\/ledsolintel.com\\\/?s={search_term_string}\"},\"query-input\":{\"@type\":\"PropertyValueSpecification\",\"valueRequired\":true,\"valueName\":\"search_term_string\"}}],\"inLanguage\":\"fr-FR\"},{\"@type\":\"Organization\",\"@id\":\"https:\\\/\\\/ledsolintel.com\\\/#organization\",\"name\":\"Solintel Noroeste, S.L.\",\"url\":\"https:\\\/\\\/ledsolintel.com\\\/\",\"logo\":{\"@type\":\"ImageObject\",\"inLanguage\":\"fr-FR\",\"@id\":\"https:\\\/\\\/ledsolintel.com\\\/#\\\/schema\\\/logo\\\/image\\\/\",\"url\":\"https:\\\/\\\/ledsolintel.com\\\/wp-content\\\/uploads\\\/2024\\\/11\\\/webmenaje-logo-1508269066.jpg\",\"contentUrl\":\"https:\\\/\\\/ledsolintel.com\\\/wp-content\\\/uploads\\\/2024\\\/11\\\/webmenaje-logo-1508269066.jpg\",\"width\":370,\"height\":90,\"caption\":\"Solintel Noroeste, S.L.\"},\"image\":{\"@id\":\"https:\\\/\\\/ledsolintel.com\\\/#\\\/schema\\\/logo\\\/image\\\/\"},\"sameAs\":[\"http:\\\/\\\/www.facebook.com\\\/webmenaje\",\"https:\\\/\\\/x.com\\\/webmenaje\",\"https:\\\/\\\/www.youtube.com\\\/channel\\\/UCX2KoVoeCG4LocZjUc6LmSQ\",\"http:\\\/\\\/www.pinterest.com\\\/webmenaje\"]}]}<\/script>\n<!-- \/ Yoast SEO plugin. -->","yoast_head_json":{"title":"L9040HP2 LAMPARA LED INDUSTRIAL E40 90W 4000K DURALAMP - Ledsolintel","robots":{"index":"index","follow":"follow","max-snippet":"max-snippet:-1","max-image-preview":"max-image-preview:large","max-video-preview":"max-video-preview:-1"},"canonical":"https:\/\/ledsolintel.com\/fr\/produit-2\/l9040hp2-lampara-led-industrial-e40-90w-4000k-duralamp\/","og_locale":"fr_FR","og_type":"article","og_title":"L9040HP2 LAMPARA LED INDUSTRIAL E40 90W 4000K DURALAMP - Ledsolintel","og_description":"L\u00e1mpara LED de alta potencia con tecnolog\u00eda SMD y chip de alta eficiencia. Uso exterior en luminarias dedicadas. Cuerpo y disipador met\u00e1lico para optimizar la administraci\u00f3n del calor, difusor opalino para una luz suave y bien difundida. Para reemplazo de","og_url":"https:\/\/ledsolintel.com\/fr\/produit-2\/l9040hp2-lampara-led-industrial-e40-90w-4000k-duralamp\/","og_site_name":"Ledsolintel","article_publisher":"http:\/\/www.facebook.com\/webmenaje","og_image":[{"url":"https:\/\/ledsolintel.com\/wp-content\/uploads\/2024\/05\/24085-L9040HP2-LAMPARA-LED-INDUSTRIAL-E40-90W-4000K-DURALAMP.jpg","width":1,"height":1,"type":"image\/jpeg"}],"twitter_card":"summary_large_image","twitter_site":"@webmenaje","schema":{"@context":"https:\/\/schema.org","@graph":[{"@type":"WebPage","@id":"https:\/\/ledsolintel.com\/product\/l9040hp2-lampara-led-industrial-e40-90w-4000k-duralamp\/","url":"https:\/\/ledsolintel.com\/product\/l9040hp2-lampara-led-industrial-e40-90w-4000k-duralamp\/","name":"L9040HP2 LAMPARA LED INDUSTRIAL E40 90W 4000K DURALAMP - Ledsolintel","isPartOf":{"@id":"https:\/\/ledsolintel.com\/#website"},"primaryImageOfPage":{"@id":"https:\/\/ledsolintel.com\/product\/l9040hp2-lampara-led-industrial-e40-90w-4000k-duralamp\/#primaryimage"},"image":{"@id":"https:\/\/ledsolintel.com\/product\/l9040hp2-lampara-led-industrial-e40-90w-4000k-duralamp\/#primaryimage"},"thumbnailUrl":"https:\/\/ledsolintel.com\/wp-content\/uploads\/2024\/05\/24085-L9040HP2-LAMPARA-LED-INDUSTRIAL-E40-90W-4000K-DURALAMP.jpg","datePublished":"2024-05-22T12:56:07+00:00","breadcrumb":{"@id":"https:\/\/ledsolintel.com\/product\/l9040hp2-lampara-led-industrial-e40-90w-4000k-duralamp\/#breadcrumb"},"inLanguage":"fr-FR","potentialAction":[{"@type":"ReadAction","target":["https:\/\/ledsolintel.com\/product\/l9040hp2-lampara-led-industrial-e40-90w-4000k-duralamp\/"]}]},{"@type":"ImageObject","inLanguage":"fr-FR","@id":"https:\/\/ledsolintel.com\/product\/l9040hp2-lampara-led-industrial-e40-90w-4000k-duralamp\/#primaryimage","url":"https:\/\/ledsolintel.com\/wp-content\/uploads\/2024\/05\/24085-L9040HP2-LAMPARA-LED-INDUSTRIAL-E40-90W-4000K-DURALAMP.jpg","contentUrl":"https:\/\/ledsolintel.com\/wp-content\/uploads\/2024\/05\/24085-L9040HP2-LAMPARA-LED-INDUSTRIAL-E40-90W-4000K-DURALAMP.jpg","caption":"L9040HP2 LAMPARA LED INDUSTRIAL E40 90W 4000K DURALAMP"},{"@type":"BreadcrumbList","@id":"https:\/\/ledsolintel.com\/product\/l9040hp2-lampara-led-industrial-e40-90w-4000k-duralamp\/#breadcrumb","itemListElement":[{"@type":"ListItem","position":1,"name":"Portada","item":"https:\/\/ledsolintel.com\/fr\/"},{"@type":"ListItem","position":2,"name":"Tienda","item":"https:\/\/ledsolintel.com\/tienda\/"},{"@type":"ListItem","position":3,"name":"L9040HP2 LAMPARA LED INDUSTRIAL E40 90W 4000K DURALAMP"}]},{"@type":"WebSite","@id":"https:\/\/ledsolintel.com\/#website","url":"https:\/\/ledsolintel.com\/","name":"Webmenaje","description":"Magasin d'ampoules et de lampes LED pour les professionnels","publisher":{"@id":"https:\/\/ledsolintel.com\/#organization"},"potentialAction":[{"@type":"SearchAction","target":{"@type":"EntryPoint","urlTemplate":"https:\/\/ledsolintel.com\/?s={search_term_string}"},"query-input":{"@type":"PropertyValueSpecification","valueRequired":true,"valueName":"search_term_string"}}],"inLanguage":"fr-FR"},{"@type":"Organization","@id":"https:\/\/ledsolintel.com\/#organization","name":"Solintel Noroeste, S.L.","url":"https:\/\/ledsolintel.com\/","logo":{"@type":"ImageObject","inLanguage":"fr-FR","@id":"https:\/\/ledsolintel.com\/#\/schema\/logo\/image\/","url":"https:\/\/ledsolintel.com\/wp-content\/uploads\/2024\/11\/webmenaje-logo-1508269066.jpg","contentUrl":"https:\/\/ledsolintel.com\/wp-content\/uploads\/2024\/11\/webmenaje-logo-1508269066.jpg","width":370,"height":90,"caption":"Solintel Noroeste, S.L."},"image":{"@id":"https:\/\/ledsolintel.com\/#\/schema\/logo\/image\/"},"sameAs":["http:\/\/www.facebook.com\/webmenaje","https:\/\/x.com\/webmenaje","https:\/\/www.youtube.com\/channel\/UCX2KoVoeCG4LocZjUc6LmSQ","http:\/\/www.pinterest.com\/webmenaje"]}]}},"_links":{"self":[{"href":"https:\/\/ledsolintel.com\/fr\/wp-json\/wp\/v2\/product\/249520","targetHints":{"allow":["GET"]}}],"collection":[{"href":"https:\/\/ledsolintel.com\/fr\/wp-json\/wp\/v2\/product"}],"about":[{"href":"https:\/\/ledsolintel.com\/fr\/wp-json\/wp\/v2\/types\/product"}],"version-history":[{"count":0,"href":"https:\/\/ledsolintel.com\/fr\/wp-json\/wp\/v2\/product\/249520\/revisions"}],"wp:featuredmedia":[{"embeddable":true,"href":"https:\/\/ledsolintel.com\/fr\/wp-json\/wp\/v2\/media\/249519"}],"wp:attachment":[{"href":"https:\/\/ledsolintel.com\/fr\/wp-json\/wp\/v2\/media?parent=249520"}],"wp:term":[{"taxonomy":"product_brand","embeddable":true,"href":"https:\/\/ledsolintel.com\/fr\/wp-json\/wp\/v2\/product_brand?post=249520"},{"taxonomy":"product_cat","embeddable":true,"href":"https:\/\/ledsolintel.com\/fr\/wp-json\/wp\/v2\/product_cat?post=249520"},{"taxonomy":"product_tag","embeddable":true,"href":"https:\/\/ledsolintel.com\/fr\/wp-json\/wp\/v2\/product_tag?post=249520"}],"curies":[{"name":"wp","href":"https:\/\/api.w.org\/{rel}","templated":true}]}}