{"id":248800,"date":"2024-05-22T14:27:55","date_gmt":"2024-05-22T12:27:55","guid":{"rendered":"https:\/\/nueva.ledsolintel.com\/product\/11027-lampara-standard-reforzada-200w-e27-industri\/"},"modified":"2024-05-22T14:27:55","modified_gmt":"2024-05-22T12:27:55","slug":"11027-lampara-standard-reforzada-200w-e27-industri","status":"publish","type":"product","link":"https:\/\/ledsolintel.com\/fr\/produit-2\/11027-lampara-standard-reforzada-200w-e27-industri\/","title":{"rendered":"11027 LAMPE RENFORC\u00c9E STANDARD 200W E27 INDUSTRI"},"content":{"rendered":"<p>Ampoule renforc\u00e9e avec un filament tr\u00e8s r\u00e9sistant aux vibrations et aux chocs m\u00e9caniques. Autoris\u00e9e dans l'UE. Recommand\u00e9e pour les applications sp\u00e9ciales et l'utilisation industrielle en dehors de la maison.<\/p>","protected":false},"excerpt":{"rendered":"<p>Ampoule renforc\u00e9e avec un filament tr\u00e8s r\u00e9sistant aux vibrations et aux chocs m\u00e9caniques. Autoris\u00e9e dans l'UE. Recommand\u00e9e pour les applications sp\u00e9ciales et l'utilisation industrielle en dehors de la maison.<\/p>","protected":false},"featured_media":248799,"template":"","meta":[],"product_brand":[],"product_cat":[99601],"product_tag":[],"class_list":{"0":"post-248800","1":"product","2":"type-product","3":"status-publish","4":"has-post-thumbnail","6":"product_cat-gyemo","9":"instock","10":"taxable","11":"shipping-taxable","12":"purchasable","13":"product-type-simple"},"yoast_head":"<!-- This site is optimized with the Yoast SEO plugin v26.6 - https:\/\/yoast.com\/wordpress\/plugins\/seo\/ -->\n<title>11027 LAMPARA STANDARD REFORZADA 200W E27 INDUSTRI - Ledsolintel<\/title>\n<meta name=\"robots\" content=\"index, follow, max-snippet:-1, max-image-preview:large, max-video-preview:-1\" \/>\n<link rel=\"canonical\" href=\"https:\/\/ledsolintel.com\/fr\/produit-2\/11027-lampara-standard-reforzada-200w-e27-industri\/\" \/>\n<meta property=\"og:locale\" content=\"fr_FR\" \/>\n<meta property=\"og:type\" content=\"article\" \/>\n<meta property=\"og:title\" content=\"11027 LAMPARA STANDARD REFORZADA 200W E27 INDUSTRI - Ledsolintel\" \/>\n<meta property=\"og:description\" content=\"Bombilla reforzada con filamento altamente resistente a vibraciones y choques mec\u00e1nicos. Permitida en la UE. Recomendada para usos especiales y uso industrial fuera del hogar.\" \/>\n<meta property=\"og:url\" content=\"https:\/\/ledsolintel.com\/fr\/produit-2\/11027-lampara-standard-reforzada-200w-e27-industri\/\" \/>\n<meta property=\"og:site_name\" content=\"Ledsolintel\" \/>\n<meta property=\"article:publisher\" content=\"http:\/\/www.facebook.com\/webmenaje\" \/>\n<meta property=\"og:image\" content=\"https:\/\/ledsolintel.com\/wp-content\/uploads\/2024\/05\/23551-11027-LAMPARA-STANDARD-REFORZADA-200W-E27-INDUSTRI.jpg\" \/>\n\t<meta property=\"og:image:width\" content=\"1\" \/>\n\t<meta property=\"og:image:height\" content=\"1\" \/>\n\t<meta property=\"og:image:type\" content=\"image\/jpeg\" \/>\n<meta name=\"twitter:card\" content=\"summary_large_image\" \/>\n<meta name=\"twitter:site\" content=\"@webmenaje\" \/>\n<script type=\"application\/ld+json\" class=\"yoast-schema-graph\">{\"@context\":\"https:\/\/schema.org\",\"@graph\":[{\"@type\":\"WebPage\",\"@id\":\"https:\/\/ledsolintel.com\/product\/11027-lampara-standard-reforzada-200w-e27-industri\/\",\"url\":\"https:\/\/ledsolintel.com\/product\/11027-lampara-standard-reforzada-200w-e27-industri\/\",\"name\":\"11027 LAMPARA STANDARD REFORZADA 200W E27 INDUSTRI - Ledsolintel\",\"isPartOf\":{\"@id\":\"https:\/\/ledsolintel.com\/#website\"},\"primaryImageOfPage\":{\"@id\":\"https:\/\/ledsolintel.com\/product\/11027-lampara-standard-reforzada-200w-e27-industri\/#primaryimage\"},\"image\":{\"@id\":\"https:\/\/ledsolintel.com\/product\/11027-lampara-standard-reforzada-200w-e27-industri\/#primaryimage\"},\"thumbnailUrl\":\"https:\/\/ledsolintel.com\/wp-content\/uploads\/2024\/05\/23551-11027-LAMPARA-STANDARD-REFORZADA-200W-E27-INDUSTRI.jpg\",\"datePublished\":\"2024-05-22T12:27:55+00:00\",\"breadcrumb\":{\"@id\":\"https:\/\/ledsolintel.com\/product\/11027-lampara-standard-reforzada-200w-e27-industri\/#breadcrumb\"},\"inLanguage\":\"fr-FR\",\"potentialAction\":[{\"@type\":\"ReadAction\",\"target\":[\"https:\/\/ledsolintel.com\/product\/11027-lampara-standard-reforzada-200w-e27-industri\/\"]}]},{\"@type\":\"ImageObject\",\"inLanguage\":\"fr-FR\",\"@id\":\"https:\/\/ledsolintel.com\/product\/11027-lampara-standard-reforzada-200w-e27-industri\/#primaryimage\",\"url\":\"https:\/\/ledsolintel.com\/wp-content\/uploads\/2024\/05\/23551-11027-LAMPARA-STANDARD-REFORZADA-200W-E27-INDUSTRI.jpg\",\"contentUrl\":\"https:\/\/ledsolintel.com\/wp-content\/uploads\/2024\/05\/23551-11027-LAMPARA-STANDARD-REFORZADA-200W-E27-INDUSTRI.jpg\",\"caption\":\"11027 LAMPARA STANDARD REFORZADA 200W E27 INDUSTRI\"},{\"@type\":\"BreadcrumbList\",\"@id\":\"https:\/\/ledsolintel.com\/product\/11027-lampara-standard-reforzada-200w-e27-industri\/#breadcrumb\",\"itemListElement\":[{\"@type\":\"ListItem\",\"position\":1,\"name\":\"Portada\",\"item\":\"https:\/\/ledsolintel.com\/fr\/\"},{\"@type\":\"ListItem\",\"position\":2,\"name\":\"Tienda\",\"item\":\"https:\/\/ledsolintel.com\/tienda\/\"},{\"@type\":\"ListItem\",\"position\":3,\"name\":\"11027 LAMPARA STANDARD REFORZADA 200W E27 INDUSTRI\"}]},{\"@type\":\"WebSite\",\"@id\":\"https:\/\/ledsolintel.com\/#website\",\"url\":\"https:\/\/ledsolintel.com\/\",\"name\":\"Webmenaje\",\"description\":\"Tienda de bombillas y l\u00e1mparas LED para profesionales\",\"publisher\":{\"@id\":\"https:\/\/ledsolintel.com\/#organization\"},\"potentialAction\":[{\"@type\":\"SearchAction\",\"target\":{\"@type\":\"EntryPoint\",\"urlTemplate\":\"https:\/\/ledsolintel.com\/?s={search_term_string}\"},\"query-input\":{\"@type\":\"PropertyValueSpecification\",\"valueRequired\":true,\"valueName\":\"search_term_string\"}}],\"inLanguage\":\"fr-FR\"},{\"@type\":\"Organization\",\"@id\":\"https:\/\/ledsolintel.com\/#organization\",\"name\":\"Solintel Noroeste, S.L.\",\"url\":\"https:\/\/ledsolintel.com\/\",\"logo\":{\"@type\":\"ImageObject\",\"inLanguage\":\"fr-FR\",\"@id\":\"https:\/\/ledsolintel.com\/#\/schema\/logo\/image\/\",\"url\":\"https:\/\/ledsolintel.com\/wp-content\/uploads\/2024\/11\/webmenaje-logo-1508269066.jpg\",\"contentUrl\":\"https:\/\/ledsolintel.com\/wp-content\/uploads\/2024\/11\/webmenaje-logo-1508269066.jpg\",\"width\":370,\"height\":90,\"caption\":\"Solintel Noroeste, S.L.\"},\"image\":{\"@id\":\"https:\/\/ledsolintel.com\/#\/schema\/logo\/image\/\"},\"sameAs\":[\"http:\/\/www.facebook.com\/webmenaje\",\"https:\/\/x.com\/webmenaje\",\"https:\/\/www.youtube.com\/channel\/UCX2KoVoeCG4LocZjUc6LmSQ\",\"http:\/\/www.pinterest.com\/webmenaje\"]}]}<\/script>\n<!-- \/ Yoast SEO plugin. -->","yoast_head_json":{"title":"11027 LAMPARA STANDARD REFORZADA 200W E27 INDUSTRI - Ledsolintel","robots":{"index":"index","follow":"follow","max-snippet":"max-snippet:-1","max-image-preview":"max-image-preview:large","max-video-preview":"max-video-preview:-1"},"canonical":"https:\/\/ledsolintel.com\/fr\/produit-2\/11027-lampara-standard-reforzada-200w-e27-industri\/","og_locale":"fr_FR","og_type":"article","og_title":"11027 LAMPARA STANDARD REFORZADA 200W E27 INDUSTRI - Ledsolintel","og_description":"Bombilla reforzada con filamento altamente resistente a vibraciones y choques mec\u00e1nicos. Permitida en la UE. Recomendada para usos especiales y uso industrial fuera del hogar.","og_url":"https:\/\/ledsolintel.com\/fr\/produit-2\/11027-lampara-standard-reforzada-200w-e27-industri\/","og_site_name":"Ledsolintel","article_publisher":"http:\/\/www.facebook.com\/webmenaje","og_image":[{"url":"https:\/\/ledsolintel.com\/wp-content\/uploads\/2024\/05\/23551-11027-LAMPARA-STANDARD-REFORZADA-200W-E27-INDUSTRI.jpg","width":1,"height":1,"type":"image\/jpeg"}],"twitter_card":"summary_large_image","twitter_site":"@webmenaje","schema":{"@context":"https:\/\/schema.org","@graph":[{"@type":"WebPage","@id":"https:\/\/ledsolintel.com\/product\/11027-lampara-standard-reforzada-200w-e27-industri\/","url":"https:\/\/ledsolintel.com\/product\/11027-lampara-standard-reforzada-200w-e27-industri\/","name":"11027 LAMPARA STANDARD REFORZADA 200W E27 INDUSTRI - Ledsolintel","isPartOf":{"@id":"https:\/\/ledsolintel.com\/#website"},"primaryImageOfPage":{"@id":"https:\/\/ledsolintel.com\/product\/11027-lampara-standard-reforzada-200w-e27-industri\/#primaryimage"},"image":{"@id":"https:\/\/ledsolintel.com\/product\/11027-lampara-standard-reforzada-200w-e27-industri\/#primaryimage"},"thumbnailUrl":"https:\/\/ledsolintel.com\/wp-content\/uploads\/2024\/05\/23551-11027-LAMPARA-STANDARD-REFORZADA-200W-E27-INDUSTRI.jpg","datePublished":"2024-05-22T12:27:55+00:00","breadcrumb":{"@id":"https:\/\/ledsolintel.com\/product\/11027-lampara-standard-reforzada-200w-e27-industri\/#breadcrumb"},"inLanguage":"fr-FR","potentialAction":[{"@type":"ReadAction","target":["https:\/\/ledsolintel.com\/product\/11027-lampara-standard-reforzada-200w-e27-industri\/"]}]},{"@type":"ImageObject","inLanguage":"fr-FR","@id":"https:\/\/ledsolintel.com\/product\/11027-lampara-standard-reforzada-200w-e27-industri\/#primaryimage","url":"https:\/\/ledsolintel.com\/wp-content\/uploads\/2024\/05\/23551-11027-LAMPARA-STANDARD-REFORZADA-200W-E27-INDUSTRI.jpg","contentUrl":"https:\/\/ledsolintel.com\/wp-content\/uploads\/2024\/05\/23551-11027-LAMPARA-STANDARD-REFORZADA-200W-E27-INDUSTRI.jpg","caption":"11027 LAMPARA STANDARD REFORZADA 200W E27 INDUSTRI"},{"@type":"BreadcrumbList","@id":"https:\/\/ledsolintel.com\/product\/11027-lampara-standard-reforzada-200w-e27-industri\/#breadcrumb","itemListElement":[{"@type":"ListItem","position":1,"name":"Portada","item":"https:\/\/ledsolintel.com\/fr\/"},{"@type":"ListItem","position":2,"name":"Tienda","item":"https:\/\/ledsolintel.com\/tienda\/"},{"@type":"ListItem","position":3,"name":"11027 LAMPARA STANDARD REFORZADA 200W E27 INDUSTRI"}]},{"@type":"WebSite","@id":"https:\/\/ledsolintel.com\/#website","url":"https:\/\/ledsolintel.com\/","name":"Webmenaje","description":"Magasin d'ampoules et de lampes LED pour les professionnels","publisher":{"@id":"https:\/\/ledsolintel.com\/#organization"},"potentialAction":[{"@type":"SearchAction","target":{"@type":"EntryPoint","urlTemplate":"https:\/\/ledsolintel.com\/?s={search_term_string}"},"query-input":{"@type":"PropertyValueSpecification","valueRequired":true,"valueName":"search_term_string"}}],"inLanguage":"fr-FR"},{"@type":"Organization","@id":"https:\/\/ledsolintel.com\/#organization","name":"Solintel Noroeste, S.L.","url":"https:\/\/ledsolintel.com\/","logo":{"@type":"ImageObject","inLanguage":"fr-FR","@id":"https:\/\/ledsolintel.com\/#\/schema\/logo\/image\/","url":"https:\/\/ledsolintel.com\/wp-content\/uploads\/2024\/11\/webmenaje-logo-1508269066.jpg","contentUrl":"https:\/\/ledsolintel.com\/wp-content\/uploads\/2024\/11\/webmenaje-logo-1508269066.jpg","width":370,"height":90,"caption":"Solintel Noroeste, S.L."},"image":{"@id":"https:\/\/ledsolintel.com\/#\/schema\/logo\/image\/"},"sameAs":["http:\/\/www.facebook.com\/webmenaje","https:\/\/x.com\/webmenaje","https:\/\/www.youtube.com\/channel\/UCX2KoVoeCG4LocZjUc6LmSQ","http:\/\/www.pinterest.com\/webmenaje"]}]}},"_links":{"self":[{"href":"https:\/\/ledsolintel.com\/fr\/wp-json\/wp\/v2\/product\/248800","targetHints":{"allow":["GET"]}}],"collection":[{"href":"https:\/\/ledsolintel.com\/fr\/wp-json\/wp\/v2\/product"}],"about":[{"href":"https:\/\/ledsolintel.com\/fr\/wp-json\/wp\/v2\/types\/product"}],"version-history":[{"count":0,"href":"https:\/\/ledsolintel.com\/fr\/wp-json\/wp\/v2\/product\/248800\/revisions"}],"wp:featuredmedia":[{"embeddable":true,"href":"https:\/\/ledsolintel.com\/fr\/wp-json\/wp\/v2\/media\/248799"}],"wp:attachment":[{"href":"https:\/\/ledsolintel.com\/fr\/wp-json\/wp\/v2\/media?parent=248800"}],"wp:term":[{"taxonomy":"product_brand","embeddable":true,"href":"https:\/\/ledsolintel.com\/fr\/wp-json\/wp\/v2\/product_brand?post=248800"},{"taxonomy":"product_cat","embeddable":true,"href":"https:\/\/ledsolintel.com\/fr\/wp-json\/wp\/v2\/product_cat?post=248800"},{"taxonomy":"product_tag","embeddable":true,"href":"https:\/\/ledsolintel.com\/fr\/wp-json\/wp\/v2\/product_tag?post=248800"}],"curies":[{"name":"wp","href":"https:\/\/api.w.org\/{rel}","templated":true}]}}