{"id":248734,"date":"2024-05-22T14:27:55","date_gmt":"2024-05-22T12:27:55","guid":{"rendered":"https:\/\/nueva.ledsolintel.com\/product\/11861-lampara-infrarrojos-e27-250w-230v-roja-clar\/"},"modified":"2024-05-22T14:27:55","modified_gmt":"2024-05-22T12:27:55","slug":"11861-lampara-infrarrojos-e27-250w-230v-roja-clar","status":"publish","type":"product","link":"https:\/\/ledsolintel.com\/fr\/produit-2\/11861-lampara-infrarrojos-e27-250w-230v-roja-clar\/","title":{"rendered":"11861 LAMPE INFRAROUGE E27 250W 230V RED CLAR"},"content":{"rendered":"<p>Recommand\u00e9 pour les serres et les incubateurs. Id\u00e9al pour la conservation des aliments chauds dans les pr\u00e9sentoirs, le s\u00e9chage des peintures industrielles, le chauffage des locaux et les traitements thermiques th\u00e9rapeutiques. Maximise l'\u00e9nergie thermique et la lumi\u00e8re infrarouge.<\/p>","protected":false},"excerpt":{"rendered":"<p>Recommand\u00e9 pour les serres et les incubateurs. Id\u00e9al pour la conservation des aliments chauds dans les pr\u00e9sentoirs, le s\u00e9chage des peintures industrielles, le chauffage des locaux et les traitements thermiques th\u00e9rapeutiques. Maximise l'\u00e9nergie thermique et la lumi\u00e8re infrarouge.<\/p>","protected":false},"featured_media":248733,"template":"","meta":[],"product_brand":[99431],"product_cat":[99601],"product_tag":[],"class_list":{"0":"post-248734","1":"product","2":"type-product","3":"status-publish","4":"has-post-thumbnail","6":"product_brand-tungsram","7":"product_cat-gyemo","10":"instock","11":"taxable","12":"shipping-taxable","13":"purchasable","14":"product-type-simple"},"yoast_head":"<!-- This site is optimized with the Yoast SEO plugin v27.4 - https:\/\/yoast.com\/product\/yoast-seo-wordpress\/ -->\n<title>11861 LAMPARA INFRARROJOS E27 250W 230V ROJA CLAR - Ledsolintel<\/title>\n<meta name=\"robots\" content=\"index, follow, max-snippet:-1, max-image-preview:large, max-video-preview:-1\" \/>\n<link rel=\"canonical\" href=\"https:\/\/ledsolintel.com\/fr\/produit-2\/11861-lampara-infrarrojos-e27-250w-230v-roja-clar\/\" \/>\n<meta property=\"og:locale\" content=\"fr_FR\" \/>\n<meta property=\"og:type\" content=\"article\" \/>\n<meta property=\"og:title\" content=\"11861 LAMPARA INFRARROJOS E27 250W 230V ROJA CLAR - Ledsolintel\" \/>\n<meta property=\"og:description\" content=\"Recomendada para invernaderos e incubadoras. Ideales para preservar la comida caliente en exhibidores, secado industrial de pintura, calentado de ambientes y tratamiento terap\u00e9utico con calor. Maximiza la energ\u00eda t\u00e9rmica y la luz infrarroja.\" \/>\n<meta property=\"og:url\" content=\"https:\/\/ledsolintel.com\/fr\/produit-2\/11861-lampara-infrarrojos-e27-250w-230v-roja-clar\/\" \/>\n<meta property=\"og:site_name\" content=\"Ledsolintel\" \/>\n<meta property=\"article:publisher\" content=\"http:\/\/www.facebook.com\/webmenaje\" \/>\n<meta property=\"og:image\" content=\"https:\/\/ledsolintel.com\/wp-content\/uploads\/2024\/05\/23508-11861-LAMPARA-INFRARROJOS-E27-250W-230V-ROJA-CLAR.jpg\" \/>\n\t<meta property=\"og:image:width\" content=\"1\" \/>\n\t<meta property=\"og:image:height\" content=\"1\" \/>\n\t<meta property=\"og:image:type\" content=\"image\/jpeg\" \/>\n<meta name=\"twitter:card\" content=\"summary_large_image\" \/>\n<meta name=\"twitter:site\" content=\"@webmenaje\" \/>\n<script type=\"application\/ld+json\" class=\"yoast-schema-graph\">{\"@context\":\"https:\\\/\\\/schema.org\",\"@graph\":[{\"@type\":\"WebPage\",\"@id\":\"https:\\\/\\\/ledsolintel.com\\\/product\\\/11861-lampara-infrarrojos-e27-250w-230v-roja-clar\\\/\",\"url\":\"https:\\\/\\\/ledsolintel.com\\\/product\\\/11861-lampara-infrarrojos-e27-250w-230v-roja-clar\\\/\",\"name\":\"11861 LAMPARA INFRARROJOS E27 250W 230V ROJA CLAR - Ledsolintel\",\"isPartOf\":{\"@id\":\"https:\\\/\\\/ledsolintel.com\\\/#website\"},\"primaryImageOfPage\":{\"@id\":\"https:\\\/\\\/ledsolintel.com\\\/product\\\/11861-lampara-infrarrojos-e27-250w-230v-roja-clar\\\/#primaryimage\"},\"image\":{\"@id\":\"https:\\\/\\\/ledsolintel.com\\\/product\\\/11861-lampara-infrarrojos-e27-250w-230v-roja-clar\\\/#primaryimage\"},\"thumbnailUrl\":\"https:\\\/\\\/ledsolintel.com\\\/wp-content\\\/uploads\\\/2024\\\/05\\\/23508-11861-LAMPARA-INFRARROJOS-E27-250W-230V-ROJA-CLAR.jpg\",\"datePublished\":\"2024-05-22T12:27:55+00:00\",\"breadcrumb\":{\"@id\":\"https:\\\/\\\/ledsolintel.com\\\/product\\\/11861-lampara-infrarrojos-e27-250w-230v-roja-clar\\\/#breadcrumb\"},\"inLanguage\":\"fr-FR\",\"potentialAction\":[{\"@type\":\"ReadAction\",\"target\":[\"https:\\\/\\\/ledsolintel.com\\\/product\\\/11861-lampara-infrarrojos-e27-250w-230v-roja-clar\\\/\"]}]},{\"@type\":\"ImageObject\",\"inLanguage\":\"fr-FR\",\"@id\":\"https:\\\/\\\/ledsolintel.com\\\/product\\\/11861-lampara-infrarrojos-e27-250w-230v-roja-clar\\\/#primaryimage\",\"url\":\"https:\\\/\\\/ledsolintel.com\\\/wp-content\\\/uploads\\\/2024\\\/05\\\/23508-11861-LAMPARA-INFRARROJOS-E27-250W-230V-ROJA-CLAR.jpg\",\"contentUrl\":\"https:\\\/\\\/ledsolintel.com\\\/wp-content\\\/uploads\\\/2024\\\/05\\\/23508-11861-LAMPARA-INFRARROJOS-E27-250W-230V-ROJA-CLAR.jpg\",\"caption\":\"11861 LAMPARA INFRARROJOS E27 250W 230V ROJA CLAR\"},{\"@type\":\"BreadcrumbList\",\"@id\":\"https:\\\/\\\/ledsolintel.com\\\/product\\\/11861-lampara-infrarrojos-e27-250w-230v-roja-clar\\\/#breadcrumb\",\"itemListElement\":[{\"@type\":\"ListItem\",\"position\":1,\"name\":\"Portada\",\"item\":\"https:\\\/\\\/ledsolintel.com\\\/fr\\\/\"},{\"@type\":\"ListItem\",\"position\":2,\"name\":\"Tienda\",\"item\":\"https:\\\/\\\/ledsolintel.com\\\/tienda\\\/\"},{\"@type\":\"ListItem\",\"position\":3,\"name\":\"11861 LAMPARA INFRARROJOS E27 250W 230V ROJA CLAR\"}]},{\"@type\":\"WebSite\",\"@id\":\"https:\\\/\\\/ledsolintel.com\\\/#website\",\"url\":\"https:\\\/\\\/ledsolintel.com\\\/\",\"name\":\"Webmenaje\",\"description\":\"Tienda de bombillas y l\u00e1mparas LED para profesionales\",\"publisher\":{\"@id\":\"https:\\\/\\\/ledsolintel.com\\\/#organization\"},\"potentialAction\":[{\"@type\":\"SearchAction\",\"target\":{\"@type\":\"EntryPoint\",\"urlTemplate\":\"https:\\\/\\\/ledsolintel.com\\\/?s={search_term_string}\"},\"query-input\":{\"@type\":\"PropertyValueSpecification\",\"valueRequired\":true,\"valueName\":\"search_term_string\"}}],\"inLanguage\":\"fr-FR\"},{\"@type\":\"Organization\",\"@id\":\"https:\\\/\\\/ledsolintel.com\\\/#organization\",\"name\":\"Solintel Noroeste, S.L.\",\"url\":\"https:\\\/\\\/ledsolintel.com\\\/\",\"logo\":{\"@type\":\"ImageObject\",\"inLanguage\":\"fr-FR\",\"@id\":\"https:\\\/\\\/ledsolintel.com\\\/#\\\/schema\\\/logo\\\/image\\\/\",\"url\":\"https:\\\/\\\/ledsolintel.com\\\/wp-content\\\/uploads\\\/2024\\\/11\\\/webmenaje-logo-1508269066.jpg\",\"contentUrl\":\"https:\\\/\\\/ledsolintel.com\\\/wp-content\\\/uploads\\\/2024\\\/11\\\/webmenaje-logo-1508269066.jpg\",\"width\":370,\"height\":90,\"caption\":\"Solintel Noroeste, S.L.\"},\"image\":{\"@id\":\"https:\\\/\\\/ledsolintel.com\\\/#\\\/schema\\\/logo\\\/image\\\/\"},\"sameAs\":[\"http:\\\/\\\/www.facebook.com\\\/webmenaje\",\"https:\\\/\\\/x.com\\\/webmenaje\",\"https:\\\/\\\/www.youtube.com\\\/channel\\\/UCX2KoVoeCG4LocZjUc6LmSQ\",\"http:\\\/\\\/www.pinterest.com\\\/webmenaje\"]}]}<\/script>\n<!-- \/ Yoast SEO plugin. -->","yoast_head_json":{"title":"11861 LAMPARA INFRARROJOS E27 250W 230V ROJA CLAR - Ledsolintel","robots":{"index":"index","follow":"follow","max-snippet":"max-snippet:-1","max-image-preview":"max-image-preview:large","max-video-preview":"max-video-preview:-1"},"canonical":"https:\/\/ledsolintel.com\/fr\/produit-2\/11861-lampara-infrarrojos-e27-250w-230v-roja-clar\/","og_locale":"fr_FR","og_type":"article","og_title":"11861 LAMPARA INFRARROJOS E27 250W 230V ROJA CLAR - Ledsolintel","og_description":"Recomendada para invernaderos e incubadoras. Ideales para preservar la comida caliente en exhibidores, secado industrial de pintura, calentado de ambientes y tratamiento terap\u00e9utico con calor. Maximiza la energ\u00eda t\u00e9rmica y la luz infrarroja.","og_url":"https:\/\/ledsolintel.com\/fr\/produit-2\/11861-lampara-infrarrojos-e27-250w-230v-roja-clar\/","og_site_name":"Ledsolintel","article_publisher":"http:\/\/www.facebook.com\/webmenaje","og_image":[{"url":"https:\/\/ledsolintel.com\/wp-content\/uploads\/2024\/05\/23508-11861-LAMPARA-INFRARROJOS-E27-250W-230V-ROJA-CLAR.jpg","width":1,"height":1,"type":"image\/jpeg"}],"twitter_card":"summary_large_image","twitter_site":"@webmenaje","schema":{"@context":"https:\/\/schema.org","@graph":[{"@type":"WebPage","@id":"https:\/\/ledsolintel.com\/product\/11861-lampara-infrarrojos-e27-250w-230v-roja-clar\/","url":"https:\/\/ledsolintel.com\/product\/11861-lampara-infrarrojos-e27-250w-230v-roja-clar\/","name":"11861 LAMPARA INFRARROJOS E27 250W 230V ROJA CLAR - Ledsolintel","isPartOf":{"@id":"https:\/\/ledsolintel.com\/#website"},"primaryImageOfPage":{"@id":"https:\/\/ledsolintel.com\/product\/11861-lampara-infrarrojos-e27-250w-230v-roja-clar\/#primaryimage"},"image":{"@id":"https:\/\/ledsolintel.com\/product\/11861-lampara-infrarrojos-e27-250w-230v-roja-clar\/#primaryimage"},"thumbnailUrl":"https:\/\/ledsolintel.com\/wp-content\/uploads\/2024\/05\/23508-11861-LAMPARA-INFRARROJOS-E27-250W-230V-ROJA-CLAR.jpg","datePublished":"2024-05-22T12:27:55+00:00","breadcrumb":{"@id":"https:\/\/ledsolintel.com\/product\/11861-lampara-infrarrojos-e27-250w-230v-roja-clar\/#breadcrumb"},"inLanguage":"fr-FR","potentialAction":[{"@type":"ReadAction","target":["https:\/\/ledsolintel.com\/product\/11861-lampara-infrarrojos-e27-250w-230v-roja-clar\/"]}]},{"@type":"ImageObject","inLanguage":"fr-FR","@id":"https:\/\/ledsolintel.com\/product\/11861-lampara-infrarrojos-e27-250w-230v-roja-clar\/#primaryimage","url":"https:\/\/ledsolintel.com\/wp-content\/uploads\/2024\/05\/23508-11861-LAMPARA-INFRARROJOS-E27-250W-230V-ROJA-CLAR.jpg","contentUrl":"https:\/\/ledsolintel.com\/wp-content\/uploads\/2024\/05\/23508-11861-LAMPARA-INFRARROJOS-E27-250W-230V-ROJA-CLAR.jpg","caption":"11861 LAMPARA INFRARROJOS E27 250W 230V ROJA CLAR"},{"@type":"BreadcrumbList","@id":"https:\/\/ledsolintel.com\/product\/11861-lampara-infrarrojos-e27-250w-230v-roja-clar\/#breadcrumb","itemListElement":[{"@type":"ListItem","position":1,"name":"Portada","item":"https:\/\/ledsolintel.com\/fr\/"},{"@type":"ListItem","position":2,"name":"Tienda","item":"https:\/\/ledsolintel.com\/tienda\/"},{"@type":"ListItem","position":3,"name":"11861 LAMPARA INFRARROJOS E27 250W 230V ROJA CLAR"}]},{"@type":"WebSite","@id":"https:\/\/ledsolintel.com\/#website","url":"https:\/\/ledsolintel.com\/","name":"Webmenaje","description":"Magasin d'ampoules et de lampes LED pour les professionnels","publisher":{"@id":"https:\/\/ledsolintel.com\/#organization"},"potentialAction":[{"@type":"SearchAction","target":{"@type":"EntryPoint","urlTemplate":"https:\/\/ledsolintel.com\/?s={search_term_string}"},"query-input":{"@type":"PropertyValueSpecification","valueRequired":true,"valueName":"search_term_string"}}],"inLanguage":"fr-FR"},{"@type":"Organization","@id":"https:\/\/ledsolintel.com\/#organization","name":"Solintel Noroeste, S.L.","url":"https:\/\/ledsolintel.com\/","logo":{"@type":"ImageObject","inLanguage":"fr-FR","@id":"https:\/\/ledsolintel.com\/#\/schema\/logo\/image\/","url":"https:\/\/ledsolintel.com\/wp-content\/uploads\/2024\/11\/webmenaje-logo-1508269066.jpg","contentUrl":"https:\/\/ledsolintel.com\/wp-content\/uploads\/2024\/11\/webmenaje-logo-1508269066.jpg","width":370,"height":90,"caption":"Solintel Noroeste, S.L."},"image":{"@id":"https:\/\/ledsolintel.com\/#\/schema\/logo\/image\/"},"sameAs":["http:\/\/www.facebook.com\/webmenaje","https:\/\/x.com\/webmenaje","https:\/\/www.youtube.com\/channel\/UCX2KoVoeCG4LocZjUc6LmSQ","http:\/\/www.pinterest.com\/webmenaje"]}]}},"_links":{"self":[{"href":"https:\/\/ledsolintel.com\/fr\/wp-json\/wp\/v2\/product\/248734","targetHints":{"allow":["GET"]}}],"collection":[{"href":"https:\/\/ledsolintel.com\/fr\/wp-json\/wp\/v2\/product"}],"about":[{"href":"https:\/\/ledsolintel.com\/fr\/wp-json\/wp\/v2\/types\/product"}],"version-history":[{"count":0,"href":"https:\/\/ledsolintel.com\/fr\/wp-json\/wp\/v2\/product\/248734\/revisions"}],"wp:featuredmedia":[{"embeddable":true,"href":"https:\/\/ledsolintel.com\/fr\/wp-json\/wp\/v2\/media\/248733"}],"wp:attachment":[{"href":"https:\/\/ledsolintel.com\/fr\/wp-json\/wp\/v2\/media?parent=248734"}],"wp:term":[{"taxonomy":"product_brand","embeddable":true,"href":"https:\/\/ledsolintel.com\/fr\/wp-json\/wp\/v2\/product_brand?post=248734"},{"taxonomy":"product_cat","embeddable":true,"href":"https:\/\/ledsolintel.com\/fr\/wp-json\/wp\/v2\/product_cat?post=248734"},{"taxonomy":"product_tag","embeddable":true,"href":"https:\/\/ledsolintel.com\/fr\/wp-json\/wp\/v2\/product_tag?post=248734"}],"curies":[{"name":"wp","href":"https:\/\/api.w.org\/{rel}","templated":true}]}}