{"id":248472,"date":"2024-05-22T14:27:55","date_gmt":"2024-05-22T12:27:55","guid":{"rendered":"https:\/\/nueva.ledsolintel.com\/product\/woj14641-lampara-standard-led-cristal-e27-38w-6000k-806-lm-spectrum\/"},"modified":"2024-05-22T14:27:55","modified_gmt":"2024-05-22T12:27:55","slug":"woj14641-ampoule-led-cristal-standard-e27-38w-6000k-806-lm-spectre","status":"publish","type":"product","link":"https:\/\/ledsolintel.com\/fr\/produit-2\/woj14641-ampoule-led-cristal-standard-e27-38w-6000k-806-lm-spectre\/","title":{"rendered":"WOJ+14641 STANDARD LED CRYSTAL LAMP E27 3,8W 6000K 806 Lm SPECTRUM"},"content":{"rendered":"<p>Efficacit\u00e9 lumineuse tr\u00e8s \u00e9lev\u00e9e d'au moins 210 lm\/W Garantie de 5 ans. La dur\u00e9e de vie de 50 000 heures de lumi\u00e8re est presque 3,5 fois sup\u00e9rieure \u00e0 celle des ampoules standard. La construction en verre durable et les filaments COG signifient que l'ampoule consomme tr\u00e8s peu d'\u00e9lectricit\u00e9.<\/p>","protected":false},"excerpt":{"rendered":"<p>Efficacit\u00e9 lumineuse tr\u00e8s \u00e9lev\u00e9e d'au moins 210 lm\/W Garantie de 5 ans. La dur\u00e9e de vie de 50 000 heures de lumi\u00e8re est presque 3,5 fois sup\u00e9rieure \u00e0 celle des ampoules standard. La construction en verre durable et les filaments COG signifient que l'ampoule consomme tr\u00e8s peu d'\u00e9lectricit\u00e9.<\/p>","protected":false},"featured_media":248471,"template":"","meta":[],"product_brand":[99401],"product_cat":[99601],"product_tag":[],"class_list":{"0":"post-248472","1":"product","2":"type-product","3":"status-publish","4":"has-post-thumbnail","6":"product_brand-spectrum","7":"product_cat-gyemo","10":"instock","11":"taxable","12":"shipping-taxable","13":"purchasable","14":"product-type-simple"},"yoast_head":"<!-- This site is optimized with the Yoast SEO plugin v26.6 - https:\/\/yoast.com\/wordpress\/plugins\/seo\/ -->\n<title>WOJ+14641 LAMPARA STANDARD LED CRISTAL E27 3,8W 6000K 806 Lm SPECTRUM - Ledsolintel<\/title>\n<meta name=\"robots\" content=\"index, follow, max-snippet:-1, max-image-preview:large, max-video-preview:-1\" \/>\n<link rel=\"canonical\" href=\"https:\/\/ledsolintel.com\/fr\/produit-2\/woj14641-ampoule-led-cristal-standard-e27-38w-6000k-806-lm-spectre\/\" \/>\n<meta property=\"og:locale\" content=\"fr_FR\" \/>\n<meta property=\"og:type\" content=\"article\" \/>\n<meta property=\"og:title\" content=\"WOJ+14641 LAMPARA STANDARD LED CRISTAL E27 3,8W 6000K 806 Lm SPECTRUM - Ledsolintel\" \/>\n<meta property=\"og:description\" content=\"Muy alta eficiencia luminosa de al menos 210 lm\/W5 a\u00f1os de garant\u00eda. La durabilidad de 50.000 horas de luz es casi 3,5 veces mayor que las bombillas est\u00e1ndar. La construcci\u00f3n de vidrio y filamentos COG duraderos hace que la bombilla consuma poca electrici\" \/>\n<meta property=\"og:url\" content=\"https:\/\/ledsolintel.com\/fr\/produit-2\/woj14641-ampoule-led-cristal-standard-e27-38w-6000k-806-lm-spectre\/\" \/>\n<meta property=\"og:site_name\" content=\"Ledsolintel\" \/>\n<meta property=\"article:publisher\" content=\"http:\/\/www.facebook.com\/webmenaje\" \/>\n<meta property=\"og:image\" content=\"https:\/\/ledsolintel.com\/wp-content\/uploads\/2024\/05\/23324-WOJ14641-LAMPARA-STANDARD-LED-CRISTAL-E27-38W-6000K-806-Lm-SPECTRUM.jpg\" \/>\n\t<meta property=\"og:image:width\" content=\"1\" \/>\n\t<meta property=\"og:image:height\" content=\"1\" \/>\n\t<meta property=\"og:image:type\" content=\"image\/jpeg\" \/>\n<meta name=\"twitter:card\" content=\"summary_large_image\" \/>\n<meta name=\"twitter:site\" content=\"@webmenaje\" \/>\n<script type=\"application\/ld+json\" class=\"yoast-schema-graph\">{\"@context\":\"https:\/\/schema.org\",\"@graph\":[{\"@type\":\"WebPage\",\"@id\":\"https:\/\/ledsolintel.com\/product\/woj14641-lampara-standard-led-cristal-e27-38w-6000k-806-lm-spectrum\/\",\"url\":\"https:\/\/ledsolintel.com\/product\/woj14641-lampara-standard-led-cristal-e27-38w-6000k-806-lm-spectrum\/\",\"name\":\"WOJ+14641 LAMPARA STANDARD LED CRISTAL E27 3,8W 6000K 806 Lm SPECTRUM - Ledsolintel\",\"isPartOf\":{\"@id\":\"https:\/\/ledsolintel.com\/#website\"},\"primaryImageOfPage\":{\"@id\":\"https:\/\/ledsolintel.com\/product\/woj14641-lampara-standard-led-cristal-e27-38w-6000k-806-lm-spectrum\/#primaryimage\"},\"image\":{\"@id\":\"https:\/\/ledsolintel.com\/product\/woj14641-lampara-standard-led-cristal-e27-38w-6000k-806-lm-spectrum\/#primaryimage\"},\"thumbnailUrl\":\"https:\/\/ledsolintel.com\/wp-content\/uploads\/2024\/05\/23324-WOJ14641-LAMPARA-STANDARD-LED-CRISTAL-E27-38W-6000K-806-Lm-SPECTRUM.jpg\",\"datePublished\":\"2024-05-22T12:27:55+00:00\",\"breadcrumb\":{\"@id\":\"https:\/\/ledsolintel.com\/product\/woj14641-lampara-standard-led-cristal-e27-38w-6000k-806-lm-spectrum\/#breadcrumb\"},\"inLanguage\":\"fr-FR\",\"potentialAction\":[{\"@type\":\"ReadAction\",\"target\":[\"https:\/\/ledsolintel.com\/product\/woj14641-lampara-standard-led-cristal-e27-38w-6000k-806-lm-spectrum\/\"]}]},{\"@type\":\"ImageObject\",\"inLanguage\":\"fr-FR\",\"@id\":\"https:\/\/ledsolintel.com\/product\/woj14641-lampara-standard-led-cristal-e27-38w-6000k-806-lm-spectrum\/#primaryimage\",\"url\":\"https:\/\/ledsolintel.com\/wp-content\/uploads\/2024\/05\/23324-WOJ14641-LAMPARA-STANDARD-LED-CRISTAL-E27-38W-6000K-806-Lm-SPECTRUM.jpg\",\"contentUrl\":\"https:\/\/ledsolintel.com\/wp-content\/uploads\/2024\/05\/23324-WOJ14641-LAMPARA-STANDARD-LED-CRISTAL-E27-38W-6000K-806-Lm-SPECTRUM.jpg\",\"caption\":\"WOJ+14641 LAMPARA STANDARD LED CRISTAL E27 3,8W 6000K 806 Lm SPECTRUM\"},{\"@type\":\"BreadcrumbList\",\"@id\":\"https:\/\/ledsolintel.com\/product\/woj14641-lampara-standard-led-cristal-e27-38w-6000k-806-lm-spectrum\/#breadcrumb\",\"itemListElement\":[{\"@type\":\"ListItem\",\"position\":1,\"name\":\"Portada\",\"item\":\"https:\/\/ledsolintel.com\/fr\/\"},{\"@type\":\"ListItem\",\"position\":2,\"name\":\"Tienda\",\"item\":\"https:\/\/ledsolintel.com\/tienda\/\"},{\"@type\":\"ListItem\",\"position\":3,\"name\":\"WOJ+14641 LAMPARA STANDARD LED CRISTAL E27 3,8W 6000K 806 Lm SPECTRUM\"}]},{\"@type\":\"WebSite\",\"@id\":\"https:\/\/ledsolintel.com\/#website\",\"url\":\"https:\/\/ledsolintel.com\/\",\"name\":\"Webmenaje\",\"description\":\"Tienda de bombillas y l\u00e1mparas LED para profesionales\",\"publisher\":{\"@id\":\"https:\/\/ledsolintel.com\/#organization\"},\"potentialAction\":[{\"@type\":\"SearchAction\",\"target\":{\"@type\":\"EntryPoint\",\"urlTemplate\":\"https:\/\/ledsolintel.com\/?s={search_term_string}\"},\"query-input\":{\"@type\":\"PropertyValueSpecification\",\"valueRequired\":true,\"valueName\":\"search_term_string\"}}],\"inLanguage\":\"fr-FR\"},{\"@type\":\"Organization\",\"@id\":\"https:\/\/ledsolintel.com\/#organization\",\"name\":\"Solintel Noroeste, S.L.\",\"url\":\"https:\/\/ledsolintel.com\/\",\"logo\":{\"@type\":\"ImageObject\",\"inLanguage\":\"fr-FR\",\"@id\":\"https:\/\/ledsolintel.com\/#\/schema\/logo\/image\/\",\"url\":\"https:\/\/ledsolintel.com\/wp-content\/uploads\/2024\/11\/webmenaje-logo-1508269066.jpg\",\"contentUrl\":\"https:\/\/ledsolintel.com\/wp-content\/uploads\/2024\/11\/webmenaje-logo-1508269066.jpg\",\"width\":370,\"height\":90,\"caption\":\"Solintel Noroeste, S.L.\"},\"image\":{\"@id\":\"https:\/\/ledsolintel.com\/#\/schema\/logo\/image\/\"},\"sameAs\":[\"http:\/\/www.facebook.com\/webmenaje\",\"https:\/\/x.com\/webmenaje\",\"https:\/\/www.youtube.com\/channel\/UCX2KoVoeCG4LocZjUc6LmSQ\",\"http:\/\/www.pinterest.com\/webmenaje\"]}]}<\/script>\n<!-- \/ Yoast SEO plugin. -->","yoast_head_json":{"title":"WOJ+14641 STANDARD LED CRYSTAL LAMP E27 3,8W 6000K 806 Lm SPECTRUM - Ledsolintel","robots":{"index":"index","follow":"follow","max-snippet":"max-snippet:-1","max-image-preview":"max-image-preview:large","max-video-preview":"max-video-preview:-1"},"canonical":"https:\/\/ledsolintel.com\/fr\/produit-2\/woj14641-ampoule-led-cristal-standard-e27-38w-6000k-806-lm-spectre\/","og_locale":"fr_FR","og_type":"article","og_title":"WOJ+14641 LAMPARA STANDARD LED CRISTAL E27 3,8W 6000K 806 Lm SPECTRUM - Ledsolintel","og_description":"Muy alta eficiencia luminosa de al menos 210 lm\/W5 a\u00f1os de garant\u00eda. La durabilidad de 50.000 horas de luz es casi 3,5 veces mayor que las bombillas est\u00e1ndar. La construcci\u00f3n de vidrio y filamentos COG duraderos hace que la bombilla consuma poca electrici","og_url":"https:\/\/ledsolintel.com\/fr\/produit-2\/woj14641-ampoule-led-cristal-standard-e27-38w-6000k-806-lm-spectre\/","og_site_name":"Ledsolintel","article_publisher":"http:\/\/www.facebook.com\/webmenaje","og_image":[{"url":"https:\/\/ledsolintel.com\/wp-content\/uploads\/2024\/05\/23324-WOJ14641-LAMPARA-STANDARD-LED-CRISTAL-E27-38W-6000K-806-Lm-SPECTRUM.jpg","width":1,"height":1,"type":"image\/jpeg"}],"twitter_card":"summary_large_image","twitter_site":"@webmenaje","schema":{"@context":"https:\/\/schema.org","@graph":[{"@type":"WebPage","@id":"https:\/\/ledsolintel.com\/product\/woj14641-lampara-standard-led-cristal-e27-38w-6000k-806-lm-spectrum\/","url":"https:\/\/ledsolintel.com\/product\/woj14641-lampara-standard-led-cristal-e27-38w-6000k-806-lm-spectrum\/","name":"WOJ+14641 STANDARD LED CRYSTAL LAMP E27 3,8W 6000K 806 Lm SPECTRUM - Ledsolintel","isPartOf":{"@id":"https:\/\/ledsolintel.com\/#website"},"primaryImageOfPage":{"@id":"https:\/\/ledsolintel.com\/product\/woj14641-lampara-standard-led-cristal-e27-38w-6000k-806-lm-spectrum\/#primaryimage"},"image":{"@id":"https:\/\/ledsolintel.com\/product\/woj14641-lampara-standard-led-cristal-e27-38w-6000k-806-lm-spectrum\/#primaryimage"},"thumbnailUrl":"https:\/\/ledsolintel.com\/wp-content\/uploads\/2024\/05\/23324-WOJ14641-LAMPARA-STANDARD-LED-CRISTAL-E27-38W-6000K-806-Lm-SPECTRUM.jpg","datePublished":"2024-05-22T12:27:55+00:00","breadcrumb":{"@id":"https:\/\/ledsolintel.com\/product\/woj14641-lampara-standard-led-cristal-e27-38w-6000k-806-lm-spectrum\/#breadcrumb"},"inLanguage":"fr-FR","potentialAction":[{"@type":"ReadAction","target":["https:\/\/ledsolintel.com\/product\/woj14641-lampara-standard-led-cristal-e27-38w-6000k-806-lm-spectrum\/"]}]},{"@type":"ImageObject","inLanguage":"fr-FR","@id":"https:\/\/ledsolintel.com\/product\/woj14641-lampara-standard-led-cristal-e27-38w-6000k-806-lm-spectrum\/#primaryimage","url":"https:\/\/ledsolintel.com\/wp-content\/uploads\/2024\/05\/23324-WOJ14641-LAMPARA-STANDARD-LED-CRISTAL-E27-38W-6000K-806-Lm-SPECTRUM.jpg","contentUrl":"https:\/\/ledsolintel.com\/wp-content\/uploads\/2024\/05\/23324-WOJ14641-LAMPARA-STANDARD-LED-CRISTAL-E27-38W-6000K-806-Lm-SPECTRUM.jpg","caption":"WOJ+14641 LAMPARA STANDARD LED CRISTAL E27 3,8W 6000K 806 Lm SPECTRUM"},{"@type":"BreadcrumbList","@id":"https:\/\/ledsolintel.com\/product\/woj14641-lampara-standard-led-cristal-e27-38w-6000k-806-lm-spectrum\/#breadcrumb","itemListElement":[{"@type":"ListItem","position":1,"name":"Portada","item":"https:\/\/ledsolintel.com\/fr\/"},{"@type":"ListItem","position":2,"name":"Tienda","item":"https:\/\/ledsolintel.com\/tienda\/"},{"@type":"ListItem","position":3,"name":"WOJ+14641 LAMPARA STANDARD LED CRISTAL E27 3,8W 6000K 806 Lm SPECTRUM"}]},{"@type":"WebSite","@id":"https:\/\/ledsolintel.com\/#website","url":"https:\/\/ledsolintel.com\/","name":"Webmenaje","description":"Magasin d'ampoules et de lampes LED pour les professionnels","publisher":{"@id":"https:\/\/ledsolintel.com\/#organization"},"potentialAction":[{"@type":"SearchAction","target":{"@type":"EntryPoint","urlTemplate":"https:\/\/ledsolintel.com\/?s={search_term_string}"},"query-input":{"@type":"PropertyValueSpecification","valueRequired":true,"valueName":"search_term_string"}}],"inLanguage":"fr-FR"},{"@type":"Organization","@id":"https:\/\/ledsolintel.com\/#organization","name":"Solintel Noroeste, S.L.","url":"https:\/\/ledsolintel.com\/","logo":{"@type":"ImageObject","inLanguage":"fr-FR","@id":"https:\/\/ledsolintel.com\/#\/schema\/logo\/image\/","url":"https:\/\/ledsolintel.com\/wp-content\/uploads\/2024\/11\/webmenaje-logo-1508269066.jpg","contentUrl":"https:\/\/ledsolintel.com\/wp-content\/uploads\/2024\/11\/webmenaje-logo-1508269066.jpg","width":370,"height":90,"caption":"Solintel Noroeste, S.L."},"image":{"@id":"https:\/\/ledsolintel.com\/#\/schema\/logo\/image\/"},"sameAs":["http:\/\/www.facebook.com\/webmenaje","https:\/\/x.com\/webmenaje","https:\/\/www.youtube.com\/channel\/UCX2KoVoeCG4LocZjUc6LmSQ","http:\/\/www.pinterest.com\/webmenaje"]}]}},"_links":{"self":[{"href":"https:\/\/ledsolintel.com\/fr\/wp-json\/wp\/v2\/product\/248472","targetHints":{"allow":["GET"]}}],"collection":[{"href":"https:\/\/ledsolintel.com\/fr\/wp-json\/wp\/v2\/product"}],"about":[{"href":"https:\/\/ledsolintel.com\/fr\/wp-json\/wp\/v2\/types\/product"}],"version-history":[{"count":0,"href":"https:\/\/ledsolintel.com\/fr\/wp-json\/wp\/v2\/product\/248472\/revisions"}],"wp:featuredmedia":[{"embeddable":true,"href":"https:\/\/ledsolintel.com\/fr\/wp-json\/wp\/v2\/media\/248471"}],"wp:attachment":[{"href":"https:\/\/ledsolintel.com\/fr\/wp-json\/wp\/v2\/media?parent=248472"}],"wp:term":[{"taxonomy":"product_brand","embeddable":true,"href":"https:\/\/ledsolintel.com\/fr\/wp-json\/wp\/v2\/product_brand?post=248472"},{"taxonomy":"product_cat","embeddable":true,"href":"https:\/\/ledsolintel.com\/fr\/wp-json\/wp\/v2\/product_cat?post=248472"},{"taxonomy":"product_tag","embeddable":true,"href":"https:\/\/ledsolintel.com\/fr\/wp-json\/wp\/v2\/product_tag?post=248472"}],"curies":[{"name":"wp","href":"https:\/\/api.w.org\/{rel}","templated":true}]}}