{"id":248441,"date":"2024-05-22T14:27:55","date_gmt":"2024-05-22T12:27:55","guid":{"rendered":"https:\/\/nueva.ledsolintel.com\/product\/200695049-lampara-vela-led-e14-6w-6000k-490lm-libertina\/"},"modified":"2024-05-22T14:27:55","modified_gmt":"2024-05-22T12:27:55","slug":"200695049-e14-lampe-bougie-led-6w-6000k-490lm-libertina","status":"publish","type":"product","link":"https:\/\/ledsolintel.com\/fr\/produit-2\/200695049-e14-lampe-bougie-led-6w-6000k-490lm-libertina\/","title":{"rendered":"200695049 Lampe LED E14 6W 6000K 490Lm LIBERTINA"},"content":{"rendered":"<p>Id\u00e9al pour une utilisation \u00e0 l'int\u00e9rieur.   R\u00e9duit la consommation, l'entretien, ne scintille pas, prot\u00e8ge l'environnement, ne contient pas de mercure.<\/p>","protected":false},"excerpt":{"rendered":"<p>Id\u00e9al pour une utilisation \u00e0 l'int\u00e9rieur. R\u00e9duit la consommation, l'entretien, ne scintille pas, prot\u00e8ge l'environnement, ne contient pas de mercure.<\/p>","protected":false},"featured_media":248440,"template":"","meta":[],"product_brand":[99411],"product_cat":[99601],"product_tag":[],"class_list":{"0":"post-248441","1":"product","2":"type-product","3":"status-publish","4":"has-post-thumbnail","6":"product_brand-libertina","7":"product_cat-gyemo","10":"instock","11":"taxable","12":"shipping-taxable","13":"purchasable","14":"product-type-simple"},"yoast_head":"<!-- This site is optimized with the Yoast SEO plugin v26.6 - https:\/\/yoast.com\/wordpress\/plugins\/seo\/ -->\n<title>200695049 LAMPARA VELA LED E14 6W 6000K 490Lm LIBERTINA - Ledsolintel<\/title>\n<meta name=\"robots\" content=\"index, follow, max-snippet:-1, max-image-preview:large, max-video-preview:-1\" \/>\n<link rel=\"canonical\" href=\"https:\/\/ledsolintel.com\/fr\/produit\/200695049-e14-lampe-bougie-led-6w-6000k-490lm-libertina\/\" \/>\n<meta property=\"og:locale\" content=\"fr_FR\" \/>\n<meta property=\"og:type\" content=\"article\" \/>\n<meta property=\"og:title\" content=\"200695049 LAMPARA VELA LED E14 6W 6000K 490Lm LIBERTINA - Ledsolintel\" \/>\n<meta property=\"og:description\" content=\"Ideal para su uso en interiores. Reduce el consumo, el mantenimiento, no parpadea, protege el medio ambiente, no contiene mercurio.\" \/>\n<meta property=\"og:url\" content=\"https:\/\/ledsolintel.com\/fr\/produit\/200695049-e14-lampe-bougie-led-6w-6000k-490lm-libertina\/\" \/>\n<meta property=\"og:site_name\" content=\"Ledsolintel\" \/>\n<meta property=\"article:publisher\" content=\"http:\/\/www.facebook.com\/webmenaje\" \/>\n<meta property=\"og:image\" content=\"https:\/\/ledsolintel.com\/wp-content\/uploads\/2024\/05\/23304-200695049-LAMPARA-VELA-LED-E14-6W-6000K-490Lm-LIBERTINA.jpg\" \/>\n\t<meta property=\"og:image:width\" content=\"1\" \/>\n\t<meta property=\"og:image:height\" content=\"1\" \/>\n\t<meta property=\"og:image:type\" content=\"image\/jpeg\" \/>\n<meta name=\"twitter:card\" content=\"summary_large_image\" \/>\n<meta name=\"twitter:site\" content=\"@webmenaje\" \/>\n<script type=\"application\/ld+json\" class=\"yoast-schema-graph\">{\"@context\":\"https:\/\/schema.org\",\"@graph\":[{\"@type\":\"WebPage\",\"@id\":\"https:\/\/ledsolintel.com\/en\/product\/200695049-lampara-vela-led-e14-6w-6000k-490lm-libertina\/\",\"url\":\"https:\/\/ledsolintel.com\/en\/product\/200695049-lampara-vela-led-e14-6w-6000k-490lm-libertina\/\",\"name\":\"200695049 LAMPARA VELA LED E14 6W 6000K 490Lm LIBERTINA - Ledsolintel\",\"isPartOf\":{\"@id\":\"https:\/\/ledsolintel.com\/#website\"},\"primaryImageOfPage\":{\"@id\":\"https:\/\/ledsolintel.com\/en\/product\/200695049-lampara-vela-led-e14-6w-6000k-490lm-libertina\/#primaryimage\"},\"image\":{\"@id\":\"https:\/\/ledsolintel.com\/en\/product\/200695049-lampara-vela-led-e14-6w-6000k-490lm-libertina\/#primaryimage\"},\"thumbnailUrl\":\"https:\/\/ledsolintel.com\/wp-content\/uploads\/2024\/05\/23304-200695049-LAMPARA-VELA-LED-E14-6W-6000K-490Lm-LIBERTINA.jpg\",\"datePublished\":\"2024-05-22T12:27:55+00:00\",\"breadcrumb\":{\"@id\":\"https:\/\/ledsolintel.com\/en\/product\/200695049-lampara-vela-led-e14-6w-6000k-490lm-libertina\/#breadcrumb\"},\"inLanguage\":\"fr-FR\",\"potentialAction\":[{\"@type\":\"ReadAction\",\"target\":[\"https:\/\/ledsolintel.com\/en\/product\/200695049-lampara-vela-led-e14-6w-6000k-490lm-libertina\/\"]}]},{\"@type\":\"ImageObject\",\"inLanguage\":\"fr-FR\",\"@id\":\"https:\/\/ledsolintel.com\/en\/product\/200695049-lampara-vela-led-e14-6w-6000k-490lm-libertina\/#primaryimage\",\"url\":\"https:\/\/ledsolintel.com\/wp-content\/uploads\/2024\/05\/23304-200695049-LAMPARA-VELA-LED-E14-6W-6000K-490Lm-LIBERTINA.jpg\",\"contentUrl\":\"https:\/\/ledsolintel.com\/wp-content\/uploads\/2024\/05\/23304-200695049-LAMPARA-VELA-LED-E14-6W-6000K-490Lm-LIBERTINA.jpg\",\"caption\":\"200695049 LAMPARA VELA LED E14 6W 6000K 490Lm LIBERTINA\"},{\"@type\":\"BreadcrumbList\",\"@id\":\"https:\/\/ledsolintel.com\/en\/product\/200695049-lampara-vela-led-e14-6w-6000k-490lm-libertina\/#breadcrumb\",\"itemListElement\":[{\"@type\":\"ListItem\",\"position\":1,\"name\":\"Portada\",\"item\":\"https:\/\/ledsolintel.com\/fr\/\"},{\"@type\":\"ListItem\",\"position\":2,\"name\":\"Tienda\",\"item\":\"https:\/\/ledsolintel.com\/tienda\/\"},{\"@type\":\"ListItem\",\"position\":3,\"name\":\"200695049 LAMPARA VELA LED E14 6W 6000K 490Lm LIBERTINA\"}]},{\"@type\":\"WebSite\",\"@id\":\"https:\/\/ledsolintel.com\/#website\",\"url\":\"https:\/\/ledsolintel.com\/\",\"name\":\"Webmenaje\",\"description\":\"Tienda de bombillas y l\u00e1mparas LED para profesionales\",\"publisher\":{\"@id\":\"https:\/\/ledsolintel.com\/#organization\"},\"potentialAction\":[{\"@type\":\"SearchAction\",\"target\":{\"@type\":\"EntryPoint\",\"urlTemplate\":\"https:\/\/ledsolintel.com\/?s={search_term_string}\"},\"query-input\":{\"@type\":\"PropertyValueSpecification\",\"valueRequired\":true,\"valueName\":\"search_term_string\"}}],\"inLanguage\":\"fr-FR\"},{\"@type\":\"Organization\",\"@id\":\"https:\/\/ledsolintel.com\/#organization\",\"name\":\"Solintel Noroeste, S.L.\",\"url\":\"https:\/\/ledsolintel.com\/\",\"logo\":{\"@type\":\"ImageObject\",\"inLanguage\":\"fr-FR\",\"@id\":\"https:\/\/ledsolintel.com\/#\/schema\/logo\/image\/\",\"url\":\"https:\/\/ledsolintel.com\/wp-content\/uploads\/2024\/11\/webmenaje-logo-1508269066.jpg\",\"contentUrl\":\"https:\/\/ledsolintel.com\/wp-content\/uploads\/2024\/11\/webmenaje-logo-1508269066.jpg\",\"width\":370,\"height\":90,\"caption\":\"Solintel Noroeste, S.L.\"},\"image\":{\"@id\":\"https:\/\/ledsolintel.com\/#\/schema\/logo\/image\/\"},\"sameAs\":[\"http:\/\/www.facebook.com\/webmenaje\",\"https:\/\/x.com\/webmenaje\",\"https:\/\/www.youtube.com\/channel\/UCX2KoVoeCG4LocZjUc6LmSQ\",\"http:\/\/www.pinterest.com\/webmenaje\"]}]}<\/script>\n<!-- \/ Yoast SEO plugin. -->","yoast_head_json":{"title":"200695049 BOUGIE LED E14 6W 6000K 490Lm LIBERTINE - Ledsolintel","robots":{"index":"index","follow":"follow","max-snippet":"max-snippet:-1","max-image-preview":"max-image-preview:large","max-video-preview":"max-video-preview:-1"},"canonical":"https:\/\/ledsolintel.com\/fr\/produit\/200695049-e14-lampe-bougie-led-6w-6000k-490lm-libertina\/","og_locale":"fr_FR","og_type":"article","og_title":"200695049 LAMPARA VELA LED E14 6W 6000K 490Lm LIBERTINA - Ledsolintel","og_description":"Ideal para su uso en interiores. Reduce el consumo, el mantenimiento, no parpadea, protege el medio ambiente, no contiene mercurio.","og_url":"https:\/\/ledsolintel.com\/fr\/produit\/200695049-e14-lampe-bougie-led-6w-6000k-490lm-libertina\/","og_site_name":"Ledsolintel","article_publisher":"http:\/\/www.facebook.com\/webmenaje","og_image":[{"url":"https:\/\/ledsolintel.com\/wp-content\/uploads\/2024\/05\/23304-200695049-LAMPARA-VELA-LED-E14-6W-6000K-490Lm-LIBERTINA.jpg","width":1,"height":1,"type":"image\/jpeg"}],"twitter_card":"summary_large_image","twitter_site":"@webmenaje","schema":{"@context":"https:\/\/schema.org","@graph":[{"@type":"WebPage","@id":"https:\/\/ledsolintel.com\/en\/product\/200695049-lampara-vela-led-e14-6w-6000k-490lm-libertina\/","url":"https:\/\/ledsolintel.com\/en\/product\/200695049-lampara-vela-led-e14-6w-6000k-490lm-libertina\/","name":"200695049 BOUGIE LED E14 6W 6000K 490Lm LIBERTINE - Ledsolintel","isPartOf":{"@id":"https:\/\/ledsolintel.com\/#website"},"primaryImageOfPage":{"@id":"https:\/\/ledsolintel.com\/en\/product\/200695049-lampara-vela-led-e14-6w-6000k-490lm-libertina\/#primaryimage"},"image":{"@id":"https:\/\/ledsolintel.com\/en\/product\/200695049-lampara-vela-led-e14-6w-6000k-490lm-libertina\/#primaryimage"},"thumbnailUrl":"https:\/\/ledsolintel.com\/wp-content\/uploads\/2024\/05\/23304-200695049-LAMPARA-VELA-LED-E14-6W-6000K-490Lm-LIBERTINA.jpg","datePublished":"2024-05-22T12:27:55+00:00","breadcrumb":{"@id":"https:\/\/ledsolintel.com\/en\/product\/200695049-lampara-vela-led-e14-6w-6000k-490lm-libertina\/#breadcrumb"},"inLanguage":"fr-FR","potentialAction":[{"@type":"ReadAction","target":["https:\/\/ledsolintel.com\/en\/product\/200695049-lampara-vela-led-e14-6w-6000k-490lm-libertina\/"]}]},{"@type":"ImageObject","inLanguage":"fr-FR","@id":"https:\/\/ledsolintel.com\/en\/product\/200695049-lampara-vela-led-e14-6w-6000k-490lm-libertina\/#primaryimage","url":"https:\/\/ledsolintel.com\/wp-content\/uploads\/2024\/05\/23304-200695049-LAMPARA-VELA-LED-E14-6W-6000K-490Lm-LIBERTINA.jpg","contentUrl":"https:\/\/ledsolintel.com\/wp-content\/uploads\/2024\/05\/23304-200695049-LAMPARA-VELA-LED-E14-6W-6000K-490Lm-LIBERTINA.jpg","caption":"200695049 LAMPARA VELA LED E14 6W 6000K 490Lm LIBERTINA"},{"@type":"BreadcrumbList","@id":"https:\/\/ledsolintel.com\/en\/product\/200695049-lampara-vela-led-e14-6w-6000k-490lm-libertina\/#breadcrumb","itemListElement":[{"@type":"ListItem","position":1,"name":"Portada","item":"https:\/\/ledsolintel.com\/fr\/"},{"@type":"ListItem","position":2,"name":"Tienda","item":"https:\/\/ledsolintel.com\/tienda\/"},{"@type":"ListItem","position":3,"name":"200695049 LAMPARA VELA LED E14 6W 6000K 490Lm LIBERTINA"}]},{"@type":"WebSite","@id":"https:\/\/ledsolintel.com\/#website","url":"https:\/\/ledsolintel.com\/","name":"Webmenaje","description":"Magasin d'ampoules et de lampes LED pour les professionnels","publisher":{"@id":"https:\/\/ledsolintel.com\/#organization"},"potentialAction":[{"@type":"SearchAction","target":{"@type":"EntryPoint","urlTemplate":"https:\/\/ledsolintel.com\/?s={search_term_string}"},"query-input":{"@type":"PropertyValueSpecification","valueRequired":true,"valueName":"search_term_string"}}],"inLanguage":"fr-FR"},{"@type":"Organization","@id":"https:\/\/ledsolintel.com\/#organization","name":"Solintel Noroeste, S.L.","url":"https:\/\/ledsolintel.com\/","logo":{"@type":"ImageObject","inLanguage":"fr-FR","@id":"https:\/\/ledsolintel.com\/#\/schema\/logo\/image\/","url":"https:\/\/ledsolintel.com\/wp-content\/uploads\/2024\/11\/webmenaje-logo-1508269066.jpg","contentUrl":"https:\/\/ledsolintel.com\/wp-content\/uploads\/2024\/11\/webmenaje-logo-1508269066.jpg","width":370,"height":90,"caption":"Solintel Noroeste, S.L."},"image":{"@id":"https:\/\/ledsolintel.com\/#\/schema\/logo\/image\/"},"sameAs":["http:\/\/www.facebook.com\/webmenaje","https:\/\/x.com\/webmenaje","https:\/\/www.youtube.com\/channel\/UCX2KoVoeCG4LocZjUc6LmSQ","http:\/\/www.pinterest.com\/webmenaje"]}]}},"_links":{"self":[{"href":"https:\/\/ledsolintel.com\/fr\/wp-json\/wp\/v2\/product\/248441","targetHints":{"allow":["GET"]}}],"collection":[{"href":"https:\/\/ledsolintel.com\/fr\/wp-json\/wp\/v2\/product"}],"about":[{"href":"https:\/\/ledsolintel.com\/fr\/wp-json\/wp\/v2\/types\/product"}],"version-history":[{"count":0,"href":"https:\/\/ledsolintel.com\/fr\/wp-json\/wp\/v2\/product\/248441\/revisions"}],"wp:featuredmedia":[{"embeddable":true,"href":"https:\/\/ledsolintel.com\/fr\/wp-json\/wp\/v2\/media\/248440"}],"wp:attachment":[{"href":"https:\/\/ledsolintel.com\/fr\/wp-json\/wp\/v2\/media?parent=248441"}],"wp:term":[{"taxonomy":"product_brand","embeddable":true,"href":"https:\/\/ledsolintel.com\/fr\/wp-json\/wp\/v2\/product_brand?post=248441"},{"taxonomy":"product_cat","embeddable":true,"href":"https:\/\/ledsolintel.com\/fr\/wp-json\/wp\/v2\/product_cat?post=248441"},{"taxonomy":"product_tag","embeddable":true,"href":"https:\/\/ledsolintel.com\/fr\/wp-json\/wp\/v2\/product_tag?post=248441"}],"curies":[{"name":"wp","href":"https:\/\/api.w.org\/{rel}","templated":true}]}}