{"id":248275,"date":"2024-05-22T14:27:55","date_gmt":"2024-05-22T12:27:55","guid":{"rendered":"https:\/\/nueva.ledsolintel.com\/product\/808591-lampara-standard-led-mate-a40-4w-40000-k-e27\/"},"modified":"2024-05-22T14:27:55","modified_gmt":"2024-05-22T12:27:55","slug":"808591-lampara-standard-led-mate-a40-4w-40000-k-e27","status":"publish","type":"product","link":"https:\/\/ledsolintel.com\/fr\/produit-2\/808591-lampara-standard-led-mate-a40-4w-40000-k-e27\/","title":{"rendered":"808591 LAMPE LED STANDARD MATT A40 4W \/ 40000 K E27"},"content":{"rendered":"<p>Lampes dot\u00e9es de la technologie LED \u201cfilament\u201d innovante Conception, dimensions et flux lumineux comparables \u00e0 ceux d'une lampe \u00e0 incandescence ou halog\u00e8ne Tr\u00e8s faible consommation d'\u00e9nergie Pas de rayonnement UV et proche IR dans le faisceau lumineux Lumi\u00e8re instantan\u00e9e<\/p>","protected":false},"excerpt":{"rendered":"<p>Lampes dot\u00e9es de la technologie LED \u201cfilament\u201d innovante Conception, dimensions et flux lumineux comparables \u00e0 ceux d'une lampe \u00e0 incandescence ou halog\u00e8ne Tr\u00e8s faible consommation d'\u00e9nergie Pas de rayonnement UV et proche IR dans le faisceau lumineux Lumi\u00e8re instantan\u00e9e<\/p>","protected":false},"featured_media":248274,"template":"","meta":[],"product_brand":[99391],"product_cat":[99601],"product_tag":[],"class_list":{"0":"post-248275","1":"product","2":"type-product","3":"status-publish","4":"has-post-thumbnail","6":"product_brand-osram","7":"product_cat-gyemo","10":"instock","11":"taxable","12":"shipping-taxable","13":"purchasable","14":"product-type-simple"},"yoast_head":"<!-- This site is optimized with the Yoast SEO plugin v26.6 - https:\/\/yoast.com\/wordpress\/plugins\/seo\/ -->\n<title>808591 LAMPARA STANDARD LED MATE A40 4W \/ 40000 K E27 - Ledsolintel<\/title>\n<meta name=\"robots\" content=\"index, follow, max-snippet:-1, max-image-preview:large, max-video-preview:-1\" \/>\n<link rel=\"canonical\" href=\"https:\/\/ledsolintel.com\/fr\/produit-2\/808591-lampara-standard-led-mate-a40-4w-40000-k-e27\/\" \/>\n<meta property=\"og:locale\" content=\"fr_FR\" \/>\n<meta property=\"og:type\" content=\"article\" \/>\n<meta property=\"og:title\" content=\"808591 LAMPARA STANDARD LED MATE A40 4W \/ 40000 K E27 - Ledsolintel\" \/>\n<meta property=\"og:description\" content=\"L\u00e1mparas con innovadora tecnolog\u00eda LED de &#8220;filamento&#8221; Dise\u00f1o, dimensiones y flujo luminoso comparable a los de una l\u00e1mpara incandescente o hal\u00f3gena Consumo de energ\u00eda muy bajo Sin radiaci\u00f3n UV ni radiaci\u00f3n de tipo IR cercano en el haz de luz Luz instant\u00e1n\" \/>\n<meta property=\"og:url\" content=\"https:\/\/ledsolintel.com\/fr\/produit-2\/808591-lampara-standard-led-mate-a40-4w-40000-k-e27\/\" \/>\n<meta property=\"og:site_name\" content=\"Ledsolintel\" \/>\n<meta property=\"article:publisher\" content=\"http:\/\/www.facebook.com\/webmenaje\" \/>\n<meta property=\"og:image\" content=\"https:\/\/ledsolintel.com\/wp-content\/uploads\/2024\/05\/23185-808591-LAMPARA-STANDARD-LED-MATE-A40-4W-40000-K-E27.jpg\" \/>\n\t<meta property=\"og:image:width\" content=\"1\" \/>\n\t<meta property=\"og:image:height\" content=\"1\" \/>\n\t<meta property=\"og:image:type\" content=\"image\/jpeg\" \/>\n<meta name=\"twitter:card\" content=\"summary_large_image\" \/>\n<meta name=\"twitter:site\" content=\"@webmenaje\" \/>\n<script type=\"application\/ld+json\" class=\"yoast-schema-graph\">{\"@context\":\"https:\/\/schema.org\",\"@graph\":[{\"@type\":\"WebPage\",\"@id\":\"https:\/\/ledsolintel.com\/product\/808591-lampara-standard-led-mate-a40-4w-40000-k-e27\/\",\"url\":\"https:\/\/ledsolintel.com\/product\/808591-lampara-standard-led-mate-a40-4w-40000-k-e27\/\",\"name\":\"808591 LAMPARA STANDARD LED MATE A40 4W \/ 40000 K E27 - Ledsolintel\",\"isPartOf\":{\"@id\":\"https:\/\/ledsolintel.com\/#website\"},\"primaryImageOfPage\":{\"@id\":\"https:\/\/ledsolintel.com\/product\/808591-lampara-standard-led-mate-a40-4w-40000-k-e27\/#primaryimage\"},\"image\":{\"@id\":\"https:\/\/ledsolintel.com\/product\/808591-lampara-standard-led-mate-a40-4w-40000-k-e27\/#primaryimage\"},\"thumbnailUrl\":\"https:\/\/ledsolintel.com\/wp-content\/uploads\/2024\/05\/23185-808591-LAMPARA-STANDARD-LED-MATE-A40-4W-40000-K-E27.jpg\",\"datePublished\":\"2024-05-22T12:27:55+00:00\",\"breadcrumb\":{\"@id\":\"https:\/\/ledsolintel.com\/product\/808591-lampara-standard-led-mate-a40-4w-40000-k-e27\/#breadcrumb\"},\"inLanguage\":\"fr-FR\",\"potentialAction\":[{\"@type\":\"ReadAction\",\"target\":[\"https:\/\/ledsolintel.com\/product\/808591-lampara-standard-led-mate-a40-4w-40000-k-e27\/\"]}]},{\"@type\":\"ImageObject\",\"inLanguage\":\"fr-FR\",\"@id\":\"https:\/\/ledsolintel.com\/product\/808591-lampara-standard-led-mate-a40-4w-40000-k-e27\/#primaryimage\",\"url\":\"https:\/\/ledsolintel.com\/wp-content\/uploads\/2024\/05\/23185-808591-LAMPARA-STANDARD-LED-MATE-A40-4W-40000-K-E27.jpg\",\"contentUrl\":\"https:\/\/ledsolintel.com\/wp-content\/uploads\/2024\/05\/23185-808591-LAMPARA-STANDARD-LED-MATE-A40-4W-40000-K-E27.jpg\",\"caption\":\"808591 LAMPARA STANDARD LED MATE A40 4W \/ 40000 K E27\"},{\"@type\":\"BreadcrumbList\",\"@id\":\"https:\/\/ledsolintel.com\/product\/808591-lampara-standard-led-mate-a40-4w-40000-k-e27\/#breadcrumb\",\"itemListElement\":[{\"@type\":\"ListItem\",\"position\":1,\"name\":\"Portada\",\"item\":\"https:\/\/ledsolintel.com\/fr\/\"},{\"@type\":\"ListItem\",\"position\":2,\"name\":\"Tienda\",\"item\":\"https:\/\/ledsolintel.com\/tienda\/\"},{\"@type\":\"ListItem\",\"position\":3,\"name\":\"808591 LAMPARA STANDARD LED MATE A40 4W \/ 40000 K E27\"}]},{\"@type\":\"WebSite\",\"@id\":\"https:\/\/ledsolintel.com\/#website\",\"url\":\"https:\/\/ledsolintel.com\/\",\"name\":\"Webmenaje\",\"description\":\"Tienda de bombillas y l\u00e1mparas LED para profesionales\",\"publisher\":{\"@id\":\"https:\/\/ledsolintel.com\/#organization\"},\"potentialAction\":[{\"@type\":\"SearchAction\",\"target\":{\"@type\":\"EntryPoint\",\"urlTemplate\":\"https:\/\/ledsolintel.com\/?s={search_term_string}\"},\"query-input\":{\"@type\":\"PropertyValueSpecification\",\"valueRequired\":true,\"valueName\":\"search_term_string\"}}],\"inLanguage\":\"fr-FR\"},{\"@type\":\"Organization\",\"@id\":\"https:\/\/ledsolintel.com\/#organization\",\"name\":\"Solintel Noroeste, S.L.\",\"url\":\"https:\/\/ledsolintel.com\/\",\"logo\":{\"@type\":\"ImageObject\",\"inLanguage\":\"fr-FR\",\"@id\":\"https:\/\/ledsolintel.com\/#\/schema\/logo\/image\/\",\"url\":\"https:\/\/ledsolintel.com\/wp-content\/uploads\/2024\/11\/webmenaje-logo-1508269066.jpg\",\"contentUrl\":\"https:\/\/ledsolintel.com\/wp-content\/uploads\/2024\/11\/webmenaje-logo-1508269066.jpg\",\"width\":370,\"height\":90,\"caption\":\"Solintel Noroeste, S.L.\"},\"image\":{\"@id\":\"https:\/\/ledsolintel.com\/#\/schema\/logo\/image\/\"},\"sameAs\":[\"http:\/\/www.facebook.com\/webmenaje\",\"https:\/\/x.com\/webmenaje\",\"https:\/\/www.youtube.com\/channel\/UCX2KoVoeCG4LocZjUc6LmSQ\",\"http:\/\/www.pinterest.com\/webmenaje\"]}]}<\/script>\n<!-- \/ Yoast SEO plugin. -->","yoast_head_json":{"title":"808591 LAMPARA STANDARD LED MATE A40 4W \/ 40000 K E27 - Ledsolintel","robots":{"index":"index","follow":"follow","max-snippet":"max-snippet:-1","max-image-preview":"max-image-preview:large","max-video-preview":"max-video-preview:-1"},"canonical":"https:\/\/ledsolintel.com\/fr\/produit-2\/808591-lampara-standard-led-mate-a40-4w-40000-k-e27\/","og_locale":"fr_FR","og_type":"article","og_title":"808591 LAMPARA STANDARD LED MATE A40 4W \/ 40000 K E27 - Ledsolintel","og_description":"L\u00e1mparas con innovadora tecnolog\u00eda LED de &#8220;filamento&#8221; Dise\u00f1o, dimensiones y flujo luminoso comparable a los de una l\u00e1mpara incandescente o hal\u00f3gena Consumo de energ\u00eda muy bajo Sin radiaci\u00f3n UV ni radiaci\u00f3n de tipo IR cercano en el haz de luz Luz instant\u00e1n","og_url":"https:\/\/ledsolintel.com\/fr\/produit-2\/808591-lampara-standard-led-mate-a40-4w-40000-k-e27\/","og_site_name":"Ledsolintel","article_publisher":"http:\/\/www.facebook.com\/webmenaje","og_image":[{"url":"https:\/\/ledsolintel.com\/wp-content\/uploads\/2024\/05\/23185-808591-LAMPARA-STANDARD-LED-MATE-A40-4W-40000-K-E27.jpg","width":1,"height":1,"type":"image\/jpeg"}],"twitter_card":"summary_large_image","twitter_site":"@webmenaje","schema":{"@context":"https:\/\/schema.org","@graph":[{"@type":"WebPage","@id":"https:\/\/ledsolintel.com\/product\/808591-lampara-standard-led-mate-a40-4w-40000-k-e27\/","url":"https:\/\/ledsolintel.com\/product\/808591-lampara-standard-led-mate-a40-4w-40000-k-e27\/","name":"808591 LAMPARA STANDARD LED MATE A40 4W \/ 40000 K E27 - Ledsolintel","isPartOf":{"@id":"https:\/\/ledsolintel.com\/#website"},"primaryImageOfPage":{"@id":"https:\/\/ledsolintel.com\/product\/808591-lampara-standard-led-mate-a40-4w-40000-k-e27\/#primaryimage"},"image":{"@id":"https:\/\/ledsolintel.com\/product\/808591-lampara-standard-led-mate-a40-4w-40000-k-e27\/#primaryimage"},"thumbnailUrl":"https:\/\/ledsolintel.com\/wp-content\/uploads\/2024\/05\/23185-808591-LAMPARA-STANDARD-LED-MATE-A40-4W-40000-K-E27.jpg","datePublished":"2024-05-22T12:27:55+00:00","breadcrumb":{"@id":"https:\/\/ledsolintel.com\/product\/808591-lampara-standard-led-mate-a40-4w-40000-k-e27\/#breadcrumb"},"inLanguage":"fr-FR","potentialAction":[{"@type":"ReadAction","target":["https:\/\/ledsolintel.com\/product\/808591-lampara-standard-led-mate-a40-4w-40000-k-e27\/"]}]},{"@type":"ImageObject","inLanguage":"fr-FR","@id":"https:\/\/ledsolintel.com\/product\/808591-lampara-standard-led-mate-a40-4w-40000-k-e27\/#primaryimage","url":"https:\/\/ledsolintel.com\/wp-content\/uploads\/2024\/05\/23185-808591-LAMPARA-STANDARD-LED-MATE-A40-4W-40000-K-E27.jpg","contentUrl":"https:\/\/ledsolintel.com\/wp-content\/uploads\/2024\/05\/23185-808591-LAMPARA-STANDARD-LED-MATE-A40-4W-40000-K-E27.jpg","caption":"808591 LAMPARA STANDARD LED MATE A40 4W \/ 40000 K E27"},{"@type":"BreadcrumbList","@id":"https:\/\/ledsolintel.com\/product\/808591-lampara-standard-led-mate-a40-4w-40000-k-e27\/#breadcrumb","itemListElement":[{"@type":"ListItem","position":1,"name":"Portada","item":"https:\/\/ledsolintel.com\/fr\/"},{"@type":"ListItem","position":2,"name":"Tienda","item":"https:\/\/ledsolintel.com\/tienda\/"},{"@type":"ListItem","position":3,"name":"808591 LAMPARA STANDARD LED MATE A40 4W \/ 40000 K E27"}]},{"@type":"WebSite","@id":"https:\/\/ledsolintel.com\/#website","url":"https:\/\/ledsolintel.com\/","name":"Webmenaje","description":"Magasin d'ampoules et de lampes LED pour les professionnels","publisher":{"@id":"https:\/\/ledsolintel.com\/#organization"},"potentialAction":[{"@type":"SearchAction","target":{"@type":"EntryPoint","urlTemplate":"https:\/\/ledsolintel.com\/?s={search_term_string}"},"query-input":{"@type":"PropertyValueSpecification","valueRequired":true,"valueName":"search_term_string"}}],"inLanguage":"fr-FR"},{"@type":"Organization","@id":"https:\/\/ledsolintel.com\/#organization","name":"Solintel Noroeste, S.L.","url":"https:\/\/ledsolintel.com\/","logo":{"@type":"ImageObject","inLanguage":"fr-FR","@id":"https:\/\/ledsolintel.com\/#\/schema\/logo\/image\/","url":"https:\/\/ledsolintel.com\/wp-content\/uploads\/2024\/11\/webmenaje-logo-1508269066.jpg","contentUrl":"https:\/\/ledsolintel.com\/wp-content\/uploads\/2024\/11\/webmenaje-logo-1508269066.jpg","width":370,"height":90,"caption":"Solintel Noroeste, S.L."},"image":{"@id":"https:\/\/ledsolintel.com\/#\/schema\/logo\/image\/"},"sameAs":["http:\/\/www.facebook.com\/webmenaje","https:\/\/x.com\/webmenaje","https:\/\/www.youtube.com\/channel\/UCX2KoVoeCG4LocZjUc6LmSQ","http:\/\/www.pinterest.com\/webmenaje"]}]}},"_links":{"self":[{"href":"https:\/\/ledsolintel.com\/fr\/wp-json\/wp\/v2\/product\/248275","targetHints":{"allow":["GET"]}}],"collection":[{"href":"https:\/\/ledsolintel.com\/fr\/wp-json\/wp\/v2\/product"}],"about":[{"href":"https:\/\/ledsolintel.com\/fr\/wp-json\/wp\/v2\/types\/product"}],"version-history":[{"count":0,"href":"https:\/\/ledsolintel.com\/fr\/wp-json\/wp\/v2\/product\/248275\/revisions"}],"wp:featuredmedia":[{"embeddable":true,"href":"https:\/\/ledsolintel.com\/fr\/wp-json\/wp\/v2\/media\/248274"}],"wp:attachment":[{"href":"https:\/\/ledsolintel.com\/fr\/wp-json\/wp\/v2\/media?parent=248275"}],"wp:term":[{"taxonomy":"product_brand","embeddable":true,"href":"https:\/\/ledsolintel.com\/fr\/wp-json\/wp\/v2\/product_brand?post=248275"},{"taxonomy":"product_cat","embeddable":true,"href":"https:\/\/ledsolintel.com\/fr\/wp-json\/wp\/v2\/product_cat?post=248275"},{"taxonomy":"product_tag","embeddable":true,"href":"https:\/\/ledsolintel.com\/fr\/wp-json\/wp\/v2\/product_tag?post=248275"}],"curies":[{"name":"wp","href":"https:\/\/api.w.org\/{rel}","templated":true}]}}