{"id":247863,"date":"2024-05-22T10:13:43","date_gmt":"2024-05-22T08:13:43","guid":{"rendered":"https:\/\/nueva.ledsolintel.com\/product\/021961-lampara-esferica-led-e27-49w-6500k-star-osram\/"},"modified":"2024-05-22T10:13:43","modified_gmt":"2024-05-22T08:13:43","slug":"021961-lampara-esferica-led-e27-49w-6500k-star-osram","status":"publish","type":"product","link":"https:\/\/ledsolintel.com\/fr\/produit-2\/021961-lampara-esferica-led-e27-49w-6500k-star-osram\/","title":{"rendered":"021961 LAMPE LED SPH\u00c9RIQUE E27 4,9W 6500K STAR OSRAM"},"content":{"rendered":"<p>Id\u00e9al pour les petites appliques murales. Fournit une lumi\u00e8re instantan\u00e9e \u00e0 la 100% sans temps de chauffe. Faible consommation d'\u00e9nergie et remplacement facile de la lampe classique gr\u00e2ce \u00e0 son design compact.<\/p>","protected":false},"excerpt":{"rendered":"<p>Id\u00e9al pour les petites appliques murales. Fournit une lumi\u00e8re instantan\u00e9e \u00e0 la 100% sans temps de chauffe. Faible consommation d'\u00e9nergie et remplacement facile de la lampe classique gr\u00e2ce \u00e0 son design compact.<\/p>","protected":false},"featured_media":247860,"template":"","meta":[],"product_brand":[99391],"product_cat":[99601],"product_tag":[],"class_list":{"0":"post-247863","1":"product","2":"type-product","3":"status-publish","4":"has-post-thumbnail","6":"product_brand-osram","7":"product_cat-gyemo","10":"instock","11":"taxable","12":"shipping-taxable","13":"purchasable","14":"product-type-simple"},"yoast_head":"<!-- This site is optimized with the Yoast SEO plugin v26.6 - https:\/\/yoast.com\/wordpress\/plugins\/seo\/ -->\n<title>021961 LAMPARA ESFERICA LED E27 4,9W 6500K STAR OSRAM - Ledsolintel<\/title>\n<meta name=\"robots\" content=\"index, follow, max-snippet:-1, max-image-preview:large, max-video-preview:-1\" \/>\n<link rel=\"canonical\" href=\"https:\/\/ledsolintel.com\/fr\/produit-2\/021961-lampara-esferica-led-e27-49w-6500k-star-osram\/\" \/>\n<meta property=\"og:locale\" content=\"fr_FR\" \/>\n<meta property=\"og:type\" content=\"article\" \/>\n<meta property=\"og:title\" content=\"021961 LAMPARA ESFERICA LED E27 4,9W 6500K STAR OSRAM - Ledsolintel\" \/>\n<meta property=\"og:description\" content=\"Ideal para apliques peque\u00f1os. Ofrece una luz instant\u00e1nea al 100% sin tiempo de calentamiento. Poco consumo de energ\u00eda y f\u00e1cil sustituci\u00f3n de l\u00e1mpara cl\u00e1sica gracias a su dise\u00f1o compacto.\" \/>\n<meta property=\"og:url\" content=\"https:\/\/ledsolintel.com\/fr\/produit-2\/021961-lampara-esferica-led-e27-49w-6500k-star-osram\/\" \/>\n<meta property=\"og:site_name\" content=\"Ledsolintel\" \/>\n<meta property=\"article:publisher\" content=\"http:\/\/www.facebook.com\/webmenaje\" \/>\n<meta property=\"og:image\" content=\"https:\/\/ledsolintel.com\/wp-content\/uploads\/2024\/05\/22994-021961-LAMPARA-ESFERICA-LED-E27-49W-6500K-STAR-OSRAM.jpg\" \/>\n\t<meta property=\"og:image:width\" content=\"1\" \/>\n\t<meta property=\"og:image:height\" content=\"1\" \/>\n\t<meta property=\"og:image:type\" content=\"image\/jpeg\" \/>\n<meta name=\"twitter:card\" content=\"summary_large_image\" \/>\n<meta name=\"twitter:site\" content=\"@webmenaje\" \/>\n<script type=\"application\/ld+json\" class=\"yoast-schema-graph\">{\"@context\":\"https:\/\/schema.org\",\"@graph\":[{\"@type\":\"WebPage\",\"@id\":\"https:\/\/ledsolintel.com\/product\/021961-lampara-esferica-led-e27-49w-6500k-star-osram\/\",\"url\":\"https:\/\/ledsolintel.com\/product\/021961-lampara-esferica-led-e27-49w-6500k-star-osram\/\",\"name\":\"021961 LAMPARA ESFERICA LED E27 4,9W 6500K STAR OSRAM - Ledsolintel\",\"isPartOf\":{\"@id\":\"https:\/\/ledsolintel.com\/#website\"},\"primaryImageOfPage\":{\"@id\":\"https:\/\/ledsolintel.com\/product\/021961-lampara-esferica-led-e27-49w-6500k-star-osram\/#primaryimage\"},\"image\":{\"@id\":\"https:\/\/ledsolintel.com\/product\/021961-lampara-esferica-led-e27-49w-6500k-star-osram\/#primaryimage\"},\"thumbnailUrl\":\"https:\/\/ledsolintel.com\/wp-content\/uploads\/2024\/05\/22994-021961-LAMPARA-ESFERICA-LED-E27-49W-6500K-STAR-OSRAM.jpg\",\"datePublished\":\"2024-05-22T08:13:43+00:00\",\"breadcrumb\":{\"@id\":\"https:\/\/ledsolintel.com\/product\/021961-lampara-esferica-led-e27-49w-6500k-star-osram\/#breadcrumb\"},\"inLanguage\":\"fr-FR\",\"potentialAction\":[{\"@type\":\"ReadAction\",\"target\":[\"https:\/\/ledsolintel.com\/product\/021961-lampara-esferica-led-e27-49w-6500k-star-osram\/\"]}]},{\"@type\":\"ImageObject\",\"inLanguage\":\"fr-FR\",\"@id\":\"https:\/\/ledsolintel.com\/product\/021961-lampara-esferica-led-e27-49w-6500k-star-osram\/#primaryimage\",\"url\":\"https:\/\/ledsolintel.com\/wp-content\/uploads\/2024\/05\/22994-021961-LAMPARA-ESFERICA-LED-E27-49W-6500K-STAR-OSRAM.jpg\",\"contentUrl\":\"https:\/\/ledsolintel.com\/wp-content\/uploads\/2024\/05\/22994-021961-LAMPARA-ESFERICA-LED-E27-49W-6500K-STAR-OSRAM.jpg\",\"caption\":\"021961 LAMPARA ESFERICA LED E27 4,9W 6500K STAR OSRAM\"},{\"@type\":\"BreadcrumbList\",\"@id\":\"https:\/\/ledsolintel.com\/product\/021961-lampara-esferica-led-e27-49w-6500k-star-osram\/#breadcrumb\",\"itemListElement\":[{\"@type\":\"ListItem\",\"position\":1,\"name\":\"Portada\",\"item\":\"https:\/\/ledsolintel.com\/fr\/\"},{\"@type\":\"ListItem\",\"position\":2,\"name\":\"Tienda\",\"item\":\"https:\/\/ledsolintel.com\/tienda\/\"},{\"@type\":\"ListItem\",\"position\":3,\"name\":\"021961 LAMPARA ESFERICA LED E27 4,9W 6500K STAR OSRAM\"}]},{\"@type\":\"WebSite\",\"@id\":\"https:\/\/ledsolintel.com\/#website\",\"url\":\"https:\/\/ledsolintel.com\/\",\"name\":\"Webmenaje\",\"description\":\"Tienda de bombillas y l\u00e1mparas LED para profesionales\",\"publisher\":{\"@id\":\"https:\/\/ledsolintel.com\/#organization\"},\"potentialAction\":[{\"@type\":\"SearchAction\",\"target\":{\"@type\":\"EntryPoint\",\"urlTemplate\":\"https:\/\/ledsolintel.com\/?s={search_term_string}\"},\"query-input\":{\"@type\":\"PropertyValueSpecification\",\"valueRequired\":true,\"valueName\":\"search_term_string\"}}],\"inLanguage\":\"fr-FR\"},{\"@type\":\"Organization\",\"@id\":\"https:\/\/ledsolintel.com\/#organization\",\"name\":\"Solintel Noroeste, S.L.\",\"url\":\"https:\/\/ledsolintel.com\/\",\"logo\":{\"@type\":\"ImageObject\",\"inLanguage\":\"fr-FR\",\"@id\":\"https:\/\/ledsolintel.com\/#\/schema\/logo\/image\/\",\"url\":\"https:\/\/ledsolintel.com\/wp-content\/uploads\/2024\/11\/webmenaje-logo-1508269066.jpg\",\"contentUrl\":\"https:\/\/ledsolintel.com\/wp-content\/uploads\/2024\/11\/webmenaje-logo-1508269066.jpg\",\"width\":370,\"height\":90,\"caption\":\"Solintel Noroeste, S.L.\"},\"image\":{\"@id\":\"https:\/\/ledsolintel.com\/#\/schema\/logo\/image\/\"},\"sameAs\":[\"http:\/\/www.facebook.com\/webmenaje\",\"https:\/\/x.com\/webmenaje\",\"https:\/\/www.youtube.com\/channel\/UCX2KoVoeCG4LocZjUc6LmSQ\",\"http:\/\/www.pinterest.com\/webmenaje\"]}]}<\/script>\n<!-- \/ Yoast SEO plugin. -->","yoast_head_json":{"title":"021961 LAMPARA ESFERICA LED E27 4,9W 6500K STAR OSRAM - Ledsolintel","robots":{"index":"index","follow":"follow","max-snippet":"max-snippet:-1","max-image-preview":"max-image-preview:large","max-video-preview":"max-video-preview:-1"},"canonical":"https:\/\/ledsolintel.com\/fr\/produit-2\/021961-lampara-esferica-led-e27-49w-6500k-star-osram\/","og_locale":"fr_FR","og_type":"article","og_title":"021961 LAMPARA ESFERICA LED E27 4,9W 6500K STAR OSRAM - Ledsolintel","og_description":"Ideal para apliques peque\u00f1os. Ofrece una luz instant\u00e1nea al 100% sin tiempo de calentamiento. Poco consumo de energ\u00eda y f\u00e1cil sustituci\u00f3n de l\u00e1mpara cl\u00e1sica gracias a su dise\u00f1o compacto.","og_url":"https:\/\/ledsolintel.com\/fr\/produit-2\/021961-lampara-esferica-led-e27-49w-6500k-star-osram\/","og_site_name":"Ledsolintel","article_publisher":"http:\/\/www.facebook.com\/webmenaje","og_image":[{"url":"https:\/\/ledsolintel.com\/wp-content\/uploads\/2024\/05\/22994-021961-LAMPARA-ESFERICA-LED-E27-49W-6500K-STAR-OSRAM.jpg","width":1,"height":1,"type":"image\/jpeg"}],"twitter_card":"summary_large_image","twitter_site":"@webmenaje","schema":{"@context":"https:\/\/schema.org","@graph":[{"@type":"WebPage","@id":"https:\/\/ledsolintel.com\/product\/021961-lampara-esferica-led-e27-49w-6500k-star-osram\/","url":"https:\/\/ledsolintel.com\/product\/021961-lampara-esferica-led-e27-49w-6500k-star-osram\/","name":"021961 LAMPARA ESFERICA LED E27 4,9W 6500K STAR OSRAM - Ledsolintel","isPartOf":{"@id":"https:\/\/ledsolintel.com\/#website"},"primaryImageOfPage":{"@id":"https:\/\/ledsolintel.com\/product\/021961-lampara-esferica-led-e27-49w-6500k-star-osram\/#primaryimage"},"image":{"@id":"https:\/\/ledsolintel.com\/product\/021961-lampara-esferica-led-e27-49w-6500k-star-osram\/#primaryimage"},"thumbnailUrl":"https:\/\/ledsolintel.com\/wp-content\/uploads\/2024\/05\/22994-021961-LAMPARA-ESFERICA-LED-E27-49W-6500K-STAR-OSRAM.jpg","datePublished":"2024-05-22T08:13:43+00:00","breadcrumb":{"@id":"https:\/\/ledsolintel.com\/product\/021961-lampara-esferica-led-e27-49w-6500k-star-osram\/#breadcrumb"},"inLanguage":"fr-FR","potentialAction":[{"@type":"ReadAction","target":["https:\/\/ledsolintel.com\/product\/021961-lampara-esferica-led-e27-49w-6500k-star-osram\/"]}]},{"@type":"ImageObject","inLanguage":"fr-FR","@id":"https:\/\/ledsolintel.com\/product\/021961-lampara-esferica-led-e27-49w-6500k-star-osram\/#primaryimage","url":"https:\/\/ledsolintel.com\/wp-content\/uploads\/2024\/05\/22994-021961-LAMPARA-ESFERICA-LED-E27-49W-6500K-STAR-OSRAM.jpg","contentUrl":"https:\/\/ledsolintel.com\/wp-content\/uploads\/2024\/05\/22994-021961-LAMPARA-ESFERICA-LED-E27-49W-6500K-STAR-OSRAM.jpg","caption":"021961 LAMPARA ESFERICA LED E27 4,9W 6500K STAR OSRAM"},{"@type":"BreadcrumbList","@id":"https:\/\/ledsolintel.com\/product\/021961-lampara-esferica-led-e27-49w-6500k-star-osram\/#breadcrumb","itemListElement":[{"@type":"ListItem","position":1,"name":"Portada","item":"https:\/\/ledsolintel.com\/fr\/"},{"@type":"ListItem","position":2,"name":"Tienda","item":"https:\/\/ledsolintel.com\/tienda\/"},{"@type":"ListItem","position":3,"name":"021961 LAMPARA ESFERICA LED E27 4,9W 6500K STAR OSRAM"}]},{"@type":"WebSite","@id":"https:\/\/ledsolintel.com\/#website","url":"https:\/\/ledsolintel.com\/","name":"Webmenaje","description":"Magasin d'ampoules et de lampes LED pour les professionnels","publisher":{"@id":"https:\/\/ledsolintel.com\/#organization"},"potentialAction":[{"@type":"SearchAction","target":{"@type":"EntryPoint","urlTemplate":"https:\/\/ledsolintel.com\/?s={search_term_string}"},"query-input":{"@type":"PropertyValueSpecification","valueRequired":true,"valueName":"search_term_string"}}],"inLanguage":"fr-FR"},{"@type":"Organization","@id":"https:\/\/ledsolintel.com\/#organization","name":"Solintel Noroeste, S.L.","url":"https:\/\/ledsolintel.com\/","logo":{"@type":"ImageObject","inLanguage":"fr-FR","@id":"https:\/\/ledsolintel.com\/#\/schema\/logo\/image\/","url":"https:\/\/ledsolintel.com\/wp-content\/uploads\/2024\/11\/webmenaje-logo-1508269066.jpg","contentUrl":"https:\/\/ledsolintel.com\/wp-content\/uploads\/2024\/11\/webmenaje-logo-1508269066.jpg","width":370,"height":90,"caption":"Solintel Noroeste, S.L."},"image":{"@id":"https:\/\/ledsolintel.com\/#\/schema\/logo\/image\/"},"sameAs":["http:\/\/www.facebook.com\/webmenaje","https:\/\/x.com\/webmenaje","https:\/\/www.youtube.com\/channel\/UCX2KoVoeCG4LocZjUc6LmSQ","http:\/\/www.pinterest.com\/webmenaje"]}]}},"_links":{"self":[{"href":"https:\/\/ledsolintel.com\/fr\/wp-json\/wp\/v2\/product\/247863","targetHints":{"allow":["GET"]}}],"collection":[{"href":"https:\/\/ledsolintel.com\/fr\/wp-json\/wp\/v2\/product"}],"about":[{"href":"https:\/\/ledsolintel.com\/fr\/wp-json\/wp\/v2\/types\/product"}],"version-history":[{"count":0,"href":"https:\/\/ledsolintel.com\/fr\/wp-json\/wp\/v2\/product\/247863\/revisions"}],"wp:featuredmedia":[{"embeddable":true,"href":"https:\/\/ledsolintel.com\/fr\/wp-json\/wp\/v2\/media\/247860"}],"wp:attachment":[{"href":"https:\/\/ledsolintel.com\/fr\/wp-json\/wp\/v2\/media?parent=247863"}],"wp:term":[{"taxonomy":"product_brand","embeddable":true,"href":"https:\/\/ledsolintel.com\/fr\/wp-json\/wp\/v2\/product_brand?post=247863"},{"taxonomy":"product_cat","embeddable":true,"href":"https:\/\/ledsolintel.com\/fr\/wp-json\/wp\/v2\/product_cat?post=247863"},{"taxonomy":"product_tag","embeddable":true,"href":"https:\/\/ledsolintel.com\/fr\/wp-json\/wp\/v2\/product_tag?post=247863"}],"curies":[{"name":"wp","href":"https:\/\/api.w.org\/{rel}","templated":true}]}}