{"id":247815,"date":"2024-05-22T10:13:43","date_gmt":"2024-05-22T08:13:43","guid":{"rendered":"https:\/\/nueva.ledsolintel.com\/product\/055096-lampara-led-gu10-69w-3000k-120o-value-ledvance\/"},"modified":"2024-05-22T10:13:43","modified_gmt":"2024-05-22T08:13:43","slug":"055096-lampe-led10-gu10-69w-3000k-120o-value-ledvance","status":"publish","type":"product","link":"https:\/\/ledsolintel.com\/fr\/produit-2\/055096-lampe-led10-gu10-69w-3000k-120o-value-ledvance\/","title":{"rendered":"055096 LAMPE LED GU10 6,9W 3000K 120\u00ba VALEUR LEDVANCE"},"content":{"rendered":"<p>Domaines d'application : maisons, mus\u00e9es et galeries d'art, restaurants et h\u00f4pitaux. Conception, dimensions et flux lumineux comparables \u00e0 ceux d'une lampe halog\u00e8ne. Longue dur\u00e9e de vie. Pas de rayonnement UV et proche IR dans le faisceau lumineux. Lumi\u00e8re<\/p>","protected":false},"excerpt":{"rendered":"<p>Domaines d'application : maisons, mus\u00e9es et galeries d'art, restaurants et h\u00f4pitaux. Conception, dimensions et flux lumineux comparables \u00e0 ceux d'une lampe halog\u00e8ne. Longue dur\u00e9e de vie. Pas de rayonnement UV et proche IR dans le faisceau lumineux. Lumi\u00e8re<\/p>","protected":false},"featured_media":247814,"template":"","meta":[],"product_brand":[99393],"product_cat":[99601],"product_tag":[],"class_list":{"0":"post-247815","1":"product","2":"type-product","3":"status-publish","4":"has-post-thumbnail","6":"product_brand-ledvance","7":"product_cat-gyemo","10":"instock","11":"taxable","12":"shipping-taxable","13":"purchasable","14":"product-type-simple"},"yoast_head":"<!-- This site is optimized with the Yoast SEO plugin v26.6 - https:\/\/yoast.com\/wordpress\/plugins\/seo\/ -->\n<title>055096 LAMPARA LED GU10 6,9W 3000K 120\u00ba VALUE LEDVANCE - Ledsolintel<\/title>\n<meta name=\"robots\" content=\"index, follow, max-snippet:-1, max-image-preview:large, max-video-preview:-1\" \/>\n<link rel=\"canonical\" href=\"https:\/\/ledsolintel.com\/fr\/produit-2\/055096-lampe-led10-gu10-69w-3000k-120o-value-ledvance\/\" \/>\n<meta property=\"og:locale\" content=\"fr_FR\" \/>\n<meta property=\"og:type\" content=\"article\" \/>\n<meta property=\"og:title\" content=\"055096 LAMPARA LED GU10 6,9W 3000K 120\u00ba VALUE LEDVANCE - Ledsolintel\" \/>\n<meta property=\"og:description\" content=\"\u00c1reas de aplicaci\u00f3n: viviendas, museos y galer\u00edas de artes, restaurantes y hospitales. Dise\u00f1o, dimensiones y flujo luminoso comparable a los de una l\u00e1mpara hal\u00f3gena. Larga vida \u00fatil. Sin radiaci\u00f3n UV ni radiaci\u00f3n de tipo IR cercano en el haz de luz. Luz\" \/>\n<meta property=\"og:url\" content=\"https:\/\/ledsolintel.com\/fr\/produit-2\/055096-lampe-led10-gu10-69w-3000k-120o-value-ledvance\/\" \/>\n<meta property=\"og:site_name\" content=\"Ledsolintel\" \/>\n<meta property=\"article:publisher\" content=\"http:\/\/www.facebook.com\/webmenaje\" \/>\n<meta property=\"og:image\" content=\"https:\/\/ledsolintel.com\/wp-content\/uploads\/2024\/05\/22949-055096-LAMPARA-LED-GU10-69W-3000K-120o-VALUE-LEDVANCE.jpg\" \/>\n\t<meta property=\"og:image:width\" content=\"1\" \/>\n\t<meta property=\"og:image:height\" content=\"1\" \/>\n\t<meta property=\"og:image:type\" content=\"image\/jpeg\" \/>\n<meta name=\"twitter:card\" content=\"summary_large_image\" \/>\n<meta name=\"twitter:site\" content=\"@webmenaje\" \/>\n<script type=\"application\/ld+json\" class=\"yoast-schema-graph\">{\"@context\":\"https:\/\/schema.org\",\"@graph\":[{\"@type\":\"WebPage\",\"@id\":\"https:\/\/ledsolintel.com\/product\/055096-lampara-led-gu10-69w-3000k-120o-value-ledvance\/\",\"url\":\"https:\/\/ledsolintel.com\/product\/055096-lampara-led-gu10-69w-3000k-120o-value-ledvance\/\",\"name\":\"055096 LAMPARA LED GU10 6,9W 3000K 120\u00ba VALUE LEDVANCE - Ledsolintel\",\"isPartOf\":{\"@id\":\"https:\/\/ledsolintel.com\/#website\"},\"primaryImageOfPage\":{\"@id\":\"https:\/\/ledsolintel.com\/product\/055096-lampara-led-gu10-69w-3000k-120o-value-ledvance\/#primaryimage\"},\"image\":{\"@id\":\"https:\/\/ledsolintel.com\/product\/055096-lampara-led-gu10-69w-3000k-120o-value-ledvance\/#primaryimage\"},\"thumbnailUrl\":\"https:\/\/ledsolintel.com\/wp-content\/uploads\/2024\/05\/22949-055096-LAMPARA-LED-GU10-69W-3000K-120o-VALUE-LEDVANCE.jpg\",\"datePublished\":\"2024-05-22T08:13:43+00:00\",\"breadcrumb\":{\"@id\":\"https:\/\/ledsolintel.com\/product\/055096-lampara-led-gu10-69w-3000k-120o-value-ledvance\/#breadcrumb\"},\"inLanguage\":\"fr-FR\",\"potentialAction\":[{\"@type\":\"ReadAction\",\"target\":[\"https:\/\/ledsolintel.com\/product\/055096-lampara-led-gu10-69w-3000k-120o-value-ledvance\/\"]}]},{\"@type\":\"ImageObject\",\"inLanguage\":\"fr-FR\",\"@id\":\"https:\/\/ledsolintel.com\/product\/055096-lampara-led-gu10-69w-3000k-120o-value-ledvance\/#primaryimage\",\"url\":\"https:\/\/ledsolintel.com\/wp-content\/uploads\/2024\/05\/22949-055096-LAMPARA-LED-GU10-69W-3000K-120o-VALUE-LEDVANCE.jpg\",\"contentUrl\":\"https:\/\/ledsolintel.com\/wp-content\/uploads\/2024\/05\/22949-055096-LAMPARA-LED-GU10-69W-3000K-120o-VALUE-LEDVANCE.jpg\",\"caption\":\"055096 LAMPARA LED GU10 6,9W 3000K 120\u00ba VALUE LEDVANCE\"},{\"@type\":\"BreadcrumbList\",\"@id\":\"https:\/\/ledsolintel.com\/product\/055096-lampara-led-gu10-69w-3000k-120o-value-ledvance\/#breadcrumb\",\"itemListElement\":[{\"@type\":\"ListItem\",\"position\":1,\"name\":\"Portada\",\"item\":\"https:\/\/ledsolintel.com\/fr\/\"},{\"@type\":\"ListItem\",\"position\":2,\"name\":\"Tienda\",\"item\":\"https:\/\/ledsolintel.com\/tienda\/\"},{\"@type\":\"ListItem\",\"position\":3,\"name\":\"055096 LAMPARA LED GU10 6,9W 3000K 120\u00ba VALUE LEDVANCE\"}]},{\"@type\":\"WebSite\",\"@id\":\"https:\/\/ledsolintel.com\/#website\",\"url\":\"https:\/\/ledsolintel.com\/\",\"name\":\"Webmenaje\",\"description\":\"Tienda de bombillas y l\u00e1mparas LED para profesionales\",\"publisher\":{\"@id\":\"https:\/\/ledsolintel.com\/#organization\"},\"potentialAction\":[{\"@type\":\"SearchAction\",\"target\":{\"@type\":\"EntryPoint\",\"urlTemplate\":\"https:\/\/ledsolintel.com\/?s={search_term_string}\"},\"query-input\":{\"@type\":\"PropertyValueSpecification\",\"valueRequired\":true,\"valueName\":\"search_term_string\"}}],\"inLanguage\":\"fr-FR\"},{\"@type\":\"Organization\",\"@id\":\"https:\/\/ledsolintel.com\/#organization\",\"name\":\"Solintel Noroeste, S.L.\",\"url\":\"https:\/\/ledsolintel.com\/\",\"logo\":{\"@type\":\"ImageObject\",\"inLanguage\":\"fr-FR\",\"@id\":\"https:\/\/ledsolintel.com\/#\/schema\/logo\/image\/\",\"url\":\"https:\/\/ledsolintel.com\/wp-content\/uploads\/2024\/11\/webmenaje-logo-1508269066.jpg\",\"contentUrl\":\"https:\/\/ledsolintel.com\/wp-content\/uploads\/2024\/11\/webmenaje-logo-1508269066.jpg\",\"width\":370,\"height\":90,\"caption\":\"Solintel Noroeste, S.L.\"},\"image\":{\"@id\":\"https:\/\/ledsolintel.com\/#\/schema\/logo\/image\/\"},\"sameAs\":[\"http:\/\/www.facebook.com\/webmenaje\",\"https:\/\/x.com\/webmenaje\",\"https:\/\/www.youtube.com\/channel\/UCX2KoVoeCG4LocZjUc6LmSQ\",\"http:\/\/www.pinterest.com\/webmenaje\"]}]}<\/script>\n<!-- \/ Yoast SEO plugin. -->","yoast_head_json":{"title":"055096 Lampe LED GU10 6,9W 3000K 120\u00ba VALUE LEDVANCE - Ledsolintel","robots":{"index":"index","follow":"follow","max-snippet":"max-snippet:-1","max-image-preview":"max-image-preview:large","max-video-preview":"max-video-preview:-1"},"canonical":"https:\/\/ledsolintel.com\/fr\/produit-2\/055096-lampe-led10-gu10-69w-3000k-120o-value-ledvance\/","og_locale":"fr_FR","og_type":"article","og_title":"055096 LAMPARA LED GU10 6,9W 3000K 120\u00ba VALUE LEDVANCE - Ledsolintel","og_description":"\u00c1reas de aplicaci\u00f3n: viviendas, museos y galer\u00edas de artes, restaurantes y hospitales. Dise\u00f1o, dimensiones y flujo luminoso comparable a los de una l\u00e1mpara hal\u00f3gena. Larga vida \u00fatil. Sin radiaci\u00f3n UV ni radiaci\u00f3n de tipo IR cercano en el haz de luz. Luz","og_url":"https:\/\/ledsolintel.com\/fr\/produit-2\/055096-lampe-led10-gu10-69w-3000k-120o-value-ledvance\/","og_site_name":"Ledsolintel","article_publisher":"http:\/\/www.facebook.com\/webmenaje","og_image":[{"url":"https:\/\/ledsolintel.com\/wp-content\/uploads\/2024\/05\/22949-055096-LAMPARA-LED-GU10-69W-3000K-120o-VALUE-LEDVANCE.jpg","width":1,"height":1,"type":"image\/jpeg"}],"twitter_card":"summary_large_image","twitter_site":"@webmenaje","schema":{"@context":"https:\/\/schema.org","@graph":[{"@type":"WebPage","@id":"https:\/\/ledsolintel.com\/product\/055096-lampara-led-gu10-69w-3000k-120o-value-ledvance\/","url":"https:\/\/ledsolintel.com\/product\/055096-lampara-led-gu10-69w-3000k-120o-value-ledvance\/","name":"055096 Lampe LED GU10 6,9W 3000K 120\u00ba VALUE LEDVANCE - Ledsolintel","isPartOf":{"@id":"https:\/\/ledsolintel.com\/#website"},"primaryImageOfPage":{"@id":"https:\/\/ledsolintel.com\/product\/055096-lampara-led-gu10-69w-3000k-120o-value-ledvance\/#primaryimage"},"image":{"@id":"https:\/\/ledsolintel.com\/product\/055096-lampara-led-gu10-69w-3000k-120o-value-ledvance\/#primaryimage"},"thumbnailUrl":"https:\/\/ledsolintel.com\/wp-content\/uploads\/2024\/05\/22949-055096-LAMPARA-LED-GU10-69W-3000K-120o-VALUE-LEDVANCE.jpg","datePublished":"2024-05-22T08:13:43+00:00","breadcrumb":{"@id":"https:\/\/ledsolintel.com\/product\/055096-lampara-led-gu10-69w-3000k-120o-value-ledvance\/#breadcrumb"},"inLanguage":"fr-FR","potentialAction":[{"@type":"ReadAction","target":["https:\/\/ledsolintel.com\/product\/055096-lampara-led-gu10-69w-3000k-120o-value-ledvance\/"]}]},{"@type":"ImageObject","inLanguage":"fr-FR","@id":"https:\/\/ledsolintel.com\/product\/055096-lampara-led-gu10-69w-3000k-120o-value-ledvance\/#primaryimage","url":"https:\/\/ledsolintel.com\/wp-content\/uploads\/2024\/05\/22949-055096-LAMPARA-LED-GU10-69W-3000K-120o-VALUE-LEDVANCE.jpg","contentUrl":"https:\/\/ledsolintel.com\/wp-content\/uploads\/2024\/05\/22949-055096-LAMPARA-LED-GU10-69W-3000K-120o-VALUE-LEDVANCE.jpg","caption":"055096 LAMPARA LED GU10 6,9W 3000K 120\u00ba VALUE LEDVANCE"},{"@type":"BreadcrumbList","@id":"https:\/\/ledsolintel.com\/product\/055096-lampara-led-gu10-69w-3000k-120o-value-ledvance\/#breadcrumb","itemListElement":[{"@type":"ListItem","position":1,"name":"Portada","item":"https:\/\/ledsolintel.com\/fr\/"},{"@type":"ListItem","position":2,"name":"Tienda","item":"https:\/\/ledsolintel.com\/tienda\/"},{"@type":"ListItem","position":3,"name":"055096 LAMPARA LED GU10 6,9W 3000K 120\u00ba VALUE LEDVANCE"}]},{"@type":"WebSite","@id":"https:\/\/ledsolintel.com\/#website","url":"https:\/\/ledsolintel.com\/","name":"Webmenaje","description":"Magasin d'ampoules et de lampes LED pour les professionnels","publisher":{"@id":"https:\/\/ledsolintel.com\/#organization"},"potentialAction":[{"@type":"SearchAction","target":{"@type":"EntryPoint","urlTemplate":"https:\/\/ledsolintel.com\/?s={search_term_string}"},"query-input":{"@type":"PropertyValueSpecification","valueRequired":true,"valueName":"search_term_string"}}],"inLanguage":"fr-FR"},{"@type":"Organization","@id":"https:\/\/ledsolintel.com\/#organization","name":"Solintel Noroeste, S.L.","url":"https:\/\/ledsolintel.com\/","logo":{"@type":"ImageObject","inLanguage":"fr-FR","@id":"https:\/\/ledsolintel.com\/#\/schema\/logo\/image\/","url":"https:\/\/ledsolintel.com\/wp-content\/uploads\/2024\/11\/webmenaje-logo-1508269066.jpg","contentUrl":"https:\/\/ledsolintel.com\/wp-content\/uploads\/2024\/11\/webmenaje-logo-1508269066.jpg","width":370,"height":90,"caption":"Solintel Noroeste, S.L."},"image":{"@id":"https:\/\/ledsolintel.com\/#\/schema\/logo\/image\/"},"sameAs":["http:\/\/www.facebook.com\/webmenaje","https:\/\/x.com\/webmenaje","https:\/\/www.youtube.com\/channel\/UCX2KoVoeCG4LocZjUc6LmSQ","http:\/\/www.pinterest.com\/webmenaje"]}]}},"_links":{"self":[{"href":"https:\/\/ledsolintel.com\/fr\/wp-json\/wp\/v2\/product\/247815","targetHints":{"allow":["GET"]}}],"collection":[{"href":"https:\/\/ledsolintel.com\/fr\/wp-json\/wp\/v2\/product"}],"about":[{"href":"https:\/\/ledsolintel.com\/fr\/wp-json\/wp\/v2\/types\/product"}],"version-history":[{"count":0,"href":"https:\/\/ledsolintel.com\/fr\/wp-json\/wp\/v2\/product\/247815\/revisions"}],"wp:featuredmedia":[{"embeddable":true,"href":"https:\/\/ledsolintel.com\/fr\/wp-json\/wp\/v2\/media\/247814"}],"wp:attachment":[{"href":"https:\/\/ledsolintel.com\/fr\/wp-json\/wp\/v2\/media?parent=247815"}],"wp:term":[{"taxonomy":"product_brand","embeddable":true,"href":"https:\/\/ledsolintel.com\/fr\/wp-json\/wp\/v2\/product_brand?post=247815"},{"taxonomy":"product_cat","embeddable":true,"href":"https:\/\/ledsolintel.com\/fr\/wp-json\/wp\/v2\/product_cat?post=247815"},{"taxonomy":"product_tag","embeddable":true,"href":"https:\/\/ledsolintel.com\/fr\/wp-json\/wp\/v2\/product_tag?post=247815"}],"curies":[{"name":"wp","href":"https:\/\/api.w.org\/{rel}","templated":true}]}}