{"id":247784,"date":"2024-05-22T10:13:43","date_gmt":"2024-05-22T08:13:43","guid":{"rendered":"https:\/\/nueva.ledsolintel.com\/product\/342283-lampara-dulux-t-e-plus-26w-4000k-gx24q-3\/"},"modified":"2024-05-22T10:13:43","modified_gmt":"2024-05-22T08:13:43","slug":"342283-dulux-t-e-plus-lamp-26w-4000k-gx24q-3","status":"publish","type":"product","link":"https:\/\/ledsolintel.com\/fr\/produit-2\/342283-dulux-t-e-plus-lamp-26w-4000k-gx24q-3\/","title":{"rendered":"342283 LAMPE DULUX T\/E PLUS 26W 4000K GX24q-3"},"content":{"rendered":"<p>Lampe courte et compacte \u00e0 culot \u00e0 broches avec tubes \u00e0 triple tour. Extr\u00eamement \u00e9conomique. Bonne qualit\u00e9 de lumi\u00e8re. Excellent flux lumineux et longue dur\u00e9e de vie. Maintenance am\u00e9lior\u00e9e. Convient pour les bureaux, les b\u00e2timents publics, les magasins et les supermarch\u00e9s.<\/p>","protected":false},"excerpt":{"rendered":"<p>Lampe courte et compacte \u00e0 culot \u00e0 broches avec tubes \u00e0 triple tour. Extr\u00eamement \u00e9conomique. Bonne qualit\u00e9 de lumi\u00e8re. Excellent flux lumineux et longue dur\u00e9e de vie. Maintenance am\u00e9lior\u00e9e. Convient pour les bureaux, les b\u00e2timents publics, les magasins et les supermarch\u00e9s.<\/p>","protected":false},"featured_media":247783,"template":"","meta":[],"product_brand":[99391],"product_cat":[99601],"product_tag":[],"class_list":{"0":"post-247784","1":"product","2":"type-product","3":"status-publish","4":"has-post-thumbnail","6":"product_brand-osram","7":"product_cat-gyemo","10":"instock","11":"taxable","12":"shipping-taxable","13":"purchasable","14":"product-type-simple"},"yoast_head":"<!-- This site is optimized with the Yoast SEO plugin v26.6 - https:\/\/yoast.com\/wordpress\/plugins\/seo\/ -->\n<title>342283 LAMPARA DULUX T\/E PLUS 26W 4000K GX24q-3 - Ledsolintel<\/title>\n<meta name=\"robots\" content=\"index, follow, max-snippet:-1, max-image-preview:large, max-video-preview:-1\" \/>\n<link rel=\"canonical\" href=\"https:\/\/ledsolintel.com\/fr\/produit-2\/342283-dulux-t-e-plus-lamp-26w-4000k-gx24q-3\/\" \/>\n<meta property=\"og:locale\" content=\"fr_FR\" \/>\n<meta property=\"og:type\" content=\"article\" \/>\n<meta property=\"og:title\" content=\"342283 LAMPARA DULUX T\/E PLUS 26W 4000K GX24q-3 - Ledsolintel\" \/>\n<meta property=\"og:description\" content=\"L\u00e1mpara con casquillo de pines corta y compacta con tubos de triple vuelta. Extremadamente econ\u00f3mica. Buena calidad de luz. Excelente flujo luminoso y larga vida \u00fatil. Mantenimiento mejorado. Apta para oficinas, edificios p\u00fablicos, comercios, supermercado\" \/>\n<meta property=\"og:url\" content=\"https:\/\/ledsolintel.com\/fr\/produit-2\/342283-dulux-t-e-plus-lamp-26w-4000k-gx24q-3\/\" \/>\n<meta property=\"og:site_name\" content=\"Ledsolintel\" \/>\n<meta property=\"article:publisher\" content=\"http:\/\/www.facebook.com\/webmenaje\" \/>\n<meta property=\"og:image\" content=\"https:\/\/ledsolintel.com\/wp-content\/uploads\/2024\/05\/22919-342283-LAMPARA-DULUX-TE-PLUS-26W-4000K-GX24q-3.jpg\" \/>\n\t<meta property=\"og:image:width\" content=\"1\" \/>\n\t<meta property=\"og:image:height\" content=\"1\" \/>\n\t<meta property=\"og:image:type\" content=\"image\/jpeg\" \/>\n<meta name=\"twitter:card\" content=\"summary_large_image\" \/>\n<meta name=\"twitter:site\" content=\"@webmenaje\" \/>\n<script type=\"application\/ld+json\" class=\"yoast-schema-graph\">{\"@context\":\"https:\/\/schema.org\",\"@graph\":[{\"@type\":\"WebPage\",\"@id\":\"https:\/\/ledsolintel.com\/product\/342283-lampara-dulux-t-e-plus-26w-4000k-gx24q-3\/\",\"url\":\"https:\/\/ledsolintel.com\/product\/342283-lampara-dulux-t-e-plus-26w-4000k-gx24q-3\/\",\"name\":\"342283 LAMPARA DULUX T\/E PLUS 26W 4000K GX24q-3 - Ledsolintel\",\"isPartOf\":{\"@id\":\"https:\/\/ledsolintel.com\/#website\"},\"primaryImageOfPage\":{\"@id\":\"https:\/\/ledsolintel.com\/product\/342283-lampara-dulux-t-e-plus-26w-4000k-gx24q-3\/#primaryimage\"},\"image\":{\"@id\":\"https:\/\/ledsolintel.com\/product\/342283-lampara-dulux-t-e-plus-26w-4000k-gx24q-3\/#primaryimage\"},\"thumbnailUrl\":\"https:\/\/ledsolintel.com\/wp-content\/uploads\/2024\/05\/22919-342283-LAMPARA-DULUX-TE-PLUS-26W-4000K-GX24q-3.jpg\",\"datePublished\":\"2024-05-22T08:13:43+00:00\",\"breadcrumb\":{\"@id\":\"https:\/\/ledsolintel.com\/product\/342283-lampara-dulux-t-e-plus-26w-4000k-gx24q-3\/#breadcrumb\"},\"inLanguage\":\"fr-FR\",\"potentialAction\":[{\"@type\":\"ReadAction\",\"target\":[\"https:\/\/ledsolintel.com\/product\/342283-lampara-dulux-t-e-plus-26w-4000k-gx24q-3\/\"]}]},{\"@type\":\"ImageObject\",\"inLanguage\":\"fr-FR\",\"@id\":\"https:\/\/ledsolintel.com\/product\/342283-lampara-dulux-t-e-plus-26w-4000k-gx24q-3\/#primaryimage\",\"url\":\"https:\/\/ledsolintel.com\/wp-content\/uploads\/2024\/05\/22919-342283-LAMPARA-DULUX-TE-PLUS-26W-4000K-GX24q-3.jpg\",\"contentUrl\":\"https:\/\/ledsolintel.com\/wp-content\/uploads\/2024\/05\/22919-342283-LAMPARA-DULUX-TE-PLUS-26W-4000K-GX24q-3.jpg\",\"caption\":\"342283 LAMPARA DULUX T\/E PLUS 26W 4000K GX24q-3\"},{\"@type\":\"BreadcrumbList\",\"@id\":\"https:\/\/ledsolintel.com\/product\/342283-lampara-dulux-t-e-plus-26w-4000k-gx24q-3\/#breadcrumb\",\"itemListElement\":[{\"@type\":\"ListItem\",\"position\":1,\"name\":\"Portada\",\"item\":\"https:\/\/ledsolintel.com\/fr\/\"},{\"@type\":\"ListItem\",\"position\":2,\"name\":\"Tienda\",\"item\":\"https:\/\/ledsolintel.com\/tienda\/\"},{\"@type\":\"ListItem\",\"position\":3,\"name\":\"342283 LAMPARA DULUX T\/E PLUS 26W 4000K GX24q-3\"}]},{\"@type\":\"WebSite\",\"@id\":\"https:\/\/ledsolintel.com\/#website\",\"url\":\"https:\/\/ledsolintel.com\/\",\"name\":\"Webmenaje\",\"description\":\"Tienda de bombillas y l\u00e1mparas LED para profesionales\",\"publisher\":{\"@id\":\"https:\/\/ledsolintel.com\/#organization\"},\"potentialAction\":[{\"@type\":\"SearchAction\",\"target\":{\"@type\":\"EntryPoint\",\"urlTemplate\":\"https:\/\/ledsolintel.com\/?s={search_term_string}\"},\"query-input\":{\"@type\":\"PropertyValueSpecification\",\"valueRequired\":true,\"valueName\":\"search_term_string\"}}],\"inLanguage\":\"fr-FR\"},{\"@type\":\"Organization\",\"@id\":\"https:\/\/ledsolintel.com\/#organization\",\"name\":\"Solintel Noroeste, S.L.\",\"url\":\"https:\/\/ledsolintel.com\/\",\"logo\":{\"@type\":\"ImageObject\",\"inLanguage\":\"fr-FR\",\"@id\":\"https:\/\/ledsolintel.com\/#\/schema\/logo\/image\/\",\"url\":\"https:\/\/ledsolintel.com\/wp-content\/uploads\/2024\/11\/webmenaje-logo-1508269066.jpg\",\"contentUrl\":\"https:\/\/ledsolintel.com\/wp-content\/uploads\/2024\/11\/webmenaje-logo-1508269066.jpg\",\"width\":370,\"height\":90,\"caption\":\"Solintel Noroeste, S.L.\"},\"image\":{\"@id\":\"https:\/\/ledsolintel.com\/#\/schema\/logo\/image\/\"},\"sameAs\":[\"http:\/\/www.facebook.com\/webmenaje\",\"https:\/\/x.com\/webmenaje\",\"https:\/\/www.youtube.com\/channel\/UCX2KoVoeCG4LocZjUc6LmSQ\",\"http:\/\/www.pinterest.com\/webmenaje\"]}]}<\/script>\n<!-- \/ Yoast SEO plugin. -->","yoast_head_json":{"title":"342283 DULUX T\/E PLUS LAMP 26W 4000K GX24q-3 - Ledsolintel","robots":{"index":"index","follow":"follow","max-snippet":"max-snippet:-1","max-image-preview":"max-image-preview:large","max-video-preview":"max-video-preview:-1"},"canonical":"https:\/\/ledsolintel.com\/fr\/produit-2\/342283-dulux-t-e-plus-lamp-26w-4000k-gx24q-3\/","og_locale":"fr_FR","og_type":"article","og_title":"342283 LAMPARA DULUX T\/E PLUS 26W 4000K GX24q-3 - Ledsolintel","og_description":"L\u00e1mpara con casquillo de pines corta y compacta con tubos de triple vuelta. Extremadamente econ\u00f3mica. Buena calidad de luz. Excelente flujo luminoso y larga vida \u00fatil. Mantenimiento mejorado. Apta para oficinas, edificios p\u00fablicos, comercios, supermercado","og_url":"https:\/\/ledsolintel.com\/fr\/produit-2\/342283-dulux-t-e-plus-lamp-26w-4000k-gx24q-3\/","og_site_name":"Ledsolintel","article_publisher":"http:\/\/www.facebook.com\/webmenaje","og_image":[{"url":"https:\/\/ledsolintel.com\/wp-content\/uploads\/2024\/05\/22919-342283-LAMPARA-DULUX-TE-PLUS-26W-4000K-GX24q-3.jpg","width":1,"height":1,"type":"image\/jpeg"}],"twitter_card":"summary_large_image","twitter_site":"@webmenaje","schema":{"@context":"https:\/\/schema.org","@graph":[{"@type":"WebPage","@id":"https:\/\/ledsolintel.com\/product\/342283-lampara-dulux-t-e-plus-26w-4000k-gx24q-3\/","url":"https:\/\/ledsolintel.com\/product\/342283-lampara-dulux-t-e-plus-26w-4000k-gx24q-3\/","name":"342283 DULUX T\/E PLUS LAMP 26W 4000K GX24q-3 - Ledsolintel","isPartOf":{"@id":"https:\/\/ledsolintel.com\/#website"},"primaryImageOfPage":{"@id":"https:\/\/ledsolintel.com\/product\/342283-lampara-dulux-t-e-plus-26w-4000k-gx24q-3\/#primaryimage"},"image":{"@id":"https:\/\/ledsolintel.com\/product\/342283-lampara-dulux-t-e-plus-26w-4000k-gx24q-3\/#primaryimage"},"thumbnailUrl":"https:\/\/ledsolintel.com\/wp-content\/uploads\/2024\/05\/22919-342283-LAMPARA-DULUX-TE-PLUS-26W-4000K-GX24q-3.jpg","datePublished":"2024-05-22T08:13:43+00:00","breadcrumb":{"@id":"https:\/\/ledsolintel.com\/product\/342283-lampara-dulux-t-e-plus-26w-4000k-gx24q-3\/#breadcrumb"},"inLanguage":"fr-FR","potentialAction":[{"@type":"ReadAction","target":["https:\/\/ledsolintel.com\/product\/342283-lampara-dulux-t-e-plus-26w-4000k-gx24q-3\/"]}]},{"@type":"ImageObject","inLanguage":"fr-FR","@id":"https:\/\/ledsolintel.com\/product\/342283-lampara-dulux-t-e-plus-26w-4000k-gx24q-3\/#primaryimage","url":"https:\/\/ledsolintel.com\/wp-content\/uploads\/2024\/05\/22919-342283-LAMPARA-DULUX-TE-PLUS-26W-4000K-GX24q-3.jpg","contentUrl":"https:\/\/ledsolintel.com\/wp-content\/uploads\/2024\/05\/22919-342283-LAMPARA-DULUX-TE-PLUS-26W-4000K-GX24q-3.jpg","caption":"342283 LAMPARA DULUX T\/E PLUS 26W 4000K GX24q-3"},{"@type":"BreadcrumbList","@id":"https:\/\/ledsolintel.com\/product\/342283-lampara-dulux-t-e-plus-26w-4000k-gx24q-3\/#breadcrumb","itemListElement":[{"@type":"ListItem","position":1,"name":"Portada","item":"https:\/\/ledsolintel.com\/fr\/"},{"@type":"ListItem","position":2,"name":"Tienda","item":"https:\/\/ledsolintel.com\/tienda\/"},{"@type":"ListItem","position":3,"name":"342283 LAMPARA DULUX T\/E PLUS 26W 4000K GX24q-3"}]},{"@type":"WebSite","@id":"https:\/\/ledsolintel.com\/#website","url":"https:\/\/ledsolintel.com\/","name":"Webmenaje","description":"Magasin d'ampoules et de lampes LED pour les professionnels","publisher":{"@id":"https:\/\/ledsolintel.com\/#organization"},"potentialAction":[{"@type":"SearchAction","target":{"@type":"EntryPoint","urlTemplate":"https:\/\/ledsolintel.com\/?s={search_term_string}"},"query-input":{"@type":"PropertyValueSpecification","valueRequired":true,"valueName":"search_term_string"}}],"inLanguage":"fr-FR"},{"@type":"Organization","@id":"https:\/\/ledsolintel.com\/#organization","name":"Solintel Noroeste, S.L.","url":"https:\/\/ledsolintel.com\/","logo":{"@type":"ImageObject","inLanguage":"fr-FR","@id":"https:\/\/ledsolintel.com\/#\/schema\/logo\/image\/","url":"https:\/\/ledsolintel.com\/wp-content\/uploads\/2024\/11\/webmenaje-logo-1508269066.jpg","contentUrl":"https:\/\/ledsolintel.com\/wp-content\/uploads\/2024\/11\/webmenaje-logo-1508269066.jpg","width":370,"height":90,"caption":"Solintel Noroeste, S.L."},"image":{"@id":"https:\/\/ledsolintel.com\/#\/schema\/logo\/image\/"},"sameAs":["http:\/\/www.facebook.com\/webmenaje","https:\/\/x.com\/webmenaje","https:\/\/www.youtube.com\/channel\/UCX2KoVoeCG4LocZjUc6LmSQ","http:\/\/www.pinterest.com\/webmenaje"]}]}},"_links":{"self":[{"href":"https:\/\/ledsolintel.com\/fr\/wp-json\/wp\/v2\/product\/247784","targetHints":{"allow":["GET"]}}],"collection":[{"href":"https:\/\/ledsolintel.com\/fr\/wp-json\/wp\/v2\/product"}],"about":[{"href":"https:\/\/ledsolintel.com\/fr\/wp-json\/wp\/v2\/types\/product"}],"version-history":[{"count":0,"href":"https:\/\/ledsolintel.com\/fr\/wp-json\/wp\/v2\/product\/247784\/revisions"}],"wp:featuredmedia":[{"embeddable":true,"href":"https:\/\/ledsolintel.com\/fr\/wp-json\/wp\/v2\/media\/247783"}],"wp:attachment":[{"href":"https:\/\/ledsolintel.com\/fr\/wp-json\/wp\/v2\/media?parent=247784"}],"wp:term":[{"taxonomy":"product_brand","embeddable":true,"href":"https:\/\/ledsolintel.com\/fr\/wp-json\/wp\/v2\/product_brand?post=247784"},{"taxonomy":"product_cat","embeddable":true,"href":"https:\/\/ledsolintel.com\/fr\/wp-json\/wp\/v2\/product_cat?post=247784"},{"taxonomy":"product_tag","embeddable":true,"href":"https:\/\/ledsolintel.com\/fr\/wp-json\/wp\/v2\/product_tag?post=247784"}],"curies":[{"name":"wp","href":"https:\/\/api.w.org\/{rel}","templated":true}]}}