{"id":247561,"date":"2024-05-22T10:13:43","date_gmt":"2024-05-22T08:13:43","guid":{"rendered":"https:\/\/nueva.ledsolintel.com\/product\/059094-lampara-led-regulable-gu10-79w-3000k-120o\/"},"modified":"2024-05-22T10:13:43","modified_gmt":"2024-05-22T08:13:43","slug":"059094-lampe-led-dimmable-gu10-79w-3000k-120o","status":"publish","type":"product","link":"https:\/\/ledsolintel.com\/fr\/produit-2\/059094-lampe-led-dimmable-gu10-79w-3000k-120o\/","title":{"rendered":"059094 LAMPE LED DIMMABLE GU10 7,9W 3000K 120\u00ba LAMPE LED DIMMABLE GU10 7,9W 3000K 120\u00ba."},"content":{"rendered":"<p>Gamme DIM P gradable avec 5 ans de garantie. Alternative LED professionnelle aux lampes halog\u00e8nes \u00e0 tension de secteur. Domaines d'application : magasins, h\u00f4pitaux, mus\u00e9es, galeries d'art, int\u00e9rieurs r\u00e9sidentiels, zones de transit, \u00e9clairage d'accentuation, vitrines, etc.<\/p>","protected":false},"excerpt":{"rendered":"<p>Gamme DIM P gradable avec 5 ans de garantie. Alternative LED professionnelle aux lampes halog\u00e8nes \u00e0 tension de secteur. Domaines d'application : magasins, h\u00f4pitaux, mus\u00e9es, galeries d'art, int\u00e9rieurs r\u00e9sidentiels, zones de transit, \u00e9clairage d'accentuation, vitrines, etc.<\/p>","protected":false},"featured_media":247560,"template":"","meta":[],"product_brand":[99393],"product_cat":[99601],"product_tag":[],"class_list":{"0":"post-247561","1":"product","2":"type-product","3":"status-publish","4":"has-post-thumbnail","6":"product_brand-ledvance","7":"product_cat-gyemo","10":"instock","11":"taxable","12":"shipping-taxable","13":"purchasable","14":"product-type-simple"},"yoast_head":"<!-- This site is optimized with the Yoast SEO plugin v27.4 - https:\/\/yoast.com\/product\/yoast-seo-wordpress\/ -->\n<title>059094 LAMPARA LED REGULABLE GU10 7,9W 3000K 120\u00ba - Ledsolintel<\/title>\n<meta name=\"robots\" content=\"index, follow, max-snippet:-1, max-image-preview:large, max-video-preview:-1\" \/>\n<link rel=\"canonical\" href=\"https:\/\/ledsolintel.com\/fr\/produit-2\/059094-lampe-led-dimmable-gu10-79w-3000k-120o\/\" \/>\n<meta property=\"og:locale\" content=\"fr_FR\" \/>\n<meta property=\"og:type\" content=\"article\" \/>\n<meta property=\"og:title\" content=\"059094 LAMPARA LED REGULABLE GU10 7,9W 3000K 120\u00ba - Ledsolintel\" \/>\n<meta property=\"og:description\" content=\"Gama DIM P regulable con 5 a\u00f1os de garant\u00eda. Alternativa LED profesional a las l\u00e1mparas hal\u00f3genas de tensi\u00f3n de l\u00ednea. \u00c1reas de aplicaci\u00f3n: comercios, hospitales, museos, galer\u00edas de arte, interiores residenciales, zonas de paso, focos de acento, vitrinas\" \/>\n<meta property=\"og:url\" content=\"https:\/\/ledsolintel.com\/fr\/produit-2\/059094-lampe-led-dimmable-gu10-79w-3000k-120o\/\" \/>\n<meta property=\"og:site_name\" content=\"Ledsolintel\" \/>\n<meta property=\"article:publisher\" content=\"http:\/\/www.facebook.com\/webmenaje\" \/>\n<meta property=\"og:image\" content=\"https:\/\/ledsolintel.com\/wp-content\/uploads\/2024\/05\/22757-059094-LAMPARA-LED-REGULABLE-GU10-79W-3000K-120o.jpg\" \/>\n\t<meta property=\"og:image:width\" content=\"1\" \/>\n\t<meta property=\"og:image:height\" content=\"1\" \/>\n\t<meta property=\"og:image:type\" content=\"image\/jpeg\" \/>\n<meta name=\"twitter:card\" content=\"summary_large_image\" \/>\n<meta name=\"twitter:site\" content=\"@webmenaje\" \/>\n<script type=\"application\/ld+json\" class=\"yoast-schema-graph\">{\"@context\":\"https:\\\/\\\/schema.org\",\"@graph\":[{\"@type\":\"WebPage\",\"@id\":\"https:\\\/\\\/ledsolintel.com\\\/product\\\/059094-lampara-led-regulable-gu10-79w-3000k-120o\\\/\",\"url\":\"https:\\\/\\\/ledsolintel.com\\\/product\\\/059094-lampara-led-regulable-gu10-79w-3000k-120o\\\/\",\"name\":\"059094 LAMPARA LED REGULABLE GU10 7,9W 3000K 120\u00ba - Ledsolintel\",\"isPartOf\":{\"@id\":\"https:\\\/\\\/ledsolintel.com\\\/#website\"},\"primaryImageOfPage\":{\"@id\":\"https:\\\/\\\/ledsolintel.com\\\/product\\\/059094-lampara-led-regulable-gu10-79w-3000k-120o\\\/#primaryimage\"},\"image\":{\"@id\":\"https:\\\/\\\/ledsolintel.com\\\/product\\\/059094-lampara-led-regulable-gu10-79w-3000k-120o\\\/#primaryimage\"},\"thumbnailUrl\":\"https:\\\/\\\/ledsolintel.com\\\/wp-content\\\/uploads\\\/2024\\\/05\\\/22757-059094-LAMPARA-LED-REGULABLE-GU10-79W-3000K-120o.jpg\",\"datePublished\":\"2024-05-22T08:13:43+00:00\",\"breadcrumb\":{\"@id\":\"https:\\\/\\\/ledsolintel.com\\\/product\\\/059094-lampara-led-regulable-gu10-79w-3000k-120o\\\/#breadcrumb\"},\"inLanguage\":\"fr-FR\",\"potentialAction\":[{\"@type\":\"ReadAction\",\"target\":[\"https:\\\/\\\/ledsolintel.com\\\/product\\\/059094-lampara-led-regulable-gu10-79w-3000k-120o\\\/\"]}]},{\"@type\":\"ImageObject\",\"inLanguage\":\"fr-FR\",\"@id\":\"https:\\\/\\\/ledsolintel.com\\\/product\\\/059094-lampara-led-regulable-gu10-79w-3000k-120o\\\/#primaryimage\",\"url\":\"https:\\\/\\\/ledsolintel.com\\\/wp-content\\\/uploads\\\/2024\\\/05\\\/22757-059094-LAMPARA-LED-REGULABLE-GU10-79W-3000K-120o.jpg\",\"contentUrl\":\"https:\\\/\\\/ledsolintel.com\\\/wp-content\\\/uploads\\\/2024\\\/05\\\/22757-059094-LAMPARA-LED-REGULABLE-GU10-79W-3000K-120o.jpg\",\"caption\":\"059094 LAMPARA LED REGULABLE GU10 7,9W 3000K 120\u00ba\"},{\"@type\":\"BreadcrumbList\",\"@id\":\"https:\\\/\\\/ledsolintel.com\\\/product\\\/059094-lampara-led-regulable-gu10-79w-3000k-120o\\\/#breadcrumb\",\"itemListElement\":[{\"@type\":\"ListItem\",\"position\":1,\"name\":\"Portada\",\"item\":\"https:\\\/\\\/ledsolintel.com\\\/fr\\\/\"},{\"@type\":\"ListItem\",\"position\":2,\"name\":\"Tienda\",\"item\":\"https:\\\/\\\/ledsolintel.com\\\/tienda\\\/\"},{\"@type\":\"ListItem\",\"position\":3,\"name\":\"059094 LAMPARA LED REGULABLE GU10 7,9W 3000K 120\u00ba\"}]},{\"@type\":\"WebSite\",\"@id\":\"https:\\\/\\\/ledsolintel.com\\\/#website\",\"url\":\"https:\\\/\\\/ledsolintel.com\\\/\",\"name\":\"Webmenaje\",\"description\":\"Tienda de bombillas y l\u00e1mparas LED para profesionales\",\"publisher\":{\"@id\":\"https:\\\/\\\/ledsolintel.com\\\/#organization\"},\"potentialAction\":[{\"@type\":\"SearchAction\",\"target\":{\"@type\":\"EntryPoint\",\"urlTemplate\":\"https:\\\/\\\/ledsolintel.com\\\/?s={search_term_string}\"},\"query-input\":{\"@type\":\"PropertyValueSpecification\",\"valueRequired\":true,\"valueName\":\"search_term_string\"}}],\"inLanguage\":\"fr-FR\"},{\"@type\":\"Organization\",\"@id\":\"https:\\\/\\\/ledsolintel.com\\\/#organization\",\"name\":\"Solintel Noroeste, S.L.\",\"url\":\"https:\\\/\\\/ledsolintel.com\\\/\",\"logo\":{\"@type\":\"ImageObject\",\"inLanguage\":\"fr-FR\",\"@id\":\"https:\\\/\\\/ledsolintel.com\\\/#\\\/schema\\\/logo\\\/image\\\/\",\"url\":\"https:\\\/\\\/ledsolintel.com\\\/wp-content\\\/uploads\\\/2024\\\/11\\\/webmenaje-logo-1508269066.jpg\",\"contentUrl\":\"https:\\\/\\\/ledsolintel.com\\\/wp-content\\\/uploads\\\/2024\\\/11\\\/webmenaje-logo-1508269066.jpg\",\"width\":370,\"height\":90,\"caption\":\"Solintel Noroeste, S.L.\"},\"image\":{\"@id\":\"https:\\\/\\\/ledsolintel.com\\\/#\\\/schema\\\/logo\\\/image\\\/\"},\"sameAs\":[\"http:\\\/\\\/www.facebook.com\\\/webmenaje\",\"https:\\\/\\\/x.com\\\/webmenaje\",\"https:\\\/\\\/www.youtube.com\\\/channel\\\/UCX2KoVoeCG4LocZjUc6LmSQ\",\"http:\\\/\\\/www.pinterest.com\\\/webmenaje\"]}]}<\/script>\n<!-- \/ Yoast SEO plugin. -->","yoast_head_json":{"title":"059094 Lampe LED GU10 7,9W 3000K 120\u00ba dimmable - Ledsolintel","robots":{"index":"index","follow":"follow","max-snippet":"max-snippet:-1","max-image-preview":"max-image-preview:large","max-video-preview":"max-video-preview:-1"},"canonical":"https:\/\/ledsolintel.com\/fr\/produit-2\/059094-lampe-led-dimmable-gu10-79w-3000k-120o\/","og_locale":"fr_FR","og_type":"article","og_title":"059094 LAMPARA LED REGULABLE GU10 7,9W 3000K 120\u00ba - Ledsolintel","og_description":"Gama DIM P regulable con 5 a\u00f1os de garant\u00eda. Alternativa LED profesional a las l\u00e1mparas hal\u00f3genas de tensi\u00f3n de l\u00ednea. \u00c1reas de aplicaci\u00f3n: comercios, hospitales, museos, galer\u00edas de arte, interiores residenciales, zonas de paso, focos de acento, vitrinas","og_url":"https:\/\/ledsolintel.com\/fr\/produit-2\/059094-lampe-led-dimmable-gu10-79w-3000k-120o\/","og_site_name":"Ledsolintel","article_publisher":"http:\/\/www.facebook.com\/webmenaje","og_image":[{"url":"https:\/\/ledsolintel.com\/wp-content\/uploads\/2024\/05\/22757-059094-LAMPARA-LED-REGULABLE-GU10-79W-3000K-120o.jpg","width":1,"height":1,"type":"image\/jpeg"}],"twitter_card":"summary_large_image","twitter_site":"@webmenaje","schema":{"@context":"https:\/\/schema.org","@graph":[{"@type":"WebPage","@id":"https:\/\/ledsolintel.com\/product\/059094-lampara-led-regulable-gu10-79w-3000k-120o\/","url":"https:\/\/ledsolintel.com\/product\/059094-lampara-led-regulable-gu10-79w-3000k-120o\/","name":"059094 Lampe LED GU10 7,9W 3000K 120\u00ba dimmable - Ledsolintel","isPartOf":{"@id":"https:\/\/ledsolintel.com\/#website"},"primaryImageOfPage":{"@id":"https:\/\/ledsolintel.com\/product\/059094-lampara-led-regulable-gu10-79w-3000k-120o\/#primaryimage"},"image":{"@id":"https:\/\/ledsolintel.com\/product\/059094-lampara-led-regulable-gu10-79w-3000k-120o\/#primaryimage"},"thumbnailUrl":"https:\/\/ledsolintel.com\/wp-content\/uploads\/2024\/05\/22757-059094-LAMPARA-LED-REGULABLE-GU10-79W-3000K-120o.jpg","datePublished":"2024-05-22T08:13:43+00:00","breadcrumb":{"@id":"https:\/\/ledsolintel.com\/product\/059094-lampara-led-regulable-gu10-79w-3000k-120o\/#breadcrumb"},"inLanguage":"fr-FR","potentialAction":[{"@type":"ReadAction","target":["https:\/\/ledsolintel.com\/product\/059094-lampara-led-regulable-gu10-79w-3000k-120o\/"]}]},{"@type":"ImageObject","inLanguage":"fr-FR","@id":"https:\/\/ledsolintel.com\/product\/059094-lampara-led-regulable-gu10-79w-3000k-120o\/#primaryimage","url":"https:\/\/ledsolintel.com\/wp-content\/uploads\/2024\/05\/22757-059094-LAMPARA-LED-REGULABLE-GU10-79W-3000K-120o.jpg","contentUrl":"https:\/\/ledsolintel.com\/wp-content\/uploads\/2024\/05\/22757-059094-LAMPARA-LED-REGULABLE-GU10-79W-3000K-120o.jpg","caption":"059094 LAMPARA LED REGULABLE GU10 7,9W 3000K 120\u00ba"},{"@type":"BreadcrumbList","@id":"https:\/\/ledsolintel.com\/product\/059094-lampara-led-regulable-gu10-79w-3000k-120o\/#breadcrumb","itemListElement":[{"@type":"ListItem","position":1,"name":"Portada","item":"https:\/\/ledsolintel.com\/fr\/"},{"@type":"ListItem","position":2,"name":"Tienda","item":"https:\/\/ledsolintel.com\/tienda\/"},{"@type":"ListItem","position":3,"name":"059094 LAMPARA LED REGULABLE GU10 7,9W 3000K 120\u00ba"}]},{"@type":"WebSite","@id":"https:\/\/ledsolintel.com\/#website","url":"https:\/\/ledsolintel.com\/","name":"Webmenaje","description":"Magasin d'ampoules et de lampes LED pour les professionnels","publisher":{"@id":"https:\/\/ledsolintel.com\/#organization"},"potentialAction":[{"@type":"SearchAction","target":{"@type":"EntryPoint","urlTemplate":"https:\/\/ledsolintel.com\/?s={search_term_string}"},"query-input":{"@type":"PropertyValueSpecification","valueRequired":true,"valueName":"search_term_string"}}],"inLanguage":"fr-FR"},{"@type":"Organization","@id":"https:\/\/ledsolintel.com\/#organization","name":"Solintel Noroeste, S.L.","url":"https:\/\/ledsolintel.com\/","logo":{"@type":"ImageObject","inLanguage":"fr-FR","@id":"https:\/\/ledsolintel.com\/#\/schema\/logo\/image\/","url":"https:\/\/ledsolintel.com\/wp-content\/uploads\/2024\/11\/webmenaje-logo-1508269066.jpg","contentUrl":"https:\/\/ledsolintel.com\/wp-content\/uploads\/2024\/11\/webmenaje-logo-1508269066.jpg","width":370,"height":90,"caption":"Solintel Noroeste, S.L."},"image":{"@id":"https:\/\/ledsolintel.com\/#\/schema\/logo\/image\/"},"sameAs":["http:\/\/www.facebook.com\/webmenaje","https:\/\/x.com\/webmenaje","https:\/\/www.youtube.com\/channel\/UCX2KoVoeCG4LocZjUc6LmSQ","http:\/\/www.pinterest.com\/webmenaje"]}]}},"_links":{"self":[{"href":"https:\/\/ledsolintel.com\/fr\/wp-json\/wp\/v2\/product\/247561","targetHints":{"allow":["GET"]}}],"collection":[{"href":"https:\/\/ledsolintel.com\/fr\/wp-json\/wp\/v2\/product"}],"about":[{"href":"https:\/\/ledsolintel.com\/fr\/wp-json\/wp\/v2\/types\/product"}],"version-history":[{"count":0,"href":"https:\/\/ledsolintel.com\/fr\/wp-json\/wp\/v2\/product\/247561\/revisions"}],"wp:featuredmedia":[{"embeddable":true,"href":"https:\/\/ledsolintel.com\/fr\/wp-json\/wp\/v2\/media\/247560"}],"wp:attachment":[{"href":"https:\/\/ledsolintel.com\/fr\/wp-json\/wp\/v2\/media?parent=247561"}],"wp:term":[{"taxonomy":"product_brand","embeddable":true,"href":"https:\/\/ledsolintel.com\/fr\/wp-json\/wp\/v2\/product_brand?post=247561"},{"taxonomy":"product_cat","embeddable":true,"href":"https:\/\/ledsolintel.com\/fr\/wp-json\/wp\/v2\/product_cat?post=247561"},{"taxonomy":"product_tag","embeddable":true,"href":"https:\/\/ledsolintel.com\/fr\/wp-json\/wp\/v2\/product_tag?post=247561"}],"curies":[{"name":"wp","href":"https:\/\/api.w.org\/{rel}","templated":true}]}}