{"id":247540,"date":"2024-05-22T10:13:43","date_gmt":"2024-05-22T08:13:43","guid":{"rendered":"https:\/\/nueva.ledsolintel.com\/product\/096745-lampara-led-gu10-69w-6500k-120o-value\/"},"modified":"2024-05-22T10:13:43","modified_gmt":"2024-05-22T08:13:43","slug":"096745-lampara-led-gu10-69w-6500k-120o-value","status":"publish","type":"product","link":"https:\/\/ledsolintel.com\/fr\/produit-2\/096745-lampara-led-gu10-69w-6500k-120o-value\/","title":{"rendered":"096745 AMPOULE LED GU10 6,9W 6500K 120\u00ba VALUE"},"content":{"rendered":"<p>Gamme LED VALUE PAR16 avec 2 ans de garantie. Domaines d'application : maisons, mus\u00e9es et galeries d'art, restaurants et h\u00f4pitaux. Haute coh\u00e9rence des couleurs : &gt;6 SDCM. Design du verre.<\/p>","protected":false},"excerpt":{"rendered":"<p>Gamme LED VALUE PAR16 avec 2 ans de garantie. Domaines d'application : maisons, mus\u00e9es et galeries d'art, restaurants et h\u00f4pitaux. Haute coh\u00e9rence des couleurs : &gt;6 SDCM. Design du verre.<\/p>","protected":false},"featured_media":247539,"template":"","meta":[],"product_brand":[99391],"product_cat":[99601],"product_tag":[],"class_list":{"0":"post-247540","1":"product","2":"type-product","3":"status-publish","4":"has-post-thumbnail","6":"product_brand-osram","7":"product_cat-gyemo","10":"instock","11":"taxable","12":"shipping-taxable","13":"purchasable","14":"product-type-simple"},"yoast_head":"<!-- This site is optimized with the Yoast SEO plugin v26.6 - https:\/\/yoast.com\/wordpress\/plugins\/seo\/ -->\n<title>096745 LAMPARA LED GU10 6,9W 6500K 120\u00ba VALUE - Ledsolintel<\/title>\n<meta name=\"robots\" content=\"index, follow, max-snippet:-1, max-image-preview:large, max-video-preview:-1\" \/>\n<link rel=\"canonical\" href=\"https:\/\/ledsolintel.com\/fr\/produit-2\/096745-lampara-led-gu10-69w-6500k-120o-value\/\" \/>\n<meta property=\"og:locale\" content=\"fr_FR\" \/>\n<meta property=\"og:type\" content=\"article\" \/>\n<meta property=\"og:title\" content=\"096745 LAMPARA LED GU10 6,9W 6500K 120\u00ba VALUE - Ledsolintel\" \/>\n<meta property=\"og:description\" content=\"Gama LED VALUE PAR16 con 2 a\u00f1os de garant\u00eda. \u00c1reas de aplicaci\u00f3n: viviendas, museos y galer\u00edas de artes, restaurantes y hospitales. Alta consistencia del color: &gt;6 SDCM. Dise\u00f1o en cristal.\" \/>\n<meta property=\"og:url\" content=\"https:\/\/ledsolintel.com\/fr\/produit-2\/096745-lampara-led-gu10-69w-6500k-120o-value\/\" \/>\n<meta property=\"og:site_name\" content=\"Ledsolintel\" \/>\n<meta property=\"article:publisher\" content=\"http:\/\/www.facebook.com\/webmenaje\" \/>\n<meta property=\"og:image\" content=\"https:\/\/ledsolintel.com\/wp-content\/uploads\/2024\/05\/22743-096745-LAMPARA-LED-GU10-69W-6500K-120o-VALUE.jpg\" \/>\n\t<meta property=\"og:image:width\" content=\"1\" \/>\n\t<meta property=\"og:image:height\" content=\"1\" \/>\n\t<meta property=\"og:image:type\" content=\"image\/jpeg\" \/>\n<meta name=\"twitter:card\" content=\"summary_large_image\" \/>\n<meta name=\"twitter:site\" content=\"@webmenaje\" \/>\n<script type=\"application\/ld+json\" class=\"yoast-schema-graph\">{\"@context\":\"https:\/\/schema.org\",\"@graph\":[{\"@type\":\"WebPage\",\"@id\":\"https:\/\/ledsolintel.com\/product\/096745-lampara-led-gu10-69w-6500k-120o-value\/\",\"url\":\"https:\/\/ledsolintel.com\/product\/096745-lampara-led-gu10-69w-6500k-120o-value\/\",\"name\":\"096745 LAMPARA LED GU10 6,9W 6500K 120\u00ba VALUE - Ledsolintel\",\"isPartOf\":{\"@id\":\"https:\/\/ledsolintel.com\/#website\"},\"primaryImageOfPage\":{\"@id\":\"https:\/\/ledsolintel.com\/product\/096745-lampara-led-gu10-69w-6500k-120o-value\/#primaryimage\"},\"image\":{\"@id\":\"https:\/\/ledsolintel.com\/product\/096745-lampara-led-gu10-69w-6500k-120o-value\/#primaryimage\"},\"thumbnailUrl\":\"https:\/\/ledsolintel.com\/wp-content\/uploads\/2024\/05\/22743-096745-LAMPARA-LED-GU10-69W-6500K-120o-VALUE.jpg\",\"datePublished\":\"2024-05-22T08:13:43+00:00\",\"breadcrumb\":{\"@id\":\"https:\/\/ledsolintel.com\/product\/096745-lampara-led-gu10-69w-6500k-120o-value\/#breadcrumb\"},\"inLanguage\":\"fr-FR\",\"potentialAction\":[{\"@type\":\"ReadAction\",\"target\":[\"https:\/\/ledsolintel.com\/product\/096745-lampara-led-gu10-69w-6500k-120o-value\/\"]}]},{\"@type\":\"ImageObject\",\"inLanguage\":\"fr-FR\",\"@id\":\"https:\/\/ledsolintel.com\/product\/096745-lampara-led-gu10-69w-6500k-120o-value\/#primaryimage\",\"url\":\"https:\/\/ledsolintel.com\/wp-content\/uploads\/2024\/05\/22743-096745-LAMPARA-LED-GU10-69W-6500K-120o-VALUE.jpg\",\"contentUrl\":\"https:\/\/ledsolintel.com\/wp-content\/uploads\/2024\/05\/22743-096745-LAMPARA-LED-GU10-69W-6500K-120o-VALUE.jpg\",\"caption\":\"096745 LAMPARA LED GU10 6,9W 6500K 120\u00ba VALUE\"},{\"@type\":\"BreadcrumbList\",\"@id\":\"https:\/\/ledsolintel.com\/product\/096745-lampara-led-gu10-69w-6500k-120o-value\/#breadcrumb\",\"itemListElement\":[{\"@type\":\"ListItem\",\"position\":1,\"name\":\"Portada\",\"item\":\"https:\/\/ledsolintel.com\/fr\/\"},{\"@type\":\"ListItem\",\"position\":2,\"name\":\"Tienda\",\"item\":\"https:\/\/ledsolintel.com\/tienda\/\"},{\"@type\":\"ListItem\",\"position\":3,\"name\":\"096745 LAMPARA LED GU10 6,9W 6500K 120\u00ba VALUE\"}]},{\"@type\":\"WebSite\",\"@id\":\"https:\/\/ledsolintel.com\/#website\",\"url\":\"https:\/\/ledsolintel.com\/\",\"name\":\"Webmenaje\",\"description\":\"Tienda de bombillas y l\u00e1mparas LED para profesionales\",\"publisher\":{\"@id\":\"https:\/\/ledsolintel.com\/#organization\"},\"potentialAction\":[{\"@type\":\"SearchAction\",\"target\":{\"@type\":\"EntryPoint\",\"urlTemplate\":\"https:\/\/ledsolintel.com\/?s={search_term_string}\"},\"query-input\":{\"@type\":\"PropertyValueSpecification\",\"valueRequired\":true,\"valueName\":\"search_term_string\"}}],\"inLanguage\":\"fr-FR\"},{\"@type\":\"Organization\",\"@id\":\"https:\/\/ledsolintel.com\/#organization\",\"name\":\"Solintel Noroeste, S.L.\",\"url\":\"https:\/\/ledsolintel.com\/\",\"logo\":{\"@type\":\"ImageObject\",\"inLanguage\":\"fr-FR\",\"@id\":\"https:\/\/ledsolintel.com\/#\/schema\/logo\/image\/\",\"url\":\"https:\/\/ledsolintel.com\/wp-content\/uploads\/2024\/11\/webmenaje-logo-1508269066.jpg\",\"contentUrl\":\"https:\/\/ledsolintel.com\/wp-content\/uploads\/2024\/11\/webmenaje-logo-1508269066.jpg\",\"width\":370,\"height\":90,\"caption\":\"Solintel Noroeste, S.L.\"},\"image\":{\"@id\":\"https:\/\/ledsolintel.com\/#\/schema\/logo\/image\/\"},\"sameAs\":[\"http:\/\/www.facebook.com\/webmenaje\",\"https:\/\/x.com\/webmenaje\",\"https:\/\/www.youtube.com\/channel\/UCX2KoVoeCG4LocZjUc6LmSQ\",\"http:\/\/www.pinterest.com\/webmenaje\"]}]}<\/script>\n<!-- \/ Yoast SEO plugin. -->","yoast_head_json":{"title":"096745 LAMPARA LED GU10 6,9W 6500K 120\u00ba VALUE - Ledsolintel","robots":{"index":"index","follow":"follow","max-snippet":"max-snippet:-1","max-image-preview":"max-image-preview:large","max-video-preview":"max-video-preview:-1"},"canonical":"https:\/\/ledsolintel.com\/fr\/produit-2\/096745-lampara-led-gu10-69w-6500k-120o-value\/","og_locale":"fr_FR","og_type":"article","og_title":"096745 LAMPARA LED GU10 6,9W 6500K 120\u00ba VALUE - Ledsolintel","og_description":"Gama LED VALUE PAR16 con 2 a\u00f1os de garant\u00eda. \u00c1reas de aplicaci\u00f3n: viviendas, museos y galer\u00edas de artes, restaurantes y hospitales. Alta consistencia del color: >6 SDCM. Dise\u00f1o en cristal.","og_url":"https:\/\/ledsolintel.com\/fr\/produit-2\/096745-lampara-led-gu10-69w-6500k-120o-value\/","og_site_name":"Ledsolintel","article_publisher":"http:\/\/www.facebook.com\/webmenaje","og_image":[{"url":"https:\/\/ledsolintel.com\/wp-content\/uploads\/2024\/05\/22743-096745-LAMPARA-LED-GU10-69W-6500K-120o-VALUE.jpg","width":1,"height":1,"type":"image\/jpeg"}],"twitter_card":"summary_large_image","twitter_site":"@webmenaje","schema":{"@context":"https:\/\/schema.org","@graph":[{"@type":"WebPage","@id":"https:\/\/ledsolintel.com\/product\/096745-lampara-led-gu10-69w-6500k-120o-value\/","url":"https:\/\/ledsolintel.com\/product\/096745-lampara-led-gu10-69w-6500k-120o-value\/","name":"096745 LAMPARA LED GU10 6,9W 6500K 120\u00ba VALUE - Ledsolintel","isPartOf":{"@id":"https:\/\/ledsolintel.com\/#website"},"primaryImageOfPage":{"@id":"https:\/\/ledsolintel.com\/product\/096745-lampara-led-gu10-69w-6500k-120o-value\/#primaryimage"},"image":{"@id":"https:\/\/ledsolintel.com\/product\/096745-lampara-led-gu10-69w-6500k-120o-value\/#primaryimage"},"thumbnailUrl":"https:\/\/ledsolintel.com\/wp-content\/uploads\/2024\/05\/22743-096745-LAMPARA-LED-GU10-69W-6500K-120o-VALUE.jpg","datePublished":"2024-05-22T08:13:43+00:00","breadcrumb":{"@id":"https:\/\/ledsolintel.com\/product\/096745-lampara-led-gu10-69w-6500k-120o-value\/#breadcrumb"},"inLanguage":"fr-FR","potentialAction":[{"@type":"ReadAction","target":["https:\/\/ledsolintel.com\/product\/096745-lampara-led-gu10-69w-6500k-120o-value\/"]}]},{"@type":"ImageObject","inLanguage":"fr-FR","@id":"https:\/\/ledsolintel.com\/product\/096745-lampara-led-gu10-69w-6500k-120o-value\/#primaryimage","url":"https:\/\/ledsolintel.com\/wp-content\/uploads\/2024\/05\/22743-096745-LAMPARA-LED-GU10-69W-6500K-120o-VALUE.jpg","contentUrl":"https:\/\/ledsolintel.com\/wp-content\/uploads\/2024\/05\/22743-096745-LAMPARA-LED-GU10-69W-6500K-120o-VALUE.jpg","caption":"096745 LAMPARA LED GU10 6,9W 6500K 120\u00ba VALUE"},{"@type":"BreadcrumbList","@id":"https:\/\/ledsolintel.com\/product\/096745-lampara-led-gu10-69w-6500k-120o-value\/#breadcrumb","itemListElement":[{"@type":"ListItem","position":1,"name":"Portada","item":"https:\/\/ledsolintel.com\/fr\/"},{"@type":"ListItem","position":2,"name":"Tienda","item":"https:\/\/ledsolintel.com\/tienda\/"},{"@type":"ListItem","position":3,"name":"096745 LAMPARA LED GU10 6,9W 6500K 120\u00ba VALUE"}]},{"@type":"WebSite","@id":"https:\/\/ledsolintel.com\/#website","url":"https:\/\/ledsolintel.com\/","name":"Webmenaje","description":"Magasin d'ampoules et de lampes LED pour les professionnels","publisher":{"@id":"https:\/\/ledsolintel.com\/#organization"},"potentialAction":[{"@type":"SearchAction","target":{"@type":"EntryPoint","urlTemplate":"https:\/\/ledsolintel.com\/?s={search_term_string}"},"query-input":{"@type":"PropertyValueSpecification","valueRequired":true,"valueName":"search_term_string"}}],"inLanguage":"fr-FR"},{"@type":"Organization","@id":"https:\/\/ledsolintel.com\/#organization","name":"Solintel Noroeste, S.L.","url":"https:\/\/ledsolintel.com\/","logo":{"@type":"ImageObject","inLanguage":"fr-FR","@id":"https:\/\/ledsolintel.com\/#\/schema\/logo\/image\/","url":"https:\/\/ledsolintel.com\/wp-content\/uploads\/2024\/11\/webmenaje-logo-1508269066.jpg","contentUrl":"https:\/\/ledsolintel.com\/wp-content\/uploads\/2024\/11\/webmenaje-logo-1508269066.jpg","width":370,"height":90,"caption":"Solintel Noroeste, S.L."},"image":{"@id":"https:\/\/ledsolintel.com\/#\/schema\/logo\/image\/"},"sameAs":["http:\/\/www.facebook.com\/webmenaje","https:\/\/x.com\/webmenaje","https:\/\/www.youtube.com\/channel\/UCX2KoVoeCG4LocZjUc6LmSQ","http:\/\/www.pinterest.com\/webmenaje"]}]}},"_links":{"self":[{"href":"https:\/\/ledsolintel.com\/fr\/wp-json\/wp\/v2\/product\/247540","targetHints":{"allow":["GET"]}}],"collection":[{"href":"https:\/\/ledsolintel.com\/fr\/wp-json\/wp\/v2\/product"}],"about":[{"href":"https:\/\/ledsolintel.com\/fr\/wp-json\/wp\/v2\/types\/product"}],"version-history":[{"count":0,"href":"https:\/\/ledsolintel.com\/fr\/wp-json\/wp\/v2\/product\/247540\/revisions"}],"wp:featuredmedia":[{"embeddable":true,"href":"https:\/\/ledsolintel.com\/fr\/wp-json\/wp\/v2\/media\/247539"}],"wp:attachment":[{"href":"https:\/\/ledsolintel.com\/fr\/wp-json\/wp\/v2\/media?parent=247540"}],"wp:term":[{"taxonomy":"product_brand","embeddable":true,"href":"https:\/\/ledsolintel.com\/fr\/wp-json\/wp\/v2\/product_brand?post=247540"},{"taxonomy":"product_cat","embeddable":true,"href":"https:\/\/ledsolintel.com\/fr\/wp-json\/wp\/v2\/product_cat?post=247540"},{"taxonomy":"product_tag","embeddable":true,"href":"https:\/\/ledsolintel.com\/fr\/wp-json\/wp\/v2\/product_tag?post=247540"}],"curies":[{"name":"wp","href":"https:\/\/api.w.org\/{rel}","templated":true}]}}