{"id":247368,"date":"2024-05-22T10:13:43","date_gmt":"2024-05-22T08:13:43","guid":{"rendered":"https:\/\/nueva.ledsolintel.com\/product\/485693-lampara-smart-par16-led-49w-gu10-rgbw-40-ledvance\/"},"modified":"2024-05-22T10:13:43","modified_gmt":"2024-05-22T08:13:43","slug":"485693-lampara-smart-par16-led-49w-gu10-rgbw-40-ledvance","status":"publish","type":"product","link":"https:\/\/ledsolintel.com\/fr\/produit-2\/485693-lampara-smart-par16-led-49w-gu10-rgbw-40-ledvance\/","title":{"rendered":"485693 LAMP SMART PAR16 LED 4,9W GU10 RGB+W 40\u00b0 LEDVANCE"},"content":{"rendered":"<p>Contr\u00f4le sans fil via l'application LEDVANCE SMART+ WiFi avec Android 4.4, iOS 9.0 ou sup\u00e9rieur. Temp\u00e9rature de couleur r\u00e9glable de 2 700 \u00e0 6 500 K et contr\u00f4le des couleurs RVB. Commande vocale compatible avec la technologie de la maison intelligente : Google Assistant et Amazo.<\/p>","protected":false},"excerpt":{"rendered":"<p>Contr\u00f4le sans fil via l'application LEDVANCE SMART+ WiFi avec Android 4.4, iOS 9.0 ou sup\u00e9rieur. Temp\u00e9rature de couleur r\u00e9glable de 2 700 \u00e0 6 500 K et contr\u00f4le des couleurs RVB. Commande vocale compatible avec la technologie de la maison intelligente : Google Assistant et Amazo.<\/p>","protected":false},"featured_media":247366,"template":"","meta":[],"product_brand":[99393],"product_cat":[99601],"product_tag":[],"class_list":{"0":"post-247368","1":"product","2":"type-product","3":"status-publish","4":"has-post-thumbnail","6":"product_brand-ledvance","7":"product_cat-gyemo","10":"instock","11":"taxable","12":"shipping-taxable","13":"purchasable","14":"product-type-simple"},"yoast_head":"<!-- This site is optimized with the Yoast SEO plugin v26.6 - https:\/\/yoast.com\/wordpress\/plugins\/seo\/ -->\n<title>485693 LAMPARA SMART PAR16 LED 4,9W GU10 RGB+W 40\u00b0 LEDVANCE - Ledsolintel<\/title>\n<meta name=\"robots\" content=\"index, follow, max-snippet:-1, max-image-preview:large, max-video-preview:-1\" \/>\n<link rel=\"canonical\" href=\"https:\/\/ledsolintel.com\/fr\/produit-2\/485693-lampara-smart-par16-led-49w-gu10-rgbw-40-ledvance\/\" \/>\n<meta property=\"og:locale\" content=\"fr_FR\" \/>\n<meta property=\"og:type\" content=\"article\" \/>\n<meta property=\"og:title\" content=\"485693 LAMPARA SMART PAR16 LED 4,9W GU10 RGB+W 40\u00b0 LEDVANCE - Ledsolintel\" \/>\n<meta property=\"og:description\" content=\"Control inal\u00e1mbrico a trav\u00e9s de la aplicaci\u00f3n LEDVANCE SMART+ WiFi con Android 4.4, iOS 9.0 o superior. Temperatura de color ajustable de 2,700 a 6,500K y control de color RGB. Control por voz compatible con tecnolog\u00eda smart home: Google Assistant y Amazo\" \/>\n<meta property=\"og:url\" content=\"https:\/\/ledsolintel.com\/fr\/produit-2\/485693-lampara-smart-par16-led-49w-gu10-rgbw-40-ledvance\/\" \/>\n<meta property=\"og:site_name\" content=\"Ledsolintel\" \/>\n<meta property=\"article:publisher\" content=\"http:\/\/www.facebook.com\/webmenaje\" \/>\n<meta property=\"og:image\" content=\"https:\/\/ledsolintel.com\/wp-content\/uploads\/2024\/05\/22615-485693-LAMPARA-SMART-PAR16-LED-49W-GU10-RGBW-40\u00b0-LEDVANCE.jpg\" \/>\n\t<meta property=\"og:image:width\" content=\"1\" \/>\n\t<meta property=\"og:image:height\" content=\"1\" \/>\n\t<meta property=\"og:image:type\" content=\"image\/jpeg\" \/>\n<meta name=\"twitter:card\" content=\"summary_large_image\" \/>\n<meta name=\"twitter:site\" content=\"@webmenaje\" \/>\n<script type=\"application\/ld+json\" class=\"yoast-schema-graph\">{\"@context\":\"https:\/\/schema.org\",\"@graph\":[{\"@type\":\"WebPage\",\"@id\":\"https:\/\/ledsolintel.com\/product\/485693-lampara-smart-par16-led-49w-gu10-rgbw-40-ledvance\/\",\"url\":\"https:\/\/ledsolintel.com\/product\/485693-lampara-smart-par16-led-49w-gu10-rgbw-40-ledvance\/\",\"name\":\"485693 LAMPARA SMART PAR16 LED 4,9W GU10 RGB+W 40\u00b0 LEDVANCE - Ledsolintel\",\"isPartOf\":{\"@id\":\"https:\/\/ledsolintel.com\/#website\"},\"primaryImageOfPage\":{\"@id\":\"https:\/\/ledsolintel.com\/product\/485693-lampara-smart-par16-led-49w-gu10-rgbw-40-ledvance\/#primaryimage\"},\"image\":{\"@id\":\"https:\/\/ledsolintel.com\/product\/485693-lampara-smart-par16-led-49w-gu10-rgbw-40-ledvance\/#primaryimage\"},\"thumbnailUrl\":\"https:\/\/ledsolintel.com\/wp-content\/uploads\/2024\/05\/22615-485693-LAMPARA-SMART-PAR16-LED-49W-GU10-RGBW-40\u00b0-LEDVANCE.jpg\",\"datePublished\":\"2024-05-22T08:13:43+00:00\",\"breadcrumb\":{\"@id\":\"https:\/\/ledsolintel.com\/product\/485693-lampara-smart-par16-led-49w-gu10-rgbw-40-ledvance\/#breadcrumb\"},\"inLanguage\":\"fr-FR\",\"potentialAction\":[{\"@type\":\"ReadAction\",\"target\":[\"https:\/\/ledsolintel.com\/product\/485693-lampara-smart-par16-led-49w-gu10-rgbw-40-ledvance\/\"]}]},{\"@type\":\"ImageObject\",\"inLanguage\":\"fr-FR\",\"@id\":\"https:\/\/ledsolintel.com\/product\/485693-lampara-smart-par16-led-49w-gu10-rgbw-40-ledvance\/#primaryimage\",\"url\":\"https:\/\/ledsolintel.com\/wp-content\/uploads\/2024\/05\/22615-485693-LAMPARA-SMART-PAR16-LED-49W-GU10-RGBW-40\u00b0-LEDVANCE.jpg\",\"contentUrl\":\"https:\/\/ledsolintel.com\/wp-content\/uploads\/2024\/05\/22615-485693-LAMPARA-SMART-PAR16-LED-49W-GU10-RGBW-40\u00b0-LEDVANCE.jpg\",\"caption\":\"485693 LAMPARA SMART PAR16 LED 4,9W GU10 RGB+W 40\u00b0 LEDVANCE\"},{\"@type\":\"BreadcrumbList\",\"@id\":\"https:\/\/ledsolintel.com\/product\/485693-lampara-smart-par16-led-49w-gu10-rgbw-40-ledvance\/#breadcrumb\",\"itemListElement\":[{\"@type\":\"ListItem\",\"position\":1,\"name\":\"Portada\",\"item\":\"https:\/\/ledsolintel.com\/fr\/\"},{\"@type\":\"ListItem\",\"position\":2,\"name\":\"Tienda\",\"item\":\"https:\/\/ledsolintel.com\/tienda\/\"},{\"@type\":\"ListItem\",\"position\":3,\"name\":\"485693 LAMPARA SMART PAR16 LED 4,9W GU10 RGB+W 40\u00b0 LEDVANCE\"}]},{\"@type\":\"WebSite\",\"@id\":\"https:\/\/ledsolintel.com\/#website\",\"url\":\"https:\/\/ledsolintel.com\/\",\"name\":\"Webmenaje\",\"description\":\"Tienda de bombillas y l\u00e1mparas LED para profesionales\",\"publisher\":{\"@id\":\"https:\/\/ledsolintel.com\/#organization\"},\"potentialAction\":[{\"@type\":\"SearchAction\",\"target\":{\"@type\":\"EntryPoint\",\"urlTemplate\":\"https:\/\/ledsolintel.com\/?s={search_term_string}\"},\"query-input\":{\"@type\":\"PropertyValueSpecification\",\"valueRequired\":true,\"valueName\":\"search_term_string\"}}],\"inLanguage\":\"fr-FR\"},{\"@type\":\"Organization\",\"@id\":\"https:\/\/ledsolintel.com\/#organization\",\"name\":\"Solintel Noroeste, S.L.\",\"url\":\"https:\/\/ledsolintel.com\/\",\"logo\":{\"@type\":\"ImageObject\",\"inLanguage\":\"fr-FR\",\"@id\":\"https:\/\/ledsolintel.com\/#\/schema\/logo\/image\/\",\"url\":\"https:\/\/ledsolintel.com\/wp-content\/uploads\/2024\/11\/webmenaje-logo-1508269066.jpg\",\"contentUrl\":\"https:\/\/ledsolintel.com\/wp-content\/uploads\/2024\/11\/webmenaje-logo-1508269066.jpg\",\"width\":370,\"height\":90,\"caption\":\"Solintel Noroeste, S.L.\"},\"image\":{\"@id\":\"https:\/\/ledsolintel.com\/#\/schema\/logo\/image\/\"},\"sameAs\":[\"http:\/\/www.facebook.com\/webmenaje\",\"https:\/\/x.com\/webmenaje\",\"https:\/\/www.youtube.com\/channel\/UCX2KoVoeCG4LocZjUc6LmSQ\",\"http:\/\/www.pinterest.com\/webmenaje\"]}]}<\/script>\n<!-- \/ Yoast SEO plugin. -->","yoast_head_json":{"title":"485693 LAMPARA SMART PAR16 LED 4,9W GU10 RGB+W 40\u00b0 LEDVANCE - Ledsolintel","robots":{"index":"index","follow":"follow","max-snippet":"max-snippet:-1","max-image-preview":"max-image-preview:large","max-video-preview":"max-video-preview:-1"},"canonical":"https:\/\/ledsolintel.com\/fr\/produit-2\/485693-lampara-smart-par16-led-49w-gu10-rgbw-40-ledvance\/","og_locale":"fr_FR","og_type":"article","og_title":"485693 LAMPARA SMART PAR16 LED 4,9W GU10 RGB+W 40\u00b0 LEDVANCE - Ledsolintel","og_description":"Control inal\u00e1mbrico a trav\u00e9s de la aplicaci\u00f3n LEDVANCE SMART+ WiFi con Android 4.4, iOS 9.0 o superior. Temperatura de color ajustable de 2,700 a 6,500K y control de color RGB. Control por voz compatible con tecnolog\u00eda smart home: Google Assistant y Amazo","og_url":"https:\/\/ledsolintel.com\/fr\/produit-2\/485693-lampara-smart-par16-led-49w-gu10-rgbw-40-ledvance\/","og_site_name":"Ledsolintel","article_publisher":"http:\/\/www.facebook.com\/webmenaje","og_image":[{"url":"https:\/\/ledsolintel.com\/wp-content\/uploads\/2024\/05\/22615-485693-LAMPARA-SMART-PAR16-LED-49W-GU10-RGBW-40\u00b0-LEDVANCE.jpg","width":1,"height":1,"type":"image\/jpeg"}],"twitter_card":"summary_large_image","twitter_site":"@webmenaje","schema":{"@context":"https:\/\/schema.org","@graph":[{"@type":"WebPage","@id":"https:\/\/ledsolintel.com\/product\/485693-lampara-smart-par16-led-49w-gu10-rgbw-40-ledvance\/","url":"https:\/\/ledsolintel.com\/product\/485693-lampara-smart-par16-led-49w-gu10-rgbw-40-ledvance\/","name":"485693 LAMPARA SMART PAR16 LED 4,9W GU10 RGB+W 40\u00b0 LEDVANCE - Ledsolintel","isPartOf":{"@id":"https:\/\/ledsolintel.com\/#website"},"primaryImageOfPage":{"@id":"https:\/\/ledsolintel.com\/product\/485693-lampara-smart-par16-led-49w-gu10-rgbw-40-ledvance\/#primaryimage"},"image":{"@id":"https:\/\/ledsolintel.com\/product\/485693-lampara-smart-par16-led-49w-gu10-rgbw-40-ledvance\/#primaryimage"},"thumbnailUrl":"https:\/\/ledsolintel.com\/wp-content\/uploads\/2024\/05\/22615-485693-LAMPARA-SMART-PAR16-LED-49W-GU10-RGBW-40\u00b0-LEDVANCE.jpg","datePublished":"2024-05-22T08:13:43+00:00","breadcrumb":{"@id":"https:\/\/ledsolintel.com\/product\/485693-lampara-smart-par16-led-49w-gu10-rgbw-40-ledvance\/#breadcrumb"},"inLanguage":"fr-FR","potentialAction":[{"@type":"ReadAction","target":["https:\/\/ledsolintel.com\/product\/485693-lampara-smart-par16-led-49w-gu10-rgbw-40-ledvance\/"]}]},{"@type":"ImageObject","inLanguage":"fr-FR","@id":"https:\/\/ledsolintel.com\/product\/485693-lampara-smart-par16-led-49w-gu10-rgbw-40-ledvance\/#primaryimage","url":"https:\/\/ledsolintel.com\/wp-content\/uploads\/2024\/05\/22615-485693-LAMPARA-SMART-PAR16-LED-49W-GU10-RGBW-40\u00b0-LEDVANCE.jpg","contentUrl":"https:\/\/ledsolintel.com\/wp-content\/uploads\/2024\/05\/22615-485693-LAMPARA-SMART-PAR16-LED-49W-GU10-RGBW-40\u00b0-LEDVANCE.jpg","caption":"485693 LAMPARA SMART PAR16 LED 4,9W GU10 RGB+W 40\u00b0 LEDVANCE"},{"@type":"BreadcrumbList","@id":"https:\/\/ledsolintel.com\/product\/485693-lampara-smart-par16-led-49w-gu10-rgbw-40-ledvance\/#breadcrumb","itemListElement":[{"@type":"ListItem","position":1,"name":"Portada","item":"https:\/\/ledsolintel.com\/fr\/"},{"@type":"ListItem","position":2,"name":"Tienda","item":"https:\/\/ledsolintel.com\/tienda\/"},{"@type":"ListItem","position":3,"name":"485693 LAMPARA SMART PAR16 LED 4,9W GU10 RGB+W 40\u00b0 LEDVANCE"}]},{"@type":"WebSite","@id":"https:\/\/ledsolintel.com\/#website","url":"https:\/\/ledsolintel.com\/","name":"Webmenaje","description":"Magasin d'ampoules et de lampes LED pour les professionnels","publisher":{"@id":"https:\/\/ledsolintel.com\/#organization"},"potentialAction":[{"@type":"SearchAction","target":{"@type":"EntryPoint","urlTemplate":"https:\/\/ledsolintel.com\/?s={search_term_string}"},"query-input":{"@type":"PropertyValueSpecification","valueRequired":true,"valueName":"search_term_string"}}],"inLanguage":"fr-FR"},{"@type":"Organization","@id":"https:\/\/ledsolintel.com\/#organization","name":"Solintel Noroeste, S.L.","url":"https:\/\/ledsolintel.com\/","logo":{"@type":"ImageObject","inLanguage":"fr-FR","@id":"https:\/\/ledsolintel.com\/#\/schema\/logo\/image\/","url":"https:\/\/ledsolintel.com\/wp-content\/uploads\/2024\/11\/webmenaje-logo-1508269066.jpg","contentUrl":"https:\/\/ledsolintel.com\/wp-content\/uploads\/2024\/11\/webmenaje-logo-1508269066.jpg","width":370,"height":90,"caption":"Solintel Noroeste, S.L."},"image":{"@id":"https:\/\/ledsolintel.com\/#\/schema\/logo\/image\/"},"sameAs":["http:\/\/www.facebook.com\/webmenaje","https:\/\/x.com\/webmenaje","https:\/\/www.youtube.com\/channel\/UCX2KoVoeCG4LocZjUc6LmSQ","http:\/\/www.pinterest.com\/webmenaje"]}]}},"_links":{"self":[{"href":"https:\/\/ledsolintel.com\/fr\/wp-json\/wp\/v2\/product\/247368","targetHints":{"allow":["GET"]}}],"collection":[{"href":"https:\/\/ledsolintel.com\/fr\/wp-json\/wp\/v2\/product"}],"about":[{"href":"https:\/\/ledsolintel.com\/fr\/wp-json\/wp\/v2\/types\/product"}],"version-history":[{"count":0,"href":"https:\/\/ledsolintel.com\/fr\/wp-json\/wp\/v2\/product\/247368\/revisions"}],"wp:featuredmedia":[{"embeddable":true,"href":"https:\/\/ledsolintel.com\/fr\/wp-json\/wp\/v2\/media\/247366"}],"wp:attachment":[{"href":"https:\/\/ledsolintel.com\/fr\/wp-json\/wp\/v2\/media?parent=247368"}],"wp:term":[{"taxonomy":"product_brand","embeddable":true,"href":"https:\/\/ledsolintel.com\/fr\/wp-json\/wp\/v2\/product_brand?post=247368"},{"taxonomy":"product_cat","embeddable":true,"href":"https:\/\/ledsolintel.com\/fr\/wp-json\/wp\/v2\/product_cat?post=247368"},{"taxonomy":"product_tag","embeddable":true,"href":"https:\/\/ledsolintel.com\/fr\/wp-json\/wp\/v2\/product_tag?post=247368"}],"curies":[{"name":"wp","href":"https:\/\/api.w.org\/{rel}","templated":true}]}}