{"id":247358,"date":"2024-05-22T10:13:43","date_gmt":"2024-05-22T08:13:43","guid":{"rendered":"https:\/\/nueva.ledsolintel.com\/product\/woj14473-lampara-standard-led-mate-13w-e27-smart-reg-rgb-spectrum\/"},"modified":"2024-05-22T10:13:43","modified_gmt":"2024-05-22T08:13:43","slug":"woj14473-lampara-standard-led-mate-13w-e27-smart-reg-rgb-spectrum","status":"publish","type":"product","link":"https:\/\/ledsolintel.com\/fr\/produit-2\/woj14473-lampara-standard-led-mate-13w-e27-smart-reg-rgb-spectrum\/","title":{"rendered":"WOJ14473 STANDARD LED LAMP MATT 13W E27 SMART REG RGB SPECTRUM"},"content":{"rendered":"<p>Ampoule LED standard qui permet de changer la couleur de la lumi\u00e8re (rouge, bleu, vert, violet...) et de la r\u00e9guler avec des tons chauds, froids et neutres. Elle permet \u00e9galement de r\u00e9gler l'intensit\u00e9 lumineuse de 1% \u00e0 100%. Il fonctionne via l'application Spectrum.<\/p>","protected":false},"excerpt":{"rendered":"<p>Ampoule LED standard qui permet de changer la couleur de la lumi\u00e8re (rouge, bleu, vert, violet...) et de la r\u00e9guler avec des tons chauds, froids et neutres. Elle permet \u00e9galement de r\u00e9gler l'intensit\u00e9 lumineuse de 1% \u00e0 100%. Il fonctionne via l'application Spectrum.<\/p>","protected":false},"featured_media":247355,"template":"","meta":[],"product_brand":[99395],"product_cat":[99601],"product_tag":[],"class_list":{"0":"post-247358","1":"product","2":"type-product","3":"status-publish","4":"has-post-thumbnail","6":"product_brand-spectrum-smart","7":"product_cat-gyemo","10":"instock","11":"taxable","12":"shipping-taxable","13":"purchasable","14":"product-type-simple"},"yoast_head":"<!-- This site is optimized with the Yoast SEO plugin v26.6 - https:\/\/yoast.com\/wordpress\/plugins\/seo\/ -->\n<title>WOJ14473 LAMPARA STANDARD LED MATE 13W E27 SMART REG RGB SPECTRUM - Ledsolintel<\/title>\n<meta name=\"robots\" content=\"index, follow, max-snippet:-1, max-image-preview:large, max-video-preview:-1\" \/>\n<link rel=\"canonical\" href=\"https:\/\/ledsolintel.com\/fr\/produit-2\/woj14473-lampara-standard-led-mate-13w-e27-smart-reg-rgb-spectrum\/\" \/>\n<meta property=\"og:locale\" content=\"fr_FR\" \/>\n<meta property=\"og:type\" content=\"article\" \/>\n<meta property=\"og:title\" content=\"WOJ14473 LAMPARA STANDARD LED MATE 13W E27 SMART REG RGB SPECTRUM - Ledsolintel\" \/>\n<meta property=\"og:description\" content=\"Bombilla standard Led que permite el cambio de color de la luz (rojo, azul, verde, violeta\u2026) y regularla con tonos c\u00e1lido fr\u00edo y neutro. Tambi\u00e9n permite el ajuste de la intensidad de la luz desde 1% hasta 100%. Se maneja a trav\u00e9s de la aplicaci\u00f3n Spectrum\" \/>\n<meta property=\"og:url\" content=\"https:\/\/ledsolintel.com\/fr\/produit-2\/woj14473-lampara-standard-led-mate-13w-e27-smart-reg-rgb-spectrum\/\" \/>\n<meta property=\"og:site_name\" content=\"Ledsolintel\" \/>\n<meta property=\"article:publisher\" content=\"http:\/\/www.facebook.com\/webmenaje\" \/>\n<meta property=\"og:image\" content=\"https:\/\/ledsolintel.com\/wp-content\/uploads\/2024\/05\/22607-WOJ14473-LAMPARA-STANDARD-LED-MATE-13W-E27-SMART-REG-RGB-SPECTRUM.jpg\" \/>\n\t<meta property=\"og:image:width\" content=\"1\" \/>\n\t<meta property=\"og:image:height\" content=\"1\" \/>\n\t<meta property=\"og:image:type\" content=\"image\/jpeg\" \/>\n<meta name=\"twitter:card\" content=\"summary_large_image\" \/>\n<meta name=\"twitter:site\" content=\"@webmenaje\" \/>\n<script type=\"application\/ld+json\" class=\"yoast-schema-graph\">{\"@context\":\"https:\/\/schema.org\",\"@graph\":[{\"@type\":\"WebPage\",\"@id\":\"https:\/\/ledsolintel.com\/fr\/product\/woj14473-lampara-standard-led-mate-13w-e27-smart-reg-rgb-spectrum\/\",\"url\":\"https:\/\/ledsolintel.com\/fr\/product\/woj14473-lampara-standard-led-mate-13w-e27-smart-reg-rgb-spectrum\/\",\"name\":\"WOJ14473 LAMPARA STANDARD LED MATE 13W E27 SMART REG RGB SPECTRUM - Ledsolintel\",\"isPartOf\":{\"@id\":\"https:\/\/ledsolintel.com\/#website\"},\"primaryImageOfPage\":{\"@id\":\"https:\/\/ledsolintel.com\/fr\/product\/woj14473-lampara-standard-led-mate-13w-e27-smart-reg-rgb-spectrum\/#primaryimage\"},\"image\":{\"@id\":\"https:\/\/ledsolintel.com\/fr\/product\/woj14473-lampara-standard-led-mate-13w-e27-smart-reg-rgb-spectrum\/#primaryimage\"},\"thumbnailUrl\":\"https:\/\/ledsolintel.com\/wp-content\/uploads\/2024\/05\/22607-WOJ14473-LAMPARA-STANDARD-LED-MATE-13W-E27-SMART-REG-RGB-SPECTRUM.jpg\",\"datePublished\":\"2024-05-22T08:13:43+00:00\",\"breadcrumb\":{\"@id\":\"https:\/\/ledsolintel.com\/fr\/product\/woj14473-lampara-standard-led-mate-13w-e27-smart-reg-rgb-spectrum\/#breadcrumb\"},\"inLanguage\":\"fr-FR\",\"potentialAction\":[{\"@type\":\"ReadAction\",\"target\":[\"https:\/\/ledsolintel.com\/fr\/product\/woj14473-lampara-standard-led-mate-13w-e27-smart-reg-rgb-spectrum\/\"]}]},{\"@type\":\"ImageObject\",\"inLanguage\":\"fr-FR\",\"@id\":\"https:\/\/ledsolintel.com\/fr\/product\/woj14473-lampara-standard-led-mate-13w-e27-smart-reg-rgb-spectrum\/#primaryimage\",\"url\":\"https:\/\/ledsolintel.com\/wp-content\/uploads\/2024\/05\/22607-WOJ14473-LAMPARA-STANDARD-LED-MATE-13W-E27-SMART-REG-RGB-SPECTRUM.jpg\",\"contentUrl\":\"https:\/\/ledsolintel.com\/wp-content\/uploads\/2024\/05\/22607-WOJ14473-LAMPARA-STANDARD-LED-MATE-13W-E27-SMART-REG-RGB-SPECTRUM.jpg\",\"caption\":\"WOJ14473 LAMPARA STANDARD LED MATE 13W E27 SMART REG RGB SPECTRUM\"},{\"@type\":\"BreadcrumbList\",\"@id\":\"https:\/\/ledsolintel.com\/fr\/product\/woj14473-lampara-standard-led-mate-13w-e27-smart-reg-rgb-spectrum\/#breadcrumb\",\"itemListElement\":[{\"@type\":\"ListItem\",\"position\":1,\"name\":\"Portada\",\"item\":\"https:\/\/ledsolintel.com\/fr\/\"},{\"@type\":\"ListItem\",\"position\":2,\"name\":\"Tienda\",\"item\":\"https:\/\/ledsolintel.com\/tienda\/\"},{\"@type\":\"ListItem\",\"position\":3,\"name\":\"WOJ14473 LAMPARA STANDARD LED MATE 13W E27 SMART REG RGB SPECTRUM\"}]},{\"@type\":\"WebSite\",\"@id\":\"https:\/\/ledsolintel.com\/#website\",\"url\":\"https:\/\/ledsolintel.com\/\",\"name\":\"Webmenaje\",\"description\":\"Tienda de bombillas y l\u00e1mparas LED para profesionales\",\"publisher\":{\"@id\":\"https:\/\/ledsolintel.com\/#organization\"},\"potentialAction\":[{\"@type\":\"SearchAction\",\"target\":{\"@type\":\"EntryPoint\",\"urlTemplate\":\"https:\/\/ledsolintel.com\/?s={search_term_string}\"},\"query-input\":{\"@type\":\"PropertyValueSpecification\",\"valueRequired\":true,\"valueName\":\"search_term_string\"}}],\"inLanguage\":\"fr-FR\"},{\"@type\":\"Organization\",\"@id\":\"https:\/\/ledsolintel.com\/#organization\",\"name\":\"Solintel Noroeste, S.L.\",\"url\":\"https:\/\/ledsolintel.com\/\",\"logo\":{\"@type\":\"ImageObject\",\"inLanguage\":\"fr-FR\",\"@id\":\"https:\/\/ledsolintel.com\/#\/schema\/logo\/image\/\",\"url\":\"https:\/\/ledsolintel.com\/wp-content\/uploads\/2024\/11\/webmenaje-logo-1508269066.jpg\",\"contentUrl\":\"https:\/\/ledsolintel.com\/wp-content\/uploads\/2024\/11\/webmenaje-logo-1508269066.jpg\",\"width\":370,\"height\":90,\"caption\":\"Solintel Noroeste, S.L.\"},\"image\":{\"@id\":\"https:\/\/ledsolintel.com\/#\/schema\/logo\/image\/\"},\"sameAs\":[\"http:\/\/www.facebook.com\/webmenaje\",\"https:\/\/x.com\/webmenaje\",\"https:\/\/www.youtube.com\/channel\/UCX2KoVoeCG4LocZjUc6LmSQ\",\"http:\/\/www.pinterest.com\/webmenaje\"]}]}<\/script>\n<!-- \/ Yoast SEO plugin. -->","yoast_head_json":{"title":"WOJ14473 LAMPARA STANDARD LED MATE 13W E27 SMART REG RGB SPECTRUM - Ledsolintel","robots":{"index":"index","follow":"follow","max-snippet":"max-snippet:-1","max-image-preview":"max-image-preview:large","max-video-preview":"max-video-preview:-1"},"canonical":"https:\/\/ledsolintel.com\/fr\/produit-2\/woj14473-lampara-standard-led-mate-13w-e27-smart-reg-rgb-spectrum\/","og_locale":"fr_FR","og_type":"article","og_title":"WOJ14473 LAMPARA STANDARD LED MATE 13W E27 SMART REG RGB SPECTRUM - Ledsolintel","og_description":"Bombilla standard Led que permite el cambio de color de la luz (rojo, azul, verde, violeta\u2026) y regularla con tonos c\u00e1lido fr\u00edo y neutro. Tambi\u00e9n permite el ajuste de la intensidad de la luz desde 1% hasta 100%. Se maneja a trav\u00e9s de la aplicaci\u00f3n Spectrum","og_url":"https:\/\/ledsolintel.com\/fr\/produit-2\/woj14473-lampara-standard-led-mate-13w-e27-smart-reg-rgb-spectrum\/","og_site_name":"Ledsolintel","article_publisher":"http:\/\/www.facebook.com\/webmenaje","og_image":[{"url":"https:\/\/ledsolintel.com\/wp-content\/uploads\/2024\/05\/22607-WOJ14473-LAMPARA-STANDARD-LED-MATE-13W-E27-SMART-REG-RGB-SPECTRUM.jpg","width":1,"height":1,"type":"image\/jpeg"}],"twitter_card":"summary_large_image","twitter_site":"@webmenaje","schema":{"@context":"https:\/\/schema.org","@graph":[{"@type":"WebPage","@id":"https:\/\/ledsolintel.com\/fr\/product\/woj14473-lampara-standard-led-mate-13w-e27-smart-reg-rgb-spectrum\/","url":"https:\/\/ledsolintel.com\/fr\/product\/woj14473-lampara-standard-led-mate-13w-e27-smart-reg-rgb-spectrum\/","name":"WOJ14473 LAMPARA STANDARD LED MATE 13W E27 SMART REG RGB SPECTRUM - Ledsolintel","isPartOf":{"@id":"https:\/\/ledsolintel.com\/#website"},"primaryImageOfPage":{"@id":"https:\/\/ledsolintel.com\/fr\/product\/woj14473-lampara-standard-led-mate-13w-e27-smart-reg-rgb-spectrum\/#primaryimage"},"image":{"@id":"https:\/\/ledsolintel.com\/fr\/product\/woj14473-lampara-standard-led-mate-13w-e27-smart-reg-rgb-spectrum\/#primaryimage"},"thumbnailUrl":"https:\/\/ledsolintel.com\/wp-content\/uploads\/2024\/05\/22607-WOJ14473-LAMPARA-STANDARD-LED-MATE-13W-E27-SMART-REG-RGB-SPECTRUM.jpg","datePublished":"2024-05-22T08:13:43+00:00","breadcrumb":{"@id":"https:\/\/ledsolintel.com\/fr\/product\/woj14473-lampara-standard-led-mate-13w-e27-smart-reg-rgb-spectrum\/#breadcrumb"},"inLanguage":"fr-FR","potentialAction":[{"@type":"ReadAction","target":["https:\/\/ledsolintel.com\/fr\/product\/woj14473-lampara-standard-led-mate-13w-e27-smart-reg-rgb-spectrum\/"]}]},{"@type":"ImageObject","inLanguage":"fr-FR","@id":"https:\/\/ledsolintel.com\/fr\/product\/woj14473-lampara-standard-led-mate-13w-e27-smart-reg-rgb-spectrum\/#primaryimage","url":"https:\/\/ledsolintel.com\/wp-content\/uploads\/2024\/05\/22607-WOJ14473-LAMPARA-STANDARD-LED-MATE-13W-E27-SMART-REG-RGB-SPECTRUM.jpg","contentUrl":"https:\/\/ledsolintel.com\/wp-content\/uploads\/2024\/05\/22607-WOJ14473-LAMPARA-STANDARD-LED-MATE-13W-E27-SMART-REG-RGB-SPECTRUM.jpg","caption":"WOJ14473 LAMPARA STANDARD LED MATE 13W E27 SMART REG RGB SPECTRUM"},{"@type":"BreadcrumbList","@id":"https:\/\/ledsolintel.com\/fr\/product\/woj14473-lampara-standard-led-mate-13w-e27-smart-reg-rgb-spectrum\/#breadcrumb","itemListElement":[{"@type":"ListItem","position":1,"name":"Portada","item":"https:\/\/ledsolintel.com\/fr\/"},{"@type":"ListItem","position":2,"name":"Tienda","item":"https:\/\/ledsolintel.com\/tienda\/"},{"@type":"ListItem","position":3,"name":"WOJ14473 LAMPARA STANDARD LED MATE 13W E27 SMART REG RGB SPECTRUM"}]},{"@type":"WebSite","@id":"https:\/\/ledsolintel.com\/#website","url":"https:\/\/ledsolintel.com\/","name":"Webmenaje","description":"Magasin d'ampoules et de lampes LED pour les professionnels","publisher":{"@id":"https:\/\/ledsolintel.com\/#organization"},"potentialAction":[{"@type":"SearchAction","target":{"@type":"EntryPoint","urlTemplate":"https:\/\/ledsolintel.com\/?s={search_term_string}"},"query-input":{"@type":"PropertyValueSpecification","valueRequired":true,"valueName":"search_term_string"}}],"inLanguage":"fr-FR"},{"@type":"Organization","@id":"https:\/\/ledsolintel.com\/#organization","name":"Solintel Noroeste, S.L.","url":"https:\/\/ledsolintel.com\/","logo":{"@type":"ImageObject","inLanguage":"fr-FR","@id":"https:\/\/ledsolintel.com\/#\/schema\/logo\/image\/","url":"https:\/\/ledsolintel.com\/wp-content\/uploads\/2024\/11\/webmenaje-logo-1508269066.jpg","contentUrl":"https:\/\/ledsolintel.com\/wp-content\/uploads\/2024\/11\/webmenaje-logo-1508269066.jpg","width":370,"height":90,"caption":"Solintel Noroeste, S.L."},"image":{"@id":"https:\/\/ledsolintel.com\/#\/schema\/logo\/image\/"},"sameAs":["http:\/\/www.facebook.com\/webmenaje","https:\/\/x.com\/webmenaje","https:\/\/www.youtube.com\/channel\/UCX2KoVoeCG4LocZjUc6LmSQ","http:\/\/www.pinterest.com\/webmenaje"]}]}},"_links":{"self":[{"href":"https:\/\/ledsolintel.com\/fr\/wp-json\/wp\/v2\/product\/247358","targetHints":{"allow":["GET"]}}],"collection":[{"href":"https:\/\/ledsolintel.com\/fr\/wp-json\/wp\/v2\/product"}],"about":[{"href":"https:\/\/ledsolintel.com\/fr\/wp-json\/wp\/v2\/types\/product"}],"version-history":[{"count":0,"href":"https:\/\/ledsolintel.com\/fr\/wp-json\/wp\/v2\/product\/247358\/revisions"}],"wp:featuredmedia":[{"embeddable":true,"href":"https:\/\/ledsolintel.com\/fr\/wp-json\/wp\/v2\/media\/247355"}],"wp:attachment":[{"href":"https:\/\/ledsolintel.com\/fr\/wp-json\/wp\/v2\/media?parent=247358"}],"wp:term":[{"taxonomy":"product_brand","embeddable":true,"href":"https:\/\/ledsolintel.com\/fr\/wp-json\/wp\/v2\/product_brand?post=247358"},{"taxonomy":"product_cat","embeddable":true,"href":"https:\/\/ledsolintel.com\/fr\/wp-json\/wp\/v2\/product_cat?post=247358"},{"taxonomy":"product_tag","embeddable":true,"href":"https:\/\/ledsolintel.com\/fr\/wp-json\/wp\/v2\/product_tag?post=247358"}],"curies":[{"name":"wp","href":"https:\/\/api.w.org\/{rel}","templated":true}]}}