{"id":247190,"date":"2024-04-22T17:42:47","date_gmt":"2024-04-22T15:42:47","guid":{"rendered":"https:\/\/nueva.ledsolintel.com\/product\/pantalla-estanca-jx7r-led-50w-150cm-cct-regulable-de-roblan\/"},"modified":"2024-04-22T17:42:47","modified_gmt":"2024-04-22T15:42:47","slug":"pantalla-estanca-jx7r-led-50w-150cm-cct-regulable-de-roblan","status":"publish","type":"product","link":"https:\/\/ledsolintel.com\/fr\/produit-2\/pantalla-estanca-jx7r-led-50w-150cm-cct-regulable-de-roblan\/","title":{"rendered":"Roblan JX7R Waterproof LED 50W 150cm CCT ADJUSTABLE CCT"},"content":{"rendered":"<ul>\n<li>Puissance : 50 W (r\u00e9glable)<\/li>\n<li>Tension : 200-240 V, 50\/60 Hz<\/li>\n<li>PF &gt; 0,9<\/li>\n<li>Luminosit\u00e9 : <span class=\"espec_value\">6250 <\/span>lm<\/li>\n<li>CCT : 3000 - 4000 - 6500 K (dimmable)<\/li>\n<li>Optique : 120\u00ba.<\/li>\n<li>IRC &gt; 80<\/li>\n<li>Demi-vie : <span class=\"espec_value\">L70B50-30000@25\u00baC h<\/span><\/li>\n<li>Protection IP66<\/li>\n<li>Protection IK10<\/li>\n<li>Dimensions : <span class=\"espec_value\">1558 <\/span>x 60,5 x 66,5 mm<\/li>\n<li>Protection contre les surtensions : <span class=\"espec_value\">Ligne-Ligne:2KV <\/span><\/li>\n<\/ul>","protected":false},"excerpt":{"rendered":"<p>Ecran \u00e9tanche Roblan JX7R LED 50W 150cm CCT ADJUSTABLE. Immunis\u00e9 contre la poussi\u00e8re et l'humidit\u00e9, pour une utilisation professionnelle dans les parkings, les immeubles r\u00e9sidentiels, les entrep\u00f4ts...<\/p>","protected":false},"featured_media":247188,"template":"","meta":[],"product_brand":[99355],"product_cat":[99877,99577,99687],"product_tag":[],"class_list":{"0":"post-247190","1":"product","2":"type-product","3":"status-publish","4":"has-post-thumbnail","6":"product_brand-roblan","7":"product_cat-pantallas-estancas","8":"product_cat-iluminacion-industrial-y-comercial","9":"product_cat-tubos-pantallas-estancas-regletas-lineales-led","12":"instock","13":"taxable","14":"shipping-taxable","15":"purchasable","16":"product-type-simple"},"yoast_head":"<!-- This site is optimized with the Yoast SEO plugin v26.6 - https:\/\/yoast.com\/wordpress\/plugins\/seo\/ -->\n<title>Pantalla estanca JX7R LED 50W 150cm CCT REGULABLE de Roblan<\/title>\n<meta name=\"description\" content=\"Pantalla estanca JX7R LED 50W 150cm CCT REGULABLE de Roblan. Inmune al polvo y la humedad, para uso profesional en parkings, edificios de viviendas, almacenes\" \/>\n<meta name=\"robots\" content=\"index, follow, max-snippet:-1, max-image-preview:large, max-video-preview:-1\" \/>\n<link rel=\"canonical\" href=\"https:\/\/ledsolintel.com\/fr\/produit-2\/pantalla-estanca-jx7r-led-50w-150cm-cct-regulable-de-roblan\/\" \/>\n<meta property=\"og:locale\" content=\"fr_FR\" \/>\n<meta property=\"og:type\" content=\"article\" \/>\n<meta property=\"og:title\" content=\"Pantalla estanca JX7R LED 50W 150cm CCT REGULABLE de Roblan\" \/>\n<meta property=\"og:description\" content=\"Pantalla estanca JX7R LED 50W 150cm CCT REGULABLE de Roblan. Inmune al polvo y la humedad, para uso profesional en parkings, edificios de viviendas, almacenes\" \/>\n<meta property=\"og:url\" content=\"https:\/\/ledsolintel.com\/fr\/produit-2\/pantalla-estanca-jx7r-led-50w-150cm-cct-regulable-de-roblan\/\" \/>\n<meta property=\"og:site_name\" content=\"Ledsolintel\" \/>\n<meta property=\"article:publisher\" content=\"http:\/\/www.facebook.com\/webmenaje\" \/>\n<meta property=\"og:image\" content=\"https:\/\/ledsolintel.com\/wp-content\/uploads\/2024\/04\/21120-Pantalla-estanca-JX7R-LED-18W-60-cm-CCT-REGULABLE-de-Roblan.jpg\" \/>\n\t<meta property=\"og:image:width\" content=\"1\" \/>\n\t<meta property=\"og:image:height\" content=\"1\" \/>\n\t<meta property=\"og:image:type\" content=\"image\/jpeg\" \/>\n<meta name=\"twitter:card\" content=\"summary_large_image\" \/>\n<meta name=\"twitter:site\" content=\"@webmenaje\" \/>\n<script type=\"application\/ld+json\" class=\"yoast-schema-graph\">{\"@context\":\"https:\/\/schema.org\",\"@graph\":[{\"@type\":\"WebPage\",\"@id\":\"https:\/\/ledsolintel.com\/product\/pantalla-estanca-jx7r-led-50w-150cm-cct-regulable-de-roblan\/\",\"url\":\"https:\/\/ledsolintel.com\/product\/pantalla-estanca-jx7r-led-50w-150cm-cct-regulable-de-roblan\/\",\"name\":\"Pantalla estanca JX7R LED 50W 150cm CCT REGULABLE de Roblan\",\"isPartOf\":{\"@id\":\"https:\/\/ledsolintel.com\/#website\"},\"primaryImageOfPage\":{\"@id\":\"https:\/\/ledsolintel.com\/product\/pantalla-estanca-jx7r-led-50w-150cm-cct-regulable-de-roblan\/#primaryimage\"},\"image\":{\"@id\":\"https:\/\/ledsolintel.com\/product\/pantalla-estanca-jx7r-led-50w-150cm-cct-regulable-de-roblan\/#primaryimage\"},\"thumbnailUrl\":\"https:\/\/ledsolintel.com\/wp-content\/uploads\/2024\/04\/21120-Pantalla-estanca-JX7R-LED-18W-60-cm-CCT-REGULABLE-de-Roblan.jpg\",\"datePublished\":\"2024-04-22T15:42:47+00:00\",\"description\":\"Pantalla estanca JX7R LED 50W 150cm CCT REGULABLE de Roblan. Inmune al polvo y la humedad, para uso profesional en parkings, edificios de viviendas, almacenes\",\"breadcrumb\":{\"@id\":\"https:\/\/ledsolintel.com\/product\/pantalla-estanca-jx7r-led-50w-150cm-cct-regulable-de-roblan\/#breadcrumb\"},\"inLanguage\":\"fr-FR\",\"potentialAction\":[{\"@type\":\"ReadAction\",\"target\":[\"https:\/\/ledsolintel.com\/product\/pantalla-estanca-jx7r-led-50w-150cm-cct-regulable-de-roblan\/\"]}]},{\"@type\":\"ImageObject\",\"inLanguage\":\"fr-FR\",\"@id\":\"https:\/\/ledsolintel.com\/product\/pantalla-estanca-jx7r-led-50w-150cm-cct-regulable-de-roblan\/#primaryimage\",\"url\":\"https:\/\/ledsolintel.com\/wp-content\/uploads\/2024\/04\/21120-Pantalla-estanca-JX7R-LED-18W-60-cm-CCT-REGULABLE-de-Roblan.jpg\",\"contentUrl\":\"https:\/\/ledsolintel.com\/wp-content\/uploads\/2024\/04\/21120-Pantalla-estanca-JX7R-LED-18W-60-cm-CCT-REGULABLE-de-Roblan.jpg\",\"caption\":\"Pantalla estanca JX7R LED 18W 60 cm CCT REGULABLE de Roblan\"},{\"@type\":\"BreadcrumbList\",\"@id\":\"https:\/\/ledsolintel.com\/product\/pantalla-estanca-jx7r-led-50w-150cm-cct-regulable-de-roblan\/#breadcrumb\",\"itemListElement\":[{\"@type\":\"ListItem\",\"position\":1,\"name\":\"Portada\",\"item\":\"https:\/\/ledsolintel.com\/fr\/\"},{\"@type\":\"ListItem\",\"position\":2,\"name\":\"Tienda\",\"item\":\"https:\/\/ledsolintel.com\/tienda\/\"},{\"@type\":\"ListItem\",\"position\":3,\"name\":\"Pantalla estanca JX7R LED 50W 150cm CCT REGULABLE de Roblan\"}]},{\"@type\":\"WebSite\",\"@id\":\"https:\/\/ledsolintel.com\/#website\",\"url\":\"https:\/\/ledsolintel.com\/\",\"name\":\"Webmenaje\",\"description\":\"Tienda de bombillas y l\u00e1mparas LED para profesionales\",\"publisher\":{\"@id\":\"https:\/\/ledsolintel.com\/#organization\"},\"potentialAction\":[{\"@type\":\"SearchAction\",\"target\":{\"@type\":\"EntryPoint\",\"urlTemplate\":\"https:\/\/ledsolintel.com\/?s={search_term_string}\"},\"query-input\":{\"@type\":\"PropertyValueSpecification\",\"valueRequired\":true,\"valueName\":\"search_term_string\"}}],\"inLanguage\":\"fr-FR\"},{\"@type\":\"Organization\",\"@id\":\"https:\/\/ledsolintel.com\/#organization\",\"name\":\"Solintel Noroeste, S.L.\",\"url\":\"https:\/\/ledsolintel.com\/\",\"logo\":{\"@type\":\"ImageObject\",\"inLanguage\":\"fr-FR\",\"@id\":\"https:\/\/ledsolintel.com\/#\/schema\/logo\/image\/\",\"url\":\"https:\/\/ledsolintel.com\/wp-content\/uploads\/2024\/11\/webmenaje-logo-1508269066.jpg\",\"contentUrl\":\"https:\/\/ledsolintel.com\/wp-content\/uploads\/2024\/11\/webmenaje-logo-1508269066.jpg\",\"width\":370,\"height\":90,\"caption\":\"Solintel Noroeste, S.L.\"},\"image\":{\"@id\":\"https:\/\/ledsolintel.com\/#\/schema\/logo\/image\/\"},\"sameAs\":[\"http:\/\/www.facebook.com\/webmenaje\",\"https:\/\/x.com\/webmenaje\",\"https:\/\/www.youtube.com\/channel\/UCX2KoVoeCG4LocZjUc6LmSQ\",\"http:\/\/www.pinterest.com\/webmenaje\"]}]}<\/script>\n<!-- \/ Yoast SEO plugin. -->","yoast_head_json":{"title":"Roblan JX7R Waterproof LED 50W 150cm CCT ADJUSTABLE CCT","description":"Pantalla estanca JX7R LED 50W 150cm CCT REGULABLE de Roblan. Inmune al polvo y la humedad, para uso profesional en parkings, edificios de viviendas, almacenes","robots":{"index":"index","follow":"follow","max-snippet":"max-snippet:-1","max-image-preview":"max-image-preview:large","max-video-preview":"max-video-preview:-1"},"canonical":"https:\/\/ledsolintel.com\/fr\/produit-2\/pantalla-estanca-jx7r-led-50w-150cm-cct-regulable-de-roblan\/","og_locale":"fr_FR","og_type":"article","og_title":"Pantalla estanca JX7R LED 50W 150cm CCT REGULABLE de Roblan","og_description":"Pantalla estanca JX7R LED 50W 150cm CCT REGULABLE de Roblan. Inmune al polvo y la humedad, para uso profesional en parkings, edificios de viviendas, almacenes","og_url":"https:\/\/ledsolintel.com\/fr\/produit-2\/pantalla-estanca-jx7r-led-50w-150cm-cct-regulable-de-roblan\/","og_site_name":"Ledsolintel","article_publisher":"http:\/\/www.facebook.com\/webmenaje","og_image":[{"url":"https:\/\/ledsolintel.com\/wp-content\/uploads\/2024\/04\/21120-Pantalla-estanca-JX7R-LED-18W-60-cm-CCT-REGULABLE-de-Roblan.jpg","width":1,"height":1,"type":"image\/jpeg"}],"twitter_card":"summary_large_image","twitter_site":"@webmenaje","schema":{"@context":"https:\/\/schema.org","@graph":[{"@type":"WebPage","@id":"https:\/\/ledsolintel.com\/product\/pantalla-estanca-jx7r-led-50w-150cm-cct-regulable-de-roblan\/","url":"https:\/\/ledsolintel.com\/product\/pantalla-estanca-jx7r-led-50w-150cm-cct-regulable-de-roblan\/","name":"Roblan JX7R Waterproof LED 50W 150cm CCT ADJUSTABLE CCT","isPartOf":{"@id":"https:\/\/ledsolintel.com\/#website"},"primaryImageOfPage":{"@id":"https:\/\/ledsolintel.com\/product\/pantalla-estanca-jx7r-led-50w-150cm-cct-regulable-de-roblan\/#primaryimage"},"image":{"@id":"https:\/\/ledsolintel.com\/product\/pantalla-estanca-jx7r-led-50w-150cm-cct-regulable-de-roblan\/#primaryimage"},"thumbnailUrl":"https:\/\/ledsolintel.com\/wp-content\/uploads\/2024\/04\/21120-Pantalla-estanca-JX7R-LED-18W-60-cm-CCT-REGULABLE-de-Roblan.jpg","datePublished":"2024-04-22T15:42:47+00:00","description":"Pantalla estanca JX7R LED 50W 150cm CCT REGULABLE de Roblan. Inmune al polvo y la humedad, para uso profesional en parkings, edificios de viviendas, almacenes","breadcrumb":{"@id":"https:\/\/ledsolintel.com\/product\/pantalla-estanca-jx7r-led-50w-150cm-cct-regulable-de-roblan\/#breadcrumb"},"inLanguage":"fr-FR","potentialAction":[{"@type":"ReadAction","target":["https:\/\/ledsolintel.com\/product\/pantalla-estanca-jx7r-led-50w-150cm-cct-regulable-de-roblan\/"]}]},{"@type":"ImageObject","inLanguage":"fr-FR","@id":"https:\/\/ledsolintel.com\/product\/pantalla-estanca-jx7r-led-50w-150cm-cct-regulable-de-roblan\/#primaryimage","url":"https:\/\/ledsolintel.com\/wp-content\/uploads\/2024\/04\/21120-Pantalla-estanca-JX7R-LED-18W-60-cm-CCT-REGULABLE-de-Roblan.jpg","contentUrl":"https:\/\/ledsolintel.com\/wp-content\/uploads\/2024\/04\/21120-Pantalla-estanca-JX7R-LED-18W-60-cm-CCT-REGULABLE-de-Roblan.jpg","caption":"Pantalla estanca JX7R LED 18W 60 cm CCT REGULABLE de Roblan"},{"@type":"BreadcrumbList","@id":"https:\/\/ledsolintel.com\/product\/pantalla-estanca-jx7r-led-50w-150cm-cct-regulable-de-roblan\/#breadcrumb","itemListElement":[{"@type":"ListItem","position":1,"name":"Portada","item":"https:\/\/ledsolintel.com\/fr\/"},{"@type":"ListItem","position":2,"name":"Tienda","item":"https:\/\/ledsolintel.com\/tienda\/"},{"@type":"ListItem","position":3,"name":"Pantalla estanca JX7R LED 50W 150cm CCT REGULABLE de Roblan"}]},{"@type":"WebSite","@id":"https:\/\/ledsolintel.com\/#website","url":"https:\/\/ledsolintel.com\/","name":"Webmenaje","description":"Magasin d'ampoules et de lampes LED pour les professionnels","publisher":{"@id":"https:\/\/ledsolintel.com\/#organization"},"potentialAction":[{"@type":"SearchAction","target":{"@type":"EntryPoint","urlTemplate":"https:\/\/ledsolintel.com\/?s={search_term_string}"},"query-input":{"@type":"PropertyValueSpecification","valueRequired":true,"valueName":"search_term_string"}}],"inLanguage":"fr-FR"},{"@type":"Organization","@id":"https:\/\/ledsolintel.com\/#organization","name":"Solintel Noroeste, S.L.","url":"https:\/\/ledsolintel.com\/","logo":{"@type":"ImageObject","inLanguage":"fr-FR","@id":"https:\/\/ledsolintel.com\/#\/schema\/logo\/image\/","url":"https:\/\/ledsolintel.com\/wp-content\/uploads\/2024\/11\/webmenaje-logo-1508269066.jpg","contentUrl":"https:\/\/ledsolintel.com\/wp-content\/uploads\/2024\/11\/webmenaje-logo-1508269066.jpg","width":370,"height":90,"caption":"Solintel Noroeste, S.L."},"image":{"@id":"https:\/\/ledsolintel.com\/#\/schema\/logo\/image\/"},"sameAs":["http:\/\/www.facebook.com\/webmenaje","https:\/\/x.com\/webmenaje","https:\/\/www.youtube.com\/channel\/UCX2KoVoeCG4LocZjUc6LmSQ","http:\/\/www.pinterest.com\/webmenaje"]}]}},"_links":{"self":[{"href":"https:\/\/ledsolintel.com\/fr\/wp-json\/wp\/v2\/product\/247190","targetHints":{"allow":["GET"]}}],"collection":[{"href":"https:\/\/ledsolintel.com\/fr\/wp-json\/wp\/v2\/product"}],"about":[{"href":"https:\/\/ledsolintel.com\/fr\/wp-json\/wp\/v2\/types\/product"}],"version-history":[{"count":0,"href":"https:\/\/ledsolintel.com\/fr\/wp-json\/wp\/v2\/product\/247190\/revisions"}],"wp:featuredmedia":[{"embeddable":true,"href":"https:\/\/ledsolintel.com\/fr\/wp-json\/wp\/v2\/media\/247188"}],"wp:attachment":[{"href":"https:\/\/ledsolintel.com\/fr\/wp-json\/wp\/v2\/media?parent=247190"}],"wp:term":[{"taxonomy":"product_brand","embeddable":true,"href":"https:\/\/ledsolintel.com\/fr\/wp-json\/wp\/v2\/product_brand?post=247190"},{"taxonomy":"product_cat","embeddable":true,"href":"https:\/\/ledsolintel.com\/fr\/wp-json\/wp\/v2\/product_cat?post=247190"},{"taxonomy":"product_tag","embeddable":true,"href":"https:\/\/ledsolintel.com\/fr\/wp-json\/wp\/v2\/product_tag?post=247190"}],"curies":[{"name":"wp","href":"https:\/\/api.w.org\/{rel}","templated":true}]}}