{"id":247071,"date":"2024-04-16T13:59:50","date_gmt":"2024-04-16T11:59:50","guid":{"rendered":"https:\/\/nueva.ledsolintel.com\/product\/carril-magnetico-de-roblan-montaje-empotrado-a-nivel\/"},"modified":"2024-04-16T13:59:50","modified_gmt":"2024-04-16T11:59:50","slug":"rail-magnetique-pour-montage-encastre-sur-une-surface-plane","status":"publish","type":"product","link":"https:\/\/ledsolintel.com\/fr\/produit-2\/rail-magnetique-pour-montage-encastre-sur-une-surface-plane\/","title":{"rendered":"Rail magn\u00e9tique encastr\u00e9 Roblan"},"content":{"rendered":"<p>Rail magn\u00e9tique Roblan. Montage encastr\u00e9 avec relief.<\/p>\n<p>Pour les luminaires magn\u00e9tiques, montage et d\u00e9montage faciles et polyvalents.<\/p>\n<p>Dimensions : 50 x 54 mm<\/p>","protected":false},"excerpt":{"rendered":"<p>Rail magn\u00e9tique Roblan. Montage encastr\u00e9.<\/p>\n<p>Pour les luminaires magn\u00e9tiques, montage et d\u00e9montage faciles et polyvalents.<\/p>","protected":false},"featured_media":247070,"template":"","meta":[],"product_brand":[99355],"product_cat":[99609,100461,99573,99915],"product_tag":[],"class_list":{"0":"post-247071","1":"product","2":"type-product","3":"status-publish","4":"has-post-thumbnail","6":"product_brand-roblan","7":"product_cat-iluminacion-tecnica","8":"product_cat-carriles-magneticos-y-accesorios","9":"product_cat-iluminacion-interior","10":"product_cat-carril-magnetico","11":"pa_tamano-1metro","12":"pa_tamano-2metros","13":"pa_tamano-3metros","16":"instock","17":"taxable","18":"shipping-taxable","19":"purchasable","20":"product-type-variable","21":"has-default-attributes"},"yoast_head":"<!-- This site is optimized with the Yoast SEO plugin v26.6 - https:\/\/yoast.com\/wordpress\/plugins\/seo\/ -->\n<title>Carril magn\u00e9tico de Roblan. Montaje empotrado a nivel.<\/title>\n<meta name=\"description\" content=\"Carril magn\u00e9tico de Roblan. Montaje empotrado a nivel. Para luminarias magn\u00e9ticas, montaje y desmontaje f\u00e1cil y vers\u00e1til.\" \/>\n<meta name=\"robots\" content=\"index, follow, max-snippet:-1, max-image-preview:large, max-video-preview:-1\" \/>\n<link rel=\"canonical\" href=\"https:\/\/ledsolintel.com\/fr\/produit-2\/rail-magnetique-pour-montage-encastre-sur-une-surface-plane\/\" \/>\n<meta property=\"og:locale\" content=\"fr_FR\" \/>\n<meta property=\"og:type\" content=\"article\" \/>\n<meta property=\"og:title\" content=\"Carril magn\u00e9tico de Roblan. Montaje empotrado a nivel.\" \/>\n<meta property=\"og:description\" content=\"Carril magn\u00e9tico de Roblan. Montaje empotrado a nivel. Para luminarias magn\u00e9ticas, montaje y desmontaje f\u00e1cil y vers\u00e1til.\" \/>\n<meta property=\"og:url\" content=\"https:\/\/ledsolintel.com\/fr\/produit-2\/rail-magnetique-pour-montage-encastre-sur-une-surface-plane\/\" \/>\n<meta property=\"og:site_name\" content=\"Ledsolintel\" \/>\n<meta property=\"article:publisher\" content=\"http:\/\/www.facebook.com\/webmenaje\" \/>\n<meta property=\"og:image\" content=\"https:\/\/ledsolintel.com\/wp-content\/uploads\/2024\/04\/21076-Carril-magnetico-montaje-empotrado-a-nivel-de-Roblan.jpg\" \/>\n\t<meta property=\"og:image:width\" content=\"1\" \/>\n\t<meta property=\"og:image:height\" content=\"1\" \/>\n\t<meta property=\"og:image:type\" content=\"image\/jpeg\" \/>\n<meta name=\"twitter:card\" content=\"summary_large_image\" \/>\n<meta name=\"twitter:site\" content=\"@webmenaje\" \/>\n<script type=\"application\/ld+json\" class=\"yoast-schema-graph\">{\"@context\":\"https:\/\/schema.org\",\"@graph\":[{\"@type\":\"WebPage\",\"@id\":\"https:\/\/ledsolintel.com\/product\/carril-magnetico-de-roblan-montaje-empotrado-a-nivel\/\",\"url\":\"https:\/\/ledsolintel.com\/product\/carril-magnetico-de-roblan-montaje-empotrado-a-nivel\/\",\"name\":\"Carril magn\u00e9tico de Roblan. Montaje empotrado a nivel.\",\"isPartOf\":{\"@id\":\"https:\/\/ledsolintel.com\/#website\"},\"primaryImageOfPage\":{\"@id\":\"https:\/\/ledsolintel.com\/product\/carril-magnetico-de-roblan-montaje-empotrado-a-nivel\/#primaryimage\"},\"image\":{\"@id\":\"https:\/\/ledsolintel.com\/product\/carril-magnetico-de-roblan-montaje-empotrado-a-nivel\/#primaryimage\"},\"thumbnailUrl\":\"https:\/\/ledsolintel.com\/wp-content\/uploads\/2024\/04\/21076-Carril-magnetico-montaje-empotrado-a-nivel-de-Roblan.jpg\",\"datePublished\":\"2024-04-16T11:59:50+00:00\",\"description\":\"Carril magn\u00e9tico de Roblan. Montaje empotrado a nivel. Para luminarias magn\u00e9ticas, montaje y desmontaje f\u00e1cil y vers\u00e1til.\",\"breadcrumb\":{\"@id\":\"https:\/\/ledsolintel.com\/product\/carril-magnetico-de-roblan-montaje-empotrado-a-nivel\/#breadcrumb\"},\"inLanguage\":\"fr-FR\",\"potentialAction\":[{\"@type\":\"ReadAction\",\"target\":[\"https:\/\/ledsolintel.com\/product\/carril-magnetico-de-roblan-montaje-empotrado-a-nivel\/\"]}]},{\"@type\":\"ImageObject\",\"inLanguage\":\"fr-FR\",\"@id\":\"https:\/\/ledsolintel.com\/product\/carril-magnetico-de-roblan-montaje-empotrado-a-nivel\/#primaryimage\",\"url\":\"https:\/\/ledsolintel.com\/wp-content\/uploads\/2024\/04\/21076-Carril-magnetico-montaje-empotrado-a-nivel-de-Roblan.jpg\",\"contentUrl\":\"https:\/\/ledsolintel.com\/wp-content\/uploads\/2024\/04\/21076-Carril-magnetico-montaje-empotrado-a-nivel-de-Roblan.jpg\",\"caption\":\"Carril magn\u00e9tico montaje empotrado a nivel de Roblan\"},{\"@type\":\"BreadcrumbList\",\"@id\":\"https:\/\/ledsolintel.com\/product\/carril-magnetico-de-roblan-montaje-empotrado-a-nivel\/#breadcrumb\",\"itemListElement\":[{\"@type\":\"ListItem\",\"position\":1,\"name\":\"Portada\",\"item\":\"https:\/\/ledsolintel.com\/fr\/\"},{\"@type\":\"ListItem\",\"position\":2,\"name\":\"Tienda\",\"item\":\"https:\/\/ledsolintel.com\/tienda\/\"},{\"@type\":\"ListItem\",\"position\":3,\"name\":\"Carril magn\u00e9tico montaje empotrado a nivel de Roblan\"}]},{\"@type\":\"WebSite\",\"@id\":\"https:\/\/ledsolintel.com\/#website\",\"url\":\"https:\/\/ledsolintel.com\/\",\"name\":\"Webmenaje\",\"description\":\"Tienda de bombillas y l\u00e1mparas LED para profesionales\",\"publisher\":{\"@id\":\"https:\/\/ledsolintel.com\/#organization\"},\"potentialAction\":[{\"@type\":\"SearchAction\",\"target\":{\"@type\":\"EntryPoint\",\"urlTemplate\":\"https:\/\/ledsolintel.com\/?s={search_term_string}\"},\"query-input\":{\"@type\":\"PropertyValueSpecification\",\"valueRequired\":true,\"valueName\":\"search_term_string\"}}],\"inLanguage\":\"fr-FR\"},{\"@type\":\"Organization\",\"@id\":\"https:\/\/ledsolintel.com\/#organization\",\"name\":\"Solintel Noroeste, S.L.\",\"url\":\"https:\/\/ledsolintel.com\/\",\"logo\":{\"@type\":\"ImageObject\",\"inLanguage\":\"fr-FR\",\"@id\":\"https:\/\/ledsolintel.com\/#\/schema\/logo\/image\/\",\"url\":\"https:\/\/ledsolintel.com\/wp-content\/uploads\/2024\/11\/webmenaje-logo-1508269066.jpg\",\"contentUrl\":\"https:\/\/ledsolintel.com\/wp-content\/uploads\/2024\/11\/webmenaje-logo-1508269066.jpg\",\"width\":370,\"height\":90,\"caption\":\"Solintel Noroeste, S.L.\"},\"image\":{\"@id\":\"https:\/\/ledsolintel.com\/#\/schema\/logo\/image\/\"},\"sameAs\":[\"http:\/\/www.facebook.com\/webmenaje\",\"https:\/\/x.com\/webmenaje\",\"https:\/\/www.youtube.com\/channel\/UCX2KoVoeCG4LocZjUc6LmSQ\",\"http:\/\/www.pinterest.com\/webmenaje\"]}]}<\/script>\n<!-- \/ Yoast SEO plugin. -->","yoast_head_json":{"title":"Rail magn\u00e9tique Roblan. Montage encastr\u00e9.","description":"Rail magn\u00e9tique Roblan. Montage encastr\u00e9. Pour les luminaires magn\u00e9tiques, montage et d\u00e9montage faciles et polyvalents.","robots":{"index":"index","follow":"follow","max-snippet":"max-snippet:-1","max-image-preview":"max-image-preview:large","max-video-preview":"max-video-preview:-1"},"canonical":"https:\/\/ledsolintel.com\/fr\/produit-2\/rail-magnetique-pour-montage-encastre-sur-une-surface-plane\/","og_locale":"fr_FR","og_type":"article","og_title":"Carril magn\u00e9tico de Roblan. Montaje empotrado a nivel.","og_description":"Carril magn\u00e9tico de Roblan. Montaje empotrado a nivel. Para luminarias magn\u00e9ticas, montaje y desmontaje f\u00e1cil y vers\u00e1til.","og_url":"https:\/\/ledsolintel.com\/fr\/produit-2\/rail-magnetique-pour-montage-encastre-sur-une-surface-plane\/","og_site_name":"Ledsolintel","article_publisher":"http:\/\/www.facebook.com\/webmenaje","og_image":[{"url":"https:\/\/ledsolintel.com\/wp-content\/uploads\/2024\/04\/21076-Carril-magnetico-montaje-empotrado-a-nivel-de-Roblan.jpg","width":1,"height":1,"type":"image\/jpeg"}],"twitter_card":"summary_large_image","twitter_site":"@webmenaje","schema":{"@context":"https:\/\/schema.org","@graph":[{"@type":"WebPage","@id":"https:\/\/ledsolintel.com\/product\/carril-magnetico-de-roblan-montaje-empotrado-a-nivel\/","url":"https:\/\/ledsolintel.com\/product\/carril-magnetico-de-roblan-montaje-empotrado-a-nivel\/","name":"Rail magn\u00e9tique Roblan. Montage encastr\u00e9.","isPartOf":{"@id":"https:\/\/ledsolintel.com\/#website"},"primaryImageOfPage":{"@id":"https:\/\/ledsolintel.com\/product\/carril-magnetico-de-roblan-montaje-empotrado-a-nivel\/#primaryimage"},"image":{"@id":"https:\/\/ledsolintel.com\/product\/carril-magnetico-de-roblan-montaje-empotrado-a-nivel\/#primaryimage"},"thumbnailUrl":"https:\/\/ledsolintel.com\/wp-content\/uploads\/2024\/04\/21076-Carril-magnetico-montaje-empotrado-a-nivel-de-Roblan.jpg","datePublished":"2024-04-16T11:59:50+00:00","description":"Rail magn\u00e9tique Roblan. Montage encastr\u00e9. Pour les luminaires magn\u00e9tiques, montage et d\u00e9montage faciles et polyvalents.","breadcrumb":{"@id":"https:\/\/ledsolintel.com\/product\/carril-magnetico-de-roblan-montaje-empotrado-a-nivel\/#breadcrumb"},"inLanguage":"fr-FR","potentialAction":[{"@type":"ReadAction","target":["https:\/\/ledsolintel.com\/product\/carril-magnetico-de-roblan-montaje-empotrado-a-nivel\/"]}]},{"@type":"ImageObject","inLanguage":"fr-FR","@id":"https:\/\/ledsolintel.com\/product\/carril-magnetico-de-roblan-montaje-empotrado-a-nivel\/#primaryimage","url":"https:\/\/ledsolintel.com\/wp-content\/uploads\/2024\/04\/21076-Carril-magnetico-montaje-empotrado-a-nivel-de-Roblan.jpg","contentUrl":"https:\/\/ledsolintel.com\/wp-content\/uploads\/2024\/04\/21076-Carril-magnetico-montaje-empotrado-a-nivel-de-Roblan.jpg","caption":"Carril magn\u00e9tico montaje empotrado a nivel de Roblan"},{"@type":"BreadcrumbList","@id":"https:\/\/ledsolintel.com\/product\/carril-magnetico-de-roblan-montaje-empotrado-a-nivel\/#breadcrumb","itemListElement":[{"@type":"ListItem","position":1,"name":"Portada","item":"https:\/\/ledsolintel.com\/fr\/"},{"@type":"ListItem","position":2,"name":"Tienda","item":"https:\/\/ledsolintel.com\/tienda\/"},{"@type":"ListItem","position":3,"name":"Carril magn\u00e9tico montaje empotrado a nivel de Roblan"}]},{"@type":"WebSite","@id":"https:\/\/ledsolintel.com\/#website","url":"https:\/\/ledsolintel.com\/","name":"Webmenaje","description":"Magasin d'ampoules et de lampes LED pour les professionnels","publisher":{"@id":"https:\/\/ledsolintel.com\/#organization"},"potentialAction":[{"@type":"SearchAction","target":{"@type":"EntryPoint","urlTemplate":"https:\/\/ledsolintel.com\/?s={search_term_string}"},"query-input":{"@type":"PropertyValueSpecification","valueRequired":true,"valueName":"search_term_string"}}],"inLanguage":"fr-FR"},{"@type":"Organization","@id":"https:\/\/ledsolintel.com\/#organization","name":"Solintel Noroeste, S.L.","url":"https:\/\/ledsolintel.com\/","logo":{"@type":"ImageObject","inLanguage":"fr-FR","@id":"https:\/\/ledsolintel.com\/#\/schema\/logo\/image\/","url":"https:\/\/ledsolintel.com\/wp-content\/uploads\/2024\/11\/webmenaje-logo-1508269066.jpg","contentUrl":"https:\/\/ledsolintel.com\/wp-content\/uploads\/2024\/11\/webmenaje-logo-1508269066.jpg","width":370,"height":90,"caption":"Solintel Noroeste, S.L."},"image":{"@id":"https:\/\/ledsolintel.com\/#\/schema\/logo\/image\/"},"sameAs":["http:\/\/www.facebook.com\/webmenaje","https:\/\/x.com\/webmenaje","https:\/\/www.youtube.com\/channel\/UCX2KoVoeCG4LocZjUc6LmSQ","http:\/\/www.pinterest.com\/webmenaje"]}]}},"_links":{"self":[{"href":"https:\/\/ledsolintel.com\/fr\/wp-json\/wp\/v2\/product\/247071","targetHints":{"allow":["GET"]}}],"collection":[{"href":"https:\/\/ledsolintel.com\/fr\/wp-json\/wp\/v2\/product"}],"about":[{"href":"https:\/\/ledsolintel.com\/fr\/wp-json\/wp\/v2\/types\/product"}],"version-history":[{"count":0,"href":"https:\/\/ledsolintel.com\/fr\/wp-json\/wp\/v2\/product\/247071\/revisions"}],"wp:featuredmedia":[{"embeddable":true,"href":"https:\/\/ledsolintel.com\/fr\/wp-json\/wp\/v2\/media\/247070"}],"wp:attachment":[{"href":"https:\/\/ledsolintel.com\/fr\/wp-json\/wp\/v2\/media?parent=247071"}],"wp:term":[{"taxonomy":"product_brand","embeddable":true,"href":"https:\/\/ledsolintel.com\/fr\/wp-json\/wp\/v2\/product_brand?post=247071"},{"taxonomy":"product_cat","embeddable":true,"href":"https:\/\/ledsolintel.com\/fr\/wp-json\/wp\/v2\/product_cat?post=247071"},{"taxonomy":"product_tag","embeddable":true,"href":"https:\/\/ledsolintel.com\/fr\/wp-json\/wp\/v2\/product_tag?post=247071"}],"curies":[{"name":"wp","href":"https:\/\/api.w.org\/{rel}","templated":true}]}}