{"id":247005,"date":"2024-04-10T18:39:55","date_gmt":"2024-04-10T16:39:55","guid":{"rendered":"https:\/\/nueva.ledsolintel.com\/product\/aplique-exterior-empotrable-atria-led-7w-de-roblan-zoa1113f\/"},"modified":"2024-04-10T18:39:55","modified_gmt":"2024-04-10T16:39:55","slug":"atria-led-lampe-murale-exterieure-encastree-7w-de-roblan-zoa1113f","status":"publish","type":"product","link":"https:\/\/ledsolintel.com\/fr\/produit-2\/atria-led-lampe-murale-exterieure-encastree-7w-de-roblan-zoa1113f\/","title":{"rendered":"Roblan ATRIA LED 7W applique murale encastr\u00e9e pour applications ext\u00e9rieures"},"content":{"rendered":"<h3>Caract\u00e9ristiques<\/h3>\n<ul>\n<li>Puissance : 7 W<\/li>\n<li>Tension : 100-240 V<\/li>\n<li>Luminance : 492 lm<\/li>\n<li>CCT : 4000 K<\/li>\n<li>Protection IP67<\/li>\n<li>Protection IK06<\/li>\n<li>Optique : 46<span class=\"espec_value\">\u00ba<\/span><\/li>\n<li>IRC &gt; 80<\/li>\n<li>PF &gt; 0,5<\/li>\n<li>Dimensions : 140 x 125 mm<\/li>\n<\/ul>","protected":false},"excerpt":{"rendered":"<p>ATRIA Applique ext\u00e9rieure encastr\u00e9e LED 7W de Roblan. Protection IP67, \u00e9clairage professionnel pour les fa\u00e7ades, les sols et les murs ext\u00e9rieurs.<\/p>","protected":false},"featured_media":247004,"template":"","meta":[],"product_brand":[99355],"product_cat":[99575,99657],"product_tag":[],"class_list":{"0":"post-247005","1":"product","2":"type-product","3":"status-publish","4":"has-post-thumbnail","6":"product_brand-roblan","7":"product_cat-iluminacion-para-jardines-y-exteriores","8":"product_cat-empotrables-de-exterior","11":"instock","12":"taxable","13":"shipping-taxable","14":"purchasable","15":"product-type-simple"},"yoast_head":"<!-- This site is optimized with the Yoast SEO plugin v26.6 - https:\/\/yoast.com\/wordpress\/plugins\/seo\/ -->\n<title>Aplique exterior empotrable ATRIA LED 7W de Roblan ZOA1113F<\/title>\n<meta name=\"description\" content=\"Aplique exterior empotrable ATRIA LED 7W de Roblan. Protecci\u00f3n IP67, iluminaci\u00f3n profesional para fachadas, suelos y muros exteriores. 8435298035786 ZOA1113F\" \/>\n<meta name=\"robots\" content=\"index, follow, max-snippet:-1, max-image-preview:large, max-video-preview:-1\" \/>\n<link rel=\"canonical\" href=\"https:\/\/ledsolintel.com\/fr\/produit-2\/atria-led-lampe-murale-exterieure-encastree-7w-de-roblan-zoa1113f\/\" \/>\n<meta property=\"og:locale\" content=\"fr_FR\" \/>\n<meta property=\"og:type\" content=\"article\" \/>\n<meta property=\"og:title\" content=\"Aplique exterior empotrable ATRIA LED 7W de Roblan ZOA1113F\" \/>\n<meta property=\"og:description\" content=\"Aplique exterior empotrable ATRIA LED 7W de Roblan. Protecci\u00f3n IP67, iluminaci\u00f3n profesional para fachadas, suelos y muros exteriores. 8435298035786 ZOA1113F\" \/>\n<meta property=\"og:url\" content=\"https:\/\/ledsolintel.com\/fr\/produit-2\/atria-led-lampe-murale-exterieure-encastree-7w-de-roblan-zoa1113f\/\" \/>\n<meta property=\"og:site_name\" content=\"Ledsolintel\" \/>\n<meta property=\"article:publisher\" content=\"http:\/\/www.facebook.com\/webmenaje\" \/>\n<meta property=\"og:image\" content=\"https:\/\/ledsolintel.com\/wp-content\/uploads\/2024\/04\/21033-Aplique-exterior-empotrable-ATRIA-LED-22.5W-de-Roblan.jpg\" \/>\n\t<meta property=\"og:image:width\" content=\"1\" \/>\n\t<meta property=\"og:image:height\" content=\"1\" \/>\n\t<meta property=\"og:image:type\" content=\"image\/jpeg\" \/>\n<meta name=\"twitter:card\" content=\"summary_large_image\" \/>\n<meta name=\"twitter:site\" content=\"@webmenaje\" \/>\n<script type=\"application\/ld+json\" class=\"yoast-schema-graph\">{\"@context\":\"https:\/\/schema.org\",\"@graph\":[{\"@type\":\"WebPage\",\"@id\":\"https:\/\/ledsolintel.com\/product\/aplique-exterior-empotrable-atria-led-7w-de-roblan-zoa1113f\/\",\"url\":\"https:\/\/ledsolintel.com\/product\/aplique-exterior-empotrable-atria-led-7w-de-roblan-zoa1113f\/\",\"name\":\"Aplique exterior empotrable ATRIA LED 7W de Roblan ZOA1113F\",\"isPartOf\":{\"@id\":\"https:\/\/ledsolintel.com\/#website\"},\"primaryImageOfPage\":{\"@id\":\"https:\/\/ledsolintel.com\/product\/aplique-exterior-empotrable-atria-led-7w-de-roblan-zoa1113f\/#primaryimage\"},\"image\":{\"@id\":\"https:\/\/ledsolintel.com\/product\/aplique-exterior-empotrable-atria-led-7w-de-roblan-zoa1113f\/#primaryimage\"},\"thumbnailUrl\":\"https:\/\/ledsolintel.com\/wp-content\/uploads\/2024\/04\/21033-Aplique-exterior-empotrable-ATRIA-LED-22.5W-de-Roblan.jpg\",\"datePublished\":\"2024-04-10T16:39:55+00:00\",\"description\":\"Aplique exterior empotrable ATRIA LED 7W de Roblan. Protecci\u00f3n IP67, iluminaci\u00f3n profesional para fachadas, suelos y muros exteriores. 8435298035786 ZOA1113F\",\"breadcrumb\":{\"@id\":\"https:\/\/ledsolintel.com\/product\/aplique-exterior-empotrable-atria-led-7w-de-roblan-zoa1113f\/#breadcrumb\"},\"inLanguage\":\"fr-FR\",\"potentialAction\":[{\"@type\":\"ReadAction\",\"target\":[\"https:\/\/ledsolintel.com\/product\/aplique-exterior-empotrable-atria-led-7w-de-roblan-zoa1113f\/\"]}]},{\"@type\":\"ImageObject\",\"inLanguage\":\"fr-FR\",\"@id\":\"https:\/\/ledsolintel.com\/product\/aplique-exterior-empotrable-atria-led-7w-de-roblan-zoa1113f\/#primaryimage\",\"url\":\"https:\/\/ledsolintel.com\/wp-content\/uploads\/2024\/04\/21033-Aplique-exterior-empotrable-ATRIA-LED-22.5W-de-Roblan.jpg\",\"contentUrl\":\"https:\/\/ledsolintel.com\/wp-content\/uploads\/2024\/04\/21033-Aplique-exterior-empotrable-ATRIA-LED-22.5W-de-Roblan.jpg\",\"caption\":\"Aplique exterior empotrable ATRIA LED 22.5W de Roblan\"},{\"@type\":\"BreadcrumbList\",\"@id\":\"https:\/\/ledsolintel.com\/product\/aplique-exterior-empotrable-atria-led-7w-de-roblan-zoa1113f\/#breadcrumb\",\"itemListElement\":[{\"@type\":\"ListItem\",\"position\":1,\"name\":\"Portada\",\"item\":\"https:\/\/ledsolintel.com\/fr\/\"},{\"@type\":\"ListItem\",\"position\":2,\"name\":\"Tienda\",\"item\":\"https:\/\/ledsolintel.com\/tienda\/\"},{\"@type\":\"ListItem\",\"position\":3,\"name\":\"Aplique exterior empotrable ATRIA LED 7W de Roblan\"}]},{\"@type\":\"WebSite\",\"@id\":\"https:\/\/ledsolintel.com\/#website\",\"url\":\"https:\/\/ledsolintel.com\/\",\"name\":\"Webmenaje\",\"description\":\"Tienda de bombillas y l\u00e1mparas LED para profesionales\",\"publisher\":{\"@id\":\"https:\/\/ledsolintel.com\/#organization\"},\"potentialAction\":[{\"@type\":\"SearchAction\",\"target\":{\"@type\":\"EntryPoint\",\"urlTemplate\":\"https:\/\/ledsolintel.com\/?s={search_term_string}\"},\"query-input\":{\"@type\":\"PropertyValueSpecification\",\"valueRequired\":true,\"valueName\":\"search_term_string\"}}],\"inLanguage\":\"fr-FR\"},{\"@type\":\"Organization\",\"@id\":\"https:\/\/ledsolintel.com\/#organization\",\"name\":\"Solintel Noroeste, S.L.\",\"url\":\"https:\/\/ledsolintel.com\/\",\"logo\":{\"@type\":\"ImageObject\",\"inLanguage\":\"fr-FR\",\"@id\":\"https:\/\/ledsolintel.com\/#\/schema\/logo\/image\/\",\"url\":\"https:\/\/ledsolintel.com\/wp-content\/uploads\/2024\/11\/webmenaje-logo-1508269066.jpg\",\"contentUrl\":\"https:\/\/ledsolintel.com\/wp-content\/uploads\/2024\/11\/webmenaje-logo-1508269066.jpg\",\"width\":370,\"height\":90,\"caption\":\"Solintel Noroeste, S.L.\"},\"image\":{\"@id\":\"https:\/\/ledsolintel.com\/#\/schema\/logo\/image\/\"},\"sameAs\":[\"http:\/\/www.facebook.com\/webmenaje\",\"https:\/\/x.com\/webmenaje\",\"https:\/\/www.youtube.com\/channel\/UCX2KoVoeCG4LocZjUc6LmSQ\",\"http:\/\/www.pinterest.com\/webmenaje\"]}]}<\/script>\n<!-- \/ Yoast SEO plugin. -->","yoast_head_json":{"title":"Roblan ZOA1113F ATRIA LED 7W Applique \u00e0 encastrer pour l'ext\u00e9rieur ZOA1113F","description":"ATRIA Applique ext\u00e9rieure encastr\u00e9e LED 7W de Roblan. Protection IP67, \u00e9clairage professionnel pour les fa\u00e7ades, les sols et les murs ext\u00e9rieurs. 8435298035786 ZOA1113F","robots":{"index":"index","follow":"follow","max-snippet":"max-snippet:-1","max-image-preview":"max-image-preview:large","max-video-preview":"max-video-preview:-1"},"canonical":"https:\/\/ledsolintel.com\/fr\/produit-2\/atria-led-lampe-murale-exterieure-encastree-7w-de-roblan-zoa1113f\/","og_locale":"fr_FR","og_type":"article","og_title":"Aplique exterior empotrable ATRIA LED 7W de Roblan ZOA1113F","og_description":"Aplique exterior empotrable ATRIA LED 7W de Roblan. Protecci\u00f3n IP67, iluminaci\u00f3n profesional para fachadas, suelos y muros exteriores. 8435298035786 ZOA1113F","og_url":"https:\/\/ledsolintel.com\/fr\/produit-2\/atria-led-lampe-murale-exterieure-encastree-7w-de-roblan-zoa1113f\/","og_site_name":"Ledsolintel","article_publisher":"http:\/\/www.facebook.com\/webmenaje","og_image":[{"url":"https:\/\/ledsolintel.com\/wp-content\/uploads\/2024\/04\/21033-Aplique-exterior-empotrable-ATRIA-LED-22.5W-de-Roblan.jpg","width":1,"height":1,"type":"image\/jpeg"}],"twitter_card":"summary_large_image","twitter_site":"@webmenaje","schema":{"@context":"https:\/\/schema.org","@graph":[{"@type":"WebPage","@id":"https:\/\/ledsolintel.com\/product\/aplique-exterior-empotrable-atria-led-7w-de-roblan-zoa1113f\/","url":"https:\/\/ledsolintel.com\/product\/aplique-exterior-empotrable-atria-led-7w-de-roblan-zoa1113f\/","name":"Roblan ZOA1113F ATRIA LED 7W Applique \u00e0 encastrer pour l'ext\u00e9rieur ZOA1113F","isPartOf":{"@id":"https:\/\/ledsolintel.com\/#website"},"primaryImageOfPage":{"@id":"https:\/\/ledsolintel.com\/product\/aplique-exterior-empotrable-atria-led-7w-de-roblan-zoa1113f\/#primaryimage"},"image":{"@id":"https:\/\/ledsolintel.com\/product\/aplique-exterior-empotrable-atria-led-7w-de-roblan-zoa1113f\/#primaryimage"},"thumbnailUrl":"https:\/\/ledsolintel.com\/wp-content\/uploads\/2024\/04\/21033-Aplique-exterior-empotrable-ATRIA-LED-22.5W-de-Roblan.jpg","datePublished":"2024-04-10T16:39:55+00:00","description":"ATRIA Applique ext\u00e9rieure encastr\u00e9e LED 7W de Roblan. Protection IP67, \u00e9clairage professionnel pour les fa\u00e7ades, les sols et les murs ext\u00e9rieurs. 8435298035786 ZOA1113F","breadcrumb":{"@id":"https:\/\/ledsolintel.com\/product\/aplique-exterior-empotrable-atria-led-7w-de-roblan-zoa1113f\/#breadcrumb"},"inLanguage":"fr-FR","potentialAction":[{"@type":"ReadAction","target":["https:\/\/ledsolintel.com\/product\/aplique-exterior-empotrable-atria-led-7w-de-roblan-zoa1113f\/"]}]},{"@type":"ImageObject","inLanguage":"fr-FR","@id":"https:\/\/ledsolintel.com\/product\/aplique-exterior-empotrable-atria-led-7w-de-roblan-zoa1113f\/#primaryimage","url":"https:\/\/ledsolintel.com\/wp-content\/uploads\/2024\/04\/21033-Aplique-exterior-empotrable-ATRIA-LED-22.5W-de-Roblan.jpg","contentUrl":"https:\/\/ledsolintel.com\/wp-content\/uploads\/2024\/04\/21033-Aplique-exterior-empotrable-ATRIA-LED-22.5W-de-Roblan.jpg","caption":"Aplique exterior empotrable ATRIA LED 22.5W de Roblan"},{"@type":"BreadcrumbList","@id":"https:\/\/ledsolintel.com\/product\/aplique-exterior-empotrable-atria-led-7w-de-roblan-zoa1113f\/#breadcrumb","itemListElement":[{"@type":"ListItem","position":1,"name":"Portada","item":"https:\/\/ledsolintel.com\/fr\/"},{"@type":"ListItem","position":2,"name":"Tienda","item":"https:\/\/ledsolintel.com\/tienda\/"},{"@type":"ListItem","position":3,"name":"Aplique exterior empotrable ATRIA LED 7W de Roblan"}]},{"@type":"WebSite","@id":"https:\/\/ledsolintel.com\/#website","url":"https:\/\/ledsolintel.com\/","name":"Webmenaje","description":"Magasin d'ampoules et de lampes LED pour les professionnels","publisher":{"@id":"https:\/\/ledsolintel.com\/#organization"},"potentialAction":[{"@type":"SearchAction","target":{"@type":"EntryPoint","urlTemplate":"https:\/\/ledsolintel.com\/?s={search_term_string}"},"query-input":{"@type":"PropertyValueSpecification","valueRequired":true,"valueName":"search_term_string"}}],"inLanguage":"fr-FR"},{"@type":"Organization","@id":"https:\/\/ledsolintel.com\/#organization","name":"Solintel Noroeste, S.L.","url":"https:\/\/ledsolintel.com\/","logo":{"@type":"ImageObject","inLanguage":"fr-FR","@id":"https:\/\/ledsolintel.com\/#\/schema\/logo\/image\/","url":"https:\/\/ledsolintel.com\/wp-content\/uploads\/2024\/11\/webmenaje-logo-1508269066.jpg","contentUrl":"https:\/\/ledsolintel.com\/wp-content\/uploads\/2024\/11\/webmenaje-logo-1508269066.jpg","width":370,"height":90,"caption":"Solintel Noroeste, S.L."},"image":{"@id":"https:\/\/ledsolintel.com\/#\/schema\/logo\/image\/"},"sameAs":["http:\/\/www.facebook.com\/webmenaje","https:\/\/x.com\/webmenaje","https:\/\/www.youtube.com\/channel\/UCX2KoVoeCG4LocZjUc6LmSQ","http:\/\/www.pinterest.com\/webmenaje"]}]}},"_links":{"self":[{"href":"https:\/\/ledsolintel.com\/fr\/wp-json\/wp\/v2\/product\/247005","targetHints":{"allow":["GET"]}}],"collection":[{"href":"https:\/\/ledsolintel.com\/fr\/wp-json\/wp\/v2\/product"}],"about":[{"href":"https:\/\/ledsolintel.com\/fr\/wp-json\/wp\/v2\/types\/product"}],"version-history":[{"count":0,"href":"https:\/\/ledsolintel.com\/fr\/wp-json\/wp\/v2\/product\/247005\/revisions"}],"wp:featuredmedia":[{"embeddable":true,"href":"https:\/\/ledsolintel.com\/fr\/wp-json\/wp\/v2\/media\/247004"}],"wp:attachment":[{"href":"https:\/\/ledsolintel.com\/fr\/wp-json\/wp\/v2\/media?parent=247005"}],"wp:term":[{"taxonomy":"product_brand","embeddable":true,"href":"https:\/\/ledsolintel.com\/fr\/wp-json\/wp\/v2\/product_brand?post=247005"},{"taxonomy":"product_cat","embeddable":true,"href":"https:\/\/ledsolintel.com\/fr\/wp-json\/wp\/v2\/product_cat?post=247005"},{"taxonomy":"product_tag","embeddable":true,"href":"https:\/\/ledsolintel.com\/fr\/wp-json\/wp\/v2\/product_tag?post=247005"}],"curies":[{"name":"wp","href":"https:\/\/api.w.org\/{rel}","templated":true}]}}