{"id":246992,"date":"2024-04-10T11:43:03","date_gmt":"2024-04-10T09:43:03","guid":{"rendered":"https:\/\/nueva.ledsolintel.com\/product\/aplique-exterior-empotrable-vega-7w-de-roblan\/"},"modified":"2024-04-10T11:43:03","modified_gmt":"2024-04-10T09:43:03","slug":"aplique-exterior-empotrable-vega-7w-de-roblan","status":"publish","type":"product","link":"https:\/\/ledsolintel.com\/fr\/produit-2\/aplique-exterior-empotrable-vega-7w-de-roblan\/","title":{"rendered":"Applique encastr\u00e9e Roblan VEGA 7W pour l'ext\u00e9rieur"},"content":{"rendered":"<h3>Caract\u00e9ristiques<\/h3>\n<ul>\n<li>Puissance : 7 W<\/li>\n<li>Tension : 100-240 V<\/li>\n<li>Luminance : 426 lm<\/li>\n<li>CCT : 3000 K<\/li>\n<li>Protection IP65<\/li>\n<li>Protection IK06<\/li>\n<li>Optique : 60<span class=\"espec_value\">\u00ba<\/span><\/li>\n<li><span class=\"espec_value\">PF &gt; 0,5<\/span><\/li>\n<li>IRC &gt; 80<\/li>\n<li>Dimensions : 165 x 96 x 195 mm<\/li>\n<\/ul>","protected":false},"excerpt":{"rendered":"<p>Applique ext\u00e9rieure encastr\u00e9e Roblan VEGA 7W. Faible luminosit\u00e9. Protection IP65, \u00e9clairage professionnel pour les fa\u00e7ades et les murs ext\u00e9rieurs.<\/p>","protected":false},"featured_media":246991,"template":"","meta":[],"product_brand":[99355],"product_cat":[99657,99575],"product_tag":[],"class_list":{"0":"post-246992","1":"product","2":"type-product","3":"status-publish","4":"has-post-thumbnail","6":"product_brand-roblan","7":"product_cat-empotrables-de-exterior","8":"product_cat-iluminacion-para-jardines-y-exteriores","11":"instock","12":"taxable","13":"shipping-taxable","14":"purchasable","15":"product-type-simple"},"yoast_head":"<!-- This site is optimized with the Yoast SEO plugin v26.6 - https:\/\/yoast.com\/wordpress\/plugins\/seo\/ -->\n<title>Aplique exterior empotrable VEGA 7W de Roblan ZOA2258PC<\/title>\n<meta name=\"description\" content=\"Aplique exterior empotrable VEGA 7W de Roblan. Baja luminosidad. Protecci\u00f3n IP65, iluminaci\u00f3n profesional para fachadas y muros exteriores. ZOA2258PC\" \/>\n<meta name=\"robots\" content=\"index, follow, max-snippet:-1, max-image-preview:large, max-video-preview:-1\" \/>\n<link rel=\"canonical\" href=\"https:\/\/ledsolintel.com\/fr\/produit-2\/aplique-exterior-empotrable-vega-7w-de-roblan\/\" \/>\n<meta property=\"og:locale\" content=\"fr_FR\" \/>\n<meta property=\"og:type\" content=\"article\" \/>\n<meta property=\"og:title\" content=\"Aplique exterior empotrable VEGA 7W de Roblan ZOA2258PC\" \/>\n<meta property=\"og:description\" content=\"Aplique exterior empotrable VEGA 7W de Roblan. Baja luminosidad. Protecci\u00f3n IP65, iluminaci\u00f3n profesional para fachadas y muros exteriores. ZOA2258PC\" \/>\n<meta property=\"og:url\" content=\"https:\/\/ledsolintel.com\/fr\/produit-2\/aplique-exterior-empotrable-vega-7w-de-roblan\/\" \/>\n<meta property=\"og:site_name\" content=\"Ledsolintel\" \/>\n<meta property=\"article:publisher\" content=\"http:\/\/www.facebook.com\/webmenaje\" \/>\n<meta property=\"og:image\" content=\"https:\/\/ledsolintel.com\/wp-content\/uploads\/2024\/04\/21022-Aplique-exterior-empotrable-VEGA-4.7W-de-Roblan.jpg\" \/>\n\t<meta property=\"og:image:width\" content=\"1\" \/>\n\t<meta property=\"og:image:height\" content=\"1\" \/>\n\t<meta property=\"og:image:type\" content=\"image\/jpeg\" \/>\n<meta name=\"twitter:card\" content=\"summary_large_image\" \/>\n<meta name=\"twitter:site\" content=\"@webmenaje\" \/>\n<script type=\"application\/ld+json\" class=\"yoast-schema-graph\">{\"@context\":\"https:\/\/schema.org\",\"@graph\":[{\"@type\":\"WebPage\",\"@id\":\"https:\/\/ledsolintel.com\/product\/aplique-exterior-empotrable-vega-7w-de-roblan\/\",\"url\":\"https:\/\/ledsolintel.com\/product\/aplique-exterior-empotrable-vega-7w-de-roblan\/\",\"name\":\"Aplique exterior empotrable VEGA 7W de Roblan ZOA2258PC\",\"isPartOf\":{\"@id\":\"https:\/\/ledsolintel.com\/#website\"},\"primaryImageOfPage\":{\"@id\":\"https:\/\/ledsolintel.com\/product\/aplique-exterior-empotrable-vega-7w-de-roblan\/#primaryimage\"},\"image\":{\"@id\":\"https:\/\/ledsolintel.com\/product\/aplique-exterior-empotrable-vega-7w-de-roblan\/#primaryimage\"},\"thumbnailUrl\":\"https:\/\/ledsolintel.com\/wp-content\/uploads\/2024\/04\/21022-Aplique-exterior-empotrable-VEGA-4.7W-de-Roblan.jpg\",\"datePublished\":\"2024-04-10T09:43:03+00:00\",\"description\":\"Aplique exterior empotrable VEGA 7W de Roblan. Baja luminosidad. Protecci\u00f3n IP65, iluminaci\u00f3n profesional para fachadas y muros exteriores. ZOA2258PC\",\"breadcrumb\":{\"@id\":\"https:\/\/ledsolintel.com\/product\/aplique-exterior-empotrable-vega-7w-de-roblan\/#breadcrumb\"},\"inLanguage\":\"fr-FR\",\"potentialAction\":[{\"@type\":\"ReadAction\",\"target\":[\"https:\/\/ledsolintel.com\/product\/aplique-exterior-empotrable-vega-7w-de-roblan\/\"]}]},{\"@type\":\"ImageObject\",\"inLanguage\":\"fr-FR\",\"@id\":\"https:\/\/ledsolintel.com\/product\/aplique-exterior-empotrable-vega-7w-de-roblan\/#primaryimage\",\"url\":\"https:\/\/ledsolintel.com\/wp-content\/uploads\/2024\/04\/21022-Aplique-exterior-empotrable-VEGA-4.7W-de-Roblan.jpg\",\"contentUrl\":\"https:\/\/ledsolintel.com\/wp-content\/uploads\/2024\/04\/21022-Aplique-exterior-empotrable-VEGA-4.7W-de-Roblan.jpg\",\"caption\":\"Aplique exterior empotrable VEGA 4.7W de Roblan\"},{\"@type\":\"BreadcrumbList\",\"@id\":\"https:\/\/ledsolintel.com\/product\/aplique-exterior-empotrable-vega-7w-de-roblan\/#breadcrumb\",\"itemListElement\":[{\"@type\":\"ListItem\",\"position\":1,\"name\":\"Portada\",\"item\":\"https:\/\/ledsolintel.com\/fr\/\"},{\"@type\":\"ListItem\",\"position\":2,\"name\":\"Tienda\",\"item\":\"https:\/\/ledsolintel.com\/tienda\/\"},{\"@type\":\"ListItem\",\"position\":3,\"name\":\"Aplique exterior empotrable VEGA 7W de Roblan\"}]},{\"@type\":\"WebSite\",\"@id\":\"https:\/\/ledsolintel.com\/#website\",\"url\":\"https:\/\/ledsolintel.com\/\",\"name\":\"Webmenaje\",\"description\":\"Tienda de bombillas y l\u00e1mparas LED para profesionales\",\"publisher\":{\"@id\":\"https:\/\/ledsolintel.com\/#organization\"},\"potentialAction\":[{\"@type\":\"SearchAction\",\"target\":{\"@type\":\"EntryPoint\",\"urlTemplate\":\"https:\/\/ledsolintel.com\/?s={search_term_string}\"},\"query-input\":{\"@type\":\"PropertyValueSpecification\",\"valueRequired\":true,\"valueName\":\"search_term_string\"}}],\"inLanguage\":\"fr-FR\"},{\"@type\":\"Organization\",\"@id\":\"https:\/\/ledsolintel.com\/#organization\",\"name\":\"Solintel Noroeste, S.L.\",\"url\":\"https:\/\/ledsolintel.com\/\",\"logo\":{\"@type\":\"ImageObject\",\"inLanguage\":\"fr-FR\",\"@id\":\"https:\/\/ledsolintel.com\/#\/schema\/logo\/image\/\",\"url\":\"https:\/\/ledsolintel.com\/wp-content\/uploads\/2024\/11\/webmenaje-logo-1508269066.jpg\",\"contentUrl\":\"https:\/\/ledsolintel.com\/wp-content\/uploads\/2024\/11\/webmenaje-logo-1508269066.jpg\",\"width\":370,\"height\":90,\"caption\":\"Solintel Noroeste, S.L.\"},\"image\":{\"@id\":\"https:\/\/ledsolintel.com\/#\/schema\/logo\/image\/\"},\"sameAs\":[\"http:\/\/www.facebook.com\/webmenaje\",\"https:\/\/x.com\/webmenaje\",\"https:\/\/www.youtube.com\/channel\/UCX2KoVoeCG4LocZjUc6LmSQ\",\"http:\/\/www.pinterest.com\/webmenaje\"]}]}<\/script>\n<!-- \/ Yoast SEO plugin. -->","yoast_head_json":{"title":"Aplique exterior empotrable VEGA 7W de Roblan ZOA2258PC","description":"Aplique exterior empotrable VEGA 7W de Roblan. Baja luminosidad. Protecci\u00f3n IP65, iluminaci\u00f3n profesional para fachadas y muros exteriores. ZOA2258PC","robots":{"index":"index","follow":"follow","max-snippet":"max-snippet:-1","max-image-preview":"max-image-preview:large","max-video-preview":"max-video-preview:-1"},"canonical":"https:\/\/ledsolintel.com\/fr\/produit-2\/aplique-exterior-empotrable-vega-7w-de-roblan\/","og_locale":"fr_FR","og_type":"article","og_title":"Aplique exterior empotrable VEGA 7W de Roblan ZOA2258PC","og_description":"Aplique exterior empotrable VEGA 7W de Roblan. Baja luminosidad. Protecci\u00f3n IP65, iluminaci\u00f3n profesional para fachadas y muros exteriores. ZOA2258PC","og_url":"https:\/\/ledsolintel.com\/fr\/produit-2\/aplique-exterior-empotrable-vega-7w-de-roblan\/","og_site_name":"Ledsolintel","article_publisher":"http:\/\/www.facebook.com\/webmenaje","og_image":[{"url":"https:\/\/ledsolintel.com\/wp-content\/uploads\/2024\/04\/21022-Aplique-exterior-empotrable-VEGA-4.7W-de-Roblan.jpg","width":1,"height":1,"type":"image\/jpeg"}],"twitter_card":"summary_large_image","twitter_site":"@webmenaje","schema":{"@context":"https:\/\/schema.org","@graph":[{"@type":"WebPage","@id":"https:\/\/ledsolintel.com\/product\/aplique-exterior-empotrable-vega-7w-de-roblan\/","url":"https:\/\/ledsolintel.com\/product\/aplique-exterior-empotrable-vega-7w-de-roblan\/","name":"Aplique exterior empotrable VEGA 7W de Roblan ZOA2258PC","isPartOf":{"@id":"https:\/\/ledsolintel.com\/#website"},"primaryImageOfPage":{"@id":"https:\/\/ledsolintel.com\/product\/aplique-exterior-empotrable-vega-7w-de-roblan\/#primaryimage"},"image":{"@id":"https:\/\/ledsolintel.com\/product\/aplique-exterior-empotrable-vega-7w-de-roblan\/#primaryimage"},"thumbnailUrl":"https:\/\/ledsolintel.com\/wp-content\/uploads\/2024\/04\/21022-Aplique-exterior-empotrable-VEGA-4.7W-de-Roblan.jpg","datePublished":"2024-04-10T09:43:03+00:00","description":"Aplique exterior empotrable VEGA 7W de Roblan. Baja luminosidad. Protecci\u00f3n IP65, iluminaci\u00f3n profesional para fachadas y muros exteriores. ZOA2258PC","breadcrumb":{"@id":"https:\/\/ledsolintel.com\/product\/aplique-exterior-empotrable-vega-7w-de-roblan\/#breadcrumb"},"inLanguage":"fr-FR","potentialAction":[{"@type":"ReadAction","target":["https:\/\/ledsolintel.com\/product\/aplique-exterior-empotrable-vega-7w-de-roblan\/"]}]},{"@type":"ImageObject","inLanguage":"fr-FR","@id":"https:\/\/ledsolintel.com\/product\/aplique-exterior-empotrable-vega-7w-de-roblan\/#primaryimage","url":"https:\/\/ledsolintel.com\/wp-content\/uploads\/2024\/04\/21022-Aplique-exterior-empotrable-VEGA-4.7W-de-Roblan.jpg","contentUrl":"https:\/\/ledsolintel.com\/wp-content\/uploads\/2024\/04\/21022-Aplique-exterior-empotrable-VEGA-4.7W-de-Roblan.jpg","caption":"Aplique exterior empotrable VEGA 4.7W de Roblan"},{"@type":"BreadcrumbList","@id":"https:\/\/ledsolintel.com\/product\/aplique-exterior-empotrable-vega-7w-de-roblan\/#breadcrumb","itemListElement":[{"@type":"ListItem","position":1,"name":"Portada","item":"https:\/\/ledsolintel.com\/fr\/"},{"@type":"ListItem","position":2,"name":"Tienda","item":"https:\/\/ledsolintel.com\/tienda\/"},{"@type":"ListItem","position":3,"name":"Aplique exterior empotrable VEGA 7W de Roblan"}]},{"@type":"WebSite","@id":"https:\/\/ledsolintel.com\/#website","url":"https:\/\/ledsolintel.com\/","name":"Webmenaje","description":"Magasin d'ampoules et de lampes LED pour les professionnels","publisher":{"@id":"https:\/\/ledsolintel.com\/#organization"},"potentialAction":[{"@type":"SearchAction","target":{"@type":"EntryPoint","urlTemplate":"https:\/\/ledsolintel.com\/?s={search_term_string}"},"query-input":{"@type":"PropertyValueSpecification","valueRequired":true,"valueName":"search_term_string"}}],"inLanguage":"fr-FR"},{"@type":"Organization","@id":"https:\/\/ledsolintel.com\/#organization","name":"Solintel Noroeste, S.L.","url":"https:\/\/ledsolintel.com\/","logo":{"@type":"ImageObject","inLanguage":"fr-FR","@id":"https:\/\/ledsolintel.com\/#\/schema\/logo\/image\/","url":"https:\/\/ledsolintel.com\/wp-content\/uploads\/2024\/11\/webmenaje-logo-1508269066.jpg","contentUrl":"https:\/\/ledsolintel.com\/wp-content\/uploads\/2024\/11\/webmenaje-logo-1508269066.jpg","width":370,"height":90,"caption":"Solintel Noroeste, S.L."},"image":{"@id":"https:\/\/ledsolintel.com\/#\/schema\/logo\/image\/"},"sameAs":["http:\/\/www.facebook.com\/webmenaje","https:\/\/x.com\/webmenaje","https:\/\/www.youtube.com\/channel\/UCX2KoVoeCG4LocZjUc6LmSQ","http:\/\/www.pinterest.com\/webmenaje"]}]}},"_links":{"self":[{"href":"https:\/\/ledsolintel.com\/fr\/wp-json\/wp\/v2\/product\/246992","targetHints":{"allow":["GET"]}}],"collection":[{"href":"https:\/\/ledsolintel.com\/fr\/wp-json\/wp\/v2\/product"}],"about":[{"href":"https:\/\/ledsolintel.com\/fr\/wp-json\/wp\/v2\/types\/product"}],"version-history":[{"count":0,"href":"https:\/\/ledsolintel.com\/fr\/wp-json\/wp\/v2\/product\/246992\/revisions"}],"wp:featuredmedia":[{"embeddable":true,"href":"https:\/\/ledsolintel.com\/fr\/wp-json\/wp\/v2\/media\/246991"}],"wp:attachment":[{"href":"https:\/\/ledsolintel.com\/fr\/wp-json\/wp\/v2\/media?parent=246992"}],"wp:term":[{"taxonomy":"product_brand","embeddable":true,"href":"https:\/\/ledsolintel.com\/fr\/wp-json\/wp\/v2\/product_brand?post=246992"},{"taxonomy":"product_cat","embeddable":true,"href":"https:\/\/ledsolintel.com\/fr\/wp-json\/wp\/v2\/product_cat?post=246992"},{"taxonomy":"product_tag","embeddable":true,"href":"https:\/\/ledsolintel.com\/fr\/wp-json\/wp\/v2\/product_tag?post=246992"}],"curies":[{"name":"wp","href":"https:\/\/api.w.org\/{rel}","templated":true}]}}