{"id":246962,"date":"2024-04-04T14:01:16","date_gmt":"2024-04-04T12:01:16","guid":{"rendered":"https:\/\/nueva.ledsolintel.com\/product\/baliza-alba-solar-22w-de-roblan\/"},"modified":"2024-04-04T14:01:16","modified_gmt":"2024-04-04T12:01:16","slug":"baliza-alba-solar-22w-de-roblan","status":"publish","type":"product","link":"https:\/\/ledsolintel.com\/fr\/produit-2\/baliza-alba-solar-22w-de-roblan\/","title":{"rendered":"Balise ALBA SOLAR 2,2W de Roblan"},"content":{"rendered":"<h3>Caract\u00e9ristiques<\/h3>\n<ul>\n<li>Puissance : 2,2 W<\/li>\n<li>Tension : 3,7 V<\/li>\n<li>Luminosit\u00e9 : 203 lm<\/li>\n<li>Protection IP54<\/li>\n<li>Optique : 106<\/li>\n<li>IRC &gt; 84<\/li>\n<li>Dimensions : 140 x 140 x 500 mm<\/li>\n<\/ul>","protected":false},"excerpt":{"rendered":"<p>Balise ext\u00e9rieure ALBA SOLAR de Roblan. Design discret et \u00e9l\u00e9gant. Eclairage professionnel \u00e9cologique pour les fa\u00e7ades et les jardins. Id\u00e9al pour les terrasses et les passages dans les h\u00f4tels, les restaurants, les espaces publics...<\/p>","protected":false},"featured_media":246961,"template":"","meta":[],"product_brand":[99355],"product_cat":[99633,99575,99589],"product_tag":[],"class_list":{"0":"post-246962","1":"product","2":"type-product","3":"status-publish","4":"has-post-thumbnail","6":"product_brand-roblan","7":"product_cat-balizas-sobremuros-y-farolas","8":"product_cat-iluminacion-para-jardines-y-exteriores","9":"product_cat-lamparas-solares","12":"instock","13":"taxable","14":"shipping-taxable","15":"purchasable","16":"product-type-simple"},"yoast_head":"<!-- This site is optimized with the Yoast SEO plugin v26.6 - https:\/\/yoast.com\/wordpress\/plugins\/seo\/ -->\n<title>Baliza ALBA SOLAR 2.2W de Roblan<\/title>\n<meta name=\"description\" content=\"Aplique de exterior ALBA SOLAR de Roblan. Dise\u00f1o discreto y elegante. Iluminaci\u00f3n profesional ecol\u00f3gica para fachadas y jardines. Terrazas hoteles, restaurantes\" \/>\n<meta name=\"robots\" content=\"index, follow, max-snippet:-1, max-image-preview:large, max-video-preview:-1\" \/>\n<link rel=\"canonical\" href=\"https:\/\/ledsolintel.com\/fr\/produit-2\/baliza-alba-solar-22w-de-roblan\/\" \/>\n<meta property=\"og:locale\" content=\"fr_FR\" \/>\n<meta property=\"og:type\" content=\"article\" \/>\n<meta property=\"og:title\" content=\"Baliza ALBA SOLAR 2.2W de Roblan\" \/>\n<meta property=\"og:description\" content=\"Aplique de exterior ALBA SOLAR de Roblan. Dise\u00f1o discreto y elegante. Iluminaci\u00f3n profesional ecol\u00f3gica para fachadas y jardines. Terrazas hoteles, restaurantes\" \/>\n<meta property=\"og:url\" content=\"https:\/\/ledsolintel.com\/fr\/produit-2\/baliza-alba-solar-22w-de-roblan\/\" \/>\n<meta property=\"og:site_name\" content=\"Ledsolintel\" \/>\n<meta property=\"article:publisher\" content=\"http:\/\/www.facebook.com\/webmenaje\" \/>\n<meta property=\"og:image\" content=\"https:\/\/ledsolintel.com\/wp-content\/uploads\/2024\/04\/20988-Baliza-ALBA-SOLAR-2.2W-de-Roblan.jpg\" \/>\n\t<meta property=\"og:image:width\" content=\"1\" \/>\n\t<meta property=\"og:image:height\" content=\"1\" \/>\n\t<meta property=\"og:image:type\" content=\"image\/jpeg\" \/>\n<meta name=\"twitter:card\" content=\"summary_large_image\" \/>\n<meta name=\"twitter:site\" content=\"@webmenaje\" \/>\n<script type=\"application\/ld+json\" class=\"yoast-schema-graph\">{\"@context\":\"https:\/\/schema.org\",\"@graph\":[{\"@type\":\"WebPage\",\"@id\":\"https:\/\/ledsolintel.com\/product\/baliza-alba-solar-22w-de-roblan\/\",\"url\":\"https:\/\/ledsolintel.com\/product\/baliza-alba-solar-22w-de-roblan\/\",\"name\":\"Baliza ALBA SOLAR 2.2W de Roblan\",\"isPartOf\":{\"@id\":\"https:\/\/ledsolintel.com\/#website\"},\"primaryImageOfPage\":{\"@id\":\"https:\/\/ledsolintel.com\/product\/baliza-alba-solar-22w-de-roblan\/#primaryimage\"},\"image\":{\"@id\":\"https:\/\/ledsolintel.com\/product\/baliza-alba-solar-22w-de-roblan\/#primaryimage\"},\"thumbnailUrl\":\"https:\/\/ledsolintel.com\/wp-content\/uploads\/2024\/04\/20988-Baliza-ALBA-SOLAR-2.2W-de-Roblan.jpg\",\"datePublished\":\"2024-04-04T12:01:16+00:00\",\"description\":\"Aplique de exterior ALBA SOLAR de Roblan. Dise\u00f1o discreto y elegante. Iluminaci\u00f3n profesional ecol\u00f3gica para fachadas y jardines. Terrazas hoteles, restaurantes\",\"breadcrumb\":{\"@id\":\"https:\/\/ledsolintel.com\/product\/baliza-alba-solar-22w-de-roblan\/#breadcrumb\"},\"inLanguage\":\"fr-FR\",\"potentialAction\":[{\"@type\":\"ReadAction\",\"target\":[\"https:\/\/ledsolintel.com\/product\/baliza-alba-solar-22w-de-roblan\/\"]}]},{\"@type\":\"ImageObject\",\"inLanguage\":\"fr-FR\",\"@id\":\"https:\/\/ledsolintel.com\/product\/baliza-alba-solar-22w-de-roblan\/#primaryimage\",\"url\":\"https:\/\/ledsolintel.com\/wp-content\/uploads\/2024\/04\/20988-Baliza-ALBA-SOLAR-2.2W-de-Roblan.jpg\",\"contentUrl\":\"https:\/\/ledsolintel.com\/wp-content\/uploads\/2024\/04\/20988-Baliza-ALBA-SOLAR-2.2W-de-Roblan.jpg\",\"caption\":\"Baliza ALBA SOLAR 2.2W de Roblan\"},{\"@type\":\"BreadcrumbList\",\"@id\":\"https:\/\/ledsolintel.com\/product\/baliza-alba-solar-22w-de-roblan\/#breadcrumb\",\"itemListElement\":[{\"@type\":\"ListItem\",\"position\":1,\"name\":\"Portada\",\"item\":\"https:\/\/ledsolintel.com\/fr\/\"},{\"@type\":\"ListItem\",\"position\":2,\"name\":\"Tienda\",\"item\":\"https:\/\/ledsolintel.com\/tienda\/\"},{\"@type\":\"ListItem\",\"position\":3,\"name\":\"Baliza ALBA SOLAR 2.2W de Roblan\"}]},{\"@type\":\"WebSite\",\"@id\":\"https:\/\/ledsolintel.com\/#website\",\"url\":\"https:\/\/ledsolintel.com\/\",\"name\":\"Webmenaje\",\"description\":\"Tienda de bombillas y l\u00e1mparas LED para profesionales\",\"publisher\":{\"@id\":\"https:\/\/ledsolintel.com\/#organization\"},\"potentialAction\":[{\"@type\":\"SearchAction\",\"target\":{\"@type\":\"EntryPoint\",\"urlTemplate\":\"https:\/\/ledsolintel.com\/?s={search_term_string}\"},\"query-input\":{\"@type\":\"PropertyValueSpecification\",\"valueRequired\":true,\"valueName\":\"search_term_string\"}}],\"inLanguage\":\"fr-FR\"},{\"@type\":\"Organization\",\"@id\":\"https:\/\/ledsolintel.com\/#organization\",\"name\":\"Solintel Noroeste, S.L.\",\"url\":\"https:\/\/ledsolintel.com\/\",\"logo\":{\"@type\":\"ImageObject\",\"inLanguage\":\"fr-FR\",\"@id\":\"https:\/\/ledsolintel.com\/#\/schema\/logo\/image\/\",\"url\":\"https:\/\/ledsolintel.com\/wp-content\/uploads\/2024\/11\/webmenaje-logo-1508269066.jpg\",\"contentUrl\":\"https:\/\/ledsolintel.com\/wp-content\/uploads\/2024\/11\/webmenaje-logo-1508269066.jpg\",\"width\":370,\"height\":90,\"caption\":\"Solintel Noroeste, S.L.\"},\"image\":{\"@id\":\"https:\/\/ledsolintel.com\/#\/schema\/logo\/image\/\"},\"sameAs\":[\"http:\/\/www.facebook.com\/webmenaje\",\"https:\/\/x.com\/webmenaje\",\"https:\/\/www.youtube.com\/channel\/UCX2KoVoeCG4LocZjUc6LmSQ\",\"http:\/\/www.pinterest.com\/webmenaje\"]}]}<\/script>\n<!-- \/ Yoast SEO plugin. -->","yoast_head_json":{"title":"Balise ALBA SOLAR 2,2W de Roblan","description":"Aplique de exterior ALBA SOLAR de Roblan. Dise\u00f1o discreto y elegante. Iluminaci\u00f3n profesional ecol\u00f3gica para fachadas y jardines. Terrazas hoteles, restaurantes","robots":{"index":"index","follow":"follow","max-snippet":"max-snippet:-1","max-image-preview":"max-image-preview:large","max-video-preview":"max-video-preview:-1"},"canonical":"https:\/\/ledsolintel.com\/fr\/produit-2\/baliza-alba-solar-22w-de-roblan\/","og_locale":"fr_FR","og_type":"article","og_title":"Baliza ALBA SOLAR 2.2W de Roblan","og_description":"Aplique de exterior ALBA SOLAR de Roblan. Dise\u00f1o discreto y elegante. Iluminaci\u00f3n profesional ecol\u00f3gica para fachadas y jardines. Terrazas hoteles, restaurantes","og_url":"https:\/\/ledsolintel.com\/fr\/produit-2\/baliza-alba-solar-22w-de-roblan\/","og_site_name":"Ledsolintel","article_publisher":"http:\/\/www.facebook.com\/webmenaje","og_image":[{"url":"https:\/\/ledsolintel.com\/wp-content\/uploads\/2024\/04\/20988-Baliza-ALBA-SOLAR-2.2W-de-Roblan.jpg","width":1,"height":1,"type":"image\/jpeg"}],"twitter_card":"summary_large_image","twitter_site":"@webmenaje","schema":{"@context":"https:\/\/schema.org","@graph":[{"@type":"WebPage","@id":"https:\/\/ledsolintel.com\/product\/baliza-alba-solar-22w-de-roblan\/","url":"https:\/\/ledsolintel.com\/product\/baliza-alba-solar-22w-de-roblan\/","name":"Balise ALBA SOLAR 2,2W de Roblan","isPartOf":{"@id":"https:\/\/ledsolintel.com\/#website"},"primaryImageOfPage":{"@id":"https:\/\/ledsolintel.com\/product\/baliza-alba-solar-22w-de-roblan\/#primaryimage"},"image":{"@id":"https:\/\/ledsolintel.com\/product\/baliza-alba-solar-22w-de-roblan\/#primaryimage"},"thumbnailUrl":"https:\/\/ledsolintel.com\/wp-content\/uploads\/2024\/04\/20988-Baliza-ALBA-SOLAR-2.2W-de-Roblan.jpg","datePublished":"2024-04-04T12:01:16+00:00","description":"Aplique de exterior ALBA SOLAR de Roblan. Dise\u00f1o discreto y elegante. Iluminaci\u00f3n profesional ecol\u00f3gica para fachadas y jardines. Terrazas hoteles, restaurantes","breadcrumb":{"@id":"https:\/\/ledsolintel.com\/product\/baliza-alba-solar-22w-de-roblan\/#breadcrumb"},"inLanguage":"fr-FR","potentialAction":[{"@type":"ReadAction","target":["https:\/\/ledsolintel.com\/product\/baliza-alba-solar-22w-de-roblan\/"]}]},{"@type":"ImageObject","inLanguage":"fr-FR","@id":"https:\/\/ledsolintel.com\/product\/baliza-alba-solar-22w-de-roblan\/#primaryimage","url":"https:\/\/ledsolintel.com\/wp-content\/uploads\/2024\/04\/20988-Baliza-ALBA-SOLAR-2.2W-de-Roblan.jpg","contentUrl":"https:\/\/ledsolintel.com\/wp-content\/uploads\/2024\/04\/20988-Baliza-ALBA-SOLAR-2.2W-de-Roblan.jpg","caption":"Baliza ALBA SOLAR 2.2W de Roblan"},{"@type":"BreadcrumbList","@id":"https:\/\/ledsolintel.com\/product\/baliza-alba-solar-22w-de-roblan\/#breadcrumb","itemListElement":[{"@type":"ListItem","position":1,"name":"Portada","item":"https:\/\/ledsolintel.com\/fr\/"},{"@type":"ListItem","position":2,"name":"Tienda","item":"https:\/\/ledsolintel.com\/tienda\/"},{"@type":"ListItem","position":3,"name":"Baliza ALBA SOLAR 2.2W de Roblan"}]},{"@type":"WebSite","@id":"https:\/\/ledsolintel.com\/#website","url":"https:\/\/ledsolintel.com\/","name":"Webmenaje","description":"Magasin d'ampoules et de lampes LED pour les professionnels","publisher":{"@id":"https:\/\/ledsolintel.com\/#organization"},"potentialAction":[{"@type":"SearchAction","target":{"@type":"EntryPoint","urlTemplate":"https:\/\/ledsolintel.com\/?s={search_term_string}"},"query-input":{"@type":"PropertyValueSpecification","valueRequired":true,"valueName":"search_term_string"}}],"inLanguage":"fr-FR"},{"@type":"Organization","@id":"https:\/\/ledsolintel.com\/#organization","name":"Solintel Noroeste, S.L.","url":"https:\/\/ledsolintel.com\/","logo":{"@type":"ImageObject","inLanguage":"fr-FR","@id":"https:\/\/ledsolintel.com\/#\/schema\/logo\/image\/","url":"https:\/\/ledsolintel.com\/wp-content\/uploads\/2024\/11\/webmenaje-logo-1508269066.jpg","contentUrl":"https:\/\/ledsolintel.com\/wp-content\/uploads\/2024\/11\/webmenaje-logo-1508269066.jpg","width":370,"height":90,"caption":"Solintel Noroeste, S.L."},"image":{"@id":"https:\/\/ledsolintel.com\/#\/schema\/logo\/image\/"},"sameAs":["http:\/\/www.facebook.com\/webmenaje","https:\/\/x.com\/webmenaje","https:\/\/www.youtube.com\/channel\/UCX2KoVoeCG4LocZjUc6LmSQ","http:\/\/www.pinterest.com\/webmenaje"]}]}},"_links":{"self":[{"href":"https:\/\/ledsolintel.com\/fr\/wp-json\/wp\/v2\/product\/246962","targetHints":{"allow":["GET"]}}],"collection":[{"href":"https:\/\/ledsolintel.com\/fr\/wp-json\/wp\/v2\/product"}],"about":[{"href":"https:\/\/ledsolintel.com\/fr\/wp-json\/wp\/v2\/types\/product"}],"version-history":[{"count":0,"href":"https:\/\/ledsolintel.com\/fr\/wp-json\/wp\/v2\/product\/246962\/revisions"}],"wp:featuredmedia":[{"embeddable":true,"href":"https:\/\/ledsolintel.com\/fr\/wp-json\/wp\/v2\/media\/246961"}],"wp:attachment":[{"href":"https:\/\/ledsolintel.com\/fr\/wp-json\/wp\/v2\/media?parent=246962"}],"wp:term":[{"taxonomy":"product_brand","embeddable":true,"href":"https:\/\/ledsolintel.com\/fr\/wp-json\/wp\/v2\/product_brand?post=246962"},{"taxonomy":"product_cat","embeddable":true,"href":"https:\/\/ledsolintel.com\/fr\/wp-json\/wp\/v2\/product_cat?post=246962"},{"taxonomy":"product_tag","embeddable":true,"href":"https:\/\/ledsolintel.com\/fr\/wp-json\/wp\/v2\/product_tag?post=246962"}],"curies":[{"name":"wp","href":"https:\/\/api.w.org\/{rel}","templated":true}]}}