{"id":246689,"date":"2023-08-17T13:13:37","date_gmt":"2023-08-17T11:13:37","guid":{"rendered":"https:\/\/nueva.ledsolintel.com\/product\/empotrable-led-pun-switch-cct-3w-de-beneito-faure-2\/"},"modified":"2023-08-17T13:13:37","modified_gmt":"2023-08-17T11:13:37","slug":"empotrable-led-pun-switch-cct-3w-de-beneito-faure-2","status":"publish","type":"product","link":"https:\/\/ledsolintel.com\/fr\/produit-2\/empotrable-led-pun-switch-cct-3w-de-beneito-faure-2\/","title":{"rendered":"LAO SWITCH Luminaire encastr\u00e9 \u00e0 LED CCT 1,5W de Beneito Faure"},"content":{"rendered":"<p>LAO SWITCH Luminaire encastr\u00e9 \u00e0 LED CCT 1,5W de Beneito Faure<\/p>\n<p>\u00a0<\/p>\n<ul>\n<li>Puissance : 1,5 W<\/li>\n<li>Voltaje: 175 &#8211; 265 VAC<\/li>\n<li>Luminosidad: 20 lm<\/li>\n<li>Optique : 38<\/li>\n<li>CCT: switch (2700 &#8211; 3000 &#8211; 4000 K)<\/li>\n<li>Dur\u00e9e de vie : 25 000 h<\/li>\n<li>C.R.I. &gt; 80<\/li>\n<li>Facteur de puissance &gt; 0,4<\/li>\n<li>Protection IP20<\/li>\n<li>Dimensiones: 86 x 37 mm<\/li>\n<li>Tama\u00f1o hueco: 73 mm<\/li>\n<\/ul>","protected":false},"excerpt":{"rendered":"<p>Empotrable LED LAO 1.5W de Beneito Faure. Aplique de baja potencia para se\u00f1alizaci\u00f3n en interiores. Para escaleras y zonas de paso. CCT switch. Color de tapa blanco y negro incluidos.<\/p>","protected":false},"featured_media":246686,"template":"","meta":[],"product_brand":[99357],"product_cat":[99711,99573,99659],"product_tag":[],"class_list":{"0":"post-246689","1":"product","2":"type-product","3":"status-publish","4":"has-post-thumbnail","6":"product_brand-beneito-faure","7":"product_cat-empotrables-de-interior","8":"product_cat-iluminacion-interior","9":"product_cat-lamparas-de-pared","12":"instock","13":"taxable","14":"shipping-taxable","15":"purchasable","16":"product-type-simple"},"yoast_head":"<!-- This site is optimized with the Yoast SEO plugin v26.6 - https:\/\/yoast.com\/wordpress\/plugins\/seo\/ -->\n<title>Empotrable LED PUN SWITCH CCT 3W de Beneito Faure<\/title>\n<meta name=\"description\" content=\"Empotrable LED PUN 3W de Beneito Faure. Aplique de baja potencia para se\u00f1alizaci\u00f3n en interiores. Para escaleras y zonas de paso. CCT switch\" \/>\n<meta name=\"robots\" content=\"index, follow, max-snippet:-1, max-image-preview:large, max-video-preview:-1\" \/>\n<link rel=\"canonical\" href=\"https:\/\/ledsolintel.com\/fr\/produit-2\/empotrable-led-pun-switch-cct-3w-de-beneito-faure-2\/\" \/>\n<meta property=\"og:locale\" content=\"fr_FR\" \/>\n<meta property=\"og:type\" content=\"article\" \/>\n<meta property=\"og:title\" content=\"Empotrable LED PUN SWITCH CCT 3W de Beneito Faure\" \/>\n<meta property=\"og:description\" content=\"Empotrable LED PUN 3W de Beneito Faure. Aplique de baja potencia para se\u00f1alizaci\u00f3n en interiores. Para escaleras y zonas de paso. CCT switch\" \/>\n<meta property=\"og:url\" content=\"https:\/\/ledsolintel.com\/fr\/produit-2\/empotrable-led-pun-switch-cct-3w-de-beneito-faure-2\/\" \/>\n<meta property=\"og:site_name\" content=\"Ledsolintel\" \/>\n<meta property=\"article:publisher\" content=\"http:\/\/www.facebook.com\/webmenaje\" \/>\n<meta property=\"og:image\" content=\"https:\/\/ledsolintel.com\/wp-content\/uploads\/2023\/08\/20698-Empotrable-LED-LAO-SWITCH-CCT-1.5W-de-Beneito-Faure.jpg\" \/>\n\t<meta property=\"og:image:width\" content=\"1\" \/>\n\t<meta property=\"og:image:height\" content=\"1\" \/>\n\t<meta property=\"og:image:type\" content=\"image\/jpeg\" \/>\n<meta name=\"twitter:card\" content=\"summary_large_image\" \/>\n<meta name=\"twitter:site\" content=\"@webmenaje\" \/>\n<script type=\"application\/ld+json\" class=\"yoast-schema-graph\">{\"@context\":\"https:\/\/schema.org\",\"@graph\":[{\"@type\":\"WebPage\",\"@id\":\"https:\/\/ledsolintel.com\/product\/empotrable-led-pun-switch-cct-3w-de-beneito-faure-2\/\",\"url\":\"https:\/\/ledsolintel.com\/product\/empotrable-led-pun-switch-cct-3w-de-beneito-faure-2\/\",\"name\":\"Empotrable LED PUN SWITCH CCT 3W de Beneito Faure\",\"isPartOf\":{\"@id\":\"https:\/\/ledsolintel.com\/#website\"},\"primaryImageOfPage\":{\"@id\":\"https:\/\/ledsolintel.com\/product\/empotrable-led-pun-switch-cct-3w-de-beneito-faure-2\/#primaryimage\"},\"image\":{\"@id\":\"https:\/\/ledsolintel.com\/product\/empotrable-led-pun-switch-cct-3w-de-beneito-faure-2\/#primaryimage\"},\"thumbnailUrl\":\"https:\/\/ledsolintel.com\/wp-content\/uploads\/2023\/08\/20698-Empotrable-LED-LAO-SWITCH-CCT-1.5W-de-Beneito-Faure.jpg\",\"datePublished\":\"2023-08-17T11:13:37+00:00\",\"description\":\"Empotrable LED PUN 3W de Beneito Faure. Aplique de baja potencia para se\u00f1alizaci\u00f3n en interiores. Para escaleras y zonas de paso. CCT switch\",\"breadcrumb\":{\"@id\":\"https:\/\/ledsolintel.com\/product\/empotrable-led-pun-switch-cct-3w-de-beneito-faure-2\/#breadcrumb\"},\"inLanguage\":\"fr-FR\",\"potentialAction\":[{\"@type\":\"ReadAction\",\"target\":[\"https:\/\/ledsolintel.com\/product\/empotrable-led-pun-switch-cct-3w-de-beneito-faure-2\/\"]}]},{\"@type\":\"ImageObject\",\"inLanguage\":\"fr-FR\",\"@id\":\"https:\/\/ledsolintel.com\/product\/empotrable-led-pun-switch-cct-3w-de-beneito-faure-2\/#primaryimage\",\"url\":\"https:\/\/ledsolintel.com\/wp-content\/uploads\/2023\/08\/20698-Empotrable-LED-LAO-SWITCH-CCT-1.5W-de-Beneito-Faure.jpg\",\"contentUrl\":\"https:\/\/ledsolintel.com\/wp-content\/uploads\/2023\/08\/20698-Empotrable-LED-LAO-SWITCH-CCT-1.5W-de-Beneito-Faure.jpg\",\"caption\":\"Empotrable LED LAO SWITCH CCT 1.5W de Beneito Faure\"},{\"@type\":\"BreadcrumbList\",\"@id\":\"https:\/\/ledsolintel.com\/product\/empotrable-led-pun-switch-cct-3w-de-beneito-faure-2\/#breadcrumb\",\"itemListElement\":[{\"@type\":\"ListItem\",\"position\":1,\"name\":\"Portada\",\"item\":\"https:\/\/ledsolintel.com\/fr\/\"},{\"@type\":\"ListItem\",\"position\":2,\"name\":\"Tienda\",\"item\":\"https:\/\/ledsolintel.com\/tienda\/\"},{\"@type\":\"ListItem\",\"position\":3,\"name\":\"Empotrable LED LAO SWITCH CCT 1.5W de Beneito Faure\"}]},{\"@type\":\"WebSite\",\"@id\":\"https:\/\/ledsolintel.com\/#website\",\"url\":\"https:\/\/ledsolintel.com\/\",\"name\":\"Webmenaje\",\"description\":\"Tienda de bombillas y l\u00e1mparas LED para profesionales\",\"publisher\":{\"@id\":\"https:\/\/ledsolintel.com\/#organization\"},\"potentialAction\":[{\"@type\":\"SearchAction\",\"target\":{\"@type\":\"EntryPoint\",\"urlTemplate\":\"https:\/\/ledsolintel.com\/?s={search_term_string}\"},\"query-input\":{\"@type\":\"PropertyValueSpecification\",\"valueRequired\":true,\"valueName\":\"search_term_string\"}}],\"inLanguage\":\"fr-FR\"},{\"@type\":\"Organization\",\"@id\":\"https:\/\/ledsolintel.com\/#organization\",\"name\":\"Solintel Noroeste, S.L.\",\"url\":\"https:\/\/ledsolintel.com\/\",\"logo\":{\"@type\":\"ImageObject\",\"inLanguage\":\"fr-FR\",\"@id\":\"https:\/\/ledsolintel.com\/#\/schema\/logo\/image\/\",\"url\":\"https:\/\/ledsolintel.com\/wp-content\/uploads\/2024\/11\/webmenaje-logo-1508269066.jpg\",\"contentUrl\":\"https:\/\/ledsolintel.com\/wp-content\/uploads\/2024\/11\/webmenaje-logo-1508269066.jpg\",\"width\":370,\"height\":90,\"caption\":\"Solintel Noroeste, S.L.\"},\"image\":{\"@id\":\"https:\/\/ledsolintel.com\/#\/schema\/logo\/image\/\"},\"sameAs\":[\"http:\/\/www.facebook.com\/webmenaje\",\"https:\/\/x.com\/webmenaje\",\"https:\/\/www.youtube.com\/channel\/UCX2KoVoeCG4LocZjUc6LmSQ\",\"http:\/\/www.pinterest.com\/webmenaje\"]}]}<\/script>\n<!-- \/ Yoast SEO plugin. -->","yoast_head_json":{"title":"Beneito Faure PUN SWITCH CCT 3W LED luminaire encastr\u00e9","description":"Empotrable LED PUN 3W de Beneito Faure. Aplique de baja potencia para se\u00f1alizaci\u00f3n en interiores. Para escaleras y zonas de paso. CCT switch","robots":{"index":"index","follow":"follow","max-snippet":"max-snippet:-1","max-image-preview":"max-image-preview:large","max-video-preview":"max-video-preview:-1"},"canonical":"https:\/\/ledsolintel.com\/fr\/produit-2\/empotrable-led-pun-switch-cct-3w-de-beneito-faure-2\/","og_locale":"fr_FR","og_type":"article","og_title":"Empotrable LED PUN SWITCH CCT 3W de Beneito Faure","og_description":"Empotrable LED PUN 3W de Beneito Faure. Aplique de baja potencia para se\u00f1alizaci\u00f3n en interiores. Para escaleras y zonas de paso. CCT switch","og_url":"https:\/\/ledsolintel.com\/fr\/produit-2\/empotrable-led-pun-switch-cct-3w-de-beneito-faure-2\/","og_site_name":"Ledsolintel","article_publisher":"http:\/\/www.facebook.com\/webmenaje","og_image":[{"url":"https:\/\/ledsolintel.com\/wp-content\/uploads\/2023\/08\/20698-Empotrable-LED-LAO-SWITCH-CCT-1.5W-de-Beneito-Faure.jpg","width":1,"height":1,"type":"image\/jpeg"}],"twitter_card":"summary_large_image","twitter_site":"@webmenaje","schema":{"@context":"https:\/\/schema.org","@graph":[{"@type":"WebPage","@id":"https:\/\/ledsolintel.com\/product\/empotrable-led-pun-switch-cct-3w-de-beneito-faure-2\/","url":"https:\/\/ledsolintel.com\/product\/empotrable-led-pun-switch-cct-3w-de-beneito-faure-2\/","name":"Beneito Faure PUN SWITCH CCT 3W LED luminaire encastr\u00e9","isPartOf":{"@id":"https:\/\/ledsolintel.com\/#website"},"primaryImageOfPage":{"@id":"https:\/\/ledsolintel.com\/product\/empotrable-led-pun-switch-cct-3w-de-beneito-faure-2\/#primaryimage"},"image":{"@id":"https:\/\/ledsolintel.com\/product\/empotrable-led-pun-switch-cct-3w-de-beneito-faure-2\/#primaryimage"},"thumbnailUrl":"https:\/\/ledsolintel.com\/wp-content\/uploads\/2023\/08\/20698-Empotrable-LED-LAO-SWITCH-CCT-1.5W-de-Beneito-Faure.jpg","datePublished":"2023-08-17T11:13:37+00:00","description":"Empotrable LED PUN 3W de Beneito Faure. Aplique de baja potencia para se\u00f1alizaci\u00f3n en interiores. Para escaleras y zonas de paso. CCT switch","breadcrumb":{"@id":"https:\/\/ledsolintel.com\/product\/empotrable-led-pun-switch-cct-3w-de-beneito-faure-2\/#breadcrumb"},"inLanguage":"fr-FR","potentialAction":[{"@type":"ReadAction","target":["https:\/\/ledsolintel.com\/product\/empotrable-led-pun-switch-cct-3w-de-beneito-faure-2\/"]}]},{"@type":"ImageObject","inLanguage":"fr-FR","@id":"https:\/\/ledsolintel.com\/product\/empotrable-led-pun-switch-cct-3w-de-beneito-faure-2\/#primaryimage","url":"https:\/\/ledsolintel.com\/wp-content\/uploads\/2023\/08\/20698-Empotrable-LED-LAO-SWITCH-CCT-1.5W-de-Beneito-Faure.jpg","contentUrl":"https:\/\/ledsolintel.com\/wp-content\/uploads\/2023\/08\/20698-Empotrable-LED-LAO-SWITCH-CCT-1.5W-de-Beneito-Faure.jpg","caption":"Empotrable LED LAO SWITCH CCT 1.5W de Beneito Faure"},{"@type":"BreadcrumbList","@id":"https:\/\/ledsolintel.com\/product\/empotrable-led-pun-switch-cct-3w-de-beneito-faure-2\/#breadcrumb","itemListElement":[{"@type":"ListItem","position":1,"name":"Portada","item":"https:\/\/ledsolintel.com\/fr\/"},{"@type":"ListItem","position":2,"name":"Tienda","item":"https:\/\/ledsolintel.com\/tienda\/"},{"@type":"ListItem","position":3,"name":"Empotrable LED LAO SWITCH CCT 1.5W de Beneito Faure"}]},{"@type":"WebSite","@id":"https:\/\/ledsolintel.com\/#website","url":"https:\/\/ledsolintel.com\/","name":"Webmenaje","description":"Magasin d'ampoules et de lampes LED pour les professionnels","publisher":{"@id":"https:\/\/ledsolintel.com\/#organization"},"potentialAction":[{"@type":"SearchAction","target":{"@type":"EntryPoint","urlTemplate":"https:\/\/ledsolintel.com\/?s={search_term_string}"},"query-input":{"@type":"PropertyValueSpecification","valueRequired":true,"valueName":"search_term_string"}}],"inLanguage":"fr-FR"},{"@type":"Organization","@id":"https:\/\/ledsolintel.com\/#organization","name":"Solintel Noroeste, S.L.","url":"https:\/\/ledsolintel.com\/","logo":{"@type":"ImageObject","inLanguage":"fr-FR","@id":"https:\/\/ledsolintel.com\/#\/schema\/logo\/image\/","url":"https:\/\/ledsolintel.com\/wp-content\/uploads\/2024\/11\/webmenaje-logo-1508269066.jpg","contentUrl":"https:\/\/ledsolintel.com\/wp-content\/uploads\/2024\/11\/webmenaje-logo-1508269066.jpg","width":370,"height":90,"caption":"Solintel Noroeste, S.L."},"image":{"@id":"https:\/\/ledsolintel.com\/#\/schema\/logo\/image\/"},"sameAs":["http:\/\/www.facebook.com\/webmenaje","https:\/\/x.com\/webmenaje","https:\/\/www.youtube.com\/channel\/UCX2KoVoeCG4LocZjUc6LmSQ","http:\/\/www.pinterest.com\/webmenaje"]}]}},"_links":{"self":[{"href":"https:\/\/ledsolintel.com\/fr\/wp-json\/wp\/v2\/product\/246689","targetHints":{"allow":["GET"]}}],"collection":[{"href":"https:\/\/ledsolintel.com\/fr\/wp-json\/wp\/v2\/product"}],"about":[{"href":"https:\/\/ledsolintel.com\/fr\/wp-json\/wp\/v2\/types\/product"}],"version-history":[{"count":0,"href":"https:\/\/ledsolintel.com\/fr\/wp-json\/wp\/v2\/product\/246689\/revisions"}],"wp:featuredmedia":[{"embeddable":true,"href":"https:\/\/ledsolintel.com\/fr\/wp-json\/wp\/v2\/media\/246686"}],"wp:attachment":[{"href":"https:\/\/ledsolintel.com\/fr\/wp-json\/wp\/v2\/media?parent=246689"}],"wp:term":[{"taxonomy":"product_brand","embeddable":true,"href":"https:\/\/ledsolintel.com\/fr\/wp-json\/wp\/v2\/product_brand?post=246689"},{"taxonomy":"product_cat","embeddable":true,"href":"https:\/\/ledsolintel.com\/fr\/wp-json\/wp\/v2\/product_cat?post=246689"},{"taxonomy":"product_tag","embeddable":true,"href":"https:\/\/ledsolintel.com\/fr\/wp-json\/wp\/v2\/product_tag?post=246689"}],"curies":[{"name":"wp","href":"https:\/\/api.w.org\/{rel}","templated":true}]}}