{"id":246678,"date":"2023-08-15T19:03:53","date_gmt":"2023-08-15T17:03:53","guid":{"rendered":"https:\/\/nueva.ledsolintel.com\/product\/lampara-portatil-led-lievo-35w-de-beneito-faure\/"},"modified":"2023-08-15T19:03:53","modified_gmt":"2023-08-15T17:03:53","slug":"lievo-35w-led-portable-lamp-by-beneito-faure","status":"publish","type":"product","link":"https:\/\/ledsolintel.com\/fr\/produit-2\/lievo-35w-led-portable-lamp-by-beneito-faure\/","title":{"rendered":"Lampe portable LIEVO 3.5W LED par Beneito Faure"},"content":{"rendered":"<h1>Lampe portable LIEVO 3.5W LED par Beneito Faure<\/h1>\n<p>\u00a0<\/p>\n<ul>\n<li>Puissance : 3,5 W<\/li>\n<li>Tension : 5 V<\/li>\n<li>Batterie : 5200 mAh<\/li>\n<li>Luminance : 156 lm<\/li>\n<li>CCT : 3000 K<\/li>\n<li>IRC &gt; 85<\/li>\n<li>Dur\u00e9e de vie : 30 000 h<\/li>\n<li>Dimensions : 380 x 110 mm<\/li>\n<li>IP54<\/li>\n<li>Dimmable<\/li>\n<li>Charge : 5 - 8 h<\/li>\n<li>Chargeur : micro USB<\/li>\n<\/ul>","protected":false},"excerpt":{"rendered":"<p>Lampe LED portable LIEVO 3.5W par Beneito Faure. R\u00e9sistante \u00e0 la poussi\u00e8re et aux \u00e9claboussures, pour l'\u00e9clairage ext\u00e9rieur et int\u00e9rieur. Chargement par USB.<\/p>","protected":false},"featured_media":246674,"template":"","meta":[],"product_brand":[],"product_cat":[99583],"product_tag":[],"class_list":{"0":"post-246678","1":"product","2":"type-product","3":"status-publish","4":"has-post-thumbnail","6":"product_cat-lamparas-portatiles","7":"pa_acabado-blanco","8":"pa_acabado-corten","9":"pa_acabado-negro","12":"instock","13":"taxable","14":"shipping-taxable","15":"purchasable","16":"product-type-variable","17":"has-default-attributes"},"yoast_head":"<!-- This site is optimized with the Yoast SEO plugin v27.4 - https:\/\/yoast.com\/product\/yoast-seo-wordpress\/ -->\n<title>L\u00e1mpara port\u00e1til LED LIEVO 3.5W de Beneito Faure<\/title>\n<meta name=\"description\" content=\"L\u00e1mpara port\u00e1til LED LIEVO 3.5W de Beneito Faure. Resistente al polvo y las salpicaduras, para iluminaci\u00f3n exterior e interior. Carga por USB.\" \/>\n<meta name=\"robots\" content=\"index, follow, max-snippet:-1, max-image-preview:large, max-video-preview:-1\" \/>\n<link rel=\"canonical\" href=\"https:\/\/ledsolintel.com\/fr\/produit-2\/lievo-35w-led-portable-lamp-by-beneito-faure\/\" \/>\n<meta property=\"og:locale\" content=\"fr_FR\" \/>\n<meta property=\"og:type\" content=\"article\" \/>\n<meta property=\"og:title\" content=\"L\u00e1mpara port\u00e1til LED LIEVO 3.5W de Beneito Faure\" \/>\n<meta property=\"og:description\" content=\"L\u00e1mpara port\u00e1til LED LIEVO 3.5W de Beneito Faure. Resistente al polvo y las salpicaduras, para iluminaci\u00f3n exterior e interior. Carga por USB.\" \/>\n<meta property=\"og:url\" content=\"https:\/\/ledsolintel.com\/fr\/produit-2\/lievo-35w-led-portable-lamp-by-beneito-faure\/\" \/>\n<meta property=\"og:site_name\" content=\"Ledsolintel\" \/>\n<meta property=\"article:publisher\" content=\"http:\/\/www.facebook.com\/webmenaje\" \/>\n<meta property=\"og:image\" content=\"https:\/\/ledsolintel.com\/wp-content\/uploads\/2023\/08\/20687-Lampara-portatil-LED-LIEVO-3.5W-de-Beneito-Faure.jpg\" \/>\n\t<meta property=\"og:image:width\" content=\"1\" \/>\n\t<meta property=\"og:image:height\" content=\"1\" \/>\n\t<meta property=\"og:image:type\" content=\"image\/jpeg\" \/>\n<meta name=\"twitter:card\" content=\"summary_large_image\" \/>\n<meta name=\"twitter:site\" content=\"@webmenaje\" \/>\n<script type=\"application\/ld+json\" class=\"yoast-schema-graph\">{\"@context\":\"https:\\\/\\\/schema.org\",\"@graph\":[{\"@type\":\"WebPage\",\"@id\":\"https:\\\/\\\/ledsolintel.com\\\/product\\\/lampara-portatil-led-lievo-35w-de-beneito-faure\\\/\",\"url\":\"https:\\\/\\\/ledsolintel.com\\\/product\\\/lampara-portatil-led-lievo-35w-de-beneito-faure\\\/\",\"name\":\"L\u00e1mpara port\u00e1til LED LIEVO 3.5W de Beneito Faure\",\"isPartOf\":{\"@id\":\"https:\\\/\\\/ledsolintel.com\\\/#website\"},\"primaryImageOfPage\":{\"@id\":\"https:\\\/\\\/ledsolintel.com\\\/product\\\/lampara-portatil-led-lievo-35w-de-beneito-faure\\\/#primaryimage\"},\"image\":{\"@id\":\"https:\\\/\\\/ledsolintel.com\\\/product\\\/lampara-portatil-led-lievo-35w-de-beneito-faure\\\/#primaryimage\"},\"thumbnailUrl\":\"https:\\\/\\\/ledsolintel.com\\\/wp-content\\\/uploads\\\/2023\\\/08\\\/20687-Lampara-portatil-LED-LIEVO-3.5W-de-Beneito-Faure.jpg\",\"datePublished\":\"2023-08-15T17:03:53+00:00\",\"description\":\"L\u00e1mpara port\u00e1til LED LIEVO 3.5W de Beneito Faure. Resistente al polvo y las salpicaduras, para iluminaci\u00f3n exterior e interior. Carga por USB.\",\"breadcrumb\":{\"@id\":\"https:\\\/\\\/ledsolintel.com\\\/product\\\/lampara-portatil-led-lievo-35w-de-beneito-faure\\\/#breadcrumb\"},\"inLanguage\":\"fr-FR\",\"potentialAction\":[{\"@type\":\"ReadAction\",\"target\":[\"https:\\\/\\\/ledsolintel.com\\\/product\\\/lampara-portatil-led-lievo-35w-de-beneito-faure\\\/\"]}]},{\"@type\":\"ImageObject\",\"inLanguage\":\"fr-FR\",\"@id\":\"https:\\\/\\\/ledsolintel.com\\\/product\\\/lampara-portatil-led-lievo-35w-de-beneito-faure\\\/#primaryimage\",\"url\":\"https:\\\/\\\/ledsolintel.com\\\/wp-content\\\/uploads\\\/2023\\\/08\\\/20687-Lampara-portatil-LED-LIEVO-3.5W-de-Beneito-Faure.jpg\",\"contentUrl\":\"https:\\\/\\\/ledsolintel.com\\\/wp-content\\\/uploads\\\/2023\\\/08\\\/20687-Lampara-portatil-LED-LIEVO-3.5W-de-Beneito-Faure.jpg\",\"caption\":\"L\u00e1mpara port\u00e1til LED LIEVO 3.5W de Beneito Faure\"},{\"@type\":\"BreadcrumbList\",\"@id\":\"https:\\\/\\\/ledsolintel.com\\\/product\\\/lampara-portatil-led-lievo-35w-de-beneito-faure\\\/#breadcrumb\",\"itemListElement\":[{\"@type\":\"ListItem\",\"position\":1,\"name\":\"Portada\",\"item\":\"https:\\\/\\\/ledsolintel.com\\\/fr\\\/\"},{\"@type\":\"ListItem\",\"position\":2,\"name\":\"Tienda\",\"item\":\"https:\\\/\\\/ledsolintel.com\\\/tienda\\\/\"},{\"@type\":\"ListItem\",\"position\":3,\"name\":\"L\u00e1mpara port\u00e1til LED LIEVO 3.5W de Beneito Faure\"}]},{\"@type\":\"WebSite\",\"@id\":\"https:\\\/\\\/ledsolintel.com\\\/#website\",\"url\":\"https:\\\/\\\/ledsolintel.com\\\/\",\"name\":\"Webmenaje\",\"description\":\"Tienda de bombillas y l\u00e1mparas LED para profesionales\",\"publisher\":{\"@id\":\"https:\\\/\\\/ledsolintel.com\\\/#organization\"},\"potentialAction\":[{\"@type\":\"SearchAction\",\"target\":{\"@type\":\"EntryPoint\",\"urlTemplate\":\"https:\\\/\\\/ledsolintel.com\\\/?s={search_term_string}\"},\"query-input\":{\"@type\":\"PropertyValueSpecification\",\"valueRequired\":true,\"valueName\":\"search_term_string\"}}],\"inLanguage\":\"fr-FR\"},{\"@type\":\"Organization\",\"@id\":\"https:\\\/\\\/ledsolintel.com\\\/#organization\",\"name\":\"Solintel Noroeste, S.L.\",\"url\":\"https:\\\/\\\/ledsolintel.com\\\/\",\"logo\":{\"@type\":\"ImageObject\",\"inLanguage\":\"fr-FR\",\"@id\":\"https:\\\/\\\/ledsolintel.com\\\/#\\\/schema\\\/logo\\\/image\\\/\",\"url\":\"https:\\\/\\\/ledsolintel.com\\\/wp-content\\\/uploads\\\/2024\\\/11\\\/webmenaje-logo-1508269066.jpg\",\"contentUrl\":\"https:\\\/\\\/ledsolintel.com\\\/wp-content\\\/uploads\\\/2024\\\/11\\\/webmenaje-logo-1508269066.jpg\",\"width\":370,\"height\":90,\"caption\":\"Solintel Noroeste, S.L.\"},\"image\":{\"@id\":\"https:\\\/\\\/ledsolintel.com\\\/#\\\/schema\\\/logo\\\/image\\\/\"},\"sameAs\":[\"http:\\\/\\\/www.facebook.com\\\/webmenaje\",\"https:\\\/\\\/x.com\\\/webmenaje\",\"https:\\\/\\\/www.youtube.com\\\/channel\\\/UCX2KoVoeCG4LocZjUc6LmSQ\",\"http:\\\/\\\/www.pinterest.com\\\/webmenaje\"]}]}<\/script>\n<!-- \/ Yoast SEO plugin. -->","yoast_head_json":{"title":"Lampe portable LIEVO 3.5W LED par Beneito Faure","description":"Lampe LED portable LIEVO 3.5W par Beneito Faure. R\u00e9sistante \u00e0 la poussi\u00e8re et aux \u00e9claboussures, pour l'\u00e9clairage ext\u00e9rieur et int\u00e9rieur. Chargement par USB.","robots":{"index":"index","follow":"follow","max-snippet":"max-snippet:-1","max-image-preview":"max-image-preview:large","max-video-preview":"max-video-preview:-1"},"canonical":"https:\/\/ledsolintel.com\/fr\/produit-2\/lievo-35w-led-portable-lamp-by-beneito-faure\/","og_locale":"fr_FR","og_type":"article","og_title":"L\u00e1mpara port\u00e1til LED LIEVO 3.5W de Beneito Faure","og_description":"L\u00e1mpara port\u00e1til LED LIEVO 3.5W de Beneito Faure. Resistente al polvo y las salpicaduras, para iluminaci\u00f3n exterior e interior. Carga por USB.","og_url":"https:\/\/ledsolintel.com\/fr\/produit-2\/lievo-35w-led-portable-lamp-by-beneito-faure\/","og_site_name":"Ledsolintel","article_publisher":"http:\/\/www.facebook.com\/webmenaje","og_image":[{"url":"https:\/\/ledsolintel.com\/wp-content\/uploads\/2023\/08\/20687-Lampara-portatil-LED-LIEVO-3.5W-de-Beneito-Faure.jpg","width":1,"height":1,"type":"image\/jpeg"}],"twitter_card":"summary_large_image","twitter_site":"@webmenaje","schema":{"@context":"https:\/\/schema.org","@graph":[{"@type":"WebPage","@id":"https:\/\/ledsolintel.com\/product\/lampara-portatil-led-lievo-35w-de-beneito-faure\/","url":"https:\/\/ledsolintel.com\/product\/lampara-portatil-led-lievo-35w-de-beneito-faure\/","name":"Lampe portable LIEVO 3.5W LED par Beneito Faure","isPartOf":{"@id":"https:\/\/ledsolintel.com\/#website"},"primaryImageOfPage":{"@id":"https:\/\/ledsolintel.com\/product\/lampara-portatil-led-lievo-35w-de-beneito-faure\/#primaryimage"},"image":{"@id":"https:\/\/ledsolintel.com\/product\/lampara-portatil-led-lievo-35w-de-beneito-faure\/#primaryimage"},"thumbnailUrl":"https:\/\/ledsolintel.com\/wp-content\/uploads\/2023\/08\/20687-Lampara-portatil-LED-LIEVO-3.5W-de-Beneito-Faure.jpg","datePublished":"2023-08-15T17:03:53+00:00","description":"Lampe LED portable LIEVO 3.5W par Beneito Faure. R\u00e9sistante \u00e0 la poussi\u00e8re et aux \u00e9claboussures, pour l'\u00e9clairage ext\u00e9rieur et int\u00e9rieur. Chargement par USB.","breadcrumb":{"@id":"https:\/\/ledsolintel.com\/product\/lampara-portatil-led-lievo-35w-de-beneito-faure\/#breadcrumb"},"inLanguage":"fr-FR","potentialAction":[{"@type":"ReadAction","target":["https:\/\/ledsolintel.com\/product\/lampara-portatil-led-lievo-35w-de-beneito-faure\/"]}]},{"@type":"ImageObject","inLanguage":"fr-FR","@id":"https:\/\/ledsolintel.com\/product\/lampara-portatil-led-lievo-35w-de-beneito-faure\/#primaryimage","url":"https:\/\/ledsolintel.com\/wp-content\/uploads\/2023\/08\/20687-Lampara-portatil-LED-LIEVO-3.5W-de-Beneito-Faure.jpg","contentUrl":"https:\/\/ledsolintel.com\/wp-content\/uploads\/2023\/08\/20687-Lampara-portatil-LED-LIEVO-3.5W-de-Beneito-Faure.jpg","caption":"L\u00e1mpara port\u00e1til LED LIEVO 3.5W de Beneito Faure"},{"@type":"BreadcrumbList","@id":"https:\/\/ledsolintel.com\/product\/lampara-portatil-led-lievo-35w-de-beneito-faure\/#breadcrumb","itemListElement":[{"@type":"ListItem","position":1,"name":"Portada","item":"https:\/\/ledsolintel.com\/fr\/"},{"@type":"ListItem","position":2,"name":"Tienda","item":"https:\/\/ledsolintel.com\/tienda\/"},{"@type":"ListItem","position":3,"name":"L\u00e1mpara port\u00e1til LED LIEVO 3.5W de Beneito Faure"}]},{"@type":"WebSite","@id":"https:\/\/ledsolintel.com\/#website","url":"https:\/\/ledsolintel.com\/","name":"Webmenaje","description":"Magasin d'ampoules et de lampes LED pour les professionnels","publisher":{"@id":"https:\/\/ledsolintel.com\/#organization"},"potentialAction":[{"@type":"SearchAction","target":{"@type":"EntryPoint","urlTemplate":"https:\/\/ledsolintel.com\/?s={search_term_string}"},"query-input":{"@type":"PropertyValueSpecification","valueRequired":true,"valueName":"search_term_string"}}],"inLanguage":"fr-FR"},{"@type":"Organization","@id":"https:\/\/ledsolintel.com\/#organization","name":"Solintel Noroeste, S.L.","url":"https:\/\/ledsolintel.com\/","logo":{"@type":"ImageObject","inLanguage":"fr-FR","@id":"https:\/\/ledsolintel.com\/#\/schema\/logo\/image\/","url":"https:\/\/ledsolintel.com\/wp-content\/uploads\/2024\/11\/webmenaje-logo-1508269066.jpg","contentUrl":"https:\/\/ledsolintel.com\/wp-content\/uploads\/2024\/11\/webmenaje-logo-1508269066.jpg","width":370,"height":90,"caption":"Solintel Noroeste, S.L."},"image":{"@id":"https:\/\/ledsolintel.com\/#\/schema\/logo\/image\/"},"sameAs":["http:\/\/www.facebook.com\/webmenaje","https:\/\/x.com\/webmenaje","https:\/\/www.youtube.com\/channel\/UCX2KoVoeCG4LocZjUc6LmSQ","http:\/\/www.pinterest.com\/webmenaje"]}]}},"_links":{"self":[{"href":"https:\/\/ledsolintel.com\/fr\/wp-json\/wp\/v2\/product\/246678","targetHints":{"allow":["GET"]}}],"collection":[{"href":"https:\/\/ledsolintel.com\/fr\/wp-json\/wp\/v2\/product"}],"about":[{"href":"https:\/\/ledsolintel.com\/fr\/wp-json\/wp\/v2\/types\/product"}],"version-history":[{"count":0,"href":"https:\/\/ledsolintel.com\/fr\/wp-json\/wp\/v2\/product\/246678\/revisions"}],"wp:featuredmedia":[{"embeddable":true,"href":"https:\/\/ledsolintel.com\/fr\/wp-json\/wp\/v2\/media\/246674"}],"wp:attachment":[{"href":"https:\/\/ledsolintel.com\/fr\/wp-json\/wp\/v2\/media?parent=246678"}],"wp:term":[{"taxonomy":"product_brand","embeddable":true,"href":"https:\/\/ledsolintel.com\/fr\/wp-json\/wp\/v2\/product_brand?post=246678"},{"taxonomy":"product_cat","embeddable":true,"href":"https:\/\/ledsolintel.com\/fr\/wp-json\/wp\/v2\/product_cat?post=246678"},{"taxonomy":"product_tag","embeddable":true,"href":"https:\/\/ledsolintel.com\/fr\/wp-json\/wp\/v2\/product_tag?post=246678"}],"curies":[{"name":"wp","href":"https:\/\/api.w.org\/{rel}","templated":true}]}}