{"id":246631,"date":"2023-07-06T13:57:49","date_gmt":"2023-07-06T11:57:49","guid":{"rendered":"https:\/\/nueva.ledsolintel.com\/product\/carril-magnetico-de-superficie-3-cm-de-altura-de-mantra\/"},"modified":"2023-07-06T13:57:49","modified_gmt":"2023-07-06T11:57:49","slug":"carril-magnetico-de-superficie-3-cm-de-altura-de-mantra","status":"publish","type":"product","link":"https:\/\/ledsolintel.com\/fr\/produit-2\/carril-magnetico-de-superficie-3-cm-de-altura-de-mantra\/","title":{"rendered":"Rail de surface magn\u00e9tique 3 cm de Mantra"},"content":{"rendered":"<p>Carril magn\u00e9tico de superficie de Mantra. 48V, para usar con l\u00e1mparas magn\u00e9ticas en decoraci\u00f3n de interiores e iluminaci\u00f3n profesional.<\/p>\n<p>Sa conception modulaire permet de connecter plusieurs rails pour l'adapter \u00e0 des formes et des espaces vari\u00e9s.<\/p>\n<p>Altura: 3 cm<\/p>\n<p>\u00a0<\/p>\n<p><strong>Attention :<\/strong> Les rails magn\u00e9tiques n\u00e9cessitent divers accessoires pour fonctionner correctement. N'h\u00e9sitez pas \u00e0 nous contacter si vous avez besoin d'informations et d'un devis personnalis\u00e9.<\/p>","protected":false},"excerpt":{"rendered":"<p>Carril magn\u00e9tico de superficie de Mantra. 48V, para usar con l\u00e1mparas magn\u00e9ticas en decoraci\u00f3n de interiores e iluminaci\u00f3n profesional.<\/p>","protected":false},"featured_media":246628,"template":"","meta":[],"product_brand":[99385],"product_cat":[99609,100461,99573,99915],"product_tag":[],"class_list":{"0":"post-246631","1":"product","2":"type-product","3":"status-publish","4":"has-post-thumbnail","6":"product_brand-mantra","7":"product_cat-iluminacion-tecnica","8":"product_cat-carriles-magneticos-y-accesorios","9":"product_cat-iluminacion-interior","10":"product_cat-carril-magnetico","11":"pa_tamano-2m","12":"pa_tamano-1m","15":"instock","16":"taxable","17":"shipping-taxable","18":"purchasable","19":"product-type-variable","20":"has-default-attributes"},"yoast_head":"<!-- This site is optimized with the Yoast SEO plugin v26.6 - https:\/\/yoast.com\/wordpress\/plugins\/seo\/ -->\n<title>Carril magn\u00e9tico de superficie 3 cm de altura de Mantra<\/title>\n<meta name=\"description\" content=\"Carril magn\u00e9tico de superficie de Mantra. 48V, para usar con l\u00e1mparas magn\u00e9ticas en decoraci\u00f3n de interiores e iluminaci\u00f3n profesional.\" \/>\n<meta name=\"robots\" content=\"index, follow, max-snippet:-1, max-image-preview:large, max-video-preview:-1\" \/>\n<link rel=\"canonical\" href=\"https:\/\/ledsolintel.com\/fr\/produit-2\/carril-magnetico-de-superficie-3-cm-de-altura-de-mantra\/\" \/>\n<meta property=\"og:locale\" content=\"fr_FR\" \/>\n<meta property=\"og:type\" content=\"article\" \/>\n<meta property=\"og:title\" content=\"Carril magn\u00e9tico de superficie 3 cm de altura de Mantra\" \/>\n<meta property=\"og:description\" content=\"Carril magn\u00e9tico de superficie de Mantra. 48V, para usar con l\u00e1mparas magn\u00e9ticas en decoraci\u00f3n de interiores e iluminaci\u00f3n profesional.\" \/>\n<meta property=\"og:url\" content=\"https:\/\/ledsolintel.com\/fr\/produit-2\/carril-magnetico-de-superficie-3-cm-de-altura-de-mantra\/\" \/>\n<meta property=\"og:site_name\" content=\"Ledsolintel\" \/>\n<meta property=\"article:publisher\" content=\"http:\/\/www.facebook.com\/webmenaje\" \/>\n<meta property=\"og:image\" content=\"https:\/\/ledsolintel.com\/wp-content\/uploads\/2023\/07\/20605-Carril-magnetico-de-superficie-3-cm-de-altura-de-Mantra.jpg\" \/>\n\t<meta property=\"og:image:width\" content=\"1\" \/>\n\t<meta property=\"og:image:height\" content=\"1\" \/>\n\t<meta property=\"og:image:type\" content=\"image\/jpeg\" \/>\n<meta name=\"twitter:card\" content=\"summary_large_image\" \/>\n<meta name=\"twitter:site\" content=\"@webmenaje\" \/>\n<script type=\"application\/ld+json\" class=\"yoast-schema-graph\">{\"@context\":\"https:\/\/schema.org\",\"@graph\":[{\"@type\":\"WebPage\",\"@id\":\"https:\/\/ledsolintel.com\/product\/carril-magnetico-de-superficie-3-cm-de-altura-de-mantra\/\",\"url\":\"https:\/\/ledsolintel.com\/product\/carril-magnetico-de-superficie-3-cm-de-altura-de-mantra\/\",\"name\":\"Carril magn\u00e9tico de superficie 3 cm de altura de Mantra\",\"isPartOf\":{\"@id\":\"https:\/\/ledsolintel.com\/#website\"},\"primaryImageOfPage\":{\"@id\":\"https:\/\/ledsolintel.com\/product\/carril-magnetico-de-superficie-3-cm-de-altura-de-mantra\/#primaryimage\"},\"image\":{\"@id\":\"https:\/\/ledsolintel.com\/product\/carril-magnetico-de-superficie-3-cm-de-altura-de-mantra\/#primaryimage\"},\"thumbnailUrl\":\"https:\/\/ledsolintel.com\/wp-content\/uploads\/2023\/07\/20605-Carril-magnetico-de-superficie-3-cm-de-altura-de-Mantra.jpg\",\"datePublished\":\"2023-07-06T11:57:49+00:00\",\"description\":\"Carril magn\u00e9tico de superficie de Mantra. 48V, para usar con l\u00e1mparas magn\u00e9ticas en decoraci\u00f3n de interiores e iluminaci\u00f3n profesional.\",\"breadcrumb\":{\"@id\":\"https:\/\/ledsolintel.com\/product\/carril-magnetico-de-superficie-3-cm-de-altura-de-mantra\/#breadcrumb\"},\"inLanguage\":\"fr-FR\",\"potentialAction\":[{\"@type\":\"ReadAction\",\"target\":[\"https:\/\/ledsolintel.com\/product\/carril-magnetico-de-superficie-3-cm-de-altura-de-mantra\/\"]}]},{\"@type\":\"ImageObject\",\"inLanguage\":\"fr-FR\",\"@id\":\"https:\/\/ledsolintel.com\/product\/carril-magnetico-de-superficie-3-cm-de-altura-de-mantra\/#primaryimage\",\"url\":\"https:\/\/ledsolintel.com\/wp-content\/uploads\/2023\/07\/20605-Carril-magnetico-de-superficie-3-cm-de-altura-de-Mantra.jpg\",\"contentUrl\":\"https:\/\/ledsolintel.com\/wp-content\/uploads\/2023\/07\/20605-Carril-magnetico-de-superficie-3-cm-de-altura-de-Mantra.jpg\",\"caption\":\"Carril magn\u00e9tico de superficie 3 cm de altura de Mantra\"},{\"@type\":\"BreadcrumbList\",\"@id\":\"https:\/\/ledsolintel.com\/product\/carril-magnetico-de-superficie-3-cm-de-altura-de-mantra\/#breadcrumb\",\"itemListElement\":[{\"@type\":\"ListItem\",\"position\":1,\"name\":\"Portada\",\"item\":\"https:\/\/ledsolintel.com\/fr\/\"},{\"@type\":\"ListItem\",\"position\":2,\"name\":\"Tienda\",\"item\":\"https:\/\/ledsolintel.com\/tienda\/\"},{\"@type\":\"ListItem\",\"position\":3,\"name\":\"Carril magn\u00e9tico de superficie 3 cm de Mantra\"}]},{\"@type\":\"WebSite\",\"@id\":\"https:\/\/ledsolintel.com\/#website\",\"url\":\"https:\/\/ledsolintel.com\/\",\"name\":\"Webmenaje\",\"description\":\"Tienda de bombillas y l\u00e1mparas LED para profesionales\",\"publisher\":{\"@id\":\"https:\/\/ledsolintel.com\/#organization\"},\"potentialAction\":[{\"@type\":\"SearchAction\",\"target\":{\"@type\":\"EntryPoint\",\"urlTemplate\":\"https:\/\/ledsolintel.com\/?s={search_term_string}\"},\"query-input\":{\"@type\":\"PropertyValueSpecification\",\"valueRequired\":true,\"valueName\":\"search_term_string\"}}],\"inLanguage\":\"fr-FR\"},{\"@type\":\"Organization\",\"@id\":\"https:\/\/ledsolintel.com\/#organization\",\"name\":\"Solintel Noroeste, S.L.\",\"url\":\"https:\/\/ledsolintel.com\/\",\"logo\":{\"@type\":\"ImageObject\",\"inLanguage\":\"fr-FR\",\"@id\":\"https:\/\/ledsolintel.com\/#\/schema\/logo\/image\/\",\"url\":\"https:\/\/ledsolintel.com\/wp-content\/uploads\/2024\/11\/webmenaje-logo-1508269066.jpg\",\"contentUrl\":\"https:\/\/ledsolintel.com\/wp-content\/uploads\/2024\/11\/webmenaje-logo-1508269066.jpg\",\"width\":370,\"height\":90,\"caption\":\"Solintel Noroeste, S.L.\"},\"image\":{\"@id\":\"https:\/\/ledsolintel.com\/#\/schema\/logo\/image\/\"},\"sameAs\":[\"http:\/\/www.facebook.com\/webmenaje\",\"https:\/\/x.com\/webmenaje\",\"https:\/\/www.youtube.com\/channel\/UCX2KoVoeCG4LocZjUc6LmSQ\",\"http:\/\/www.pinterest.com\/webmenaje\"]}]}<\/script>\n<!-- \/ Yoast SEO plugin. -->","yoast_head_json":{"title":"Rail de surface magn\u00e9tique de 3 cm de haut par Mantra","description":"Carril magn\u00e9tico de superficie de Mantra. 48V, para usar con l\u00e1mparas magn\u00e9ticas en decoraci\u00f3n de interiores e iluminaci\u00f3n profesional.","robots":{"index":"index","follow":"follow","max-snippet":"max-snippet:-1","max-image-preview":"max-image-preview:large","max-video-preview":"max-video-preview:-1"},"canonical":"https:\/\/ledsolintel.com\/fr\/produit-2\/carril-magnetico-de-superficie-3-cm-de-altura-de-mantra\/","og_locale":"fr_FR","og_type":"article","og_title":"Carril magn\u00e9tico de superficie 3 cm de altura de Mantra","og_description":"Carril magn\u00e9tico de superficie de Mantra. 48V, para usar con l\u00e1mparas magn\u00e9ticas en decoraci\u00f3n de interiores e iluminaci\u00f3n profesional.","og_url":"https:\/\/ledsolintel.com\/fr\/produit-2\/carril-magnetico-de-superficie-3-cm-de-altura-de-mantra\/","og_site_name":"Ledsolintel","article_publisher":"http:\/\/www.facebook.com\/webmenaje","og_image":[{"url":"https:\/\/ledsolintel.com\/wp-content\/uploads\/2023\/07\/20605-Carril-magnetico-de-superficie-3-cm-de-altura-de-Mantra.jpg","width":1,"height":1,"type":"image\/jpeg"}],"twitter_card":"summary_large_image","twitter_site":"@webmenaje","schema":{"@context":"https:\/\/schema.org","@graph":[{"@type":"WebPage","@id":"https:\/\/ledsolintel.com\/product\/carril-magnetico-de-superficie-3-cm-de-altura-de-mantra\/","url":"https:\/\/ledsolintel.com\/product\/carril-magnetico-de-superficie-3-cm-de-altura-de-mantra\/","name":"Rail de surface magn\u00e9tique de 3 cm de haut par Mantra","isPartOf":{"@id":"https:\/\/ledsolintel.com\/#website"},"primaryImageOfPage":{"@id":"https:\/\/ledsolintel.com\/product\/carril-magnetico-de-superficie-3-cm-de-altura-de-mantra\/#primaryimage"},"image":{"@id":"https:\/\/ledsolintel.com\/product\/carril-magnetico-de-superficie-3-cm-de-altura-de-mantra\/#primaryimage"},"thumbnailUrl":"https:\/\/ledsolintel.com\/wp-content\/uploads\/2023\/07\/20605-Carril-magnetico-de-superficie-3-cm-de-altura-de-Mantra.jpg","datePublished":"2023-07-06T11:57:49+00:00","description":"Carril magn\u00e9tico de superficie de Mantra. 48V, para usar con l\u00e1mparas magn\u00e9ticas en decoraci\u00f3n de interiores e iluminaci\u00f3n profesional.","breadcrumb":{"@id":"https:\/\/ledsolintel.com\/product\/carril-magnetico-de-superficie-3-cm-de-altura-de-mantra\/#breadcrumb"},"inLanguage":"fr-FR","potentialAction":[{"@type":"ReadAction","target":["https:\/\/ledsolintel.com\/product\/carril-magnetico-de-superficie-3-cm-de-altura-de-mantra\/"]}]},{"@type":"ImageObject","inLanguage":"fr-FR","@id":"https:\/\/ledsolintel.com\/product\/carril-magnetico-de-superficie-3-cm-de-altura-de-mantra\/#primaryimage","url":"https:\/\/ledsolintel.com\/wp-content\/uploads\/2023\/07\/20605-Carril-magnetico-de-superficie-3-cm-de-altura-de-Mantra.jpg","contentUrl":"https:\/\/ledsolintel.com\/wp-content\/uploads\/2023\/07\/20605-Carril-magnetico-de-superficie-3-cm-de-altura-de-Mantra.jpg","caption":"Carril magn\u00e9tico de superficie 3 cm de altura de Mantra"},{"@type":"BreadcrumbList","@id":"https:\/\/ledsolintel.com\/product\/carril-magnetico-de-superficie-3-cm-de-altura-de-mantra\/#breadcrumb","itemListElement":[{"@type":"ListItem","position":1,"name":"Portada","item":"https:\/\/ledsolintel.com\/fr\/"},{"@type":"ListItem","position":2,"name":"Tienda","item":"https:\/\/ledsolintel.com\/tienda\/"},{"@type":"ListItem","position":3,"name":"Carril magn\u00e9tico de superficie 3 cm de Mantra"}]},{"@type":"WebSite","@id":"https:\/\/ledsolintel.com\/#website","url":"https:\/\/ledsolintel.com\/","name":"Webmenaje","description":"Magasin d'ampoules et de lampes LED pour les professionnels","publisher":{"@id":"https:\/\/ledsolintel.com\/#organization"},"potentialAction":[{"@type":"SearchAction","target":{"@type":"EntryPoint","urlTemplate":"https:\/\/ledsolintel.com\/?s={search_term_string}"},"query-input":{"@type":"PropertyValueSpecification","valueRequired":true,"valueName":"search_term_string"}}],"inLanguage":"fr-FR"},{"@type":"Organization","@id":"https:\/\/ledsolintel.com\/#organization","name":"Solintel Noroeste, S.L.","url":"https:\/\/ledsolintel.com\/","logo":{"@type":"ImageObject","inLanguage":"fr-FR","@id":"https:\/\/ledsolintel.com\/#\/schema\/logo\/image\/","url":"https:\/\/ledsolintel.com\/wp-content\/uploads\/2024\/11\/webmenaje-logo-1508269066.jpg","contentUrl":"https:\/\/ledsolintel.com\/wp-content\/uploads\/2024\/11\/webmenaje-logo-1508269066.jpg","width":370,"height":90,"caption":"Solintel Noroeste, S.L."},"image":{"@id":"https:\/\/ledsolintel.com\/#\/schema\/logo\/image\/"},"sameAs":["http:\/\/www.facebook.com\/webmenaje","https:\/\/x.com\/webmenaje","https:\/\/www.youtube.com\/channel\/UCX2KoVoeCG4LocZjUc6LmSQ","http:\/\/www.pinterest.com\/webmenaje"]}]}},"_links":{"self":[{"href":"https:\/\/ledsolintel.com\/fr\/wp-json\/wp\/v2\/product\/246631","targetHints":{"allow":["GET"]}}],"collection":[{"href":"https:\/\/ledsolintel.com\/fr\/wp-json\/wp\/v2\/product"}],"about":[{"href":"https:\/\/ledsolintel.com\/fr\/wp-json\/wp\/v2\/types\/product"}],"version-history":[{"count":0,"href":"https:\/\/ledsolintel.com\/fr\/wp-json\/wp\/v2\/product\/246631\/revisions"}],"wp:featuredmedia":[{"embeddable":true,"href":"https:\/\/ledsolintel.com\/fr\/wp-json\/wp\/v2\/media\/246628"}],"wp:attachment":[{"href":"https:\/\/ledsolintel.com\/fr\/wp-json\/wp\/v2\/media?parent=246631"}],"wp:term":[{"taxonomy":"product_brand","embeddable":true,"href":"https:\/\/ledsolintel.com\/fr\/wp-json\/wp\/v2\/product_brand?post=246631"},{"taxonomy":"product_cat","embeddable":true,"href":"https:\/\/ledsolintel.com\/fr\/wp-json\/wp\/v2\/product_cat?post=246631"},{"taxonomy":"product_tag","embeddable":true,"href":"https:\/\/ledsolintel.com\/fr\/wp-json\/wp\/v2\/product_tag?post=246631"}],"curies":[{"name":"wp","href":"https:\/\/api.w.org\/{rel}","templated":true}]}}