{"id":246558,"date":"2023-07-03T12:46:09","date_gmt":"2023-07-03T10:46:09","guid":{"rendered":"https:\/\/nueva.ledsolintel.com\/product\/foco-lineal-de-carril-magnetico-magneto-10w-dimmable-triac-de-mantra\/"},"modified":"2023-07-03T12:46:09","modified_gmt":"2023-07-03T10:46:09","slug":"foco-lineal-de-carril-magnetico-magneto-10w-dimmable-triac-de-mantra","status":"publish","type":"product","link":"https:\/\/ledsolintel.com\/fr\/produit-2\/foco-lineal-de-carril-magnetico-magneto-10w-dimmable-triac-de-mantra\/","title":{"rendered":"Mantra MAGNETO 10W dimmable TRIAC magnetic linear track spotlight TRIAC by Mantra"},"content":{"rendered":"<p>Mantra MAGNETO 10W dimmable TRIAC magnetic linear track spotlight TRIAC by Mantra<\/p>\n<p>\u00a0<\/p>\n<ul>\n<li>Puissance : 10 W<\/li>\n<li>Tension : 48 V \/ 50-60 Hz<\/li>\n<li>Luminosit\u00e9 : 800 lm<\/li>\n<li>CCT : 3000 K<\/li>\n<li>Optique : 50 \u00ba<\/li>\n<li>IRC &gt; 90<\/li>\n<li>Dur\u00e9e de vie : 30 000 h<\/li>\n<li>IP20<\/li>\n<li>UGR &lt; 19<\/li>\n<li>TRIAC \u00e0 gradation<\/li>\n<\/ul>","protected":false},"excerpt":{"rendered":"<p>Spot sur rail magn\u00e9tique MAGNETO 10W dimmable TRIAC de Mantra. 48V, installation facile sans installation. Eclairage d\u00e9coratif d'int\u00e9rieur et \u00e9clairage de zone.<\/p>","protected":false},"featured_media":246556,"template":"","meta":[],"product_brand":[99385],"product_cat":[99915,99573,99609,99593,99931],"product_tag":[],"class_list":{"0":"post-246558","1":"product","2":"type-product","3":"status-publish","4":"has-post-thumbnail","6":"product_brand-mantra","7":"product_cat-carril-magnetico","8":"product_cat-iluminacion-interior","9":"product_cat-iluminacion-tecnica","10":"product_cat-lamparas-dimmables","11":"product_cat-luminarias-de-carril-magnetico","14":"instock","15":"taxable","16":"shipping-taxable","17":"purchasable","18":"product-type-simple"},"yoast_head":"<!-- This site is optimized with the Yoast SEO plugin v27.4 - https:\/\/yoast.com\/product\/yoast-seo-wordpress\/ -->\n<title>Foco lineal de carril magn\u00e9tico MAGNETO 10W dimmable TRIAC de Mantra<\/title>\n<meta name=\"description\" content=\"Foco lineal de carril magn\u00e9tico MAGNETO 10W dimmable TRIAC de Mantra. 48V, colocaci\u00f3n sencilla sin instalaciones. Iluminaci\u00f3n decorativa y zonal en interiores.\" \/>\n<meta name=\"robots\" content=\"index, follow, max-snippet:-1, max-image-preview:large, max-video-preview:-1\" \/>\n<link rel=\"canonical\" href=\"https:\/\/ledsolintel.com\/fr\/produit-2\/foco-lineal-de-carril-magnetico-magneto-10w-dimmable-triac-de-mantra\/\" \/>\n<meta property=\"og:locale\" content=\"fr_FR\" \/>\n<meta property=\"og:type\" content=\"article\" \/>\n<meta property=\"og:title\" content=\"Foco lineal de carril magn\u00e9tico MAGNETO 10W dimmable TRIAC de Mantra\" \/>\n<meta property=\"og:description\" content=\"Foco lineal de carril magn\u00e9tico MAGNETO 10W dimmable TRIAC de Mantra. 48V, colocaci\u00f3n sencilla sin instalaciones. Iluminaci\u00f3n decorativa y zonal en interiores.\" \/>\n<meta property=\"og:url\" content=\"https:\/\/ledsolintel.com\/fr\/produit-2\/foco-lineal-de-carril-magnetico-magneto-10w-dimmable-triac-de-mantra\/\" \/>\n<meta property=\"og:site_name\" content=\"Ledsolintel\" \/>\n<meta property=\"article:publisher\" content=\"http:\/\/www.facebook.com\/webmenaje\" \/>\n<meta property=\"og:image\" content=\"https:\/\/ledsolintel.com\/wp-content\/uploads\/2023\/07\/20535-Foco-lineal-de-carril-magnetico-MAGNETO-10W-de-Mantra.jpg\" \/>\n\t<meta property=\"og:image:width\" content=\"1\" \/>\n\t<meta property=\"og:image:height\" content=\"1\" \/>\n\t<meta property=\"og:image:type\" content=\"image\/jpeg\" \/>\n<meta name=\"twitter:card\" content=\"summary_large_image\" \/>\n<meta name=\"twitter:site\" content=\"@webmenaje\" \/>\n<script type=\"application\/ld+json\" class=\"yoast-schema-graph\">{\"@context\":\"https:\\\/\\\/schema.org\",\"@graph\":[{\"@type\":\"WebPage\",\"@id\":\"https:\\\/\\\/ledsolintel.com\\\/product\\\/foco-lineal-de-carril-magnetico-magneto-10w-dimmable-triac-de-mantra\\\/\",\"url\":\"https:\\\/\\\/ledsolintel.com\\\/product\\\/foco-lineal-de-carril-magnetico-magneto-10w-dimmable-triac-de-mantra\\\/\",\"name\":\"Foco lineal de carril magn\u00e9tico MAGNETO 10W dimmable TRIAC de Mantra\",\"isPartOf\":{\"@id\":\"https:\\\/\\\/ledsolintel.com\\\/#website\"},\"primaryImageOfPage\":{\"@id\":\"https:\\\/\\\/ledsolintel.com\\\/product\\\/foco-lineal-de-carril-magnetico-magneto-10w-dimmable-triac-de-mantra\\\/#primaryimage\"},\"image\":{\"@id\":\"https:\\\/\\\/ledsolintel.com\\\/product\\\/foco-lineal-de-carril-magnetico-magneto-10w-dimmable-triac-de-mantra\\\/#primaryimage\"},\"thumbnailUrl\":\"https:\\\/\\\/ledsolintel.com\\\/wp-content\\\/uploads\\\/2023\\\/07\\\/20535-Foco-lineal-de-carril-magnetico-MAGNETO-10W-de-Mantra.jpg\",\"datePublished\":\"2023-07-03T10:46:09+00:00\",\"description\":\"Foco lineal de carril magn\u00e9tico MAGNETO 10W dimmable TRIAC de Mantra. 48V, colocaci\u00f3n sencilla sin instalaciones. Iluminaci\u00f3n decorativa y zonal en interiores.\",\"breadcrumb\":{\"@id\":\"https:\\\/\\\/ledsolintel.com\\\/product\\\/foco-lineal-de-carril-magnetico-magneto-10w-dimmable-triac-de-mantra\\\/#breadcrumb\"},\"inLanguage\":\"fr-FR\",\"potentialAction\":[{\"@type\":\"ReadAction\",\"target\":[\"https:\\\/\\\/ledsolintel.com\\\/product\\\/foco-lineal-de-carril-magnetico-magneto-10w-dimmable-triac-de-mantra\\\/\"]}]},{\"@type\":\"ImageObject\",\"inLanguage\":\"fr-FR\",\"@id\":\"https:\\\/\\\/ledsolintel.com\\\/product\\\/foco-lineal-de-carril-magnetico-magneto-10w-dimmable-triac-de-mantra\\\/#primaryimage\",\"url\":\"https:\\\/\\\/ledsolintel.com\\\/wp-content\\\/uploads\\\/2023\\\/07\\\/20535-Foco-lineal-de-carril-magnetico-MAGNETO-10W-de-Mantra.jpg\",\"contentUrl\":\"https:\\\/\\\/ledsolintel.com\\\/wp-content\\\/uploads\\\/2023\\\/07\\\/20535-Foco-lineal-de-carril-magnetico-MAGNETO-10W-de-Mantra.jpg\",\"caption\":\"Foco lineal de carril magn\u00e9tico MAGNETO 10W de Mantra\"},{\"@type\":\"BreadcrumbList\",\"@id\":\"https:\\\/\\\/ledsolintel.com\\\/product\\\/foco-lineal-de-carril-magnetico-magneto-10w-dimmable-triac-de-mantra\\\/#breadcrumb\",\"itemListElement\":[{\"@type\":\"ListItem\",\"position\":1,\"name\":\"Portada\",\"item\":\"https:\\\/\\\/ledsolintel.com\\\/fr\\\/\"},{\"@type\":\"ListItem\",\"position\":2,\"name\":\"Tienda\",\"item\":\"https:\\\/\\\/ledsolintel.com\\\/tienda\\\/\"},{\"@type\":\"ListItem\",\"position\":3,\"name\":\"Foco lineal de carril magn\u00e9tico MAGNETO 10W dimmable TRIAC de Mantra\"}]},{\"@type\":\"WebSite\",\"@id\":\"https:\\\/\\\/ledsolintel.com\\\/#website\",\"url\":\"https:\\\/\\\/ledsolintel.com\\\/\",\"name\":\"Webmenaje\",\"description\":\"Tienda de bombillas y l\u00e1mparas LED para profesionales\",\"publisher\":{\"@id\":\"https:\\\/\\\/ledsolintel.com\\\/#organization\"},\"potentialAction\":[{\"@type\":\"SearchAction\",\"target\":{\"@type\":\"EntryPoint\",\"urlTemplate\":\"https:\\\/\\\/ledsolintel.com\\\/?s={search_term_string}\"},\"query-input\":{\"@type\":\"PropertyValueSpecification\",\"valueRequired\":true,\"valueName\":\"search_term_string\"}}],\"inLanguage\":\"fr-FR\"},{\"@type\":\"Organization\",\"@id\":\"https:\\\/\\\/ledsolintel.com\\\/#organization\",\"name\":\"Solintel Noroeste, S.L.\",\"url\":\"https:\\\/\\\/ledsolintel.com\\\/\",\"logo\":{\"@type\":\"ImageObject\",\"inLanguage\":\"fr-FR\",\"@id\":\"https:\\\/\\\/ledsolintel.com\\\/#\\\/schema\\\/logo\\\/image\\\/\",\"url\":\"https:\\\/\\\/ledsolintel.com\\\/wp-content\\\/uploads\\\/2024\\\/11\\\/webmenaje-logo-1508269066.jpg\",\"contentUrl\":\"https:\\\/\\\/ledsolintel.com\\\/wp-content\\\/uploads\\\/2024\\\/11\\\/webmenaje-logo-1508269066.jpg\",\"width\":370,\"height\":90,\"caption\":\"Solintel Noroeste, S.L.\"},\"image\":{\"@id\":\"https:\\\/\\\/ledsolintel.com\\\/#\\\/schema\\\/logo\\\/image\\\/\"},\"sameAs\":[\"http:\\\/\\\/www.facebook.com\\\/webmenaje\",\"https:\\\/\\\/x.com\\\/webmenaje\",\"https:\\\/\\\/www.youtube.com\\\/channel\\\/UCX2KoVoeCG4LocZjUc6LmSQ\",\"http:\\\/\\\/www.pinterest.com\\\/webmenaje\"]}]}<\/script>\n<!-- \/ Yoast SEO plugin. -->","yoast_head_json":{"title":"Mantra MAGNETO 10W dimmable TRIAC magnetic linear track spotlight TRIAC by Mantra","description":"Foco lineal de carril magn\u00e9tico MAGNETO 10W dimmable TRIAC de Mantra. 48V, colocaci\u00f3n sencilla sin instalaciones. Iluminaci\u00f3n decorativa y zonal en interiores.","robots":{"index":"index","follow":"follow","max-snippet":"max-snippet:-1","max-image-preview":"max-image-preview:large","max-video-preview":"max-video-preview:-1"},"canonical":"https:\/\/ledsolintel.com\/fr\/produit-2\/foco-lineal-de-carril-magnetico-magneto-10w-dimmable-triac-de-mantra\/","og_locale":"fr_FR","og_type":"article","og_title":"Foco lineal de carril magn\u00e9tico MAGNETO 10W dimmable TRIAC de Mantra","og_description":"Foco lineal de carril magn\u00e9tico MAGNETO 10W dimmable TRIAC de Mantra. 48V, colocaci\u00f3n sencilla sin instalaciones. Iluminaci\u00f3n decorativa y zonal en interiores.","og_url":"https:\/\/ledsolintel.com\/fr\/produit-2\/foco-lineal-de-carril-magnetico-magneto-10w-dimmable-triac-de-mantra\/","og_site_name":"Ledsolintel","article_publisher":"http:\/\/www.facebook.com\/webmenaje","og_image":[{"url":"https:\/\/ledsolintel.com\/wp-content\/uploads\/2023\/07\/20535-Foco-lineal-de-carril-magnetico-MAGNETO-10W-de-Mantra.jpg","width":1,"height":1,"type":"image\/jpeg"}],"twitter_card":"summary_large_image","twitter_site":"@webmenaje","schema":{"@context":"https:\/\/schema.org","@graph":[{"@type":"WebPage","@id":"https:\/\/ledsolintel.com\/product\/foco-lineal-de-carril-magnetico-magneto-10w-dimmable-triac-de-mantra\/","url":"https:\/\/ledsolintel.com\/product\/foco-lineal-de-carril-magnetico-magneto-10w-dimmable-triac-de-mantra\/","name":"Mantra MAGNETO 10W dimmable TRIAC magnetic linear track spotlight TRIAC by Mantra","isPartOf":{"@id":"https:\/\/ledsolintel.com\/#website"},"primaryImageOfPage":{"@id":"https:\/\/ledsolintel.com\/product\/foco-lineal-de-carril-magnetico-magneto-10w-dimmable-triac-de-mantra\/#primaryimage"},"image":{"@id":"https:\/\/ledsolintel.com\/product\/foco-lineal-de-carril-magnetico-magneto-10w-dimmable-triac-de-mantra\/#primaryimage"},"thumbnailUrl":"https:\/\/ledsolintel.com\/wp-content\/uploads\/2023\/07\/20535-Foco-lineal-de-carril-magnetico-MAGNETO-10W-de-Mantra.jpg","datePublished":"2023-07-03T10:46:09+00:00","description":"Foco lineal de carril magn\u00e9tico MAGNETO 10W dimmable TRIAC de Mantra. 48V, colocaci\u00f3n sencilla sin instalaciones. Iluminaci\u00f3n decorativa y zonal en interiores.","breadcrumb":{"@id":"https:\/\/ledsolintel.com\/product\/foco-lineal-de-carril-magnetico-magneto-10w-dimmable-triac-de-mantra\/#breadcrumb"},"inLanguage":"fr-FR","potentialAction":[{"@type":"ReadAction","target":["https:\/\/ledsolintel.com\/product\/foco-lineal-de-carril-magnetico-magneto-10w-dimmable-triac-de-mantra\/"]}]},{"@type":"ImageObject","inLanguage":"fr-FR","@id":"https:\/\/ledsolintel.com\/product\/foco-lineal-de-carril-magnetico-magneto-10w-dimmable-triac-de-mantra\/#primaryimage","url":"https:\/\/ledsolintel.com\/wp-content\/uploads\/2023\/07\/20535-Foco-lineal-de-carril-magnetico-MAGNETO-10W-de-Mantra.jpg","contentUrl":"https:\/\/ledsolintel.com\/wp-content\/uploads\/2023\/07\/20535-Foco-lineal-de-carril-magnetico-MAGNETO-10W-de-Mantra.jpg","caption":"Foco lineal de carril magn\u00e9tico MAGNETO 10W de Mantra"},{"@type":"BreadcrumbList","@id":"https:\/\/ledsolintel.com\/product\/foco-lineal-de-carril-magnetico-magneto-10w-dimmable-triac-de-mantra\/#breadcrumb","itemListElement":[{"@type":"ListItem","position":1,"name":"Portada","item":"https:\/\/ledsolintel.com\/fr\/"},{"@type":"ListItem","position":2,"name":"Tienda","item":"https:\/\/ledsolintel.com\/tienda\/"},{"@type":"ListItem","position":3,"name":"Foco lineal de carril magn\u00e9tico MAGNETO 10W dimmable TRIAC de Mantra"}]},{"@type":"WebSite","@id":"https:\/\/ledsolintel.com\/#website","url":"https:\/\/ledsolintel.com\/","name":"Webmenaje","description":"Magasin d'ampoules et de lampes LED pour les professionnels","publisher":{"@id":"https:\/\/ledsolintel.com\/#organization"},"potentialAction":[{"@type":"SearchAction","target":{"@type":"EntryPoint","urlTemplate":"https:\/\/ledsolintel.com\/?s={search_term_string}"},"query-input":{"@type":"PropertyValueSpecification","valueRequired":true,"valueName":"search_term_string"}}],"inLanguage":"fr-FR"},{"@type":"Organization","@id":"https:\/\/ledsolintel.com\/#organization","name":"Solintel Noroeste, S.L.","url":"https:\/\/ledsolintel.com\/","logo":{"@type":"ImageObject","inLanguage":"fr-FR","@id":"https:\/\/ledsolintel.com\/#\/schema\/logo\/image\/","url":"https:\/\/ledsolintel.com\/wp-content\/uploads\/2024\/11\/webmenaje-logo-1508269066.jpg","contentUrl":"https:\/\/ledsolintel.com\/wp-content\/uploads\/2024\/11\/webmenaje-logo-1508269066.jpg","width":370,"height":90,"caption":"Solintel Noroeste, S.L."},"image":{"@id":"https:\/\/ledsolintel.com\/#\/schema\/logo\/image\/"},"sameAs":["http:\/\/www.facebook.com\/webmenaje","https:\/\/x.com\/webmenaje","https:\/\/www.youtube.com\/channel\/UCX2KoVoeCG4LocZjUc6LmSQ","http:\/\/www.pinterest.com\/webmenaje"]}]}},"_links":{"self":[{"href":"https:\/\/ledsolintel.com\/fr\/wp-json\/wp\/v2\/product\/246558","targetHints":{"allow":["GET"]}}],"collection":[{"href":"https:\/\/ledsolintel.com\/fr\/wp-json\/wp\/v2\/product"}],"about":[{"href":"https:\/\/ledsolintel.com\/fr\/wp-json\/wp\/v2\/types\/product"}],"version-history":[{"count":0,"href":"https:\/\/ledsolintel.com\/fr\/wp-json\/wp\/v2\/product\/246558\/revisions"}],"wp:featuredmedia":[{"embeddable":true,"href":"https:\/\/ledsolintel.com\/fr\/wp-json\/wp\/v2\/media\/246556"}],"wp:attachment":[{"href":"https:\/\/ledsolintel.com\/fr\/wp-json\/wp\/v2\/media?parent=246558"}],"wp:term":[{"taxonomy":"product_brand","embeddable":true,"href":"https:\/\/ledsolintel.com\/fr\/wp-json\/wp\/v2\/product_brand?post=246558"},{"taxonomy":"product_cat","embeddable":true,"href":"https:\/\/ledsolintel.com\/fr\/wp-json\/wp\/v2\/product_cat?post=246558"},{"taxonomy":"product_tag","embeddable":true,"href":"https:\/\/ledsolintel.com\/fr\/wp-json\/wp\/v2\/product_tag?post=246558"}],"curies":[{"name":"wp","href":"https:\/\/api.w.org\/{rel}","templated":true}]}}