{"id":246489,"date":"2023-05-11T14:12:57","date_gmt":"2023-05-11T12:12:57","guid":{"rendered":"https:\/\/nueva.ledsolintel.com\/product\/plafon-led-lua-90cm-70w-cct-regulable-de-roblan\/"},"modified":"2023-05-11T14:12:57","modified_gmt":"2023-05-11T12:12:57","slug":"plafon-led-lua-90cm-70w-cct-regulable-de-roblan","status":"publish","type":"product","link":"https:\/\/ledsolintel.com\/fr\/produit-2\/plafon-led-lua-90cm-70w-cct-regulable-de-roblan\/","title":{"rendered":"Roblan Lampe de plafond LED LUA 90cm 70W dimmable CCT"},"content":{"rendered":"<p>Roblan Lampe de plafond LED LUA 90cm 70W dimmable CCT<\/p>\n<p>\u00a0<\/p>\n<div class=\"elementor-element elementor-element-9b032bc elementor-widget elementor-widget-woocommerce-product-content\" data-id=\"9b032bc\" data-element_type=\"widget\" data-widget_type=\"woocommerce-product-content.default\">\n<div class=\"elementor-widget-container\">\n<p>Le plafonnier LUA peut \u00eatre mont\u00e9 directement sur des plafonds en b\u00e9ton, des plafonds hauts ou m\u00eame des murs. Il peut \u00e9galement \u00eatre l\u00e9g\u00e8rement suspendu \u00e0 l'aide d'un fil de fer ou d'une tige de suspension. Il est parfait pour une utilisation dans les bureaux, car la surface lumineuse est r\u00e9duite \u00e0 l'\u00e9blouissement vers le bas, mais aussi dans les salles de conf\u00e9rence ou de r\u00e9union dans les magasins ou les centres commerciaux, les h\u00f4tels, les supermarch\u00e9s, les restaurants, etc.<\/p>\n<p>Tono de luz regulable, desde blanco c\u00e1lido a blanco fr\u00edo.<\/p>\n<p>\u00a0<\/p>\n<ul>\n<li>Puissance : 70 W<\/li>\n<li>Tension : 220-240 V. 50\/60 Hz<\/li>\n<li>Luminosidad: 2965 lm<\/li>\n<li>CCT : 3000 - 4000 - 5700 (r\u00e9glable)<\/li>\n<li>Optique : 110\u00ba.<\/li>\n<li>PF &gt; 0,9<\/li>\n<li>IRC &gt; 0,8<\/li>\n<li>Protection IP20<\/li>\n<li>Classe d'isolation : II<\/li>\n<li>Dimensiones: 900 x 100 mm<\/li>\n<\/ul><\/div>\n<\/p><\/div>","protected":false},"excerpt":{"rendered":"<p>Plaf\u00f3n LED LUA 90 cm de Roblan. 70W. Luz suave, sin deslumbramiento. Ideal para oficinas, iluminaci\u00f3n comercial y estancias amplias. Instalaci\u00f3n en superficie o suspendida. CCT regulable.<\/p>","protected":false},"featured_media":246488,"template":"","meta":[],"product_brand":[99355],"product_cat":[99573,99909,99679,99595],"product_tag":[],"class_list":{"0":"post-246489","1":"product","2":"type-product","3":"status-publish","4":"has-post-thumbnail","6":"product_brand-roblan","7":"product_cat-iluminacion-interior","8":"product_cat-plafones-de-superficie","9":"product_cat-lamparas-de-techo","10":"product_cat-lamparas-con-color-de-luz-regulable","11":"pa_acabado-blanco","12":"pa_acabado-negro","15":"instock","16":"taxable","17":"shipping-taxable","18":"purchasable","19":"product-type-variable","20":"has-default-attributes"},"yoast_head":"<!-- This site is optimized with the Yoast SEO plugin v26.6 - https:\/\/yoast.com\/wordpress\/plugins\/seo\/ -->\n<title>Plaf\u00f3n LED LUA 90cm 70W CCT regulable de Roblan<\/title>\n<meta name=\"description\" content=\"Plaf\u00f3n LED LUA 90 cm de Roblan. 70W. Luz suave, sin deslumbramiento. Oficinas iluminaci\u00f3n comercial y estancias amplias. Instalaci\u00f3n en superficie o suspendida.\" \/>\n<meta name=\"robots\" content=\"index, follow, max-snippet:-1, max-image-preview:large, max-video-preview:-1\" \/>\n<link rel=\"canonical\" href=\"https:\/\/ledsolintel.com\/fr\/produit-2\/plafon-led-lua-90cm-70w-cct-regulable-de-roblan\/\" \/>\n<meta property=\"og:locale\" content=\"fr_FR\" \/>\n<meta property=\"og:type\" content=\"article\" \/>\n<meta property=\"og:title\" content=\"Plaf\u00f3n LED LUA 90cm 70W CCT regulable de Roblan\" \/>\n<meta property=\"og:description\" content=\"Plaf\u00f3n LED LUA 90 cm de Roblan. 70W. Luz suave, sin deslumbramiento. Oficinas iluminaci\u00f3n comercial y estancias amplias. Instalaci\u00f3n en superficie o suspendida.\" \/>\n<meta property=\"og:url\" content=\"https:\/\/ledsolintel.com\/fr\/produit-2\/plafon-led-lua-90cm-70w-cct-regulable-de-roblan\/\" \/>\n<meta property=\"og:site_name\" content=\"Ledsolintel\" \/>\n<meta property=\"article:publisher\" content=\"http:\/\/www.facebook.com\/webmenaje\" \/>\n<meta property=\"og:image\" content=\"https:\/\/ledsolintel.com\/wp-content\/uploads\/2023\/05\/20478-Plafon-LED-LUA-60cm-CCT-regulable-de-Roblan.jpg\" \/>\n\t<meta property=\"og:image:width\" content=\"1\" \/>\n\t<meta property=\"og:image:height\" content=\"1\" \/>\n\t<meta property=\"og:image:type\" content=\"image\/jpeg\" \/>\n<meta name=\"twitter:card\" content=\"summary_large_image\" \/>\n<meta name=\"twitter:site\" content=\"@webmenaje\" \/>\n<meta name=\"twitter:label1\" content=\"Dur\u00e9e de lecture estim\u00e9e\" \/>\n\t<meta name=\"twitter:data1\" content=\"1 minute\" \/>\n<script type=\"application\/ld+json\" class=\"yoast-schema-graph\">{\"@context\":\"https:\/\/schema.org\",\"@graph\":[{\"@type\":\"WebPage\",\"@id\":\"https:\/\/ledsolintel.com\/product\/plafon-led-lua-90cm-70w-cct-regulable-de-roblan\/\",\"url\":\"https:\/\/ledsolintel.com\/product\/plafon-led-lua-90cm-70w-cct-regulable-de-roblan\/\",\"name\":\"Plaf\u00f3n LED LUA 90cm 70W CCT regulable de Roblan\",\"isPartOf\":{\"@id\":\"https:\/\/ledsolintel.com\/#website\"},\"primaryImageOfPage\":{\"@id\":\"https:\/\/ledsolintel.com\/product\/plafon-led-lua-90cm-70w-cct-regulable-de-roblan\/#primaryimage\"},\"image\":{\"@id\":\"https:\/\/ledsolintel.com\/product\/plafon-led-lua-90cm-70w-cct-regulable-de-roblan\/#primaryimage\"},\"thumbnailUrl\":\"https:\/\/ledsolintel.com\/wp-content\/uploads\/2023\/05\/20478-Plafon-LED-LUA-60cm-CCT-regulable-de-Roblan.jpg\",\"datePublished\":\"2023-05-11T12:12:57+00:00\",\"description\":\"Plaf\u00f3n LED LUA 90 cm de Roblan. 70W. Luz suave, sin deslumbramiento. Oficinas iluminaci\u00f3n comercial y estancias amplias. Instalaci\u00f3n en superficie o suspendida.\",\"breadcrumb\":{\"@id\":\"https:\/\/ledsolintel.com\/product\/plafon-led-lua-90cm-70w-cct-regulable-de-roblan\/#breadcrumb\"},\"inLanguage\":\"fr-FR\",\"potentialAction\":[{\"@type\":\"ReadAction\",\"target\":[\"https:\/\/ledsolintel.com\/product\/plafon-led-lua-90cm-70w-cct-regulable-de-roblan\/\"]}]},{\"@type\":\"ImageObject\",\"inLanguage\":\"fr-FR\",\"@id\":\"https:\/\/ledsolintel.com\/product\/plafon-led-lua-90cm-70w-cct-regulable-de-roblan\/#primaryimage\",\"url\":\"https:\/\/ledsolintel.com\/wp-content\/uploads\/2023\/05\/20478-Plafon-LED-LUA-60cm-CCT-regulable-de-Roblan.jpg\",\"contentUrl\":\"https:\/\/ledsolintel.com\/wp-content\/uploads\/2023\/05\/20478-Plafon-LED-LUA-60cm-CCT-regulable-de-Roblan.jpg\",\"caption\":\"Plaf\u00f3n LED LUA 60cm CCT regulable de Roblan\"},{\"@type\":\"BreadcrumbList\",\"@id\":\"https:\/\/ledsolintel.com\/product\/plafon-led-lua-90cm-70w-cct-regulable-de-roblan\/#breadcrumb\",\"itemListElement\":[{\"@type\":\"ListItem\",\"position\":1,\"name\":\"Portada\",\"item\":\"https:\/\/ledsolintel.com\/fr\/\"},{\"@type\":\"ListItem\",\"position\":2,\"name\":\"Tienda\",\"item\":\"https:\/\/ledsolintel.com\/tienda\/\"},{\"@type\":\"ListItem\",\"position\":3,\"name\":\"Plaf\u00f3n LED LUA 90cm 70W CCT regulable de Roblan\"}]},{\"@type\":\"WebSite\",\"@id\":\"https:\/\/ledsolintel.com\/#website\",\"url\":\"https:\/\/ledsolintel.com\/\",\"name\":\"Webmenaje\",\"description\":\"Tienda de bombillas y l\u00e1mparas LED para profesionales\",\"publisher\":{\"@id\":\"https:\/\/ledsolintel.com\/#organization\"},\"potentialAction\":[{\"@type\":\"SearchAction\",\"target\":{\"@type\":\"EntryPoint\",\"urlTemplate\":\"https:\/\/ledsolintel.com\/?s={search_term_string}\"},\"query-input\":{\"@type\":\"PropertyValueSpecification\",\"valueRequired\":true,\"valueName\":\"search_term_string\"}}],\"inLanguage\":\"fr-FR\"},{\"@type\":\"Organization\",\"@id\":\"https:\/\/ledsolintel.com\/#organization\",\"name\":\"Solintel Noroeste, S.L.\",\"url\":\"https:\/\/ledsolintel.com\/\",\"logo\":{\"@type\":\"ImageObject\",\"inLanguage\":\"fr-FR\",\"@id\":\"https:\/\/ledsolintel.com\/#\/schema\/logo\/image\/\",\"url\":\"https:\/\/ledsolintel.com\/wp-content\/uploads\/2024\/11\/webmenaje-logo-1508269066.jpg\",\"contentUrl\":\"https:\/\/ledsolintel.com\/wp-content\/uploads\/2024\/11\/webmenaje-logo-1508269066.jpg\",\"width\":370,\"height\":90,\"caption\":\"Solintel Noroeste, S.L.\"},\"image\":{\"@id\":\"https:\/\/ledsolintel.com\/#\/schema\/logo\/image\/\"},\"sameAs\":[\"http:\/\/www.facebook.com\/webmenaje\",\"https:\/\/x.com\/webmenaje\",\"https:\/\/www.youtube.com\/channel\/UCX2KoVoeCG4LocZjUc6LmSQ\",\"http:\/\/www.pinterest.com\/webmenaje\"]}]}<\/script>\n<!-- \/ Yoast SEO plugin. -->","yoast_head_json":{"title":"Roblan Lampe de plafond LED LUA 90cm 70W dimmable CCT","description":"Plaf\u00f3n LED LUA 90 cm de Roblan. 70W. Luz suave, sin deslumbramiento. Oficinas iluminaci\u00f3n comercial y estancias amplias. Instalaci\u00f3n en superficie o suspendida.","robots":{"index":"index","follow":"follow","max-snippet":"max-snippet:-1","max-image-preview":"max-image-preview:large","max-video-preview":"max-video-preview:-1"},"canonical":"https:\/\/ledsolintel.com\/fr\/produit-2\/plafon-led-lua-90cm-70w-cct-regulable-de-roblan\/","og_locale":"fr_FR","og_type":"article","og_title":"Plaf\u00f3n LED LUA 90cm 70W CCT regulable de Roblan","og_description":"Plaf\u00f3n LED LUA 90 cm de Roblan. 70W. Luz suave, sin deslumbramiento. Oficinas iluminaci\u00f3n comercial y estancias amplias. Instalaci\u00f3n en superficie o suspendida.","og_url":"https:\/\/ledsolintel.com\/fr\/produit-2\/plafon-led-lua-90cm-70w-cct-regulable-de-roblan\/","og_site_name":"Ledsolintel","article_publisher":"http:\/\/www.facebook.com\/webmenaje","og_image":[{"url":"https:\/\/ledsolintel.com\/wp-content\/uploads\/2023\/05\/20478-Plafon-LED-LUA-60cm-CCT-regulable-de-Roblan.jpg","width":1,"height":1,"type":"image\/jpeg"}],"twitter_card":"summary_large_image","twitter_site":"@webmenaje","twitter_misc":{"Dur\u00e9e de lecture estim\u00e9e":"1 minute"},"schema":{"@context":"https:\/\/schema.org","@graph":[{"@type":"WebPage","@id":"https:\/\/ledsolintel.com\/product\/plafon-led-lua-90cm-70w-cct-regulable-de-roblan\/","url":"https:\/\/ledsolintel.com\/product\/plafon-led-lua-90cm-70w-cct-regulable-de-roblan\/","name":"Roblan Lampe de plafond LED LUA 90cm 70W dimmable CCT","isPartOf":{"@id":"https:\/\/ledsolintel.com\/#website"},"primaryImageOfPage":{"@id":"https:\/\/ledsolintel.com\/product\/plafon-led-lua-90cm-70w-cct-regulable-de-roblan\/#primaryimage"},"image":{"@id":"https:\/\/ledsolintel.com\/product\/plafon-led-lua-90cm-70w-cct-regulable-de-roblan\/#primaryimage"},"thumbnailUrl":"https:\/\/ledsolintel.com\/wp-content\/uploads\/2023\/05\/20478-Plafon-LED-LUA-60cm-CCT-regulable-de-Roblan.jpg","datePublished":"2023-05-11T12:12:57+00:00","description":"Plaf\u00f3n LED LUA 90 cm de Roblan. 70W. Luz suave, sin deslumbramiento. Oficinas iluminaci\u00f3n comercial y estancias amplias. Instalaci\u00f3n en superficie o suspendida.","breadcrumb":{"@id":"https:\/\/ledsolintel.com\/product\/plafon-led-lua-90cm-70w-cct-regulable-de-roblan\/#breadcrumb"},"inLanguage":"fr-FR","potentialAction":[{"@type":"ReadAction","target":["https:\/\/ledsolintel.com\/product\/plafon-led-lua-90cm-70w-cct-regulable-de-roblan\/"]}]},{"@type":"ImageObject","inLanguage":"fr-FR","@id":"https:\/\/ledsolintel.com\/product\/plafon-led-lua-90cm-70w-cct-regulable-de-roblan\/#primaryimage","url":"https:\/\/ledsolintel.com\/wp-content\/uploads\/2023\/05\/20478-Plafon-LED-LUA-60cm-CCT-regulable-de-Roblan.jpg","contentUrl":"https:\/\/ledsolintel.com\/wp-content\/uploads\/2023\/05\/20478-Plafon-LED-LUA-60cm-CCT-regulable-de-Roblan.jpg","caption":"Plaf\u00f3n LED LUA 60cm CCT regulable de Roblan"},{"@type":"BreadcrumbList","@id":"https:\/\/ledsolintel.com\/product\/plafon-led-lua-90cm-70w-cct-regulable-de-roblan\/#breadcrumb","itemListElement":[{"@type":"ListItem","position":1,"name":"Portada","item":"https:\/\/ledsolintel.com\/fr\/"},{"@type":"ListItem","position":2,"name":"Tienda","item":"https:\/\/ledsolintel.com\/tienda\/"},{"@type":"ListItem","position":3,"name":"Plaf\u00f3n LED LUA 90cm 70W CCT regulable de Roblan"}]},{"@type":"WebSite","@id":"https:\/\/ledsolintel.com\/#website","url":"https:\/\/ledsolintel.com\/","name":"Webmenaje","description":"Magasin d'ampoules et de lampes LED pour les professionnels","publisher":{"@id":"https:\/\/ledsolintel.com\/#organization"},"potentialAction":[{"@type":"SearchAction","target":{"@type":"EntryPoint","urlTemplate":"https:\/\/ledsolintel.com\/?s={search_term_string}"},"query-input":{"@type":"PropertyValueSpecification","valueRequired":true,"valueName":"search_term_string"}}],"inLanguage":"fr-FR"},{"@type":"Organization","@id":"https:\/\/ledsolintel.com\/#organization","name":"Solintel Noroeste, S.L.","url":"https:\/\/ledsolintel.com\/","logo":{"@type":"ImageObject","inLanguage":"fr-FR","@id":"https:\/\/ledsolintel.com\/#\/schema\/logo\/image\/","url":"https:\/\/ledsolintel.com\/wp-content\/uploads\/2024\/11\/webmenaje-logo-1508269066.jpg","contentUrl":"https:\/\/ledsolintel.com\/wp-content\/uploads\/2024\/11\/webmenaje-logo-1508269066.jpg","width":370,"height":90,"caption":"Solintel Noroeste, S.L."},"image":{"@id":"https:\/\/ledsolintel.com\/#\/schema\/logo\/image\/"},"sameAs":["http:\/\/www.facebook.com\/webmenaje","https:\/\/x.com\/webmenaje","https:\/\/www.youtube.com\/channel\/UCX2KoVoeCG4LocZjUc6LmSQ","http:\/\/www.pinterest.com\/webmenaje"]}]}},"_links":{"self":[{"href":"https:\/\/ledsolintel.com\/fr\/wp-json\/wp\/v2\/product\/246489","targetHints":{"allow":["GET"]}}],"collection":[{"href":"https:\/\/ledsolintel.com\/fr\/wp-json\/wp\/v2\/product"}],"about":[{"href":"https:\/\/ledsolintel.com\/fr\/wp-json\/wp\/v2\/types\/product"}],"version-history":[{"count":0,"href":"https:\/\/ledsolintel.com\/fr\/wp-json\/wp\/v2\/product\/246489\/revisions"}],"wp:featuredmedia":[{"embeddable":true,"href":"https:\/\/ledsolintel.com\/fr\/wp-json\/wp\/v2\/media\/246488"}],"wp:attachment":[{"href":"https:\/\/ledsolintel.com\/fr\/wp-json\/wp\/v2\/media?parent=246489"}],"wp:term":[{"taxonomy":"product_brand","embeddable":true,"href":"https:\/\/ledsolintel.com\/fr\/wp-json\/wp\/v2\/product_brand?post=246489"},{"taxonomy":"product_cat","embeddable":true,"href":"https:\/\/ledsolintel.com\/fr\/wp-json\/wp\/v2\/product_cat?post=246489"},{"taxonomy":"product_tag","embeddable":true,"href":"https:\/\/ledsolintel.com\/fr\/wp-json\/wp\/v2\/product_tag?post=246489"}],"curies":[{"name":"wp","href":"https:\/\/api.w.org\/{rel}","templated":true}]}}